{"id":14326,"date":"2021-11-26T16:36:22","date_gmt":"2021-11-26T16:36:22","guid":{"rendered":"https:\/\/bobimarket.pl\/?page_id=14326"},"modified":"2022-06-18T16:24:47","modified_gmt":"2022-06-18T16:24:47","slug":"zwroty","status":"publish","type":"page","link":"https:\/\/bobimarket.pl\/index.php\/zwroty\/","title":{"rendered":"Zwroty"},"content":{"rendered":"\t\t<div data-elementor-type=\"wp-page\" data-elementor-id=\"14326\" class=\"elementor elementor-14326\" data-elementor-settings=\"[]\">\n\t\t\t\t\t\t\t<div class=\"elementor-section-wrap\">\n\t\t\t\t\t\t\t<section class=\"elementor-section elementor-top-section elementor-element elementor-element-2a933c1f elementor-section-stretched elementor-section-boxed elementor-section-height-default elementor-section-height-default\" data-id=\"2a933c1f\" data-element_type=\"section\" data-settings=\"{&quot;stretch_section&quot;:&quot;section-stretched&quot;,&quot;background_background&quot;:&quot;classic&quot;}\">\n\t\t\t\t\t\t<div class=\"elementor-container elementor-column-gap-default\">\n\t\t\t\t\t<div class=\"elementor-column elementor-col-50 elementor-top-column elementor-element elementor-element-4e460768\" data-id=\"4e460768\" data-element_type=\"column\">\n\t\t\t<div class=\"elementor-widget-wrap elementor-element-populated\">\n\t\t\t\t\t\t\t\t<div class=\"elementor-element elementor-element-49a91da6 elementor-widget elementor-widget-heading\" data-id=\"49a91da6\" data-element_type=\"widget\" data-widget_type=\"heading.default\">\n\t\t\t\t<div class=\"elementor-widget-container\">\n\t\t\t<style>\/*! elementor - v3.5.6 - 28-02-2022 *\/\n.elementor-heading-title{padding:0;margin:0;line-height:1}.elementor-widget-heading .elementor-heading-title[class*=elementor-size-]>a{color:inherit;font-size:inherit;line-height:inherit}.elementor-widget-heading .elementor-heading-title.elementor-size-small{font-size:15px}.elementor-widget-heading .elementor-heading-title.elementor-size-medium{font-size:19px}.elementor-widget-heading .elementor-heading-title.elementor-size-large{font-size:29px}.elementor-widget-heading .elementor-heading-title.elementor-size-xl{font-size:39px}.elementor-widget-heading .elementor-heading-title.elementor-size-xxl{font-size:59px}<\/style><h4 class=\"elementor-heading-title elementor-size-default\">Wiemy, \u017ce to nic przyjemnego, dlatego postaramy si\u0119 to u\u0142atwi\u0107. <br>Zwrot produkt\u00f3w jest mo\u017cliwy w ci\u0105gu 14 dni od daty dostarczenia przesy\u0142ki.<\/h4>\t\t<\/div>\n\t\t\t\t<\/div>\n\t\t\t\t<div class=\"elementor-element elementor-element-33a473e0 elementor-widget elementor-widget-text-editor\" data-id=\"33a473e0\" data-element_type=\"widget\" data-widget_type=\"text-editor.default\">\n\t\t\t\t<div class=\"elementor-widget-container\">\n\t\t\t<style>\/*! elementor - v3.5.6 - 28-02-2022 *\/\n.elementor-widget-text-editor.elementor-drop-cap-view-stacked .elementor-drop-cap{background-color:#818a91;color:#fff}.elementor-widget-text-editor.elementor-drop-cap-view-framed .elementor-drop-cap{color:#818a91;border:3px solid;background-color:transparent}.elementor-widget-text-editor:not(.elementor-drop-cap-view-default) .elementor-drop-cap{margin-top:8px}.elementor-widget-text-editor:not(.elementor-drop-cap-view-default) .elementor-drop-cap-letter{width:1em;height:1em}.elementor-widget-text-editor .elementor-drop-cap{float:left;text-align:center;line-height:1;font-size:50px}.elementor-widget-text-editor .elementor-drop-cap-letter{display:inline-block}<\/style>\t\t\t\t<h4>Aby zwr\u00f3ci\u0107 produkt post\u0119puj krok po kroku zgodnie z poni\u017csz\u0105 instrukcj\u0105:<\/h4>\n<p>&nbsp;<\/p>\n<ul>\n<li>\n<p><strong>Przygotuj produkty do zwrotu.<\/strong><\/p>\n<\/li>\n<li>\n<p><strong>Wype\u0142nij formularz zwrotu i do\u0142\u0105cz go do paczki ze zwracanymi produktami.<\/strong><\/p>\n<\/li>\n<li>\n<p><strong>Ode\u015blij przesy\u0142k\u0119 na nasz adres:<\/strong><\/p>\n<\/li>\n<\/ul>\n<h4><strong>F.H. \u201eBOBI\u201d Tomasz Tomal<\/strong><br \/><strong>Ul. Sportowa 45<\/strong><br \/><strong>32-040 \u015awi\u0105tniki G\u00f3rne<\/strong><br \/><strong>Tel. 690113315<\/strong><br \/><br \/><\/h4><br>\n<h4>Informacje na temat zwrotu \u015brodk\u00f3w:<\/h4>\n<ul><br>\n<li><strong>Je\u015bli zam\u00f3wienie op\u0142acono przez internet, to zwrot pieni\u0119dzy wykonamy na rachunek, z kt\u00f3rego zosta\u0142o op\u0142acone zam\u00f3wienie<\/strong><\/li>\n<li><strong>Je\u015bli zam\u00f3wienie op\u0142acono za pobraniem to zwrot nast\u0105pi na numer rachunku bankowego, kt\u00f3ry zosta\u0142 umieszczony w formularzu zwrotu.<\/strong><\/li>\n<\/ul>\n<p>&nbsp;<\/p>\n<h4>Kilka wa\u017cnych informacji:<\/h4>\n<p>&nbsp;<\/p>\n<ul>\n<li><strong>Pami\u0119taj, aby odpowiednio zabezpieczy\u0107 paczk\u0119, tak aby nie uleg\u0142a uszkodzeniu w transporcie. <\/strong><\/li>\n<li><strong>Dodatkowo nie naklejaj etykiet na oryginalnym opakowaniu produktu.<\/strong><\/li>\n<li><strong>Koszt zwrotu zam\u00f3wienia do sklepu ponosi kupuj\u0105cy. <\/strong><\/li>\n<li><strong>Nie przyjmujemy paczek wys\u0142anych za pobraniem.<\/strong><\/li>\n<\/ul>\t\t\t\t\t\t<\/div>\n\t\t\t\t<\/div>\n\t\t\t\t<div class=\"elementor-element elementor-element-d85a709 elementor-widget elementor-widget-heading\" data-id=\"d85a709\" data-element_type=\"widget\" data-widget_type=\"heading.default\">\n\t\t\t\t<div class=\"elementor-widget-container\">\n\t\t\t<h4 class=\"elementor-heading-title elementor-size-default\">FORMULARZ DO POBRANIA<\/h4>\t\t<\/div>\n\t\t\t\t<\/div>\n\t\t\t\t\t<\/div>\n\t\t<\/div>\n\t\t\t\t<div class=\"elementor-column elementor-col-50 elementor-top-column elementor-element elementor-element-51c0e794\" data-id=\"51c0e794\" data-element_type=\"column\">\n\t\t\t<div class=\"elementor-widget-wrap elementor-element-populated\">\n\t\t\t\t\t\t\t\t<div class=\"elementor-element elementor-element-6122563 elementor-widget elementor-widget-image\" data-id=\"6122563\" data-element_type=\"widget\" data-widget_type=\"image.default\">\n\t\t\t\t<div class=\"elementor-widget-container\">\n\t\t\t<style>\/*! elementor - v3.5.6 - 28-02-2022 *\/\n.elementor-widget-image{text-align:center}.elementor-widget-image a{display:inline-block}.elementor-widget-image a img[src$=\".svg\"]{width:48px}.elementor-widget-image img{vertical-align:middle;display:inline-block}<\/style>\t\t\t\t\t\t\t\t\t\t\t\t<img decoding=\"async\" width=\"564\" height=\"533\" src=\"https:\/\/bobimarket.pl\/wp-content\/uploads\/2022\/06\/Return_180ab8c0-d672-4d51-a6fd-01d6d7ee5509.png.webp\" class=\"attachment-large size-large\" alt=\"Zwrot\" loading=\"lazy\" srcset=\"https:\/\/bobimarket.pl\/wp-content\/uploads\/2022\/06\/Return_180ab8c0-d672-4d51-a6fd-01d6d7ee5509.png.webp 564w, https:\/\/bobimarket.pl\/wp-content\/uploads\/2022\/06\/Return_180ab8c0-d672-4d51-a6fd-01d6d7ee5509.png-300x284.webp 300w, https:\/\/bobimarket.pl\/wp-content\/uploads\/2022\/06\/Return_180ab8c0-d672-4d51-a6fd-01d6d7ee5509.png-200x189.webp 200w, https:\/\/bobimarket.pl\/wp-content\/uploads\/2022\/06\/Return_180ab8c0-d672-4d51-a6fd-01d6d7ee5509.png-64x60.webp 64w\" sizes=\"(max-width: 564px) 100vw, 564px\" \/>\t\t\t\t\t\t\t\t\t\t\t\t\t\t\t<\/div>\n\t\t\t\t<\/div>\n\t\t\t\t\t<\/div>\n\t\t<\/div>\n\t\t\t\t\t\t\t<\/div>\n\t\t<\/section>\n\t\t\t\t\t\t<\/div>\n\t\t\t\t\t<\/div>\n\t\t","protected":false},"excerpt":{"rendered":"<p>Wiemy, \u017ce to nic przyjemnego, dlatego postaramy si\u0119 to u\u0142atwi\u0107. Zwrot produkt\u00f3w jest mo\u017cliwy w ci\u0105gu 14 dni od daty dostarczenia przesy\u0142ki. Aby zwr\u00f3ci\u0107 produkt post\u0119puj krok po kroku zgodnie z poni\u017csz\u0105 instrukcj\u0105: &nbsp; Przygotuj produkty do zwrotu. Wype\u0142nij formularz zwrotu i do\u0142\u0105cz go do paczki ze zwracanymi produktami. Ode\u015blij przesy\u0142k\u0119 na nasz adres: F.H.<br \/><a class=\"more-link\" href=\"https:\/\/bobimarket.pl\/index.php\/zwroty\/\"><br \/>\n        Czytaj wi\u0119cej<span class=\"screen-reader-text\"> &#8222;Zwroty&#8221;<\/span><\/a><\/p>\n","protected":false},"author":1,"featured_media":0,"parent":0,"menu_order":0,"comment_status":"closed","ping_status":"closed","template":"","meta":[],"yoast_head":"<!-- This site is optimized with the Yoast SEO plugin v21.0 - https:\/\/yoast.com\/wordpress\/plugins\/seo\/ -->\n<title>Zwroty - BOBIMARKET.pl - Remontuj i urz\u0105dzaj z nami<\/title>\n<meta name=\"description\" content=\"Zajmujemy si\u0119 handlem detalicznym i hurtowym. W naszej ofercie znajduj\u0105 si\u0119 narz\u0119dzia r\u0119czne, budowlane, akcesoria meblowe oraz r\u00f3\u017cnego rodzaju artyku\u0142y metalowe. Dodatkowo oferujemy szerok\u0105 gama pojemnik\u00f3w na \u017cywno\u015b\u0107 i do przechowywania oraz inne akcesoria kuchenne i ogrodowe.\" \/>\n<meta name=\"robots\" content=\"index, follow, max-snippet:-1, max-image-preview:large, max-video-preview:-1\" \/>\n<link rel=\"canonical\" href=\"https:\/\/bobimarket.pl\/index.php\/zwroty\/\" \/>\n<meta property=\"og:locale\" content=\"pl_PL\" \/>\n<meta property=\"og:type\" content=\"article\" \/>\n<meta property=\"og:title\" content=\"Zwroty - BOBIMARKET.pl - Remontuj i urz\u0105dzaj z nami\" \/>\n<meta property=\"og:description\" content=\"Zajmujemy si\u0119 handlem detalicznym i hurtowym. W naszej ofercie znajduj\u0105 si\u0119 narz\u0119dzia r\u0119czne, budowlane, akcesoria meblowe oraz r\u00f3\u017cnego rodzaju artyku\u0142y metalowe. Dodatkowo oferujemy szerok\u0105 gama pojemnik\u00f3w na \u017cywno\u015b\u0107 i do przechowywania oraz inne akcesoria kuchenne i ogrodowe.\" \/>\n<meta property=\"og:url\" content=\"https:\/\/bobimarket.pl\/index.php\/zwroty\/\" \/>\n<meta property=\"og:site_name\" content=\"BOBIMARKET.pl - Remontuj i urz\u0105dzaj z nami\" \/>\n<meta property=\"article:modified_time\" content=\"2022-06-18T16:24:47+00:00\" \/>\n<meta property=\"og:image\" content=\"https:\/\/bobimarket.pl\/wp-content\/uploads\/2022\/06\/Return_180ab8c0-d672-4d51-a6fd-01d6d7ee5509.png.webp\" \/>\n<meta name=\"twitter:card\" content=\"summary_large_image\" \/>\n<meta name=\"twitter:label1\" content=\"Szacowany czas czytania\" \/>\n\t<meta name=\"twitter:data1\" content=\"2 minuty\" \/>\n<script type=\"application\/ld+json\" class=\"yoast-schema-graph\">{\"@context\":\"https:\/\/schema.org\",\"@graph\":[{\"@type\":\"WebPage\",\"@id\":\"https:\/\/bobimarket.pl\/index.php\/zwroty\/\",\"url\":\"https:\/\/bobimarket.pl\/index.php\/zwroty\/\",\"name\":\"Zwroty - BOBIMARKET.pl - Remontuj i urz\u0105dzaj z nami\",\"isPartOf\":{\"@id\":\"https:\/\/bobimarket.pl\/#website\"},\"datePublished\":\"2021-11-26T16:36:22+00:00\",\"dateModified\":\"2022-06-18T16:24:47+00:00\",\"description\":\"Zajmujemy si\u0119 handlem detalicznym i hurtowym. W naszej ofercie znajduj\u0105 si\u0119 narz\u0119dzia r\u0119czne, budowlane, akcesoria meblowe oraz r\u00f3\u017cnego rodzaju artyku\u0142y metalowe. Dodatkowo oferujemy szerok\u0105 gama pojemnik\u00f3w na \u017cywno\u015b\u0107 i do przechowywania oraz inne akcesoria kuchenne i ogrodowe.\",\"breadcrumb\":{\"@id\":\"https:\/\/bobimarket.pl\/index.php\/zwroty\/#breadcrumb\"},\"inLanguage\":\"pl-PL\",\"potentialAction\":[{\"@type\":\"ReadAction\",\"target\":[\"https:\/\/bobimarket.pl\/index.php\/zwroty\/\"]}]},{\"@type\":\"BreadcrumbList\",\"@id\":\"https:\/\/bobimarket.pl\/index.php\/zwroty\/#breadcrumb\",\"itemListElement\":[{\"@type\":\"ListItem\",\"position\":1,\"name\":\"Strona g\u0142\u00f3wna\",\"item\":\"https:\/\/bobimarket.pl\/\"},{\"@type\":\"ListItem\",\"position\":2,\"name\":\"Zwroty\"}]},{\"@type\":\"WebSite\",\"@id\":\"https:\/\/bobimarket.pl\/#website\",\"url\":\"https:\/\/bobimarket.pl\/\",\"name\":\"BOBIMARKET.pl - Remontuj i urz\u0105dzaj z nami\",\"description\":\"Remontuj i urz\u0105dzaj z nami\",\"publisher\":{\"@id\":\"https:\/\/bobimarket.pl\/#organization\"},\"potentialAction\":[{\"@type\":\"SearchAction\",\"target\":{\"@type\":\"EntryPoint\",\"urlTemplate\":\"https:\/\/bobimarket.pl\/?s={search_term_string}\"},\"query-input\":\"required name=search_term_string\"}],\"inLanguage\":\"pl-PL\"},{\"@type\":\"Organization\",\"@id\":\"https:\/\/bobimarket.pl\/#organization\",\"name\":\"BOBIMARKET.pl\",\"url\":\"https:\/\/bobimarket.pl\/\",\"logo\":{\"@type\":\"ImageObject\",\"inLanguage\":\"pl-PL\",\"@id\":\"https:\/\/bobimarket.pl\/#\/schema\/logo\/image\/\",\"url\":\"https:\/\/bobimarket.pl\/wp-content\/uploads\/2021\/11\/slogan.png\",\"contentUrl\":\"https:\/\/bobimarket.pl\/wp-content\/uploads\/2021\/11\/slogan.png\",\"width\":2000,\"height\":384,\"caption\":\"BOBIMARKET.pl\"},\"image\":{\"@id\":\"https:\/\/bobimarket.pl\/#\/schema\/logo\/image\/\"}}]}<\/script>\n<!-- \/ Yoast SEO plugin. -->","yoast_head_json":{"title":"Zwroty - BOBIMARKET.pl - Remontuj i urz\u0105dzaj z nami","description":"Zajmujemy si\u0119 handlem detalicznym i hurtowym. W naszej ofercie znajduj\u0105 si\u0119 narz\u0119dzia r\u0119czne, budowlane, akcesoria meblowe oraz r\u00f3\u017cnego rodzaju artyku\u0142y metalowe. Dodatkowo oferujemy szerok\u0105 gama pojemnik\u00f3w na \u017cywno\u015b\u0107 i do przechowywania oraz inne akcesoria kuchenne i ogrodowe.","robots":{"index":"index","follow":"follow","max-snippet":"max-snippet:-1","max-image-preview":"max-image-preview:large","max-video-preview":"max-video-preview:-1"},"canonical":"https:\/\/bobimarket.pl\/index.php\/zwroty\/","og_locale":"pl_PL","og_type":"article","og_title":"Zwroty - BOBIMARKET.pl - Remontuj i urz\u0105dzaj z nami","og_description":"Zajmujemy si\u0119 handlem detalicznym i hurtowym. W naszej ofercie znajduj\u0105 si\u0119 narz\u0119dzia r\u0119czne, budowlane, akcesoria meblowe oraz r\u00f3\u017cnego rodzaju artyku\u0142y metalowe. Dodatkowo oferujemy szerok\u0105 gama pojemnik\u00f3w na \u017cywno\u015b\u0107 i do przechowywania oraz inne akcesoria kuchenne i ogrodowe.","og_url":"https:\/\/bobimarket.pl\/index.php\/zwroty\/","og_site_name":"BOBIMARKET.pl - Remontuj i urz\u0105dzaj z nami","article_modified_time":"2022-06-18T16:24:47+00:00","og_image":[{"url":"https:\/\/bobimarket.pl\/wp-content\/uploads\/2022\/06\/Return_180ab8c0-d672-4d51-a6fd-01d6d7ee5509.png.webp"}],"twitter_card":"summary_large_image","twitter_misc":{"Szacowany czas czytania":"2 minuty"},"schema":{"@context":"https:\/\/schema.org","@graph":[{"@type":"WebPage","@id":"https:\/\/bobimarket.pl\/index.php\/zwroty\/","url":"https:\/\/bobimarket.pl\/index.php\/zwroty\/","name":"Zwroty - BOBIMARKET.pl - Remontuj i urz\u0105dzaj z nami","isPartOf":{"@id":"https:\/\/bobimarket.pl\/#website"},"datePublished":"2021-11-26T16:36:22+00:00","dateModified":"2022-06-18T16:24:47+00:00","description":"Zajmujemy si\u0119 handlem detalicznym i hurtowym. W naszej ofercie znajduj\u0105 si\u0119 narz\u0119dzia r\u0119czne, budowlane, akcesoria meblowe oraz r\u00f3\u017cnego rodzaju artyku\u0142y metalowe. Dodatkowo oferujemy szerok\u0105 gama pojemnik\u00f3w na \u017cywno\u015b\u0107 i do przechowywania oraz inne akcesoria kuchenne i ogrodowe.","breadcrumb":{"@id":"https:\/\/bobimarket.pl\/index.php\/zwroty\/#breadcrumb"},"inLanguage":"pl-PL","potentialAction":[{"@type":"ReadAction","target":["https:\/\/bobimarket.pl\/index.php\/zwroty\/"]}]},{"@type":"BreadcrumbList","@id":"https:\/\/bobimarket.pl\/index.php\/zwroty\/#breadcrumb","itemListElement":[{"@type":"ListItem","position":1,"name":"Strona g\u0142\u00f3wna","item":"https:\/\/bobimarket.pl\/"},{"@type":"ListItem","position":2,"name":"Zwroty"}]},{"@type":"WebSite","@id":"https:\/\/bobimarket.pl\/#website","url":"https:\/\/bobimarket.pl\/","name":"BOBIMARKET.pl - Remontuj i urz\u0105dzaj z nami","description":"Remontuj i urz\u0105dzaj z nami","publisher":{"@id":"https:\/\/bobimarket.pl\/#organization"},"potentialAction":[{"@type":"SearchAction","target":{"@type":"EntryPoint","urlTemplate":"https:\/\/bobimarket.pl\/?s={search_term_string}"},"query-input":"required name=search_term_string"}],"inLanguage":"pl-PL"},{"@type":"Organization","@id":"https:\/\/bobimarket.pl\/#organization","name":"BOBIMARKET.pl","url":"https:\/\/bobimarket.pl\/","logo":{"@type":"ImageObject","inLanguage":"pl-PL","@id":"https:\/\/bobimarket.pl\/#\/schema\/logo\/image\/","url":"https:\/\/bobimarket.pl\/wp-content\/uploads\/2021\/11\/slogan.png","contentUrl":"https:\/\/bobimarket.pl\/wp-content\/uploads\/2021\/11\/slogan.png","width":2000,"height":384,"caption":"BOBIMARKET.pl"},"image":{"@id":"https:\/\/bobimarket.pl\/#\/schema\/logo\/image\/"}}]}},"_links":{"self":[{"href":"https:\/\/bobimarket.pl\/index.php\/wp-json\/wp\/v2\/pages\/14326"}],"collection":[{"href":"https:\/\/bobimarket.pl\/index.php\/wp-json\/wp\/v2\/pages"}],"about":[{"href":"https:\/\/bobimarket.pl\/index.php\/wp-json\/wp\/v2\/types\/page"}],"author":[{"embeddable":true,"href":"https:\/\/bobimarket.pl\/index.php\/wp-json\/wp\/v2\/users\/1"}],"replies":[{"embeddable":true,"href":"https:\/\/bobimarket.pl\/index.php\/wp-json\/wp\/v2\/comments?post=14326"}],"version-history":[{"count":4,"href":"https:\/\/bobimarket.pl\/index.php\/wp-json\/wp\/v2\/pages\/14326\/revisions"}],"predecessor-version":[{"id":55763,"href":"https:\/\/bobimarket.pl\/index.php\/wp-json\/wp\/v2\/pages\/14326\/revisions\/55763"}],"wp:attachment":[{"href":"https:\/\/bobimarket.pl\/index.php\/wp-json\/wp\/v2\/media?parent=14326"}],"curies":[{"name":"wp","href":"https:\/\/api.w.org\/{rel}","templated":true}]}}