{"id":1708,"date":"2017-11-13T17:14:08","date_gmt":"2017-11-13T17:14:08","guid":{"rendered":"http:\/\/partsstore.demo.local\/index.php\/my-account\/"},"modified":"2021-11-22T14:29:24","modified_gmt":"2021-11-22T14:29:24","slug":"my-account","status":"publish","type":"page","link":"https:\/\/bobimarket.pl\/index.php\/my-account\/","title":{"rendered":"Panel Klienta"},"content":{"rendered":"<div class=\"woocommerce\"><\/div>\n","protected":false},"excerpt":{"rendered":"","protected":false},"author":1,"featured_media":0,"parent":0,"menu_order":0,"comment_status":"closed","ping_status":"closed","template":"","meta":[],"yoast_head":"<!-- This site is optimized with the Yoast SEO plugin v21.0 - https:\/\/yoast.com\/wordpress\/plugins\/seo\/ -->\n<title>Panel Klienta - BOBIMARKET.pl - Remontuj i urz\u0105dzaj z nami<\/title>\n<meta name=\"description\" content=\"Zajmujemy si\u0119 handlem detalicznym i hurtowym. W naszej ofercie znajduj\u0105 si\u0119 narz\u0119dzia r\u0119czne, budowlane, akcesoria meblowe oraz r\u00f3\u017cnego rodzaju artyku\u0142y metalowe. Dodatkowo oferujemy szerok\u0105 gama pojemnik\u00f3w na \u017cywno\u015b\u0107 i do przechowywania oraz inne akcesoria kuchenne i ogrodowe.\" \/>\n<meta name=\"robots\" content=\"index, follow, max-snippet:-1, max-image-preview:large, max-video-preview:-1\" \/>\n<link rel=\"canonical\" href=\"https:\/\/bobimarket.pl\/index.php\/my-account\/\" \/>\n<meta property=\"og:locale\" content=\"pl_PL\" \/>\n<meta property=\"og:type\" content=\"article\" \/>\n<meta property=\"og:title\" content=\"Panel Klienta - BOBIMARKET.pl - Remontuj i urz\u0105dzaj z nami\" \/>\n<meta property=\"og:description\" content=\"Zajmujemy si\u0119 handlem detalicznym i hurtowym. W naszej ofercie znajduj\u0105 si\u0119 narz\u0119dzia r\u0119czne, budowlane, akcesoria meblowe oraz r\u00f3\u017cnego rodzaju artyku\u0142y metalowe. Dodatkowo oferujemy szerok\u0105 gama pojemnik\u00f3w na \u017cywno\u015b\u0107 i do przechowywania oraz inne akcesoria kuchenne i ogrodowe.\" \/>\n<meta property=\"og:url\" content=\"https:\/\/bobimarket.pl\/index.php\/my-account\/\" \/>\n<meta property=\"og:site_name\" content=\"BOBIMARKET.pl - Remontuj i urz\u0105dzaj z nami\" \/>\n<meta property=\"article:modified_time\" content=\"2021-11-22T14:29:24+00:00\" \/>\n<meta property=\"og:image\" content=\"https:\/\/bobimarket.pl\/wp-content\/uploads\/2021\/11\/slogan.png\" \/>\n\t<meta property=\"og:image:width\" content=\"2000\" \/>\n\t<meta property=\"og:image:height\" content=\"384\" \/>\n\t<meta property=\"og:image:type\" content=\"image\/png\" \/>\n<meta name=\"twitter:card\" content=\"summary_large_image\" \/>\n<meta name=\"twitter:label1\" content=\"Szacowany czas czytania\" \/>\n\t<meta name=\"twitter:data1\" content=\"1 minuta\" \/>\n<script type=\"application\/ld+json\" class=\"yoast-schema-graph\">{\"@context\":\"https:\/\/schema.org\",\"@graph\":[{\"@type\":\"WebPage\",\"@id\":\"https:\/\/bobimarket.pl\/index.php\/my-account\/\",\"url\":\"https:\/\/bobimarket.pl\/index.php\/my-account\/\",\"name\":\"Panel Klienta - BOBIMARKET.pl - Remontuj i urz\u0105dzaj z nami\",\"isPartOf\":{\"@id\":\"https:\/\/bobimarket.pl\/#website\"},\"datePublished\":\"2017-11-13T17:14:08+00:00\",\"dateModified\":\"2021-11-22T14:29:24+00:00\",\"description\":\"Zajmujemy si\u0119 handlem detalicznym i hurtowym. W naszej ofercie znajduj\u0105 si\u0119 narz\u0119dzia r\u0119czne, budowlane, akcesoria meblowe oraz r\u00f3\u017cnego rodzaju artyku\u0142y metalowe. Dodatkowo oferujemy szerok\u0105 gama pojemnik\u00f3w na \u017cywno\u015b\u0107 i do przechowywania oraz inne akcesoria kuchenne i ogrodowe.\",\"breadcrumb\":{\"@id\":\"https:\/\/bobimarket.pl\/index.php\/my-account\/#breadcrumb\"},\"inLanguage\":\"pl-PL\",\"potentialAction\":[{\"@type\":\"ReadAction\",\"target\":[\"https:\/\/bobimarket.pl\/index.php\/my-account\/\"]}]},{\"@type\":\"BreadcrumbList\",\"@id\":\"https:\/\/bobimarket.pl\/index.php\/my-account\/#breadcrumb\",\"itemListElement\":[{\"@type\":\"ListItem\",\"position\":1,\"name\":\"Strona g\u0142\u00f3wna\",\"item\":\"https:\/\/bobimarket.pl\/\"},{\"@type\":\"ListItem\",\"position\":2,\"name\":\"Panel Klienta\"}]},{\"@type\":\"WebSite\",\"@id\":\"https:\/\/bobimarket.pl\/#website\",\"url\":\"https:\/\/bobimarket.pl\/\",\"name\":\"BOBIMARKET.pl - Remontuj i urz\u0105dzaj z nami\",\"description\":\"Remontuj i urz\u0105dzaj z nami\",\"publisher\":{\"@id\":\"https:\/\/bobimarket.pl\/#organization\"},\"potentialAction\":[{\"@type\":\"SearchAction\",\"target\":{\"@type\":\"EntryPoint\",\"urlTemplate\":\"https:\/\/bobimarket.pl\/?s={search_term_string}\"},\"query-input\":\"required name=search_term_string\"}],\"inLanguage\":\"pl-PL\"},{\"@type\":\"Organization\",\"@id\":\"https:\/\/bobimarket.pl\/#organization\",\"name\":\"BOBIMARKET.pl\",\"url\":\"https:\/\/bobimarket.pl\/\",\"logo\":{\"@type\":\"ImageObject\",\"inLanguage\":\"pl-PL\",\"@id\":\"https:\/\/bobimarket.pl\/#\/schema\/logo\/image\/\",\"url\":\"https:\/\/bobimarket.pl\/wp-content\/uploads\/2021\/11\/slogan.png\",\"contentUrl\":\"https:\/\/bobimarket.pl\/wp-content\/uploads\/2021\/11\/slogan.png\",\"width\":2000,\"height\":384,\"caption\":\"BOBIMARKET.pl\"},\"image\":{\"@id\":\"https:\/\/bobimarket.pl\/#\/schema\/logo\/image\/\"}}]}<\/script>\n<!-- \/ Yoast SEO plugin. -->","yoast_head_json":{"title":"Panel Klienta - BOBIMARKET.pl - Remontuj i urz\u0105dzaj z nami","description":"Zajmujemy si\u0119 handlem detalicznym i hurtowym. W naszej ofercie znajduj\u0105 si\u0119 narz\u0119dzia r\u0119czne, budowlane, akcesoria meblowe oraz r\u00f3\u017cnego rodzaju artyku\u0142y metalowe. Dodatkowo oferujemy szerok\u0105 gama pojemnik\u00f3w na \u017cywno\u015b\u0107 i do przechowywania oraz inne akcesoria kuchenne i ogrodowe.","robots":{"index":"index","follow":"follow","max-snippet":"max-snippet:-1","max-image-preview":"max-image-preview:large","max-video-preview":"max-video-preview:-1"},"canonical":"https:\/\/bobimarket.pl\/index.php\/my-account\/","og_locale":"pl_PL","og_type":"article","og_title":"Panel Klienta - BOBIMARKET.pl - Remontuj i urz\u0105dzaj z nami","og_description":"Zajmujemy si\u0119 handlem detalicznym i hurtowym. W naszej ofercie znajduj\u0105 si\u0119 narz\u0119dzia r\u0119czne, budowlane, akcesoria meblowe oraz r\u00f3\u017cnego rodzaju artyku\u0142y metalowe. Dodatkowo oferujemy szerok\u0105 gama pojemnik\u00f3w na \u017cywno\u015b\u0107 i do przechowywania oraz inne akcesoria kuchenne i ogrodowe.","og_url":"https:\/\/bobimarket.pl\/index.php\/my-account\/","og_site_name":"BOBIMARKET.pl - Remontuj i urz\u0105dzaj z nami","article_modified_time":"2021-11-22T14:29:24+00:00","og_image":[{"width":2000,"height":384,"url":"https:\/\/bobimarket.pl\/wp-content\/uploads\/2021\/11\/slogan.png","type":"image\/png"}],"twitter_card":"summary_large_image","twitter_misc":{"Szacowany czas czytania":"1 minuta"},"schema":{"@context":"https:\/\/schema.org","@graph":[{"@type":"WebPage","@id":"https:\/\/bobimarket.pl\/index.php\/my-account\/","url":"https:\/\/bobimarket.pl\/index.php\/my-account\/","name":"Panel Klienta - BOBIMARKET.pl - Remontuj i urz\u0105dzaj z nami","isPartOf":{"@id":"https:\/\/bobimarket.pl\/#website"},"datePublished":"2017-11-13T17:14:08+00:00","dateModified":"2021-11-22T14:29:24+00:00","description":"Zajmujemy si\u0119 handlem detalicznym i hurtowym. W naszej ofercie znajduj\u0105 si\u0119 narz\u0119dzia r\u0119czne, budowlane, akcesoria meblowe oraz r\u00f3\u017cnego rodzaju artyku\u0142y metalowe. Dodatkowo oferujemy szerok\u0105 gama pojemnik\u00f3w na \u017cywno\u015b\u0107 i do przechowywania oraz inne akcesoria kuchenne i ogrodowe.","breadcrumb":{"@id":"https:\/\/bobimarket.pl\/index.php\/my-account\/#breadcrumb"},"inLanguage":"pl-PL","potentialAction":[{"@type":"ReadAction","target":["https:\/\/bobimarket.pl\/index.php\/my-account\/"]}]},{"@type":"BreadcrumbList","@id":"https:\/\/bobimarket.pl\/index.php\/my-account\/#breadcrumb","itemListElement":[{"@type":"ListItem","position":1,"name":"Strona g\u0142\u00f3wna","item":"https:\/\/bobimarket.pl\/"},{"@type":"ListItem","position":2,"name":"Panel Klienta"}]},{"@type":"WebSite","@id":"https:\/\/bobimarket.pl\/#website","url":"https:\/\/bobimarket.pl\/","name":"BOBIMARKET.pl - Remontuj i urz\u0105dzaj z nami","description":"Remontuj i urz\u0105dzaj z nami","publisher":{"@id":"https:\/\/bobimarket.pl\/#organization"},"potentialAction":[{"@type":"SearchAction","target":{"@type":"EntryPoint","urlTemplate":"https:\/\/bobimarket.pl\/?s={search_term_string}"},"query-input":"required name=search_term_string"}],"inLanguage":"pl-PL"},{"@type":"Organization","@id":"https:\/\/bobimarket.pl\/#organization","name":"BOBIMARKET.pl","url":"https:\/\/bobimarket.pl\/","logo":{"@type":"ImageObject","inLanguage":"pl-PL","@id":"https:\/\/bobimarket.pl\/#\/schema\/logo\/image\/","url":"https:\/\/bobimarket.pl\/wp-content\/uploads\/2021\/11\/slogan.png","contentUrl":"https:\/\/bobimarket.pl\/wp-content\/uploads\/2021\/11\/slogan.png","width":2000,"height":384,"caption":"BOBIMARKET.pl"},"image":{"@id":"https:\/\/bobimarket.pl\/#\/schema\/logo\/image\/"}}]}},"_links":{"self":[{"href":"https:\/\/bobimarket.pl\/index.php\/wp-json\/wp\/v2\/pages\/1708"}],"collection":[{"href":"https:\/\/bobimarket.pl\/index.php\/wp-json\/wp\/v2\/pages"}],"about":[{"href":"https:\/\/bobimarket.pl\/index.php\/wp-json\/wp\/v2\/types\/page"}],"author":[{"embeddable":true,"href":"https:\/\/bobimarket.pl\/index.php\/wp-json\/wp\/v2\/users\/1"}],"replies":[{"embeddable":true,"href":"https:\/\/bobimarket.pl\/index.php\/wp-json\/wp\/v2\/comments?post=1708"}],"version-history":[{"count":0,"href":"https:\/\/bobimarket.pl\/index.php\/wp-json\/wp\/v2\/pages\/1708\/revisions"}],"wp:attachment":[{"href":"https:\/\/bobimarket.pl\/index.php\/wp-json\/wp\/v2\/media?parent=1708"}],"curies":[{"name":"wp","href":"https:\/\/api.w.org\/{rel}","templated":true}]}}