{"id":5,"date":"2010-07-25T19:40:01","date_gmt":"2010-07-26T02:40:01","guid":{"rendered":"http:\/\/wpthemetestdata.wordpress.com\/about\/"},"modified":"2022-05-18T18:33:04","modified_gmt":"2022-05-18T18:33:04","slug":"about","status":"publish","type":"page","link":"https:\/\/bobimarket.pl\/index.php\/about\/","title":{"rendered":"Informacje o nas"},"content":{"rendered":"\t\t<div data-elementor-type=\"wp-post\" data-elementor-id=\"5\" class=\"elementor elementor-5\" data-elementor-settings=\"[]\">\n\t\t\t\t\t\t\t<div class=\"elementor-section-wrap\">\n\t\t\t\t\t\t\t<section class=\"elementor-section elementor-top-section elementor-element elementor-element-e7b4f26 elementor-section-stretched elementor-section-boxed elementor-section-height-default elementor-section-height-default\" data-id=\"e7b4f26\" data-element_type=\"section\" data-settings=\"{&quot;stretch_section&quot;:&quot;section-stretched&quot;,&quot;background_background&quot;:&quot;classic&quot;}\">\n\t\t\t\t\t\t<div class=\"elementor-container elementor-column-gap-default\">\n\t\t\t\t\t<div class=\"elementor-column elementor-col-50 elementor-top-column elementor-element elementor-element-4baad84\" data-id=\"4baad84\" data-element_type=\"column\">\n\t\t\t<div class=\"elementor-widget-wrap elementor-element-populated\">\n\t\t\t\t\t\t\t\t<div class=\"elementor-element elementor-element-92dc553 elementor-widget elementor-widget-heading\" data-id=\"92dc553\" data-element_type=\"widget\" data-widget_type=\"heading.default\">\n\t\t\t\t<div class=\"elementor-widget-container\">\n\t\t\t<style>\/*! elementor - v3.5.6 - 28-02-2022 *\/\n.elementor-heading-title{padding:0;margin:0;line-height:1}.elementor-widget-heading .elementor-heading-title[class*=elementor-size-]>a{color:inherit;font-size:inherit;line-height:inherit}.elementor-widget-heading .elementor-heading-title.elementor-size-small{font-size:15px}.elementor-widget-heading .elementor-heading-title.elementor-size-medium{font-size:19px}.elementor-widget-heading .elementor-heading-title.elementor-size-large{font-size:29px}.elementor-widget-heading .elementor-heading-title.elementor-size-xl{font-size:39px}.elementor-widget-heading .elementor-heading-title.elementor-size-xxl{font-size:59px}<\/style><h3 class=\"elementor-heading-title elementor-size-default\">FIRMA HANDLOWA \"BOBI\" TOMASZ TOMAL<\/h3>\t\t<\/div>\n\t\t\t\t<\/div>\n\t\t\t\t<div class=\"elementor-element elementor-element-c17fa5f elementor-widget elementor-widget-text-editor\" data-id=\"c17fa5f\" data-element_type=\"widget\" data-widget_type=\"text-editor.default\">\n\t\t\t\t<div class=\"elementor-widget-container\">\n\t\t\t<style>\/*! elementor - v3.5.6 - 28-02-2022 *\/\n.elementor-widget-text-editor.elementor-drop-cap-view-stacked .elementor-drop-cap{background-color:#818a91;color:#fff}.elementor-widget-text-editor.elementor-drop-cap-view-framed .elementor-drop-cap{color:#818a91;border:3px solid;background-color:transparent}.elementor-widget-text-editor:not(.elementor-drop-cap-view-default) .elementor-drop-cap{margin-top:8px}.elementor-widget-text-editor:not(.elementor-drop-cap-view-default) .elementor-drop-cap-letter{width:1em;height:1em}.elementor-widget-text-editor .elementor-drop-cap{float:left;text-align:center;line-height:1;font-size:50px}.elementor-widget-text-editor .elementor-drop-cap-letter{display:inline-block}<\/style>\t\t\t\t<p><b>BOBIMARKET<\/b> to pr\u0119\u017cnie rozwijaj\u0105ca si\u0119 firma rodzinna. Zajmujemy si\u0119 handlem detalicznym i hurtowym. W naszej ofercie znajduj\u0105 si\u0119 narz\u0119dzia r\u0119czne, budowlane, akcesoria meblowe oraz r\u00f3\u017cnego rodzaju artyku\u0142y metalowe. Dodatkowo oferujemy szerok\u0105 gama pojemnik\u00f3w na \u017cywno\u015b\u0107 i do przechowywania oraz inne akcesoria kuchenne i ogrodowe. \u00a0<\/p><p>Nasza firma jest dystrybutorem marki GOLDFLEX oraz BEST-TAPES \u00a0Systematycznie poszerzamy asortyment, a wszystkie produkty s\u0105 fabrycznie nowe i oryginalnie zapakowane. Od pocz\u0105tku swojej dzia\u0142alno\u015bci staramy si\u0119 utrzymywa\u0107 dobry kontakt z naszymi klientami.\u00a0<\/p><p>Zale\u017cy nam na tym, aby ka\u017cda transakcja by\u0142a realizowana szybko, a towar spe\u0142nia\u0142 oczekiwania kontrahenta. \u00a0<\/p>\t\t\t\t\t\t<\/div>\n\t\t\t\t<\/div>\n\t\t\t\t<div class=\"elementor-element elementor-element-bda642d elementor-widget elementor-widget-heading\" data-id=\"bda642d\" data-element_type=\"widget\" data-widget_type=\"heading.default\">\n\t\t\t\t<div class=\"elementor-widget-container\">\n\t\t\t<h4 class=\"elementor-heading-title elementor-size-default\">Koniecznie sprawd\u017c nasz\u0105 pe\u0142n\u0105 ofert\u0119!  <\/h4>\t\t<\/div>\n\t\t\t\t<\/div>\n\t\t\t\t<div class=\"elementor-element elementor-element-652f025 elementor-widget elementor-widget-image\" data-id=\"652f025\" data-element_type=\"widget\" data-widget_type=\"image.default\">\n\t\t\t\t<div class=\"elementor-widget-container\">\n\t\t\t<style>\/*! elementor - v3.5.6 - 28-02-2022 *\/\n.elementor-widget-image{text-align:center}.elementor-widget-image a{display:inline-block}.elementor-widget-image a img[src$=\".svg\"]{width:48px}.elementor-widget-image img{vertical-align:middle;display:inline-block}<\/style>\t\t\t\t\t\t\t\t\t\t\t\t<img decoding=\"async\" width=\"1024\" height=\"158\" src=\"https:\/\/bobimarket.pl\/wp-content\/uploads\/2021\/11\/pasek_p\u02c6atno\u02dcci_popularne-1536x237-1-1024x158.png\" class=\"attachment-large size-large\" alt=\"\" loading=\"lazy\" srcset=\"https:\/\/bobimarket.pl\/wp-content\/uploads\/2021\/11\/pasek_p\u02c6atno\u02dcci_popularne-1536x237-1-1024x158.png 1024w, https:\/\/bobimarket.pl\/wp-content\/uploads\/2021\/11\/pasek_p\u02c6atno\u02dcci_popularne-1536x237-1-300x46.png 300w, https:\/\/bobimarket.pl\/wp-content\/uploads\/2021\/11\/pasek_p\u02c6atno\u02dcci_popularne-1536x237-1-200x31.png 200w, https:\/\/bobimarket.pl\/wp-content\/uploads\/2021\/11\/pasek_p\u02c6atno\u02dcci_popularne-1536x237-1-768x119.png 768w, https:\/\/bobimarket.pl\/wp-content\/uploads\/2021\/11\/pasek_p\u02c6atno\u02dcci_popularne-1536x237-1-600x93.png 600w, https:\/\/bobimarket.pl\/wp-content\/uploads\/2021\/11\/pasek_p\u02c6atno\u02dcci_popularne-1536x237-1-64x10.png 64w, https:\/\/bobimarket.pl\/wp-content\/uploads\/2021\/11\/pasek_p\u02c6atno\u02dcci_popularne-1536x237-1.png 1536w\" sizes=\"(max-width: 1024px) 100vw, 1024px\" \/>\t\t\t\t\t\t\t\t\t\t\t\t\t\t\t<\/div>\n\t\t\t\t<\/div>\n\t\t\t\t<div class=\"elementor-element elementor-element-d6016a3 elementor-widget elementor-widget-image\" data-id=\"d6016a3\" data-element_type=\"widget\" data-widget_type=\"image.default\">\n\t\t\t\t<div class=\"elementor-widget-container\">\n\t\t\t\t\t\t\t\t\t\t\t\t\t\t\t<img decoding=\"async\" src=\"http:\/\/chromium.themes.zone\/simple\/wp-content\/uploads\/sites\/2\/2018\/05\/chart2.png\" title=\"\" alt=\"\" \/>\t\t\t\t\t\t\t\t\t\t\t\t\t\t\t<\/div>\n\t\t\t\t<\/div>\n\t\t\t\t\t<\/div>\n\t\t<\/div>\n\t\t\t\t<div class=\"elementor-column elementor-col-50 elementor-top-column elementor-element elementor-element-698fbda\" data-id=\"698fbda\" data-element_type=\"column\">\n\t\t\t<div class=\"elementor-widget-wrap elementor-element-populated\">\n\t\t\t\t\t\t\t\t<div class=\"elementor-element elementor-element-f1cfde2 elementor-widget elementor-widget-heading\" data-id=\"f1cfde2\" data-element_type=\"widget\" data-widget_type=\"heading.default\">\n\t\t\t\t<div class=\"elementor-widget-container\">\n\t\t\t<h3 class=\"elementor-heading-title elementor-size-default\">Cz\u0119sto zadawane pytania:<\/h3>\t\t<\/div>\n\t\t\t\t<\/div>\n\t\t\t\t<div class=\"elementor-element elementor-element-e020873 elementor-widget elementor-widget-text-editor\" data-id=\"e020873\" data-element_type=\"widget\" data-widget_type=\"text-editor.default\">\n\t\t\t\t<div class=\"elementor-widget-container\">\n\t\t\t\t\t\t\t<p><b>Jaki jest termin dor\u0119czenia mojego zam\u00f3wienie ? \u00a0<\/b><\/p><p>Termin dor\u0119czenie zam\u00f3wienie jest zale\u017cny od wybranego sposobu dostawy. Ka\u017cdy z przewo\u017anik\u00f3w, z kt\u00f3rymi wsp\u00f3\u0142pracujemy podaje inny termin w kt\u00f3rym Twoje zam\u00f3wienie zostanie dor\u0119czone. Na ka\u017cdej z aukcji w zak\u0142adce dostawa zosta\u0142 podany przewidywany czas dostawy zam\u00f3wienia, kt\u00f3rym nale\u017cy si\u0119 kierowa\u0107. \u00a0<\/p><p><b>Co zrobi\u0107 je\u017celi przesy\u0142ka nie dotar\u0142a? \u00a0<\/b><\/p><p>Je\u017celi przesy\u0142ka nie zosta\u0142a dor\u0119czona w wyznaczonym terminie, napisz do nas! Postaramy si\u0119 pom\u00f3c w wyja\u015bnieniu tej sytuacji. Wcze\u015bniej, warto jednak skontaktowa\u0107 si\u0119 z firm\u0105 kuriersk\u0105, kt\u00f3ra dor\u0119cza paczk\u0119, poniewa\u017c by\u0107 mo\u017ce zam\u00f3wienie jest w drodze. \u00a0<\/p><p><b>Co zrobi\u0107 je\u017celi produkt jest uszkodzony lub wadliwy ? \u00a0<\/b><\/p><p>Je\u017celi zdarzy\u0142a si\u0119 sytuacja, w kt\u00f3rej dostarczony przez nas produkt jest wadliwy lub uleg\u0142 uszkodzeniu podczas transportu \u2013 skontaktuj si\u0119 z nami telefonicznie lub \u00a0mailowo. Ka\u017cd\u0105 tak\u0105 spraw\u0119 rozpatrujemy indywidulanie i na pewno znajdziemy spos\u00f3b, \u017ceby rozwi\u0105za\u0107 t\u0119 niemi\u0142\u0105 sytuacj\u0119. \u00a0<\/p>\t\t\t\t\t\t<\/div>\n\t\t\t\t<\/div>\n\t\t\t\t\t<\/div>\n\t\t<\/div>\n\t\t\t\t\t\t\t<\/div>\n\t\t<\/section>\n\t\t\t\t<section class=\"elementor-section elementor-top-section elementor-element elementor-element-59377e3 elementor-section-boxed elementor-section-height-default elementor-section-height-default\" data-id=\"59377e3\" data-element_type=\"section\">\n\t\t\t\t\t\t<div class=\"elementor-container elementor-column-gap-default\">\n\t\t\t\t\t<div class=\"elementor-column elementor-col-100 elementor-top-column elementor-element elementor-element-475e9a9\" data-id=\"475e9a9\" data-element_type=\"column\">\n\t\t\t<div class=\"elementor-widget-wrap elementor-element-populated\">\n\t\t\t\t\t\t\t\t<div class=\"elementor-element elementor-element-37cdac1 chromium-title elementor-widget elementor-widget-heading\" data-id=\"37cdac1\" data-element_type=\"widget\" data-widget_type=\"heading.default\">\n\t\t\t\t<div class=\"elementor-widget-container\">\n\t\t\t<h2 class=\"elementor-heading-title elementor-size-default\"><span>NASZE<\/span> LICZBY<\/h2>\t\t<\/div>\n\t\t\t\t<\/div>\n\t\t\t\t\t<\/div>\n\t\t<\/div>\n\t\t\t\t\t\t\t<\/div>\n\t\t<\/section>\n\t\t\t\t<section class=\"elementor-section elementor-top-section elementor-element elementor-element-42aafcb elementor-section-boxed elementor-section-height-default elementor-section-height-default\" data-id=\"42aafcb\" data-element_type=\"section\">\n\t\t\t\t\t\t<div class=\"elementor-container elementor-column-gap-default\">\n\t\t\t\t\t<div class=\"elementor-column elementor-col-16 elementor-top-column elementor-element elementor-element-818303f\" data-id=\"818303f\" data-element_type=\"column\" data-settings=\"{&quot;background_background&quot;:&quot;classic&quot;}\">\n\t\t\t<div class=\"elementor-widget-wrap elementor-element-populated\">\n\t\t\t\t\t\t\t\t<div class=\"elementor-element elementor-element-a789bde left-aligned elementor-view-default elementor-widget elementor-widget-icon\" data-id=\"a789bde\" data-element_type=\"widget\" data-widget_type=\"icon.default\">\n\t\t\t\t<div class=\"elementor-widget-container\">\n\t\t\t\t\t<div class=\"elementor-icon-wrapper\">\n\t\t\t<div class=\"elementor-icon elementor-animation-grow\">\n\t\t\t<i aria-hidden=\"true\" class=\"far fa-thumbs-up\"><\/i>\t\t\t<\/div>\n\t\t<\/div>\n\t\t\t\t<\/div>\n\t\t\t\t<\/div>\n\t\t\t\t\t<\/div>\n\t\t<\/div>\n\t\t\t\t<div class=\"elementor-column elementor-col-16 elementor-top-column elementor-element elementor-element-2a48af4\" data-id=\"2a48af4\" data-element_type=\"column\" data-settings=\"{&quot;background_background&quot;:&quot;classic&quot;}\">\n\t\t\t<div class=\"elementor-widget-wrap elementor-element-populated\">\n\t\t\t\t\t\t\t\t<div class=\"elementor-element elementor-element-e293a9b alignleft elementor-widget elementor-widget-counter\" data-id=\"e293a9b\" data-element_type=\"widget\" data-widget_type=\"counter.default\">\n\t\t\t\t<div class=\"elementor-widget-container\">\n\t\t\t<style>\/*! elementor - v3.5.6 - 28-02-2022 *\/\n.elementor-counter .elementor-counter-number-wrapper{display:-webkit-box;display:-ms-flexbox;display:flex;font-size:69px;font-weight:600;line-height:1}.elementor-counter .elementor-counter-number-prefix,.elementor-counter .elementor-counter-number-suffix{-webkit-box-flex:1;-ms-flex-positive:1;flex-grow:1;white-space:pre-wrap}.elementor-counter .elementor-counter-number-prefix{text-align:right}.elementor-counter .elementor-counter-number-suffix{text-align:left}.elementor-counter .elementor-counter-title{text-align:center;font-size:19px;font-weight:400;line-height:2.5}<\/style>\t\t<div class=\"elementor-counter\">\n\t\t\t<div class=\"elementor-counter-number-wrapper\">\n\t\t\t\t<span class=\"elementor-counter-number-prefix\"><\/span>\n\t\t\t\t<span class=\"elementor-counter-number\" data-duration=\"1200\" data-to-value=\"14000\" data-from-value=\"\"><\/span>\n\t\t\t\t<span class=\"elementor-counter-number-suffix\">+<\/span>\n\t\t\t<\/div>\n\t\t\t\t\t\t\t<div class=\"elementor-counter-title\">Zadowolonych klient\u00f3w<\/div>\n\t\t\t\t\t<\/div>\n\t\t\t\t<\/div>\n\t\t\t\t<\/div>\n\t\t\t\t\t<\/div>\n\t\t<\/div>\n\t\t\t\t<div class=\"elementor-column elementor-col-16 elementor-top-column elementor-element elementor-element-f83b9dd\" data-id=\"f83b9dd\" data-element_type=\"column\" data-settings=\"{&quot;background_background&quot;:&quot;classic&quot;}\">\n\t\t\t<div class=\"elementor-widget-wrap elementor-element-populated\">\n\t\t\t\t\t\t\t\t<div class=\"elementor-element elementor-element-e331812 left-aligned elementor-view-default elementor-widget elementor-widget-icon\" data-id=\"e331812\" data-element_type=\"widget\" data-widget_type=\"icon.default\">\n\t\t\t\t<div class=\"elementor-widget-container\">\n\t\t\t\t\t<div class=\"elementor-icon-wrapper\">\n\t\t\t<div class=\"elementor-icon elementor-animation-grow\">\n\t\t\t<i aria-hidden=\"true\" class=\"fas fa-cart-plus\"><\/i>\t\t\t<\/div>\n\t\t<\/div>\n\t\t\t\t<\/div>\n\t\t\t\t<\/div>\n\t\t\t\t\t<\/div>\n\t\t<\/div>\n\t\t\t\t<div class=\"elementor-column elementor-col-16 elementor-top-column elementor-element elementor-element-3788e6e\" data-id=\"3788e6e\" data-element_type=\"column\" data-settings=\"{&quot;background_background&quot;:&quot;classic&quot;}\">\n\t\t\t<div class=\"elementor-widget-wrap elementor-element-populated\">\n\t\t\t\t\t\t\t\t<div class=\"elementor-element elementor-element-794a37c alignleft elementor-widget elementor-widget-counter\" data-id=\"794a37c\" data-element_type=\"widget\" data-widget_type=\"counter.default\">\n\t\t\t\t<div class=\"elementor-widget-container\">\n\t\t\t\t\t<div class=\"elementor-counter\">\n\t\t\t<div class=\"elementor-counter-number-wrapper\">\n\t\t\t\t<span class=\"elementor-counter-number-prefix\"><\/span>\n\t\t\t\t<span class=\"elementor-counter-number\" data-duration=\"1200\" data-to-value=\"2000\" data-from-value=\"\" data-delimiter=\" \"><\/span>\n\t\t\t\t<span class=\"elementor-counter-number-suffix\">+<\/span>\n\t\t\t<\/div>\n\t\t\t\t\t\t\t<div class=\"elementor-counter-title\">Produkt\u00f3w<\/div>\n\t\t\t\t\t<\/div>\n\t\t\t\t<\/div>\n\t\t\t\t<\/div>\n\t\t\t\t\t<\/div>\n\t\t<\/div>\n\t\t\t\t<div class=\"elementor-column elementor-col-16 elementor-top-column elementor-element elementor-element-30578b1\" data-id=\"30578b1\" data-element_type=\"column\" data-settings=\"{&quot;background_background&quot;:&quot;classic&quot;}\">\n\t\t\t<div class=\"elementor-widget-wrap elementor-element-populated\">\n\t\t\t\t\t\t\t\t<div class=\"elementor-element elementor-element-e0286ca left-aligned elementor-view-default elementor-widget elementor-widget-icon\" data-id=\"e0286ca\" data-element_type=\"widget\" data-widget_type=\"icon.default\">\n\t\t\t\t<div class=\"elementor-widget-container\">\n\t\t\t\t\t<div class=\"elementor-icon-wrapper\">\n\t\t\t<div class=\"elementor-icon elementor-animation-grow\">\n\t\t\t<i aria-hidden=\"true\" class=\"far fa-calendar-alt\"><\/i>\t\t\t<\/div>\n\t\t<\/div>\n\t\t\t\t<\/div>\n\t\t\t\t<\/div>\n\t\t\t\t\t<\/div>\n\t\t<\/div>\n\t\t\t\t<div class=\"elementor-column elementor-col-16 elementor-top-column elementor-element elementor-element-aa7245e\" data-id=\"aa7245e\" data-element_type=\"column\" data-settings=\"{&quot;background_background&quot;:&quot;classic&quot;}\">\n\t\t\t<div class=\"elementor-widget-wrap elementor-element-populated\">\n\t\t\t\t\t\t\t\t<div class=\"elementor-element elementor-element-808b3ca alignleft elementor-widget elementor-widget-counter\" data-id=\"808b3ca\" data-element_type=\"widget\" data-widget_type=\"counter.default\">\n\t\t\t\t<div class=\"elementor-widget-container\">\n\t\t\t\t\t<div class=\"elementor-counter\">\n\t\t\t<div class=\"elementor-counter-number-wrapper\">\n\t\t\t\t<span class=\"elementor-counter-number-prefix\"><\/span>\n\t\t\t\t<span class=\"elementor-counter-number\" data-duration=\"1200\" data-to-value=\"5\" data-from-value=\"\" data-delimiter=\" \"><\/span>\n\t\t\t\t<span class=\"elementor-counter-number-suffix\">+<\/span>\n\t\t\t<\/div>\n\t\t\t\t\t\t\t<div class=\"elementor-counter-title\">lat do\u015bwiadczenia<\/div>\n\t\t\t\t\t<\/div>\n\t\t\t\t<\/div>\n\t\t\t\t<\/div>\n\t\t\t\t\t<\/div>\n\t\t<\/div>\n\t\t\t\t\t\t\t<\/div>\n\t\t<\/section>\n\t\t\t\t\t\t<\/div>\n\t\t\t\t\t<\/div>\n\t\t","protected":false},"excerpt":{"rendered":"<p>FIRMA HANDLOWA &#8222;BOBI&#8221; TOMASZ TOMAL BOBIMARKET to pr\u0119\u017cnie rozwijaj\u0105ca si\u0119 firma rodzinna. Zajmujemy si\u0119 handlem detalicznym i hurtowym. W naszej ofercie znajduj\u0105 si\u0119 narz\u0119dzia r\u0119czne, budowlane, akcesoria meblowe oraz r\u00f3\u017cnego rodzaju artyku\u0142y metalowe. Dodatkowo oferujemy szerok\u0105 gama pojemnik\u00f3w na \u017cywno\u015b\u0107 i do przechowywania oraz inne akcesoria kuchenne i ogrodowe. \u00a0 Nasza firma jest dystrybutorem marki<br \/><a class=\"more-link\" href=\"https:\/\/bobimarket.pl\/index.php\/about\/\"><br \/>\n        Czytaj wi\u0119cej<span class=\"screen-reader-text\"> &#8222;Informacje o nas&#8221;<\/span><\/a><\/p>\n","protected":false},"author":1,"featured_media":0,"parent":0,"menu_order":1,"comment_status":"closed","ping_status":"closed","template":"","meta":[],"yoast_head":"<!-- This site is optimized with the Yoast SEO plugin v21.0 - https:\/\/yoast.com\/wordpress\/plugins\/seo\/ -->\n<title>Informacje o nas - BOBIMARKET.pl - Remontuj i urz\u0105dzaj z nami<\/title>\n<meta name=\"description\" content=\"Zajmujemy si\u0119 handlem detalicznym i hurtowym. W naszej ofercie znajduj\u0105 si\u0119 narz\u0119dzia r\u0119czne, budowlane, akcesoria meblowe oraz r\u00f3\u017cnego rodzaju artyku\u0142y metalowe. Dodatkowo oferujemy szerok\u0105 gama pojemnik\u00f3w na \u017cywno\u015b\u0107 i do przechowywania oraz inne akcesoria kuchenne i ogrodowe.\" \/>\n<meta name=\"robots\" content=\"index, follow, max-snippet:-1, max-image-preview:large, max-video-preview:-1\" \/>\n<link rel=\"canonical\" href=\"https:\/\/bobimarket.pl\/index.php\/about\/\" \/>\n<meta property=\"og:locale\" content=\"pl_PL\" \/>\n<meta property=\"og:type\" content=\"article\" \/>\n<meta property=\"og:title\" content=\"Informacje o nas - BOBIMARKET.pl - Remontuj i urz\u0105dzaj z nami\" \/>\n<meta property=\"og:description\" content=\"Zajmujemy si\u0119 handlem detalicznym i hurtowym. W naszej ofercie znajduj\u0105 si\u0119 narz\u0119dzia r\u0119czne, budowlane, akcesoria meblowe oraz r\u00f3\u017cnego rodzaju artyku\u0142y metalowe. Dodatkowo oferujemy szerok\u0105 gama pojemnik\u00f3w na \u017cywno\u015b\u0107 i do przechowywania oraz inne akcesoria kuchenne i ogrodowe.\" \/>\n<meta property=\"og:url\" content=\"https:\/\/bobimarket.pl\/index.php\/about\/\" \/>\n<meta property=\"og:site_name\" content=\"BOBIMARKET.pl - Remontuj i urz\u0105dzaj z nami\" \/>\n<meta property=\"article:modified_time\" content=\"2022-05-18T18:33:04+00:00\" \/>\n<meta property=\"og:image\" content=\"http:\/\/chromium.themes.zone\/local\/wp-content\/uploads\/sites\/4\/2018\/05\/chart2.png\" \/>\n<meta name=\"twitter:card\" content=\"summary_large_image\" \/>\n<meta name=\"twitter:label1\" content=\"Szacowany czas czytania\" \/>\n\t<meta name=\"twitter:data1\" content=\"4 minuty\" \/>\n<script type=\"application\/ld+json\" class=\"yoast-schema-graph\">{\"@context\":\"https:\/\/schema.org\",\"@graph\":[{\"@type\":\"WebPage\",\"@id\":\"https:\/\/bobimarket.pl\/index.php\/about\/\",\"url\":\"https:\/\/bobimarket.pl\/index.php\/about\/\",\"name\":\"Informacje o nas - BOBIMARKET.pl - Remontuj i urz\u0105dzaj z nami\",\"isPartOf\":{\"@id\":\"https:\/\/bobimarket.pl\/#website\"},\"datePublished\":\"2010-07-26T02:40:01+00:00\",\"dateModified\":\"2022-05-18T18:33:04+00:00\",\"description\":\"Zajmujemy si\u0119 handlem detalicznym i hurtowym. W naszej ofercie znajduj\u0105 si\u0119 narz\u0119dzia r\u0119czne, budowlane, akcesoria meblowe oraz r\u00f3\u017cnego rodzaju artyku\u0142y metalowe. Dodatkowo oferujemy szerok\u0105 gama pojemnik\u00f3w na \u017cywno\u015b\u0107 i do przechowywania oraz inne akcesoria kuchenne i ogrodowe.\",\"breadcrumb\":{\"@id\":\"https:\/\/bobimarket.pl\/index.php\/about\/#breadcrumb\"},\"inLanguage\":\"pl-PL\",\"potentialAction\":[{\"@type\":\"ReadAction\",\"target\":[\"https:\/\/bobimarket.pl\/index.php\/about\/\"]}]},{\"@type\":\"BreadcrumbList\",\"@id\":\"https:\/\/bobimarket.pl\/index.php\/about\/#breadcrumb\",\"itemListElement\":[{\"@type\":\"ListItem\",\"position\":1,\"name\":\"Strona g\u0142\u00f3wna\",\"item\":\"https:\/\/bobimarket.pl\/\"},{\"@type\":\"ListItem\",\"position\":2,\"name\":\"Informacje o nas\"}]},{\"@type\":\"WebSite\",\"@id\":\"https:\/\/bobimarket.pl\/#website\",\"url\":\"https:\/\/bobimarket.pl\/\",\"name\":\"BOBIMARKET.pl - Remontuj i urz\u0105dzaj z nami\",\"description\":\"Remontuj i urz\u0105dzaj z nami\",\"publisher\":{\"@id\":\"https:\/\/bobimarket.pl\/#organization\"},\"potentialAction\":[{\"@type\":\"SearchAction\",\"target\":{\"@type\":\"EntryPoint\",\"urlTemplate\":\"https:\/\/bobimarket.pl\/?s={search_term_string}\"},\"query-input\":\"required name=search_term_string\"}],\"inLanguage\":\"pl-PL\"},{\"@type\":\"Organization\",\"@id\":\"https:\/\/bobimarket.pl\/#organization\",\"name\":\"BOBIMARKET.pl\",\"url\":\"https:\/\/bobimarket.pl\/\",\"logo\":{\"@type\":\"ImageObject\",\"inLanguage\":\"pl-PL\",\"@id\":\"https:\/\/bobimarket.pl\/#\/schema\/logo\/image\/\",\"url\":\"https:\/\/bobimarket.pl\/wp-content\/uploads\/2021\/11\/slogan.png\",\"contentUrl\":\"https:\/\/bobimarket.pl\/wp-content\/uploads\/2021\/11\/slogan.png\",\"width\":2000,\"height\":384,\"caption\":\"BOBIMARKET.pl\"},\"image\":{\"@id\":\"https:\/\/bobimarket.pl\/#\/schema\/logo\/image\/\"}}]}<\/script>\n<!-- \/ Yoast SEO plugin. -->","yoast_head_json":{"title":"Informacje o nas - BOBIMARKET.pl - Remontuj i urz\u0105dzaj z nami","description":"Zajmujemy si\u0119 handlem detalicznym i hurtowym. W naszej ofercie znajduj\u0105 si\u0119 narz\u0119dzia r\u0119czne, budowlane, akcesoria meblowe oraz r\u00f3\u017cnego rodzaju artyku\u0142y metalowe. Dodatkowo oferujemy szerok\u0105 gama pojemnik\u00f3w na \u017cywno\u015b\u0107 i do przechowywania oraz inne akcesoria kuchenne i ogrodowe.","robots":{"index":"index","follow":"follow","max-snippet":"max-snippet:-1","max-image-preview":"max-image-preview:large","max-video-preview":"max-video-preview:-1"},"canonical":"https:\/\/bobimarket.pl\/index.php\/about\/","og_locale":"pl_PL","og_type":"article","og_title":"Informacje o nas - BOBIMARKET.pl - Remontuj i urz\u0105dzaj z nami","og_description":"Zajmujemy si\u0119 handlem detalicznym i hurtowym. W naszej ofercie znajduj\u0105 si\u0119 narz\u0119dzia r\u0119czne, budowlane, akcesoria meblowe oraz r\u00f3\u017cnego rodzaju artyku\u0142y metalowe. Dodatkowo oferujemy szerok\u0105 gama pojemnik\u00f3w na \u017cywno\u015b\u0107 i do przechowywania oraz inne akcesoria kuchenne i ogrodowe.","og_url":"https:\/\/bobimarket.pl\/index.php\/about\/","og_site_name":"BOBIMARKET.pl - Remontuj i urz\u0105dzaj z nami","article_modified_time":"2022-05-18T18:33:04+00:00","og_image":[{"url":"http:\/\/chromium.themes.zone\/local\/wp-content\/uploads\/sites\/4\/2018\/05\/chart2.png"}],"twitter_card":"summary_large_image","twitter_misc":{"Szacowany czas czytania":"4 minuty"},"schema":{"@context":"https:\/\/schema.org","@graph":[{"@type":"WebPage","@id":"https:\/\/bobimarket.pl\/index.php\/about\/","url":"https:\/\/bobimarket.pl\/index.php\/about\/","name":"Informacje o nas - BOBIMARKET.pl - Remontuj i urz\u0105dzaj z nami","isPartOf":{"@id":"https:\/\/bobimarket.pl\/#website"},"datePublished":"2010-07-26T02:40:01+00:00","dateModified":"2022-05-18T18:33:04+00:00","description":"Zajmujemy si\u0119 handlem detalicznym i hurtowym. W naszej ofercie znajduj\u0105 si\u0119 narz\u0119dzia r\u0119czne, budowlane, akcesoria meblowe oraz r\u00f3\u017cnego rodzaju artyku\u0142y metalowe. Dodatkowo oferujemy szerok\u0105 gama pojemnik\u00f3w na \u017cywno\u015b\u0107 i do przechowywania oraz inne akcesoria kuchenne i ogrodowe.","breadcrumb":{"@id":"https:\/\/bobimarket.pl\/index.php\/about\/#breadcrumb"},"inLanguage":"pl-PL","potentialAction":[{"@type":"ReadAction","target":["https:\/\/bobimarket.pl\/index.php\/about\/"]}]},{"@type":"BreadcrumbList","@id":"https:\/\/bobimarket.pl\/index.php\/about\/#breadcrumb","itemListElement":[{"@type":"ListItem","position":1,"name":"Strona g\u0142\u00f3wna","item":"https:\/\/bobimarket.pl\/"},{"@type":"ListItem","position":2,"name":"Informacje o nas"}]},{"@type":"WebSite","@id":"https:\/\/bobimarket.pl\/#website","url":"https:\/\/bobimarket.pl\/","name":"BOBIMARKET.pl - Remontuj i urz\u0105dzaj z nami","description":"Remontuj i urz\u0105dzaj z nami","publisher":{"@id":"https:\/\/bobimarket.pl\/#organization"},"potentialAction":[{"@type":"SearchAction","target":{"@type":"EntryPoint","urlTemplate":"https:\/\/bobimarket.pl\/?s={search_term_string}"},"query-input":"required name=search_term_string"}],"inLanguage":"pl-PL"},{"@type":"Organization","@id":"https:\/\/bobimarket.pl\/#organization","name":"BOBIMARKET.pl","url":"https:\/\/bobimarket.pl\/","logo":{"@type":"ImageObject","inLanguage":"pl-PL","@id":"https:\/\/bobimarket.pl\/#\/schema\/logo\/image\/","url":"https:\/\/bobimarket.pl\/wp-content\/uploads\/2021\/11\/slogan.png","contentUrl":"https:\/\/bobimarket.pl\/wp-content\/uploads\/2021\/11\/slogan.png","width":2000,"height":384,"caption":"BOBIMARKET.pl"},"image":{"@id":"https:\/\/bobimarket.pl\/#\/schema\/logo\/image\/"}}]}},"_links":{"self":[{"href":"https:\/\/bobimarket.pl\/index.php\/wp-json\/wp\/v2\/pages\/5"}],"collection":[{"href":"https:\/\/bobimarket.pl\/index.php\/wp-json\/wp\/v2\/pages"}],"about":[{"href":"https:\/\/bobimarket.pl\/index.php\/wp-json\/wp\/v2\/types\/page"}],"author":[{"embeddable":true,"href":"https:\/\/bobimarket.pl\/index.php\/wp-json\/wp\/v2\/users\/1"}],"replies":[{"embeddable":true,"href":"https:\/\/bobimarket.pl\/index.php\/wp-json\/wp\/v2\/comments?post=5"}],"version-history":[{"count":3,"href":"https:\/\/bobimarket.pl\/index.php\/wp-json\/wp\/v2\/pages\/5\/revisions"}],"predecessor-version":[{"id":55431,"href":"https:\/\/bobimarket.pl\/index.php\/wp-json\/wp\/v2\/pages\/5\/revisions\/55431"}],"wp:attachment":[{"href":"https:\/\/bobimarket.pl\/index.php\/wp-json\/wp\/v2\/media?parent=5"}],"curies":[{"name":"wp","href":"https:\/\/api.w.org\/{rel}","templated":true}]}}