{"id":78998,"date":"2023-08-29T13:23:34","date_gmt":"2023-08-29T13:23:34","guid":{"rendered":"https:\/\/bobimarket.pl\/index.php\/produkt\/konfirmaty-wkrety-do-drewna-64x50mm-100szt-jakosc\/"},"modified":"2025-02-27T13:16:29","modified_gmt":"2025-02-27T13:16:29","slug":"konfirmaty-wkrety-do-drewna-64x50mm-100szt-jakosc","status":"publish","type":"product","link":"https:\/\/bobimarket.pl\/index.php\/produkt\/konfirmaty-wkrety-do-drewna-64x50mm-100szt-jakosc\/","title":{"rendered":"KONFIRMATY WKR\u0118TY DO DREWNA 6,4x50MM 100szt JAKO\u015a\u0106"},"content":{"rendered":"<section class=\"section\">\n<div class=\"item item-12\">\n<section class=\"text-item\">\n<h1>KONFIRMATY WKR\u0118TY DO DREWNA 6,4x50MM 100szt JAKO\u015a\u0106<\/h1>\n<p><b>Informacje og\u00f3lne:<\/b><\/p>\n<ul>\n<li>\u015arednica: <b>6,4 mm<\/b><\/li>\n<li>D\u0142ugo\u015b\u0107 ca\u0142kowita: <b>50 mm<\/b><\/li>\n<li>Materia\u0142:<b> stal<\/b><\/li>\n<li>Pow\u0142oka: <b>ocynk bia\u0142y<\/b><\/li>\n<li><b>WYSOKA JAKO\u015a\u0106!!<\/b><\/li>\n<\/ul>\n<p><b>Uwaga!<\/b> Podana cena dotyczy 100 szt. konfirmat\u00f3w.<\/p>\n<p>Konfirmaty przeznaczone s\u0105 <b>do skr\u0119cania p\u0142yt meblowych, drewnianych i wi\u00f3rowych.<\/b> Wykonane ze <b>stali, ocynkowane<\/b> oraz odporne na korozj\u0119. Sprawdzaj\u0105 si\u0119 przy wykonywaniu po\u0142\u0105cze\u0144 p\u0142yt wi\u00f3rowych, p\u0142yt drewnopochodnych, sklejek oraz innych element\u00f3w drewnianych.<\/p>\n<\/section><\/div>\n<\/section>\n<section class=\"section\">\n<div class=\"item item-12\">\n<section class=\"image-item\">\n            <img decoding=\"async\" src=\"https:\/\/upload.cdn.baselinker.com\/products\/14476\/42732968.jpg\" \/><br \/>\n        <\/section>\n<\/p><\/div>\n<\/section>\n","protected":false},"excerpt":{"rendered":"<p>KONFIRMATY WKR\u0118TY DO DREWNA 6,4x50MM 100szt JAKO\u015a\u0106 Informacje og\u00f3lne: \u015arednica: 6,4 mm D\u0142ugo\u015b\u0107 ca\u0142kowita: 50 mm Materia\u0142: stal Pow\u0142oka: ocynk bia\u0142y WYSOKA JAKO\u015a\u0106!! Uwaga! Podana cena dotyczy 100 szt. konfirmat\u00f3w. Konfirmaty przeznaczone s\u0105 do skr\u0119cania p\u0142yt meblowych, drewnianych i wi\u00f3rowych. Wykonane ze stali, ocynkowane oraz odporne na korozj\u0119. Sprawdzaj\u0105 si\u0119 przy wykonywaniu po\u0142\u0105cze\u0144 p\u0142yt wi\u00f3rowych,<br \/><a class=\"more-link\" href=\"https:\/\/bobimarket.pl\/index.php\/produkt\/konfirmaty-wkrety-do-drewna-64x50mm-100szt-jakosc\/\"><br \/>\n        Czytaj wi\u0119cej<span class=\"screen-reader-text\"> &#8222;KONFIRMATY WKR\u0118TY DO DREWNA 6,4x50MM 100szt JAKO\u015a\u0106&#8221;<\/span><\/a><\/p>\n","protected":false},"featured_media":78996,"template":"","meta":[],"product_cat":[8057],"product_tag":[],"yoast_head":"<!-- This site is optimized with the Yoast SEO plugin v21.0 - https:\/\/yoast.com\/wordpress\/plugins\/seo\/ -->\n<title>KONFIRMATY WKR\u0118TY DO DREWNA 6,4x50MM 100szt JAKO\u015a\u0106 - BOBIMARKET.pl - Remontuj i urz\u0105dzaj z nami<\/title>\n<meta name=\"robots\" content=\"index, follow, max-snippet:-1, max-image-preview:large, max-video-preview:-1\" \/>\n<link rel=\"canonical\" href=\"https:\/\/bobimarket.pl\/index.php\/produkt\/konfirmaty-wkrety-do-drewna-64x50mm-100szt-jakosc\/\" \/>\n<meta property=\"og:locale\" content=\"pl_PL\" \/>\n<meta property=\"og:type\" content=\"article\" \/>\n<meta property=\"og:title\" content=\"KONFIRMATY WKR\u0118TY DO DREWNA 6,4x50MM 100szt JAKO\u015a\u0106 - BOBIMARKET.pl - Remontuj i urz\u0105dzaj z nami\" \/>\n<meta property=\"og:description\" content=\"KONFIRMATY WKR\u0118TY DO DREWNA 6,4x50MM 100szt JAKO\u015a\u0106 Informacje og\u00f3lne: \u015arednica: 6,4 mm D\u0142ugo\u015b\u0107 ca\u0142kowita: 50 mm Materia\u0142: stal Pow\u0142oka: ocynk bia\u0142y WYSOKA JAKO\u015a\u0106!! Uwaga! Podana cena dotyczy 100 szt. konfirmat\u00f3w. Konfirmaty przeznaczone s\u0105 do skr\u0119cania p\u0142yt meblowych, drewnianych i wi\u00f3rowych. Wykonane ze stali, ocynkowane oraz odporne na korozj\u0119. Sprawdzaj\u0105 si\u0119 przy wykonywaniu po\u0142\u0105cze\u0144 p\u0142yt wi\u00f3rowych,     Czytaj wi\u0119cej &quot;KONFIRMATY WKR\u0118TY DO DREWNA 6,4x50MM 100szt JAKO\u015a\u0106&quot;\" \/>\n<meta property=\"og:url\" content=\"https:\/\/bobimarket.pl\/index.php\/produkt\/konfirmaty-wkrety-do-drewna-64x50mm-100szt-jakosc\/\" \/>\n<meta property=\"og:site_name\" content=\"BOBIMARKET.pl - Remontuj i urz\u0105dzaj z nami\" \/>\n<meta property=\"article:modified_time\" content=\"2025-02-27T13:16:29+00:00\" \/>\n<meta property=\"og:image\" content=\"https:\/\/upload.cdn.baselinker.com\/products\/14476\/42732968.jpg\" \/>\n<meta name=\"twitter:card\" content=\"summary_large_image\" \/>\n<script type=\"application\/ld+json\" class=\"yoast-schema-graph\">{\"@context\":\"https:\/\/schema.org\",\"@graph\":[{\"@type\":\"WebPage\",\"@id\":\"https:\/\/bobimarket.pl\/index.php\/produkt\/konfirmaty-wkrety-do-drewna-64x50mm-100szt-jakosc\/\",\"url\":\"https:\/\/bobimarket.pl\/index.php\/produkt\/konfirmaty-wkrety-do-drewna-64x50mm-100szt-jakosc\/\",\"name\":\"KONFIRMATY WKR\u0118TY DO DREWNA 6,4x50MM 100szt JAKO\u015a\u0106 - BOBIMARKET.pl - Remontuj i urz\u0105dzaj z nami\",\"isPartOf\":{\"@id\":\"https:\/\/bobimarket.pl\/#website\"},\"datePublished\":\"2023-08-29T13:23:34+00:00\",\"dateModified\":\"2025-02-27T13:16:29+00:00\",\"breadcrumb\":{\"@id\":\"https:\/\/bobimarket.pl\/index.php\/produkt\/konfirmaty-wkrety-do-drewna-64x50mm-100szt-jakosc\/#breadcrumb\"},\"inLanguage\":\"pl-PL\",\"potentialAction\":[{\"@type\":\"ReadAction\",\"target\":[\"https:\/\/bobimarket.pl\/index.php\/produkt\/konfirmaty-wkrety-do-drewna-64x50mm-100szt-jakosc\/\"]}]},{\"@type\":\"BreadcrumbList\",\"@id\":\"https:\/\/bobimarket.pl\/index.php\/produkt\/konfirmaty-wkrety-do-drewna-64x50mm-100szt-jakosc\/#breadcrumb\",\"itemListElement\":[{\"@type\":\"ListItem\",\"position\":1,\"name\":\"Strona g\u0142\u00f3wna\",\"item\":\"https:\/\/bobimarket.pl\/\"},{\"@type\":\"ListItem\",\"position\":2,\"name\":\"Sklep\",\"item\":\"https:\/\/bobimarket.pl\/index.php\/shop\/\"},{\"@type\":\"ListItem\",\"position\":3,\"name\":\"KONFIRMATY WKR\u0118TY DO DREWNA 6,4x50MM 100szt JAKO\u015a\u0106\"}]},{\"@type\":\"WebSite\",\"@id\":\"https:\/\/bobimarket.pl\/#website\",\"url\":\"https:\/\/bobimarket.pl\/\",\"name\":\"BOBIMARKET.pl - Remontuj i urz\u0105dzaj z nami\",\"description\":\"Remontuj i urz\u0105dzaj z nami\",\"publisher\":{\"@id\":\"https:\/\/bobimarket.pl\/#organization\"},\"potentialAction\":[{\"@type\":\"SearchAction\",\"target\":{\"@type\":\"EntryPoint\",\"urlTemplate\":\"https:\/\/bobimarket.pl\/?s={search_term_string}\"},\"query-input\":\"required name=search_term_string\"}],\"inLanguage\":\"pl-PL\"},{\"@type\":\"Organization\",\"@id\":\"https:\/\/bobimarket.pl\/#organization\",\"name\":\"BOBIMARKET.pl\",\"url\":\"https:\/\/bobimarket.pl\/\",\"logo\":{\"@type\":\"ImageObject\",\"inLanguage\":\"pl-PL\",\"@id\":\"https:\/\/bobimarket.pl\/#\/schema\/logo\/image\/\",\"url\":\"https:\/\/bobimarket.pl\/wp-content\/uploads\/2021\/11\/slogan.png\",\"contentUrl\":\"https:\/\/bobimarket.pl\/wp-content\/uploads\/2021\/11\/slogan.png\",\"width\":2000,\"height\":384,\"caption\":\"BOBIMARKET.pl\"},\"image\":{\"@id\":\"https:\/\/bobimarket.pl\/#\/schema\/logo\/image\/\"}}]}<\/script>\n<!-- \/ Yoast SEO plugin. -->","yoast_head_json":{"title":"KONFIRMATY WKR\u0118TY DO DREWNA 6,4x50MM 100szt JAKO\u015a\u0106 - BOBIMARKET.pl - Remontuj i urz\u0105dzaj z nami","robots":{"index":"index","follow":"follow","max-snippet":"max-snippet:-1","max-image-preview":"max-image-preview:large","max-video-preview":"max-video-preview:-1"},"canonical":"https:\/\/bobimarket.pl\/index.php\/produkt\/konfirmaty-wkrety-do-drewna-64x50mm-100szt-jakosc\/","og_locale":"pl_PL","og_type":"article","og_title":"KONFIRMATY WKR\u0118TY DO DREWNA 6,4x50MM 100szt JAKO\u015a\u0106 - BOBIMARKET.pl - Remontuj i urz\u0105dzaj z nami","og_description":"KONFIRMATY WKR\u0118TY DO DREWNA 6,4x50MM 100szt JAKO\u015a\u0106 Informacje og\u00f3lne: \u015arednica: 6,4 mm D\u0142ugo\u015b\u0107 ca\u0142kowita: 50 mm Materia\u0142: stal Pow\u0142oka: ocynk bia\u0142y WYSOKA JAKO\u015a\u0106!! Uwaga! Podana cena dotyczy 100 szt. konfirmat\u00f3w. Konfirmaty przeznaczone s\u0105 do skr\u0119cania p\u0142yt meblowych, drewnianych i wi\u00f3rowych. Wykonane ze stali, ocynkowane oraz odporne na korozj\u0119. Sprawdzaj\u0105 si\u0119 przy wykonywaniu po\u0142\u0105cze\u0144 p\u0142yt wi\u00f3rowych,     Czytaj wi\u0119cej \"KONFIRMATY WKR\u0118TY DO DREWNA 6,4x50MM 100szt JAKO\u015a\u0106\"","og_url":"https:\/\/bobimarket.pl\/index.php\/produkt\/konfirmaty-wkrety-do-drewna-64x50mm-100szt-jakosc\/","og_site_name":"BOBIMARKET.pl - Remontuj i urz\u0105dzaj z nami","article_modified_time":"2025-02-27T13:16:29+00:00","og_image":[{"url":"https:\/\/upload.cdn.baselinker.com\/products\/14476\/42732968.jpg"}],"twitter_card":"summary_large_image","schema":{"@context":"https:\/\/schema.org","@graph":[{"@type":"WebPage","@id":"https:\/\/bobimarket.pl\/index.php\/produkt\/konfirmaty-wkrety-do-drewna-64x50mm-100szt-jakosc\/","url":"https:\/\/bobimarket.pl\/index.php\/produkt\/konfirmaty-wkrety-do-drewna-64x50mm-100szt-jakosc\/","name":"KONFIRMATY WKR\u0118TY DO DREWNA 6,4x50MM 100szt JAKO\u015a\u0106 - BOBIMARKET.pl - Remontuj i urz\u0105dzaj z nami","isPartOf":{"@id":"https:\/\/bobimarket.pl\/#website"},"datePublished":"2023-08-29T13:23:34+00:00","dateModified":"2025-02-27T13:16:29+00:00","breadcrumb":{"@id":"https:\/\/bobimarket.pl\/index.php\/produkt\/konfirmaty-wkrety-do-drewna-64x50mm-100szt-jakosc\/#breadcrumb"},"inLanguage":"pl-PL","potentialAction":[{"@type":"ReadAction","target":["https:\/\/bobimarket.pl\/index.php\/produkt\/konfirmaty-wkrety-do-drewna-64x50mm-100szt-jakosc\/"]}]},{"@type":"BreadcrumbList","@id":"https:\/\/bobimarket.pl\/index.php\/produkt\/konfirmaty-wkrety-do-drewna-64x50mm-100szt-jakosc\/#breadcrumb","itemListElement":[{"@type":"ListItem","position":1,"name":"Strona g\u0142\u00f3wna","item":"https:\/\/bobimarket.pl\/"},{"@type":"ListItem","position":2,"name":"Sklep","item":"https:\/\/bobimarket.pl\/index.php\/shop\/"},{"@type":"ListItem","position":3,"name":"KONFIRMATY WKR\u0118TY DO DREWNA 6,4x50MM 100szt JAKO\u015a\u0106"}]},{"@type":"WebSite","@id":"https:\/\/bobimarket.pl\/#website","url":"https:\/\/bobimarket.pl\/","name":"BOBIMARKET.pl - Remontuj i urz\u0105dzaj z nami","description":"Remontuj i urz\u0105dzaj z nami","publisher":{"@id":"https:\/\/bobimarket.pl\/#organization"},"potentialAction":[{"@type":"SearchAction","target":{"@type":"EntryPoint","urlTemplate":"https:\/\/bobimarket.pl\/?s={search_term_string}"},"query-input":"required name=search_term_string"}],"inLanguage":"pl-PL"},{"@type":"Organization","@id":"https:\/\/bobimarket.pl\/#organization","name":"BOBIMARKET.pl","url":"https:\/\/bobimarket.pl\/","logo":{"@type":"ImageObject","inLanguage":"pl-PL","@id":"https:\/\/bobimarket.pl\/#\/schema\/logo\/image\/","url":"https:\/\/bobimarket.pl\/wp-content\/uploads\/2021\/11\/slogan.png","contentUrl":"https:\/\/bobimarket.pl\/wp-content\/uploads\/2021\/11\/slogan.png","width":2000,"height":384,"caption":"BOBIMARKET.pl"},"image":{"@id":"https:\/\/bobimarket.pl\/#\/schema\/logo\/image\/"}}]}},"_links":{"self":[{"href":"https:\/\/bobimarket.pl\/index.php\/wp-json\/wp\/v2\/product\/78998"}],"collection":[{"href":"https:\/\/bobimarket.pl\/index.php\/wp-json\/wp\/v2\/product"}],"about":[{"href":"https:\/\/bobimarket.pl\/index.php\/wp-json\/wp\/v2\/types\/product"}],"wp:featuredmedia":[{"embeddable":true,"href":"https:\/\/bobimarket.pl\/index.php\/wp-json\/wp\/v2\/media\/78996"}],"wp:attachment":[{"href":"https:\/\/bobimarket.pl\/index.php\/wp-json\/wp\/v2\/media?parent=78998"}],"wp:term":[{"taxonomy":"product_cat","embeddable":true,"href":"https:\/\/bobimarket.pl\/index.php\/wp-json\/wp\/v2\/product_cat?post=78998"},{"taxonomy":"product_tag","embeddable":true,"href":"https:\/\/bobimarket.pl\/index.php\/wp-json\/wp\/v2\/product_tag?post=78998"}],"curies":[{"name":"wp","href":"https:\/\/api.w.org\/{rel}","templated":true}]}}