{"id":79015,"date":"2023-08-29T13:26:23","date_gmt":"2023-08-29T13:26:23","guid":{"rendered":"https:\/\/bobimarket.pl\/index.php\/produkt\/walek-malarski-zapas-flock-midi-15cm-do-farb-akryl\/"},"modified":"2025-02-27T13:16:44","modified_gmt":"2025-02-27T13:16:44","slug":"walek-malarski-zapas-flock-midi-15cm-do-farb-akryl","status":"publish","type":"product","link":"https:\/\/bobimarket.pl\/index.php\/produkt\/walek-malarski-zapas-flock-midi-15cm-do-farb-akryl\/","title":{"rendered":"WA\u0141EK MALARSKI ZAPAS FLOCK MIDI 15CM DO FARB AKRYL"},"content":{"rendered":"<section class=\"section\">\n<div class=\"item item-12\">\n<section class=\"text-item\">\n<h1>WA\u0141EK MALARSKI ZAPAS FLOCK MIDI 15CM DO FARB AKRYL<\/h1>\n<p><b>Dane techniczne: <\/b><\/p>\n<ul>\n<li>D\u0142ugo\u015b\u0107 ca\u0142kowita: +\/- 150 mm<\/li>\n<li>\u015arednica: +\/-50 mm<\/li>\n<li>Przezaczenie: <b>farby akrylowe i olejne<\/b><\/li>\n<li>Do g\u0142adkich powierzchni<\/li>\n<li><b>Otw\u00f3r na r\u0105czk\u0119 fi 6 mm<\/b><\/li>\n<\/ul>\n<\/section><\/div>\n<\/section>\n<section class=\"section\">\n<div class=\"item item-12\">\n<section class=\"image-item\">\n            <img decoding=\"async\" src=\"https:\/\/upload.cdn.baselinker.com\/products\/14476\/bea3f8ff5ea817e766636138e30a79e6.jpg\" \/><br \/>\n        <\/section>\n<\/p><\/div>\n<\/section>\n<section class=\"section\">\n<div class=\"item item-12\">\n<section class=\"text-item\">\n<p>\u2705 <b>Zastosowanie:<\/b><\/p>\n<p>Wa\u0142ek <b>MOLTOFLOK\u00a0<\/b> r\u00f3wnomiernie rozprowadza farb\u0119 na malowanych powierzchniach. Jest przeznaczony <b>do farb akrylowych oraz olejnych.<\/b><\/p>\n<ul>\n<li>Struktura wk\u0142adu doskonale wch\u0142ania farb\u0119, dlatego wa\u0142ek umo\u017cliwia przeprowadzenie czystych i szybkich prac remontowych.<\/li>\n<li>Wa\u0142ek pozostawia znikom\u0105 struktur\u0119, przeznaczony <b>do malowania g\u0142adkich powierzchni.<\/b><\/li>\n<\/ul>\n<p><b>Wa\u0142ek nie nadaje si\u0119 do farb \u017cr\u0105cych oraz na bazie rozpuszczalnika!!!<\/b><\/p>\n<\/section><\/div>\n<\/section>\n<section class=\"section\">\n<div class=\"item item-12\">\n<section class=\"image-item\">\n            <img decoding=\"async\" src=\"https:\/\/upload.cdn.baselinker.com\/products\/14476\/bb223e24595d1fb64da9e2a22e1dc008.jpg\" \/><br \/>\n        <\/section>\n<\/p><\/div>\n<\/section>\n<section class=\"section\">\n<div class=\"item item-12\">\n<section class=\"image-item\">\n            <img decoding=\"async\" src=\"https:\/\/upload.cdn.baselinker.com\/products\/14476\/24a6043302103159e75d1d9416b15efc.jpg\" \/><br \/>\n        <\/section>\n<\/p><\/div>\n<\/section>\n","protected":false},"excerpt":{"rendered":"<p>WA\u0141EK MALARSKI ZAPAS FLOCK MIDI 15CM DO FARB AKRYL Dane techniczne: D\u0142ugo\u015b\u0107 ca\u0142kowita: +\/- 150 mm \u015arednica: +\/-50 mm Przezaczenie: farby akrylowe i olejne Do g\u0142adkich powierzchni Otw\u00f3r na r\u0105czk\u0119 fi 6 mm \u2705 Zastosowanie: Wa\u0142ek MOLTOFLOK\u00a0 r\u00f3wnomiernie rozprowadza farb\u0119 na malowanych powierzchniach. Jest przeznaczony do farb akrylowych oraz olejnych. Struktura wk\u0142adu doskonale wch\u0142ania farb\u0119,<br \/><a class=\"more-link\" href=\"https:\/\/bobimarket.pl\/index.php\/produkt\/walek-malarski-zapas-flock-midi-15cm-do-farb-akryl\/\"><br \/>\n        Czytaj wi\u0119cej<span class=\"screen-reader-text\"> &#8222;WA\u0141EK MALARSKI ZAPAS FLOCK MIDI 15CM DO FARB AKRYL&#8221;<\/span><\/a><\/p>\n","protected":false},"featured_media":79012,"template":"","meta":[],"product_cat":[8063],"product_tag":[],"yoast_head":"<!-- This site is optimized with the Yoast SEO plugin v21.0 - https:\/\/yoast.com\/wordpress\/plugins\/seo\/ -->\n<title>WA\u0141EK MALARSKI ZAPAS FLOCK MIDI 15CM DO FARB AKRYL - BOBIMARKET.pl - Remontuj i urz\u0105dzaj z nami<\/title>\n<meta name=\"robots\" content=\"index, follow, max-snippet:-1, max-image-preview:large, max-video-preview:-1\" \/>\n<link rel=\"canonical\" href=\"https:\/\/bobimarket.pl\/index.php\/produkt\/walek-malarski-zapas-flock-midi-15cm-do-farb-akryl\/\" \/>\n<meta property=\"og:locale\" content=\"pl_PL\" \/>\n<meta property=\"og:type\" content=\"article\" \/>\n<meta property=\"og:title\" content=\"WA\u0141EK MALARSKI ZAPAS FLOCK MIDI 15CM DO FARB AKRYL - BOBIMARKET.pl - Remontuj i urz\u0105dzaj z nami\" \/>\n<meta property=\"og:description\" content=\"WA\u0141EK MALARSKI ZAPAS FLOCK MIDI 15CM DO FARB AKRYL Dane techniczne: D\u0142ugo\u015b\u0107 ca\u0142kowita: +\/- 150 mm \u015arednica: +\/-50 mm Przezaczenie: farby akrylowe i olejne Do g\u0142adkich powierzchni Otw\u00f3r na r\u0105czk\u0119 fi 6 mm \u2705 Zastosowanie: Wa\u0142ek MOLTOFLOK\u00a0 r\u00f3wnomiernie rozprowadza farb\u0119 na malowanych powierzchniach. Jest przeznaczony do farb akrylowych oraz olejnych. Struktura wk\u0142adu doskonale wch\u0142ania farb\u0119,     Czytaj wi\u0119cej &quot;WA\u0141EK MALARSKI ZAPAS FLOCK MIDI 15CM DO FARB AKRYL&quot;\" \/>\n<meta property=\"og:url\" content=\"https:\/\/bobimarket.pl\/index.php\/produkt\/walek-malarski-zapas-flock-midi-15cm-do-farb-akryl\/\" \/>\n<meta property=\"og:site_name\" content=\"BOBIMARKET.pl - Remontuj i urz\u0105dzaj z nami\" \/>\n<meta property=\"article:modified_time\" content=\"2025-02-27T13:16:44+00:00\" \/>\n<meta property=\"og:image\" content=\"https:\/\/upload.cdn.baselinker.com\/products\/14476\/bea3f8ff5ea817e766636138e30a79e6.jpg\" \/>\n<meta name=\"twitter:card\" content=\"summary_large_image\" \/>\n<script type=\"application\/ld+json\" class=\"yoast-schema-graph\">{\"@context\":\"https:\/\/schema.org\",\"@graph\":[{\"@type\":\"WebPage\",\"@id\":\"https:\/\/bobimarket.pl\/index.php\/produkt\/walek-malarski-zapas-flock-midi-15cm-do-farb-akryl\/\",\"url\":\"https:\/\/bobimarket.pl\/index.php\/produkt\/walek-malarski-zapas-flock-midi-15cm-do-farb-akryl\/\",\"name\":\"WA\u0141EK MALARSKI ZAPAS FLOCK MIDI 15CM DO FARB AKRYL - BOBIMARKET.pl - Remontuj i urz\u0105dzaj z nami\",\"isPartOf\":{\"@id\":\"https:\/\/bobimarket.pl\/#website\"},\"datePublished\":\"2023-08-29T13:26:23+00:00\",\"dateModified\":\"2025-02-27T13:16:44+00:00\",\"breadcrumb\":{\"@id\":\"https:\/\/bobimarket.pl\/index.php\/produkt\/walek-malarski-zapas-flock-midi-15cm-do-farb-akryl\/#breadcrumb\"},\"inLanguage\":\"pl-PL\",\"potentialAction\":[{\"@type\":\"ReadAction\",\"target\":[\"https:\/\/bobimarket.pl\/index.php\/produkt\/walek-malarski-zapas-flock-midi-15cm-do-farb-akryl\/\"]}]},{\"@type\":\"BreadcrumbList\",\"@id\":\"https:\/\/bobimarket.pl\/index.php\/produkt\/walek-malarski-zapas-flock-midi-15cm-do-farb-akryl\/#breadcrumb\",\"itemListElement\":[{\"@type\":\"ListItem\",\"position\":1,\"name\":\"Strona g\u0142\u00f3wna\",\"item\":\"https:\/\/bobimarket.pl\/\"},{\"@type\":\"ListItem\",\"position\":2,\"name\":\"Sklep\",\"item\":\"https:\/\/bobimarket.pl\/index.php\/shop\/\"},{\"@type\":\"ListItem\",\"position\":3,\"name\":\"WA\u0141EK MALARSKI ZAPAS FLOCK MIDI 15CM DO FARB AKRYL\"}]},{\"@type\":\"WebSite\",\"@id\":\"https:\/\/bobimarket.pl\/#website\",\"url\":\"https:\/\/bobimarket.pl\/\",\"name\":\"BOBIMARKET.pl - Remontuj i urz\u0105dzaj z nami\",\"description\":\"Remontuj i urz\u0105dzaj z nami\",\"publisher\":{\"@id\":\"https:\/\/bobimarket.pl\/#organization\"},\"potentialAction\":[{\"@type\":\"SearchAction\",\"target\":{\"@type\":\"EntryPoint\",\"urlTemplate\":\"https:\/\/bobimarket.pl\/?s={search_term_string}\"},\"query-input\":\"required name=search_term_string\"}],\"inLanguage\":\"pl-PL\"},{\"@type\":\"Organization\",\"@id\":\"https:\/\/bobimarket.pl\/#organization\",\"name\":\"BOBIMARKET.pl\",\"url\":\"https:\/\/bobimarket.pl\/\",\"logo\":{\"@type\":\"ImageObject\",\"inLanguage\":\"pl-PL\",\"@id\":\"https:\/\/bobimarket.pl\/#\/schema\/logo\/image\/\",\"url\":\"https:\/\/bobimarket.pl\/wp-content\/uploads\/2021\/11\/slogan.png\",\"contentUrl\":\"https:\/\/bobimarket.pl\/wp-content\/uploads\/2021\/11\/slogan.png\",\"width\":2000,\"height\":384,\"caption\":\"BOBIMARKET.pl\"},\"image\":{\"@id\":\"https:\/\/bobimarket.pl\/#\/schema\/logo\/image\/\"}}]}<\/script>\n<!-- \/ Yoast SEO plugin. -->","yoast_head_json":{"title":"WA\u0141EK MALARSKI ZAPAS FLOCK MIDI 15CM DO FARB AKRYL - BOBIMARKET.pl - Remontuj i urz\u0105dzaj z nami","robots":{"index":"index","follow":"follow","max-snippet":"max-snippet:-1","max-image-preview":"max-image-preview:large","max-video-preview":"max-video-preview:-1"},"canonical":"https:\/\/bobimarket.pl\/index.php\/produkt\/walek-malarski-zapas-flock-midi-15cm-do-farb-akryl\/","og_locale":"pl_PL","og_type":"article","og_title":"WA\u0141EK MALARSKI ZAPAS FLOCK MIDI 15CM DO FARB AKRYL - BOBIMARKET.pl - Remontuj i urz\u0105dzaj z nami","og_description":"WA\u0141EK MALARSKI ZAPAS FLOCK MIDI 15CM DO FARB AKRYL Dane techniczne: D\u0142ugo\u015b\u0107 ca\u0142kowita: +\/- 150 mm \u015arednica: +\/-50 mm Przezaczenie: farby akrylowe i olejne Do g\u0142adkich powierzchni Otw\u00f3r na r\u0105czk\u0119 fi 6 mm \u2705 Zastosowanie: Wa\u0142ek MOLTOFLOK\u00a0 r\u00f3wnomiernie rozprowadza farb\u0119 na malowanych powierzchniach. Jest przeznaczony do farb akrylowych oraz olejnych. Struktura wk\u0142adu doskonale wch\u0142ania farb\u0119,     Czytaj wi\u0119cej \"WA\u0141EK MALARSKI ZAPAS FLOCK MIDI 15CM DO FARB AKRYL\"","og_url":"https:\/\/bobimarket.pl\/index.php\/produkt\/walek-malarski-zapas-flock-midi-15cm-do-farb-akryl\/","og_site_name":"BOBIMARKET.pl - Remontuj i urz\u0105dzaj z nami","article_modified_time":"2025-02-27T13:16:44+00:00","og_image":[{"url":"https:\/\/upload.cdn.baselinker.com\/products\/14476\/bea3f8ff5ea817e766636138e30a79e6.jpg"}],"twitter_card":"summary_large_image","schema":{"@context":"https:\/\/schema.org","@graph":[{"@type":"WebPage","@id":"https:\/\/bobimarket.pl\/index.php\/produkt\/walek-malarski-zapas-flock-midi-15cm-do-farb-akryl\/","url":"https:\/\/bobimarket.pl\/index.php\/produkt\/walek-malarski-zapas-flock-midi-15cm-do-farb-akryl\/","name":"WA\u0141EK MALARSKI ZAPAS FLOCK MIDI 15CM DO FARB AKRYL - BOBIMARKET.pl - Remontuj i urz\u0105dzaj z nami","isPartOf":{"@id":"https:\/\/bobimarket.pl\/#website"},"datePublished":"2023-08-29T13:26:23+00:00","dateModified":"2025-02-27T13:16:44+00:00","breadcrumb":{"@id":"https:\/\/bobimarket.pl\/index.php\/produkt\/walek-malarski-zapas-flock-midi-15cm-do-farb-akryl\/#breadcrumb"},"inLanguage":"pl-PL","potentialAction":[{"@type":"ReadAction","target":["https:\/\/bobimarket.pl\/index.php\/produkt\/walek-malarski-zapas-flock-midi-15cm-do-farb-akryl\/"]}]},{"@type":"BreadcrumbList","@id":"https:\/\/bobimarket.pl\/index.php\/produkt\/walek-malarski-zapas-flock-midi-15cm-do-farb-akryl\/#breadcrumb","itemListElement":[{"@type":"ListItem","position":1,"name":"Strona g\u0142\u00f3wna","item":"https:\/\/bobimarket.pl\/"},{"@type":"ListItem","position":2,"name":"Sklep","item":"https:\/\/bobimarket.pl\/index.php\/shop\/"},{"@type":"ListItem","position":3,"name":"WA\u0141EK MALARSKI ZAPAS FLOCK MIDI 15CM DO FARB AKRYL"}]},{"@type":"WebSite","@id":"https:\/\/bobimarket.pl\/#website","url":"https:\/\/bobimarket.pl\/","name":"BOBIMARKET.pl - Remontuj i urz\u0105dzaj z nami","description":"Remontuj i urz\u0105dzaj z nami","publisher":{"@id":"https:\/\/bobimarket.pl\/#organization"},"potentialAction":[{"@type":"SearchAction","target":{"@type":"EntryPoint","urlTemplate":"https:\/\/bobimarket.pl\/?s={search_term_string}"},"query-input":"required name=search_term_string"}],"inLanguage":"pl-PL"},{"@type":"Organization","@id":"https:\/\/bobimarket.pl\/#organization","name":"BOBIMARKET.pl","url":"https:\/\/bobimarket.pl\/","logo":{"@type":"ImageObject","inLanguage":"pl-PL","@id":"https:\/\/bobimarket.pl\/#\/schema\/logo\/image\/","url":"https:\/\/bobimarket.pl\/wp-content\/uploads\/2021\/11\/slogan.png","contentUrl":"https:\/\/bobimarket.pl\/wp-content\/uploads\/2021\/11\/slogan.png","width":2000,"height":384,"caption":"BOBIMARKET.pl"},"image":{"@id":"https:\/\/bobimarket.pl\/#\/schema\/logo\/image\/"}}]}},"_links":{"self":[{"href":"https:\/\/bobimarket.pl\/index.php\/wp-json\/wp\/v2\/product\/79015"}],"collection":[{"href":"https:\/\/bobimarket.pl\/index.php\/wp-json\/wp\/v2\/product"}],"about":[{"href":"https:\/\/bobimarket.pl\/index.php\/wp-json\/wp\/v2\/types\/product"}],"wp:featuredmedia":[{"embeddable":true,"href":"https:\/\/bobimarket.pl\/index.php\/wp-json\/wp\/v2\/media\/79012"}],"wp:attachment":[{"href":"https:\/\/bobimarket.pl\/index.php\/wp-json\/wp\/v2\/media?parent=79015"}],"wp:term":[{"taxonomy":"product_cat","embeddable":true,"href":"https:\/\/bobimarket.pl\/index.php\/wp-json\/wp\/v2\/product_cat?post=79015"},{"taxonomy":"product_tag","embeddable":true,"href":"https:\/\/bobimarket.pl\/index.php\/wp-json\/wp\/v2\/product_tag?post=79015"}],"curies":[{"name":"wp","href":"https:\/\/api.w.org\/{rel}","templated":true}]}}