{"id":79019,"date":"2023-08-29T13:27:23","date_gmt":"2023-08-29T13:27:23","guid":{"rendered":"https:\/\/bobimarket.pl\/index.php\/produkt\/szczotka-do-mycia-rak-szorowania-czyszczenia\/"},"modified":"2025-02-27T13:16:47","modified_gmt":"2025-02-27T13:16:47","slug":"szczotka-do-mycia-rak-szorowania-czyszczenia","status":"publish","type":"product","link":"https:\/\/bobimarket.pl\/index.php\/produkt\/szczotka-do-mycia-rak-szorowania-czyszczenia\/","title":{"rendered":"SZCZOTKA DO MYCIA R\u0104K SZOROWANIA CZYSZCZENIA"},"content":{"rendered":"<section class=\"section\">\n<div class=\"item item-6\">\n<section class=\"text-item\">\n<h2>SZCZOTKA DO MYCIA R\u0104K SZOROWANIA CZYSZCZENIA<\/h2>\n<p><b>Informacje og\u00f3lne: <\/b><\/p>\n<ul>\n<li>Wymiary:<b> +\/- 9,5x 4 x 5,5cm<\/b><\/li>\n<li>Wysoko\u015b\u0107 w\u0142osia: <b>+\/-1,8 cm<\/b><\/li>\n<li>Materia\u0142: tworzywo , nylon<\/li>\n<\/ul>\n<\/section><\/div>\n<div class=\"item item-6\">\n<section class=\"image-item\">\n                <img decoding=\"async\" src=\"https:\/\/upload.cdn.baselinker.com\/products\/14476\/54219983.jpg\"><br \/>\n            <\/section>\n<\/p><\/div>\n<\/section>\n<section class=\"section\">\n<div class=\"item item-6\">\n<section class=\"image-item\">\n                <img decoding=\"async\" src=\"https:\/\/upload.cdn.baselinker.com\/products\/14476\/54219983_1.jpg\"><br \/>\n            <\/section>\n<\/p><\/div>\n<div class=\"item item-6\">\n<section class=\"text-item\">\n<p>Wysokiej jako\u015bci szczotka do r\u0105k HANDY. Szczotka zosta\u0142a wykonana z tworzywa <b>z w\u0142osiem PVC<\/b>. Wyposa\u017cona w wygodny uchwyt, kt\u00f3ry zapewni pewny chwyt i stabiln\u0105 prace.\u00a0<\/p>\n<\/p>\n<ul>\n<li>Przeznaczona do usuwania brudu z r\u0105k oraz z paznokci.<\/li>\n<li>Solidnie wykonana, co b\u0119dzie owocowa\u0142o d\u0142ugim okresem u\u017cytkowania<\/li>\n<\/ul>\n<\/section><\/div>\n<\/section>\n<section class=\"section\">\n<div class=\"item item-12\">\n<section class=\"image-item\">\n                <img decoding=\"async\" src=\"https:\/\/upload.cdn.baselinker.com\/products\/14476\/54219983_2.jpg\"><br \/>\n            <\/section>\n<\/p><\/div>\n<\/section>\n","protected":false},"excerpt":{"rendered":"<p>SZCZOTKA DO MYCIA R\u0104K SZOROWANIA CZYSZCZENIA Informacje og\u00f3lne: Wymiary: +\/- 9,5x 4 x 5,5cm Wysoko\u015b\u0107 w\u0142osia: +\/-1,8 cm Materia\u0142: tworzywo , nylon Wysokiej jako\u015bci szczotka do r\u0105k HANDY. Szczotka zosta\u0142a wykonana z tworzywa z w\u0142osiem PVC. Wyposa\u017cona w wygodny uchwyt, kt\u00f3ry zapewni pewny chwyt i stabiln\u0105 prace.\u00a0 Przeznaczona do usuwania brudu z r\u0105k oraz z<br \/><a class=\"more-link\" href=\"https:\/\/bobimarket.pl\/index.php\/produkt\/szczotka-do-mycia-rak-szorowania-czyszczenia\/\"><br \/>\n        Czytaj wi\u0119cej<span class=\"screen-reader-text\"> &#8222;SZCZOTKA DO MYCIA R\u0104K SZOROWANIA CZYSZCZENIA&#8221;<\/span><\/a><\/p>\n","protected":false},"featured_media":79016,"template":"","meta":[],"product_cat":[8067],"product_tag":[],"yoast_head":"<!-- This site is optimized with the Yoast SEO plugin v21.0 - https:\/\/yoast.com\/wordpress\/plugins\/seo\/ -->\n<title>SZCZOTKA DO MYCIA R\u0104K SZOROWANIA CZYSZCZENIA - BOBIMARKET.pl - Remontuj i urz\u0105dzaj z nami<\/title>\n<meta name=\"robots\" content=\"index, follow, max-snippet:-1, max-image-preview:large, max-video-preview:-1\" \/>\n<link rel=\"canonical\" href=\"https:\/\/bobimarket.pl\/index.php\/produkt\/szczotka-do-mycia-rak-szorowania-czyszczenia\/\" \/>\n<meta property=\"og:locale\" content=\"pl_PL\" \/>\n<meta property=\"og:type\" content=\"article\" \/>\n<meta property=\"og:title\" content=\"SZCZOTKA DO MYCIA R\u0104K SZOROWANIA CZYSZCZENIA - BOBIMARKET.pl - Remontuj i urz\u0105dzaj z nami\" \/>\n<meta property=\"og:description\" content=\"SZCZOTKA DO MYCIA R\u0104K SZOROWANIA CZYSZCZENIA Informacje og\u00f3lne: Wymiary: +\/- 9,5x 4 x 5,5cm Wysoko\u015b\u0107 w\u0142osia: +\/-1,8 cm Materia\u0142: tworzywo , nylon Wysokiej jako\u015bci szczotka do r\u0105k HANDY. Szczotka zosta\u0142a wykonana z tworzywa z w\u0142osiem PVC. Wyposa\u017cona w wygodny uchwyt, kt\u00f3ry zapewni pewny chwyt i stabiln\u0105 prace.\u00a0 Przeznaczona do usuwania brudu z r\u0105k oraz z     Czytaj wi\u0119cej &quot;SZCZOTKA DO MYCIA R\u0104K SZOROWANIA CZYSZCZENIA&quot;\" \/>\n<meta property=\"og:url\" content=\"https:\/\/bobimarket.pl\/index.php\/produkt\/szczotka-do-mycia-rak-szorowania-czyszczenia\/\" \/>\n<meta property=\"og:site_name\" content=\"BOBIMARKET.pl - Remontuj i urz\u0105dzaj z nami\" \/>\n<meta property=\"article:modified_time\" content=\"2025-02-27T13:16:47+00:00\" \/>\n<meta property=\"og:image\" content=\"https:\/\/upload.cdn.baselinker.com\/products\/14476\/54219983.jpg\" \/>\n<meta name=\"twitter:card\" content=\"summary_large_image\" \/>\n<script type=\"application\/ld+json\" class=\"yoast-schema-graph\">{\"@context\":\"https:\/\/schema.org\",\"@graph\":[{\"@type\":\"WebPage\",\"@id\":\"https:\/\/bobimarket.pl\/index.php\/produkt\/szczotka-do-mycia-rak-szorowania-czyszczenia\/\",\"url\":\"https:\/\/bobimarket.pl\/index.php\/produkt\/szczotka-do-mycia-rak-szorowania-czyszczenia\/\",\"name\":\"SZCZOTKA DO MYCIA R\u0104K SZOROWANIA CZYSZCZENIA - BOBIMARKET.pl - Remontuj i urz\u0105dzaj z nami\",\"isPartOf\":{\"@id\":\"https:\/\/bobimarket.pl\/#website\"},\"datePublished\":\"2023-08-29T13:27:23+00:00\",\"dateModified\":\"2025-02-27T13:16:47+00:00\",\"breadcrumb\":{\"@id\":\"https:\/\/bobimarket.pl\/index.php\/produkt\/szczotka-do-mycia-rak-szorowania-czyszczenia\/#breadcrumb\"},\"inLanguage\":\"pl-PL\",\"potentialAction\":[{\"@type\":\"ReadAction\",\"target\":[\"https:\/\/bobimarket.pl\/index.php\/produkt\/szczotka-do-mycia-rak-szorowania-czyszczenia\/\"]}]},{\"@type\":\"BreadcrumbList\",\"@id\":\"https:\/\/bobimarket.pl\/index.php\/produkt\/szczotka-do-mycia-rak-szorowania-czyszczenia\/#breadcrumb\",\"itemListElement\":[{\"@type\":\"ListItem\",\"position\":1,\"name\":\"Strona g\u0142\u00f3wna\",\"item\":\"https:\/\/bobimarket.pl\/\"},{\"@type\":\"ListItem\",\"position\":2,\"name\":\"Sklep\",\"item\":\"https:\/\/bobimarket.pl\/index.php\/shop\/\"},{\"@type\":\"ListItem\",\"position\":3,\"name\":\"SZCZOTKA DO MYCIA R\u0104K SZOROWANIA CZYSZCZENIA\"}]},{\"@type\":\"WebSite\",\"@id\":\"https:\/\/bobimarket.pl\/#website\",\"url\":\"https:\/\/bobimarket.pl\/\",\"name\":\"BOBIMARKET.pl - Remontuj i urz\u0105dzaj z nami\",\"description\":\"Remontuj i urz\u0105dzaj z nami\",\"publisher\":{\"@id\":\"https:\/\/bobimarket.pl\/#organization\"},\"potentialAction\":[{\"@type\":\"SearchAction\",\"target\":{\"@type\":\"EntryPoint\",\"urlTemplate\":\"https:\/\/bobimarket.pl\/?s={search_term_string}\"},\"query-input\":\"required name=search_term_string\"}],\"inLanguage\":\"pl-PL\"},{\"@type\":\"Organization\",\"@id\":\"https:\/\/bobimarket.pl\/#organization\",\"name\":\"BOBIMARKET.pl\",\"url\":\"https:\/\/bobimarket.pl\/\",\"logo\":{\"@type\":\"ImageObject\",\"inLanguage\":\"pl-PL\",\"@id\":\"https:\/\/bobimarket.pl\/#\/schema\/logo\/image\/\",\"url\":\"https:\/\/bobimarket.pl\/wp-content\/uploads\/2021\/11\/slogan.png\",\"contentUrl\":\"https:\/\/bobimarket.pl\/wp-content\/uploads\/2021\/11\/slogan.png\",\"width\":2000,\"height\":384,\"caption\":\"BOBIMARKET.pl\"},\"image\":{\"@id\":\"https:\/\/bobimarket.pl\/#\/schema\/logo\/image\/\"}}]}<\/script>\n<!-- \/ Yoast SEO plugin. -->","yoast_head_json":{"title":"SZCZOTKA DO MYCIA R\u0104K SZOROWANIA CZYSZCZENIA - BOBIMARKET.pl - Remontuj i urz\u0105dzaj z nami","robots":{"index":"index","follow":"follow","max-snippet":"max-snippet:-1","max-image-preview":"max-image-preview:large","max-video-preview":"max-video-preview:-1"},"canonical":"https:\/\/bobimarket.pl\/index.php\/produkt\/szczotka-do-mycia-rak-szorowania-czyszczenia\/","og_locale":"pl_PL","og_type":"article","og_title":"SZCZOTKA DO MYCIA R\u0104K SZOROWANIA CZYSZCZENIA - BOBIMARKET.pl - Remontuj i urz\u0105dzaj z nami","og_description":"SZCZOTKA DO MYCIA R\u0104K SZOROWANIA CZYSZCZENIA Informacje og\u00f3lne: Wymiary: +\/- 9,5x 4 x 5,5cm Wysoko\u015b\u0107 w\u0142osia: +\/-1,8 cm Materia\u0142: tworzywo , nylon Wysokiej jako\u015bci szczotka do r\u0105k HANDY. Szczotka zosta\u0142a wykonana z tworzywa z w\u0142osiem PVC. Wyposa\u017cona w wygodny uchwyt, kt\u00f3ry zapewni pewny chwyt i stabiln\u0105 prace.\u00a0 Przeznaczona do usuwania brudu z r\u0105k oraz z     Czytaj wi\u0119cej \"SZCZOTKA DO MYCIA R\u0104K SZOROWANIA CZYSZCZENIA\"","og_url":"https:\/\/bobimarket.pl\/index.php\/produkt\/szczotka-do-mycia-rak-szorowania-czyszczenia\/","og_site_name":"BOBIMARKET.pl - Remontuj i urz\u0105dzaj z nami","article_modified_time":"2025-02-27T13:16:47+00:00","og_image":[{"url":"https:\/\/upload.cdn.baselinker.com\/products\/14476\/54219983.jpg"}],"twitter_card":"summary_large_image","schema":{"@context":"https:\/\/schema.org","@graph":[{"@type":"WebPage","@id":"https:\/\/bobimarket.pl\/index.php\/produkt\/szczotka-do-mycia-rak-szorowania-czyszczenia\/","url":"https:\/\/bobimarket.pl\/index.php\/produkt\/szczotka-do-mycia-rak-szorowania-czyszczenia\/","name":"SZCZOTKA DO MYCIA R\u0104K SZOROWANIA CZYSZCZENIA - BOBIMARKET.pl - Remontuj i urz\u0105dzaj z nami","isPartOf":{"@id":"https:\/\/bobimarket.pl\/#website"},"datePublished":"2023-08-29T13:27:23+00:00","dateModified":"2025-02-27T13:16:47+00:00","breadcrumb":{"@id":"https:\/\/bobimarket.pl\/index.php\/produkt\/szczotka-do-mycia-rak-szorowania-czyszczenia\/#breadcrumb"},"inLanguage":"pl-PL","potentialAction":[{"@type":"ReadAction","target":["https:\/\/bobimarket.pl\/index.php\/produkt\/szczotka-do-mycia-rak-szorowania-czyszczenia\/"]}]},{"@type":"BreadcrumbList","@id":"https:\/\/bobimarket.pl\/index.php\/produkt\/szczotka-do-mycia-rak-szorowania-czyszczenia\/#breadcrumb","itemListElement":[{"@type":"ListItem","position":1,"name":"Strona g\u0142\u00f3wna","item":"https:\/\/bobimarket.pl\/"},{"@type":"ListItem","position":2,"name":"Sklep","item":"https:\/\/bobimarket.pl\/index.php\/shop\/"},{"@type":"ListItem","position":3,"name":"SZCZOTKA DO MYCIA R\u0104K SZOROWANIA CZYSZCZENIA"}]},{"@type":"WebSite","@id":"https:\/\/bobimarket.pl\/#website","url":"https:\/\/bobimarket.pl\/","name":"BOBIMARKET.pl - Remontuj i urz\u0105dzaj z nami","description":"Remontuj i urz\u0105dzaj z nami","publisher":{"@id":"https:\/\/bobimarket.pl\/#organization"},"potentialAction":[{"@type":"SearchAction","target":{"@type":"EntryPoint","urlTemplate":"https:\/\/bobimarket.pl\/?s={search_term_string}"},"query-input":"required name=search_term_string"}],"inLanguage":"pl-PL"},{"@type":"Organization","@id":"https:\/\/bobimarket.pl\/#organization","name":"BOBIMARKET.pl","url":"https:\/\/bobimarket.pl\/","logo":{"@type":"ImageObject","inLanguage":"pl-PL","@id":"https:\/\/bobimarket.pl\/#\/schema\/logo\/image\/","url":"https:\/\/bobimarket.pl\/wp-content\/uploads\/2021\/11\/slogan.png","contentUrl":"https:\/\/bobimarket.pl\/wp-content\/uploads\/2021\/11\/slogan.png","width":2000,"height":384,"caption":"BOBIMARKET.pl"},"image":{"@id":"https:\/\/bobimarket.pl\/#\/schema\/logo\/image\/"}}]}},"_links":{"self":[{"href":"https:\/\/bobimarket.pl\/index.php\/wp-json\/wp\/v2\/product\/79019"}],"collection":[{"href":"https:\/\/bobimarket.pl\/index.php\/wp-json\/wp\/v2\/product"}],"about":[{"href":"https:\/\/bobimarket.pl\/index.php\/wp-json\/wp\/v2\/types\/product"}],"wp:featuredmedia":[{"embeddable":true,"href":"https:\/\/bobimarket.pl\/index.php\/wp-json\/wp\/v2\/media\/79016"}],"wp:attachment":[{"href":"https:\/\/bobimarket.pl\/index.php\/wp-json\/wp\/v2\/media?parent=79019"}],"wp:term":[{"taxonomy":"product_cat","embeddable":true,"href":"https:\/\/bobimarket.pl\/index.php\/wp-json\/wp\/v2\/product_cat?post=79019"},{"taxonomy":"product_tag","embeddable":true,"href":"https:\/\/bobimarket.pl\/index.php\/wp-json\/wp\/v2\/product_tag?post=79019"}],"curies":[{"name":"wp","href":"https:\/\/api.w.org\/{rel}","templated":true}]}}