{"id":79038,"date":"2023-08-29T13:28:26","date_gmt":"2023-08-29T13:28:26","guid":{"rendered":"https:\/\/bobimarket.pl\/index.php\/produkt\/kubek-pojemnik-na-zupe-zywnosc-do-mikrofali-620ml\/"},"modified":"2025-02-27T13:16:58","modified_gmt":"2025-02-27T13:16:58","slug":"kubek-pojemnik-na-zupe-zywnosc-do-mikrofali-620ml","status":"publish","type":"product","link":"https:\/\/bobimarket.pl\/index.php\/produkt\/kubek-pojemnik-na-zupe-zywnosc-do-mikrofali-620ml\/","title":{"rendered":"KUBEK POJEMNIK NA ZUP\u0118 \u017bYWNO\u015a\u0106 DO MIKROFALI 620ML"},"content":{"rendered":"<section class=\"section\">\n<div class=\"item item-6\">\n<section class=\"image-item\">\n            <img decoding=\"async\" src=\"https:\/\/upload.cdn.baselinker.com\/products\/14476\/61522349.jpg\" \/><br \/>\n        <\/section>\n<\/p><\/div>\n<div class=\"item item-6\">\n<section class=\"text-item\">\n<h2>KUBEK POJEMNIK NA ZUP\u0118 \u017bYWNO\u015a\u0106 DO MIKROFALI 620ML<\/h2>\n<p><b>Dane techniczne:<\/b><\/p>\n<ul>\n<li>Pojemno\u015b\u0107: <b>620ML<\/b><\/li>\n<li>Materia\u0142: tworzywo<\/li>\n<li>Nie zawiera Bisfenolu (<b>BPA FREE<\/b>)!!!<\/li>\n<li>Producent: <b>HOBBY LIFE<\/b><\/li>\n<li>Wysoka Jako\u015b\u0107!!<\/li>\n<\/ul>\n<p><b>Dost\u0119pne kolory:<\/b><\/p>\n<ul>\n<li>bia\u0142y<\/li>\n<li>czerwony<\/li>\n<\/ul>\n<p>Po dokonaniu zakupu prosimy o wiadomo\u015b\u0107 dotycz\u0105c\u0105 wybranego koloru. W przypadku braku informacji kolor wybierzemy losowo!<\/p>\n<p><b>UWAG<\/b>A! Pojemnik podczas transportu powinien, by\u0107<b> postawiony pionowo<\/b>, aby zapobiec ewentualnemu wylaniu si\u0119 p\u0142ynu znajduj\u0105cego si\u0119 w pojemniku.<\/p>\n<\/section><\/div>\n<\/section>\n<section class=\"section\">\n<div class=\"item item-6\">\n<section class=\"image-item\">\n            <img decoding=\"async\" src=\"https:\/\/upload.cdn.baselinker.com\/products\/14476\/61522349_1.jpg\" \/><br \/>\n        <\/section>\n<\/p><\/div>\n<div class=\"item item-6\">\n<section class=\"text-item\">\n<p><b>Praktyczny i solidny plastikowy kubek z uchem o wszechstronnym zastosowaniu.<\/b><\/p>\n<p>Kubek zosta\u0142 wykonany z <b>wysokiej jako\u015bci tworzywa<\/b>, co b\u0119dzie owocowa\u0142o d\u0142ugim okresem u\u017cytkowania. U\u017cyte do produkcji materia\u0142y nie zawieraj\u0105 szkodliwych zwi\u0105zk\u00f3w chemicznych<b> ( BPA FREE)!<\/b><\/p>\n<p>Kubek posiada <b>pokryw\u0119 z wentylacj\u0105<\/b>, kt\u00f3ra umo\u017cliwi Ci bezproblemowe podgrzewanie w mikrofali.<\/p>\n<p><b>\u2705 ZASTOSOWANIE:<\/b><\/p>\n<ul>\n<li>Doskonale sprawdzi si\u0119 r\u00f3wnie\u017c do podgrzewaniu ulubionych zup, krem\u00f3w itp.<\/li>\n<li>Z powodzeniem mo\u017ce by\u0107 u\u017cywany do przechowywania \u017cywno\u015bci.<\/li>\n<\/ul>\n<\/section><\/div>\n<\/section>\n<section class=\"section\">\n<div class=\"item item-6\">\n<section class=\"image-item\">\n            <img decoding=\"async\" src=\"https:\/\/upload.cdn.baselinker.com\/products\/14476\/61522349_2.jpg\" \/><br \/>\n        <\/section>\n<\/p><\/div>\n<div class=\"item item-6\">\n<section class=\"text-item\">\n<p><b>\u2705 Pojemnik posiada wiele praktycznych zalet:<\/b><\/p>\n<ul>\n<li>Nie t\u0142ucze si\u0119<\/li>\n<li>Jest trwa\u0142y i odporny na uszkodzenia.<\/li>\n<li>Dodatkowo jest lekki<\/li>\n<li>\u0141atwo si\u0119 czy\u015bci<\/li>\n<\/ul>\n<p><b>\u2705 Pojemnik jest przystosowany do:<\/b><\/p>\n<ul>\n<li>Kontaktu z \u017cywno\u015bci\u0105<\/li>\n<li>Do mro\u017cenia<\/li>\n<li>Mo\u017cliwo\u015b\u0107 mycia w zmywarce<\/li>\n<li>Mo\u017cna u\u017cywa\u0107 w kuchence mikrofalowej<\/li>\n<li>Temp. od -25\u00b0+95\u00b0<\/li>\n<\/ul>\n<\/section><\/div>\n<\/section>\n<section class=\"section\">\n<div class=\"item item-12\">\n<section class=\"image-item\">\n            <img decoding=\"async\" src=\"https:\/\/upload.cdn.baselinker.com\/products\/14476\/61522349_3.jpg\" \/><br \/>\n        <\/section>\n<\/p><\/div>\n<\/section>\n","protected":false},"excerpt":{"rendered":"<p>KUBEK POJEMNIK NA ZUP\u0118 \u017bYWNO\u015a\u0106 DO MIKROFALI 620ML Dane techniczne: Pojemno\u015b\u0107: 620ML Materia\u0142: tworzywo Nie zawiera Bisfenolu (BPA FREE)!!! Producent: HOBBY LIFE Wysoka Jako\u015b\u0107!! Dost\u0119pne kolory: bia\u0142y czerwony Po dokonaniu zakupu prosimy o wiadomo\u015b\u0107 dotycz\u0105c\u0105 wybranego koloru. W przypadku braku informacji kolor wybierzemy losowo! UWAGA! Pojemnik podczas transportu powinien, by\u0107 postawiony pionowo, aby zapobiec ewentualnemu<br \/><a class=\"more-link\" href=\"https:\/\/bobimarket.pl\/index.php\/produkt\/kubek-pojemnik-na-zupe-zywnosc-do-mikrofali-620ml\/\"><br \/>\n        Czytaj wi\u0119cej<span class=\"screen-reader-text\"> &#8222;KUBEK POJEMNIK NA ZUP\u0118 \u017bYWNO\u015a\u0106 DO MIKROFALI 620ML&#8221;<\/span><\/a><\/p>\n","protected":false},"featured_media":79034,"template":"","meta":[],"product_cat":[8070],"product_tag":[],"yoast_head":"<!-- This site is optimized with the Yoast SEO plugin v21.0 - https:\/\/yoast.com\/wordpress\/plugins\/seo\/ -->\n<title>KUBEK POJEMNIK NA ZUP\u0118 \u017bYWNO\u015a\u0106 DO MIKROFALI 620ML - BOBIMARKET.pl - Remontuj i urz\u0105dzaj z nami<\/title>\n<meta name=\"robots\" content=\"index, follow, max-snippet:-1, max-image-preview:large, max-video-preview:-1\" \/>\n<link rel=\"canonical\" href=\"https:\/\/bobimarket.pl\/index.php\/produkt\/kubek-pojemnik-na-zupe-zywnosc-do-mikrofali-620ml\/\" \/>\n<meta property=\"og:locale\" content=\"pl_PL\" \/>\n<meta property=\"og:type\" content=\"article\" \/>\n<meta property=\"og:title\" content=\"KUBEK POJEMNIK NA ZUP\u0118 \u017bYWNO\u015a\u0106 DO MIKROFALI 620ML - BOBIMARKET.pl - Remontuj i urz\u0105dzaj z nami\" \/>\n<meta property=\"og:description\" content=\"KUBEK POJEMNIK NA ZUP\u0118 \u017bYWNO\u015a\u0106 DO MIKROFALI 620ML Dane techniczne: Pojemno\u015b\u0107: 620ML Materia\u0142: tworzywo Nie zawiera Bisfenolu (BPA FREE)!!! Producent: HOBBY LIFE Wysoka Jako\u015b\u0107!! Dost\u0119pne kolory: bia\u0142y czerwony Po dokonaniu zakupu prosimy o wiadomo\u015b\u0107 dotycz\u0105c\u0105 wybranego koloru. W przypadku braku informacji kolor wybierzemy losowo! UWAGA! Pojemnik podczas transportu powinien, by\u0107 postawiony pionowo, aby zapobiec ewentualnemu     Czytaj wi\u0119cej &quot;KUBEK POJEMNIK NA ZUP\u0118 \u017bYWNO\u015a\u0106 DO MIKROFALI 620ML&quot;\" \/>\n<meta property=\"og:url\" content=\"https:\/\/bobimarket.pl\/index.php\/produkt\/kubek-pojemnik-na-zupe-zywnosc-do-mikrofali-620ml\/\" \/>\n<meta property=\"og:site_name\" content=\"BOBIMARKET.pl - Remontuj i urz\u0105dzaj z nami\" \/>\n<meta property=\"article:modified_time\" content=\"2025-02-27T13:16:58+00:00\" \/>\n<meta property=\"og:image\" content=\"https:\/\/upload.cdn.baselinker.com\/products\/14476\/61522349.jpg\" \/>\n<meta name=\"twitter:card\" content=\"summary_large_image\" \/>\n<meta name=\"twitter:label1\" content=\"Szacowany czas czytania\" \/>\n\t<meta name=\"twitter:data1\" content=\"1 minuta\" \/>\n<script type=\"application\/ld+json\" class=\"yoast-schema-graph\">{\"@context\":\"https:\/\/schema.org\",\"@graph\":[{\"@type\":\"WebPage\",\"@id\":\"https:\/\/bobimarket.pl\/index.php\/produkt\/kubek-pojemnik-na-zupe-zywnosc-do-mikrofali-620ml\/\",\"url\":\"https:\/\/bobimarket.pl\/index.php\/produkt\/kubek-pojemnik-na-zupe-zywnosc-do-mikrofali-620ml\/\",\"name\":\"KUBEK POJEMNIK NA ZUP\u0118 \u017bYWNO\u015a\u0106 DO MIKROFALI 620ML - BOBIMARKET.pl - Remontuj i urz\u0105dzaj z nami\",\"isPartOf\":{\"@id\":\"https:\/\/bobimarket.pl\/#website\"},\"datePublished\":\"2023-08-29T13:28:26+00:00\",\"dateModified\":\"2025-02-27T13:16:58+00:00\",\"breadcrumb\":{\"@id\":\"https:\/\/bobimarket.pl\/index.php\/produkt\/kubek-pojemnik-na-zupe-zywnosc-do-mikrofali-620ml\/#breadcrumb\"},\"inLanguage\":\"pl-PL\",\"potentialAction\":[{\"@type\":\"ReadAction\",\"target\":[\"https:\/\/bobimarket.pl\/index.php\/produkt\/kubek-pojemnik-na-zupe-zywnosc-do-mikrofali-620ml\/\"]}]},{\"@type\":\"BreadcrumbList\",\"@id\":\"https:\/\/bobimarket.pl\/index.php\/produkt\/kubek-pojemnik-na-zupe-zywnosc-do-mikrofali-620ml\/#breadcrumb\",\"itemListElement\":[{\"@type\":\"ListItem\",\"position\":1,\"name\":\"Strona g\u0142\u00f3wna\",\"item\":\"https:\/\/bobimarket.pl\/\"},{\"@type\":\"ListItem\",\"position\":2,\"name\":\"Sklep\",\"item\":\"https:\/\/bobimarket.pl\/index.php\/shop\/\"},{\"@type\":\"ListItem\",\"position\":3,\"name\":\"KUBEK POJEMNIK NA ZUP\u0118 \u017bYWNO\u015a\u0106 DO MIKROFALI 620ML\"}]},{\"@type\":\"WebSite\",\"@id\":\"https:\/\/bobimarket.pl\/#website\",\"url\":\"https:\/\/bobimarket.pl\/\",\"name\":\"BOBIMARKET.pl - Remontuj i urz\u0105dzaj z nami\",\"description\":\"Remontuj i urz\u0105dzaj z nami\",\"publisher\":{\"@id\":\"https:\/\/bobimarket.pl\/#organization\"},\"potentialAction\":[{\"@type\":\"SearchAction\",\"target\":{\"@type\":\"EntryPoint\",\"urlTemplate\":\"https:\/\/bobimarket.pl\/?s={search_term_string}\"},\"query-input\":\"required name=search_term_string\"}],\"inLanguage\":\"pl-PL\"},{\"@type\":\"Organization\",\"@id\":\"https:\/\/bobimarket.pl\/#organization\",\"name\":\"BOBIMARKET.pl\",\"url\":\"https:\/\/bobimarket.pl\/\",\"logo\":{\"@type\":\"ImageObject\",\"inLanguage\":\"pl-PL\",\"@id\":\"https:\/\/bobimarket.pl\/#\/schema\/logo\/image\/\",\"url\":\"https:\/\/bobimarket.pl\/wp-content\/uploads\/2021\/11\/slogan.png\",\"contentUrl\":\"https:\/\/bobimarket.pl\/wp-content\/uploads\/2021\/11\/slogan.png\",\"width\":2000,\"height\":384,\"caption\":\"BOBIMARKET.pl\"},\"image\":{\"@id\":\"https:\/\/bobimarket.pl\/#\/schema\/logo\/image\/\"}}]}<\/script>\n<!-- \/ Yoast SEO plugin. -->","yoast_head_json":{"title":"KUBEK POJEMNIK NA ZUP\u0118 \u017bYWNO\u015a\u0106 DO MIKROFALI 620ML - BOBIMARKET.pl - Remontuj i urz\u0105dzaj z nami","robots":{"index":"index","follow":"follow","max-snippet":"max-snippet:-1","max-image-preview":"max-image-preview:large","max-video-preview":"max-video-preview:-1"},"canonical":"https:\/\/bobimarket.pl\/index.php\/produkt\/kubek-pojemnik-na-zupe-zywnosc-do-mikrofali-620ml\/","og_locale":"pl_PL","og_type":"article","og_title":"KUBEK POJEMNIK NA ZUP\u0118 \u017bYWNO\u015a\u0106 DO MIKROFALI 620ML - BOBIMARKET.pl - Remontuj i urz\u0105dzaj z nami","og_description":"KUBEK POJEMNIK NA ZUP\u0118 \u017bYWNO\u015a\u0106 DO MIKROFALI 620ML Dane techniczne: Pojemno\u015b\u0107: 620ML Materia\u0142: tworzywo Nie zawiera Bisfenolu (BPA FREE)!!! Producent: HOBBY LIFE Wysoka Jako\u015b\u0107!! Dost\u0119pne kolory: bia\u0142y czerwony Po dokonaniu zakupu prosimy o wiadomo\u015b\u0107 dotycz\u0105c\u0105 wybranego koloru. W przypadku braku informacji kolor wybierzemy losowo! UWAGA! Pojemnik podczas transportu powinien, by\u0107 postawiony pionowo, aby zapobiec ewentualnemu     Czytaj wi\u0119cej \"KUBEK POJEMNIK NA ZUP\u0118 \u017bYWNO\u015a\u0106 DO MIKROFALI 620ML\"","og_url":"https:\/\/bobimarket.pl\/index.php\/produkt\/kubek-pojemnik-na-zupe-zywnosc-do-mikrofali-620ml\/","og_site_name":"BOBIMARKET.pl - Remontuj i urz\u0105dzaj z nami","article_modified_time":"2025-02-27T13:16:58+00:00","og_image":[{"url":"https:\/\/upload.cdn.baselinker.com\/products\/14476\/61522349.jpg"}],"twitter_card":"summary_large_image","twitter_misc":{"Szacowany czas czytania":"1 minuta"},"schema":{"@context":"https:\/\/schema.org","@graph":[{"@type":"WebPage","@id":"https:\/\/bobimarket.pl\/index.php\/produkt\/kubek-pojemnik-na-zupe-zywnosc-do-mikrofali-620ml\/","url":"https:\/\/bobimarket.pl\/index.php\/produkt\/kubek-pojemnik-na-zupe-zywnosc-do-mikrofali-620ml\/","name":"KUBEK POJEMNIK NA ZUP\u0118 \u017bYWNO\u015a\u0106 DO MIKROFALI 620ML - BOBIMARKET.pl - Remontuj i urz\u0105dzaj z nami","isPartOf":{"@id":"https:\/\/bobimarket.pl\/#website"},"datePublished":"2023-08-29T13:28:26+00:00","dateModified":"2025-02-27T13:16:58+00:00","breadcrumb":{"@id":"https:\/\/bobimarket.pl\/index.php\/produkt\/kubek-pojemnik-na-zupe-zywnosc-do-mikrofali-620ml\/#breadcrumb"},"inLanguage":"pl-PL","potentialAction":[{"@type":"ReadAction","target":["https:\/\/bobimarket.pl\/index.php\/produkt\/kubek-pojemnik-na-zupe-zywnosc-do-mikrofali-620ml\/"]}]},{"@type":"BreadcrumbList","@id":"https:\/\/bobimarket.pl\/index.php\/produkt\/kubek-pojemnik-na-zupe-zywnosc-do-mikrofali-620ml\/#breadcrumb","itemListElement":[{"@type":"ListItem","position":1,"name":"Strona g\u0142\u00f3wna","item":"https:\/\/bobimarket.pl\/"},{"@type":"ListItem","position":2,"name":"Sklep","item":"https:\/\/bobimarket.pl\/index.php\/shop\/"},{"@type":"ListItem","position":3,"name":"KUBEK POJEMNIK NA ZUP\u0118 \u017bYWNO\u015a\u0106 DO MIKROFALI 620ML"}]},{"@type":"WebSite","@id":"https:\/\/bobimarket.pl\/#website","url":"https:\/\/bobimarket.pl\/","name":"BOBIMARKET.pl - Remontuj i urz\u0105dzaj z nami","description":"Remontuj i urz\u0105dzaj z nami","publisher":{"@id":"https:\/\/bobimarket.pl\/#organization"},"potentialAction":[{"@type":"SearchAction","target":{"@type":"EntryPoint","urlTemplate":"https:\/\/bobimarket.pl\/?s={search_term_string}"},"query-input":"required name=search_term_string"}],"inLanguage":"pl-PL"},{"@type":"Organization","@id":"https:\/\/bobimarket.pl\/#organization","name":"BOBIMARKET.pl","url":"https:\/\/bobimarket.pl\/","logo":{"@type":"ImageObject","inLanguage":"pl-PL","@id":"https:\/\/bobimarket.pl\/#\/schema\/logo\/image\/","url":"https:\/\/bobimarket.pl\/wp-content\/uploads\/2021\/11\/slogan.png","contentUrl":"https:\/\/bobimarket.pl\/wp-content\/uploads\/2021\/11\/slogan.png","width":2000,"height":384,"caption":"BOBIMARKET.pl"},"image":{"@id":"https:\/\/bobimarket.pl\/#\/schema\/logo\/image\/"}}]}},"_links":{"self":[{"href":"https:\/\/bobimarket.pl\/index.php\/wp-json\/wp\/v2\/product\/79038"}],"collection":[{"href":"https:\/\/bobimarket.pl\/index.php\/wp-json\/wp\/v2\/product"}],"about":[{"href":"https:\/\/bobimarket.pl\/index.php\/wp-json\/wp\/v2\/types\/product"}],"wp:featuredmedia":[{"embeddable":true,"href":"https:\/\/bobimarket.pl\/index.php\/wp-json\/wp\/v2\/media\/79034"}],"wp:attachment":[{"href":"https:\/\/bobimarket.pl\/index.php\/wp-json\/wp\/v2\/media?parent=79038"}],"wp:term":[{"taxonomy":"product_cat","embeddable":true,"href":"https:\/\/bobimarket.pl\/index.php\/wp-json\/wp\/v2\/product_cat?post=79038"},{"taxonomy":"product_tag","embeddable":true,"href":"https:\/\/bobimarket.pl\/index.php\/wp-json\/wp\/v2\/product_tag?post=79038"}],"curies":[{"name":"wp","href":"https:\/\/api.w.org\/{rel}","templated":true}]}}