{"id":79045,"date":"2023-08-29T13:28:52","date_gmt":"2023-08-29T13:28:52","guid":{"rendered":"https:\/\/bobimarket.pl\/index.php\/produkt\/zestaw-piknikowy-turystyczny-na-6-os-bez-bpa-32-el\/"},"modified":"2025-02-27T13:17:02","modified_gmt":"2025-02-27T13:17:02","slug":"zestaw-piknikowy-turystyczny-na-6-os-bez-bpa-32-el","status":"publish","type":"product","link":"https:\/\/bobimarket.pl\/index.php\/produkt\/zestaw-piknikowy-turystyczny-na-6-os-bez-bpa-32-el\/","title":{"rendered":"ZESTAW PIKNIKOWY TURYSTYCZNY na 6 os. BEZ BPA 32 EL"},"content":{"rendered":"<section class=\"section\">\n<div class=\"item item-12\">\n<section class=\"text-item\">\n<h1>ZESTAW PIKNIKOWY TURYSTYCZNY na 6 os. BEZ BPA 32el<\/h1>\n<p><b>Informacje og\u00f3lne: <\/b><\/p>\n<ul>\n<li>Ilo\u015b\u0107 os\u00f3b: <b>6<\/b><\/li>\n<li>Wymiary pojemnika:<b> oko\u0142o 25 x 25 cm<\/b><\/li>\n<li>Wymiary talerzyka:<b> 23 cm x 23 cm <\/b><\/li>\n<li>Pojemno\u015b\u0107 kubka:<b> 300 ml <\/b><\/li>\n<li>Zestaw zawiera:<b> 32 element\u00f3w<\/b><\/li>\n<li>Materia\u0142: tworzywo<\/li>\n<li>Nie zawiera Bisfenolu (<b>BPA FREE<\/b>)!!!<\/li>\n<\/ul>\n<h2>UWAGA!<\/h2>\n<p>Pojemnik wyst\u0119puje w<b> kilku wersjach kolorystycznych.<\/b> Po dokonaniu zakupu prosimy o informacj\u0119 odno\u015bcie wybranego koloru. W przypadku braku informacji wz\u00f3r zostanie wybrany losowo.<\/p>\n<p><b>Aktualnie dost\u0119pne kolory:<\/b><\/p>\n<ul>\n<li><b>CIEMNY SZARY ( grafit)<\/b><\/li>\n<\/ul>\n<p>BRAK KOLORU NIEBIESKIEGO!<\/p>\n<\/section><\/div>\n<\/section>\n<section class=\"section\">\n<div class=\"item item-12\">\n<section class=\"image-item\">\n            <img decoding=\"async\" src=\"https:\/\/upload.cdn.baselinker.com\/products\/14476\/61938001.jpg\" \/><br \/>\n        <\/section>\n<\/p><\/div>\n<\/section>\n<section class=\"section\">\n<div class=\"item item-12\">\n<section class=\"text-item\">\n<h2>Kompletny zestaw piknikowy, kt\u00f3ry zawiera wszystko czego potrzebujesz, aby zje\u015b\u0107 posi\u0142ek na \u015bwie\u017cym powietrzu!<\/h2>\n<p>Praktyczny i uniwersalny komplet piknikowy <b>dla 6 os\u00f3b<\/b>. Wykonany z solidnego plastiku, co b\u0119dzie owocowa\u0142o d\u0142ugim okresem u\u017cytkowania. Materia\u0142, z kt\u00f3rego zosta\u0142y wykonane poszczeg\u00f3lne elementy zestawu nie zawiera szkodliwych zwi\u0105zku chemicznych ( BPA FREE!). Ka\u017cdy element zestawu zosta\u0142 starannie wykonany i wyr\u00f3\u017cnia si\u0119 pi\u0119knym pastelowym kolorem. Sztu\u0107ce maj\u0105 wygodny kszta\u0142t, dopasowany do jamy ustne. Bezpieczne, praktyczne i por\u0119czne.<\/p>\n<\/p>\n<\/section><\/div>\n<\/section>\n<section class=\"section\">\n<div class=\"item item-12\">\n<section class=\"image-item\">\n            <img decoding=\"async\" src=\"https:\/\/upload.cdn.baselinker.com\/products\/14476\/61938001.jpg\" \/><br \/>\n        <\/section>\n<\/p><\/div>\n<\/section>\n<section class=\"section\">\n<div class=\"item item-12\">\n<section class=\"text-item\">\n<p>\u2705 Komplet doskonale sprawdzi si\u0119 <b>podczas piknik\u00f3w, grilli i letnich wyjazd\u00f3w.<\/b> \u015awietna alternatywna dla plastikowych jednorazowych sztu\u0107c\u00f3w. Jest to dobry wyb\u00f3r dla tych, kt\u00f3rzy szukaj\u0105 niedrogiej i praktycznej opcji. Wygodne w u\u017cytkowani i \u0142atwe do utrzymania w czysto\u015bci<\/p>\n<p>\u2705 Pozycj\u0105 obowi\u0105zkowa <b>w baga\u017cu ka\u017cdego podr\u00f3\u017cnika!<\/b> Mo\u017cna ca\u0142y komplet lub pojedyncze elementy zabra\u0107 ze sob\u0105 na letnie wycieczki, ale nie tylko. Nie zajmuj\u0105 du\u017co miejsca, a mog\u0105 uratowa\u0107 w trakcie podr\u00f3\u017cy!<\/p>\n<p>\u2705 Plastikowy zestaw sprawdzi si\u0119 do codziennego u\u017cytku. Z powodzeniem <b>mo\u017ce by\u0107 u\u017cywany przez najm\u0142odszych<\/b> &#8211; ostrze no\u017ca ma z\u0105bkowan\u0105 kraw\u0119d\u017a, kt\u00f3ra u\u0142atwia dziecku krojenie, jednocze\u015bnie maluch nie zrobi sobie nimi krzywdy. Sztu\u0107ce s\u0105 wygodne do trzymania w ma\u0142ych dzieci\u0119cych d\u0142oniach!<\/p>\n<\/p>\n<\/section><\/div>\n<\/section>\n<section class=\"section\">\n<div class=\"item item-12\">\n<section class=\"image-item\">\n            <img decoding=\"async\" src=\"https:\/\/upload.cdn.baselinker.com\/products\/14476\/61938001_4.jpg\" \/><br \/>\n        <\/section>\n<\/p><\/div>\n<\/section>\n<section class=\"section\">\n<div class=\"item item-12\">\n<section class=\"text-item\">\n<p><b>\u2705\u00a0 <\/b><b>Wielokrotnego u\u017cytku<\/b> &#8211; zakup, kt\u00f3ry pos\u0142u\u017cy Ci na d\u0142u\u017cej. Sztu\u0107ce oraz talerzyki mo\u017cna umy\u0107 i ponownie wykorzysta\u0107. Dbasz o sw\u00f3j komfort i \u015brodowisko.<\/p>\n<p><b>\u2705\u00a0 P<\/b><b>raktyczne i por\u0119czne<\/b> &#8211; zestaw jest wygodny w u\u017cytkowaniu. Jest lekki, nie zajmuje du\u017co miejsca. Mo\u017cna go wykorzysta\u0107 w domu, podczas rodzinnych spotka\u0144 w plenerze lub na wycieczkach. Pozwoli Ci w wygodny spos\u00f3b zje\u015b\u0107 posi\u0142ek w dowolnie wybranym miejscu. U\u0142atwi zorganizowanie pikniku na \u015bwie\u017cym powietrzu. Posiada dwa uchwyty u\u0142atwiaj\u0105ce przenoszenie. Idealny sprawdzi si\u0119 podczas:<\/p>\n<ul>\n<li>wycieczek,<\/li>\n<li>piknik\u00f3w,<\/li>\n<li>wyjazd\u00f3w s\u0142u\u017cbowych itp.<\/li>\n<\/ul>\n<\/section><\/div>\n<\/section>\n<section class=\"section\">\n<div class=\"item item-12\">\n<section class=\"image-item\">\n            <img decoding=\"async\" src=\"https:\/\/upload.cdn.baselinker.com\/products\/14476\/61938001_5.jpg\" \/><br \/>\n        <\/section>\n<\/p><\/div>\n<\/section>\n<section class=\"section\">\n<div class=\"item item-12\">\n<section class=\"text-item\">\n<p>Zestaw zawiera 32 elementy, kt\u00f3re mieszcz\u0105 si\u0119 w eleganckim i praktycznym pude\u0142ku. Pokrywa pude\u0142ka zosta\u0142a wyposa\u017cona w r\u0105czk\u0119, u\u0142atwiaj\u0105c\u0105 transport zestawu.<\/p>\n<p><b>\u2705 Zestaw zawiera:<\/b><\/p>\n<ul>\n<li>6 x talerzy<\/li>\n<li>6 x kubeczk\u00f3w (300ml)<\/li>\n<li>6 x \u0142y\u017cek<\/li>\n<li>6 x widelc\u00f3w<\/li>\n<li>6 x no\u017cy<\/li>\n<\/ul>\n<\/section><\/div>\n<\/section>\n<section class=\"section\">\n<div class=\"item item-12\">\n<section class=\"image-item\">\n            <img decoding=\"async\" src=\"https:\/\/upload.cdn.baselinker.com\/products\/14476\/61938001_4.jpg\" \/><br \/>\n        <\/section>\n<\/p><\/div>\n<\/section>\n","protected":false},"excerpt":{"rendered":"<p>ZESTAW PIKNIKOWY TURYSTYCZNY na 6 os. BEZ BPA 32el Informacje og\u00f3lne: Ilo\u015b\u0107 os\u00f3b: 6 Wymiary pojemnika: oko\u0142o 25 x 25 cm Wymiary talerzyka: 23 cm x 23 cm Pojemno\u015b\u0107 kubka: 300 ml Zestaw zawiera: 32 element\u00f3w Materia\u0142: tworzywo Nie zawiera Bisfenolu (BPA FREE)!!! UWAGA! Pojemnik wyst\u0119puje w kilku wersjach kolorystycznych. Po dokonaniu zakupu prosimy o<br \/><a class=\"more-link\" href=\"https:\/\/bobimarket.pl\/index.php\/produkt\/zestaw-piknikowy-turystyczny-na-6-os-bez-bpa-32-el\/\"><br \/>\n        Czytaj wi\u0119cej<span class=\"screen-reader-text\"> &#8222;ZESTAW PIKNIKOWY TURYSTYCZNY na 6 os. BEZ BPA 32 EL&#8221;<\/span><\/a><\/p>\n","protected":false},"featured_media":79039,"template":"","meta":[],"product_cat":[8070],"product_tag":[],"yoast_head":"<!-- This site is optimized with the Yoast SEO plugin v21.0 - https:\/\/yoast.com\/wordpress\/plugins\/seo\/ -->\n<title>ZESTAW PIKNIKOWY TURYSTYCZNY na 6 os. BEZ BPA 32 EL - BOBIMARKET.pl - Remontuj i urz\u0105dzaj z nami<\/title>\n<meta name=\"robots\" content=\"index, follow, max-snippet:-1, max-image-preview:large, max-video-preview:-1\" \/>\n<link rel=\"canonical\" href=\"https:\/\/bobimarket.pl\/index.php\/produkt\/zestaw-piknikowy-turystyczny-na-6-os-bez-bpa-32-el\/\" \/>\n<meta property=\"og:locale\" content=\"pl_PL\" \/>\n<meta property=\"og:type\" content=\"article\" \/>\n<meta property=\"og:title\" content=\"ZESTAW PIKNIKOWY TURYSTYCZNY na 6 os. BEZ BPA 32 EL - BOBIMARKET.pl - Remontuj i urz\u0105dzaj z nami\" \/>\n<meta property=\"og:description\" content=\"ZESTAW PIKNIKOWY TURYSTYCZNY na 6 os. BEZ BPA 32el Informacje og\u00f3lne: Ilo\u015b\u0107 os\u00f3b: 6 Wymiary pojemnika: oko\u0142o 25 x 25 cm Wymiary talerzyka: 23 cm x 23 cm Pojemno\u015b\u0107 kubka: 300 ml Zestaw zawiera: 32 element\u00f3w Materia\u0142: tworzywo Nie zawiera Bisfenolu (BPA FREE)!!! UWAGA! Pojemnik wyst\u0119puje w kilku wersjach kolorystycznych. Po dokonaniu zakupu prosimy o     Czytaj wi\u0119cej &quot;ZESTAW PIKNIKOWY TURYSTYCZNY na 6 os. BEZ BPA 32 EL&quot;\" \/>\n<meta property=\"og:url\" content=\"https:\/\/bobimarket.pl\/index.php\/produkt\/zestaw-piknikowy-turystyczny-na-6-os-bez-bpa-32-el\/\" \/>\n<meta property=\"og:site_name\" content=\"BOBIMARKET.pl - Remontuj i urz\u0105dzaj z nami\" \/>\n<meta property=\"article:modified_time\" content=\"2025-02-27T13:17:02+00:00\" \/>\n<meta property=\"og:image\" content=\"https:\/\/upload.cdn.baselinker.com\/products\/14476\/61938001.jpg\" \/>\n<meta name=\"twitter:card\" content=\"summary_large_image\" \/>\n<meta name=\"twitter:label1\" content=\"Szacowany czas czytania\" \/>\n\t<meta name=\"twitter:data1\" content=\"2 minuty\" \/>\n<script type=\"application\/ld+json\" class=\"yoast-schema-graph\">{\"@context\":\"https:\/\/schema.org\",\"@graph\":[{\"@type\":\"WebPage\",\"@id\":\"https:\/\/bobimarket.pl\/index.php\/produkt\/zestaw-piknikowy-turystyczny-na-6-os-bez-bpa-32-el\/\",\"url\":\"https:\/\/bobimarket.pl\/index.php\/produkt\/zestaw-piknikowy-turystyczny-na-6-os-bez-bpa-32-el\/\",\"name\":\"ZESTAW PIKNIKOWY TURYSTYCZNY na 6 os. BEZ BPA 32 EL - BOBIMARKET.pl - Remontuj i urz\u0105dzaj z nami\",\"isPartOf\":{\"@id\":\"https:\/\/bobimarket.pl\/#website\"},\"datePublished\":\"2023-08-29T13:28:52+00:00\",\"dateModified\":\"2025-02-27T13:17:02+00:00\",\"breadcrumb\":{\"@id\":\"https:\/\/bobimarket.pl\/index.php\/produkt\/zestaw-piknikowy-turystyczny-na-6-os-bez-bpa-32-el\/#breadcrumb\"},\"inLanguage\":\"pl-PL\",\"potentialAction\":[{\"@type\":\"ReadAction\",\"target\":[\"https:\/\/bobimarket.pl\/index.php\/produkt\/zestaw-piknikowy-turystyczny-na-6-os-bez-bpa-32-el\/\"]}]},{\"@type\":\"BreadcrumbList\",\"@id\":\"https:\/\/bobimarket.pl\/index.php\/produkt\/zestaw-piknikowy-turystyczny-na-6-os-bez-bpa-32-el\/#breadcrumb\",\"itemListElement\":[{\"@type\":\"ListItem\",\"position\":1,\"name\":\"Strona g\u0142\u00f3wna\",\"item\":\"https:\/\/bobimarket.pl\/\"},{\"@type\":\"ListItem\",\"position\":2,\"name\":\"Sklep\",\"item\":\"https:\/\/bobimarket.pl\/index.php\/shop\/\"},{\"@type\":\"ListItem\",\"position\":3,\"name\":\"ZESTAW PIKNIKOWY TURYSTYCZNY na 6 os. BEZ BPA 32 EL\"}]},{\"@type\":\"WebSite\",\"@id\":\"https:\/\/bobimarket.pl\/#website\",\"url\":\"https:\/\/bobimarket.pl\/\",\"name\":\"BOBIMARKET.pl - Remontuj i urz\u0105dzaj z nami\",\"description\":\"Remontuj i urz\u0105dzaj z nami\",\"publisher\":{\"@id\":\"https:\/\/bobimarket.pl\/#organization\"},\"potentialAction\":[{\"@type\":\"SearchAction\",\"target\":{\"@type\":\"EntryPoint\",\"urlTemplate\":\"https:\/\/bobimarket.pl\/?s={search_term_string}\"},\"query-input\":\"required name=search_term_string\"}],\"inLanguage\":\"pl-PL\"},{\"@type\":\"Organization\",\"@id\":\"https:\/\/bobimarket.pl\/#organization\",\"name\":\"BOBIMARKET.pl\",\"url\":\"https:\/\/bobimarket.pl\/\",\"logo\":{\"@type\":\"ImageObject\",\"inLanguage\":\"pl-PL\",\"@id\":\"https:\/\/bobimarket.pl\/#\/schema\/logo\/image\/\",\"url\":\"https:\/\/bobimarket.pl\/wp-content\/uploads\/2021\/11\/slogan.png\",\"contentUrl\":\"https:\/\/bobimarket.pl\/wp-content\/uploads\/2021\/11\/slogan.png\",\"width\":2000,\"height\":384,\"caption\":\"BOBIMARKET.pl\"},\"image\":{\"@id\":\"https:\/\/bobimarket.pl\/#\/schema\/logo\/image\/\"}}]}<\/script>\n<!-- \/ Yoast SEO plugin. -->","yoast_head_json":{"title":"ZESTAW PIKNIKOWY TURYSTYCZNY na 6 os. BEZ BPA 32 EL - BOBIMARKET.pl - Remontuj i urz\u0105dzaj z nami","robots":{"index":"index","follow":"follow","max-snippet":"max-snippet:-1","max-image-preview":"max-image-preview:large","max-video-preview":"max-video-preview:-1"},"canonical":"https:\/\/bobimarket.pl\/index.php\/produkt\/zestaw-piknikowy-turystyczny-na-6-os-bez-bpa-32-el\/","og_locale":"pl_PL","og_type":"article","og_title":"ZESTAW PIKNIKOWY TURYSTYCZNY na 6 os. BEZ BPA 32 EL - BOBIMARKET.pl - Remontuj i urz\u0105dzaj z nami","og_description":"ZESTAW PIKNIKOWY TURYSTYCZNY na 6 os. BEZ BPA 32el Informacje og\u00f3lne: Ilo\u015b\u0107 os\u00f3b: 6 Wymiary pojemnika: oko\u0142o 25 x 25 cm Wymiary talerzyka: 23 cm x 23 cm Pojemno\u015b\u0107 kubka: 300 ml Zestaw zawiera: 32 element\u00f3w Materia\u0142: tworzywo Nie zawiera Bisfenolu (BPA FREE)!!! UWAGA! Pojemnik wyst\u0119puje w kilku wersjach kolorystycznych. Po dokonaniu zakupu prosimy o     Czytaj wi\u0119cej \"ZESTAW PIKNIKOWY TURYSTYCZNY na 6 os. BEZ BPA 32 EL\"","og_url":"https:\/\/bobimarket.pl\/index.php\/produkt\/zestaw-piknikowy-turystyczny-na-6-os-bez-bpa-32-el\/","og_site_name":"BOBIMARKET.pl - Remontuj i urz\u0105dzaj z nami","article_modified_time":"2025-02-27T13:17:02+00:00","og_image":[{"url":"https:\/\/upload.cdn.baselinker.com\/products\/14476\/61938001.jpg"}],"twitter_card":"summary_large_image","twitter_misc":{"Szacowany czas czytania":"2 minuty"},"schema":{"@context":"https:\/\/schema.org","@graph":[{"@type":"WebPage","@id":"https:\/\/bobimarket.pl\/index.php\/produkt\/zestaw-piknikowy-turystyczny-na-6-os-bez-bpa-32-el\/","url":"https:\/\/bobimarket.pl\/index.php\/produkt\/zestaw-piknikowy-turystyczny-na-6-os-bez-bpa-32-el\/","name":"ZESTAW PIKNIKOWY TURYSTYCZNY na 6 os. BEZ BPA 32 EL - BOBIMARKET.pl - Remontuj i urz\u0105dzaj z nami","isPartOf":{"@id":"https:\/\/bobimarket.pl\/#website"},"datePublished":"2023-08-29T13:28:52+00:00","dateModified":"2025-02-27T13:17:02+00:00","breadcrumb":{"@id":"https:\/\/bobimarket.pl\/index.php\/produkt\/zestaw-piknikowy-turystyczny-na-6-os-bez-bpa-32-el\/#breadcrumb"},"inLanguage":"pl-PL","potentialAction":[{"@type":"ReadAction","target":["https:\/\/bobimarket.pl\/index.php\/produkt\/zestaw-piknikowy-turystyczny-na-6-os-bez-bpa-32-el\/"]}]},{"@type":"BreadcrumbList","@id":"https:\/\/bobimarket.pl\/index.php\/produkt\/zestaw-piknikowy-turystyczny-na-6-os-bez-bpa-32-el\/#breadcrumb","itemListElement":[{"@type":"ListItem","position":1,"name":"Strona g\u0142\u00f3wna","item":"https:\/\/bobimarket.pl\/"},{"@type":"ListItem","position":2,"name":"Sklep","item":"https:\/\/bobimarket.pl\/index.php\/shop\/"},{"@type":"ListItem","position":3,"name":"ZESTAW PIKNIKOWY TURYSTYCZNY na 6 os. BEZ BPA 32 EL"}]},{"@type":"WebSite","@id":"https:\/\/bobimarket.pl\/#website","url":"https:\/\/bobimarket.pl\/","name":"BOBIMARKET.pl - Remontuj i urz\u0105dzaj z nami","description":"Remontuj i urz\u0105dzaj z nami","publisher":{"@id":"https:\/\/bobimarket.pl\/#organization"},"potentialAction":[{"@type":"SearchAction","target":{"@type":"EntryPoint","urlTemplate":"https:\/\/bobimarket.pl\/?s={search_term_string}"},"query-input":"required name=search_term_string"}],"inLanguage":"pl-PL"},{"@type":"Organization","@id":"https:\/\/bobimarket.pl\/#organization","name":"BOBIMARKET.pl","url":"https:\/\/bobimarket.pl\/","logo":{"@type":"ImageObject","inLanguage":"pl-PL","@id":"https:\/\/bobimarket.pl\/#\/schema\/logo\/image\/","url":"https:\/\/bobimarket.pl\/wp-content\/uploads\/2021\/11\/slogan.png","contentUrl":"https:\/\/bobimarket.pl\/wp-content\/uploads\/2021\/11\/slogan.png","width":2000,"height":384,"caption":"BOBIMARKET.pl"},"image":{"@id":"https:\/\/bobimarket.pl\/#\/schema\/logo\/image\/"}}]}},"_links":{"self":[{"href":"https:\/\/bobimarket.pl\/index.php\/wp-json\/wp\/v2\/product\/79045"}],"collection":[{"href":"https:\/\/bobimarket.pl\/index.php\/wp-json\/wp\/v2\/product"}],"about":[{"href":"https:\/\/bobimarket.pl\/index.php\/wp-json\/wp\/v2\/types\/product"}],"wp:featuredmedia":[{"embeddable":true,"href":"https:\/\/bobimarket.pl\/index.php\/wp-json\/wp\/v2\/media\/79039"}],"wp:attachment":[{"href":"https:\/\/bobimarket.pl\/index.php\/wp-json\/wp\/v2\/media?parent=79045"}],"wp:term":[{"taxonomy":"product_cat","embeddable":true,"href":"https:\/\/bobimarket.pl\/index.php\/wp-json\/wp\/v2\/product_cat?post=79045"},{"taxonomy":"product_tag","embeddable":true,"href":"https:\/\/bobimarket.pl\/index.php\/wp-json\/wp\/v2\/product_tag?post=79045"}],"curies":[{"name":"wp","href":"https:\/\/api.w.org\/{rel}","templated":true}]}}