{"id":79086,"date":"2023-08-29T13:36:08","date_gmt":"2023-08-29T13:36:08","guid":{"rendered":"https:\/\/bobimarket.pl\/index.php\/produkt\/foremki-papierowe-muffinki-babeczki-60szt-fi-90mm\/"},"modified":"2025-02-27T13:17:37","modified_gmt":"2025-02-27T13:17:37","slug":"foremki-papierowe-muffinki-babeczki-60szt-fi-90mm","status":"publish","type":"product","link":"https:\/\/bobimarket.pl\/index.php\/produkt\/foremki-papierowe-muffinki-babeczki-60szt-fi-90mm\/","title":{"rendered":"FOREMKI PAPIEROWE MUFFINKI BABECZKI 60SZT FI 90MM"},"content":{"rendered":"<section class=\"section\">\n<div class=\"item item-6\">\n<section class=\"text-item\">\n<h2>FOREMKI PAPIEROWE MUFFINKI BABECZKI 60SZT FI 90MM<\/h2>\n<p>Dane techniczne:<\/p>\n<ul>\n<li>\u015arednica:<b> 90 mm<\/b><\/li>\n<li>Nie zawiera <b>BPA<\/b><\/li>\n<li>Fakturowana<\/li>\n<li>Materia\u0142: Papier<\/li>\n<li>Zestaw zawiera <b>60szt!!<\/b><\/li>\n<\/ul>\n<\/section><\/div>\n<div class=\"item item-6\">\n<section class=\"image-item\">\n                <img decoding=\"async\" src=\"https:\/\/upload.cdn.baselinker.com\/products\/14476\/70785713.jpg\" \/><br \/>\n            <\/section>\n<\/p><\/div>\n<\/section>\n<section class=\"section\">\n<div class=\"item item-6\">\n<section class=\"image-item\">\n                <img decoding=\"async\" src=\"https:\/\/upload.cdn.baselinker.com\/products\/14476\/70785713_1.jpg\" \/><br \/>\n            <\/section>\n<\/p><\/div>\n<div class=\"item item-6\">\n<section class=\"text-item\">\n<p>Wysokiej jako\u015bci formki do pieczenia babeczek muffinek itp<\/p>\n<p>Produkt wykonany z papieru.Odporny na wysokie temperatury. Nie zawiera <b>BPA <\/b>oraz posiada certyfikat dopuszczaj\u0105cy do kontaktu z \u017cywno\u015bci\u0105.<\/p>\n<\/section><\/div>\n<\/section>\n","protected":false},"excerpt":{"rendered":"<p>FOREMKI PAPIEROWE MUFFINKI BABECZKI 60SZT FI 90MM Dane techniczne: \u015arednica: 90 mm Nie zawiera BPA Fakturowana Materia\u0142: Papier Zestaw zawiera 60szt!! Wysokiej jako\u015bci formki do pieczenia babeczek muffinek itp Produkt wykonany z papieru.Odporny na wysokie temperatury. Nie zawiera BPA oraz posiada certyfikat dopuszczaj\u0105cy do kontaktu z \u017cywno\u015bci\u0105.<\/p>\n","protected":false},"featured_media":79084,"template":"","meta":[],"product_cat":[8075],"product_tag":[],"yoast_head":"<!-- This site is optimized with the Yoast SEO plugin v21.0 - https:\/\/yoast.com\/wordpress\/plugins\/seo\/ -->\n<title>FOREMKI PAPIEROWE MUFFINKI BABECZKI 60SZT FI 90MM - BOBIMARKET.pl - Remontuj i urz\u0105dzaj z nami<\/title>\n<meta name=\"robots\" content=\"index, follow, max-snippet:-1, max-image-preview:large, max-video-preview:-1\" \/>\n<link rel=\"canonical\" href=\"https:\/\/bobimarket.pl\/index.php\/produkt\/foremki-papierowe-muffinki-babeczki-60szt-fi-90mm\/\" \/>\n<meta property=\"og:locale\" content=\"pl_PL\" \/>\n<meta property=\"og:type\" content=\"article\" \/>\n<meta property=\"og:title\" content=\"FOREMKI PAPIEROWE MUFFINKI BABECZKI 60SZT FI 90MM - BOBIMARKET.pl - Remontuj i urz\u0105dzaj z nami\" \/>\n<meta property=\"og:description\" content=\"FOREMKI PAPIEROWE MUFFINKI BABECZKI 60SZT FI 90MM Dane techniczne: \u015arednica: 90 mm Nie zawiera BPA Fakturowana Materia\u0142: Papier Zestaw zawiera 60szt!! Wysokiej jako\u015bci formki do pieczenia babeczek muffinek itp Produkt wykonany z papieru.Odporny na wysokie temperatury. Nie zawiera BPA oraz posiada certyfikat dopuszczaj\u0105cy do kontaktu z \u017cywno\u015bci\u0105.\" \/>\n<meta property=\"og:url\" content=\"https:\/\/bobimarket.pl\/index.php\/produkt\/foremki-papierowe-muffinki-babeczki-60szt-fi-90mm\/\" \/>\n<meta property=\"og:site_name\" content=\"BOBIMARKET.pl - Remontuj i urz\u0105dzaj z nami\" \/>\n<meta property=\"article:modified_time\" content=\"2025-02-27T13:17:37+00:00\" \/>\n<meta property=\"og:image\" content=\"https:\/\/upload.cdn.baselinker.com\/products\/14476\/70785713.jpg\" \/>\n<meta name=\"twitter:card\" content=\"summary_large_image\" \/>\n<script type=\"application\/ld+json\" class=\"yoast-schema-graph\">{\"@context\":\"https:\/\/schema.org\",\"@graph\":[{\"@type\":\"WebPage\",\"@id\":\"https:\/\/bobimarket.pl\/index.php\/produkt\/foremki-papierowe-muffinki-babeczki-60szt-fi-90mm\/\",\"url\":\"https:\/\/bobimarket.pl\/index.php\/produkt\/foremki-papierowe-muffinki-babeczki-60szt-fi-90mm\/\",\"name\":\"FOREMKI PAPIEROWE MUFFINKI BABECZKI 60SZT FI 90MM - BOBIMARKET.pl - Remontuj i urz\u0105dzaj z nami\",\"isPartOf\":{\"@id\":\"https:\/\/bobimarket.pl\/#website\"},\"datePublished\":\"2023-08-29T13:36:08+00:00\",\"dateModified\":\"2025-02-27T13:17:37+00:00\",\"breadcrumb\":{\"@id\":\"https:\/\/bobimarket.pl\/index.php\/produkt\/foremki-papierowe-muffinki-babeczki-60szt-fi-90mm\/#breadcrumb\"},\"inLanguage\":\"pl-PL\",\"potentialAction\":[{\"@type\":\"ReadAction\",\"target\":[\"https:\/\/bobimarket.pl\/index.php\/produkt\/foremki-papierowe-muffinki-babeczki-60szt-fi-90mm\/\"]}]},{\"@type\":\"BreadcrumbList\",\"@id\":\"https:\/\/bobimarket.pl\/index.php\/produkt\/foremki-papierowe-muffinki-babeczki-60szt-fi-90mm\/#breadcrumb\",\"itemListElement\":[{\"@type\":\"ListItem\",\"position\":1,\"name\":\"Strona g\u0142\u00f3wna\",\"item\":\"https:\/\/bobimarket.pl\/\"},{\"@type\":\"ListItem\",\"position\":2,\"name\":\"Sklep\",\"item\":\"https:\/\/bobimarket.pl\/index.php\/shop\/\"},{\"@type\":\"ListItem\",\"position\":3,\"name\":\"FOREMKI PAPIEROWE MUFFINKI BABECZKI 60SZT FI 90MM\"}]},{\"@type\":\"WebSite\",\"@id\":\"https:\/\/bobimarket.pl\/#website\",\"url\":\"https:\/\/bobimarket.pl\/\",\"name\":\"BOBIMARKET.pl - Remontuj i urz\u0105dzaj z nami\",\"description\":\"Remontuj i urz\u0105dzaj z nami\",\"publisher\":{\"@id\":\"https:\/\/bobimarket.pl\/#organization\"},\"potentialAction\":[{\"@type\":\"SearchAction\",\"target\":{\"@type\":\"EntryPoint\",\"urlTemplate\":\"https:\/\/bobimarket.pl\/?s={search_term_string}\"},\"query-input\":\"required name=search_term_string\"}],\"inLanguage\":\"pl-PL\"},{\"@type\":\"Organization\",\"@id\":\"https:\/\/bobimarket.pl\/#organization\",\"name\":\"BOBIMARKET.pl\",\"url\":\"https:\/\/bobimarket.pl\/\",\"logo\":{\"@type\":\"ImageObject\",\"inLanguage\":\"pl-PL\",\"@id\":\"https:\/\/bobimarket.pl\/#\/schema\/logo\/image\/\",\"url\":\"https:\/\/bobimarket.pl\/wp-content\/uploads\/2021\/11\/slogan.png\",\"contentUrl\":\"https:\/\/bobimarket.pl\/wp-content\/uploads\/2021\/11\/slogan.png\",\"width\":2000,\"height\":384,\"caption\":\"BOBIMARKET.pl\"},\"image\":{\"@id\":\"https:\/\/bobimarket.pl\/#\/schema\/logo\/image\/\"}}]}<\/script>\n<!-- \/ Yoast SEO plugin. -->","yoast_head_json":{"title":"FOREMKI PAPIEROWE MUFFINKI BABECZKI 60SZT FI 90MM - BOBIMARKET.pl - Remontuj i urz\u0105dzaj z nami","robots":{"index":"index","follow":"follow","max-snippet":"max-snippet:-1","max-image-preview":"max-image-preview:large","max-video-preview":"max-video-preview:-1"},"canonical":"https:\/\/bobimarket.pl\/index.php\/produkt\/foremki-papierowe-muffinki-babeczki-60szt-fi-90mm\/","og_locale":"pl_PL","og_type":"article","og_title":"FOREMKI PAPIEROWE MUFFINKI BABECZKI 60SZT FI 90MM - BOBIMARKET.pl - Remontuj i urz\u0105dzaj z nami","og_description":"FOREMKI PAPIEROWE MUFFINKI BABECZKI 60SZT FI 90MM Dane techniczne: \u015arednica: 90 mm Nie zawiera BPA Fakturowana Materia\u0142: Papier Zestaw zawiera 60szt!! Wysokiej jako\u015bci formki do pieczenia babeczek muffinek itp Produkt wykonany z papieru.Odporny na wysokie temperatury. Nie zawiera BPA oraz posiada certyfikat dopuszczaj\u0105cy do kontaktu z \u017cywno\u015bci\u0105.","og_url":"https:\/\/bobimarket.pl\/index.php\/produkt\/foremki-papierowe-muffinki-babeczki-60szt-fi-90mm\/","og_site_name":"BOBIMARKET.pl - Remontuj i urz\u0105dzaj z nami","article_modified_time":"2025-02-27T13:17:37+00:00","og_image":[{"url":"https:\/\/upload.cdn.baselinker.com\/products\/14476\/70785713.jpg"}],"twitter_card":"summary_large_image","schema":{"@context":"https:\/\/schema.org","@graph":[{"@type":"WebPage","@id":"https:\/\/bobimarket.pl\/index.php\/produkt\/foremki-papierowe-muffinki-babeczki-60szt-fi-90mm\/","url":"https:\/\/bobimarket.pl\/index.php\/produkt\/foremki-papierowe-muffinki-babeczki-60szt-fi-90mm\/","name":"FOREMKI PAPIEROWE MUFFINKI BABECZKI 60SZT FI 90MM - BOBIMARKET.pl - Remontuj i urz\u0105dzaj z nami","isPartOf":{"@id":"https:\/\/bobimarket.pl\/#website"},"datePublished":"2023-08-29T13:36:08+00:00","dateModified":"2025-02-27T13:17:37+00:00","breadcrumb":{"@id":"https:\/\/bobimarket.pl\/index.php\/produkt\/foremki-papierowe-muffinki-babeczki-60szt-fi-90mm\/#breadcrumb"},"inLanguage":"pl-PL","potentialAction":[{"@type":"ReadAction","target":["https:\/\/bobimarket.pl\/index.php\/produkt\/foremki-papierowe-muffinki-babeczki-60szt-fi-90mm\/"]}]},{"@type":"BreadcrumbList","@id":"https:\/\/bobimarket.pl\/index.php\/produkt\/foremki-papierowe-muffinki-babeczki-60szt-fi-90mm\/#breadcrumb","itemListElement":[{"@type":"ListItem","position":1,"name":"Strona g\u0142\u00f3wna","item":"https:\/\/bobimarket.pl\/"},{"@type":"ListItem","position":2,"name":"Sklep","item":"https:\/\/bobimarket.pl\/index.php\/shop\/"},{"@type":"ListItem","position":3,"name":"FOREMKI PAPIEROWE MUFFINKI BABECZKI 60SZT FI 90MM"}]},{"@type":"WebSite","@id":"https:\/\/bobimarket.pl\/#website","url":"https:\/\/bobimarket.pl\/","name":"BOBIMARKET.pl - Remontuj i urz\u0105dzaj z nami","description":"Remontuj i urz\u0105dzaj z nami","publisher":{"@id":"https:\/\/bobimarket.pl\/#organization"},"potentialAction":[{"@type":"SearchAction","target":{"@type":"EntryPoint","urlTemplate":"https:\/\/bobimarket.pl\/?s={search_term_string}"},"query-input":"required name=search_term_string"}],"inLanguage":"pl-PL"},{"@type":"Organization","@id":"https:\/\/bobimarket.pl\/#organization","name":"BOBIMARKET.pl","url":"https:\/\/bobimarket.pl\/","logo":{"@type":"ImageObject","inLanguage":"pl-PL","@id":"https:\/\/bobimarket.pl\/#\/schema\/logo\/image\/","url":"https:\/\/bobimarket.pl\/wp-content\/uploads\/2021\/11\/slogan.png","contentUrl":"https:\/\/bobimarket.pl\/wp-content\/uploads\/2021\/11\/slogan.png","width":2000,"height":384,"caption":"BOBIMARKET.pl"},"image":{"@id":"https:\/\/bobimarket.pl\/#\/schema\/logo\/image\/"}}]}},"_links":{"self":[{"href":"https:\/\/bobimarket.pl\/index.php\/wp-json\/wp\/v2\/product\/79086"}],"collection":[{"href":"https:\/\/bobimarket.pl\/index.php\/wp-json\/wp\/v2\/product"}],"about":[{"href":"https:\/\/bobimarket.pl\/index.php\/wp-json\/wp\/v2\/types\/product"}],"wp:featuredmedia":[{"embeddable":true,"href":"https:\/\/bobimarket.pl\/index.php\/wp-json\/wp\/v2\/media\/79084"}],"wp:attachment":[{"href":"https:\/\/bobimarket.pl\/index.php\/wp-json\/wp\/v2\/media?parent=79086"}],"wp:term":[{"taxonomy":"product_cat","embeddable":true,"href":"https:\/\/bobimarket.pl\/index.php\/wp-json\/wp\/v2\/product_cat?post=79086"},{"taxonomy":"product_tag","embeddable":true,"href":"https:\/\/bobimarket.pl\/index.php\/wp-json\/wp\/v2\/product_tag?post=79086"}],"curies":[{"name":"wp","href":"https:\/\/api.w.org\/{rel}","templated":true}]}}