{"id":79101,"date":"2023-08-29T13:39:36","date_gmt":"2023-08-29T13:39:36","guid":{"rendered":"https:\/\/bobimarket.pl\/index.php\/produkt\/opaski-kablowe-zaciskowe-biale25x150\/"},"modified":"2025-02-27T13:17:52","modified_gmt":"2025-02-27T13:17:52","slug":"opaski-kablowe-zaciskowe-biale25x150","status":"publish","type":"product","link":"https:\/\/bobimarket.pl\/index.php\/produkt\/opaski-kablowe-zaciskowe-biale25x150\/","title":{"rendered":"OPASKI KABLOWE ZACISKOWE BIA\u0141E2,5X150"},"content":{"rendered":"<section class=\"section\">\n<div class=\"item item-6\">\n<section class=\"text-item\">\n<h2>OPASKI KABLOWE ZACISKOWE BIA\u0141E2,5 MM X 150 MM<\/h2>\n<p><b>Dane techniczne:<\/b><\/p>\n<ul>\n<li>Szeroko\u015b\u0107: <b>2,5<\/b>\u00a0<b>mm<\/b><\/li>\n<li>D\u0142ugo\u015b\u0107:<b> 150 mm<\/b><\/li>\n<li>Kolor:<b> bia\u0142y<\/b><\/li>\n<li>Ilo\u015b\u0107:<b> 100 szt\u00a0<\/b>w opakowaniu<\/li>\n<li>Materia\u0142: tworzywo<\/li>\n<\/ul>\n<\/section><\/div>\n<div class=\"item item-6\">\n<section class=\"image-item\">\n            <img decoding=\"async\" src=\"https:\/\/upload.cdn.baselinker.com\/products\/14476\/74230191.jpg\" \/><br \/>\n        <\/section>\n<\/p><\/div>\n<\/section>\n<section class=\"section\">\n<div class=\"item item-6\">\n<section class=\"image-item\">\n            <img decoding=\"async\" src=\"https:\/\/upload.cdn.baselinker.com\/products\/14476\/74230191_1.jpg\" \/><br \/>\n        <\/section>\n<\/p><\/div>\n<div class=\"item item-6\">\n<section class=\"text-item\">\n<p>Opaski kablowe, trytytki maj\u0105 szerokie zastosowanie, niezb\u0119dne w ka\u017cdym domu, gara\u017cu, przemy\u015ble, firmie.<\/p>\n<p>Umo\u017cliwiaj\u0105 sta\u0142e, trawa\u0142e \u0142\u0105czenie dw\u00f3ch przedmiot\u00f3w ze sob\u0105.\u00a0<\/p>\n<p>Dzi\u0119ku mocnemu mechanizmowi zapadkowemu, kt\u00f3ry zabezpiecza przed poluzowaniem.<\/p>\n<\/section><\/div>\n<\/section>\n<section class=\"section\">\n<div class=\"item item-12\">\n<section class=\"image-item\">\n            <img decoding=\"async\" src=\"https:\/\/upload.cdn.baselinker.com\/products\/14476\/74230191_2.jpg\" \/><br \/>\n        <\/section>\n<\/p><\/div>\n<\/section>\n","protected":false},"excerpt":{"rendered":"<p>OPASKI KABLOWE ZACISKOWE BIA\u0141E2,5 MM X 150 MM Dane techniczne: Szeroko\u015b\u0107: 2,5\u00a0mm D\u0142ugo\u015b\u0107: 150 mm Kolor: bia\u0142y Ilo\u015b\u0107: 100 szt\u00a0w opakowaniu Materia\u0142: tworzywo Opaski kablowe, trytytki maj\u0105 szerokie zastosowanie, niezb\u0119dne w ka\u017cdym domu, gara\u017cu, przemy\u015ble, firmie. Umo\u017cliwiaj\u0105 sta\u0142e, trawa\u0142e \u0142\u0105czenie dw\u00f3ch przedmiot\u00f3w ze sob\u0105.\u00a0 Dzi\u0119ku mocnemu mechanizmowi zapadkowemu, kt\u00f3ry zabezpiecza przed poluzowaniem.<\/p>\n","protected":false},"featured_media":79098,"template":"","meta":[],"product_cat":[8082],"product_tag":[],"yoast_head":"<!-- This site is optimized with the Yoast SEO plugin v21.0 - https:\/\/yoast.com\/wordpress\/plugins\/seo\/ -->\n<title>OPASKI KABLOWE ZACISKOWE BIA\u0141E2,5X150 - BOBIMARKET.pl - Remontuj i urz\u0105dzaj z nami<\/title>\n<meta name=\"robots\" content=\"index, follow, max-snippet:-1, max-image-preview:large, max-video-preview:-1\" \/>\n<link rel=\"canonical\" href=\"https:\/\/bobimarket.pl\/index.php\/produkt\/opaski-kablowe-zaciskowe-biale25x150\/\" \/>\n<meta property=\"og:locale\" content=\"pl_PL\" \/>\n<meta property=\"og:type\" content=\"article\" \/>\n<meta property=\"og:title\" content=\"OPASKI KABLOWE ZACISKOWE BIA\u0141E2,5X150 - BOBIMARKET.pl - Remontuj i urz\u0105dzaj z nami\" \/>\n<meta property=\"og:description\" content=\"OPASKI KABLOWE ZACISKOWE BIA\u0141E2,5 MM X 150 MM Dane techniczne: Szeroko\u015b\u0107: 2,5\u00a0mm D\u0142ugo\u015b\u0107: 150 mm Kolor: bia\u0142y Ilo\u015b\u0107: 100 szt\u00a0w opakowaniu Materia\u0142: tworzywo Opaski kablowe, trytytki maj\u0105 szerokie zastosowanie, niezb\u0119dne w ka\u017cdym domu, gara\u017cu, przemy\u015ble, firmie. Umo\u017cliwiaj\u0105 sta\u0142e, trawa\u0142e \u0142\u0105czenie dw\u00f3ch przedmiot\u00f3w ze sob\u0105.\u00a0 Dzi\u0119ku mocnemu mechanizmowi zapadkowemu, kt\u00f3ry zabezpiecza przed poluzowaniem.\" \/>\n<meta property=\"og:url\" content=\"https:\/\/bobimarket.pl\/index.php\/produkt\/opaski-kablowe-zaciskowe-biale25x150\/\" \/>\n<meta property=\"og:site_name\" content=\"BOBIMARKET.pl - Remontuj i urz\u0105dzaj z nami\" \/>\n<meta property=\"article:modified_time\" content=\"2025-02-27T13:17:52+00:00\" \/>\n<meta property=\"og:image\" content=\"https:\/\/upload.cdn.baselinker.com\/products\/14476\/74230191.jpg\" \/>\n<meta name=\"twitter:card\" content=\"summary_large_image\" \/>\n<script type=\"application\/ld+json\" class=\"yoast-schema-graph\">{\"@context\":\"https:\/\/schema.org\",\"@graph\":[{\"@type\":\"WebPage\",\"@id\":\"https:\/\/bobimarket.pl\/index.php\/produkt\/opaski-kablowe-zaciskowe-biale25x150\/\",\"url\":\"https:\/\/bobimarket.pl\/index.php\/produkt\/opaski-kablowe-zaciskowe-biale25x150\/\",\"name\":\"OPASKI KABLOWE ZACISKOWE BIA\u0141E2,5X150 - BOBIMARKET.pl - Remontuj i urz\u0105dzaj z nami\",\"isPartOf\":{\"@id\":\"https:\/\/bobimarket.pl\/#website\"},\"datePublished\":\"2023-08-29T13:39:36+00:00\",\"dateModified\":\"2025-02-27T13:17:52+00:00\",\"breadcrumb\":{\"@id\":\"https:\/\/bobimarket.pl\/index.php\/produkt\/opaski-kablowe-zaciskowe-biale25x150\/#breadcrumb\"},\"inLanguage\":\"pl-PL\",\"potentialAction\":[{\"@type\":\"ReadAction\",\"target\":[\"https:\/\/bobimarket.pl\/index.php\/produkt\/opaski-kablowe-zaciskowe-biale25x150\/\"]}]},{\"@type\":\"BreadcrumbList\",\"@id\":\"https:\/\/bobimarket.pl\/index.php\/produkt\/opaski-kablowe-zaciskowe-biale25x150\/#breadcrumb\",\"itemListElement\":[{\"@type\":\"ListItem\",\"position\":1,\"name\":\"Strona g\u0142\u00f3wna\",\"item\":\"https:\/\/bobimarket.pl\/\"},{\"@type\":\"ListItem\",\"position\":2,\"name\":\"Sklep\",\"item\":\"https:\/\/bobimarket.pl\/index.php\/shop\/\"},{\"@type\":\"ListItem\",\"position\":3,\"name\":\"OPASKI KABLOWE ZACISKOWE BIA\u0141E2,5X150\"}]},{\"@type\":\"WebSite\",\"@id\":\"https:\/\/bobimarket.pl\/#website\",\"url\":\"https:\/\/bobimarket.pl\/\",\"name\":\"BOBIMARKET.pl - Remontuj i urz\u0105dzaj z nami\",\"description\":\"Remontuj i urz\u0105dzaj z nami\",\"publisher\":{\"@id\":\"https:\/\/bobimarket.pl\/#organization\"},\"potentialAction\":[{\"@type\":\"SearchAction\",\"target\":{\"@type\":\"EntryPoint\",\"urlTemplate\":\"https:\/\/bobimarket.pl\/?s={search_term_string}\"},\"query-input\":\"required name=search_term_string\"}],\"inLanguage\":\"pl-PL\"},{\"@type\":\"Organization\",\"@id\":\"https:\/\/bobimarket.pl\/#organization\",\"name\":\"BOBIMARKET.pl\",\"url\":\"https:\/\/bobimarket.pl\/\",\"logo\":{\"@type\":\"ImageObject\",\"inLanguage\":\"pl-PL\",\"@id\":\"https:\/\/bobimarket.pl\/#\/schema\/logo\/image\/\",\"url\":\"https:\/\/bobimarket.pl\/wp-content\/uploads\/2021\/11\/slogan.png\",\"contentUrl\":\"https:\/\/bobimarket.pl\/wp-content\/uploads\/2021\/11\/slogan.png\",\"width\":2000,\"height\":384,\"caption\":\"BOBIMARKET.pl\"},\"image\":{\"@id\":\"https:\/\/bobimarket.pl\/#\/schema\/logo\/image\/\"}}]}<\/script>\n<!-- \/ Yoast SEO plugin. -->","yoast_head_json":{"title":"OPASKI KABLOWE ZACISKOWE BIA\u0141E2,5X150 - BOBIMARKET.pl - Remontuj i urz\u0105dzaj z nami","robots":{"index":"index","follow":"follow","max-snippet":"max-snippet:-1","max-image-preview":"max-image-preview:large","max-video-preview":"max-video-preview:-1"},"canonical":"https:\/\/bobimarket.pl\/index.php\/produkt\/opaski-kablowe-zaciskowe-biale25x150\/","og_locale":"pl_PL","og_type":"article","og_title":"OPASKI KABLOWE ZACISKOWE BIA\u0141E2,5X150 - BOBIMARKET.pl - Remontuj i urz\u0105dzaj z nami","og_description":"OPASKI KABLOWE ZACISKOWE BIA\u0141E2,5 MM X 150 MM Dane techniczne: Szeroko\u015b\u0107: 2,5\u00a0mm D\u0142ugo\u015b\u0107: 150 mm Kolor: bia\u0142y Ilo\u015b\u0107: 100 szt\u00a0w opakowaniu Materia\u0142: tworzywo Opaski kablowe, trytytki maj\u0105 szerokie zastosowanie, niezb\u0119dne w ka\u017cdym domu, gara\u017cu, przemy\u015ble, firmie. Umo\u017cliwiaj\u0105 sta\u0142e, trawa\u0142e \u0142\u0105czenie dw\u00f3ch przedmiot\u00f3w ze sob\u0105.\u00a0 Dzi\u0119ku mocnemu mechanizmowi zapadkowemu, kt\u00f3ry zabezpiecza przed poluzowaniem.","og_url":"https:\/\/bobimarket.pl\/index.php\/produkt\/opaski-kablowe-zaciskowe-biale25x150\/","og_site_name":"BOBIMARKET.pl - Remontuj i urz\u0105dzaj z nami","article_modified_time":"2025-02-27T13:17:52+00:00","og_image":[{"url":"https:\/\/upload.cdn.baselinker.com\/products\/14476\/74230191.jpg"}],"twitter_card":"summary_large_image","schema":{"@context":"https:\/\/schema.org","@graph":[{"@type":"WebPage","@id":"https:\/\/bobimarket.pl\/index.php\/produkt\/opaski-kablowe-zaciskowe-biale25x150\/","url":"https:\/\/bobimarket.pl\/index.php\/produkt\/opaski-kablowe-zaciskowe-biale25x150\/","name":"OPASKI KABLOWE ZACISKOWE BIA\u0141E2,5X150 - BOBIMARKET.pl - Remontuj i urz\u0105dzaj z nami","isPartOf":{"@id":"https:\/\/bobimarket.pl\/#website"},"datePublished":"2023-08-29T13:39:36+00:00","dateModified":"2025-02-27T13:17:52+00:00","breadcrumb":{"@id":"https:\/\/bobimarket.pl\/index.php\/produkt\/opaski-kablowe-zaciskowe-biale25x150\/#breadcrumb"},"inLanguage":"pl-PL","potentialAction":[{"@type":"ReadAction","target":["https:\/\/bobimarket.pl\/index.php\/produkt\/opaski-kablowe-zaciskowe-biale25x150\/"]}]},{"@type":"BreadcrumbList","@id":"https:\/\/bobimarket.pl\/index.php\/produkt\/opaski-kablowe-zaciskowe-biale25x150\/#breadcrumb","itemListElement":[{"@type":"ListItem","position":1,"name":"Strona g\u0142\u00f3wna","item":"https:\/\/bobimarket.pl\/"},{"@type":"ListItem","position":2,"name":"Sklep","item":"https:\/\/bobimarket.pl\/index.php\/shop\/"},{"@type":"ListItem","position":3,"name":"OPASKI KABLOWE ZACISKOWE BIA\u0141E2,5X150"}]},{"@type":"WebSite","@id":"https:\/\/bobimarket.pl\/#website","url":"https:\/\/bobimarket.pl\/","name":"BOBIMARKET.pl - Remontuj i urz\u0105dzaj z nami","description":"Remontuj i urz\u0105dzaj z nami","publisher":{"@id":"https:\/\/bobimarket.pl\/#organization"},"potentialAction":[{"@type":"SearchAction","target":{"@type":"EntryPoint","urlTemplate":"https:\/\/bobimarket.pl\/?s={search_term_string}"},"query-input":"required name=search_term_string"}],"inLanguage":"pl-PL"},{"@type":"Organization","@id":"https:\/\/bobimarket.pl\/#organization","name":"BOBIMARKET.pl","url":"https:\/\/bobimarket.pl\/","logo":{"@type":"ImageObject","inLanguage":"pl-PL","@id":"https:\/\/bobimarket.pl\/#\/schema\/logo\/image\/","url":"https:\/\/bobimarket.pl\/wp-content\/uploads\/2021\/11\/slogan.png","contentUrl":"https:\/\/bobimarket.pl\/wp-content\/uploads\/2021\/11\/slogan.png","width":2000,"height":384,"caption":"BOBIMARKET.pl"},"image":{"@id":"https:\/\/bobimarket.pl\/#\/schema\/logo\/image\/"}}]}},"_links":{"self":[{"href":"https:\/\/bobimarket.pl\/index.php\/wp-json\/wp\/v2\/product\/79101"}],"collection":[{"href":"https:\/\/bobimarket.pl\/index.php\/wp-json\/wp\/v2\/product"}],"about":[{"href":"https:\/\/bobimarket.pl\/index.php\/wp-json\/wp\/v2\/types\/product"}],"wp:featuredmedia":[{"embeddable":true,"href":"https:\/\/bobimarket.pl\/index.php\/wp-json\/wp\/v2\/media\/79098"}],"wp:attachment":[{"href":"https:\/\/bobimarket.pl\/index.php\/wp-json\/wp\/v2\/media?parent=79101"}],"wp:term":[{"taxonomy":"product_cat","embeddable":true,"href":"https:\/\/bobimarket.pl\/index.php\/wp-json\/wp\/v2\/product_cat?post=79101"},{"taxonomy":"product_tag","embeddable":true,"href":"https:\/\/bobimarket.pl\/index.php\/wp-json\/wp\/v2\/product_tag?post=79101"}],"curies":[{"name":"wp","href":"https:\/\/api.w.org\/{rel}","templated":true}]}}