{"id":79143,"date":"2023-08-29T13:44:17","date_gmt":"2023-08-29T13:44:17","guid":{"rendered":"https:\/\/bobimarket.pl\/index.php\/produkt\/scierka-kuchenna-recznik-mikrofibra-31x64-cm\/"},"modified":"2025-02-27T13:18:10","modified_gmt":"2025-02-27T13:18:10","slug":"scierka-kuchenna-recznik-mikrofibra-31x64-cm","status":"publish","type":"product","link":"https:\/\/bobimarket.pl\/index.php\/produkt\/scierka-kuchenna-recznik-mikrofibra-31x64-cm\/","title":{"rendered":"\u015aCIERKA KUCHENNA R\u0118CZNIK MIKROFIBRA 31&#215;64 cm"},"content":{"rendered":"<section class=\"section\">\n<div class=\"item item-12\">\n<section class=\"text-item\">\n<h2>\u015aCIERKA KUCHENNA R\u0118CZNIK MIKROFIBRA 31&#215;64 cm<\/h2>\n<p><b>Informacje og\u00f3lne<\/b><\/p>\n<ul>\n<li>D\u0142ugo\u015b\u0107: <b>64 cm<\/b><\/li>\n<li>Szeroko\u015b\u0107: <b>31 cm<\/b><\/li>\n<li>Kolor: <b>szaro-niebieski<\/b><\/li>\n<li>Materia\u0142: <b>mikrofibra<\/b><\/li>\n<\/ul>\n<\/section><\/div>\n<\/section>\n<section class=\"section\">\n<div class=\"item item-12\">\n<section class=\"image-item\">\n            <img decoding=\"async\" src=\"https:\/\/upload.cdn.baselinker.com\/products\/14476\/89271692.jpg\"><br \/>\n        <\/section>\n<\/p><\/div>\n<\/section>\n<section class=\"section\">\n<div class=\"item item-12\">\n<section class=\"text-item\">\n<h2>Funkcjonalna \u015bcierka z mikrofibry, kt\u00f3ra umo\u017cliwia \u0142atwe i skuteczne sprz\u0105tanie.<\/h2>\n<p>\u015aciereczka z mikrofibry to idealny pomocnik podczas wykonywania wszelkich prac porz\u0105dkowych w domu i nie tylko. Dzi\u0119ki swoim w\u0142a\u015bciwo\u015bci\u0105 cz\u0105steczki mikrofibry z \u0142atwo\u015bci\u0105 absorbuj\u0105 nawet najmniejsze drobinki brudu i kurzu. R\u0119cznik dodatkowo jest bardzo ch\u0142onny, ponadto jest wykonany z mi\u0119kkiego i puszystego materia\u0142u co sprawia, \u017ce jest bezpieczny dla lakieru i innych powierzchni. Dodatkowo delikatne zako\u0144czenie nie powoduje zarysowa\u0144.<\/p>\n<ul>\n<li>\u015awietnie sprawdzi si\u0119 w kuchni, z jego pomoc\u0105 z \u0142atwo\u015bci\u0105 posprz\u0105ta\u0107 blat kuchenny lub st\u00f3\u0142.<\/li>\n<li>Mo\u017ce zosta\u0107 wykorzystany r\u00f3wnie\u017c w w gara\u017cu lub warsztacie.<\/li>\n<\/ul>\n<\/section><\/div>\n<\/section>\n<section class=\"section\">\n<div class=\"item item-12\">\n<section class=\"image-item\">\n            <img decoding=\"async\" src=\"https:\/\/upload.cdn.baselinker.com\/products\/14476\/89271692_2.jpg\"><br \/>\n        <\/section>\n<\/p><\/div>\n<\/section>\n<section class=\"section\">\n<div class=\"item item-12\">\n<section class=\"text-item\">\n<p>\u2705 Mi\u0119kki i przyjemny w dotyku\u00a0<\/p>\n<p>\u2705 Niezwykle ch\u0142onny<\/p>\n<p>\u2705 Nie zostawia smug, nie rysuje powierzchni<\/p>\n<p>\u2705 Usuwaja brud i kurz<\/p>\n<p>\u2705 Produkt wielokrotnego u\u017cytku<\/p>\n<\/p>\n<\/section><\/div>\n<\/section>\n","protected":false},"excerpt":{"rendered":"<p>\u015aCIERKA KUCHENNA R\u0118CZNIK MIKROFIBRA 31&#215;64 cm Informacje og\u00f3lne D\u0142ugo\u015b\u0107: 64 cm Szeroko\u015b\u0107: 31 cm Kolor: szaro-niebieski Materia\u0142: mikrofibra Funkcjonalna \u015bcierka z mikrofibry, kt\u00f3ra umo\u017cliwia \u0142atwe i skuteczne sprz\u0105tanie. \u015aciereczka z mikrofibry to idealny pomocnik podczas wykonywania wszelkich prac porz\u0105dkowych w domu i nie tylko. Dzi\u0119ki swoim w\u0142a\u015bciwo\u015bci\u0105 cz\u0105steczki mikrofibry z \u0142atwo\u015bci\u0105 absorbuj\u0105 nawet najmniejsze drobinki<br \/><a class=\"more-link\" href=\"https:\/\/bobimarket.pl\/index.php\/produkt\/scierka-kuchenna-recznik-mikrofibra-31x64-cm\/\"><br \/>\n        Czytaj wi\u0119cej<span class=\"screen-reader-text\"> &#8222;\u015aCIERKA KUCHENNA R\u0118CZNIK MIKROFIBRA 31&#215;64 cm&#8221;<\/span><\/a><\/p>\n","protected":false},"featured_media":79140,"template":"","meta":[],"product_cat":[8067],"product_tag":[],"yoast_head":"<!-- This site is optimized with the Yoast SEO plugin v21.0 - https:\/\/yoast.com\/wordpress\/plugins\/seo\/ -->\n<title>\u015aCIERKA KUCHENNA R\u0118CZNIK MIKROFIBRA 31x64 cm - BOBIMARKET.pl - Remontuj i urz\u0105dzaj z nami<\/title>\n<meta name=\"robots\" content=\"index, follow, max-snippet:-1, max-image-preview:large, max-video-preview:-1\" \/>\n<link rel=\"canonical\" href=\"https:\/\/bobimarket.pl\/index.php\/produkt\/scierka-kuchenna-recznik-mikrofibra-31x64-cm\/\" \/>\n<meta property=\"og:locale\" content=\"pl_PL\" \/>\n<meta property=\"og:type\" content=\"article\" \/>\n<meta property=\"og:title\" content=\"\u015aCIERKA KUCHENNA R\u0118CZNIK MIKROFIBRA 31x64 cm - BOBIMARKET.pl - Remontuj i urz\u0105dzaj z nami\" \/>\n<meta property=\"og:description\" content=\"\u015aCIERKA KUCHENNA R\u0118CZNIK MIKROFIBRA 31&#215;64 cm Informacje og\u00f3lne D\u0142ugo\u015b\u0107: 64 cm Szeroko\u015b\u0107: 31 cm Kolor: szaro-niebieski Materia\u0142: mikrofibra Funkcjonalna \u015bcierka z mikrofibry, kt\u00f3ra umo\u017cliwia \u0142atwe i skuteczne sprz\u0105tanie. \u015aciereczka z mikrofibry to idealny pomocnik podczas wykonywania wszelkich prac porz\u0105dkowych w domu i nie tylko. Dzi\u0119ki swoim w\u0142a\u015bciwo\u015bci\u0105 cz\u0105steczki mikrofibry z \u0142atwo\u015bci\u0105 absorbuj\u0105 nawet najmniejsze drobinki     Czytaj wi\u0119cej &quot;\u015aCIERKA KUCHENNA R\u0118CZNIK MIKROFIBRA 31&#215;64 cm&quot;\" \/>\n<meta property=\"og:url\" content=\"https:\/\/bobimarket.pl\/index.php\/produkt\/scierka-kuchenna-recznik-mikrofibra-31x64-cm\/\" \/>\n<meta property=\"og:site_name\" content=\"BOBIMARKET.pl - Remontuj i urz\u0105dzaj z nami\" \/>\n<meta property=\"article:modified_time\" content=\"2025-02-27T13:18:10+00:00\" \/>\n<meta property=\"og:image\" content=\"https:\/\/upload.cdn.baselinker.com\/products\/14476\/89271692.jpg\" \/>\n<meta name=\"twitter:card\" content=\"summary_large_image\" \/>\n<meta name=\"twitter:label1\" content=\"Szacowany czas czytania\" \/>\n\t<meta name=\"twitter:data1\" content=\"1 minuta\" \/>\n<script type=\"application\/ld+json\" class=\"yoast-schema-graph\">{\"@context\":\"https:\/\/schema.org\",\"@graph\":[{\"@type\":\"WebPage\",\"@id\":\"https:\/\/bobimarket.pl\/index.php\/produkt\/scierka-kuchenna-recznik-mikrofibra-31x64-cm\/\",\"url\":\"https:\/\/bobimarket.pl\/index.php\/produkt\/scierka-kuchenna-recznik-mikrofibra-31x64-cm\/\",\"name\":\"\u015aCIERKA KUCHENNA R\u0118CZNIK MIKROFIBRA 31x64 cm - BOBIMARKET.pl - Remontuj i urz\u0105dzaj z nami\",\"isPartOf\":{\"@id\":\"https:\/\/bobimarket.pl\/#website\"},\"datePublished\":\"2023-08-29T13:44:17+00:00\",\"dateModified\":\"2025-02-27T13:18:10+00:00\",\"breadcrumb\":{\"@id\":\"https:\/\/bobimarket.pl\/index.php\/produkt\/scierka-kuchenna-recznik-mikrofibra-31x64-cm\/#breadcrumb\"},\"inLanguage\":\"pl-PL\",\"potentialAction\":[{\"@type\":\"ReadAction\",\"target\":[\"https:\/\/bobimarket.pl\/index.php\/produkt\/scierka-kuchenna-recznik-mikrofibra-31x64-cm\/\"]}]},{\"@type\":\"BreadcrumbList\",\"@id\":\"https:\/\/bobimarket.pl\/index.php\/produkt\/scierka-kuchenna-recznik-mikrofibra-31x64-cm\/#breadcrumb\",\"itemListElement\":[{\"@type\":\"ListItem\",\"position\":1,\"name\":\"Strona g\u0142\u00f3wna\",\"item\":\"https:\/\/bobimarket.pl\/\"},{\"@type\":\"ListItem\",\"position\":2,\"name\":\"Sklep\",\"item\":\"https:\/\/bobimarket.pl\/index.php\/shop\/\"},{\"@type\":\"ListItem\",\"position\":3,\"name\":\"\u015aCIERKA KUCHENNA R\u0118CZNIK MIKROFIBRA 31&#215;64 cm\"}]},{\"@type\":\"WebSite\",\"@id\":\"https:\/\/bobimarket.pl\/#website\",\"url\":\"https:\/\/bobimarket.pl\/\",\"name\":\"BOBIMARKET.pl - Remontuj i urz\u0105dzaj z nami\",\"description\":\"Remontuj i urz\u0105dzaj z nami\",\"publisher\":{\"@id\":\"https:\/\/bobimarket.pl\/#organization\"},\"potentialAction\":[{\"@type\":\"SearchAction\",\"target\":{\"@type\":\"EntryPoint\",\"urlTemplate\":\"https:\/\/bobimarket.pl\/?s={search_term_string}\"},\"query-input\":\"required name=search_term_string\"}],\"inLanguage\":\"pl-PL\"},{\"@type\":\"Organization\",\"@id\":\"https:\/\/bobimarket.pl\/#organization\",\"name\":\"BOBIMARKET.pl\",\"url\":\"https:\/\/bobimarket.pl\/\",\"logo\":{\"@type\":\"ImageObject\",\"inLanguage\":\"pl-PL\",\"@id\":\"https:\/\/bobimarket.pl\/#\/schema\/logo\/image\/\",\"url\":\"https:\/\/bobimarket.pl\/wp-content\/uploads\/2021\/11\/slogan.png\",\"contentUrl\":\"https:\/\/bobimarket.pl\/wp-content\/uploads\/2021\/11\/slogan.png\",\"width\":2000,\"height\":384,\"caption\":\"BOBIMARKET.pl\"},\"image\":{\"@id\":\"https:\/\/bobimarket.pl\/#\/schema\/logo\/image\/\"}}]}<\/script>\n<!-- \/ Yoast SEO plugin. -->","yoast_head_json":{"title":"\u015aCIERKA KUCHENNA R\u0118CZNIK MIKROFIBRA 31x64 cm - BOBIMARKET.pl - Remontuj i urz\u0105dzaj z nami","robots":{"index":"index","follow":"follow","max-snippet":"max-snippet:-1","max-image-preview":"max-image-preview:large","max-video-preview":"max-video-preview:-1"},"canonical":"https:\/\/bobimarket.pl\/index.php\/produkt\/scierka-kuchenna-recznik-mikrofibra-31x64-cm\/","og_locale":"pl_PL","og_type":"article","og_title":"\u015aCIERKA KUCHENNA R\u0118CZNIK MIKROFIBRA 31x64 cm - BOBIMARKET.pl - Remontuj i urz\u0105dzaj z nami","og_description":"\u015aCIERKA KUCHENNA R\u0118CZNIK MIKROFIBRA 31&#215;64 cm Informacje og\u00f3lne D\u0142ugo\u015b\u0107: 64 cm Szeroko\u015b\u0107: 31 cm Kolor: szaro-niebieski Materia\u0142: mikrofibra Funkcjonalna \u015bcierka z mikrofibry, kt\u00f3ra umo\u017cliwia \u0142atwe i skuteczne sprz\u0105tanie. \u015aciereczka z mikrofibry to idealny pomocnik podczas wykonywania wszelkich prac porz\u0105dkowych w domu i nie tylko. Dzi\u0119ki swoim w\u0142a\u015bciwo\u015bci\u0105 cz\u0105steczki mikrofibry z \u0142atwo\u015bci\u0105 absorbuj\u0105 nawet najmniejsze drobinki     Czytaj wi\u0119cej \"\u015aCIERKA KUCHENNA R\u0118CZNIK MIKROFIBRA 31&#215;64 cm\"","og_url":"https:\/\/bobimarket.pl\/index.php\/produkt\/scierka-kuchenna-recznik-mikrofibra-31x64-cm\/","og_site_name":"BOBIMARKET.pl - Remontuj i urz\u0105dzaj z nami","article_modified_time":"2025-02-27T13:18:10+00:00","og_image":[{"url":"https:\/\/upload.cdn.baselinker.com\/products\/14476\/89271692.jpg"}],"twitter_card":"summary_large_image","twitter_misc":{"Szacowany czas czytania":"1 minuta"},"schema":{"@context":"https:\/\/schema.org","@graph":[{"@type":"WebPage","@id":"https:\/\/bobimarket.pl\/index.php\/produkt\/scierka-kuchenna-recznik-mikrofibra-31x64-cm\/","url":"https:\/\/bobimarket.pl\/index.php\/produkt\/scierka-kuchenna-recznik-mikrofibra-31x64-cm\/","name":"\u015aCIERKA KUCHENNA R\u0118CZNIK MIKROFIBRA 31x64 cm - BOBIMARKET.pl - Remontuj i urz\u0105dzaj z nami","isPartOf":{"@id":"https:\/\/bobimarket.pl\/#website"},"datePublished":"2023-08-29T13:44:17+00:00","dateModified":"2025-02-27T13:18:10+00:00","breadcrumb":{"@id":"https:\/\/bobimarket.pl\/index.php\/produkt\/scierka-kuchenna-recznik-mikrofibra-31x64-cm\/#breadcrumb"},"inLanguage":"pl-PL","potentialAction":[{"@type":"ReadAction","target":["https:\/\/bobimarket.pl\/index.php\/produkt\/scierka-kuchenna-recznik-mikrofibra-31x64-cm\/"]}]},{"@type":"BreadcrumbList","@id":"https:\/\/bobimarket.pl\/index.php\/produkt\/scierka-kuchenna-recznik-mikrofibra-31x64-cm\/#breadcrumb","itemListElement":[{"@type":"ListItem","position":1,"name":"Strona g\u0142\u00f3wna","item":"https:\/\/bobimarket.pl\/"},{"@type":"ListItem","position":2,"name":"Sklep","item":"https:\/\/bobimarket.pl\/index.php\/shop\/"},{"@type":"ListItem","position":3,"name":"\u015aCIERKA KUCHENNA R\u0118CZNIK MIKROFIBRA 31&#215;64 cm"}]},{"@type":"WebSite","@id":"https:\/\/bobimarket.pl\/#website","url":"https:\/\/bobimarket.pl\/","name":"BOBIMARKET.pl - Remontuj i urz\u0105dzaj z nami","description":"Remontuj i urz\u0105dzaj z nami","publisher":{"@id":"https:\/\/bobimarket.pl\/#organization"},"potentialAction":[{"@type":"SearchAction","target":{"@type":"EntryPoint","urlTemplate":"https:\/\/bobimarket.pl\/?s={search_term_string}"},"query-input":"required name=search_term_string"}],"inLanguage":"pl-PL"},{"@type":"Organization","@id":"https:\/\/bobimarket.pl\/#organization","name":"BOBIMARKET.pl","url":"https:\/\/bobimarket.pl\/","logo":{"@type":"ImageObject","inLanguage":"pl-PL","@id":"https:\/\/bobimarket.pl\/#\/schema\/logo\/image\/","url":"https:\/\/bobimarket.pl\/wp-content\/uploads\/2021\/11\/slogan.png","contentUrl":"https:\/\/bobimarket.pl\/wp-content\/uploads\/2021\/11\/slogan.png","width":2000,"height":384,"caption":"BOBIMARKET.pl"},"image":{"@id":"https:\/\/bobimarket.pl\/#\/schema\/logo\/image\/"}}]}},"_links":{"self":[{"href":"https:\/\/bobimarket.pl\/index.php\/wp-json\/wp\/v2\/product\/79143"}],"collection":[{"href":"https:\/\/bobimarket.pl\/index.php\/wp-json\/wp\/v2\/product"}],"about":[{"href":"https:\/\/bobimarket.pl\/index.php\/wp-json\/wp\/v2\/types\/product"}],"wp:featuredmedia":[{"embeddable":true,"href":"https:\/\/bobimarket.pl\/index.php\/wp-json\/wp\/v2\/media\/79140"}],"wp:attachment":[{"href":"https:\/\/bobimarket.pl\/index.php\/wp-json\/wp\/v2\/media?parent=79143"}],"wp:term":[{"taxonomy":"product_cat","embeddable":true,"href":"https:\/\/bobimarket.pl\/index.php\/wp-json\/wp\/v2\/product_cat?post=79143"},{"taxonomy":"product_tag","embeddable":true,"href":"https:\/\/bobimarket.pl\/index.php\/wp-json\/wp\/v2\/product_tag?post=79143"}],"curies":[{"name":"wp","href":"https:\/\/api.w.org\/{rel}","templated":true}]}}