{"id":79174,"date":"2023-08-29T13:47:16","date_gmt":"2023-08-29T13:47:16","guid":{"rendered":"https:\/\/bobimarket.pl\/index.php\/produkt\/podpora-do-roslin-pnacych-drabinka-ozdobna-75-cm\/"},"modified":"2025-02-27T13:18:30","modified_gmt":"2025-02-27T13:18:30","slug":"podpora-do-roslin-pnacych-drabinka-ozdobna-75-cm","status":"publish","type":"product","link":"https:\/\/bobimarket.pl\/index.php\/produkt\/podpora-do-roslin-pnacych-drabinka-ozdobna-75-cm\/","title":{"rendered":"PODPORA DO RO\u015aLIN PN\u0104CYCH DRABINKA OZDOBNA 75 cm"},"content":{"rendered":"<section class=\"section\">\n<div class=\"item item-12\">\n<section class=\"text-item\">\n<h2>PODPORA DO RO\u015aLIN PN\u0104CYCH DRABINKA OZDOBNA 75 cm<\/h2>\n<p><b>Dane techniczne:<\/b><\/p>\n<ul>\n<li>Wysoko\u015b\u0107: <b>75 cm<\/b><\/li>\n<li>Szeroko\u015b\u0107: <b>26 cm<\/b><\/li>\n<li>Kolor: <b>zielony<\/b><\/li>\n<li>Materia\u0142: <b>metal pokryty tworzywem sztucznym<\/b><\/li>\n<li>Producent: <b>Garden Line<\/b><\/li>\n<\/ul>\n<h2>GRATIS!<\/h2>\n<p>\u2705 W gratisie do pergoli do\u0142\u0105czone zostan\u0105 losowo wybrane nasionka do sadzenia. Posadzone w ogrodzie stan\u0105 si\u0119 idealnym dope\u0142nieniem ogrodowych kompozycji.<\/p>\n<ul>\n<li>Niewielkie, ale bardzo atrakcyjna ro\u015bliny, kt\u00f3re nadaj\u0105 si\u0119 do uprawy zar\u00f3wno na rabatach jak i w doniczkach. Pi\u0119kne kolorowe kwiaty upi\u0119ksz\u0105 Tw\u00f3j ogr\u00f3d od lata do jesieni!<\/li>\n<\/ul>\n<\/section><\/div>\n<\/section>\n<section class=\"section\">\n<div class=\"item item-12\">\n<section class=\"image-item\">\n            <img decoding=\"async\" src=\"https:\/\/upload.cdn.baselinker.com\/products\/14476\/d16b2ca432d6c70b249e8ff99e0ed65c.png\" \/><br \/>\n        <\/section>\n<\/p><\/div>\n<\/section>\n<section class=\"section\">\n<div class=\"item item-12\">\n<section class=\"text-item\">\n<h2>Zastanawiasz si\u0119, czy drabinka ogrodowa to rozwi\u0105zanie dla twojego ogrodu? Zdecydowanie tak!<\/h2>\n<p>Klasyczna podp\u00f3rka ogrodowa w kszta\u0142cie drabinki. Doskonale nadaje si\u0119 do r\u00f3\u017cnego rodzaju<b> kwiat\u00f3w pn\u0105cych, r\u00f3\u017c, bluszczy<\/b> itp. Chroni delikatne p\u0119dy przed uszkodzeniem jednocze\u015bnie i ozdabia ogr\u00f3d.<\/p>\n<p>Naturalny zielony kolor sprawia, \u017ce jest<b> niemal niewidoczna po\u015br\u00f3d ro\u015blin<\/b>, idealnie si\u0119 z nimi komponuje. Z jej pomoc\u0105 stworzysz oryginaln\u0105 aran\u017cacj\u0119. Ro\u015bliny b\u0119d\u0105 si\u0119 pi\u0119\u0142y tworz\u0105c<b> dekoracyjn\u0105 kolumn\u0119.<\/b><\/p>\n<ul>\n<li>Podp\u00f3rka zosta\u0142a wykonana z w<b>ytrzyma\u0142ej stali pokrytej tworzywem<\/b> sztucznym w kolorze ciemno zielony kolor.<\/li>\n<li>Podpora jest<b> odporna na dzia\u0142anie warunk\u00f3w atmosferycznych<\/b>. Nie straszne jej promieniowanie UV, deszcz czy \u015bnieg.<\/li>\n<li>Chroni Twoje ro\u015bliny, jednocze\u015bnie upi\u0119kszaj\u0105c Tw\u00f3j ogr\u00f3d lub taras.<\/li>\n<\/ul>\n<\/section><\/div>\n<\/section>\n<section class=\"section\">\n<div class=\"item item-12\">\n<section class=\"image-item\">\n            <img decoding=\"async\" src=\"https:\/\/upload.cdn.baselinker.com\/products\/14476\/e784237d7b81ca9aa2be6b2e29c48974.jpg\" \/><br \/>\n        <\/section>\n<\/p><\/div>\n<\/section>\n<section class=\"section\">\n<div class=\"item item-12\">\n<section class=\"text-item\">\n<h2>A czym obsadzi\u0107 drabink\u0119?<\/h2>\n<p>Wygl\u0105d podp\u00f3rki i to jak ostatecznie b\u0119dzie si\u0119 prezentowa\u0142a zale\u017cy od fantazji ogrodnika. \u00a0<b>Bardzo wiele ro\u015blin b\u0119dzie idealnie nadawa\u0107 si\u0119 do obsadzenia pergoli<\/b> np. r\u00f3\u017ce.<\/p>\n<ul>\n<li>Przy mniejszych konstrukcjach nale\u017cy wybra\u0107 ro\u015bliny o delikatniejszych pn\u0105czach.\u00a0<\/li>\n<li>Na drabince pi\u0119knie prezentowa\u0107 si\u0119 b\u0119d\u0105 ro\u015bliny o delikatnych i mocno pachn\u0105cych kwiatach, r\u00f3\u017ce lub pn\u0105cza z du\u017c\u0105 ilo\u015bci\u0105 zielonych li\u015bci.<\/li>\n<\/ul>\n<\/section><\/div>\n<\/section>\n<section class=\"section\">\n<div class=\"item item-12\">\n<section class=\"image-item\">\n            <img decoding=\"async\" src=\"https:\/\/upload.cdn.baselinker.com\/products\/14476\/89473358_1.jpg\" \/><br \/>\n        <\/section>\n<\/p><\/div>\n<\/section>\n<section class=\"section\">\n<div class=\"item item-12\">\n<section class=\"text-item\">\n<p><b>\u2705 <\/b>Pergola to nie tylko element ozdobny, ma r\u00f3wnie\u017c <b>pozytywny wp\u0142yw na ro\u015blin<\/b>. Przeciwdzia\u0142a \u0142amaniu si\u0119 ro\u015blin oraz gwarantuje prawid\u0142owy wzrost kwiat\u00f3w.<\/p>\n<ul>\n<li>Przeciwdzia\u0142a \u0142amaniu si\u0119 ro\u015blin<\/li>\n<li>Gwarantuje prawid\u0142owy wzrost<\/li>\n<li>Zapewnia podparcie ma\u0142o stabilnym kwiatkom<\/li>\n<\/ul>\n<p>\u2705 Naturalny, ciemnozielony kolor sprawia, \u017ce pergola z \u0142atwo\u015bci\u0105 <b>wpasuje si\u0119 w kolor ro\u015blin.<\/b><\/p>\n<\/section><\/div>\n<\/section>\n<section class=\"section\">\n<div class=\"item item-12\">\n<section class=\"image-item\">\n            <img decoding=\"async\" src=\"https:\/\/upload.cdn.baselinker.com\/products\/14476\/e784237d7b81ca9aa2be6b2e29c48974.jpg\" \/><br \/>\n        <\/section>\n<\/p><\/div>\n<\/section>\n","protected":false},"excerpt":{"rendered":"<p>PODPORA DO RO\u015aLIN PN\u0104CYCH DRABINKA OZDOBNA 75 cm Dane techniczne: Wysoko\u015b\u0107: 75 cm Szeroko\u015b\u0107: 26 cm Kolor: zielony Materia\u0142: metal pokryty tworzywem sztucznym Producent: Garden Line GRATIS! \u2705 W gratisie do pergoli do\u0142\u0105czone zostan\u0105 losowo wybrane nasionka do sadzenia. Posadzone w ogrodzie stan\u0105 si\u0119 idealnym dope\u0142nieniem ogrodowych kompozycji. Niewielkie, ale bardzo atrakcyjna ro\u015bliny, kt\u00f3re nadaj\u0105<br \/><a class=\"more-link\" href=\"https:\/\/bobimarket.pl\/index.php\/produkt\/podpora-do-roslin-pnacych-drabinka-ozdobna-75-cm\/\"><br \/>\n        Czytaj wi\u0119cej<span class=\"screen-reader-text\"> &#8222;PODPORA DO RO\u015aLIN PN\u0104CYCH DRABINKA OZDOBNA 75 cm&#8221;<\/span><\/a><\/p>\n","protected":false},"featured_media":79171,"template":"","meta":[],"product_cat":[8089],"product_tag":[],"yoast_head":"<!-- This site is optimized with the Yoast SEO plugin v21.0 - https:\/\/yoast.com\/wordpress\/plugins\/seo\/ -->\n<title>PODPORA DO RO\u015aLIN PN\u0104CYCH DRABINKA OZDOBNA 75 cm - BOBIMARKET.pl - Remontuj i urz\u0105dzaj z nami<\/title>\n<meta name=\"robots\" content=\"index, follow, max-snippet:-1, max-image-preview:large, max-video-preview:-1\" \/>\n<link rel=\"canonical\" href=\"https:\/\/bobimarket.pl\/index.php\/produkt\/podpora-do-roslin-pnacych-drabinka-ozdobna-75-cm\/\" \/>\n<meta property=\"og:locale\" content=\"pl_PL\" \/>\n<meta property=\"og:type\" content=\"article\" \/>\n<meta property=\"og:title\" content=\"PODPORA DO RO\u015aLIN PN\u0104CYCH DRABINKA OZDOBNA 75 cm - BOBIMARKET.pl - Remontuj i urz\u0105dzaj z nami\" \/>\n<meta property=\"og:description\" content=\"PODPORA DO RO\u015aLIN PN\u0104CYCH DRABINKA OZDOBNA 75 cm Dane techniczne: Wysoko\u015b\u0107: 75 cm Szeroko\u015b\u0107: 26 cm Kolor: zielony Materia\u0142: metal pokryty tworzywem sztucznym Producent: Garden Line GRATIS! \u2705 W gratisie do pergoli do\u0142\u0105czone zostan\u0105 losowo wybrane nasionka do sadzenia. Posadzone w ogrodzie stan\u0105 si\u0119 idealnym dope\u0142nieniem ogrodowych kompozycji. Niewielkie, ale bardzo atrakcyjna ro\u015bliny, kt\u00f3re nadaj\u0105     Czytaj wi\u0119cej &quot;PODPORA DO RO\u015aLIN PN\u0104CYCH DRABINKA OZDOBNA 75 cm&quot;\" \/>\n<meta property=\"og:url\" content=\"https:\/\/bobimarket.pl\/index.php\/produkt\/podpora-do-roslin-pnacych-drabinka-ozdobna-75-cm\/\" \/>\n<meta property=\"og:site_name\" content=\"BOBIMARKET.pl - Remontuj i urz\u0105dzaj z nami\" \/>\n<meta property=\"article:modified_time\" content=\"2025-02-27T13:18:30+00:00\" \/>\n<meta property=\"og:image\" content=\"https:\/\/upload.cdn.baselinker.com\/products\/14476\/d16b2ca432d6c70b249e8ff99e0ed65c.png\" \/>\n<meta name=\"twitter:card\" content=\"summary_large_image\" \/>\n<meta name=\"twitter:label1\" content=\"Szacowany czas czytania\" \/>\n\t<meta name=\"twitter:data1\" content=\"2 minuty\" \/>\n<script type=\"application\/ld+json\" class=\"yoast-schema-graph\">{\"@context\":\"https:\/\/schema.org\",\"@graph\":[{\"@type\":\"WebPage\",\"@id\":\"https:\/\/bobimarket.pl\/index.php\/produkt\/podpora-do-roslin-pnacych-drabinka-ozdobna-75-cm\/\",\"url\":\"https:\/\/bobimarket.pl\/index.php\/produkt\/podpora-do-roslin-pnacych-drabinka-ozdobna-75-cm\/\",\"name\":\"PODPORA DO RO\u015aLIN PN\u0104CYCH DRABINKA OZDOBNA 75 cm - BOBIMARKET.pl - Remontuj i urz\u0105dzaj z nami\",\"isPartOf\":{\"@id\":\"https:\/\/bobimarket.pl\/#website\"},\"datePublished\":\"2023-08-29T13:47:16+00:00\",\"dateModified\":\"2025-02-27T13:18:30+00:00\",\"breadcrumb\":{\"@id\":\"https:\/\/bobimarket.pl\/index.php\/produkt\/podpora-do-roslin-pnacych-drabinka-ozdobna-75-cm\/#breadcrumb\"},\"inLanguage\":\"pl-PL\",\"potentialAction\":[{\"@type\":\"ReadAction\",\"target\":[\"https:\/\/bobimarket.pl\/index.php\/produkt\/podpora-do-roslin-pnacych-drabinka-ozdobna-75-cm\/\"]}]},{\"@type\":\"BreadcrumbList\",\"@id\":\"https:\/\/bobimarket.pl\/index.php\/produkt\/podpora-do-roslin-pnacych-drabinka-ozdobna-75-cm\/#breadcrumb\",\"itemListElement\":[{\"@type\":\"ListItem\",\"position\":1,\"name\":\"Strona g\u0142\u00f3wna\",\"item\":\"https:\/\/bobimarket.pl\/\"},{\"@type\":\"ListItem\",\"position\":2,\"name\":\"Sklep\",\"item\":\"https:\/\/bobimarket.pl\/index.php\/shop\/\"},{\"@type\":\"ListItem\",\"position\":3,\"name\":\"PODPORA DO RO\u015aLIN PN\u0104CYCH DRABINKA OZDOBNA 75 cm\"}]},{\"@type\":\"WebSite\",\"@id\":\"https:\/\/bobimarket.pl\/#website\",\"url\":\"https:\/\/bobimarket.pl\/\",\"name\":\"BOBIMARKET.pl - Remontuj i urz\u0105dzaj z nami\",\"description\":\"Remontuj i urz\u0105dzaj z nami\",\"publisher\":{\"@id\":\"https:\/\/bobimarket.pl\/#organization\"},\"potentialAction\":[{\"@type\":\"SearchAction\",\"target\":{\"@type\":\"EntryPoint\",\"urlTemplate\":\"https:\/\/bobimarket.pl\/?s={search_term_string}\"},\"query-input\":\"required name=search_term_string\"}],\"inLanguage\":\"pl-PL\"},{\"@type\":\"Organization\",\"@id\":\"https:\/\/bobimarket.pl\/#organization\",\"name\":\"BOBIMARKET.pl\",\"url\":\"https:\/\/bobimarket.pl\/\",\"logo\":{\"@type\":\"ImageObject\",\"inLanguage\":\"pl-PL\",\"@id\":\"https:\/\/bobimarket.pl\/#\/schema\/logo\/image\/\",\"url\":\"https:\/\/bobimarket.pl\/wp-content\/uploads\/2021\/11\/slogan.png\",\"contentUrl\":\"https:\/\/bobimarket.pl\/wp-content\/uploads\/2021\/11\/slogan.png\",\"width\":2000,\"height\":384,\"caption\":\"BOBIMARKET.pl\"},\"image\":{\"@id\":\"https:\/\/bobimarket.pl\/#\/schema\/logo\/image\/\"}}]}<\/script>\n<!-- \/ Yoast SEO plugin. -->","yoast_head_json":{"title":"PODPORA DO RO\u015aLIN PN\u0104CYCH DRABINKA OZDOBNA 75 cm - BOBIMARKET.pl - Remontuj i urz\u0105dzaj z nami","robots":{"index":"index","follow":"follow","max-snippet":"max-snippet:-1","max-image-preview":"max-image-preview:large","max-video-preview":"max-video-preview:-1"},"canonical":"https:\/\/bobimarket.pl\/index.php\/produkt\/podpora-do-roslin-pnacych-drabinka-ozdobna-75-cm\/","og_locale":"pl_PL","og_type":"article","og_title":"PODPORA DO RO\u015aLIN PN\u0104CYCH DRABINKA OZDOBNA 75 cm - BOBIMARKET.pl - Remontuj i urz\u0105dzaj z nami","og_description":"PODPORA DO RO\u015aLIN PN\u0104CYCH DRABINKA OZDOBNA 75 cm Dane techniczne: Wysoko\u015b\u0107: 75 cm Szeroko\u015b\u0107: 26 cm Kolor: zielony Materia\u0142: metal pokryty tworzywem sztucznym Producent: Garden Line GRATIS! \u2705 W gratisie do pergoli do\u0142\u0105czone zostan\u0105 losowo wybrane nasionka do sadzenia. Posadzone w ogrodzie stan\u0105 si\u0119 idealnym dope\u0142nieniem ogrodowych kompozycji. Niewielkie, ale bardzo atrakcyjna ro\u015bliny, kt\u00f3re nadaj\u0105     Czytaj wi\u0119cej \"PODPORA DO RO\u015aLIN PN\u0104CYCH DRABINKA OZDOBNA 75 cm\"","og_url":"https:\/\/bobimarket.pl\/index.php\/produkt\/podpora-do-roslin-pnacych-drabinka-ozdobna-75-cm\/","og_site_name":"BOBIMARKET.pl - Remontuj i urz\u0105dzaj z nami","article_modified_time":"2025-02-27T13:18:30+00:00","og_image":[{"url":"https:\/\/upload.cdn.baselinker.com\/products\/14476\/d16b2ca432d6c70b249e8ff99e0ed65c.png"}],"twitter_card":"summary_large_image","twitter_misc":{"Szacowany czas czytania":"2 minuty"},"schema":{"@context":"https:\/\/schema.org","@graph":[{"@type":"WebPage","@id":"https:\/\/bobimarket.pl\/index.php\/produkt\/podpora-do-roslin-pnacych-drabinka-ozdobna-75-cm\/","url":"https:\/\/bobimarket.pl\/index.php\/produkt\/podpora-do-roslin-pnacych-drabinka-ozdobna-75-cm\/","name":"PODPORA DO RO\u015aLIN PN\u0104CYCH DRABINKA OZDOBNA 75 cm - BOBIMARKET.pl - Remontuj i urz\u0105dzaj z nami","isPartOf":{"@id":"https:\/\/bobimarket.pl\/#website"},"datePublished":"2023-08-29T13:47:16+00:00","dateModified":"2025-02-27T13:18:30+00:00","breadcrumb":{"@id":"https:\/\/bobimarket.pl\/index.php\/produkt\/podpora-do-roslin-pnacych-drabinka-ozdobna-75-cm\/#breadcrumb"},"inLanguage":"pl-PL","potentialAction":[{"@type":"ReadAction","target":["https:\/\/bobimarket.pl\/index.php\/produkt\/podpora-do-roslin-pnacych-drabinka-ozdobna-75-cm\/"]}]},{"@type":"BreadcrumbList","@id":"https:\/\/bobimarket.pl\/index.php\/produkt\/podpora-do-roslin-pnacych-drabinka-ozdobna-75-cm\/#breadcrumb","itemListElement":[{"@type":"ListItem","position":1,"name":"Strona g\u0142\u00f3wna","item":"https:\/\/bobimarket.pl\/"},{"@type":"ListItem","position":2,"name":"Sklep","item":"https:\/\/bobimarket.pl\/index.php\/shop\/"},{"@type":"ListItem","position":3,"name":"PODPORA DO RO\u015aLIN PN\u0104CYCH DRABINKA OZDOBNA 75 cm"}]},{"@type":"WebSite","@id":"https:\/\/bobimarket.pl\/#website","url":"https:\/\/bobimarket.pl\/","name":"BOBIMARKET.pl - Remontuj i urz\u0105dzaj z nami","description":"Remontuj i urz\u0105dzaj z nami","publisher":{"@id":"https:\/\/bobimarket.pl\/#organization"},"potentialAction":[{"@type":"SearchAction","target":{"@type":"EntryPoint","urlTemplate":"https:\/\/bobimarket.pl\/?s={search_term_string}"},"query-input":"required name=search_term_string"}],"inLanguage":"pl-PL"},{"@type":"Organization","@id":"https:\/\/bobimarket.pl\/#organization","name":"BOBIMARKET.pl","url":"https:\/\/bobimarket.pl\/","logo":{"@type":"ImageObject","inLanguage":"pl-PL","@id":"https:\/\/bobimarket.pl\/#\/schema\/logo\/image\/","url":"https:\/\/bobimarket.pl\/wp-content\/uploads\/2021\/11\/slogan.png","contentUrl":"https:\/\/bobimarket.pl\/wp-content\/uploads\/2021\/11\/slogan.png","width":2000,"height":384,"caption":"BOBIMARKET.pl"},"image":{"@id":"https:\/\/bobimarket.pl\/#\/schema\/logo\/image\/"}}]}},"_links":{"self":[{"href":"https:\/\/bobimarket.pl\/index.php\/wp-json\/wp\/v2\/product\/79174"}],"collection":[{"href":"https:\/\/bobimarket.pl\/index.php\/wp-json\/wp\/v2\/product"}],"about":[{"href":"https:\/\/bobimarket.pl\/index.php\/wp-json\/wp\/v2\/types\/product"}],"wp:featuredmedia":[{"embeddable":true,"href":"https:\/\/bobimarket.pl\/index.php\/wp-json\/wp\/v2\/media\/79171"}],"wp:attachment":[{"href":"https:\/\/bobimarket.pl\/index.php\/wp-json\/wp\/v2\/media?parent=79174"}],"wp:term":[{"taxonomy":"product_cat","embeddable":true,"href":"https:\/\/bobimarket.pl\/index.php\/wp-json\/wp\/v2\/product_cat?post=79174"},{"taxonomy":"product_tag","embeddable":true,"href":"https:\/\/bobimarket.pl\/index.php\/wp-json\/wp\/v2\/product_tag?post=79174"}],"curies":[{"name":"wp","href":"https:\/\/api.w.org\/{rel}","templated":true}]}}