{"id":79184,"date":"2023-08-29T13:47:35","date_gmt":"2023-08-29T13:47:35","guid":{"rendered":"https:\/\/bobimarket.pl\/index.php\/produkt\/pojemnik-kubek-na-jogurt-musli-z-lyzeczka-600-ml\/"},"modified":"2025-02-27T13:18:34","modified_gmt":"2025-02-27T13:18:34","slug":"pojemnik-kubek-na-jogurt-musli-z-lyzeczka-600-ml","status":"publish","type":"product","link":"https:\/\/bobimarket.pl\/index.php\/produkt\/pojemnik-kubek-na-jogurt-musli-z-lyzeczka-600-ml\/","title":{"rendered":"POJEMNIK KUBEK NA JOGURT MUSLI Z \u0141Y\u017bECZK\u0104 600 ml"},"content":{"rendered":"<section class=\"section\">\n<div class=\"item item-12\">\n<section class=\"text-item\">\n<h2>POJEMNIK KUBEK NA JOGURT MUSLI Z \u0141Y\u017bECZK\u0104 600 ml<\/h2>\n<p><b>Informacje og\u00f3lne: <\/b><\/p>\n<ul>\n<li>Pojemno\u015b\u0107:<b> 600 ml<\/b><\/li>\n<li>Wysoko\u015b\u0107: <b>16,5 cm<\/b><\/li>\n<li>\u015arednica podstawy: <b>6,5 cm<\/b><\/li>\n<li>\u015arednica w najszerszym miejscu: <b>10,5 cm<\/b><\/li>\n<li>Nie zawiera\u00a0bisfenol <b>(BPA FREE)<\/b><\/li>\n<\/ul>\n<\/section><\/div>\n<\/section>\n<section class=\"section\">\n<div class=\"item item-12\">\n<section class=\"image-item\">\n            <img decoding=\"async\" src=\"https:\/\/upload.cdn.baselinker.com\/products\/14476\/90750943.jpg\" \/><br \/>\n        <\/section>\n<\/p><\/div>\n<\/section>\n<section class=\"section\">\n<div class=\"item item-12\">\n<section class=\"text-item\">\n<h2>Praktyczny kubek do przechowywania \u017cywno\u015bci, kt\u00f3ry mo\u017cna wsz\u0119dzie ze sob\u0105 zabra\u0107!<\/h2>\n<p>Pojemnik na \u017cywno\u015b\u0107 o wszechstronnym zastosowaniu. Jego ogromn\u0105 zalet\u0105 s\u0105<b> dwie przegrody,<\/b> kt\u00f3re pozwalaj\u0105 na przechowywanie zbilansowanego i r\u00f3\u017cnorodnego posi\u0142ku. Pojemnik doskonale<b> sprawdzi si\u0119 zar\u00f3wno u dzieci jak i doros\u0142ych.<\/b> Pojemnik wykonana z <b>wytrzyma\u0142ego tworzywa<\/b>, co b\u0119dzie owocowa\u0142o d\u0142ugim okresem u\u017cytkowania. Ponadto do produkcji u\u017cyto materia\u0142\u00f3w, kt\u00f3re nie zawieraj\u0105 szkodliwych zwi\u0105zk\u00f3w chemicznych <b>(BPA FREE)!<\/b><\/p>\n<p>\u2705 <b>Nie obawiaj si\u0119, \u017ce pojemnik b\u0119dzie sta\u0142 bezu\u017cytecznie.<\/b> \u015awietnie nadaje si\u0119 do artyku\u0142\u00f3w sypkich, ale nie tylko.Pojemnik jest dwupoziomowy, \u0142atwo mo\u017cemy oddzieli\u0107 dodatki od jogurtu czy sk\u0142adniki sa\u0142atek. Mo\u017cna do niego <b>spakowa\u0107 pe\u0142nowarto\u015bciowe drugie \u015bniadanie<\/b> dla dziecka do szko\u0142y. \u015awietnie sprawdzi si\u0119 r\u00f3wnie\u017c w podr\u00f3\u017cy.<\/p>\n<p>\u2705 Pojemnik sk\u0142ada si\u0119 z nast\u0119puj\u0105cych element\u00f3w:<\/p>\n<ul>\n<li>kubka<\/li>\n<li>zakr\u0119tki<\/li>\n<li>\u0142y\u017ceczki<\/li>\n<li>miski na dodatki ( np. p\u0142atki, owoce, dresingi do sa\u0142atki).<\/li>\n<\/ul>\n<\/section><\/div>\n<\/section>\n<section class=\"section\">\n<div class=\"item item-12\">\n<section class=\"image-item\">\n            <img decoding=\"async\" src=\"https:\/\/upload.cdn.baselinker.com\/products\/14476\/90750943_1.jpg\" \/><br \/>\n        <\/section>\n<\/p><\/div>\n<\/section>\n<section class=\"section\">\n<div class=\"item item-12\">\n<section class=\"text-item\">\n<p>\u2705 <b>Pojemnik jest dwupoziomowy<\/b>, \u0142atwo mo\u017cemy oddzieli\u0107 dodatki od jogurtu czy sk\u0142adniki sa\u0142atek. Kubek\u00a0 pozwala na przechowywanie zbilansowanego i r\u00f3\u017cnorodnego posi\u0142ku. Pojemnik doskonale sprawdzi si\u0119 zar\u00f3wno u dzieci jak i doros\u0142ych.<\/p>\n<p>\u2705 Do kubka do\u0142\u0105czona jest<b> \u0142y\u017ceczka<\/b>, jest ona mocowana do zakr\u0119tki.<\/p>\n<p>\u2705 <b>Mo\u017cna go ze sob\u0105 zabra\u0107 do:<\/b><\/p>\n<ul>\n<li>szko\u0142y<\/li>\n<li>pracy<\/li>\n<li>na uczelni\u0119<\/li>\n<li>na wycieczk\u0119<\/li>\n<\/ul>\n<\/section><\/div>\n<\/section>\n<section class=\"section\">\n<div class=\"item item-12\">\n<section class=\"image-item\">\n            <img decoding=\"async\" src=\"https:\/\/upload.cdn.baselinker.com\/products\/14476\/289194114e35c8e2d200d688110b1d79.jpg\" \/><br \/>\n        <\/section>\n<\/p><\/div>\n<\/section>\n","protected":false},"excerpt":{"rendered":"<p>POJEMNIK KUBEK NA JOGURT MUSLI Z \u0141Y\u017bECZK\u0104 600 ml Informacje og\u00f3lne: Pojemno\u015b\u0107: 600 ml Wysoko\u015b\u0107: 16,5 cm \u015arednica podstawy: 6,5 cm \u015arednica w najszerszym miejscu: 10,5 cm Nie zawiera\u00a0bisfenol (BPA FREE) Praktyczny kubek do przechowywania \u017cywno\u015bci, kt\u00f3ry mo\u017cna wsz\u0119dzie ze sob\u0105 zabra\u0107! Pojemnik na \u017cywno\u015b\u0107 o wszechstronnym zastosowaniu. Jego ogromn\u0105 zalet\u0105 s\u0105 dwie przegrody, kt\u00f3re<br \/><a class=\"more-link\" href=\"https:\/\/bobimarket.pl\/index.php\/produkt\/pojemnik-kubek-na-jogurt-musli-z-lyzeczka-600-ml\/\"><br \/>\n        Czytaj wi\u0119cej<span class=\"screen-reader-text\"> &#8222;POJEMNIK KUBEK NA JOGURT MUSLI Z \u0141Y\u017bECZK\u0104 600 ml&#8221;<\/span><\/a><\/p>\n","protected":false},"featured_media":79175,"template":"","meta":[],"product_cat":[8070],"product_tag":[],"yoast_head":"<!-- This site is optimized with the Yoast SEO plugin v21.0 - https:\/\/yoast.com\/wordpress\/plugins\/seo\/ -->\n<title>POJEMNIK KUBEK NA JOGURT MUSLI Z \u0141Y\u017bECZK\u0104 600 ml - BOBIMARKET.pl - Remontuj i urz\u0105dzaj z nami<\/title>\n<meta name=\"robots\" content=\"index, follow, max-snippet:-1, max-image-preview:large, max-video-preview:-1\" \/>\n<link rel=\"canonical\" href=\"https:\/\/bobimarket.pl\/index.php\/produkt\/pojemnik-kubek-na-jogurt-musli-z-lyzeczka-600-ml\/\" \/>\n<meta property=\"og:locale\" content=\"pl_PL\" \/>\n<meta property=\"og:type\" content=\"article\" \/>\n<meta property=\"og:title\" content=\"POJEMNIK KUBEK NA JOGURT MUSLI Z \u0141Y\u017bECZK\u0104 600 ml - BOBIMARKET.pl - Remontuj i urz\u0105dzaj z nami\" \/>\n<meta property=\"og:description\" content=\"POJEMNIK KUBEK NA JOGURT MUSLI Z \u0141Y\u017bECZK\u0104 600 ml Informacje og\u00f3lne: Pojemno\u015b\u0107: 600 ml Wysoko\u015b\u0107: 16,5 cm \u015arednica podstawy: 6,5 cm \u015arednica w najszerszym miejscu: 10,5 cm Nie zawiera\u00a0bisfenol (BPA FREE) Praktyczny kubek do przechowywania \u017cywno\u015bci, kt\u00f3ry mo\u017cna wsz\u0119dzie ze sob\u0105 zabra\u0107! Pojemnik na \u017cywno\u015b\u0107 o wszechstronnym zastosowaniu. Jego ogromn\u0105 zalet\u0105 s\u0105 dwie przegrody, kt\u00f3re     Czytaj wi\u0119cej &quot;POJEMNIK KUBEK NA JOGURT MUSLI Z \u0141Y\u017bECZK\u0104 600 ml&quot;\" \/>\n<meta property=\"og:url\" content=\"https:\/\/bobimarket.pl\/index.php\/produkt\/pojemnik-kubek-na-jogurt-musli-z-lyzeczka-600-ml\/\" \/>\n<meta property=\"og:site_name\" content=\"BOBIMARKET.pl - Remontuj i urz\u0105dzaj z nami\" \/>\n<meta property=\"article:modified_time\" content=\"2025-02-27T13:18:34+00:00\" \/>\n<meta property=\"og:image\" content=\"https:\/\/upload.cdn.baselinker.com\/products\/14476\/90750943.jpg\" \/>\n<meta name=\"twitter:card\" content=\"summary_large_image\" \/>\n<meta name=\"twitter:label1\" content=\"Szacowany czas czytania\" \/>\n\t<meta name=\"twitter:data1\" content=\"1 minuta\" \/>\n<script type=\"application\/ld+json\" class=\"yoast-schema-graph\">{\"@context\":\"https:\/\/schema.org\",\"@graph\":[{\"@type\":\"WebPage\",\"@id\":\"https:\/\/bobimarket.pl\/index.php\/produkt\/pojemnik-kubek-na-jogurt-musli-z-lyzeczka-600-ml\/\",\"url\":\"https:\/\/bobimarket.pl\/index.php\/produkt\/pojemnik-kubek-na-jogurt-musli-z-lyzeczka-600-ml\/\",\"name\":\"POJEMNIK KUBEK NA JOGURT MUSLI Z \u0141Y\u017bECZK\u0104 600 ml - BOBIMARKET.pl - Remontuj i urz\u0105dzaj z nami\",\"isPartOf\":{\"@id\":\"https:\/\/bobimarket.pl\/#website\"},\"datePublished\":\"2023-08-29T13:47:35+00:00\",\"dateModified\":\"2025-02-27T13:18:34+00:00\",\"breadcrumb\":{\"@id\":\"https:\/\/bobimarket.pl\/index.php\/produkt\/pojemnik-kubek-na-jogurt-musli-z-lyzeczka-600-ml\/#breadcrumb\"},\"inLanguage\":\"pl-PL\",\"potentialAction\":[{\"@type\":\"ReadAction\",\"target\":[\"https:\/\/bobimarket.pl\/index.php\/produkt\/pojemnik-kubek-na-jogurt-musli-z-lyzeczka-600-ml\/\"]}]},{\"@type\":\"BreadcrumbList\",\"@id\":\"https:\/\/bobimarket.pl\/index.php\/produkt\/pojemnik-kubek-na-jogurt-musli-z-lyzeczka-600-ml\/#breadcrumb\",\"itemListElement\":[{\"@type\":\"ListItem\",\"position\":1,\"name\":\"Strona g\u0142\u00f3wna\",\"item\":\"https:\/\/bobimarket.pl\/\"},{\"@type\":\"ListItem\",\"position\":2,\"name\":\"Sklep\",\"item\":\"https:\/\/bobimarket.pl\/index.php\/shop\/\"},{\"@type\":\"ListItem\",\"position\":3,\"name\":\"POJEMNIK KUBEK NA JOGURT MUSLI Z \u0141Y\u017bECZK\u0104 600 ml\"}]},{\"@type\":\"WebSite\",\"@id\":\"https:\/\/bobimarket.pl\/#website\",\"url\":\"https:\/\/bobimarket.pl\/\",\"name\":\"BOBIMARKET.pl - Remontuj i urz\u0105dzaj z nami\",\"description\":\"Remontuj i urz\u0105dzaj z nami\",\"publisher\":{\"@id\":\"https:\/\/bobimarket.pl\/#organization\"},\"potentialAction\":[{\"@type\":\"SearchAction\",\"target\":{\"@type\":\"EntryPoint\",\"urlTemplate\":\"https:\/\/bobimarket.pl\/?s={search_term_string}\"},\"query-input\":\"required name=search_term_string\"}],\"inLanguage\":\"pl-PL\"},{\"@type\":\"Organization\",\"@id\":\"https:\/\/bobimarket.pl\/#organization\",\"name\":\"BOBIMARKET.pl\",\"url\":\"https:\/\/bobimarket.pl\/\",\"logo\":{\"@type\":\"ImageObject\",\"inLanguage\":\"pl-PL\",\"@id\":\"https:\/\/bobimarket.pl\/#\/schema\/logo\/image\/\",\"url\":\"https:\/\/bobimarket.pl\/wp-content\/uploads\/2021\/11\/slogan.png\",\"contentUrl\":\"https:\/\/bobimarket.pl\/wp-content\/uploads\/2021\/11\/slogan.png\",\"width\":2000,\"height\":384,\"caption\":\"BOBIMARKET.pl\"},\"image\":{\"@id\":\"https:\/\/bobimarket.pl\/#\/schema\/logo\/image\/\"}}]}<\/script>\n<!-- \/ Yoast SEO plugin. -->","yoast_head_json":{"title":"POJEMNIK KUBEK NA JOGURT MUSLI Z \u0141Y\u017bECZK\u0104 600 ml - BOBIMARKET.pl - Remontuj i urz\u0105dzaj z nami","robots":{"index":"index","follow":"follow","max-snippet":"max-snippet:-1","max-image-preview":"max-image-preview:large","max-video-preview":"max-video-preview:-1"},"canonical":"https:\/\/bobimarket.pl\/index.php\/produkt\/pojemnik-kubek-na-jogurt-musli-z-lyzeczka-600-ml\/","og_locale":"pl_PL","og_type":"article","og_title":"POJEMNIK KUBEK NA JOGURT MUSLI Z \u0141Y\u017bECZK\u0104 600 ml - BOBIMARKET.pl - Remontuj i urz\u0105dzaj z nami","og_description":"POJEMNIK KUBEK NA JOGURT MUSLI Z \u0141Y\u017bECZK\u0104 600 ml Informacje og\u00f3lne: Pojemno\u015b\u0107: 600 ml Wysoko\u015b\u0107: 16,5 cm \u015arednica podstawy: 6,5 cm \u015arednica w najszerszym miejscu: 10,5 cm Nie zawiera\u00a0bisfenol (BPA FREE) Praktyczny kubek do przechowywania \u017cywno\u015bci, kt\u00f3ry mo\u017cna wsz\u0119dzie ze sob\u0105 zabra\u0107! Pojemnik na \u017cywno\u015b\u0107 o wszechstronnym zastosowaniu. Jego ogromn\u0105 zalet\u0105 s\u0105 dwie przegrody, kt\u00f3re     Czytaj wi\u0119cej \"POJEMNIK KUBEK NA JOGURT MUSLI Z \u0141Y\u017bECZK\u0104 600 ml\"","og_url":"https:\/\/bobimarket.pl\/index.php\/produkt\/pojemnik-kubek-na-jogurt-musli-z-lyzeczka-600-ml\/","og_site_name":"BOBIMARKET.pl - Remontuj i urz\u0105dzaj z nami","article_modified_time":"2025-02-27T13:18:34+00:00","og_image":[{"url":"https:\/\/upload.cdn.baselinker.com\/products\/14476\/90750943.jpg"}],"twitter_card":"summary_large_image","twitter_misc":{"Szacowany czas czytania":"1 minuta"},"schema":{"@context":"https:\/\/schema.org","@graph":[{"@type":"WebPage","@id":"https:\/\/bobimarket.pl\/index.php\/produkt\/pojemnik-kubek-na-jogurt-musli-z-lyzeczka-600-ml\/","url":"https:\/\/bobimarket.pl\/index.php\/produkt\/pojemnik-kubek-na-jogurt-musli-z-lyzeczka-600-ml\/","name":"POJEMNIK KUBEK NA JOGURT MUSLI Z \u0141Y\u017bECZK\u0104 600 ml - BOBIMARKET.pl - Remontuj i urz\u0105dzaj z nami","isPartOf":{"@id":"https:\/\/bobimarket.pl\/#website"},"datePublished":"2023-08-29T13:47:35+00:00","dateModified":"2025-02-27T13:18:34+00:00","breadcrumb":{"@id":"https:\/\/bobimarket.pl\/index.php\/produkt\/pojemnik-kubek-na-jogurt-musli-z-lyzeczka-600-ml\/#breadcrumb"},"inLanguage":"pl-PL","potentialAction":[{"@type":"ReadAction","target":["https:\/\/bobimarket.pl\/index.php\/produkt\/pojemnik-kubek-na-jogurt-musli-z-lyzeczka-600-ml\/"]}]},{"@type":"BreadcrumbList","@id":"https:\/\/bobimarket.pl\/index.php\/produkt\/pojemnik-kubek-na-jogurt-musli-z-lyzeczka-600-ml\/#breadcrumb","itemListElement":[{"@type":"ListItem","position":1,"name":"Strona g\u0142\u00f3wna","item":"https:\/\/bobimarket.pl\/"},{"@type":"ListItem","position":2,"name":"Sklep","item":"https:\/\/bobimarket.pl\/index.php\/shop\/"},{"@type":"ListItem","position":3,"name":"POJEMNIK KUBEK NA JOGURT MUSLI Z \u0141Y\u017bECZK\u0104 600 ml"}]},{"@type":"WebSite","@id":"https:\/\/bobimarket.pl\/#website","url":"https:\/\/bobimarket.pl\/","name":"BOBIMARKET.pl - Remontuj i urz\u0105dzaj z nami","description":"Remontuj i urz\u0105dzaj z nami","publisher":{"@id":"https:\/\/bobimarket.pl\/#organization"},"potentialAction":[{"@type":"SearchAction","target":{"@type":"EntryPoint","urlTemplate":"https:\/\/bobimarket.pl\/?s={search_term_string}"},"query-input":"required name=search_term_string"}],"inLanguage":"pl-PL"},{"@type":"Organization","@id":"https:\/\/bobimarket.pl\/#organization","name":"BOBIMARKET.pl","url":"https:\/\/bobimarket.pl\/","logo":{"@type":"ImageObject","inLanguage":"pl-PL","@id":"https:\/\/bobimarket.pl\/#\/schema\/logo\/image\/","url":"https:\/\/bobimarket.pl\/wp-content\/uploads\/2021\/11\/slogan.png","contentUrl":"https:\/\/bobimarket.pl\/wp-content\/uploads\/2021\/11\/slogan.png","width":2000,"height":384,"caption":"BOBIMARKET.pl"},"image":{"@id":"https:\/\/bobimarket.pl\/#\/schema\/logo\/image\/"}}]}},"_links":{"self":[{"href":"https:\/\/bobimarket.pl\/index.php\/wp-json\/wp\/v2\/product\/79184"}],"collection":[{"href":"https:\/\/bobimarket.pl\/index.php\/wp-json\/wp\/v2\/product"}],"about":[{"href":"https:\/\/bobimarket.pl\/index.php\/wp-json\/wp\/v2\/types\/product"}],"wp:featuredmedia":[{"embeddable":true,"href":"https:\/\/bobimarket.pl\/index.php\/wp-json\/wp\/v2\/media\/79175"}],"wp:attachment":[{"href":"https:\/\/bobimarket.pl\/index.php\/wp-json\/wp\/v2\/media?parent=79184"}],"wp:term":[{"taxonomy":"product_cat","embeddable":true,"href":"https:\/\/bobimarket.pl\/index.php\/wp-json\/wp\/v2\/product_cat?post=79184"},{"taxonomy":"product_tag","embeddable":true,"href":"https:\/\/bobimarket.pl\/index.php\/wp-json\/wp\/v2\/product_tag?post=79184"}],"curies":[{"name":"wp","href":"https:\/\/api.w.org\/{rel}","templated":true}]}}