{"id":79189,"date":"2023-08-29T13:48:05","date_gmt":"2023-08-29T13:48:05","guid":{"rendered":"https:\/\/bobimarket.pl\/index.php\/produkt\/drabinka-bambusowa-podpora-pergola-rosliny-45-cm\/"},"modified":"2025-02-27T13:18:38","modified_gmt":"2025-02-27T13:18:38","slug":"drabinka-bambusowa-podpora-pergola-rosliny-45-cm","status":"publish","type":"product","link":"https:\/\/bobimarket.pl\/index.php\/produkt\/drabinka-bambusowa-podpora-pergola-rosliny-45-cm\/","title":{"rendered":"DRABINKA BAMBUSOWA PODPORA PERGOLA RO\u015aLINY 45 cm"},"content":{"rendered":"<section class=\"section\">\n<div class=\"item item-12\">\n<section class=\"text-item\">\n<h2>DRABINKA BAMBUSOWA PODPORA PERGOLA RO\u015aLINY 45cm<\/h2>\n<p><b>Informacje og\u00f3lne:<\/b><\/p>\n<ul>\n<li>Wysoko\u015b\u0107: <b>45<\/b>\u00a0<b>cm<\/b><\/li>\n<li>Szeroko\u015b\u0107 max.: <b>25 cm<\/b><\/li>\n<li>Materia\u0142: <b>bambus<\/b><\/li>\n<li>Producent: <b>Garden Line<\/b><\/li>\n<\/ul>\n<p><b>UWAGA!<\/b><\/p>\n<p>Doniczka oraz kwiatek s\u0142u\u017c\u0105 do ekspozycji towaru i nie s\u0105 elementem oferty. Przedmiotem sprzeda\u017cy jest jedynie drabinka bambusowa.<\/p>\n<\/section><\/div>\n<\/section>\n<section class=\"section\">\n<div class=\"item item-12\">\n<section class=\"image-item\">\n            <img decoding=\"async\" src=\"https:\/\/upload.cdn.baselinker.com\/products\/14476\/90900013_1.jpg\" \/><br \/>\n        <\/section>\n<\/p><\/div>\n<\/section>\n<section class=\"section\">\n<div class=\"item item-12\">\n<section class=\"text-item\">\n<h2>Bambusowa drabinka to doskona\u0142e rozwi\u0105zanie dla Twoich ro\u015blin!<\/h2>\n<p><b>Drabinka bambusowa podw\u00f3jna<\/b> do ro\u015blin pn\u0105cych lub warzyw. Naturalny kolor sprawia, \u017ce jest niemal niewidoczna po\u015br\u00f3d ro\u015blin i idealnie si\u0119 z nimi komponuje, jednocze\u015bnie chroni\u0105c delikatne p\u0119dy przed uszkodzeniem. \u00a0<\/p>\n<ul>\n<li><b>Stanowi ciekaw\u0105 alternatyw\u0119<\/b> dla r\u00f3\u017cnego rodzaju pojedynczych tyczek czy podp\u00f3r pier\u015bcieniowych.\u00a0<\/li>\n<li>To nie tylko element ozdobny, ma r\u00f3wnie\u017c <b>pozytywny wp\u0142yw na ro\u015blin<\/b>. Przeciwdzia\u0142a \u0142amaniu si\u0119 ro\u015blin oraz gwarantuje prawid\u0142owy wzrost kwiat\u00f3w.<\/li>\n<\/ul>\n<\/section><\/div>\n<\/section>\n<section class=\"section\">\n<div class=\"item item-12\">\n<section class=\"image-item\">\n            <img decoding=\"async\" src=\"https:\/\/upload.cdn.baselinker.com\/products\/14476\/90900013_2.jpg\" \/><br \/>\n        <\/section>\n<\/p><\/div>\n<\/section>\n<section class=\"section\">\n<div class=\"item item-12\">\n<section class=\"text-item\">\n<h2>Jak wykorzysta\u0107 drabink\u0119 ?<\/h2>\n<p>Drabinka to w pe\u0142ni naturalny element, kt\u00f3ry chroni i wspomaga wzrost Twoich ro\u015blin. Podpor\u0119 mo\u017cna r\u00f3wnie\u017c wykorzysta\u0107, aby zapobiec bezpo\u015bredniemu kontaktowi ro\u015blin np. ze \u015bcian\u0105 budynk\u00f3w. Idealnie nada si\u0119 do kwiat\u00f3w donczkowych.\u00a0<\/p>\n<p><b>\u2705 Doskonale sprawdzi si\u0119:<\/b><\/p>\n<ul>\n<li>w ogrodach<\/li>\n<li>na rabacie\u00a0<\/li>\n<li>w doniczce<\/li>\n<li>w skrzynkach balkonowych.<\/li>\n<\/ul>\n<p>\u2705<b> Zalety podpory:<\/b><\/p>\n<ul>\n<li>Przeciwdzia\u0142a \u0142amaniu si\u0119 ro\u015blin<\/li>\n<li>Gwarantuje prawid\u0142owy wzrost<\/li>\n<li>Solidna, wytrzyma\u0142a konstrukcja<\/li>\n<li>Mo\u017cliwo\u015b\u0107 regulacji<\/li>\n<\/ul>\n<\/section><\/div>\n<\/section>\n<section class=\"section\">\n<div class=\"item item-12\">\n<section class=\"image-item\">\n            <img decoding=\"async\" src=\"https:\/\/upload.cdn.baselinker.com\/products\/14476\/90900013_3.jpg\" \/><br \/>\n        <\/section>\n<\/p><\/div>\n<\/section>\n","protected":false},"excerpt":{"rendered":"<p>DRABINKA BAMBUSOWA PODPORA PERGOLA RO\u015aLINY 45cm Informacje og\u00f3lne: Wysoko\u015b\u0107: 45\u00a0cm Szeroko\u015b\u0107 max.: 25 cm Materia\u0142: bambus Producent: Garden Line UWAGA! Doniczka oraz kwiatek s\u0142u\u017c\u0105 do ekspozycji towaru i nie s\u0105 elementem oferty. Przedmiotem sprzeda\u017cy jest jedynie drabinka bambusowa. Bambusowa drabinka to doskona\u0142e rozwi\u0105zanie dla Twoich ro\u015blin! Drabinka bambusowa podw\u00f3jna do ro\u015blin pn\u0105cych lub warzyw. Naturalny<br \/><a class=\"more-link\" href=\"https:\/\/bobimarket.pl\/index.php\/produkt\/drabinka-bambusowa-podpora-pergola-rosliny-45-cm\/\"><br \/>\n        Czytaj wi\u0119cej<span class=\"screen-reader-text\"> &#8222;DRABINKA BAMBUSOWA PODPORA PERGOLA RO\u015aLINY 45 cm&#8221;<\/span><\/a><\/p>\n","protected":false},"featured_media":79185,"template":"","meta":[],"product_cat":[8089],"product_tag":[],"yoast_head":"<!-- This site is optimized with the Yoast SEO plugin v21.0 - https:\/\/yoast.com\/wordpress\/plugins\/seo\/ -->\n<title>DRABINKA BAMBUSOWA PODPORA PERGOLA RO\u015aLINY 45 cm - BOBIMARKET.pl - Remontuj i urz\u0105dzaj z nami<\/title>\n<meta name=\"robots\" content=\"index, follow, max-snippet:-1, max-image-preview:large, max-video-preview:-1\" \/>\n<link rel=\"canonical\" href=\"https:\/\/bobimarket.pl\/index.php\/produkt\/drabinka-bambusowa-podpora-pergola-rosliny-45-cm\/\" \/>\n<meta property=\"og:locale\" content=\"pl_PL\" \/>\n<meta property=\"og:type\" content=\"article\" \/>\n<meta property=\"og:title\" content=\"DRABINKA BAMBUSOWA PODPORA PERGOLA RO\u015aLINY 45 cm - BOBIMARKET.pl - Remontuj i urz\u0105dzaj z nami\" \/>\n<meta property=\"og:description\" content=\"DRABINKA BAMBUSOWA PODPORA PERGOLA RO\u015aLINY 45cm Informacje og\u00f3lne: Wysoko\u015b\u0107: 45\u00a0cm Szeroko\u015b\u0107 max.: 25 cm Materia\u0142: bambus Producent: Garden Line UWAGA! Doniczka oraz kwiatek s\u0142u\u017c\u0105 do ekspozycji towaru i nie s\u0105 elementem oferty. Przedmiotem sprzeda\u017cy jest jedynie drabinka bambusowa. Bambusowa drabinka to doskona\u0142e rozwi\u0105zanie dla Twoich ro\u015blin! Drabinka bambusowa podw\u00f3jna do ro\u015blin pn\u0105cych lub warzyw. Naturalny     Czytaj wi\u0119cej &quot;DRABINKA BAMBUSOWA PODPORA PERGOLA RO\u015aLINY 45 cm&quot;\" \/>\n<meta property=\"og:url\" content=\"https:\/\/bobimarket.pl\/index.php\/produkt\/drabinka-bambusowa-podpora-pergola-rosliny-45-cm\/\" \/>\n<meta property=\"og:site_name\" content=\"BOBIMARKET.pl - Remontuj i urz\u0105dzaj z nami\" \/>\n<meta property=\"article:modified_time\" content=\"2025-02-27T13:18:38+00:00\" \/>\n<meta property=\"og:image\" content=\"https:\/\/upload.cdn.baselinker.com\/products\/14476\/90900013_1.jpg\" \/>\n<meta name=\"twitter:card\" content=\"summary_large_image\" \/>\n<meta name=\"twitter:label1\" content=\"Szacowany czas czytania\" \/>\n\t<meta name=\"twitter:data1\" content=\"1 minuta\" \/>\n<script type=\"application\/ld+json\" class=\"yoast-schema-graph\">{\"@context\":\"https:\/\/schema.org\",\"@graph\":[{\"@type\":\"WebPage\",\"@id\":\"https:\/\/bobimarket.pl\/index.php\/produkt\/drabinka-bambusowa-podpora-pergola-rosliny-45-cm\/\",\"url\":\"https:\/\/bobimarket.pl\/index.php\/produkt\/drabinka-bambusowa-podpora-pergola-rosliny-45-cm\/\",\"name\":\"DRABINKA BAMBUSOWA PODPORA PERGOLA RO\u015aLINY 45 cm - BOBIMARKET.pl - Remontuj i urz\u0105dzaj z nami\",\"isPartOf\":{\"@id\":\"https:\/\/bobimarket.pl\/#website\"},\"datePublished\":\"2023-08-29T13:48:05+00:00\",\"dateModified\":\"2025-02-27T13:18:38+00:00\",\"breadcrumb\":{\"@id\":\"https:\/\/bobimarket.pl\/index.php\/produkt\/drabinka-bambusowa-podpora-pergola-rosliny-45-cm\/#breadcrumb\"},\"inLanguage\":\"pl-PL\",\"potentialAction\":[{\"@type\":\"ReadAction\",\"target\":[\"https:\/\/bobimarket.pl\/index.php\/produkt\/drabinka-bambusowa-podpora-pergola-rosliny-45-cm\/\"]}]},{\"@type\":\"BreadcrumbList\",\"@id\":\"https:\/\/bobimarket.pl\/index.php\/produkt\/drabinka-bambusowa-podpora-pergola-rosliny-45-cm\/#breadcrumb\",\"itemListElement\":[{\"@type\":\"ListItem\",\"position\":1,\"name\":\"Strona g\u0142\u00f3wna\",\"item\":\"https:\/\/bobimarket.pl\/\"},{\"@type\":\"ListItem\",\"position\":2,\"name\":\"Sklep\",\"item\":\"https:\/\/bobimarket.pl\/index.php\/shop\/\"},{\"@type\":\"ListItem\",\"position\":3,\"name\":\"DRABINKA BAMBUSOWA PODPORA PERGOLA RO\u015aLINY 45 cm\"}]},{\"@type\":\"WebSite\",\"@id\":\"https:\/\/bobimarket.pl\/#website\",\"url\":\"https:\/\/bobimarket.pl\/\",\"name\":\"BOBIMARKET.pl - Remontuj i urz\u0105dzaj z nami\",\"description\":\"Remontuj i urz\u0105dzaj z nami\",\"publisher\":{\"@id\":\"https:\/\/bobimarket.pl\/#organization\"},\"potentialAction\":[{\"@type\":\"SearchAction\",\"target\":{\"@type\":\"EntryPoint\",\"urlTemplate\":\"https:\/\/bobimarket.pl\/?s={search_term_string}\"},\"query-input\":\"required name=search_term_string\"}],\"inLanguage\":\"pl-PL\"},{\"@type\":\"Organization\",\"@id\":\"https:\/\/bobimarket.pl\/#organization\",\"name\":\"BOBIMARKET.pl\",\"url\":\"https:\/\/bobimarket.pl\/\",\"logo\":{\"@type\":\"ImageObject\",\"inLanguage\":\"pl-PL\",\"@id\":\"https:\/\/bobimarket.pl\/#\/schema\/logo\/image\/\",\"url\":\"https:\/\/bobimarket.pl\/wp-content\/uploads\/2021\/11\/slogan.png\",\"contentUrl\":\"https:\/\/bobimarket.pl\/wp-content\/uploads\/2021\/11\/slogan.png\",\"width\":2000,\"height\":384,\"caption\":\"BOBIMARKET.pl\"},\"image\":{\"@id\":\"https:\/\/bobimarket.pl\/#\/schema\/logo\/image\/\"}}]}<\/script>\n<!-- \/ Yoast SEO plugin. -->","yoast_head_json":{"title":"DRABINKA BAMBUSOWA PODPORA PERGOLA RO\u015aLINY 45 cm - BOBIMARKET.pl - Remontuj i urz\u0105dzaj z nami","robots":{"index":"index","follow":"follow","max-snippet":"max-snippet:-1","max-image-preview":"max-image-preview:large","max-video-preview":"max-video-preview:-1"},"canonical":"https:\/\/bobimarket.pl\/index.php\/produkt\/drabinka-bambusowa-podpora-pergola-rosliny-45-cm\/","og_locale":"pl_PL","og_type":"article","og_title":"DRABINKA BAMBUSOWA PODPORA PERGOLA RO\u015aLINY 45 cm - BOBIMARKET.pl - Remontuj i urz\u0105dzaj z nami","og_description":"DRABINKA BAMBUSOWA PODPORA PERGOLA RO\u015aLINY 45cm Informacje og\u00f3lne: Wysoko\u015b\u0107: 45\u00a0cm Szeroko\u015b\u0107 max.: 25 cm Materia\u0142: bambus Producent: Garden Line UWAGA! Doniczka oraz kwiatek s\u0142u\u017c\u0105 do ekspozycji towaru i nie s\u0105 elementem oferty. Przedmiotem sprzeda\u017cy jest jedynie drabinka bambusowa. Bambusowa drabinka to doskona\u0142e rozwi\u0105zanie dla Twoich ro\u015blin! Drabinka bambusowa podw\u00f3jna do ro\u015blin pn\u0105cych lub warzyw. Naturalny     Czytaj wi\u0119cej \"DRABINKA BAMBUSOWA PODPORA PERGOLA RO\u015aLINY 45 cm\"","og_url":"https:\/\/bobimarket.pl\/index.php\/produkt\/drabinka-bambusowa-podpora-pergola-rosliny-45-cm\/","og_site_name":"BOBIMARKET.pl - Remontuj i urz\u0105dzaj z nami","article_modified_time":"2025-02-27T13:18:38+00:00","og_image":[{"url":"https:\/\/upload.cdn.baselinker.com\/products\/14476\/90900013_1.jpg"}],"twitter_card":"summary_large_image","twitter_misc":{"Szacowany czas czytania":"1 minuta"},"schema":{"@context":"https:\/\/schema.org","@graph":[{"@type":"WebPage","@id":"https:\/\/bobimarket.pl\/index.php\/produkt\/drabinka-bambusowa-podpora-pergola-rosliny-45-cm\/","url":"https:\/\/bobimarket.pl\/index.php\/produkt\/drabinka-bambusowa-podpora-pergola-rosliny-45-cm\/","name":"DRABINKA BAMBUSOWA PODPORA PERGOLA RO\u015aLINY 45 cm - BOBIMARKET.pl - Remontuj i urz\u0105dzaj z nami","isPartOf":{"@id":"https:\/\/bobimarket.pl\/#website"},"datePublished":"2023-08-29T13:48:05+00:00","dateModified":"2025-02-27T13:18:38+00:00","breadcrumb":{"@id":"https:\/\/bobimarket.pl\/index.php\/produkt\/drabinka-bambusowa-podpora-pergola-rosliny-45-cm\/#breadcrumb"},"inLanguage":"pl-PL","potentialAction":[{"@type":"ReadAction","target":["https:\/\/bobimarket.pl\/index.php\/produkt\/drabinka-bambusowa-podpora-pergola-rosliny-45-cm\/"]}]},{"@type":"BreadcrumbList","@id":"https:\/\/bobimarket.pl\/index.php\/produkt\/drabinka-bambusowa-podpora-pergola-rosliny-45-cm\/#breadcrumb","itemListElement":[{"@type":"ListItem","position":1,"name":"Strona g\u0142\u00f3wna","item":"https:\/\/bobimarket.pl\/"},{"@type":"ListItem","position":2,"name":"Sklep","item":"https:\/\/bobimarket.pl\/index.php\/shop\/"},{"@type":"ListItem","position":3,"name":"DRABINKA BAMBUSOWA PODPORA PERGOLA RO\u015aLINY 45 cm"}]},{"@type":"WebSite","@id":"https:\/\/bobimarket.pl\/#website","url":"https:\/\/bobimarket.pl\/","name":"BOBIMARKET.pl - Remontuj i urz\u0105dzaj z nami","description":"Remontuj i urz\u0105dzaj z nami","publisher":{"@id":"https:\/\/bobimarket.pl\/#organization"},"potentialAction":[{"@type":"SearchAction","target":{"@type":"EntryPoint","urlTemplate":"https:\/\/bobimarket.pl\/?s={search_term_string}"},"query-input":"required name=search_term_string"}],"inLanguage":"pl-PL"},{"@type":"Organization","@id":"https:\/\/bobimarket.pl\/#organization","name":"BOBIMARKET.pl","url":"https:\/\/bobimarket.pl\/","logo":{"@type":"ImageObject","inLanguage":"pl-PL","@id":"https:\/\/bobimarket.pl\/#\/schema\/logo\/image\/","url":"https:\/\/bobimarket.pl\/wp-content\/uploads\/2021\/11\/slogan.png","contentUrl":"https:\/\/bobimarket.pl\/wp-content\/uploads\/2021\/11\/slogan.png","width":2000,"height":384,"caption":"BOBIMARKET.pl"},"image":{"@id":"https:\/\/bobimarket.pl\/#\/schema\/logo\/image\/"}}]}},"_links":{"self":[{"href":"https:\/\/bobimarket.pl\/index.php\/wp-json\/wp\/v2\/product\/79189"}],"collection":[{"href":"https:\/\/bobimarket.pl\/index.php\/wp-json\/wp\/v2\/product"}],"about":[{"href":"https:\/\/bobimarket.pl\/index.php\/wp-json\/wp\/v2\/types\/product"}],"wp:featuredmedia":[{"embeddable":true,"href":"https:\/\/bobimarket.pl\/index.php\/wp-json\/wp\/v2\/media\/79185"}],"wp:attachment":[{"href":"https:\/\/bobimarket.pl\/index.php\/wp-json\/wp\/v2\/media?parent=79189"}],"wp:term":[{"taxonomy":"product_cat","embeddable":true,"href":"https:\/\/bobimarket.pl\/index.php\/wp-json\/wp\/v2\/product_cat?post=79189"},{"taxonomy":"product_tag","embeddable":true,"href":"https:\/\/bobimarket.pl\/index.php\/wp-json\/wp\/v2\/product_tag?post=79189"}],"curies":[{"name":"wp","href":"https:\/\/api.w.org\/{rel}","templated":true}]}}