{"id":79198,"date":"2023-08-29T13:49:13","date_gmt":"2023-08-29T13:49:13","guid":{"rendered":"https:\/\/bobimarket.pl\/index.php\/produkt\/kratka-malarska-do-walka-wiadra-22x30-cm\/"},"modified":"2025-02-27T13:18:45","modified_gmt":"2025-02-27T13:18:45","slug":"kratka-malarska-do-walka-wiadra-22x30-cm","status":"publish","type":"product","link":"https:\/\/bobimarket.pl\/index.php\/produkt\/kratka-malarska-do-walka-wiadra-22x30-cm\/","title":{"rendered":"KRATKA MALARSKA DO WA\u0141KA WIADRA 22&#215;30 cm"},"content":{"rendered":"<section class=\"section\">\n<div class=\"item item-12\">\n<section class=\"text-item\">\n<h2>KRATKA MALARSKA 22&#215;30 cm<\/h2>\n<ul>\n<li>D\u0142ugo\u015b\u0107:\u00a0<b>30 cm<\/b><\/li>\n<li>Szeroko\u015b\u0107: <b>22 cm<\/b><\/li>\n<\/ul>\n<p>Wykonana z wysokiej jako\u015bci tworzywa sztucznego kratka malarska. U\u0142atwia r\u00f3wnomierne rozprowadzenie farby na wa\u0142ku oraz usuwa jej\u00a0 nadmiar.<\/p>\n<p>\u2705 Kratka posiada zaczepy u\u0142atwiaj\u0105ce jej mocowanie do wiadra malarskiego.<\/p>\n<ul>\n<li>Zapobiega chlapaniu<\/li>\n<li>Zmniejsza zu\u017cycie farby<\/li>\n<li>Niezast\u0105pione narz\u0119dzie w trakcie wykonywania wszelkich prac malarskich<\/li>\n<\/ul>\n<p><b>W zale\u017cno\u015bci od dostawy kolor kratki mo\u017ce si\u0119 r\u00f3\u017cni\u0107 od prezentowanego na zdj\u0119ciu.<\/b><\/p>\n<\/section><\/div>\n<\/section>\n<section class=\"section\">\n<div class=\"item item-12\">\n<section class=\"image-item\">\n            <img decoding=\"async\" src=\"https:\/\/upload.cdn.baselinker.com\/products\/14476\/92489059.jpg\" \/><br \/>\n        <\/section>\n<\/p><\/div>\n<\/section>\n<section class=\"section\">\n<div class=\"item item-6\">\n<section class=\"image-item\">\n            <img decoding=\"async\" src=\"https:\/\/upload.cdn.baselinker.com\/products\/14476\/92489059_1.jpg\" \/><br \/>\n        <\/section>\n<\/p><\/div>\n<div class=\"item item-6\">\n<section class=\"image-item\">\n            <img decoding=\"async\" src=\"https:\/\/upload.cdn.baselinker.com\/products\/14476\/92489059_2.jpg\" \/><br \/>\n        <\/section>\n<\/p><\/div>\n<\/section>\n","protected":false},"excerpt":{"rendered":"<p>KRATKA MALARSKA 22&#215;30 cm D\u0142ugo\u015b\u0107:\u00a030 cm Szeroko\u015b\u0107: 22 cm Wykonana z wysokiej jako\u015bci tworzywa sztucznego kratka malarska. U\u0142atwia r\u00f3wnomierne rozprowadzenie farby na wa\u0142ku oraz usuwa jej\u00a0 nadmiar. \u2705 Kratka posiada zaczepy u\u0142atwiaj\u0105ce jej mocowanie do wiadra malarskiego. Zapobiega chlapaniu Zmniejsza zu\u017cycie farby Niezast\u0105pione narz\u0119dzie w trakcie wykonywania wszelkich prac malarskich W zale\u017cno\u015bci od dostawy kolor<br \/><a class=\"more-link\" href=\"https:\/\/bobimarket.pl\/index.php\/produkt\/kratka-malarska-do-walka-wiadra-22x30-cm\/\"><br \/>\n        Czytaj wi\u0119cej<span class=\"screen-reader-text\"> &#8222;KRATKA MALARSKA DO WA\u0141KA WIADRA 22&#215;30 cm&#8221;<\/span><\/a><\/p>\n","protected":false},"featured_media":79195,"template":"","meta":[],"product_cat":[8063],"product_tag":[],"yoast_head":"<!-- This site is optimized with the Yoast SEO plugin v21.0 - https:\/\/yoast.com\/wordpress\/plugins\/seo\/ -->\n<title>KRATKA MALARSKA DO WA\u0141KA WIADRA 22x30 cm - BOBIMARKET.pl - Remontuj i urz\u0105dzaj z nami<\/title>\n<meta name=\"robots\" content=\"index, follow, max-snippet:-1, max-image-preview:large, max-video-preview:-1\" \/>\n<link rel=\"canonical\" href=\"https:\/\/bobimarket.pl\/index.php\/produkt\/kratka-malarska-do-walka-wiadra-22x30-cm\/\" \/>\n<meta property=\"og:locale\" content=\"pl_PL\" \/>\n<meta property=\"og:type\" content=\"article\" \/>\n<meta property=\"og:title\" content=\"KRATKA MALARSKA DO WA\u0141KA WIADRA 22x30 cm - BOBIMARKET.pl - Remontuj i urz\u0105dzaj z nami\" \/>\n<meta property=\"og:description\" content=\"KRATKA MALARSKA 22&#215;30 cm D\u0142ugo\u015b\u0107:\u00a030 cm Szeroko\u015b\u0107: 22 cm Wykonana z wysokiej jako\u015bci tworzywa sztucznego kratka malarska. U\u0142atwia r\u00f3wnomierne rozprowadzenie farby na wa\u0142ku oraz usuwa jej\u00a0 nadmiar. \u2705 Kratka posiada zaczepy u\u0142atwiaj\u0105ce jej mocowanie do wiadra malarskiego. Zapobiega chlapaniu Zmniejsza zu\u017cycie farby Niezast\u0105pione narz\u0119dzie w trakcie wykonywania wszelkich prac malarskich W zale\u017cno\u015bci od dostawy kolor     Czytaj wi\u0119cej &quot;KRATKA MALARSKA DO WA\u0141KA WIADRA 22&#215;30 cm&quot;\" \/>\n<meta property=\"og:url\" content=\"https:\/\/bobimarket.pl\/index.php\/produkt\/kratka-malarska-do-walka-wiadra-22x30-cm\/\" \/>\n<meta property=\"og:site_name\" content=\"BOBIMARKET.pl - Remontuj i urz\u0105dzaj z nami\" \/>\n<meta property=\"article:modified_time\" content=\"2025-02-27T13:18:45+00:00\" \/>\n<meta property=\"og:image\" content=\"https:\/\/upload.cdn.baselinker.com\/products\/14476\/92489059.jpg\" \/>\n<meta name=\"twitter:card\" content=\"summary_large_image\" \/>\n<script type=\"application\/ld+json\" class=\"yoast-schema-graph\">{\"@context\":\"https:\/\/schema.org\",\"@graph\":[{\"@type\":\"WebPage\",\"@id\":\"https:\/\/bobimarket.pl\/index.php\/produkt\/kratka-malarska-do-walka-wiadra-22x30-cm\/\",\"url\":\"https:\/\/bobimarket.pl\/index.php\/produkt\/kratka-malarska-do-walka-wiadra-22x30-cm\/\",\"name\":\"KRATKA MALARSKA DO WA\u0141KA WIADRA 22x30 cm - BOBIMARKET.pl - Remontuj i urz\u0105dzaj z nami\",\"isPartOf\":{\"@id\":\"https:\/\/bobimarket.pl\/#website\"},\"datePublished\":\"2023-08-29T13:49:13+00:00\",\"dateModified\":\"2025-02-27T13:18:45+00:00\",\"breadcrumb\":{\"@id\":\"https:\/\/bobimarket.pl\/index.php\/produkt\/kratka-malarska-do-walka-wiadra-22x30-cm\/#breadcrumb\"},\"inLanguage\":\"pl-PL\",\"potentialAction\":[{\"@type\":\"ReadAction\",\"target\":[\"https:\/\/bobimarket.pl\/index.php\/produkt\/kratka-malarska-do-walka-wiadra-22x30-cm\/\"]}]},{\"@type\":\"BreadcrumbList\",\"@id\":\"https:\/\/bobimarket.pl\/index.php\/produkt\/kratka-malarska-do-walka-wiadra-22x30-cm\/#breadcrumb\",\"itemListElement\":[{\"@type\":\"ListItem\",\"position\":1,\"name\":\"Strona g\u0142\u00f3wna\",\"item\":\"https:\/\/bobimarket.pl\/\"},{\"@type\":\"ListItem\",\"position\":2,\"name\":\"Sklep\",\"item\":\"https:\/\/bobimarket.pl\/index.php\/shop\/\"},{\"@type\":\"ListItem\",\"position\":3,\"name\":\"KRATKA MALARSKA DO WA\u0141KA WIADRA 22&#215;30 cm\"}]},{\"@type\":\"WebSite\",\"@id\":\"https:\/\/bobimarket.pl\/#website\",\"url\":\"https:\/\/bobimarket.pl\/\",\"name\":\"BOBIMARKET.pl - Remontuj i urz\u0105dzaj z nami\",\"description\":\"Remontuj i urz\u0105dzaj z nami\",\"publisher\":{\"@id\":\"https:\/\/bobimarket.pl\/#organization\"},\"potentialAction\":[{\"@type\":\"SearchAction\",\"target\":{\"@type\":\"EntryPoint\",\"urlTemplate\":\"https:\/\/bobimarket.pl\/?s={search_term_string}\"},\"query-input\":\"required name=search_term_string\"}],\"inLanguage\":\"pl-PL\"},{\"@type\":\"Organization\",\"@id\":\"https:\/\/bobimarket.pl\/#organization\",\"name\":\"BOBIMARKET.pl\",\"url\":\"https:\/\/bobimarket.pl\/\",\"logo\":{\"@type\":\"ImageObject\",\"inLanguage\":\"pl-PL\",\"@id\":\"https:\/\/bobimarket.pl\/#\/schema\/logo\/image\/\",\"url\":\"https:\/\/bobimarket.pl\/wp-content\/uploads\/2021\/11\/slogan.png\",\"contentUrl\":\"https:\/\/bobimarket.pl\/wp-content\/uploads\/2021\/11\/slogan.png\",\"width\":2000,\"height\":384,\"caption\":\"BOBIMARKET.pl\"},\"image\":{\"@id\":\"https:\/\/bobimarket.pl\/#\/schema\/logo\/image\/\"}}]}<\/script>\n<!-- \/ Yoast SEO plugin. -->","yoast_head_json":{"title":"KRATKA MALARSKA DO WA\u0141KA WIADRA 22x30 cm - BOBIMARKET.pl - Remontuj i urz\u0105dzaj z nami","robots":{"index":"index","follow":"follow","max-snippet":"max-snippet:-1","max-image-preview":"max-image-preview:large","max-video-preview":"max-video-preview:-1"},"canonical":"https:\/\/bobimarket.pl\/index.php\/produkt\/kratka-malarska-do-walka-wiadra-22x30-cm\/","og_locale":"pl_PL","og_type":"article","og_title":"KRATKA MALARSKA DO WA\u0141KA WIADRA 22x30 cm - BOBIMARKET.pl - Remontuj i urz\u0105dzaj z nami","og_description":"KRATKA MALARSKA 22&#215;30 cm D\u0142ugo\u015b\u0107:\u00a030 cm Szeroko\u015b\u0107: 22 cm Wykonana z wysokiej jako\u015bci tworzywa sztucznego kratka malarska. U\u0142atwia r\u00f3wnomierne rozprowadzenie farby na wa\u0142ku oraz usuwa jej\u00a0 nadmiar. \u2705 Kratka posiada zaczepy u\u0142atwiaj\u0105ce jej mocowanie do wiadra malarskiego. Zapobiega chlapaniu Zmniejsza zu\u017cycie farby Niezast\u0105pione narz\u0119dzie w trakcie wykonywania wszelkich prac malarskich W zale\u017cno\u015bci od dostawy kolor     Czytaj wi\u0119cej \"KRATKA MALARSKA DO WA\u0141KA WIADRA 22&#215;30 cm\"","og_url":"https:\/\/bobimarket.pl\/index.php\/produkt\/kratka-malarska-do-walka-wiadra-22x30-cm\/","og_site_name":"BOBIMARKET.pl - Remontuj i urz\u0105dzaj z nami","article_modified_time":"2025-02-27T13:18:45+00:00","og_image":[{"url":"https:\/\/upload.cdn.baselinker.com\/products\/14476\/92489059.jpg"}],"twitter_card":"summary_large_image","schema":{"@context":"https:\/\/schema.org","@graph":[{"@type":"WebPage","@id":"https:\/\/bobimarket.pl\/index.php\/produkt\/kratka-malarska-do-walka-wiadra-22x30-cm\/","url":"https:\/\/bobimarket.pl\/index.php\/produkt\/kratka-malarska-do-walka-wiadra-22x30-cm\/","name":"KRATKA MALARSKA DO WA\u0141KA WIADRA 22x30 cm - BOBIMARKET.pl - Remontuj i urz\u0105dzaj z nami","isPartOf":{"@id":"https:\/\/bobimarket.pl\/#website"},"datePublished":"2023-08-29T13:49:13+00:00","dateModified":"2025-02-27T13:18:45+00:00","breadcrumb":{"@id":"https:\/\/bobimarket.pl\/index.php\/produkt\/kratka-malarska-do-walka-wiadra-22x30-cm\/#breadcrumb"},"inLanguage":"pl-PL","potentialAction":[{"@type":"ReadAction","target":["https:\/\/bobimarket.pl\/index.php\/produkt\/kratka-malarska-do-walka-wiadra-22x30-cm\/"]}]},{"@type":"BreadcrumbList","@id":"https:\/\/bobimarket.pl\/index.php\/produkt\/kratka-malarska-do-walka-wiadra-22x30-cm\/#breadcrumb","itemListElement":[{"@type":"ListItem","position":1,"name":"Strona g\u0142\u00f3wna","item":"https:\/\/bobimarket.pl\/"},{"@type":"ListItem","position":2,"name":"Sklep","item":"https:\/\/bobimarket.pl\/index.php\/shop\/"},{"@type":"ListItem","position":3,"name":"KRATKA MALARSKA DO WA\u0141KA WIADRA 22&#215;30 cm"}]},{"@type":"WebSite","@id":"https:\/\/bobimarket.pl\/#website","url":"https:\/\/bobimarket.pl\/","name":"BOBIMARKET.pl - Remontuj i urz\u0105dzaj z nami","description":"Remontuj i urz\u0105dzaj z nami","publisher":{"@id":"https:\/\/bobimarket.pl\/#organization"},"potentialAction":[{"@type":"SearchAction","target":{"@type":"EntryPoint","urlTemplate":"https:\/\/bobimarket.pl\/?s={search_term_string}"},"query-input":"required name=search_term_string"}],"inLanguage":"pl-PL"},{"@type":"Organization","@id":"https:\/\/bobimarket.pl\/#organization","name":"BOBIMARKET.pl","url":"https:\/\/bobimarket.pl\/","logo":{"@type":"ImageObject","inLanguage":"pl-PL","@id":"https:\/\/bobimarket.pl\/#\/schema\/logo\/image\/","url":"https:\/\/bobimarket.pl\/wp-content\/uploads\/2021\/11\/slogan.png","contentUrl":"https:\/\/bobimarket.pl\/wp-content\/uploads\/2021\/11\/slogan.png","width":2000,"height":384,"caption":"BOBIMARKET.pl"},"image":{"@id":"https:\/\/bobimarket.pl\/#\/schema\/logo\/image\/"}}]}},"_links":{"self":[{"href":"https:\/\/bobimarket.pl\/index.php\/wp-json\/wp\/v2\/product\/79198"}],"collection":[{"href":"https:\/\/bobimarket.pl\/index.php\/wp-json\/wp\/v2\/product"}],"about":[{"href":"https:\/\/bobimarket.pl\/index.php\/wp-json\/wp\/v2\/types\/product"}],"wp:featuredmedia":[{"embeddable":true,"href":"https:\/\/bobimarket.pl\/index.php\/wp-json\/wp\/v2\/media\/79195"}],"wp:attachment":[{"href":"https:\/\/bobimarket.pl\/index.php\/wp-json\/wp\/v2\/media?parent=79198"}],"wp:term":[{"taxonomy":"product_cat","embeddable":true,"href":"https:\/\/bobimarket.pl\/index.php\/wp-json\/wp\/v2\/product_cat?post=79198"},{"taxonomy":"product_tag","embeddable":true,"href":"https:\/\/bobimarket.pl\/index.php\/wp-json\/wp\/v2\/product_tag?post=79198"}],"curies":[{"name":"wp","href":"https:\/\/api.w.org\/{rel}","templated":true}]}}