{"id":79206,"date":"2023-08-29T13:49:34","date_gmt":"2023-08-29T13:49:34","guid":{"rendered":"https:\/\/bobimarket.pl\/index.php\/produkt\/kratka-wentylacyjna-okragla-z-kroccem-fi-100-mm-nierdzewna\/"},"modified":"2025-02-27T13:18:57","modified_gmt":"2025-02-27T13:18:57","slug":"kratka-wentylacyjna-okragla-z-kroccem-fi-100-mm-nierdzewna","status":"publish","type":"product","link":"https:\/\/bobimarket.pl\/index.php\/produkt\/kratka-wentylacyjna-okragla-z-kroccem-fi-100-mm-nierdzewna\/","title":{"rendered":"KRATKA WENTYLACYJNA OKR\u0104G\u0141A Z KR\u00d3\u0106CEM FI 100 MM NIERDZEWNA"},"content":{"rendered":"<section class=\"section\">\n<div class=\"item item-12\">\n<section class=\"text-item\">\n<h2>KRATKA WENTYLACYJNA OKR\u0104G\u0141A Z KR\u00d3\u0106CEM FI 100 MM NIERDZEWNA<\/h2>\n<p>Dane techniczne:<\/p>\n<ul>\n<li>\u015arednica zewn\u0119trzna kratki: <b>130 m<\/b><\/li>\n<li>\u015arednica otworu wentylacyjnego: <b>100 mm<\/b><\/li>\n<li>D\u0142ugo\u015b\u0107 kr\u00f3\u0107ca monta\u017cowego: <b>30 mm<\/b><\/li>\n<li>Materia\u0142: <b>stal nierdzewna<\/b><\/li>\n<\/ul>\n<\/section><\/div>\n<\/section>\n<section class=\"section\">\n<div class=\"item item-12\">\n<section class=\"image-item\">\n            <img decoding=\"async\" src=\"https:\/\/upload.cdn.baselinker.com\/products\/14476\/c7cb008ac2cf7f18ac7708c1234819bc.jpg\" \/><br \/>\n        <\/section>\n<\/p><\/div>\n<\/section>\n<section class=\"section\">\n<div class=\"item item-12\">\n<section class=\"text-item\">\n<h2>Praktyczna kratka wentylacyjna okr\u0105g\u0142a z siatk\u0105 to zako\u0144czenia systemu wentylacyjnego!<\/h2>\n<p>Jednocz\u0119\u015bciowa okr\u0105g\u0142a kratka wentylacyjna na rur\u0119 o \u015brednicy 100 mm. Wykonana z wysokiej jako\u015bci materia\u0142\u00f3w &#8211; stal nierdzewna. Kratka przeznaczona jest do estetycznego wyko\u0144czenia otworu wentylacyjnego przy jednoczesnym jednoczesnym zapewnieniu prawid\u0142owej cyrkulacji\u00a0 powietrza w pomieszczeniach<\/p>\n<ul>\n<li>Kratka posiada specjaln\u0105 konstrukcje.<b> Sko\u015bne \u017ceberka<\/b> uniemo\u017cliwiaj\u0105 wpadanie deszczu czy \u015bniegu.<\/li>\n<li>Produkt dodatkowo wyposa\u017cony<b> drobn\u0105 siatk\u0119 ochronn\u0105.<\/b> Siatka ma zapobiega\u0107 przedostaniem si\u0119 szkodliwych insekt\u00f3w z zewn\u0105trz.<\/li>\n<\/ul>\n<p><b>\u2705 Zastosowanie:<\/b><\/p>\n<p>Kratka przeznaczona do<b> domowych pomieszcze\u0144 <\/b>takich jak: \u0142azienka, toaleta, kuchnia, sypialnia lub piwnica. Sprawdzi si\u0119 r\u00f3wnie\u017c\u00a0do pomieszcze\u0144 w <b>budynkach u\u017cyteczno\u015bci publicznej<\/b>. Stosowana do zako\u0144czenia kana\u0142\u00f3w wentylacyjnych.<\/p>\n<\/section><\/div>\n<\/section>\n<section class=\"section\">\n<div class=\"item item-12\">\n<section class=\"image-item\">\n            <img decoding=\"async\" src=\"https:\/\/upload.cdn.baselinker.com\/products\/14476\/c7cb008ac2cf7f18ac7708c1234819bc.jpg\" \/><br \/>\n        <\/section>\n<\/p><\/div>\n<\/section>\n","protected":false},"excerpt":{"rendered":"<p>KRATKA WENTYLACYJNA OKR\u0104G\u0141A Z KR\u00d3\u0106CEM FI 100 MM NIERDZEWNA Dane techniczne: \u015arednica zewn\u0119trzna kratki: 130 m \u015arednica otworu wentylacyjnego: 100 mm D\u0142ugo\u015b\u0107 kr\u00f3\u0107ca monta\u017cowego: 30 mm Materia\u0142: stal nierdzewna Praktyczna kratka wentylacyjna okr\u0105g\u0142a z siatk\u0105 to zako\u0144czenia systemu wentylacyjnego! Jednocz\u0119\u015bciowa okr\u0105g\u0142a kratka wentylacyjna na rur\u0119 o \u015brednicy 100 mm. Wykonana z wysokiej jako\u015bci materia\u0142\u00f3w &#8211;<br \/><a class=\"more-link\" href=\"https:\/\/bobimarket.pl\/index.php\/produkt\/kratka-wentylacyjna-okragla-z-kroccem-fi-100-mm-nierdzewna\/\"><br \/>\n        Czytaj wi\u0119cej<span class=\"screen-reader-text\"> &#8222;KRATKA WENTYLACYJNA OKR\u0104G\u0141A Z KR\u00d3\u0106CEM FI 100 MM NIERDZEWNA&#8221;<\/span><\/a><\/p>\n","protected":false},"featured_media":79205,"template":"","meta":[],"product_cat":[8093],"product_tag":[],"yoast_head":"<!-- This site is optimized with the Yoast SEO plugin v21.0 - https:\/\/yoast.com\/wordpress\/plugins\/seo\/ -->\n<title>KRATKA WENTYLACYJNA OKR\u0104G\u0141A Z KR\u00d3\u0106CEM FI 100 MM NIERDZEWNA - BOBIMARKET.pl - Remontuj i urz\u0105dzaj z nami<\/title>\n<meta name=\"robots\" content=\"index, follow, max-snippet:-1, max-image-preview:large, max-video-preview:-1\" \/>\n<link rel=\"canonical\" href=\"https:\/\/bobimarket.pl\/index.php\/produkt\/kratka-wentylacyjna-okragla-z-kroccem-fi-100-mm-nierdzewna\/\" \/>\n<meta property=\"og:locale\" content=\"pl_PL\" \/>\n<meta property=\"og:type\" content=\"article\" \/>\n<meta property=\"og:title\" content=\"KRATKA WENTYLACYJNA OKR\u0104G\u0141A Z KR\u00d3\u0106CEM FI 100 MM NIERDZEWNA - BOBIMARKET.pl - Remontuj i urz\u0105dzaj z nami\" \/>\n<meta property=\"og:description\" content=\"KRATKA WENTYLACYJNA OKR\u0104G\u0141A Z KR\u00d3\u0106CEM FI 100 MM NIERDZEWNA Dane techniczne: \u015arednica zewn\u0119trzna kratki: 130 m \u015arednica otworu wentylacyjnego: 100 mm D\u0142ugo\u015b\u0107 kr\u00f3\u0107ca monta\u017cowego: 30 mm Materia\u0142: stal nierdzewna Praktyczna kratka wentylacyjna okr\u0105g\u0142a z siatk\u0105 to zako\u0144czenia systemu wentylacyjnego! Jednocz\u0119\u015bciowa okr\u0105g\u0142a kratka wentylacyjna na rur\u0119 o \u015brednicy 100 mm. Wykonana z wysokiej jako\u015bci materia\u0142\u00f3w &#8211;     Czytaj wi\u0119cej &quot;KRATKA WENTYLACYJNA OKR\u0104G\u0141A Z KR\u00d3\u0106CEM FI 100 MM NIERDZEWNA&quot;\" \/>\n<meta property=\"og:url\" content=\"https:\/\/bobimarket.pl\/index.php\/produkt\/kratka-wentylacyjna-okragla-z-kroccem-fi-100-mm-nierdzewna\/\" \/>\n<meta property=\"og:site_name\" content=\"BOBIMARKET.pl - Remontuj i urz\u0105dzaj z nami\" \/>\n<meta property=\"article:modified_time\" content=\"2025-02-27T13:18:57+00:00\" \/>\n<meta property=\"og:image\" content=\"https:\/\/upload.cdn.baselinker.com\/products\/14476\/c7cb008ac2cf7f18ac7708c1234819bc.jpg\" \/>\n<meta name=\"twitter:card\" content=\"summary_large_image\" \/>\n<meta name=\"twitter:label1\" content=\"Szacowany czas czytania\" \/>\n\t<meta name=\"twitter:data1\" content=\"1 minuta\" \/>\n<script type=\"application\/ld+json\" class=\"yoast-schema-graph\">{\"@context\":\"https:\/\/schema.org\",\"@graph\":[{\"@type\":\"WebPage\",\"@id\":\"https:\/\/bobimarket.pl\/index.php\/produkt\/kratka-wentylacyjna-okragla-z-kroccem-fi-100-mm-nierdzewna\/\",\"url\":\"https:\/\/bobimarket.pl\/index.php\/produkt\/kratka-wentylacyjna-okragla-z-kroccem-fi-100-mm-nierdzewna\/\",\"name\":\"KRATKA WENTYLACYJNA OKR\u0104G\u0141A Z KR\u00d3\u0106CEM FI 100 MM NIERDZEWNA - BOBIMARKET.pl - Remontuj i urz\u0105dzaj z nami\",\"isPartOf\":{\"@id\":\"https:\/\/bobimarket.pl\/#website\"},\"datePublished\":\"2023-08-29T13:49:34+00:00\",\"dateModified\":\"2025-02-27T13:18:57+00:00\",\"breadcrumb\":{\"@id\":\"https:\/\/bobimarket.pl\/index.php\/produkt\/kratka-wentylacyjna-okragla-z-kroccem-fi-100-mm-nierdzewna\/#breadcrumb\"},\"inLanguage\":\"pl-PL\",\"potentialAction\":[{\"@type\":\"ReadAction\",\"target\":[\"https:\/\/bobimarket.pl\/index.php\/produkt\/kratka-wentylacyjna-okragla-z-kroccem-fi-100-mm-nierdzewna\/\"]}]},{\"@type\":\"BreadcrumbList\",\"@id\":\"https:\/\/bobimarket.pl\/index.php\/produkt\/kratka-wentylacyjna-okragla-z-kroccem-fi-100-mm-nierdzewna\/#breadcrumb\",\"itemListElement\":[{\"@type\":\"ListItem\",\"position\":1,\"name\":\"Strona g\u0142\u00f3wna\",\"item\":\"https:\/\/bobimarket.pl\/\"},{\"@type\":\"ListItem\",\"position\":2,\"name\":\"Sklep\",\"item\":\"https:\/\/bobimarket.pl\/index.php\/shop\/\"},{\"@type\":\"ListItem\",\"position\":3,\"name\":\"KRATKA WENTYLACYJNA OKR\u0104G\u0141A Z KR\u00d3\u0106CEM FI 100 MM NIERDZEWNA\"}]},{\"@type\":\"WebSite\",\"@id\":\"https:\/\/bobimarket.pl\/#website\",\"url\":\"https:\/\/bobimarket.pl\/\",\"name\":\"BOBIMARKET.pl - Remontuj i urz\u0105dzaj z nami\",\"description\":\"Remontuj i urz\u0105dzaj z nami\",\"publisher\":{\"@id\":\"https:\/\/bobimarket.pl\/#organization\"},\"potentialAction\":[{\"@type\":\"SearchAction\",\"target\":{\"@type\":\"EntryPoint\",\"urlTemplate\":\"https:\/\/bobimarket.pl\/?s={search_term_string}\"},\"query-input\":\"required name=search_term_string\"}],\"inLanguage\":\"pl-PL\"},{\"@type\":\"Organization\",\"@id\":\"https:\/\/bobimarket.pl\/#organization\",\"name\":\"BOBIMARKET.pl\",\"url\":\"https:\/\/bobimarket.pl\/\",\"logo\":{\"@type\":\"ImageObject\",\"inLanguage\":\"pl-PL\",\"@id\":\"https:\/\/bobimarket.pl\/#\/schema\/logo\/image\/\",\"url\":\"https:\/\/bobimarket.pl\/wp-content\/uploads\/2021\/11\/slogan.png\",\"contentUrl\":\"https:\/\/bobimarket.pl\/wp-content\/uploads\/2021\/11\/slogan.png\",\"width\":2000,\"height\":384,\"caption\":\"BOBIMARKET.pl\"},\"image\":{\"@id\":\"https:\/\/bobimarket.pl\/#\/schema\/logo\/image\/\"}}]}<\/script>\n<!-- \/ Yoast SEO plugin. -->","yoast_head_json":{"title":"KRATKA WENTYLACYJNA OKR\u0104G\u0141A Z KR\u00d3\u0106CEM FI 100 MM NIERDZEWNA - BOBIMARKET.pl - Remontuj i urz\u0105dzaj z nami","robots":{"index":"index","follow":"follow","max-snippet":"max-snippet:-1","max-image-preview":"max-image-preview:large","max-video-preview":"max-video-preview:-1"},"canonical":"https:\/\/bobimarket.pl\/index.php\/produkt\/kratka-wentylacyjna-okragla-z-kroccem-fi-100-mm-nierdzewna\/","og_locale":"pl_PL","og_type":"article","og_title":"KRATKA WENTYLACYJNA OKR\u0104G\u0141A Z KR\u00d3\u0106CEM FI 100 MM NIERDZEWNA - BOBIMARKET.pl - Remontuj i urz\u0105dzaj z nami","og_description":"KRATKA WENTYLACYJNA OKR\u0104G\u0141A Z KR\u00d3\u0106CEM FI 100 MM NIERDZEWNA Dane techniczne: \u015arednica zewn\u0119trzna kratki: 130 m \u015arednica otworu wentylacyjnego: 100 mm D\u0142ugo\u015b\u0107 kr\u00f3\u0107ca monta\u017cowego: 30 mm Materia\u0142: stal nierdzewna Praktyczna kratka wentylacyjna okr\u0105g\u0142a z siatk\u0105 to zako\u0144czenia systemu wentylacyjnego! Jednocz\u0119\u015bciowa okr\u0105g\u0142a kratka wentylacyjna na rur\u0119 o \u015brednicy 100 mm. Wykonana z wysokiej jako\u015bci materia\u0142\u00f3w &#8211;     Czytaj wi\u0119cej \"KRATKA WENTYLACYJNA OKR\u0104G\u0141A Z KR\u00d3\u0106CEM FI 100 MM NIERDZEWNA\"","og_url":"https:\/\/bobimarket.pl\/index.php\/produkt\/kratka-wentylacyjna-okragla-z-kroccem-fi-100-mm-nierdzewna\/","og_site_name":"BOBIMARKET.pl - Remontuj i urz\u0105dzaj z nami","article_modified_time":"2025-02-27T13:18:57+00:00","og_image":[{"url":"https:\/\/upload.cdn.baselinker.com\/products\/14476\/c7cb008ac2cf7f18ac7708c1234819bc.jpg"}],"twitter_card":"summary_large_image","twitter_misc":{"Szacowany czas czytania":"1 minuta"},"schema":{"@context":"https:\/\/schema.org","@graph":[{"@type":"WebPage","@id":"https:\/\/bobimarket.pl\/index.php\/produkt\/kratka-wentylacyjna-okragla-z-kroccem-fi-100-mm-nierdzewna\/","url":"https:\/\/bobimarket.pl\/index.php\/produkt\/kratka-wentylacyjna-okragla-z-kroccem-fi-100-mm-nierdzewna\/","name":"KRATKA WENTYLACYJNA OKR\u0104G\u0141A Z KR\u00d3\u0106CEM FI 100 MM NIERDZEWNA - BOBIMARKET.pl - Remontuj i urz\u0105dzaj z nami","isPartOf":{"@id":"https:\/\/bobimarket.pl\/#website"},"datePublished":"2023-08-29T13:49:34+00:00","dateModified":"2025-02-27T13:18:57+00:00","breadcrumb":{"@id":"https:\/\/bobimarket.pl\/index.php\/produkt\/kratka-wentylacyjna-okragla-z-kroccem-fi-100-mm-nierdzewna\/#breadcrumb"},"inLanguage":"pl-PL","potentialAction":[{"@type":"ReadAction","target":["https:\/\/bobimarket.pl\/index.php\/produkt\/kratka-wentylacyjna-okragla-z-kroccem-fi-100-mm-nierdzewna\/"]}]},{"@type":"BreadcrumbList","@id":"https:\/\/bobimarket.pl\/index.php\/produkt\/kratka-wentylacyjna-okragla-z-kroccem-fi-100-mm-nierdzewna\/#breadcrumb","itemListElement":[{"@type":"ListItem","position":1,"name":"Strona g\u0142\u00f3wna","item":"https:\/\/bobimarket.pl\/"},{"@type":"ListItem","position":2,"name":"Sklep","item":"https:\/\/bobimarket.pl\/index.php\/shop\/"},{"@type":"ListItem","position":3,"name":"KRATKA WENTYLACYJNA OKR\u0104G\u0141A Z KR\u00d3\u0106CEM FI 100 MM NIERDZEWNA"}]},{"@type":"WebSite","@id":"https:\/\/bobimarket.pl\/#website","url":"https:\/\/bobimarket.pl\/","name":"BOBIMARKET.pl - Remontuj i urz\u0105dzaj z nami","description":"Remontuj i urz\u0105dzaj z nami","publisher":{"@id":"https:\/\/bobimarket.pl\/#organization"},"potentialAction":[{"@type":"SearchAction","target":{"@type":"EntryPoint","urlTemplate":"https:\/\/bobimarket.pl\/?s={search_term_string}"},"query-input":"required name=search_term_string"}],"inLanguage":"pl-PL"},{"@type":"Organization","@id":"https:\/\/bobimarket.pl\/#organization","name":"BOBIMARKET.pl","url":"https:\/\/bobimarket.pl\/","logo":{"@type":"ImageObject","inLanguage":"pl-PL","@id":"https:\/\/bobimarket.pl\/#\/schema\/logo\/image\/","url":"https:\/\/bobimarket.pl\/wp-content\/uploads\/2021\/11\/slogan.png","contentUrl":"https:\/\/bobimarket.pl\/wp-content\/uploads\/2021\/11\/slogan.png","width":2000,"height":384,"caption":"BOBIMARKET.pl"},"image":{"@id":"https:\/\/bobimarket.pl\/#\/schema\/logo\/image\/"}}]}},"_links":{"self":[{"href":"https:\/\/bobimarket.pl\/index.php\/wp-json\/wp\/v2\/product\/79206"}],"collection":[{"href":"https:\/\/bobimarket.pl\/index.php\/wp-json\/wp\/v2\/product"}],"about":[{"href":"https:\/\/bobimarket.pl\/index.php\/wp-json\/wp\/v2\/types\/product"}],"wp:featuredmedia":[{"embeddable":true,"href":"https:\/\/bobimarket.pl\/index.php\/wp-json\/wp\/v2\/media\/79205"}],"wp:attachment":[{"href":"https:\/\/bobimarket.pl\/index.php\/wp-json\/wp\/v2\/media?parent=79206"}],"wp:term":[{"taxonomy":"product_cat","embeddable":true,"href":"https:\/\/bobimarket.pl\/index.php\/wp-json\/wp\/v2\/product_cat?post=79206"},{"taxonomy":"product_tag","embeddable":true,"href":"https:\/\/bobimarket.pl\/index.php\/wp-json\/wp\/v2\/product_tag?post=79206"}],"curies":[{"name":"wp","href":"https:\/\/api.w.org\/{rel}","templated":true}]}}