{"id":79217,"date":"2023-08-29T13:51:03","date_gmt":"2023-08-29T13:51:03","guid":{"rendered":"https:\/\/bobimarket.pl\/index.php\/produkt\/kratka-kominkowa-wentylacyjna-16x16-cm-zlota\/"},"modified":"2025-02-27T13:19:13","modified_gmt":"2025-02-27T13:19:13","slug":"kratka-kominkowa-wentylacyjna-16x16-cm-zlota","status":"publish","type":"product","link":"https:\/\/bobimarket.pl\/index.php\/produkt\/kratka-kominkowa-wentylacyjna-16x16-cm-zlota\/","title":{"rendered":"KRATKA KOMINKOWA WENTYLACYJNA 16&#215;16 cm Z\u0141OTA"},"content":{"rendered":"<section class=\"section\">\n<div class=\"item item-12\">\n<section class=\"text-item\">\n<h2>KRATKA KOMINKOWA WENTYLACYJNA 16&#215;16 cm<\/h2>\n<p><b>Dane techniczne:<\/b><\/p>\n<ul>\n<li>Rozmiary monta\u017cowe:<b>\u00a016,5 cm x 16,6 cm<\/b><\/li>\n<li>Rozmiar zewn\u0119trzny ramki: 19,7cm x 19,7cm<\/li>\n<li>Monta\u017c: ramka do osadzenia + kratka na zatrzask<\/li>\n<li>Materia\u0142:<b>\u00a0blacha cynkowana\u00a0<\/b><\/li>\n<li>Kolor:\u00a0<b>z\u0142oty antyk<\/b><\/li>\n<\/ul>\n<\/section><\/div>\n<\/section>\n<section class=\"section\">\n<div class=\"item item-12\">\n<section class=\"image-item\">\n            <img decoding=\"async\" src=\"https:\/\/upload.cdn.baselinker.com\/products\/14476\/539a62cb91eb93de614b94da39935a90.jpg\" \/><br \/>\n        <\/section>\n<\/p><\/div>\n<\/section>\n<section class=\"section\">\n<div class=\"item item-12\">\n<section class=\"text-item\">\n<h2>Klasyczna i elegancka kratka kominkowa<\/h2>\n<p>Elegancka kratka kominkowa. Wykonana z\u00a0blachy cynkowanej, malowana proszkowo lakierem strukturalnym w\u00a0kolorach typu antyk. Stosowana wewn\u0105trz pomieszcze\u0144 do\u00a0rozprowadzenia ciep\u0142ego powietrza z\u00a0kominka. Jest odporna na uszkodzenia i dzia\u0142anie wysokich temperatur.<\/p>\n<p><b>\u2705 Zastosowanie:<\/b><\/p>\n<p>Stosowana do rozprowadzania ciep\u0142ego powietrza z kominka wewn\u0105trz pomieszcze\u0144. Stanowi estetyczne zako\u0144czenie kana\u0142\u00f3w przy kominkach.\u00a0Klasyczny styl kratki sprawia, \u017ce doskonale dopasowywuje sie do ka\u017cdego rodzaju wn\u0119trza.<\/p>\n<\/section><\/div>\n<\/section>\n<section class=\"section\">\n<div class=\"item item-12\">\n<section class=\"image-item\">\n            <img decoding=\"async\" src=\"https:\/\/upload.cdn.baselinker.com\/products\/14476\/85ee96b4f8efe7c2cb057ece0471267a.jpg\" \/><br \/>\n        <\/section>\n<\/p><\/div>\n<\/section>\n","protected":false},"excerpt":{"rendered":"<p>KRATKA KOMINKOWA WENTYLACYJNA 16&#215;16 cm Dane techniczne: Rozmiary monta\u017cowe:\u00a016,5 cm x 16,6 cm Rozmiar zewn\u0119trzny ramki: 19,7cm x 19,7cm Monta\u017c: ramka do osadzenia + kratka na zatrzask Materia\u0142:\u00a0blacha cynkowana\u00a0 Kolor:\u00a0z\u0142oty antyk Klasyczna i elegancka kratka kominkowa Elegancka kratka kominkowa. Wykonana z\u00a0blachy cynkowanej, malowana proszkowo lakierem strukturalnym w\u00a0kolorach typu antyk. Stosowana wewn\u0105trz pomieszcze\u0144 do\u00a0rozprowadzenia ciep\u0142ego powietrza<br \/><a class=\"more-link\" href=\"https:\/\/bobimarket.pl\/index.php\/produkt\/kratka-kominkowa-wentylacyjna-16x16-cm-zlota\/\"><br \/>\n        Czytaj wi\u0119cej<span class=\"screen-reader-text\"> &#8222;KRATKA KOMINKOWA WENTYLACYJNA 16&#215;16 cm Z\u0141OTA&#8221;<\/span><\/a><\/p>\n","protected":false},"featured_media":79215,"template":"","meta":[],"product_cat":[8093],"product_tag":[],"yoast_head":"<!-- This site is optimized with the Yoast SEO plugin v21.0 - https:\/\/yoast.com\/wordpress\/plugins\/seo\/ -->\n<title>KRATKA KOMINKOWA WENTYLACYJNA 16x16 cm Z\u0141OTA - BOBIMARKET.pl - Remontuj i urz\u0105dzaj z nami<\/title>\n<meta name=\"robots\" content=\"index, follow, max-snippet:-1, max-image-preview:large, max-video-preview:-1\" \/>\n<link rel=\"canonical\" href=\"https:\/\/bobimarket.pl\/index.php\/produkt\/kratka-kominkowa-wentylacyjna-16x16-cm-zlota\/\" \/>\n<meta property=\"og:locale\" content=\"pl_PL\" \/>\n<meta property=\"og:type\" content=\"article\" \/>\n<meta property=\"og:title\" content=\"KRATKA KOMINKOWA WENTYLACYJNA 16x16 cm Z\u0141OTA - BOBIMARKET.pl - Remontuj i urz\u0105dzaj z nami\" \/>\n<meta property=\"og:description\" content=\"KRATKA KOMINKOWA WENTYLACYJNA 16&#215;16 cm Dane techniczne: Rozmiary monta\u017cowe:\u00a016,5 cm x 16,6 cm Rozmiar zewn\u0119trzny ramki: 19,7cm x 19,7cm Monta\u017c: ramka do osadzenia + kratka na zatrzask Materia\u0142:\u00a0blacha cynkowana\u00a0 Kolor:\u00a0z\u0142oty antyk Klasyczna i elegancka kratka kominkowa Elegancka kratka kominkowa. Wykonana z\u00a0blachy cynkowanej, malowana proszkowo lakierem strukturalnym w\u00a0kolorach typu antyk. Stosowana wewn\u0105trz pomieszcze\u0144 do\u00a0rozprowadzenia ciep\u0142ego powietrza     Czytaj wi\u0119cej &quot;KRATKA KOMINKOWA WENTYLACYJNA 16&#215;16 cm Z\u0141OTA&quot;\" \/>\n<meta property=\"og:url\" content=\"https:\/\/bobimarket.pl\/index.php\/produkt\/kratka-kominkowa-wentylacyjna-16x16-cm-zlota\/\" \/>\n<meta property=\"og:site_name\" content=\"BOBIMARKET.pl - Remontuj i urz\u0105dzaj z nami\" \/>\n<meta property=\"article:modified_time\" content=\"2025-02-27T13:19:13+00:00\" \/>\n<meta property=\"og:image\" content=\"https:\/\/upload.cdn.baselinker.com\/products\/14476\/539a62cb91eb93de614b94da39935a90.jpg\" \/>\n<meta name=\"twitter:card\" content=\"summary_large_image\" \/>\n<meta name=\"twitter:label1\" content=\"Szacowany czas czytania\" \/>\n\t<meta name=\"twitter:data1\" content=\"1 minuta\" \/>\n<script type=\"application\/ld+json\" class=\"yoast-schema-graph\">{\"@context\":\"https:\/\/schema.org\",\"@graph\":[{\"@type\":\"WebPage\",\"@id\":\"https:\/\/bobimarket.pl\/index.php\/produkt\/kratka-kominkowa-wentylacyjna-16x16-cm-zlota\/\",\"url\":\"https:\/\/bobimarket.pl\/index.php\/produkt\/kratka-kominkowa-wentylacyjna-16x16-cm-zlota\/\",\"name\":\"KRATKA KOMINKOWA WENTYLACYJNA 16x16 cm Z\u0141OTA - BOBIMARKET.pl - Remontuj i urz\u0105dzaj z nami\",\"isPartOf\":{\"@id\":\"https:\/\/bobimarket.pl\/#website\"},\"datePublished\":\"2023-08-29T13:51:03+00:00\",\"dateModified\":\"2025-02-27T13:19:13+00:00\",\"breadcrumb\":{\"@id\":\"https:\/\/bobimarket.pl\/index.php\/produkt\/kratka-kominkowa-wentylacyjna-16x16-cm-zlota\/#breadcrumb\"},\"inLanguage\":\"pl-PL\",\"potentialAction\":[{\"@type\":\"ReadAction\",\"target\":[\"https:\/\/bobimarket.pl\/index.php\/produkt\/kratka-kominkowa-wentylacyjna-16x16-cm-zlota\/\"]}]},{\"@type\":\"BreadcrumbList\",\"@id\":\"https:\/\/bobimarket.pl\/index.php\/produkt\/kratka-kominkowa-wentylacyjna-16x16-cm-zlota\/#breadcrumb\",\"itemListElement\":[{\"@type\":\"ListItem\",\"position\":1,\"name\":\"Strona g\u0142\u00f3wna\",\"item\":\"https:\/\/bobimarket.pl\/\"},{\"@type\":\"ListItem\",\"position\":2,\"name\":\"Sklep\",\"item\":\"https:\/\/bobimarket.pl\/index.php\/shop\/\"},{\"@type\":\"ListItem\",\"position\":3,\"name\":\"KRATKA KOMINKOWA WENTYLACYJNA 16&#215;16 cm Z\u0141OTA\"}]},{\"@type\":\"WebSite\",\"@id\":\"https:\/\/bobimarket.pl\/#website\",\"url\":\"https:\/\/bobimarket.pl\/\",\"name\":\"BOBIMARKET.pl - Remontuj i urz\u0105dzaj z nami\",\"description\":\"Remontuj i urz\u0105dzaj z nami\",\"publisher\":{\"@id\":\"https:\/\/bobimarket.pl\/#organization\"},\"potentialAction\":[{\"@type\":\"SearchAction\",\"target\":{\"@type\":\"EntryPoint\",\"urlTemplate\":\"https:\/\/bobimarket.pl\/?s={search_term_string}\"},\"query-input\":\"required name=search_term_string\"}],\"inLanguage\":\"pl-PL\"},{\"@type\":\"Organization\",\"@id\":\"https:\/\/bobimarket.pl\/#organization\",\"name\":\"BOBIMARKET.pl\",\"url\":\"https:\/\/bobimarket.pl\/\",\"logo\":{\"@type\":\"ImageObject\",\"inLanguage\":\"pl-PL\",\"@id\":\"https:\/\/bobimarket.pl\/#\/schema\/logo\/image\/\",\"url\":\"https:\/\/bobimarket.pl\/wp-content\/uploads\/2021\/11\/slogan.png\",\"contentUrl\":\"https:\/\/bobimarket.pl\/wp-content\/uploads\/2021\/11\/slogan.png\",\"width\":2000,\"height\":384,\"caption\":\"BOBIMARKET.pl\"},\"image\":{\"@id\":\"https:\/\/bobimarket.pl\/#\/schema\/logo\/image\/\"}}]}<\/script>\n<!-- \/ Yoast SEO plugin. -->","yoast_head_json":{"title":"KRATKA KOMINKOWA WENTYLACYJNA 16x16 cm Z\u0141OTA - BOBIMARKET.pl - Remontuj i urz\u0105dzaj z nami","robots":{"index":"index","follow":"follow","max-snippet":"max-snippet:-1","max-image-preview":"max-image-preview:large","max-video-preview":"max-video-preview:-1"},"canonical":"https:\/\/bobimarket.pl\/index.php\/produkt\/kratka-kominkowa-wentylacyjna-16x16-cm-zlota\/","og_locale":"pl_PL","og_type":"article","og_title":"KRATKA KOMINKOWA WENTYLACYJNA 16x16 cm Z\u0141OTA - BOBIMARKET.pl - Remontuj i urz\u0105dzaj z nami","og_description":"KRATKA KOMINKOWA WENTYLACYJNA 16&#215;16 cm Dane techniczne: Rozmiary monta\u017cowe:\u00a016,5 cm x 16,6 cm Rozmiar zewn\u0119trzny ramki: 19,7cm x 19,7cm Monta\u017c: ramka do osadzenia + kratka na zatrzask Materia\u0142:\u00a0blacha cynkowana\u00a0 Kolor:\u00a0z\u0142oty antyk Klasyczna i elegancka kratka kominkowa Elegancka kratka kominkowa. Wykonana z\u00a0blachy cynkowanej, malowana proszkowo lakierem strukturalnym w\u00a0kolorach typu antyk. Stosowana wewn\u0105trz pomieszcze\u0144 do\u00a0rozprowadzenia ciep\u0142ego powietrza     Czytaj wi\u0119cej \"KRATKA KOMINKOWA WENTYLACYJNA 16&#215;16 cm Z\u0141OTA\"","og_url":"https:\/\/bobimarket.pl\/index.php\/produkt\/kratka-kominkowa-wentylacyjna-16x16-cm-zlota\/","og_site_name":"BOBIMARKET.pl - Remontuj i urz\u0105dzaj z nami","article_modified_time":"2025-02-27T13:19:13+00:00","og_image":[{"url":"https:\/\/upload.cdn.baselinker.com\/products\/14476\/539a62cb91eb93de614b94da39935a90.jpg"}],"twitter_card":"summary_large_image","twitter_misc":{"Szacowany czas czytania":"1 minuta"},"schema":{"@context":"https:\/\/schema.org","@graph":[{"@type":"WebPage","@id":"https:\/\/bobimarket.pl\/index.php\/produkt\/kratka-kominkowa-wentylacyjna-16x16-cm-zlota\/","url":"https:\/\/bobimarket.pl\/index.php\/produkt\/kratka-kominkowa-wentylacyjna-16x16-cm-zlota\/","name":"KRATKA KOMINKOWA WENTYLACYJNA 16x16 cm Z\u0141OTA - BOBIMARKET.pl - Remontuj i urz\u0105dzaj z nami","isPartOf":{"@id":"https:\/\/bobimarket.pl\/#website"},"datePublished":"2023-08-29T13:51:03+00:00","dateModified":"2025-02-27T13:19:13+00:00","breadcrumb":{"@id":"https:\/\/bobimarket.pl\/index.php\/produkt\/kratka-kominkowa-wentylacyjna-16x16-cm-zlota\/#breadcrumb"},"inLanguage":"pl-PL","potentialAction":[{"@type":"ReadAction","target":["https:\/\/bobimarket.pl\/index.php\/produkt\/kratka-kominkowa-wentylacyjna-16x16-cm-zlota\/"]}]},{"@type":"BreadcrumbList","@id":"https:\/\/bobimarket.pl\/index.php\/produkt\/kratka-kominkowa-wentylacyjna-16x16-cm-zlota\/#breadcrumb","itemListElement":[{"@type":"ListItem","position":1,"name":"Strona g\u0142\u00f3wna","item":"https:\/\/bobimarket.pl\/"},{"@type":"ListItem","position":2,"name":"Sklep","item":"https:\/\/bobimarket.pl\/index.php\/shop\/"},{"@type":"ListItem","position":3,"name":"KRATKA KOMINKOWA WENTYLACYJNA 16&#215;16 cm Z\u0141OTA"}]},{"@type":"WebSite","@id":"https:\/\/bobimarket.pl\/#website","url":"https:\/\/bobimarket.pl\/","name":"BOBIMARKET.pl - Remontuj i urz\u0105dzaj z nami","description":"Remontuj i urz\u0105dzaj z nami","publisher":{"@id":"https:\/\/bobimarket.pl\/#organization"},"potentialAction":[{"@type":"SearchAction","target":{"@type":"EntryPoint","urlTemplate":"https:\/\/bobimarket.pl\/?s={search_term_string}"},"query-input":"required name=search_term_string"}],"inLanguage":"pl-PL"},{"@type":"Organization","@id":"https:\/\/bobimarket.pl\/#organization","name":"BOBIMARKET.pl","url":"https:\/\/bobimarket.pl\/","logo":{"@type":"ImageObject","inLanguage":"pl-PL","@id":"https:\/\/bobimarket.pl\/#\/schema\/logo\/image\/","url":"https:\/\/bobimarket.pl\/wp-content\/uploads\/2021\/11\/slogan.png","contentUrl":"https:\/\/bobimarket.pl\/wp-content\/uploads\/2021\/11\/slogan.png","width":2000,"height":384,"caption":"BOBIMARKET.pl"},"image":{"@id":"https:\/\/bobimarket.pl\/#\/schema\/logo\/image\/"}}]}},"_links":{"self":[{"href":"https:\/\/bobimarket.pl\/index.php\/wp-json\/wp\/v2\/product\/79217"}],"collection":[{"href":"https:\/\/bobimarket.pl\/index.php\/wp-json\/wp\/v2\/product"}],"about":[{"href":"https:\/\/bobimarket.pl\/index.php\/wp-json\/wp\/v2\/types\/product"}],"wp:featuredmedia":[{"embeddable":true,"href":"https:\/\/bobimarket.pl\/index.php\/wp-json\/wp\/v2\/media\/79215"}],"wp:attachment":[{"href":"https:\/\/bobimarket.pl\/index.php\/wp-json\/wp\/v2\/media?parent=79217"}],"wp:term":[{"taxonomy":"product_cat","embeddable":true,"href":"https:\/\/bobimarket.pl\/index.php\/wp-json\/wp\/v2\/product_cat?post=79217"},{"taxonomy":"product_tag","embeddable":true,"href":"https:\/\/bobimarket.pl\/index.php\/wp-json\/wp\/v2\/product_tag?post=79217"}],"curies":[{"name":"wp","href":"https:\/\/api.w.org\/{rel}","templated":true}]}}