{"id":79265,"date":"2023-08-29T14:19:29","date_gmt":"2023-08-29T14:19:29","guid":{"rendered":"https:\/\/bobimarket.pl\/index.php\/produkt\/pojemnik-na-zywnosc-pudelko-z-przykrywka-06l\/"},"modified":"2025-02-27T13:20:06","modified_gmt":"2025-02-27T13:20:06","slug":"pojemnik-na-zywnosc-pudelko-z-przykrywka-06l","status":"publish","type":"product","link":"https:\/\/bobimarket.pl\/index.php\/produkt\/pojemnik-na-zywnosc-pudelko-z-przykrywka-06l\/","title":{"rendered":"POJEMNIK NA \u017bYWNO\u015a\u0106 PUDE\u0141KO Z PRZYKRYWK\u0104 0,6l"},"content":{"rendered":"<section class=\"section\">\n<div class=\"item item-6\">\n<section class=\"text-item\">\n<h2>POJEMNIK NA \u017bYWNO\u015a\u0106 PUDE\u0141KO Z PRZYKRYWK\u0104 0,6l<\/h2>\n<p><b>Dane techniczne:<\/b><\/p>\n<ul>\n<li>Pojemno\u015b\u0107: <b>600 ml<\/b><\/li>\n<li>Wymiar spodu pude\u0142ka<b>: 13 cm x 8,5 cm<\/b><\/li>\n<li>Wymiar pokrywy: <b>16,5 cm x 11 cm<\/b><\/li>\n<li>Wysoko\u015b\u0107 wraz z pokryw\u0105:<b> 6 cm<\/b><\/li>\n<li>Materia\u0142: Tworzywo<\/li>\n<li>Nie zawiera Bisfenolu (<b>BPA FREE<\/b>)!!!<\/li>\n<li>Kolor pokrywki: prze\u017aroczysty, zielony, be\u017cowy, niebieski, \u017c\u00f3\u0142ty<\/li>\n<\/ul>\n<p>Po dokonaniu zakupy prosimy o kontakt w celu sprawdzenia dost\u0119pno\u015bci wybranego koloru!!!<\/p>\n<\/section><\/div>\n<div class=\"item item-6\">\n<section class=\"image-item\">\n                <img decoding=\"async\" src=\"--deleted-from-8--\" \/><br \/>\n            <\/section>\n<\/p><\/div>\n<\/section>\n<section class=\"section\">\n<div class=\"item item-6\">\n<section class=\"image-item\">\n                <img decoding=\"async\" src=\"https:\/\/upload.cdn.baselinker.com\/products\/14476\/100352029_2.jpg\" \/><br \/>\n            <\/section>\n<\/p><\/div>\n<div class=\"item item-6\">\n<section class=\"text-item\">\n<p>Wysokiej jako\u015bci pojemnik na \u017cywno\u015b\u0107 z pokrywk\u0105 i szczelnym zapi\u0119ciem.\u00a0 Wykonany z wysokiej jako\u015bci tworzywa, wolnego od szkodliwych zwi\u0105zk\u00f3w chemicznych.<\/p>\n<p>Z powodzeniem mo\u017ce by\u0107 u\u017cywany <b>do przechowywania artyku\u0142\u00f3w spo\u017cywczych <\/b>(posiadaj\u0105 odpowiednie atesty do kontaktu z \u017cywno\u015bci\u0105).<\/p>\n<p>Mo\u017ce r\u00f3wnie\u017c s\u0142u\u017cy\u0107 jako <b>organizer do przechowywania drobiazg\u00f3w.<\/b> Minimalistyczny design sprawi, \u017ce pude\u0142ko b\u0119dzie si\u0119 \u0142adnie prezentowa\u0142o na biurku czy regale.<\/p>\n<\/section><\/div>\n<\/section>\n<section class=\"section\">\n<div class=\"item item-6\">\n<section class=\"text-item\">\n<p><b>\u00a0 Pojemnik posiada wiele praktycznych zalet:<\/b><\/p>\n<ul>\n<li>Nie t\u0142ucze si\u0119<\/li>\n<li>Jest trwa\u0142y i odporny na uszkodzenia.<\/li>\n<li>Jest lekki i \u0142atwy w czyszczeniu<\/li>\n<li>Jest prze\u017aroczysty i wielofunkcyjny<\/li>\n<\/ul>\n<\/section><\/div>\n<div class=\"item item-6\">\n<section class=\"image-item\">\n                <img decoding=\"async\" src=\"https:\/\/upload.cdn.baselinker.com\/products\/14476\/100352029_1.png\" \/><br \/>\n            <\/section>\n<\/p><\/div>\n<\/section>\n<section class=\"section\">\n<div class=\"item item-6\">\n<section class=\"image-item\">\n                <img decoding=\"async\" src=\"--deleted-from-8--\" \/><br \/>\n            <\/section>\n<\/p><\/div>\n<div class=\"item item-6\">\n<section class=\"text-item\">\n<p><b>Pued\u0142ko jest przystosowany do:<\/b><\/p>\n<ul>\n<li>Kontaktu z \u017cywno\u015bci\u0105<\/li>\n<li>Do mro\u017cenia<\/li>\n<li>Mo\u017cliwo\u015b\u0107 mycia w zmywarce<\/li>\n<li>Mo\u017cna u\u017cywa\u0107 w kuchence mikrofalowej<\/li>\n<li>Temp. od -25\u00b0+95\u00b0<\/li>\n<\/ul>\n<\/section><\/div>\n<\/section>\n<section class=\"section\">\n<div class=\"item item-6\">\n<section class=\"text-item\">\n<p>Kolory przykrywek do wyboru:<\/p>\n<ul>\n<li>prze\u017aroczysty<\/li>\n<li>zielony<\/li>\n<li>be\u017cowy<\/li>\n<li>\u017c\u00f3\u0142ty<\/li>\n<li>niebieski\u00a0<\/li>\n<\/ul>\n<p><b>Po dokonaniu zakupy prosimy o kontakt w celu sprawdzenia dost\u0119pno\u015bci wybranego koloru!!!<\/b><\/p>\n<\/section><\/div>\n<div class=\"item item-6\">\n<section class=\"image-item\">\n                <img decoding=\"async\" src=\"https:\/\/upload.cdn.baselinker.com\/products\/14476\/100352029_3.png\" \/><br \/>\n            <\/section>\n<\/p><\/div>\n<\/section>\n","protected":false},"excerpt":{"rendered":"<p>POJEMNIK NA \u017bYWNO\u015a\u0106 PUDE\u0141KO Z PRZYKRYWK\u0104 0,6l Dane techniczne: Pojemno\u015b\u0107: 600 ml Wymiar spodu pude\u0142ka: 13 cm x 8,5 cm Wymiar pokrywy: 16,5 cm x 11 cm Wysoko\u015b\u0107 wraz z pokryw\u0105: 6 cm Materia\u0142: Tworzywo Nie zawiera Bisfenolu (BPA FREE)!!! Kolor pokrywki: prze\u017aroczysty, zielony, be\u017cowy, niebieski, \u017c\u00f3\u0142ty Po dokonaniu zakupy prosimy o kontakt w celu<br \/><a class=\"more-link\" href=\"https:\/\/bobimarket.pl\/index.php\/produkt\/pojemnik-na-zywnosc-pudelko-z-przykrywka-06l\/\"><br \/>\n        Czytaj wi\u0119cej<span class=\"screen-reader-text\"> &#8222;POJEMNIK NA \u017bYWNO\u015a\u0106 PUDE\u0141KO Z PRZYKRYWK\u0104 0,6l&#8221;<\/span><\/a><\/p>\n","protected":false},"featured_media":79260,"template":"","meta":[],"product_cat":[8070],"product_tag":[],"yoast_head":"<!-- This site is optimized with the Yoast SEO plugin v21.0 - https:\/\/yoast.com\/wordpress\/plugins\/seo\/ -->\n<title>POJEMNIK NA \u017bYWNO\u015a\u0106 PUDE\u0141KO Z PRZYKRYWK\u0104 0,6l - BOBIMARKET.pl - Remontuj i urz\u0105dzaj z nami<\/title>\n<meta name=\"robots\" content=\"index, follow, max-snippet:-1, max-image-preview:large, max-video-preview:-1\" \/>\n<link rel=\"canonical\" href=\"https:\/\/bobimarket.pl\/index.php\/produkt\/pojemnik-na-zywnosc-pudelko-z-przykrywka-06l\/\" \/>\n<meta property=\"og:locale\" content=\"pl_PL\" \/>\n<meta property=\"og:type\" content=\"article\" \/>\n<meta property=\"og:title\" content=\"POJEMNIK NA \u017bYWNO\u015a\u0106 PUDE\u0141KO Z PRZYKRYWK\u0104 0,6l - BOBIMARKET.pl - Remontuj i urz\u0105dzaj z nami\" \/>\n<meta property=\"og:description\" content=\"POJEMNIK NA \u017bYWNO\u015a\u0106 PUDE\u0141KO Z PRZYKRYWK\u0104 0,6l Dane techniczne: Pojemno\u015b\u0107: 600 ml Wymiar spodu pude\u0142ka: 13 cm x 8,5 cm Wymiar pokrywy: 16,5 cm x 11 cm Wysoko\u015b\u0107 wraz z pokryw\u0105: 6 cm Materia\u0142: Tworzywo Nie zawiera Bisfenolu (BPA FREE)!!! Kolor pokrywki: prze\u017aroczysty, zielony, be\u017cowy, niebieski, \u017c\u00f3\u0142ty Po dokonaniu zakupy prosimy o kontakt w celu     Czytaj wi\u0119cej &quot;POJEMNIK NA \u017bYWNO\u015a\u0106 PUDE\u0141KO Z PRZYKRYWK\u0104 0,6l&quot;\" \/>\n<meta property=\"og:url\" content=\"https:\/\/bobimarket.pl\/index.php\/produkt\/pojemnik-na-zywnosc-pudelko-z-przykrywka-06l\/\" \/>\n<meta property=\"og:site_name\" content=\"BOBIMARKET.pl - Remontuj i urz\u0105dzaj z nami\" \/>\n<meta property=\"article:modified_time\" content=\"2025-02-27T13:20:06+00:00\" \/>\n<meta property=\"og:image\" content=\"https:\/\/upload.cdn.baselinker.com\/products\/14476\/100352029_2.jpg\" \/>\n<meta name=\"twitter:card\" content=\"summary_large_image\" \/>\n<meta name=\"twitter:label1\" content=\"Szacowany czas czytania\" \/>\n\t<meta name=\"twitter:data1\" content=\"1 minuta\" \/>\n<script type=\"application\/ld+json\" class=\"yoast-schema-graph\">{\"@context\":\"https:\/\/schema.org\",\"@graph\":[{\"@type\":\"WebPage\",\"@id\":\"https:\/\/bobimarket.pl\/index.php\/produkt\/pojemnik-na-zywnosc-pudelko-z-przykrywka-06l\/\",\"url\":\"https:\/\/bobimarket.pl\/index.php\/produkt\/pojemnik-na-zywnosc-pudelko-z-przykrywka-06l\/\",\"name\":\"POJEMNIK NA \u017bYWNO\u015a\u0106 PUDE\u0141KO Z PRZYKRYWK\u0104 0,6l - BOBIMARKET.pl - Remontuj i urz\u0105dzaj z nami\",\"isPartOf\":{\"@id\":\"https:\/\/bobimarket.pl\/#website\"},\"datePublished\":\"2023-08-29T14:19:29+00:00\",\"dateModified\":\"2025-02-27T13:20:06+00:00\",\"breadcrumb\":{\"@id\":\"https:\/\/bobimarket.pl\/index.php\/produkt\/pojemnik-na-zywnosc-pudelko-z-przykrywka-06l\/#breadcrumb\"},\"inLanguage\":\"pl-PL\",\"potentialAction\":[{\"@type\":\"ReadAction\",\"target\":[\"https:\/\/bobimarket.pl\/index.php\/produkt\/pojemnik-na-zywnosc-pudelko-z-przykrywka-06l\/\"]}]},{\"@type\":\"BreadcrumbList\",\"@id\":\"https:\/\/bobimarket.pl\/index.php\/produkt\/pojemnik-na-zywnosc-pudelko-z-przykrywka-06l\/#breadcrumb\",\"itemListElement\":[{\"@type\":\"ListItem\",\"position\":1,\"name\":\"Strona g\u0142\u00f3wna\",\"item\":\"https:\/\/bobimarket.pl\/\"},{\"@type\":\"ListItem\",\"position\":2,\"name\":\"Sklep\",\"item\":\"https:\/\/bobimarket.pl\/index.php\/shop\/\"},{\"@type\":\"ListItem\",\"position\":3,\"name\":\"POJEMNIK NA \u017bYWNO\u015a\u0106 PUDE\u0141KO Z PRZYKRYWK\u0104 0,6l\"}]},{\"@type\":\"WebSite\",\"@id\":\"https:\/\/bobimarket.pl\/#website\",\"url\":\"https:\/\/bobimarket.pl\/\",\"name\":\"BOBIMARKET.pl - Remontuj i urz\u0105dzaj z nami\",\"description\":\"Remontuj i urz\u0105dzaj z nami\",\"publisher\":{\"@id\":\"https:\/\/bobimarket.pl\/#organization\"},\"potentialAction\":[{\"@type\":\"SearchAction\",\"target\":{\"@type\":\"EntryPoint\",\"urlTemplate\":\"https:\/\/bobimarket.pl\/?s={search_term_string}\"},\"query-input\":\"required name=search_term_string\"}],\"inLanguage\":\"pl-PL\"},{\"@type\":\"Organization\",\"@id\":\"https:\/\/bobimarket.pl\/#organization\",\"name\":\"BOBIMARKET.pl\",\"url\":\"https:\/\/bobimarket.pl\/\",\"logo\":{\"@type\":\"ImageObject\",\"inLanguage\":\"pl-PL\",\"@id\":\"https:\/\/bobimarket.pl\/#\/schema\/logo\/image\/\",\"url\":\"https:\/\/bobimarket.pl\/wp-content\/uploads\/2021\/11\/slogan.png\",\"contentUrl\":\"https:\/\/bobimarket.pl\/wp-content\/uploads\/2021\/11\/slogan.png\",\"width\":2000,\"height\":384,\"caption\":\"BOBIMARKET.pl\"},\"image\":{\"@id\":\"https:\/\/bobimarket.pl\/#\/schema\/logo\/image\/\"}}]}<\/script>\n<!-- \/ Yoast SEO plugin. -->","yoast_head_json":{"title":"POJEMNIK NA \u017bYWNO\u015a\u0106 PUDE\u0141KO Z PRZYKRYWK\u0104 0,6l - BOBIMARKET.pl - Remontuj i urz\u0105dzaj z nami","robots":{"index":"index","follow":"follow","max-snippet":"max-snippet:-1","max-image-preview":"max-image-preview:large","max-video-preview":"max-video-preview:-1"},"canonical":"https:\/\/bobimarket.pl\/index.php\/produkt\/pojemnik-na-zywnosc-pudelko-z-przykrywka-06l\/","og_locale":"pl_PL","og_type":"article","og_title":"POJEMNIK NA \u017bYWNO\u015a\u0106 PUDE\u0141KO Z PRZYKRYWK\u0104 0,6l - BOBIMARKET.pl - Remontuj i urz\u0105dzaj z nami","og_description":"POJEMNIK NA \u017bYWNO\u015a\u0106 PUDE\u0141KO Z PRZYKRYWK\u0104 0,6l Dane techniczne: Pojemno\u015b\u0107: 600 ml Wymiar spodu pude\u0142ka: 13 cm x 8,5 cm Wymiar pokrywy: 16,5 cm x 11 cm Wysoko\u015b\u0107 wraz z pokryw\u0105: 6 cm Materia\u0142: Tworzywo Nie zawiera Bisfenolu (BPA FREE)!!! Kolor pokrywki: prze\u017aroczysty, zielony, be\u017cowy, niebieski, \u017c\u00f3\u0142ty Po dokonaniu zakupy prosimy o kontakt w celu     Czytaj wi\u0119cej \"POJEMNIK NA \u017bYWNO\u015a\u0106 PUDE\u0141KO Z PRZYKRYWK\u0104 0,6l\"","og_url":"https:\/\/bobimarket.pl\/index.php\/produkt\/pojemnik-na-zywnosc-pudelko-z-przykrywka-06l\/","og_site_name":"BOBIMARKET.pl - Remontuj i urz\u0105dzaj z nami","article_modified_time":"2025-02-27T13:20:06+00:00","og_image":[{"url":"https:\/\/upload.cdn.baselinker.com\/products\/14476\/100352029_2.jpg"}],"twitter_card":"summary_large_image","twitter_misc":{"Szacowany czas czytania":"1 minuta"},"schema":{"@context":"https:\/\/schema.org","@graph":[{"@type":"WebPage","@id":"https:\/\/bobimarket.pl\/index.php\/produkt\/pojemnik-na-zywnosc-pudelko-z-przykrywka-06l\/","url":"https:\/\/bobimarket.pl\/index.php\/produkt\/pojemnik-na-zywnosc-pudelko-z-przykrywka-06l\/","name":"POJEMNIK NA \u017bYWNO\u015a\u0106 PUDE\u0141KO Z PRZYKRYWK\u0104 0,6l - BOBIMARKET.pl - Remontuj i urz\u0105dzaj z nami","isPartOf":{"@id":"https:\/\/bobimarket.pl\/#website"},"datePublished":"2023-08-29T14:19:29+00:00","dateModified":"2025-02-27T13:20:06+00:00","breadcrumb":{"@id":"https:\/\/bobimarket.pl\/index.php\/produkt\/pojemnik-na-zywnosc-pudelko-z-przykrywka-06l\/#breadcrumb"},"inLanguage":"pl-PL","potentialAction":[{"@type":"ReadAction","target":["https:\/\/bobimarket.pl\/index.php\/produkt\/pojemnik-na-zywnosc-pudelko-z-przykrywka-06l\/"]}]},{"@type":"BreadcrumbList","@id":"https:\/\/bobimarket.pl\/index.php\/produkt\/pojemnik-na-zywnosc-pudelko-z-przykrywka-06l\/#breadcrumb","itemListElement":[{"@type":"ListItem","position":1,"name":"Strona g\u0142\u00f3wna","item":"https:\/\/bobimarket.pl\/"},{"@type":"ListItem","position":2,"name":"Sklep","item":"https:\/\/bobimarket.pl\/index.php\/shop\/"},{"@type":"ListItem","position":3,"name":"POJEMNIK NA \u017bYWNO\u015a\u0106 PUDE\u0141KO Z PRZYKRYWK\u0104 0,6l"}]},{"@type":"WebSite","@id":"https:\/\/bobimarket.pl\/#website","url":"https:\/\/bobimarket.pl\/","name":"BOBIMARKET.pl - Remontuj i urz\u0105dzaj z nami","description":"Remontuj i urz\u0105dzaj z nami","publisher":{"@id":"https:\/\/bobimarket.pl\/#organization"},"potentialAction":[{"@type":"SearchAction","target":{"@type":"EntryPoint","urlTemplate":"https:\/\/bobimarket.pl\/?s={search_term_string}"},"query-input":"required name=search_term_string"}],"inLanguage":"pl-PL"},{"@type":"Organization","@id":"https:\/\/bobimarket.pl\/#organization","name":"BOBIMARKET.pl","url":"https:\/\/bobimarket.pl\/","logo":{"@type":"ImageObject","inLanguage":"pl-PL","@id":"https:\/\/bobimarket.pl\/#\/schema\/logo\/image\/","url":"https:\/\/bobimarket.pl\/wp-content\/uploads\/2021\/11\/slogan.png","contentUrl":"https:\/\/bobimarket.pl\/wp-content\/uploads\/2021\/11\/slogan.png","width":2000,"height":384,"caption":"BOBIMARKET.pl"},"image":{"@id":"https:\/\/bobimarket.pl\/#\/schema\/logo\/image\/"}}]}},"_links":{"self":[{"href":"https:\/\/bobimarket.pl\/index.php\/wp-json\/wp\/v2\/product\/79265"}],"collection":[{"href":"https:\/\/bobimarket.pl\/index.php\/wp-json\/wp\/v2\/product"}],"about":[{"href":"https:\/\/bobimarket.pl\/index.php\/wp-json\/wp\/v2\/types\/product"}],"wp:featuredmedia":[{"embeddable":true,"href":"https:\/\/bobimarket.pl\/index.php\/wp-json\/wp\/v2\/media\/79260"}],"wp:attachment":[{"href":"https:\/\/bobimarket.pl\/index.php\/wp-json\/wp\/v2\/media?parent=79265"}],"wp:term":[{"taxonomy":"product_cat","embeddable":true,"href":"https:\/\/bobimarket.pl\/index.php\/wp-json\/wp\/v2\/product_cat?post=79265"},{"taxonomy":"product_tag","embeddable":true,"href":"https:\/\/bobimarket.pl\/index.php\/wp-json\/wp\/v2\/product_tag?post=79265"}],"curies":[{"name":"wp","href":"https:\/\/api.w.org\/{rel}","templated":true}]}}