{"id":79274,"date":"2023-08-29T14:20:05","date_gmt":"2023-08-29T14:20:05","guid":{"rendered":"https:\/\/bobimarket.pl\/index.php\/produkt\/lampa-naftowa-mosiezna-szklana-lampion-18cm-knot\/"},"modified":"2025-02-27T13:20:11","modified_gmt":"2025-02-27T13:20:11","slug":"lampa-naftowa-mosiezna-szklana-lampion-18cm-knot","status":"publish","type":"product","link":"https:\/\/bobimarket.pl\/index.php\/produkt\/lampa-naftowa-mosiezna-szklana-lampion-18cm-knot\/","title":{"rendered":"LAMPA NAFTOWA MOSI\u0118\u017bNA SZKLANA LAMPION 18cm KNOT"},"content":{"rendered":"<section class=\"section\">\n<div class=\"item item-12\">\n<section class=\"text-item\">\n<h2>LAMPA NAFTOWA MOSI\u0118\u017bNA SZKLANA LAMPION 18cm KNOT<\/h2>\n<p><b>informacje og\u00f3lne:<\/b><\/p>\n<ul>\n<li>Wysoko\u015b\u0107 lampy: <b>18,5 cm<\/b><\/li>\n<li>Szeroko\u015b\u0107 lampy: <b>9 cm<\/b><\/li>\n<li>Regulowany knot<\/li>\n<\/ul>\n<p>Lampa posiada bogato zdobiony pojemnik na naft\u0119 oraz knot. Zosta\u0142a wykonana ze szk\u0142a.<\/p>\n<\/section><\/div>\n<\/section>\n<section class=\"section\">\n<div class=\"item item-6\">\n<section class=\"text-item\">\n<h2>\u2705 GRATIS! Praktyczny dodatek do lampy!<\/h2>\n<p>Do zakupu zostanie dodany zapasowy knot do lampy. Okr\u0105g\u0142y knot o \u015brednicy 4 mm i d\u0142ugo\u015bci 1 m stanowi idealny dope\u0142nienia zakupionej lampy.<\/p>\n<\/section><\/div>\n<div class=\"item item-6\">\n<section class=\"image-item\">\n            <img decoding=\"async\" src=\"https:\/\/upload.cdn.baselinker.com\/products\/14476\/e144699c7a5aec8506000bbe55e0edeb.jpg\" \/><br \/>\n        <\/section>\n<\/p><\/div>\n<\/section>\n<section class=\"section\">\n<div class=\"item item-12\">\n<section class=\"image-item\">\n            <img decoding=\"async\" src=\"https:\/\/upload.cdn.baselinker.com\/products\/14476\/100371337_2.jpg\" \/><br \/>\n        <\/section>\n<\/p><\/div>\n<\/section>\n<section class=\"section\">\n<div class=\"item item-12\">\n<section class=\"text-item\">\n<h2>\u2b50\ufe0f Pi\u0119knie zdobiona lampa naftowa<\/h2>\n<p>Doskona\u0142a alternatywa do typowego o\u015bwietlenia to lampa naftowa ze zdobieniami. Udekoruje ka\u017cde wn\u0119trze i pozwoli na stworzenie klimatycznej przestrzeni w domu. Twoje wn\u0119trze nabierze wyj\u0105tkowego charakteru i zachwyci wszystkich go\u015bci. Naturalne \u015bwiat\u0142o doda uroku, a sama lampa czy za\u015bwiecona czy zgaszona b\u0119dzie stanowi\u0142a element dekoracyjny, kt\u00f3rego nie mo\u017ce zabrakn\u0105\u0107 w salonie czy sypialni.<\/p>\n<ul>\n<li>Prosta forma <b>nawi\u0105zuje do tradycyjnej stylistyki<\/b> dawnych lamp naftowych.<\/li>\n<li>Minimalistyczny design sprawi, \u017ce lampa b\u0119dzie pasowa\u0107 <b>do wielu rodzaj\u00f3w wn\u0119trz<\/b>, nadaj\u0105c im charakteru i niepowtarzalnego stylu.<\/li>\n<\/ul>\n<\/section><\/div>\n<\/section>\n<section class=\"section\">\n<div class=\"item item-12\">\n<section class=\"image-item\">\n            <img decoding=\"async\" src=\"https:\/\/upload.cdn.baselinker.com\/products\/14476\/100371337_3.jpg\" \/><br \/>\n        <\/section>\n<\/p><\/div>\n<\/section>\n<section class=\"section\">\n<div class=\"item item-12\">\n<section class=\"text-item\">\n<h2>\u2b50\ufe0f Dla ka\u017cdego mi\u0142o\u015bnika wyj\u0105tkowego klimatu we wn\u0119trzach!<\/h2>\n<p>Zapal lampion wtedy, kiedy potrzebujesz! Lampion<b> pi\u0119knie wygl\u0105da<\/b> zar\u00f3wno po zapaleniu jak i gdy nie jest zapalony. <b>Mo\u017cesz wybra\u0107 jeden lub kilka lampion\u00f3w<\/b> i u\u0142o\u017cy\u0107 je wed\u0142ug w\u0142asnego uznania w wybranym miejscu!<\/p>\n<ul>\n<li>Zapalony lampion doskonale\u00a0<b>uprzyjemni wieczory.<\/b> Ciep\u0142y blask \u015bwiat\u0142a wydobywaj\u0105cy si\u0119 z lampionu dodaje uroku ka\u017cdemu pomieszczeniu.\u00a0\u00a0<\/li>\n<\/ul>\n<ul>\n<li>W<b> dzie\u0144 sprawdzi si\u0119 jako klasyczna ozdoba<\/b>. Mo\u017cesz ustawi\u0107 go na stole, stoliku, p\u00f3\u0142ce lub oknie.<\/li>\n<\/ul>\n<\/section><\/div>\n<\/section>\n<section class=\"section\">\n<div class=\"item item-12\">\n<section class=\"image-item\">\n            <img decoding=\"async\" src=\"https:\/\/upload.cdn.baselinker.com\/products\/14476\/100371337_2.jpg\" \/><br \/>\n        <\/section>\n<\/p><\/div>\n<\/section>\n<section class=\"section\">\n<div class=\"item item-12\">\n<section class=\"text-item\">\n<h2>\u2b50\ufe0f Nie jest to jedynie element dekoracyjny, ale r\u00f3wnie\u017c u\u017cytkowy<\/h2>\n<p>Pi\u0119knie o\u015bwietla pomieszczenia, tworz\u0105c przytuln\u0105 atmosfer\u0119. <b>Mieni\u0105ce si\u0119 \u015bcianki lampionu<\/b> dodaj\u0105 magicznego klimatu i kreuj\u0105 wyj\u0105tkow\u0105 atmosfer\u0119. Mo\u017ce przyda\u0107 si\u0119 awaryjnych sytuacjach np. gdy zabraknie pr\u0105du. Idealnie dobrany rozmiar.\u00a0Lampion nie zajmuje du\u017co miejsca, a jednocze\u015bnie pi\u0119knie si\u0119 prezentuje i stanowi <b>dope\u0142nienie dekoracji. <\/b><\/p>\n<ul>\n<li><b>B\u0119dzie idealnym prezentem<\/b> dla mi\u0142o\u015bnik\u00f3w pi\u0119knych przedmiot\u00f3w. \u0141\u0105czy w sobie klasyk\u0119 i elegancj\u0119. Spodoba si\u0119 zar\u00f3wno osob\u0105 starszym jak i m\u0142odszym.<\/li>\n<li>Ponadto lampa mo\u017ce by\u0107 wykorzystana jako <b>element dekoracyjny w ogrodzie<\/b>, na tarasie czy patio.<\/li>\n<\/ul>\n<\/section><\/div>\n<\/section>\n<section class=\"section\">\n<div class=\"item item-12\">\n<section class=\"image-item\">\n            <img decoding=\"async\" src=\"https:\/\/upload.cdn.baselinker.com\/products\/14476\/100371337_1.jpg\" \/><br \/>\n        <\/section>\n<\/p><\/div>\n<\/section>\n","protected":false},"excerpt":{"rendered":"<p>LAMPA NAFTOWA MOSI\u0118\u017bNA SZKLANA LAMPION 18cm KNOT informacje og\u00f3lne: Wysoko\u015b\u0107 lampy: 18,5 cm Szeroko\u015b\u0107 lampy: 9 cm Regulowany knot Lampa posiada bogato zdobiony pojemnik na naft\u0119 oraz knot. Zosta\u0142a wykonana ze szk\u0142a. \u2705 GRATIS! Praktyczny dodatek do lampy! Do zakupu zostanie dodany zapasowy knot do lampy. Okr\u0105g\u0142y knot o \u015brednicy 4 mm i d\u0142ugo\u015bci 1<br \/><a class=\"more-link\" href=\"https:\/\/bobimarket.pl\/index.php\/produkt\/lampa-naftowa-mosiezna-szklana-lampion-18cm-knot\/\"><br \/>\n        Czytaj wi\u0119cej<span class=\"screen-reader-text\"> &#8222;LAMPA NAFTOWA MOSI\u0118\u017bNA SZKLANA LAMPION 18cm KNOT&#8221;<\/span><\/a><\/p>\n","protected":false},"featured_media":79266,"template":"","meta":[],"product_cat":[8098],"product_tag":[],"yoast_head":"<!-- This site is optimized with the Yoast SEO plugin v21.0 - https:\/\/yoast.com\/wordpress\/plugins\/seo\/ -->\n<title>LAMPA NAFTOWA MOSI\u0118\u017bNA SZKLANA LAMPION 18cm KNOT - BOBIMARKET.pl - Remontuj i urz\u0105dzaj z nami<\/title>\n<meta name=\"robots\" content=\"index, follow, max-snippet:-1, max-image-preview:large, max-video-preview:-1\" \/>\n<link rel=\"canonical\" href=\"https:\/\/bobimarket.pl\/index.php\/produkt\/lampa-naftowa-mosiezna-szklana-lampion-18cm-knot\/\" \/>\n<meta property=\"og:locale\" content=\"pl_PL\" \/>\n<meta property=\"og:type\" content=\"article\" \/>\n<meta property=\"og:title\" content=\"LAMPA NAFTOWA MOSI\u0118\u017bNA SZKLANA LAMPION 18cm KNOT - BOBIMARKET.pl - Remontuj i urz\u0105dzaj z nami\" \/>\n<meta property=\"og:description\" content=\"LAMPA NAFTOWA MOSI\u0118\u017bNA SZKLANA LAMPION 18cm KNOT informacje og\u00f3lne: Wysoko\u015b\u0107 lampy: 18,5 cm Szeroko\u015b\u0107 lampy: 9 cm Regulowany knot Lampa posiada bogato zdobiony pojemnik na naft\u0119 oraz knot. Zosta\u0142a wykonana ze szk\u0142a. \u2705 GRATIS! Praktyczny dodatek do lampy! Do zakupu zostanie dodany zapasowy knot do lampy. Okr\u0105g\u0142y knot o \u015brednicy 4 mm i d\u0142ugo\u015bci 1     Czytaj wi\u0119cej &quot;LAMPA NAFTOWA MOSI\u0118\u017bNA SZKLANA LAMPION 18cm KNOT&quot;\" \/>\n<meta property=\"og:url\" content=\"https:\/\/bobimarket.pl\/index.php\/produkt\/lampa-naftowa-mosiezna-szklana-lampion-18cm-knot\/\" \/>\n<meta property=\"og:site_name\" content=\"BOBIMARKET.pl - Remontuj i urz\u0105dzaj z nami\" \/>\n<meta property=\"article:modified_time\" content=\"2025-02-27T13:20:11+00:00\" \/>\n<meta property=\"og:image\" content=\"https:\/\/upload.cdn.baselinker.com\/products\/14476\/e144699c7a5aec8506000bbe55e0edeb.jpg\" \/>\n<meta name=\"twitter:card\" content=\"summary_large_image\" \/>\n<meta name=\"twitter:label1\" content=\"Szacowany czas czytania\" \/>\n\t<meta name=\"twitter:data1\" content=\"2 minuty\" \/>\n<script type=\"application\/ld+json\" class=\"yoast-schema-graph\">{\"@context\":\"https:\/\/schema.org\",\"@graph\":[{\"@type\":\"WebPage\",\"@id\":\"https:\/\/bobimarket.pl\/index.php\/produkt\/lampa-naftowa-mosiezna-szklana-lampion-18cm-knot\/\",\"url\":\"https:\/\/bobimarket.pl\/index.php\/produkt\/lampa-naftowa-mosiezna-szklana-lampion-18cm-knot\/\",\"name\":\"LAMPA NAFTOWA MOSI\u0118\u017bNA SZKLANA LAMPION 18cm KNOT - BOBIMARKET.pl - Remontuj i urz\u0105dzaj z nami\",\"isPartOf\":{\"@id\":\"https:\/\/bobimarket.pl\/#website\"},\"datePublished\":\"2023-08-29T14:20:05+00:00\",\"dateModified\":\"2025-02-27T13:20:11+00:00\",\"breadcrumb\":{\"@id\":\"https:\/\/bobimarket.pl\/index.php\/produkt\/lampa-naftowa-mosiezna-szklana-lampion-18cm-knot\/#breadcrumb\"},\"inLanguage\":\"pl-PL\",\"potentialAction\":[{\"@type\":\"ReadAction\",\"target\":[\"https:\/\/bobimarket.pl\/index.php\/produkt\/lampa-naftowa-mosiezna-szklana-lampion-18cm-knot\/\"]}]},{\"@type\":\"BreadcrumbList\",\"@id\":\"https:\/\/bobimarket.pl\/index.php\/produkt\/lampa-naftowa-mosiezna-szklana-lampion-18cm-knot\/#breadcrumb\",\"itemListElement\":[{\"@type\":\"ListItem\",\"position\":1,\"name\":\"Strona g\u0142\u00f3wna\",\"item\":\"https:\/\/bobimarket.pl\/\"},{\"@type\":\"ListItem\",\"position\":2,\"name\":\"Sklep\",\"item\":\"https:\/\/bobimarket.pl\/index.php\/shop\/\"},{\"@type\":\"ListItem\",\"position\":3,\"name\":\"LAMPA NAFTOWA MOSI\u0118\u017bNA SZKLANA LAMPION 18cm KNOT\"}]},{\"@type\":\"WebSite\",\"@id\":\"https:\/\/bobimarket.pl\/#website\",\"url\":\"https:\/\/bobimarket.pl\/\",\"name\":\"BOBIMARKET.pl - Remontuj i urz\u0105dzaj z nami\",\"description\":\"Remontuj i urz\u0105dzaj z nami\",\"publisher\":{\"@id\":\"https:\/\/bobimarket.pl\/#organization\"},\"potentialAction\":[{\"@type\":\"SearchAction\",\"target\":{\"@type\":\"EntryPoint\",\"urlTemplate\":\"https:\/\/bobimarket.pl\/?s={search_term_string}\"},\"query-input\":\"required name=search_term_string\"}],\"inLanguage\":\"pl-PL\"},{\"@type\":\"Organization\",\"@id\":\"https:\/\/bobimarket.pl\/#organization\",\"name\":\"BOBIMARKET.pl\",\"url\":\"https:\/\/bobimarket.pl\/\",\"logo\":{\"@type\":\"ImageObject\",\"inLanguage\":\"pl-PL\",\"@id\":\"https:\/\/bobimarket.pl\/#\/schema\/logo\/image\/\",\"url\":\"https:\/\/bobimarket.pl\/wp-content\/uploads\/2021\/11\/slogan.png\",\"contentUrl\":\"https:\/\/bobimarket.pl\/wp-content\/uploads\/2021\/11\/slogan.png\",\"width\":2000,\"height\":384,\"caption\":\"BOBIMARKET.pl\"},\"image\":{\"@id\":\"https:\/\/bobimarket.pl\/#\/schema\/logo\/image\/\"}}]}<\/script>\n<!-- \/ Yoast SEO plugin. -->","yoast_head_json":{"title":"LAMPA NAFTOWA MOSI\u0118\u017bNA SZKLANA LAMPION 18cm KNOT - BOBIMARKET.pl - Remontuj i urz\u0105dzaj z nami","robots":{"index":"index","follow":"follow","max-snippet":"max-snippet:-1","max-image-preview":"max-image-preview:large","max-video-preview":"max-video-preview:-1"},"canonical":"https:\/\/bobimarket.pl\/index.php\/produkt\/lampa-naftowa-mosiezna-szklana-lampion-18cm-knot\/","og_locale":"pl_PL","og_type":"article","og_title":"LAMPA NAFTOWA MOSI\u0118\u017bNA SZKLANA LAMPION 18cm KNOT - BOBIMARKET.pl - Remontuj i urz\u0105dzaj z nami","og_description":"LAMPA NAFTOWA MOSI\u0118\u017bNA SZKLANA LAMPION 18cm KNOT informacje og\u00f3lne: Wysoko\u015b\u0107 lampy: 18,5 cm Szeroko\u015b\u0107 lampy: 9 cm Regulowany knot Lampa posiada bogato zdobiony pojemnik na naft\u0119 oraz knot. Zosta\u0142a wykonana ze szk\u0142a. \u2705 GRATIS! Praktyczny dodatek do lampy! Do zakupu zostanie dodany zapasowy knot do lampy. Okr\u0105g\u0142y knot o \u015brednicy 4 mm i d\u0142ugo\u015bci 1     Czytaj wi\u0119cej \"LAMPA NAFTOWA MOSI\u0118\u017bNA SZKLANA LAMPION 18cm KNOT\"","og_url":"https:\/\/bobimarket.pl\/index.php\/produkt\/lampa-naftowa-mosiezna-szklana-lampion-18cm-knot\/","og_site_name":"BOBIMARKET.pl - Remontuj i urz\u0105dzaj z nami","article_modified_time":"2025-02-27T13:20:11+00:00","og_image":[{"url":"https:\/\/upload.cdn.baselinker.com\/products\/14476\/e144699c7a5aec8506000bbe55e0edeb.jpg"}],"twitter_card":"summary_large_image","twitter_misc":{"Szacowany czas czytania":"2 minuty"},"schema":{"@context":"https:\/\/schema.org","@graph":[{"@type":"WebPage","@id":"https:\/\/bobimarket.pl\/index.php\/produkt\/lampa-naftowa-mosiezna-szklana-lampion-18cm-knot\/","url":"https:\/\/bobimarket.pl\/index.php\/produkt\/lampa-naftowa-mosiezna-szklana-lampion-18cm-knot\/","name":"LAMPA NAFTOWA MOSI\u0118\u017bNA SZKLANA LAMPION 18cm KNOT - BOBIMARKET.pl - Remontuj i urz\u0105dzaj z nami","isPartOf":{"@id":"https:\/\/bobimarket.pl\/#website"},"datePublished":"2023-08-29T14:20:05+00:00","dateModified":"2025-02-27T13:20:11+00:00","breadcrumb":{"@id":"https:\/\/bobimarket.pl\/index.php\/produkt\/lampa-naftowa-mosiezna-szklana-lampion-18cm-knot\/#breadcrumb"},"inLanguage":"pl-PL","potentialAction":[{"@type":"ReadAction","target":["https:\/\/bobimarket.pl\/index.php\/produkt\/lampa-naftowa-mosiezna-szklana-lampion-18cm-knot\/"]}]},{"@type":"BreadcrumbList","@id":"https:\/\/bobimarket.pl\/index.php\/produkt\/lampa-naftowa-mosiezna-szklana-lampion-18cm-knot\/#breadcrumb","itemListElement":[{"@type":"ListItem","position":1,"name":"Strona g\u0142\u00f3wna","item":"https:\/\/bobimarket.pl\/"},{"@type":"ListItem","position":2,"name":"Sklep","item":"https:\/\/bobimarket.pl\/index.php\/shop\/"},{"@type":"ListItem","position":3,"name":"LAMPA NAFTOWA MOSI\u0118\u017bNA SZKLANA LAMPION 18cm KNOT"}]},{"@type":"WebSite","@id":"https:\/\/bobimarket.pl\/#website","url":"https:\/\/bobimarket.pl\/","name":"BOBIMARKET.pl - Remontuj i urz\u0105dzaj z nami","description":"Remontuj i urz\u0105dzaj z nami","publisher":{"@id":"https:\/\/bobimarket.pl\/#organization"},"potentialAction":[{"@type":"SearchAction","target":{"@type":"EntryPoint","urlTemplate":"https:\/\/bobimarket.pl\/?s={search_term_string}"},"query-input":"required name=search_term_string"}],"inLanguage":"pl-PL"},{"@type":"Organization","@id":"https:\/\/bobimarket.pl\/#organization","name":"BOBIMARKET.pl","url":"https:\/\/bobimarket.pl\/","logo":{"@type":"ImageObject","inLanguage":"pl-PL","@id":"https:\/\/bobimarket.pl\/#\/schema\/logo\/image\/","url":"https:\/\/bobimarket.pl\/wp-content\/uploads\/2021\/11\/slogan.png","contentUrl":"https:\/\/bobimarket.pl\/wp-content\/uploads\/2021\/11\/slogan.png","width":2000,"height":384,"caption":"BOBIMARKET.pl"},"image":{"@id":"https:\/\/bobimarket.pl\/#\/schema\/logo\/image\/"}}]}},"_links":{"self":[{"href":"https:\/\/bobimarket.pl\/index.php\/wp-json\/wp\/v2\/product\/79274"}],"collection":[{"href":"https:\/\/bobimarket.pl\/index.php\/wp-json\/wp\/v2\/product"}],"about":[{"href":"https:\/\/bobimarket.pl\/index.php\/wp-json\/wp\/v2\/types\/product"}],"wp:featuredmedia":[{"embeddable":true,"href":"https:\/\/bobimarket.pl\/index.php\/wp-json\/wp\/v2\/media\/79266"}],"wp:attachment":[{"href":"https:\/\/bobimarket.pl\/index.php\/wp-json\/wp\/v2\/media?parent=79274"}],"wp:term":[{"taxonomy":"product_cat","embeddable":true,"href":"https:\/\/bobimarket.pl\/index.php\/wp-json\/wp\/v2\/product_cat?post=79274"},{"taxonomy":"product_tag","embeddable":true,"href":"https:\/\/bobimarket.pl\/index.php\/wp-json\/wp\/v2\/product_tag?post=79274"}],"curies":[{"name":"wp","href":"https:\/\/api.w.org\/{rel}","templated":true}]}}