{"id":79296,"date":"2023-08-29T14:21:29","date_gmt":"2023-08-29T14:21:29","guid":{"rendered":"https:\/\/bobimarket.pl\/index.php\/produkt\/miska-z-ociekaczem-cedzak-sitko-do-odcedzania-38l\/"},"modified":"2025-02-27T13:20:22","modified_gmt":"2025-02-27T13:20:22","slug":"miska-z-ociekaczem-cedzak-sitko-do-odcedzania-38l","status":"publish","type":"product","link":"https:\/\/bobimarket.pl\/index.php\/produkt\/miska-z-ociekaczem-cedzak-sitko-do-odcedzania-38l\/","title":{"rendered":"MISKA Z OCIEKACZEM CEDZAK SITKO DO ODCEDZANIA 3,8l"},"content":{"rendered":"<section class=\"section\">\n<div class=\"item item-6\">\n<section class=\"image-item\">\n            <img decoding=\"async\" src=\"https:\/\/upload.cdn.baselinker.com\/products\/14476\/110141697.jpeg\" \/><br \/>\n        <\/section>\n<\/p><\/div>\n<div class=\"item item-6\">\n<section class=\"text-item\">\n<h2>CEDZAK MISKA Z OCIEKACZEM SITKO DO ODCEDZANIA 3,8l<\/h2>\n<p><b>Dane techniczne:<\/b><\/p>\n<ul>\n<li>Wymiary dna:<b> 25 x 25 cm<\/b><\/li>\n<li>Wysoko\u015b\u0107: <b>10,5 cm<\/b><\/li>\n<li>Pojemno\u015b\u0107: <b>3,8 l<\/b><\/li>\n<li>Materia\u0142:<b> tworzywo <\/b><\/li>\n<li><b>Nie zawiera Bisfenolu (BPA FREE)!!!<\/b><\/li>\n<\/ul>\n<p><b>Kolory wysy\u0142amy losowo!<\/b><\/p>\n<\/section><\/div>\n<\/section>\n<section class=\"section\">\n<div class=\"item item-6\">\n<section class=\"image-item\">\n            <img decoding=\"async\" src=\"https:\/\/upload.cdn.baselinker.com\/products\/14476\/110141697_1.jpg\" \/><br \/>\n        <\/section>\n<\/p><\/div>\n<div class=\"item item-6\">\n<section class=\"text-item\">\n<p><b>Praktyczny i wielofunkcyjny cedzak, kt\u00f3ry u\u0142atwi prac\u0119 w kuchni!\u00a0 <\/b><\/p>\n<p>Cedzak sk\u0142ada si\u0119 z dw\u00f3ch element\u00f3w: miski oraz ociekacza. Wykonany z wysokiej jako\u015bci tworzywa sztucznego, co b\u0119dzie owocowa\u0142o d\u0142ugim okresem u\u017cytkowania.<\/p>\n<p>Miska i ociekacz tworz\u0105 idealne po\u0142\u0105czenie, ale mog\u0105 by\u0107 u\u017cywane r\u00f3wnie\u017c oddzielnie. Przydadz\u0105 si\u0119\u00a0 podczas przygotowywania potraw lub mycia owoc\u00f3w i warzyw oraz ich osuszania.<\/p>\n<\/section><\/div>\n<\/section>\n<section class=\"section\">\n<div class=\"item item-6\">\n<section class=\"image-item\">\n            <img decoding=\"async\" src=\"https:\/\/upload.cdn.baselinker.com\/products\/14476\/110141697_2.jpeg\" \/><br \/>\n        <\/section>\n<\/p><\/div>\n<div class=\"item item-6\">\n<section class=\"text-item\">\n<p>Cedzak posiada wiele praktycznych zalet, kt\u00f3re sprawi\u0105, \u017ce stanie si\u0119 niezb\u0119dnym elementem wyposa\u017cenia Twojego domu!<\/p>\n<ul>\n<li>Przeznaczony do kontaktu z \u017cywno\u015bci\u0105 (posiada odpowiednie atesty, nie zawiera szkodliwych zwi\u0105zk\u00f3w BPA).<\/li>\n<li>Nie t\u0142ucze si\u0119, jest trwa\u0142y i odporny na uszkodzenia<\/li>\n<li>\u0141atwo si\u0119 czy\u015bci, mo\u017cna go my\u0107 w zmywarce.<\/li>\n<\/ul>\n<\/section><\/div>\n<\/section>\n","protected":false},"excerpt":{"rendered":"<p>CEDZAK MISKA Z OCIEKACZEM SITKO DO ODCEDZANIA 3,8l Dane techniczne: Wymiary dna: 25 x 25 cm Wysoko\u015b\u0107: 10,5 cm Pojemno\u015b\u0107: 3,8 l Materia\u0142: tworzywo Nie zawiera Bisfenolu (BPA FREE)!!! Kolory wysy\u0142amy losowo! Praktyczny i wielofunkcyjny cedzak, kt\u00f3ry u\u0142atwi prac\u0119 w kuchni!\u00a0 Cedzak sk\u0142ada si\u0119 z dw\u00f3ch element\u00f3w: miski oraz ociekacza. Wykonany z wysokiej jako\u015bci tworzywa<br \/><a class=\"more-link\" href=\"https:\/\/bobimarket.pl\/index.php\/produkt\/miska-z-ociekaczem-cedzak-sitko-do-odcedzania-38l\/\"><br \/>\n        Czytaj wi\u0119cej<span class=\"screen-reader-text\"> &#8222;MISKA Z OCIEKACZEM CEDZAK SITKO DO ODCEDZANIA 3,8l&#8221;<\/span><\/a><\/p>\n","protected":false},"featured_media":79292,"template":"","meta":[],"product_cat":[8099],"product_tag":[],"yoast_head":"<!-- This site is optimized with the Yoast SEO plugin v21.0 - https:\/\/yoast.com\/wordpress\/plugins\/seo\/ -->\n<title>MISKA Z OCIEKACZEM CEDZAK SITKO DO ODCEDZANIA 3,8l - BOBIMARKET.pl - Remontuj i urz\u0105dzaj z nami<\/title>\n<meta name=\"robots\" content=\"index, follow, max-snippet:-1, max-image-preview:large, max-video-preview:-1\" \/>\n<link rel=\"canonical\" href=\"https:\/\/bobimarket.pl\/index.php\/produkt\/miska-z-ociekaczem-cedzak-sitko-do-odcedzania-38l\/\" \/>\n<meta property=\"og:locale\" content=\"pl_PL\" \/>\n<meta property=\"og:type\" content=\"article\" \/>\n<meta property=\"og:title\" content=\"MISKA Z OCIEKACZEM CEDZAK SITKO DO ODCEDZANIA 3,8l - BOBIMARKET.pl - Remontuj i urz\u0105dzaj z nami\" \/>\n<meta property=\"og:description\" content=\"CEDZAK MISKA Z OCIEKACZEM SITKO DO ODCEDZANIA 3,8l Dane techniczne: Wymiary dna: 25 x 25 cm Wysoko\u015b\u0107: 10,5 cm Pojemno\u015b\u0107: 3,8 l Materia\u0142: tworzywo Nie zawiera Bisfenolu (BPA FREE)!!! Kolory wysy\u0142amy losowo! Praktyczny i wielofunkcyjny cedzak, kt\u00f3ry u\u0142atwi prac\u0119 w kuchni!\u00a0 Cedzak sk\u0142ada si\u0119 z dw\u00f3ch element\u00f3w: miski oraz ociekacza. Wykonany z wysokiej jako\u015bci tworzywa     Czytaj wi\u0119cej &quot;MISKA Z OCIEKACZEM CEDZAK SITKO DO ODCEDZANIA 3,8l&quot;\" \/>\n<meta property=\"og:url\" content=\"https:\/\/bobimarket.pl\/index.php\/produkt\/miska-z-ociekaczem-cedzak-sitko-do-odcedzania-38l\/\" \/>\n<meta property=\"og:site_name\" content=\"BOBIMARKET.pl - Remontuj i urz\u0105dzaj z nami\" \/>\n<meta property=\"article:modified_time\" content=\"2025-02-27T13:20:22+00:00\" \/>\n<meta property=\"og:image\" content=\"https:\/\/upload.cdn.baselinker.com\/products\/14476\/110141697.jpeg\" \/>\n<meta name=\"twitter:card\" content=\"summary_large_image\" \/>\n<meta name=\"twitter:label1\" content=\"Szacowany czas czytania\" \/>\n\t<meta name=\"twitter:data1\" content=\"1 minuta\" \/>\n<script type=\"application\/ld+json\" class=\"yoast-schema-graph\">{\"@context\":\"https:\/\/schema.org\",\"@graph\":[{\"@type\":\"WebPage\",\"@id\":\"https:\/\/bobimarket.pl\/index.php\/produkt\/miska-z-ociekaczem-cedzak-sitko-do-odcedzania-38l\/\",\"url\":\"https:\/\/bobimarket.pl\/index.php\/produkt\/miska-z-ociekaczem-cedzak-sitko-do-odcedzania-38l\/\",\"name\":\"MISKA Z OCIEKACZEM CEDZAK SITKO DO ODCEDZANIA 3,8l - BOBIMARKET.pl - Remontuj i urz\u0105dzaj z nami\",\"isPartOf\":{\"@id\":\"https:\/\/bobimarket.pl\/#website\"},\"datePublished\":\"2023-08-29T14:21:29+00:00\",\"dateModified\":\"2025-02-27T13:20:22+00:00\",\"breadcrumb\":{\"@id\":\"https:\/\/bobimarket.pl\/index.php\/produkt\/miska-z-ociekaczem-cedzak-sitko-do-odcedzania-38l\/#breadcrumb\"},\"inLanguage\":\"pl-PL\",\"potentialAction\":[{\"@type\":\"ReadAction\",\"target\":[\"https:\/\/bobimarket.pl\/index.php\/produkt\/miska-z-ociekaczem-cedzak-sitko-do-odcedzania-38l\/\"]}]},{\"@type\":\"BreadcrumbList\",\"@id\":\"https:\/\/bobimarket.pl\/index.php\/produkt\/miska-z-ociekaczem-cedzak-sitko-do-odcedzania-38l\/#breadcrumb\",\"itemListElement\":[{\"@type\":\"ListItem\",\"position\":1,\"name\":\"Strona g\u0142\u00f3wna\",\"item\":\"https:\/\/bobimarket.pl\/\"},{\"@type\":\"ListItem\",\"position\":2,\"name\":\"Sklep\",\"item\":\"https:\/\/bobimarket.pl\/index.php\/shop\/\"},{\"@type\":\"ListItem\",\"position\":3,\"name\":\"MISKA Z OCIEKACZEM CEDZAK SITKO DO ODCEDZANIA 3,8l\"}]},{\"@type\":\"WebSite\",\"@id\":\"https:\/\/bobimarket.pl\/#website\",\"url\":\"https:\/\/bobimarket.pl\/\",\"name\":\"BOBIMARKET.pl - Remontuj i urz\u0105dzaj z nami\",\"description\":\"Remontuj i urz\u0105dzaj z nami\",\"publisher\":{\"@id\":\"https:\/\/bobimarket.pl\/#organization\"},\"potentialAction\":[{\"@type\":\"SearchAction\",\"target\":{\"@type\":\"EntryPoint\",\"urlTemplate\":\"https:\/\/bobimarket.pl\/?s={search_term_string}\"},\"query-input\":\"required name=search_term_string\"}],\"inLanguage\":\"pl-PL\"},{\"@type\":\"Organization\",\"@id\":\"https:\/\/bobimarket.pl\/#organization\",\"name\":\"BOBIMARKET.pl\",\"url\":\"https:\/\/bobimarket.pl\/\",\"logo\":{\"@type\":\"ImageObject\",\"inLanguage\":\"pl-PL\",\"@id\":\"https:\/\/bobimarket.pl\/#\/schema\/logo\/image\/\",\"url\":\"https:\/\/bobimarket.pl\/wp-content\/uploads\/2021\/11\/slogan.png\",\"contentUrl\":\"https:\/\/bobimarket.pl\/wp-content\/uploads\/2021\/11\/slogan.png\",\"width\":2000,\"height\":384,\"caption\":\"BOBIMARKET.pl\"},\"image\":{\"@id\":\"https:\/\/bobimarket.pl\/#\/schema\/logo\/image\/\"}}]}<\/script>\n<!-- \/ Yoast SEO plugin. -->","yoast_head_json":{"title":"MISKA Z OCIEKACZEM CEDZAK SITKO DO ODCEDZANIA 3,8l - BOBIMARKET.pl - Remontuj i urz\u0105dzaj z nami","robots":{"index":"index","follow":"follow","max-snippet":"max-snippet:-1","max-image-preview":"max-image-preview:large","max-video-preview":"max-video-preview:-1"},"canonical":"https:\/\/bobimarket.pl\/index.php\/produkt\/miska-z-ociekaczem-cedzak-sitko-do-odcedzania-38l\/","og_locale":"pl_PL","og_type":"article","og_title":"MISKA Z OCIEKACZEM CEDZAK SITKO DO ODCEDZANIA 3,8l - BOBIMARKET.pl - Remontuj i urz\u0105dzaj z nami","og_description":"CEDZAK MISKA Z OCIEKACZEM SITKO DO ODCEDZANIA 3,8l Dane techniczne: Wymiary dna: 25 x 25 cm Wysoko\u015b\u0107: 10,5 cm Pojemno\u015b\u0107: 3,8 l Materia\u0142: tworzywo Nie zawiera Bisfenolu (BPA FREE)!!! Kolory wysy\u0142amy losowo! Praktyczny i wielofunkcyjny cedzak, kt\u00f3ry u\u0142atwi prac\u0119 w kuchni!\u00a0 Cedzak sk\u0142ada si\u0119 z dw\u00f3ch element\u00f3w: miski oraz ociekacza. Wykonany z wysokiej jako\u015bci tworzywa     Czytaj wi\u0119cej \"MISKA Z OCIEKACZEM CEDZAK SITKO DO ODCEDZANIA 3,8l\"","og_url":"https:\/\/bobimarket.pl\/index.php\/produkt\/miska-z-ociekaczem-cedzak-sitko-do-odcedzania-38l\/","og_site_name":"BOBIMARKET.pl - Remontuj i urz\u0105dzaj z nami","article_modified_time":"2025-02-27T13:20:22+00:00","og_image":[{"url":"https:\/\/upload.cdn.baselinker.com\/products\/14476\/110141697.jpeg"}],"twitter_card":"summary_large_image","twitter_misc":{"Szacowany czas czytania":"1 minuta"},"schema":{"@context":"https:\/\/schema.org","@graph":[{"@type":"WebPage","@id":"https:\/\/bobimarket.pl\/index.php\/produkt\/miska-z-ociekaczem-cedzak-sitko-do-odcedzania-38l\/","url":"https:\/\/bobimarket.pl\/index.php\/produkt\/miska-z-ociekaczem-cedzak-sitko-do-odcedzania-38l\/","name":"MISKA Z OCIEKACZEM CEDZAK SITKO DO ODCEDZANIA 3,8l - BOBIMARKET.pl - Remontuj i urz\u0105dzaj z nami","isPartOf":{"@id":"https:\/\/bobimarket.pl\/#website"},"datePublished":"2023-08-29T14:21:29+00:00","dateModified":"2025-02-27T13:20:22+00:00","breadcrumb":{"@id":"https:\/\/bobimarket.pl\/index.php\/produkt\/miska-z-ociekaczem-cedzak-sitko-do-odcedzania-38l\/#breadcrumb"},"inLanguage":"pl-PL","potentialAction":[{"@type":"ReadAction","target":["https:\/\/bobimarket.pl\/index.php\/produkt\/miska-z-ociekaczem-cedzak-sitko-do-odcedzania-38l\/"]}]},{"@type":"BreadcrumbList","@id":"https:\/\/bobimarket.pl\/index.php\/produkt\/miska-z-ociekaczem-cedzak-sitko-do-odcedzania-38l\/#breadcrumb","itemListElement":[{"@type":"ListItem","position":1,"name":"Strona g\u0142\u00f3wna","item":"https:\/\/bobimarket.pl\/"},{"@type":"ListItem","position":2,"name":"Sklep","item":"https:\/\/bobimarket.pl\/index.php\/shop\/"},{"@type":"ListItem","position":3,"name":"MISKA Z OCIEKACZEM CEDZAK SITKO DO ODCEDZANIA 3,8l"}]},{"@type":"WebSite","@id":"https:\/\/bobimarket.pl\/#website","url":"https:\/\/bobimarket.pl\/","name":"BOBIMARKET.pl - Remontuj i urz\u0105dzaj z nami","description":"Remontuj i urz\u0105dzaj z nami","publisher":{"@id":"https:\/\/bobimarket.pl\/#organization"},"potentialAction":[{"@type":"SearchAction","target":{"@type":"EntryPoint","urlTemplate":"https:\/\/bobimarket.pl\/?s={search_term_string}"},"query-input":"required name=search_term_string"}],"inLanguage":"pl-PL"},{"@type":"Organization","@id":"https:\/\/bobimarket.pl\/#organization","name":"BOBIMARKET.pl","url":"https:\/\/bobimarket.pl\/","logo":{"@type":"ImageObject","inLanguage":"pl-PL","@id":"https:\/\/bobimarket.pl\/#\/schema\/logo\/image\/","url":"https:\/\/bobimarket.pl\/wp-content\/uploads\/2021\/11\/slogan.png","contentUrl":"https:\/\/bobimarket.pl\/wp-content\/uploads\/2021\/11\/slogan.png","width":2000,"height":384,"caption":"BOBIMARKET.pl"},"image":{"@id":"https:\/\/bobimarket.pl\/#\/schema\/logo\/image\/"}}]}},"_links":{"self":[{"href":"https:\/\/bobimarket.pl\/index.php\/wp-json\/wp\/v2\/product\/79296"}],"collection":[{"href":"https:\/\/bobimarket.pl\/index.php\/wp-json\/wp\/v2\/product"}],"about":[{"href":"https:\/\/bobimarket.pl\/index.php\/wp-json\/wp\/v2\/types\/product"}],"wp:featuredmedia":[{"embeddable":true,"href":"https:\/\/bobimarket.pl\/index.php\/wp-json\/wp\/v2\/media\/79292"}],"wp:attachment":[{"href":"https:\/\/bobimarket.pl\/index.php\/wp-json\/wp\/v2\/media?parent=79296"}],"wp:term":[{"taxonomy":"product_cat","embeddable":true,"href":"https:\/\/bobimarket.pl\/index.php\/wp-json\/wp\/v2\/product_cat?post=79296"},{"taxonomy":"product_tag","embeddable":true,"href":"https:\/\/bobimarket.pl\/index.php\/wp-json\/wp\/v2\/product_tag?post=79296"}],"curies":[{"name":"wp","href":"https:\/\/api.w.org\/{rel}","templated":true}]}}