{"id":79324,"date":"2023-08-29T14:23:55","date_gmt":"2023-08-29T14:23:55","guid":{"rendered":"https:\/\/bobimarket.pl\/index.php\/produkt\/pojemnik-na-proszek-detergenty-kapsulki-pokrywa-6l\/"},"modified":"2025-02-27T13:20:43","modified_gmt":"2025-02-27T13:20:43","slug":"pojemnik-na-proszek-detergenty-kapsulki-pokrywa-6l","status":"publish","type":"product","link":"https:\/\/bobimarket.pl\/index.php\/produkt\/pojemnik-na-proszek-detergenty-kapsulki-pokrywa-6l\/","title":{"rendered":"POJEMNIK NA PROSZEK DETERGENTY KAPSU\u0141KI POKRYWA 6L"},"content":{"rendered":"<section class=\"section\">\n<div class=\"item item-12\">\n<section class=\"text-item\">\n<h2>POJEMNIK NA PROSZEK DETERGENTY KAPSU\u0141KI POKRYWA 6L<\/h2>\n<p><b>Dane techniczne:<\/b><\/p>\n<ul>\n<li>Szeroko\u015b\u0107: <b>18 cm<\/b><\/li>\n<li>D\u0142ugo\u015b\u0107: <b>23 cm<\/b><\/li>\n<li>Wysoko\u015b\u0107: <b>24 cm<\/b><\/li>\n<li>Pojemno\u015b\u0107:<b> 6 L<\/b><\/li>\n<\/ul>\n<\/section><\/div>\n<\/section>\n<section class=\"section\">\n<div class=\"item item-12\">\n<section class=\"image-item\">\n            <img decoding=\"async\" src=\"https:\/\/upload.cdn.baselinker.com\/products\/14476\/112154385.jpg\"><br \/>\n        <\/section>\n<\/p><\/div>\n<\/section>\n<section class=\"section\">\n<div class=\"item item-12\">\n<section class=\"text-item\">\n<p><b>Pojemnik na detergenty z kolorowym nadrukiem pralki!<\/b><\/p>\n<p>Pojemny i funkcjonalny pojemnik przeznaczony do przechowywania detergent\u00f3w. Wykonany z wysokiej jako\u015bci tworzywa, co b\u0119dzie owocowa\u0142o d\u0142ugim okresem u\u017cytkowania.\u00a0<\/p>\n<ul>\n<li>Pojemnik posiada pokryw\u0119, kt\u00f3ra zapobiega rozsypywaniu si\u0119 zawarto\u015bci oraz chroni przed dostawaniem si\u0119 wilgoci wewn\u0105trz pude\u0142ka.<\/li>\n<li>Dodatkowo wyposa\u017cony w uchwyt u\u0142atwiaj\u0105cy przenoszenie z miejsca na miejsce.<\/li>\n<\/ul>\n<\/section><\/div>\n<\/section>\n<section class=\"section\">\n<div class=\"item item-12\">\n<section class=\"image-item\">\n            <img decoding=\"async\" src=\"https:\/\/upload.cdn.baselinker.com\/products\/14476\/112154385.jpg\"><br \/>\n        <\/section>\n<\/p><\/div>\n<\/section>\n<section class=\"section\">\n<div class=\"item item-12\">\n<section class=\"text-item\">\n<p>Pojemnik w \u0142atwy spos\u00f3b pozwoli Ci zachowa\u0107 porz\u0105dek w \u0142azience.<\/p>\n<p><b>\u2705 Idealnie nadaje si\u0119 do przechowywania:<\/b><\/p>\n<ul>\n<li>proszku lub kapsu\u0142ek do prania<\/li>\n<li>detergent\u00f3w<\/li>\n<li>sprawdzi si\u0119 r\u00f3wnie\u017c do przechowywania r\u00f3\u017cnego rodzaju drobiazg\u00f3w np. spinaczy<\/li>\n<\/ul>\n<p><b>\u2705 Zalety pojemnika:<\/b><\/p>\n<ul>\n<li>Lekki i por\u0119czny<\/li>\n<li>\u0141atwy do utrzymania w czysto\u015bci<\/li>\n<li>Prze\u017aroczysty, \u0142atwo mo\u017cna kontrolowa\u0107 jego zawarto\u015b\u0107<\/li>\n<li>Jest trwa\u0142e i odporne na uszkodzenia.<\/li>\n<\/ul>\n<\/section><\/div>\n<\/section>\n<section class=\"section\">\n<div class=\"item item-12\">\n<section class=\"image-item\">\n            <img decoding=\"async\" src=\"https:\/\/upload.cdn.baselinker.com\/products\/14476\/112154385.jpg\"><br \/>\n        <\/section>\n<\/p><\/div>\n<\/section>\n","protected":false},"excerpt":{"rendered":"<p>POJEMNIK NA PROSZEK DETERGENTY KAPSU\u0141KI POKRYWA 6L Dane techniczne: Szeroko\u015b\u0107: 18 cm D\u0142ugo\u015b\u0107: 23 cm Wysoko\u015b\u0107: 24 cm Pojemno\u015b\u0107: 6 L Pojemnik na detergenty z kolorowym nadrukiem pralki! Pojemny i funkcjonalny pojemnik przeznaczony do przechowywania detergent\u00f3w. Wykonany z wysokiej jako\u015bci tworzywa, co b\u0119dzie owocowa\u0142o d\u0142ugim okresem u\u017cytkowania.\u00a0 Pojemnik posiada pokryw\u0119, kt\u00f3ra zapobiega rozsypywaniu si\u0119 zawarto\u015bci<br \/><a class=\"more-link\" href=\"https:\/\/bobimarket.pl\/index.php\/produkt\/pojemnik-na-proszek-detergenty-kapsulki-pokrywa-6l\/\"><br \/>\n        Czytaj wi\u0119cej<span class=\"screen-reader-text\"> &#8222;POJEMNIK NA PROSZEK DETERGENTY KAPSU\u0141KI POKRYWA 6L&#8221;<\/span><\/a><\/p>\n","protected":false},"featured_media":79323,"template":"","meta":[],"product_cat":[8070],"product_tag":[],"yoast_head":"<!-- This site is optimized with the Yoast SEO plugin v21.0 - https:\/\/yoast.com\/wordpress\/plugins\/seo\/ -->\n<title>POJEMNIK NA PROSZEK DETERGENTY KAPSU\u0141KI POKRYWA 6L - BOBIMARKET.pl - Remontuj i urz\u0105dzaj z nami<\/title>\n<meta name=\"robots\" content=\"index, follow, max-snippet:-1, max-image-preview:large, max-video-preview:-1\" \/>\n<link rel=\"canonical\" href=\"https:\/\/bobimarket.pl\/index.php\/produkt\/pojemnik-na-proszek-detergenty-kapsulki-pokrywa-6l\/\" \/>\n<meta property=\"og:locale\" content=\"pl_PL\" \/>\n<meta property=\"og:type\" content=\"article\" \/>\n<meta property=\"og:title\" content=\"POJEMNIK NA PROSZEK DETERGENTY KAPSU\u0141KI POKRYWA 6L - BOBIMARKET.pl - Remontuj i urz\u0105dzaj z nami\" \/>\n<meta property=\"og:description\" content=\"POJEMNIK NA PROSZEK DETERGENTY KAPSU\u0141KI POKRYWA 6L Dane techniczne: Szeroko\u015b\u0107: 18 cm D\u0142ugo\u015b\u0107: 23 cm Wysoko\u015b\u0107: 24 cm Pojemno\u015b\u0107: 6 L Pojemnik na detergenty z kolorowym nadrukiem pralki! Pojemny i funkcjonalny pojemnik przeznaczony do przechowywania detergent\u00f3w. Wykonany z wysokiej jako\u015bci tworzywa, co b\u0119dzie owocowa\u0142o d\u0142ugim okresem u\u017cytkowania.\u00a0 Pojemnik posiada pokryw\u0119, kt\u00f3ra zapobiega rozsypywaniu si\u0119 zawarto\u015bci     Czytaj wi\u0119cej &quot;POJEMNIK NA PROSZEK DETERGENTY KAPSU\u0141KI POKRYWA 6L&quot;\" \/>\n<meta property=\"og:url\" content=\"https:\/\/bobimarket.pl\/index.php\/produkt\/pojemnik-na-proszek-detergenty-kapsulki-pokrywa-6l\/\" \/>\n<meta property=\"og:site_name\" content=\"BOBIMARKET.pl - Remontuj i urz\u0105dzaj z nami\" \/>\n<meta property=\"article:modified_time\" content=\"2025-02-27T13:20:43+00:00\" \/>\n<meta property=\"og:image\" content=\"https:\/\/upload.cdn.baselinker.com\/products\/14476\/112154385.jpg\" \/>\n<meta name=\"twitter:card\" content=\"summary_large_image\" \/>\n<meta name=\"twitter:label1\" content=\"Szacowany czas czytania\" \/>\n\t<meta name=\"twitter:data1\" content=\"1 minuta\" \/>\n<script type=\"application\/ld+json\" class=\"yoast-schema-graph\">{\"@context\":\"https:\/\/schema.org\",\"@graph\":[{\"@type\":\"WebPage\",\"@id\":\"https:\/\/bobimarket.pl\/index.php\/produkt\/pojemnik-na-proszek-detergenty-kapsulki-pokrywa-6l\/\",\"url\":\"https:\/\/bobimarket.pl\/index.php\/produkt\/pojemnik-na-proszek-detergenty-kapsulki-pokrywa-6l\/\",\"name\":\"POJEMNIK NA PROSZEK DETERGENTY KAPSU\u0141KI POKRYWA 6L - BOBIMARKET.pl - Remontuj i urz\u0105dzaj z nami\",\"isPartOf\":{\"@id\":\"https:\/\/bobimarket.pl\/#website\"},\"datePublished\":\"2023-08-29T14:23:55+00:00\",\"dateModified\":\"2025-02-27T13:20:43+00:00\",\"breadcrumb\":{\"@id\":\"https:\/\/bobimarket.pl\/index.php\/produkt\/pojemnik-na-proszek-detergenty-kapsulki-pokrywa-6l\/#breadcrumb\"},\"inLanguage\":\"pl-PL\",\"potentialAction\":[{\"@type\":\"ReadAction\",\"target\":[\"https:\/\/bobimarket.pl\/index.php\/produkt\/pojemnik-na-proszek-detergenty-kapsulki-pokrywa-6l\/\"]}]},{\"@type\":\"BreadcrumbList\",\"@id\":\"https:\/\/bobimarket.pl\/index.php\/produkt\/pojemnik-na-proszek-detergenty-kapsulki-pokrywa-6l\/#breadcrumb\",\"itemListElement\":[{\"@type\":\"ListItem\",\"position\":1,\"name\":\"Strona g\u0142\u00f3wna\",\"item\":\"https:\/\/bobimarket.pl\/\"},{\"@type\":\"ListItem\",\"position\":2,\"name\":\"Sklep\",\"item\":\"https:\/\/bobimarket.pl\/index.php\/shop\/\"},{\"@type\":\"ListItem\",\"position\":3,\"name\":\"POJEMNIK NA PROSZEK DETERGENTY KAPSU\u0141KI POKRYWA 6L\"}]},{\"@type\":\"WebSite\",\"@id\":\"https:\/\/bobimarket.pl\/#website\",\"url\":\"https:\/\/bobimarket.pl\/\",\"name\":\"BOBIMARKET.pl - Remontuj i urz\u0105dzaj z nami\",\"description\":\"Remontuj i urz\u0105dzaj z nami\",\"publisher\":{\"@id\":\"https:\/\/bobimarket.pl\/#organization\"},\"potentialAction\":[{\"@type\":\"SearchAction\",\"target\":{\"@type\":\"EntryPoint\",\"urlTemplate\":\"https:\/\/bobimarket.pl\/?s={search_term_string}\"},\"query-input\":\"required name=search_term_string\"}],\"inLanguage\":\"pl-PL\"},{\"@type\":\"Organization\",\"@id\":\"https:\/\/bobimarket.pl\/#organization\",\"name\":\"BOBIMARKET.pl\",\"url\":\"https:\/\/bobimarket.pl\/\",\"logo\":{\"@type\":\"ImageObject\",\"inLanguage\":\"pl-PL\",\"@id\":\"https:\/\/bobimarket.pl\/#\/schema\/logo\/image\/\",\"url\":\"https:\/\/bobimarket.pl\/wp-content\/uploads\/2021\/11\/slogan.png\",\"contentUrl\":\"https:\/\/bobimarket.pl\/wp-content\/uploads\/2021\/11\/slogan.png\",\"width\":2000,\"height\":384,\"caption\":\"BOBIMARKET.pl\"},\"image\":{\"@id\":\"https:\/\/bobimarket.pl\/#\/schema\/logo\/image\/\"}}]}<\/script>\n<!-- \/ Yoast SEO plugin. -->","yoast_head_json":{"title":"POJEMNIK NA PROSZEK DETERGENTY KAPSU\u0141KI POKRYWA 6L - BOBIMARKET.pl - Remontuj i urz\u0105dzaj z nami","robots":{"index":"index","follow":"follow","max-snippet":"max-snippet:-1","max-image-preview":"max-image-preview:large","max-video-preview":"max-video-preview:-1"},"canonical":"https:\/\/bobimarket.pl\/index.php\/produkt\/pojemnik-na-proszek-detergenty-kapsulki-pokrywa-6l\/","og_locale":"pl_PL","og_type":"article","og_title":"POJEMNIK NA PROSZEK DETERGENTY KAPSU\u0141KI POKRYWA 6L - BOBIMARKET.pl - Remontuj i urz\u0105dzaj z nami","og_description":"POJEMNIK NA PROSZEK DETERGENTY KAPSU\u0141KI POKRYWA 6L Dane techniczne: Szeroko\u015b\u0107: 18 cm D\u0142ugo\u015b\u0107: 23 cm Wysoko\u015b\u0107: 24 cm Pojemno\u015b\u0107: 6 L Pojemnik na detergenty z kolorowym nadrukiem pralki! Pojemny i funkcjonalny pojemnik przeznaczony do przechowywania detergent\u00f3w. Wykonany z wysokiej jako\u015bci tworzywa, co b\u0119dzie owocowa\u0142o d\u0142ugim okresem u\u017cytkowania.\u00a0 Pojemnik posiada pokryw\u0119, kt\u00f3ra zapobiega rozsypywaniu si\u0119 zawarto\u015bci     Czytaj wi\u0119cej \"POJEMNIK NA PROSZEK DETERGENTY KAPSU\u0141KI POKRYWA 6L\"","og_url":"https:\/\/bobimarket.pl\/index.php\/produkt\/pojemnik-na-proszek-detergenty-kapsulki-pokrywa-6l\/","og_site_name":"BOBIMARKET.pl - Remontuj i urz\u0105dzaj z nami","article_modified_time":"2025-02-27T13:20:43+00:00","og_image":[{"url":"https:\/\/upload.cdn.baselinker.com\/products\/14476\/112154385.jpg"}],"twitter_card":"summary_large_image","twitter_misc":{"Szacowany czas czytania":"1 minuta"},"schema":{"@context":"https:\/\/schema.org","@graph":[{"@type":"WebPage","@id":"https:\/\/bobimarket.pl\/index.php\/produkt\/pojemnik-na-proszek-detergenty-kapsulki-pokrywa-6l\/","url":"https:\/\/bobimarket.pl\/index.php\/produkt\/pojemnik-na-proszek-detergenty-kapsulki-pokrywa-6l\/","name":"POJEMNIK NA PROSZEK DETERGENTY KAPSU\u0141KI POKRYWA 6L - BOBIMARKET.pl - Remontuj i urz\u0105dzaj z nami","isPartOf":{"@id":"https:\/\/bobimarket.pl\/#website"},"datePublished":"2023-08-29T14:23:55+00:00","dateModified":"2025-02-27T13:20:43+00:00","breadcrumb":{"@id":"https:\/\/bobimarket.pl\/index.php\/produkt\/pojemnik-na-proszek-detergenty-kapsulki-pokrywa-6l\/#breadcrumb"},"inLanguage":"pl-PL","potentialAction":[{"@type":"ReadAction","target":["https:\/\/bobimarket.pl\/index.php\/produkt\/pojemnik-na-proszek-detergenty-kapsulki-pokrywa-6l\/"]}]},{"@type":"BreadcrumbList","@id":"https:\/\/bobimarket.pl\/index.php\/produkt\/pojemnik-na-proszek-detergenty-kapsulki-pokrywa-6l\/#breadcrumb","itemListElement":[{"@type":"ListItem","position":1,"name":"Strona g\u0142\u00f3wna","item":"https:\/\/bobimarket.pl\/"},{"@type":"ListItem","position":2,"name":"Sklep","item":"https:\/\/bobimarket.pl\/index.php\/shop\/"},{"@type":"ListItem","position":3,"name":"POJEMNIK NA PROSZEK DETERGENTY KAPSU\u0141KI POKRYWA 6L"}]},{"@type":"WebSite","@id":"https:\/\/bobimarket.pl\/#website","url":"https:\/\/bobimarket.pl\/","name":"BOBIMARKET.pl - Remontuj i urz\u0105dzaj z nami","description":"Remontuj i urz\u0105dzaj z nami","publisher":{"@id":"https:\/\/bobimarket.pl\/#organization"},"potentialAction":[{"@type":"SearchAction","target":{"@type":"EntryPoint","urlTemplate":"https:\/\/bobimarket.pl\/?s={search_term_string}"},"query-input":"required name=search_term_string"}],"inLanguage":"pl-PL"},{"@type":"Organization","@id":"https:\/\/bobimarket.pl\/#organization","name":"BOBIMARKET.pl","url":"https:\/\/bobimarket.pl\/","logo":{"@type":"ImageObject","inLanguage":"pl-PL","@id":"https:\/\/bobimarket.pl\/#\/schema\/logo\/image\/","url":"https:\/\/bobimarket.pl\/wp-content\/uploads\/2021\/11\/slogan.png","contentUrl":"https:\/\/bobimarket.pl\/wp-content\/uploads\/2021\/11\/slogan.png","width":2000,"height":384,"caption":"BOBIMARKET.pl"},"image":{"@id":"https:\/\/bobimarket.pl\/#\/schema\/logo\/image\/"}}]}},"_links":{"self":[{"href":"https:\/\/bobimarket.pl\/index.php\/wp-json\/wp\/v2\/product\/79324"}],"collection":[{"href":"https:\/\/bobimarket.pl\/index.php\/wp-json\/wp\/v2\/product"}],"about":[{"href":"https:\/\/bobimarket.pl\/index.php\/wp-json\/wp\/v2\/types\/product"}],"wp:featuredmedia":[{"embeddable":true,"href":"https:\/\/bobimarket.pl\/index.php\/wp-json\/wp\/v2\/media\/79323"}],"wp:attachment":[{"href":"https:\/\/bobimarket.pl\/index.php\/wp-json\/wp\/v2\/media?parent=79324"}],"wp:term":[{"taxonomy":"product_cat","embeddable":true,"href":"https:\/\/bobimarket.pl\/index.php\/wp-json\/wp\/v2\/product_cat?post=79324"},{"taxonomy":"product_tag","embeddable":true,"href":"https:\/\/bobimarket.pl\/index.php\/wp-json\/wp\/v2\/product_tag?post=79324"}],"curies":[{"name":"wp","href":"https:\/\/api.w.org\/{rel}","templated":true}]}}