{"id":79330,"date":"2023-08-29T14:24:14","date_gmt":"2023-08-29T14:24:14","guid":{"rendered":"https:\/\/bobimarket.pl\/index.php\/produkt\/stolek-taboret-skladany-krzeselko-podest-150-kg\/"},"modified":"2025-02-27T13:20:47","modified_gmt":"2025-02-27T13:20:47","slug":"stolek-taboret-skladany-krzeselko-podest-150-kg","status":"publish","type":"product","link":"https:\/\/bobimarket.pl\/index.php\/produkt\/stolek-taboret-skladany-krzeselko-podest-150-kg\/","title":{"rendered":"STO\u0141EK TABORET SK\u0141ADANY KRZESE\u0141KO PODEST 150 kg"},"content":{"rendered":"<section class=\"section\">\n<div class=\"item item-6\">\n<section class=\"image-item\">\n            <img decoding=\"async\" src=\"https:\/\/upload.cdn.baselinker.com\/products\/14476\/44d823e45d6946c4a32d53bb59fcb8ea.jpg\" \/><br \/>\n        <\/section>\n<\/p><\/div>\n<div class=\"item item-6\">\n<section class=\"text-item\">\n<h2>STO\u0141EK TABORET SK\u0141ADANY KRZESE\u0141KO PODEST 150 kg\u00a0<\/h2>\n<p><b>Dane techniczne:<\/b><\/p>\n<ul>\n<li><b>Wysoko\u015b\u0107:<\/b>\u00a0 45 cm ( taboret roz\u0142o\u017cony)\u00a0<\/li>\n<li><b>Wysoko\u015b\u0107:<\/b>\u00a0 57 cm ( taboret z\u0142o\u017cony)<\/li>\n<li><b>Wymiary siedziska:<\/b>\u00a0 23 cm x 27cm<\/li>\n<li><b>Rozstaw n\u00f3g<\/b>:\u00a0 32 cm x\u00a0 36 cm\u00a0<\/li>\n<li><b>Max. obci\u0105zenie:<\/b> 150 kg<\/li>\n<\/ul>\n<h2>Uwaga! Dost\u0119pne kolory:<\/h2>\n<ul>\n<li><b>ca\u0142y podest szary<\/b><\/li>\n<li><b>ca\u0142y podest bia\u0142y <\/b><\/li>\n<\/ul>\n<\/section><\/div>\n<\/section>\n<section class=\"section\">\n<div class=\"item item-6\">\n<section class=\"image-item\">\n            <img decoding=\"async\" src=\"https:\/\/upload.cdn.baselinker.com\/products\/14476\/112323667_2.jpg\" \/><br \/>\n        <\/section>\n<\/p><\/div>\n<div class=\"item item-6\">\n<section class=\"text-item\">\n<p>Wygodny i wytrzyma\u0142y sk\u0142adany taboret. Wykonany z wysokiej jako\u015bci tworzywa sztucznego. Idealnie sprawdzi si\u0119 jako taboret, krzese\u0142ko lub podest.<\/p>\n<ul>\n<li>Szeroki nogi zapewniaj\u0105 stabilno\u015b\u0107\u00a0<\/li>\n<li>Lekki, praktyczny i wygodny<\/li>\n<li>\u0141atwy do przenoszenia, posiada uchwyt<\/li>\n<li>Minimalistyczny design<\/li>\n<\/ul>\n<\/section><\/div>\n<\/section>\n<section class=\"section\">\n<div class=\"item item-6\">\n<section class=\"image-item\">\n            <img decoding=\"async\" src=\"https:\/\/upload.cdn.baselinker.com\/products\/14476\/44d823e45d6946c4a32d53bb59fcb8ea.jpg\" \/><br \/>\n        <\/section>\n<\/p><\/div>\n<div class=\"item item-6\">\n<section class=\"text-item\">\n<p>\u2705 Praktyczny element wyposa\u017cenia ka\u017cdego domu i nie tylko. Taboret mo\u017cna szybko roz\u0142o\u017cy\u0107 i z\u0142o\u017cy\u0107. Jest \u0142atwy w przechowywaniu i zajmuje ma\u0142o miejsca. Posiada uchwyt u\u0142atwiaj\u0105cy przenoszenie. Samo krzese\u0142ko jest lekkie, ale jego max. obci\u0105\u017cenie wynosi 150 kg. Idealnie sprawdzi si\u0119:\u00a0<\/p>\n<ul>\n<li>w domu<\/li>\n<li>na rybach<\/li>\n<li>w gara\u017cu<\/li>\n<li>na biwaku itp.\u00a0<\/li>\n<\/ul>\n<\/section><\/div>\n<\/section>\n","protected":false},"excerpt":{"rendered":"<p>STO\u0141EK TABORET SK\u0141ADANY KRZESE\u0141KO PODEST 150 kg\u00a0 Dane techniczne: Wysoko\u015b\u0107:\u00a0 45 cm ( taboret roz\u0142o\u017cony)\u00a0 Wysoko\u015b\u0107:\u00a0 57 cm ( taboret z\u0142o\u017cony) Wymiary siedziska:\u00a0 23 cm x 27cm Rozstaw n\u00f3g:\u00a0 32 cm x\u00a0 36 cm\u00a0 Max. obci\u0105zenie: 150 kg Uwaga! Dost\u0119pne kolory: ca\u0142y podest szary ca\u0142y podest bia\u0142y Wygodny i wytrzyma\u0142y sk\u0142adany taboret. Wykonany z wysokiej<br \/><a class=\"more-link\" href=\"https:\/\/bobimarket.pl\/index.php\/produkt\/stolek-taboret-skladany-krzeselko-podest-150-kg\/\"><br \/>\n        Czytaj wi\u0119cej<span class=\"screen-reader-text\"> &#8222;STO\u0141EK TABORET SK\u0141ADANY KRZESE\u0141KO PODEST 150 kg&#8221;<\/span><\/a><\/p>\n","protected":false},"featured_media":79325,"template":"","meta":[],"product_cat":[8102],"product_tag":[],"yoast_head":"<!-- This site is optimized with the Yoast SEO plugin v21.0 - https:\/\/yoast.com\/wordpress\/plugins\/seo\/ -->\n<title>STO\u0141EK TABORET SK\u0141ADANY KRZESE\u0141KO PODEST 150 kg - BOBIMARKET.pl - Remontuj i urz\u0105dzaj z nami<\/title>\n<meta name=\"robots\" content=\"index, follow, max-snippet:-1, max-image-preview:large, max-video-preview:-1\" \/>\n<link rel=\"canonical\" href=\"https:\/\/bobimarket.pl\/index.php\/produkt\/stolek-taboret-skladany-krzeselko-podest-150-kg\/\" \/>\n<meta property=\"og:locale\" content=\"pl_PL\" \/>\n<meta property=\"og:type\" content=\"article\" \/>\n<meta property=\"og:title\" content=\"STO\u0141EK TABORET SK\u0141ADANY KRZESE\u0141KO PODEST 150 kg - BOBIMARKET.pl - Remontuj i urz\u0105dzaj z nami\" \/>\n<meta property=\"og:description\" content=\"STO\u0141EK TABORET SK\u0141ADANY KRZESE\u0141KO PODEST 150 kg\u00a0 Dane techniczne: Wysoko\u015b\u0107:\u00a0 45 cm ( taboret roz\u0142o\u017cony)\u00a0 Wysoko\u015b\u0107:\u00a0 57 cm ( taboret z\u0142o\u017cony) Wymiary siedziska:\u00a0 23 cm x 27cm Rozstaw n\u00f3g:\u00a0 32 cm x\u00a0 36 cm\u00a0 Max. obci\u0105zenie: 150 kg Uwaga! Dost\u0119pne kolory: ca\u0142y podest szary ca\u0142y podest bia\u0142y Wygodny i wytrzyma\u0142y sk\u0142adany taboret. Wykonany z wysokiej     Czytaj wi\u0119cej &quot;STO\u0141EK TABORET SK\u0141ADANY KRZESE\u0141KO PODEST 150 kg&quot;\" \/>\n<meta property=\"og:url\" content=\"https:\/\/bobimarket.pl\/index.php\/produkt\/stolek-taboret-skladany-krzeselko-podest-150-kg\/\" \/>\n<meta property=\"og:site_name\" content=\"BOBIMARKET.pl - Remontuj i urz\u0105dzaj z nami\" \/>\n<meta property=\"article:modified_time\" content=\"2025-02-27T13:20:47+00:00\" \/>\n<meta property=\"og:image\" content=\"https:\/\/upload.cdn.baselinker.com\/products\/14476\/44d823e45d6946c4a32d53bb59fcb8ea.jpg\" \/>\n<meta name=\"twitter:card\" content=\"summary_large_image\" \/>\n<meta name=\"twitter:label1\" content=\"Szacowany czas czytania\" \/>\n\t<meta name=\"twitter:data1\" content=\"1 minuta\" \/>\n<script type=\"application\/ld+json\" class=\"yoast-schema-graph\">{\"@context\":\"https:\/\/schema.org\",\"@graph\":[{\"@type\":\"WebPage\",\"@id\":\"https:\/\/bobimarket.pl\/index.php\/produkt\/stolek-taboret-skladany-krzeselko-podest-150-kg\/\",\"url\":\"https:\/\/bobimarket.pl\/index.php\/produkt\/stolek-taboret-skladany-krzeselko-podest-150-kg\/\",\"name\":\"STO\u0141EK TABORET SK\u0141ADANY KRZESE\u0141KO PODEST 150 kg - BOBIMARKET.pl - Remontuj i urz\u0105dzaj z nami\",\"isPartOf\":{\"@id\":\"https:\/\/bobimarket.pl\/#website\"},\"datePublished\":\"2023-08-29T14:24:14+00:00\",\"dateModified\":\"2025-02-27T13:20:47+00:00\",\"breadcrumb\":{\"@id\":\"https:\/\/bobimarket.pl\/index.php\/produkt\/stolek-taboret-skladany-krzeselko-podest-150-kg\/#breadcrumb\"},\"inLanguage\":\"pl-PL\",\"potentialAction\":[{\"@type\":\"ReadAction\",\"target\":[\"https:\/\/bobimarket.pl\/index.php\/produkt\/stolek-taboret-skladany-krzeselko-podest-150-kg\/\"]}]},{\"@type\":\"BreadcrumbList\",\"@id\":\"https:\/\/bobimarket.pl\/index.php\/produkt\/stolek-taboret-skladany-krzeselko-podest-150-kg\/#breadcrumb\",\"itemListElement\":[{\"@type\":\"ListItem\",\"position\":1,\"name\":\"Strona g\u0142\u00f3wna\",\"item\":\"https:\/\/bobimarket.pl\/\"},{\"@type\":\"ListItem\",\"position\":2,\"name\":\"Sklep\",\"item\":\"https:\/\/bobimarket.pl\/index.php\/shop\/\"},{\"@type\":\"ListItem\",\"position\":3,\"name\":\"STO\u0141EK TABORET SK\u0141ADANY KRZESE\u0141KO PODEST 150 kg\"}]},{\"@type\":\"WebSite\",\"@id\":\"https:\/\/bobimarket.pl\/#website\",\"url\":\"https:\/\/bobimarket.pl\/\",\"name\":\"BOBIMARKET.pl - Remontuj i urz\u0105dzaj z nami\",\"description\":\"Remontuj i urz\u0105dzaj z nami\",\"publisher\":{\"@id\":\"https:\/\/bobimarket.pl\/#organization\"},\"potentialAction\":[{\"@type\":\"SearchAction\",\"target\":{\"@type\":\"EntryPoint\",\"urlTemplate\":\"https:\/\/bobimarket.pl\/?s={search_term_string}\"},\"query-input\":\"required name=search_term_string\"}],\"inLanguage\":\"pl-PL\"},{\"@type\":\"Organization\",\"@id\":\"https:\/\/bobimarket.pl\/#organization\",\"name\":\"BOBIMARKET.pl\",\"url\":\"https:\/\/bobimarket.pl\/\",\"logo\":{\"@type\":\"ImageObject\",\"inLanguage\":\"pl-PL\",\"@id\":\"https:\/\/bobimarket.pl\/#\/schema\/logo\/image\/\",\"url\":\"https:\/\/bobimarket.pl\/wp-content\/uploads\/2021\/11\/slogan.png\",\"contentUrl\":\"https:\/\/bobimarket.pl\/wp-content\/uploads\/2021\/11\/slogan.png\",\"width\":2000,\"height\":384,\"caption\":\"BOBIMARKET.pl\"},\"image\":{\"@id\":\"https:\/\/bobimarket.pl\/#\/schema\/logo\/image\/\"}}]}<\/script>\n<!-- \/ Yoast SEO plugin. -->","yoast_head_json":{"title":"STO\u0141EK TABORET SK\u0141ADANY KRZESE\u0141KO PODEST 150 kg - BOBIMARKET.pl - Remontuj i urz\u0105dzaj z nami","robots":{"index":"index","follow":"follow","max-snippet":"max-snippet:-1","max-image-preview":"max-image-preview:large","max-video-preview":"max-video-preview:-1"},"canonical":"https:\/\/bobimarket.pl\/index.php\/produkt\/stolek-taboret-skladany-krzeselko-podest-150-kg\/","og_locale":"pl_PL","og_type":"article","og_title":"STO\u0141EK TABORET SK\u0141ADANY KRZESE\u0141KO PODEST 150 kg - BOBIMARKET.pl - Remontuj i urz\u0105dzaj z nami","og_description":"STO\u0141EK TABORET SK\u0141ADANY KRZESE\u0141KO PODEST 150 kg\u00a0 Dane techniczne: Wysoko\u015b\u0107:\u00a0 45 cm ( taboret roz\u0142o\u017cony)\u00a0 Wysoko\u015b\u0107:\u00a0 57 cm ( taboret z\u0142o\u017cony) Wymiary siedziska:\u00a0 23 cm x 27cm Rozstaw n\u00f3g:\u00a0 32 cm x\u00a0 36 cm\u00a0 Max. obci\u0105zenie: 150 kg Uwaga! Dost\u0119pne kolory: ca\u0142y podest szary ca\u0142y podest bia\u0142y Wygodny i wytrzyma\u0142y sk\u0142adany taboret. Wykonany z wysokiej     Czytaj wi\u0119cej \"STO\u0141EK TABORET SK\u0141ADANY KRZESE\u0141KO PODEST 150 kg\"","og_url":"https:\/\/bobimarket.pl\/index.php\/produkt\/stolek-taboret-skladany-krzeselko-podest-150-kg\/","og_site_name":"BOBIMARKET.pl - Remontuj i urz\u0105dzaj z nami","article_modified_time":"2025-02-27T13:20:47+00:00","og_image":[{"url":"https:\/\/upload.cdn.baselinker.com\/products\/14476\/44d823e45d6946c4a32d53bb59fcb8ea.jpg"}],"twitter_card":"summary_large_image","twitter_misc":{"Szacowany czas czytania":"1 minuta"},"schema":{"@context":"https:\/\/schema.org","@graph":[{"@type":"WebPage","@id":"https:\/\/bobimarket.pl\/index.php\/produkt\/stolek-taboret-skladany-krzeselko-podest-150-kg\/","url":"https:\/\/bobimarket.pl\/index.php\/produkt\/stolek-taboret-skladany-krzeselko-podest-150-kg\/","name":"STO\u0141EK TABORET SK\u0141ADANY KRZESE\u0141KO PODEST 150 kg - BOBIMARKET.pl - Remontuj i urz\u0105dzaj z nami","isPartOf":{"@id":"https:\/\/bobimarket.pl\/#website"},"datePublished":"2023-08-29T14:24:14+00:00","dateModified":"2025-02-27T13:20:47+00:00","breadcrumb":{"@id":"https:\/\/bobimarket.pl\/index.php\/produkt\/stolek-taboret-skladany-krzeselko-podest-150-kg\/#breadcrumb"},"inLanguage":"pl-PL","potentialAction":[{"@type":"ReadAction","target":["https:\/\/bobimarket.pl\/index.php\/produkt\/stolek-taboret-skladany-krzeselko-podest-150-kg\/"]}]},{"@type":"BreadcrumbList","@id":"https:\/\/bobimarket.pl\/index.php\/produkt\/stolek-taboret-skladany-krzeselko-podest-150-kg\/#breadcrumb","itemListElement":[{"@type":"ListItem","position":1,"name":"Strona g\u0142\u00f3wna","item":"https:\/\/bobimarket.pl\/"},{"@type":"ListItem","position":2,"name":"Sklep","item":"https:\/\/bobimarket.pl\/index.php\/shop\/"},{"@type":"ListItem","position":3,"name":"STO\u0141EK TABORET SK\u0141ADANY KRZESE\u0141KO PODEST 150 kg"}]},{"@type":"WebSite","@id":"https:\/\/bobimarket.pl\/#website","url":"https:\/\/bobimarket.pl\/","name":"BOBIMARKET.pl - Remontuj i urz\u0105dzaj z nami","description":"Remontuj i urz\u0105dzaj z nami","publisher":{"@id":"https:\/\/bobimarket.pl\/#organization"},"potentialAction":[{"@type":"SearchAction","target":{"@type":"EntryPoint","urlTemplate":"https:\/\/bobimarket.pl\/?s={search_term_string}"},"query-input":"required name=search_term_string"}],"inLanguage":"pl-PL"},{"@type":"Organization","@id":"https:\/\/bobimarket.pl\/#organization","name":"BOBIMARKET.pl","url":"https:\/\/bobimarket.pl\/","logo":{"@type":"ImageObject","inLanguage":"pl-PL","@id":"https:\/\/bobimarket.pl\/#\/schema\/logo\/image\/","url":"https:\/\/bobimarket.pl\/wp-content\/uploads\/2021\/11\/slogan.png","contentUrl":"https:\/\/bobimarket.pl\/wp-content\/uploads\/2021\/11\/slogan.png","width":2000,"height":384,"caption":"BOBIMARKET.pl"},"image":{"@id":"https:\/\/bobimarket.pl\/#\/schema\/logo\/image\/"}}]}},"_links":{"self":[{"href":"https:\/\/bobimarket.pl\/index.php\/wp-json\/wp\/v2\/product\/79330"}],"collection":[{"href":"https:\/\/bobimarket.pl\/index.php\/wp-json\/wp\/v2\/product"}],"about":[{"href":"https:\/\/bobimarket.pl\/index.php\/wp-json\/wp\/v2\/types\/product"}],"wp:featuredmedia":[{"embeddable":true,"href":"https:\/\/bobimarket.pl\/index.php\/wp-json\/wp\/v2\/media\/79325"}],"wp:attachment":[{"href":"https:\/\/bobimarket.pl\/index.php\/wp-json\/wp\/v2\/media?parent=79330"}],"wp:term":[{"taxonomy":"product_cat","embeddable":true,"href":"https:\/\/bobimarket.pl\/index.php\/wp-json\/wp\/v2\/product_cat?post=79330"},{"taxonomy":"product_tag","embeddable":true,"href":"https:\/\/bobimarket.pl\/index.php\/wp-json\/wp\/v2\/product_tag?post=79330"}],"curies":[{"name":"wp","href":"https:\/\/api.w.org\/{rel}","templated":true}]}}