{"id":79350,"date":"2023-08-29T14:25:48","date_gmt":"2023-08-29T14:25:48","guid":{"rendered":"https:\/\/bobimarket.pl\/index.php\/produkt\/kolo-do-plywania-dmuchane-kolko-dla-dzieci-56-cm\/"},"modified":"2025-02-27T13:21:06","modified_gmt":"2025-02-27T13:21:06","slug":"kolo-do-plywania-dmuchane-kolko-dla-dzieci-56-cm","status":"publish","type":"product","link":"https:\/\/bobimarket.pl\/index.php\/produkt\/kolo-do-plywania-dmuchane-kolko-dla-dzieci-56-cm\/","title":{"rendered":"KO\u0141O DO P\u0141YWANIA DMUCHANE K\u00d3\u0141KO DLA DZIECI 56 cm"},"content":{"rendered":"<section class=\"section\">\n<div class=\"item item-12\">\n<section class=\"text-item\">\n<h2>KO\u0141O DO P\u0141YWANIA DMUCHANE K\u00d3\u0141KO DLA DZIECI 56 cm<\/h2>\n<p><b>Informacje og\u00f3lne:<\/b><\/p>\n<ul>\n<li>\u015arednica: <b>56 cm<\/b><\/li>\n<li>Materia\u0142: <b>PCV<\/b><\/li>\n<li>Wiek:<b> 3-6 lat<\/b><\/li>\n<li>Marka: <b>BESTWAY<\/b><\/li>\n<\/ul>\n<p>\u2705 Na naszych pozosta\u0142ych aukcjach znajdziesz r\u00f3wnie\u017c baseny, k\u00f3\u0142ka, materace do p\u0142ywania i p\u0142ywaczki. Te pla\u017cowe akcesoria razem stworz\u0105\u00a0 idealny wakacyjny zestaw.<\/p>\n<\/section><\/div>\n<\/section>\n<section class=\"section\">\n<div class=\"item item-12\">\n<section class=\"image-item\">\n            <img decoding=\"async\" src=\"https:\/\/upload.cdn.baselinker.com\/products\/14476\/1005062792_3.jpg\" \/><br \/>\n        <\/section>\n<\/p><\/div>\n<\/section>\n<section class=\"section\">\n<div class=\"item item-12\">\n<section class=\"text-item\">\n<h2>P\u0142y\u0144 w stron\u0119 dobrej i bezpiecznej zabawy!<\/h2>\n<p>Kolorowe dmuchane ko\u0142o pla\u017cowe. Wakacyjny gad\u017cet, kt\u00f3ry doskonale sprawdzi si\u0119 podczas upalnych, letnich dni! Idealnie nadaje si\u0119 dla najm\u0142odszych mi\u0142o\u015bnik\u00f3w wodnych zabaw! Nale\u017cy jednak pami\u0119ta\u0107, \u017ce ko\u0142o pe\u0142ni jedynie funkcj\u0119 asekuracyjn\u0105, a dziecko powinno zawsze by\u0107 pod opiek\u0105 doros\u0142ego!<\/p>\n<p>K\u00f3\u0142ko pomo\u017ce maluchowi w nauce p\u0142ywania i oswojeniu si\u0119 z wod\u0105. Sprawdzi si\u0119 r\u00f3wnie\u017c podczas zabawy\u00a0 i relaksu w basenie.<\/p>\n<ul>\n<li>Dmuchane ko\u0142o mo\u017cna ze sob\u0105 zabra\u0107 na <b>wakacyjne wyjazdy<\/b> czy <b>weekendowy wycieczki<\/b>. Zabierz go ze sob\u0105 nad morze, basen lub jezioro.<\/li>\n<li>Pozwala jeszcze bardziej nacieszy\u0107 si\u0119 czasem sp\u0119dzonym nad wod\u0105! Gwarantuje\u00a0<b>dobr\u0105 zabaw\u0119<\/b>\u00a0i mile sp\u0119dzony czas!<\/li>\n<\/ul>\n<\/section><\/div>\n<\/section>\n<section class=\"section\">\n<div class=\"item item-12\">\n<section class=\"image-item\">\n            <img decoding=\"async\" src=\"https:\/\/upload.cdn.baselinker.com\/products\/14476\/1005062792_1.jpg\" \/><br \/>\n        <\/section>\n<\/p><\/div>\n<\/section>\n<section class=\"section\">\n<div class=\"item item-12\">\n<section class=\"text-item\">\n<h2>\u2705\u00a0Komfortowe i bezpieczne!<\/h2>\n<ul>\n<li>Dla wszystkich tych, kt\u00f3rzy chc\u0105, aby dziecko sp\u0119dzi\u0142o przyjemnie czas, ale troszcz\u0105 si\u0119 r\u00f3wnie\u017c o jego bezpiecze\u0144stwo.<\/li>\n<li>Ko\u0142o umo\u017cliwia bezpieczn\u0105 k\u0105piel w morzu, basenie lub jeziorze. Pe\u0142ni funkcj\u0119 asekuracyjn\u0105 dla dziecka.<\/li>\n<li>Idealny do p\u0142ywania i zabawy. Kolorowy wz\u00f3r rozbudza ciekawo\u015b\u0107 i zach\u0119ca co zabawy!<\/li>\n<\/ul>\n<h2>\u2705\u00a0Wytrzyma\u0142e i praktyczne<\/h2>\n<ul>\n<li>Ko\u0142o wykonano z <b>najlepszej jako\u015bci materia\u0142\u00f3w. <\/b>Wyprodukowane z solidnego materia\u0142 PVC, dzi\u0119ki czemu jest wytrzyma\u0142e.<\/li>\n<li>Dmuchane ko\u0142o pla\u017cowe jest\u00a0<b>lekki i \u0142atwe w obs\u0142udze<\/b>. Szybko i bez trudu mo\u017cna je napompowa\u0107 i wypompowa\u0107 z niego powietrze.<\/li>\n<li><b>Nie zajmuje du\u017co miejsca<\/b>\u00a0i mo\u017cna je ze sob\u0105 zabra\u0107 w dowolnie wybran\u0105 lokalizacj\u0119 i cieszy\u0107 si\u0119 urokami lata. A po sko\u0144czonej zabawie spakowa\u0107 do torebki lub plecaka.<\/li>\n<\/ul>\n<\/section><\/div>\n<\/section>\n<section class=\"section\">\n<div class=\"item item-12\">\n<section class=\"image-item\">\n<\/section><\/div>\n<\/section>\n<section class=\"section\">\n<div class=\"item item-12\">\n<section class=\"text-item\">\n<h2>Zabierz go ze sob\u0105 gdzie tylko chcesz!<\/h2>\n<p><b>\u2705 <\/b>Ko\u0142o nadaje si\u0119 na pla\u017ce lub nad jezioro. Doskonale sprawdzi si\u0119 r\u00f3wnie\u017c w basenie ogrodowym.<\/p>\n<p><b>\u2705 <\/b>Pozwoli w pe\u0142ni wykorzysta\u0107 wakacyjn\u0105, s\u0142oneczn\u0105 pogod\u0119. Sprawia, \u017ce maluch ch\u0119tniej sp\u0119dzi czas nad wod\u0105 i b\u0119dzie si\u0119 dobrze bawi\u0142!<\/p>\n<p><b>\u2705 <\/b>Weso\u0142y i kolorowy wz\u00f3r, kt\u00f3ry na pewno przypadnie do gusty najm\u0142odszym. \u00a0<\/p>\n<\/section><\/div>\n<\/section>\n<section class=\"section\">\n<div class=\"item item-12\">\n<section class=\"image-item\">\n            <img decoding=\"async\" src=\"https:\/\/upload.cdn.baselinker.com\/products\/14476\/1005062792_1.jpg\" \/><br \/>\n        <\/section>\n<\/p><\/div>\n<\/section>\n<section class=\"section\">\n<div class=\"item item-12\">\n<section class=\"text-item\">\n<p><b>\u2705 <\/b>Komfort i wygoda u\u017cytkowania zar\u00f3wno dla dziecka jak i rodzica.<\/p>\n<p><b>\u2705 <\/b>K\u00f3\u0142ko charakteryzuje si\u0119 mi\u0119kk\u0105 i delikatn\u0105 powierzchni\u0105.<\/p>\n<p><b>\u2705 <\/b>Wytrzyma\u0142e i solidne.\u00a0 Wykonany z mocnego tworzywa, kt\u00f3re jest odporne na drobne uszkodzenia.<\/p>\n<p><b>\u2705 <\/b>Wysoka jako\u015b\u0107 materia\u0142u oraz wyko\u0144czenia gwarantuj\u0105 satysfakcj\u0119.<\/p>\n<p><b>\u2705 <\/b>Lekkie i por\u0119czne. Wygodne w u\u017cytkowaniu i\u00a0 transporcie.<\/p>\n<h2>Wakacyjny hit! Nie czekaj i ju\u017c dzi\u015b zam\u00f3w dmuchane k\u00f3\u0142ko pla\u017cowe!<\/h2>\n<\/section><\/div>\n<\/section>\n<section class=\"section\">\n<div class=\"item item-12\">\n<section class=\"image-item\">\n            <img decoding=\"async\" src=\"https:\/\/upload.cdn.baselinker.com\/products\/14476\/1005062792_4.jpg\" \/><br \/>\n        <\/section>\n<\/p><\/div>\n<\/section>\n","protected":false},"excerpt":{"rendered":"<p>KO\u0141O DO P\u0141YWANIA DMUCHANE K\u00d3\u0141KO DLA DZIECI 56 cm Informacje og\u00f3lne: \u015arednica: 56 cm Materia\u0142: PCV Wiek: 3-6 lat Marka: BESTWAY \u2705 Na naszych pozosta\u0142ych aukcjach znajdziesz r\u00f3wnie\u017c baseny, k\u00f3\u0142ka, materace do p\u0142ywania i p\u0142ywaczki. Te pla\u017cowe akcesoria razem stworz\u0105\u00a0 idealny wakacyjny zestaw. P\u0142y\u0144 w stron\u0119 dobrej i bezpiecznej zabawy! Kolorowe dmuchane ko\u0142o pla\u017cowe. Wakacyjny<br \/><a class=\"more-link\" href=\"https:\/\/bobimarket.pl\/index.php\/produkt\/kolo-do-plywania-dmuchane-kolko-dla-dzieci-56-cm\/\"><br \/>\n        Czytaj wi\u0119cej<span class=\"screen-reader-text\"> &#8222;KO\u0141O DO P\u0141YWANIA DMUCHANE K\u00d3\u0141KO DLA DZIECI 56 cm&#8221;<\/span><\/a><\/p>\n","protected":false},"featured_media":79346,"template":"","meta":[],"product_cat":[8106],"product_tag":[],"yoast_head":"<!-- This site is optimized with the Yoast SEO plugin v21.0 - https:\/\/yoast.com\/wordpress\/plugins\/seo\/ -->\n<title>KO\u0141O DO P\u0141YWANIA DMUCHANE K\u00d3\u0141KO DLA DZIECI 56 cm - BOBIMARKET.pl - Remontuj i urz\u0105dzaj z nami<\/title>\n<meta name=\"robots\" content=\"index, follow, max-snippet:-1, max-image-preview:large, max-video-preview:-1\" \/>\n<link rel=\"canonical\" href=\"https:\/\/bobimarket.pl\/index.php\/produkt\/kolo-do-plywania-dmuchane-kolko-dla-dzieci-56-cm\/\" \/>\n<meta property=\"og:locale\" content=\"pl_PL\" \/>\n<meta property=\"og:type\" content=\"article\" \/>\n<meta property=\"og:title\" content=\"KO\u0141O DO P\u0141YWANIA DMUCHANE K\u00d3\u0141KO DLA DZIECI 56 cm - BOBIMARKET.pl - Remontuj i urz\u0105dzaj z nami\" \/>\n<meta property=\"og:description\" content=\"KO\u0141O DO P\u0141YWANIA DMUCHANE K\u00d3\u0141KO DLA DZIECI 56 cm Informacje og\u00f3lne: \u015arednica: 56 cm Materia\u0142: PCV Wiek: 3-6 lat Marka: BESTWAY \u2705 Na naszych pozosta\u0142ych aukcjach znajdziesz r\u00f3wnie\u017c baseny, k\u00f3\u0142ka, materace do p\u0142ywania i p\u0142ywaczki. Te pla\u017cowe akcesoria razem stworz\u0105\u00a0 idealny wakacyjny zestaw. P\u0142y\u0144 w stron\u0119 dobrej i bezpiecznej zabawy! Kolorowe dmuchane ko\u0142o pla\u017cowe. Wakacyjny     Czytaj wi\u0119cej &quot;KO\u0141O DO P\u0141YWANIA DMUCHANE K\u00d3\u0141KO DLA DZIECI 56 cm&quot;\" \/>\n<meta property=\"og:url\" content=\"https:\/\/bobimarket.pl\/index.php\/produkt\/kolo-do-plywania-dmuchane-kolko-dla-dzieci-56-cm\/\" \/>\n<meta property=\"og:site_name\" content=\"BOBIMARKET.pl - Remontuj i urz\u0105dzaj z nami\" \/>\n<meta property=\"article:modified_time\" content=\"2025-02-27T13:21:06+00:00\" \/>\n<meta property=\"og:image\" content=\"https:\/\/upload.cdn.baselinker.com\/products\/14476\/1005062792_3.jpg\" \/>\n<meta name=\"twitter:card\" content=\"summary_large_image\" \/>\n<meta name=\"twitter:label1\" content=\"Szacowany czas czytania\" \/>\n\t<meta name=\"twitter:data1\" content=\"2 minuty\" \/>\n<script type=\"application\/ld+json\" class=\"yoast-schema-graph\">{\"@context\":\"https:\/\/schema.org\",\"@graph\":[{\"@type\":\"WebPage\",\"@id\":\"https:\/\/bobimarket.pl\/index.php\/produkt\/kolo-do-plywania-dmuchane-kolko-dla-dzieci-56-cm\/\",\"url\":\"https:\/\/bobimarket.pl\/index.php\/produkt\/kolo-do-plywania-dmuchane-kolko-dla-dzieci-56-cm\/\",\"name\":\"KO\u0141O DO P\u0141YWANIA DMUCHANE K\u00d3\u0141KO DLA DZIECI 56 cm - BOBIMARKET.pl - Remontuj i urz\u0105dzaj z nami\",\"isPartOf\":{\"@id\":\"https:\/\/bobimarket.pl\/#website\"},\"datePublished\":\"2023-08-29T14:25:48+00:00\",\"dateModified\":\"2025-02-27T13:21:06+00:00\",\"breadcrumb\":{\"@id\":\"https:\/\/bobimarket.pl\/index.php\/produkt\/kolo-do-plywania-dmuchane-kolko-dla-dzieci-56-cm\/#breadcrumb\"},\"inLanguage\":\"pl-PL\",\"potentialAction\":[{\"@type\":\"ReadAction\",\"target\":[\"https:\/\/bobimarket.pl\/index.php\/produkt\/kolo-do-plywania-dmuchane-kolko-dla-dzieci-56-cm\/\"]}]},{\"@type\":\"BreadcrumbList\",\"@id\":\"https:\/\/bobimarket.pl\/index.php\/produkt\/kolo-do-plywania-dmuchane-kolko-dla-dzieci-56-cm\/#breadcrumb\",\"itemListElement\":[{\"@type\":\"ListItem\",\"position\":1,\"name\":\"Strona g\u0142\u00f3wna\",\"item\":\"https:\/\/bobimarket.pl\/\"},{\"@type\":\"ListItem\",\"position\":2,\"name\":\"Sklep\",\"item\":\"https:\/\/bobimarket.pl\/index.php\/shop\/\"},{\"@type\":\"ListItem\",\"position\":3,\"name\":\"KO\u0141O DO P\u0141YWANIA DMUCHANE K\u00d3\u0141KO DLA DZIECI 56 cm\"}]},{\"@type\":\"WebSite\",\"@id\":\"https:\/\/bobimarket.pl\/#website\",\"url\":\"https:\/\/bobimarket.pl\/\",\"name\":\"BOBIMARKET.pl - Remontuj i urz\u0105dzaj z nami\",\"description\":\"Remontuj i urz\u0105dzaj z nami\",\"publisher\":{\"@id\":\"https:\/\/bobimarket.pl\/#organization\"},\"potentialAction\":[{\"@type\":\"SearchAction\",\"target\":{\"@type\":\"EntryPoint\",\"urlTemplate\":\"https:\/\/bobimarket.pl\/?s={search_term_string}\"},\"query-input\":\"required name=search_term_string\"}],\"inLanguage\":\"pl-PL\"},{\"@type\":\"Organization\",\"@id\":\"https:\/\/bobimarket.pl\/#organization\",\"name\":\"BOBIMARKET.pl\",\"url\":\"https:\/\/bobimarket.pl\/\",\"logo\":{\"@type\":\"ImageObject\",\"inLanguage\":\"pl-PL\",\"@id\":\"https:\/\/bobimarket.pl\/#\/schema\/logo\/image\/\",\"url\":\"https:\/\/bobimarket.pl\/wp-content\/uploads\/2021\/11\/slogan.png\",\"contentUrl\":\"https:\/\/bobimarket.pl\/wp-content\/uploads\/2021\/11\/slogan.png\",\"width\":2000,\"height\":384,\"caption\":\"BOBIMARKET.pl\"},\"image\":{\"@id\":\"https:\/\/bobimarket.pl\/#\/schema\/logo\/image\/\"}}]}<\/script>\n<!-- \/ Yoast SEO plugin. -->","yoast_head_json":{"title":"KO\u0141O DO P\u0141YWANIA DMUCHANE K\u00d3\u0141KO DLA DZIECI 56 cm - BOBIMARKET.pl - Remontuj i urz\u0105dzaj z nami","robots":{"index":"index","follow":"follow","max-snippet":"max-snippet:-1","max-image-preview":"max-image-preview:large","max-video-preview":"max-video-preview:-1"},"canonical":"https:\/\/bobimarket.pl\/index.php\/produkt\/kolo-do-plywania-dmuchane-kolko-dla-dzieci-56-cm\/","og_locale":"pl_PL","og_type":"article","og_title":"KO\u0141O DO P\u0141YWANIA DMUCHANE K\u00d3\u0141KO DLA DZIECI 56 cm - BOBIMARKET.pl - Remontuj i urz\u0105dzaj z nami","og_description":"KO\u0141O DO P\u0141YWANIA DMUCHANE K\u00d3\u0141KO DLA DZIECI 56 cm Informacje og\u00f3lne: \u015arednica: 56 cm Materia\u0142: PCV Wiek: 3-6 lat Marka: BESTWAY \u2705 Na naszych pozosta\u0142ych aukcjach znajdziesz r\u00f3wnie\u017c baseny, k\u00f3\u0142ka, materace do p\u0142ywania i p\u0142ywaczki. Te pla\u017cowe akcesoria razem stworz\u0105\u00a0 idealny wakacyjny zestaw. P\u0142y\u0144 w stron\u0119 dobrej i bezpiecznej zabawy! Kolorowe dmuchane ko\u0142o pla\u017cowe. Wakacyjny     Czytaj wi\u0119cej \"KO\u0141O DO P\u0141YWANIA DMUCHANE K\u00d3\u0141KO DLA DZIECI 56 cm\"","og_url":"https:\/\/bobimarket.pl\/index.php\/produkt\/kolo-do-plywania-dmuchane-kolko-dla-dzieci-56-cm\/","og_site_name":"BOBIMARKET.pl - Remontuj i urz\u0105dzaj z nami","article_modified_time":"2025-02-27T13:21:06+00:00","og_image":[{"url":"https:\/\/upload.cdn.baselinker.com\/products\/14476\/1005062792_3.jpg"}],"twitter_card":"summary_large_image","twitter_misc":{"Szacowany czas czytania":"2 minuty"},"schema":{"@context":"https:\/\/schema.org","@graph":[{"@type":"WebPage","@id":"https:\/\/bobimarket.pl\/index.php\/produkt\/kolo-do-plywania-dmuchane-kolko-dla-dzieci-56-cm\/","url":"https:\/\/bobimarket.pl\/index.php\/produkt\/kolo-do-plywania-dmuchane-kolko-dla-dzieci-56-cm\/","name":"KO\u0141O DO P\u0141YWANIA DMUCHANE K\u00d3\u0141KO DLA DZIECI 56 cm - BOBIMARKET.pl - Remontuj i urz\u0105dzaj z nami","isPartOf":{"@id":"https:\/\/bobimarket.pl\/#website"},"datePublished":"2023-08-29T14:25:48+00:00","dateModified":"2025-02-27T13:21:06+00:00","breadcrumb":{"@id":"https:\/\/bobimarket.pl\/index.php\/produkt\/kolo-do-plywania-dmuchane-kolko-dla-dzieci-56-cm\/#breadcrumb"},"inLanguage":"pl-PL","potentialAction":[{"@type":"ReadAction","target":["https:\/\/bobimarket.pl\/index.php\/produkt\/kolo-do-plywania-dmuchane-kolko-dla-dzieci-56-cm\/"]}]},{"@type":"BreadcrumbList","@id":"https:\/\/bobimarket.pl\/index.php\/produkt\/kolo-do-plywania-dmuchane-kolko-dla-dzieci-56-cm\/#breadcrumb","itemListElement":[{"@type":"ListItem","position":1,"name":"Strona g\u0142\u00f3wna","item":"https:\/\/bobimarket.pl\/"},{"@type":"ListItem","position":2,"name":"Sklep","item":"https:\/\/bobimarket.pl\/index.php\/shop\/"},{"@type":"ListItem","position":3,"name":"KO\u0141O DO P\u0141YWANIA DMUCHANE K\u00d3\u0141KO DLA DZIECI 56 cm"}]},{"@type":"WebSite","@id":"https:\/\/bobimarket.pl\/#website","url":"https:\/\/bobimarket.pl\/","name":"BOBIMARKET.pl - Remontuj i urz\u0105dzaj z nami","description":"Remontuj i urz\u0105dzaj z nami","publisher":{"@id":"https:\/\/bobimarket.pl\/#organization"},"potentialAction":[{"@type":"SearchAction","target":{"@type":"EntryPoint","urlTemplate":"https:\/\/bobimarket.pl\/?s={search_term_string}"},"query-input":"required name=search_term_string"}],"inLanguage":"pl-PL"},{"@type":"Organization","@id":"https:\/\/bobimarket.pl\/#organization","name":"BOBIMARKET.pl","url":"https:\/\/bobimarket.pl\/","logo":{"@type":"ImageObject","inLanguage":"pl-PL","@id":"https:\/\/bobimarket.pl\/#\/schema\/logo\/image\/","url":"https:\/\/bobimarket.pl\/wp-content\/uploads\/2021\/11\/slogan.png","contentUrl":"https:\/\/bobimarket.pl\/wp-content\/uploads\/2021\/11\/slogan.png","width":2000,"height":384,"caption":"BOBIMARKET.pl"},"image":{"@id":"https:\/\/bobimarket.pl\/#\/schema\/logo\/image\/"}}]}},"_links":{"self":[{"href":"https:\/\/bobimarket.pl\/index.php\/wp-json\/wp\/v2\/product\/79350"}],"collection":[{"href":"https:\/\/bobimarket.pl\/index.php\/wp-json\/wp\/v2\/product"}],"about":[{"href":"https:\/\/bobimarket.pl\/index.php\/wp-json\/wp\/v2\/types\/product"}],"wp:featuredmedia":[{"embeddable":true,"href":"https:\/\/bobimarket.pl\/index.php\/wp-json\/wp\/v2\/media\/79346"}],"wp:attachment":[{"href":"https:\/\/bobimarket.pl\/index.php\/wp-json\/wp\/v2\/media?parent=79350"}],"wp:term":[{"taxonomy":"product_cat","embeddable":true,"href":"https:\/\/bobimarket.pl\/index.php\/wp-json\/wp\/v2\/product_cat?post=79350"},{"taxonomy":"product_tag","embeddable":true,"href":"https:\/\/bobimarket.pl\/index.php\/wp-json\/wp\/v2\/product_tag?post=79350"}],"curies":[{"name":"wp","href":"https:\/\/api.w.org\/{rel}","templated":true}]}}