{"id":79374,"date":"2023-08-29T14:27:09","date_gmt":"2023-08-29T14:27:09","guid":{"rendered":"https:\/\/bobimarket.pl\/index.php\/produkt\/rekawki-do-plywania-plywaczki-dla-dziecka-owoc\/"},"modified":"2025-02-27T13:21:28","modified_gmt":"2025-02-27T13:21:28","slug":"rekawki-do-plywania-plywaczki-dla-dziecka-owoc","status":"publish","type":"product","link":"https:\/\/bobimarket.pl\/index.php\/produkt\/rekawki-do-plywania-plywaczki-dla-dziecka-owoc\/","title":{"rendered":"R\u0118KAWKI DO P\u0141YWANIA P\u0141YWACZKI  DLA DZIECKA OWOC"},"content":{"rendered":"<section class=\"section\">\n<div class=\"item item-12\">\n<section class=\"text-item\">\n<h2>R\u0118KAWKI DO P\u0141YWANIA P\u0141YWACZKI MOTYLKI DLA DZIECKA<\/h2>\n<p><b>Informacje og\u00f3lne:<\/b><\/p>\n<ul>\n<li>Materia\u0142: <b>PCV<\/b><\/li>\n<li>Wiek:<b> 3-6 lat<\/b><\/li>\n<\/ul>\n<p>Na naszych pozosta\u0142ych aukcjach znajdziesz r\u00f3wnie\u017c baseny, k\u00f3\u0142ka i materace do p\u0142ywania. Te pla\u017cowe akcesoria razem stworz\u0105\u00a0 idealny wakacyjny zestaw.<\/p>\n<\/section><\/div>\n<\/section>\n<section class=\"section\">\n<div class=\"item item-12\">\n<section class=\"image-item\">\n            <img decoding=\"async\" src=\"https:\/\/upload.cdn.baselinker.com\/products\/14476\/50e814e65581fa2cae70ae3c12c0680c.jpg\" \/><br \/>\n        <\/section>\n<\/p><\/div>\n<\/section>\n<section class=\"section\">\n<div class=\"item item-12\">\n<section class=\"text-item\">\n<h2>P\u0142y\u0144 w stron\u0119 dobrej i bezpiecznej zabawy!<\/h2>\n<p>Kolorowe dmuchane r\u0119kawki do nauki p\u0142ywania. P\u0142ywaczki naramienne <b>pomog\u0105 maluchowi w nauce p\u0142ywania i oswojeniu si\u0119 z wod\u0105<\/b>. Sprawdz\u0105 si\u0119 r\u00f3wnie\u017c podczas zabawy i relaksu w basenie, a w po\u0142\u0105czeniu z okularami tworz\u0105 \u015bwietny zestaw do nurkowania. Wakacyjny gad\u017cet, kt\u00f3ry doskonale sprawdzi si\u0119 podczas upalnych, letnich dni! Idealnie nadaje si\u0119 dla najm\u0142odszych mi\u0142o\u015bnik\u00f3w wodnych zabaw!<\/p>\n<ul>\n<li>Dmuchane motylki mo\u017cna ze sob\u0105 zabra\u0107 na <b>wakacyjne wyjazdy<\/b> czy <b>weekendowy wycieczki<\/b>.<\/li>\n<li>Pozwalaj\u0105 jeszcze bardziej nacieszy\u0107 si\u0119 czasem sp\u0119dzonym nad wod\u0105! Gwarantuj\u0105 <b>dobr\u0105 zabaw\u0119<\/b>\u00a0i mile sp\u0119dzony czas!<\/li>\n<\/ul>\n<\/section><\/div>\n<\/section>\n<section class=\"section\">\n<div class=\"item item-12\">\n<section class=\"image-item\">\n            <img decoding=\"async\" src=\"https:\/\/upload.cdn.baselinker.com\/products\/14476\/1005065840_1.jpg\" \/><br \/>\n        <\/section>\n<\/p><\/div>\n<\/section>\n<section class=\"section\">\n<div class=\"item item-12\">\n<section class=\"text-item\">\n<h2>\u2705\u00a0Komfort i bezpiecze\u0144stwo!<\/h2>\n<ul>\n<li>Motylki umo\u017cliwiaj\u0105 bezpieczn\u0105 k\u0105piel w morzu, basenie lub jeziorze. Pe\u0142ni\u0105 <b>funkcj\u0119 asekuracyjn\u0105<\/b> dla dziecka.<\/li>\n<li>Dla wszystkich tych, kt\u00f3rzy chc\u0105, aby dziecko sp\u0119dzi\u0142o przyjemnie czas, ale troszcz\u0105 si\u0119 r\u00f3wnie\u017c o jego bezpiecze\u0144stwo.<\/li>\n<li>Idealne do <b>p\u0142ywania i zabawy<\/b>. Kolorowy wz\u00f3r rozbudza ciekawo\u015b\u0107 i zach\u0119ca do zabawy!<\/li>\n<li>Posiadaj\u0105 <b>zawory bezpiecze\u0144stwa<\/b>, kt\u00f3re blokuj\u0105 wydostanie si\u0119 powietrza.<\/li>\n<\/ul>\n<h2>\u2705\u00a0Wytrzyma\u0142e i praktyczne<\/h2>\n<ul>\n<li>P\u0142ywaczki wykonano z <b>najlepszej jako\u015bci materia\u0142\u00f3w. <\/b>Wyprodukowane z solidnego materia\u0142 PVC, dzi\u0119ki czemu s\u0105 wytrzyma\u0142e. Grubo\u015b\u0107 materia\u0142u wynosi 0,18 mm.<\/li>\n<li>S\u0105 <b>lekkie i \u0142atwe w obs\u0142udze<\/b>. Szybko i bez trudu mo\u017cna je napompowa\u0107 i wypompowa\u0107 z nich powietrze.<\/li>\n<li><b>Nie zajmuj\u0105 du\u017co miejsca<\/b>\u00a0i mo\u017cna je ze sob\u0105 zabra\u0107 w dowolnie wybran\u0105 lokalizacj\u0119 i cieszy\u0107 si\u0119 urokami lata. A po sko\u0144czonej zabawie spakowa\u0107 do torebki lub plecaka.<\/li>\n<\/ul>\n<\/section><\/div>\n<\/section>\n<section class=\"section\">\n<div class=\"item item-12\">\n<section class=\"image-item\">\n            <img decoding=\"async\" src=\"https:\/\/upload.cdn.baselinker.com\/products\/14476\/d32a8ab0b0d8e1997b112ac106256997.jpg\" \/><br \/>\n        <\/section>\n<\/p><\/div>\n<\/section>\n<section class=\"section\">\n<div class=\"item item-12\">\n<section class=\"text-item\">\n<h2>Zabierz je ze sob\u0105 gdzie tylko chcesz!<\/h2>\n<ul>\n<li>P\u0142ywaczki nadaj\u0105 si\u0119 na pla\u017ce lub nad jezioro. Doskonale sprawdzi si\u0119 r\u00f3wnie\u017c w basenie ogrodowym.<\/li>\n<li>Pozwol\u0105 w pe\u0142ni wykorzysta\u0107 wakacyjn\u0105, s\u0142oneczn\u0105 pogod\u0119. Sprawi\u0105, \u017ce maluch ch\u0119tniej sp\u0119dzi czas nad wod\u0105 i b\u0119dzie si\u0119 dobrze bawi\u0142!<\/li>\n<li>Weso\u0142y i owocowy wz\u00f3r, kt\u00f3ry na pewno przypadnie do gusty najm\u0142odszym. \u00a0<\/li>\n<\/ul>\n<\/section><\/div>\n<\/section>\n<section class=\"section\">\n<div class=\"item item-12\">\n<section class=\"image-item\">\n            <img decoding=\"async\" src=\"https:\/\/upload.cdn.baselinker.com\/products\/14476\/d11121296f7132248ac3de7c469b49ce.jpg\" \/><br \/>\n        <\/section>\n<\/p><\/div>\n<\/section>\n<section class=\"section\">\n<div class=\"item item-12\">\n<section class=\"text-item\">\n<p><b>\u2705<\/b><b>\u00a0 Wakacyjny hit! Nie czekaj i ju\u017c dzi\u015b zam\u00f3w dmuchane p\u0142ywaczki!<\/b><\/p>\n<ul>\n<li>Komfort i wygoda u\u017cytkowania zar\u00f3wno dla dziecka jak i rodzica.<\/li>\n<li>Motylki charakteryzuj\u0105 si\u0119 mi\u0119kk\u0105 i delikatn\u0105 powierzchni\u0105.<\/li>\n<li>Wytrzyma\u0142e i solidne.\u00a0 Wykonane z mocnego tworzywa, kt\u00f3re jest odporne na drobne uszkodzenia.<\/li>\n<li>Wysoka jako\u015b\u0107 materia\u0142u oraz wyko\u0144czenia gwarantuj\u0105 satysfakcj\u0119.<\/li>\n<li>Lekkie i por\u0119czne. Wygodne w u\u017cytkowaniu i transporcie.<\/li>\n<\/ul>\n<\/section><\/div>\n<\/section>\n<section class=\"section\">\n<div class=\"item item-6\">\n<section class=\"image-item\">\n            <img decoding=\"async\" src=\"https:\/\/upload.cdn.baselinker.com\/products\/14476\/d32a8ab0b0d8e1997b112ac106256997.jpg\" \/><br \/>\n        <\/section>\n<\/p><\/div>\n<div class=\"item item-6\">\n<section class=\"image-item\">\n            <img decoding=\"async\" src=\"https:\/\/upload.cdn.baselinker.com\/products\/14476\/b866c65704636e91296d0a416d097b4b.jpg\" \/><br \/>\n        <\/section>\n<\/p><\/div>\n<\/section>\n","protected":false},"excerpt":{"rendered":"<p>R\u0118KAWKI DO P\u0141YWANIA P\u0141YWACZKI MOTYLKI DLA DZIECKA Informacje og\u00f3lne: Materia\u0142: PCV Wiek: 3-6 lat Na naszych pozosta\u0142ych aukcjach znajdziesz r\u00f3wnie\u017c baseny, k\u00f3\u0142ka i materace do p\u0142ywania. Te pla\u017cowe akcesoria razem stworz\u0105\u00a0 idealny wakacyjny zestaw. P\u0142y\u0144 w stron\u0119 dobrej i bezpiecznej zabawy! Kolorowe dmuchane r\u0119kawki do nauki p\u0142ywania. P\u0142ywaczki naramienne pomog\u0105 maluchowi w nauce p\u0142ywania i<br \/><a class=\"more-link\" href=\"https:\/\/bobimarket.pl\/index.php\/produkt\/rekawki-do-plywania-plywaczki-dla-dziecka-owoc\/\"><br \/>\n        Czytaj wi\u0119cej<span class=\"screen-reader-text\"> &#8222;R\u0118KAWKI DO P\u0141YWANIA P\u0141YWACZKI  DLA DZIECKA OWOC&#8221;<\/span><\/a><\/p>\n","protected":false},"featured_media":79363,"template":"","meta":[],"product_cat":[8106],"product_tag":[],"yoast_head":"<!-- This site is optimized with the Yoast SEO plugin v21.0 - https:\/\/yoast.com\/wordpress\/plugins\/seo\/ -->\n<title>R\u0118KAWKI DO P\u0141YWANIA P\u0141YWACZKI DLA DZIECKA OWOC - BOBIMARKET.pl - Remontuj i urz\u0105dzaj z nami<\/title>\n<meta name=\"robots\" content=\"index, follow, max-snippet:-1, max-image-preview:large, max-video-preview:-1\" \/>\n<link rel=\"canonical\" href=\"https:\/\/bobimarket.pl\/index.php\/produkt\/rekawki-do-plywania-plywaczki-dla-dziecka-owoc\/\" \/>\n<meta property=\"og:locale\" content=\"pl_PL\" \/>\n<meta property=\"og:type\" content=\"article\" \/>\n<meta property=\"og:title\" content=\"R\u0118KAWKI DO P\u0141YWANIA P\u0141YWACZKI DLA DZIECKA OWOC - BOBIMARKET.pl - Remontuj i urz\u0105dzaj z nami\" \/>\n<meta property=\"og:description\" content=\"R\u0118KAWKI DO P\u0141YWANIA P\u0141YWACZKI MOTYLKI DLA DZIECKA Informacje og\u00f3lne: Materia\u0142: PCV Wiek: 3-6 lat Na naszych pozosta\u0142ych aukcjach znajdziesz r\u00f3wnie\u017c baseny, k\u00f3\u0142ka i materace do p\u0142ywania. Te pla\u017cowe akcesoria razem stworz\u0105\u00a0 idealny wakacyjny zestaw. P\u0142y\u0144 w stron\u0119 dobrej i bezpiecznej zabawy! Kolorowe dmuchane r\u0119kawki do nauki p\u0142ywania. P\u0142ywaczki naramienne pomog\u0105 maluchowi w nauce p\u0142ywania i     Czytaj wi\u0119cej &quot;R\u0118KAWKI DO P\u0141YWANIA P\u0141YWACZKI DLA DZIECKA OWOC&quot;\" \/>\n<meta property=\"og:url\" content=\"https:\/\/bobimarket.pl\/index.php\/produkt\/rekawki-do-plywania-plywaczki-dla-dziecka-owoc\/\" \/>\n<meta property=\"og:site_name\" content=\"BOBIMARKET.pl - Remontuj i urz\u0105dzaj z nami\" \/>\n<meta property=\"article:modified_time\" content=\"2025-02-27T13:21:28+00:00\" \/>\n<meta property=\"og:image\" content=\"https:\/\/upload.cdn.baselinker.com\/products\/14476\/50e814e65581fa2cae70ae3c12c0680c.jpg\" \/>\n<meta name=\"twitter:card\" content=\"summary_large_image\" \/>\n<meta name=\"twitter:label1\" content=\"Szacowany czas czytania\" \/>\n\t<meta name=\"twitter:data1\" content=\"2 minuty\" \/>\n<script type=\"application\/ld+json\" class=\"yoast-schema-graph\">{\"@context\":\"https:\/\/schema.org\",\"@graph\":[{\"@type\":\"WebPage\",\"@id\":\"https:\/\/bobimarket.pl\/index.php\/produkt\/rekawki-do-plywania-plywaczki-dla-dziecka-owoc\/\",\"url\":\"https:\/\/bobimarket.pl\/index.php\/produkt\/rekawki-do-plywania-plywaczki-dla-dziecka-owoc\/\",\"name\":\"R\u0118KAWKI DO P\u0141YWANIA P\u0141YWACZKI DLA DZIECKA OWOC - BOBIMARKET.pl - Remontuj i urz\u0105dzaj z nami\",\"isPartOf\":{\"@id\":\"https:\/\/bobimarket.pl\/#website\"},\"datePublished\":\"2023-08-29T14:27:09+00:00\",\"dateModified\":\"2025-02-27T13:21:28+00:00\",\"breadcrumb\":{\"@id\":\"https:\/\/bobimarket.pl\/index.php\/produkt\/rekawki-do-plywania-plywaczki-dla-dziecka-owoc\/#breadcrumb\"},\"inLanguage\":\"pl-PL\",\"potentialAction\":[{\"@type\":\"ReadAction\",\"target\":[\"https:\/\/bobimarket.pl\/index.php\/produkt\/rekawki-do-plywania-plywaczki-dla-dziecka-owoc\/\"]}]},{\"@type\":\"BreadcrumbList\",\"@id\":\"https:\/\/bobimarket.pl\/index.php\/produkt\/rekawki-do-plywania-plywaczki-dla-dziecka-owoc\/#breadcrumb\",\"itemListElement\":[{\"@type\":\"ListItem\",\"position\":1,\"name\":\"Strona g\u0142\u00f3wna\",\"item\":\"https:\/\/bobimarket.pl\/\"},{\"@type\":\"ListItem\",\"position\":2,\"name\":\"Sklep\",\"item\":\"https:\/\/bobimarket.pl\/index.php\/shop\/\"},{\"@type\":\"ListItem\",\"position\":3,\"name\":\"R\u0118KAWKI DO P\u0141YWANIA P\u0141YWACZKI DLA DZIECKA OWOC\"}]},{\"@type\":\"WebSite\",\"@id\":\"https:\/\/bobimarket.pl\/#website\",\"url\":\"https:\/\/bobimarket.pl\/\",\"name\":\"BOBIMARKET.pl - Remontuj i urz\u0105dzaj z nami\",\"description\":\"Remontuj i urz\u0105dzaj z nami\",\"publisher\":{\"@id\":\"https:\/\/bobimarket.pl\/#organization\"},\"potentialAction\":[{\"@type\":\"SearchAction\",\"target\":{\"@type\":\"EntryPoint\",\"urlTemplate\":\"https:\/\/bobimarket.pl\/?s={search_term_string}\"},\"query-input\":\"required name=search_term_string\"}],\"inLanguage\":\"pl-PL\"},{\"@type\":\"Organization\",\"@id\":\"https:\/\/bobimarket.pl\/#organization\",\"name\":\"BOBIMARKET.pl\",\"url\":\"https:\/\/bobimarket.pl\/\",\"logo\":{\"@type\":\"ImageObject\",\"inLanguage\":\"pl-PL\",\"@id\":\"https:\/\/bobimarket.pl\/#\/schema\/logo\/image\/\",\"url\":\"https:\/\/bobimarket.pl\/wp-content\/uploads\/2021\/11\/slogan.png\",\"contentUrl\":\"https:\/\/bobimarket.pl\/wp-content\/uploads\/2021\/11\/slogan.png\",\"width\":2000,\"height\":384,\"caption\":\"BOBIMARKET.pl\"},\"image\":{\"@id\":\"https:\/\/bobimarket.pl\/#\/schema\/logo\/image\/\"}}]}<\/script>\n<!-- \/ Yoast SEO plugin. -->","yoast_head_json":{"title":"R\u0118KAWKI DO P\u0141YWANIA P\u0141YWACZKI DLA DZIECKA OWOC - BOBIMARKET.pl - Remontuj i urz\u0105dzaj z nami","robots":{"index":"index","follow":"follow","max-snippet":"max-snippet:-1","max-image-preview":"max-image-preview:large","max-video-preview":"max-video-preview:-1"},"canonical":"https:\/\/bobimarket.pl\/index.php\/produkt\/rekawki-do-plywania-plywaczki-dla-dziecka-owoc\/","og_locale":"pl_PL","og_type":"article","og_title":"R\u0118KAWKI DO P\u0141YWANIA P\u0141YWACZKI DLA DZIECKA OWOC - BOBIMARKET.pl - Remontuj i urz\u0105dzaj z nami","og_description":"R\u0118KAWKI DO P\u0141YWANIA P\u0141YWACZKI MOTYLKI DLA DZIECKA Informacje og\u00f3lne: Materia\u0142: PCV Wiek: 3-6 lat Na naszych pozosta\u0142ych aukcjach znajdziesz r\u00f3wnie\u017c baseny, k\u00f3\u0142ka i materace do p\u0142ywania. Te pla\u017cowe akcesoria razem stworz\u0105\u00a0 idealny wakacyjny zestaw. P\u0142y\u0144 w stron\u0119 dobrej i bezpiecznej zabawy! Kolorowe dmuchane r\u0119kawki do nauki p\u0142ywania. P\u0142ywaczki naramienne pomog\u0105 maluchowi w nauce p\u0142ywania i     Czytaj wi\u0119cej \"R\u0118KAWKI DO P\u0141YWANIA P\u0141YWACZKI DLA DZIECKA OWOC\"","og_url":"https:\/\/bobimarket.pl\/index.php\/produkt\/rekawki-do-plywania-plywaczki-dla-dziecka-owoc\/","og_site_name":"BOBIMARKET.pl - Remontuj i urz\u0105dzaj z nami","article_modified_time":"2025-02-27T13:21:28+00:00","og_image":[{"url":"https:\/\/upload.cdn.baselinker.com\/products\/14476\/50e814e65581fa2cae70ae3c12c0680c.jpg"}],"twitter_card":"summary_large_image","twitter_misc":{"Szacowany czas czytania":"2 minuty"},"schema":{"@context":"https:\/\/schema.org","@graph":[{"@type":"WebPage","@id":"https:\/\/bobimarket.pl\/index.php\/produkt\/rekawki-do-plywania-plywaczki-dla-dziecka-owoc\/","url":"https:\/\/bobimarket.pl\/index.php\/produkt\/rekawki-do-plywania-plywaczki-dla-dziecka-owoc\/","name":"R\u0118KAWKI DO P\u0141YWANIA P\u0141YWACZKI DLA DZIECKA OWOC - BOBIMARKET.pl - Remontuj i urz\u0105dzaj z nami","isPartOf":{"@id":"https:\/\/bobimarket.pl\/#website"},"datePublished":"2023-08-29T14:27:09+00:00","dateModified":"2025-02-27T13:21:28+00:00","breadcrumb":{"@id":"https:\/\/bobimarket.pl\/index.php\/produkt\/rekawki-do-plywania-plywaczki-dla-dziecka-owoc\/#breadcrumb"},"inLanguage":"pl-PL","potentialAction":[{"@type":"ReadAction","target":["https:\/\/bobimarket.pl\/index.php\/produkt\/rekawki-do-plywania-plywaczki-dla-dziecka-owoc\/"]}]},{"@type":"BreadcrumbList","@id":"https:\/\/bobimarket.pl\/index.php\/produkt\/rekawki-do-plywania-plywaczki-dla-dziecka-owoc\/#breadcrumb","itemListElement":[{"@type":"ListItem","position":1,"name":"Strona g\u0142\u00f3wna","item":"https:\/\/bobimarket.pl\/"},{"@type":"ListItem","position":2,"name":"Sklep","item":"https:\/\/bobimarket.pl\/index.php\/shop\/"},{"@type":"ListItem","position":3,"name":"R\u0118KAWKI DO P\u0141YWANIA P\u0141YWACZKI DLA DZIECKA OWOC"}]},{"@type":"WebSite","@id":"https:\/\/bobimarket.pl\/#website","url":"https:\/\/bobimarket.pl\/","name":"BOBIMARKET.pl - Remontuj i urz\u0105dzaj z nami","description":"Remontuj i urz\u0105dzaj z nami","publisher":{"@id":"https:\/\/bobimarket.pl\/#organization"},"potentialAction":[{"@type":"SearchAction","target":{"@type":"EntryPoint","urlTemplate":"https:\/\/bobimarket.pl\/?s={search_term_string}"},"query-input":"required name=search_term_string"}],"inLanguage":"pl-PL"},{"@type":"Organization","@id":"https:\/\/bobimarket.pl\/#organization","name":"BOBIMARKET.pl","url":"https:\/\/bobimarket.pl\/","logo":{"@type":"ImageObject","inLanguage":"pl-PL","@id":"https:\/\/bobimarket.pl\/#\/schema\/logo\/image\/","url":"https:\/\/bobimarket.pl\/wp-content\/uploads\/2021\/11\/slogan.png","contentUrl":"https:\/\/bobimarket.pl\/wp-content\/uploads\/2021\/11\/slogan.png","width":2000,"height":384,"caption":"BOBIMARKET.pl"},"image":{"@id":"https:\/\/bobimarket.pl\/#\/schema\/logo\/image\/"}}]}},"_links":{"self":[{"href":"https:\/\/bobimarket.pl\/index.php\/wp-json\/wp\/v2\/product\/79374"}],"collection":[{"href":"https:\/\/bobimarket.pl\/index.php\/wp-json\/wp\/v2\/product"}],"about":[{"href":"https:\/\/bobimarket.pl\/index.php\/wp-json\/wp\/v2\/types\/product"}],"wp:featuredmedia":[{"embeddable":true,"href":"https:\/\/bobimarket.pl\/index.php\/wp-json\/wp\/v2\/media\/79363"}],"wp:attachment":[{"href":"https:\/\/bobimarket.pl\/index.php\/wp-json\/wp\/v2\/media?parent=79374"}],"wp:term":[{"taxonomy":"product_cat","embeddable":true,"href":"https:\/\/bobimarket.pl\/index.php\/wp-json\/wp\/v2\/product_cat?post=79374"},{"taxonomy":"product_tag","embeddable":true,"href":"https:\/\/bobimarket.pl\/index.php\/wp-json\/wp\/v2\/product_tag?post=79374"}],"curies":[{"name":"wp","href":"https:\/\/api.w.org\/{rel}","templated":true}]}}