{"id":79383,"date":"2023-08-29T14:28:23","date_gmt":"2023-08-29T14:28:23","guid":{"rendered":"https:\/\/bobimarket.pl\/index.php\/produkt\/podpora-pierscieniowa-do-roslin-pierscienie-75-cm\/"},"modified":"2025-02-27T13:21:33","modified_gmt":"2025-02-27T13:21:33","slug":"podpora-pierscieniowa-do-roslin-pierscienie-75-cm","status":"publish","type":"product","link":"https:\/\/bobimarket.pl\/index.php\/produkt\/podpora-pierscieniowa-do-roslin-pierscienie-75-cm\/","title":{"rendered":"PODPORA PIER\u015aCIENIOWA DO RO\u015aLIN  PIER\u015aCIENIE 75 cm"},"content":{"rendered":"<section class=\"section\">\n<div class=\"item item-12\">\n<section class=\"text-item\">\n<h2>PODPORA PIER\u015aCIENIOWA DO RO\u015aLIN PIER\u015aCIENIE 75 cm<\/h2>\n<p><b>DANE TECHNICZNE:<\/b><\/p>\n<ul>\n<li>Wysoko\u015b\u0107: <b>75 cm<\/b><\/li>\n<li>\u015arednica tyczek:<b> 6 mm<\/b><\/li>\n<li>\u015arednica pier\u015bcieni:<b> 28 cm, 26 cm, 22 cm<\/b><\/li>\n<li>Materia\u0142: stal powlekana polietylenem<\/li>\n<li>Producent: Garden Line<\/li>\n<\/ul>\n<p><b>UWAGA!<\/b><\/p>\n<p>Doniczka oraz kwiatek s\u0142u\u017c\u0105 do ekspozycji towaru i nie s\u0105 elementem oferty. Przedmiotem sprzeda\u017cy jest jedynie podpora.<\/p>\n<h2>GRATIS!<\/h2>\n<p>\u2705 W gratisie do pergoli do\u0142\u0105czone zostan\u0105 losowo wybrane nasionka do sadzenia. Posadzone w ogrodzie stan\u0105 si\u0119 idealnym dope\u0142nieniem ogrodowych kompozycji.<\/p>\n<ul>\n<li>Niewielkie, ale bardzo atrakcyjna ro\u015bliny, kt\u00f3re nadaj\u0105 si\u0119 do uprawy zar\u00f3wno na rabatach jak i w doniczkach. Pi\u0119kne kolorowe kwiaty upi\u0119ksz\u0105 Tw\u00f3j ogr\u00f3d od lata do jesieni!<\/li>\n<\/ul>\n<\/section><\/div>\n<\/section>\n<section class=\"section\">\n<div class=\"item item-12\">\n<section class=\"image-item\">\n            <img decoding=\"async\" src=\"https:\/\/upload.cdn.baselinker.com\/products\/14476\/314af077c2f52db99d2bdbbb8c555d7c.jpg\" \/><br \/>\n        <\/section>\n<\/p><\/div>\n<\/section>\n<section class=\"section\">\n<div class=\"item item-12\">\n<section class=\"text-item\">\n<h2>Podpora pier\u015bcieniowa doskona\u0142e rozwi\u0105zanie dla Twoich ro\u015blin!<\/h2>\n<p>Ozdobna podpora pier\u015bcieniowa do ro\u015blin i kwiat\u00f3w, przydatna do uprawy ro\u015blin maj\u0105cych tendencj\u0119 do krzywienie si\u0119. Doskonale nadaje si\u0119 do r\u00f3\u017cnego rodzaju<b> kwiat\u00f3w doniczkowych. <\/b>Chroni delikatne p\u0119dy przed uszkodzeniem jednocze\u015bnie pe\u0142ni\u0105c funkcj\u0119 dekoracyjn\u0105.<\/p>\n<ul>\n<li>Podpora posiada <b>3 tyczki i 3 pier\u015bcienie<\/b> s\u0142u\u017c\u0105ce do podtrzymywania ro\u015blin zar\u00f3wno doniczkowych jak i ogrodowych.<\/li>\n<li>Podpor\u0119 pier\u015bcieniow\u0105 mo\u017cna wykorzysta\u0107 do ro\u015blin doniczkowych i na rabaty.<\/li>\n<\/ul>\n<\/section><\/div>\n<\/section>\n<section class=\"section\">\n<div class=\"item item-12\">\n<section class=\"image-item\">\n            <img decoding=\"async\" src=\"https:\/\/upload.cdn.baselinker.com\/products\/14476\/1005124262_1.jpg\" \/><br \/>\n        <\/section>\n<\/p><\/div>\n<\/section>\n<section class=\"section\">\n<div class=\"item item-12\">\n<section class=\"text-item\">\n<p>\u2705 Naturalny zielony kolor sprawia, \u017ce jest<b> niemal niewidoczna po\u015br\u00f3d ro\u015blin<\/b>, idealnie si\u0119 z nimi komponuje. Z jej pomoc\u0105 stworzysz oryginaln\u0105 aran\u017cacj\u0119. Ro\u015bliny b\u0119d\u0105 si\u0119 pi\u0119\u0142y tworz\u0105c<b> dekoracyjn\u0105 kolumn\u0119.<\/b><\/p>\n<p><b>\u2705 <\/b>Pergola to nie tylko element ozdobny, ma r\u00f3wnie\u017c <b>pozytywny wp\u0142yw na ro\u015blin<\/b>. Przeciwdzia\u0142a \u0142amaniu si\u0119 ro\u015blin oraz gwarantuje prawid\u0142owy wzrost kwiat\u00f3w.<\/p>\n<p><b>\u2705 <\/b>Pergola zosta\u0142a <b>wykonana z metalu i pokryta tworzywem<\/b> w kolorze zielonym. Stanowi ciekaw\u0105 alternatyw\u0119 dla r\u00f3\u017cnego rodzaju pojedynczych tyczek.<\/p>\n<\/section><\/div>\n<\/section>\n<section class=\"section\">\n<div class=\"item item-12\">\n<section class=\"image-item\">\n            <img decoding=\"async\" src=\"https:\/\/upload.cdn.baselinker.com\/products\/14476\/1005124262_5.jpg\" \/><br \/>\n        <\/section>\n<\/p><\/div>\n<\/section>\n<section class=\"section\">\n<div class=\"item item-12\">\n<section class=\"image-item\">\n            <img decoding=\"async\" src=\"https:\/\/upload.cdn.baselinker.com\/products\/14476\/1005124262_3.jpg\" \/><br \/>\n        <\/section>\n<\/p><\/div>\n<\/section>\n<section class=\"section\">\n<div class=\"item item-12\">\n<section class=\"image-item\">\n            <img decoding=\"async\" src=\"https:\/\/upload.cdn.baselinker.com\/products\/14476\/1005124262_4.jpg\" \/><br \/>\n        <\/section>\n<\/p><\/div>\n<\/section>\n","protected":false},"excerpt":{"rendered":"<p>PODPORA PIER\u015aCIENIOWA DO RO\u015aLIN PIER\u015aCIENIE 75 cm DANE TECHNICZNE: Wysoko\u015b\u0107: 75 cm \u015arednica tyczek: 6 mm \u015arednica pier\u015bcieni: 28 cm, 26 cm, 22 cm Materia\u0142: stal powlekana polietylenem Producent: Garden Line UWAGA! Doniczka oraz kwiatek s\u0142u\u017c\u0105 do ekspozycji towaru i nie s\u0105 elementem oferty. Przedmiotem sprzeda\u017cy jest jedynie podpora. GRATIS! \u2705 W gratisie do pergoli<br \/><a class=\"more-link\" href=\"https:\/\/bobimarket.pl\/index.php\/produkt\/podpora-pierscieniowa-do-roslin-pierscienie-75-cm\/\"><br \/>\n        Czytaj wi\u0119cej<span class=\"screen-reader-text\"> &#8222;PODPORA PIER\u015aCIENIOWA DO RO\u015aLIN  PIER\u015aCIENIE 75 cm&#8221;<\/span><\/a><\/p>\n","protected":false},"featured_media":79375,"template":"","meta":[],"product_cat":[8089],"product_tag":[],"yoast_head":"<!-- This site is optimized with the Yoast SEO plugin v21.0 - https:\/\/yoast.com\/wordpress\/plugins\/seo\/ -->\n<title>PODPORA PIER\u015aCIENIOWA DO RO\u015aLIN PIER\u015aCIENIE 75 cm - BOBIMARKET.pl - Remontuj i urz\u0105dzaj z nami<\/title>\n<meta name=\"robots\" content=\"index, follow, max-snippet:-1, max-image-preview:large, max-video-preview:-1\" \/>\n<link rel=\"canonical\" href=\"https:\/\/bobimarket.pl\/index.php\/produkt\/podpora-pierscieniowa-do-roslin-pierscienie-75-cm\/\" \/>\n<meta property=\"og:locale\" content=\"pl_PL\" \/>\n<meta property=\"og:type\" content=\"article\" \/>\n<meta property=\"og:title\" content=\"PODPORA PIER\u015aCIENIOWA DO RO\u015aLIN PIER\u015aCIENIE 75 cm - BOBIMARKET.pl - Remontuj i urz\u0105dzaj z nami\" \/>\n<meta property=\"og:description\" content=\"PODPORA PIER\u015aCIENIOWA DO RO\u015aLIN PIER\u015aCIENIE 75 cm DANE TECHNICZNE: Wysoko\u015b\u0107: 75 cm \u015arednica tyczek: 6 mm \u015arednica pier\u015bcieni: 28 cm, 26 cm, 22 cm Materia\u0142: stal powlekana polietylenem Producent: Garden Line UWAGA! Doniczka oraz kwiatek s\u0142u\u017c\u0105 do ekspozycji towaru i nie s\u0105 elementem oferty. Przedmiotem sprzeda\u017cy jest jedynie podpora. GRATIS! \u2705 W gratisie do pergoli     Czytaj wi\u0119cej &quot;PODPORA PIER\u015aCIENIOWA DO RO\u015aLIN PIER\u015aCIENIE 75 cm&quot;\" \/>\n<meta property=\"og:url\" content=\"https:\/\/bobimarket.pl\/index.php\/produkt\/podpora-pierscieniowa-do-roslin-pierscienie-75-cm\/\" \/>\n<meta property=\"og:site_name\" content=\"BOBIMARKET.pl - Remontuj i urz\u0105dzaj z nami\" \/>\n<meta property=\"article:modified_time\" content=\"2025-02-27T13:21:33+00:00\" \/>\n<meta property=\"og:image\" content=\"https:\/\/upload.cdn.baselinker.com\/products\/14476\/314af077c2f52db99d2bdbbb8c555d7c.jpg\" \/>\n<meta name=\"twitter:card\" content=\"summary_large_image\" \/>\n<meta name=\"twitter:label1\" content=\"Szacowany czas czytania\" \/>\n\t<meta name=\"twitter:data1\" content=\"1 minuta\" \/>\n<script type=\"application\/ld+json\" class=\"yoast-schema-graph\">{\"@context\":\"https:\/\/schema.org\",\"@graph\":[{\"@type\":\"WebPage\",\"@id\":\"https:\/\/bobimarket.pl\/index.php\/produkt\/podpora-pierscieniowa-do-roslin-pierscienie-75-cm\/\",\"url\":\"https:\/\/bobimarket.pl\/index.php\/produkt\/podpora-pierscieniowa-do-roslin-pierscienie-75-cm\/\",\"name\":\"PODPORA PIER\u015aCIENIOWA DO RO\u015aLIN PIER\u015aCIENIE 75 cm - BOBIMARKET.pl - Remontuj i urz\u0105dzaj z nami\",\"isPartOf\":{\"@id\":\"https:\/\/bobimarket.pl\/#website\"},\"datePublished\":\"2023-08-29T14:28:23+00:00\",\"dateModified\":\"2025-02-27T13:21:33+00:00\",\"breadcrumb\":{\"@id\":\"https:\/\/bobimarket.pl\/index.php\/produkt\/podpora-pierscieniowa-do-roslin-pierscienie-75-cm\/#breadcrumb\"},\"inLanguage\":\"pl-PL\",\"potentialAction\":[{\"@type\":\"ReadAction\",\"target\":[\"https:\/\/bobimarket.pl\/index.php\/produkt\/podpora-pierscieniowa-do-roslin-pierscienie-75-cm\/\"]}]},{\"@type\":\"BreadcrumbList\",\"@id\":\"https:\/\/bobimarket.pl\/index.php\/produkt\/podpora-pierscieniowa-do-roslin-pierscienie-75-cm\/#breadcrumb\",\"itemListElement\":[{\"@type\":\"ListItem\",\"position\":1,\"name\":\"Strona g\u0142\u00f3wna\",\"item\":\"https:\/\/bobimarket.pl\/\"},{\"@type\":\"ListItem\",\"position\":2,\"name\":\"Sklep\",\"item\":\"https:\/\/bobimarket.pl\/index.php\/shop\/\"},{\"@type\":\"ListItem\",\"position\":3,\"name\":\"PODPORA PIER\u015aCIENIOWA DO RO\u015aLIN PIER\u015aCIENIE 75 cm\"}]},{\"@type\":\"WebSite\",\"@id\":\"https:\/\/bobimarket.pl\/#website\",\"url\":\"https:\/\/bobimarket.pl\/\",\"name\":\"BOBIMARKET.pl - Remontuj i urz\u0105dzaj z nami\",\"description\":\"Remontuj i urz\u0105dzaj z nami\",\"publisher\":{\"@id\":\"https:\/\/bobimarket.pl\/#organization\"},\"potentialAction\":[{\"@type\":\"SearchAction\",\"target\":{\"@type\":\"EntryPoint\",\"urlTemplate\":\"https:\/\/bobimarket.pl\/?s={search_term_string}\"},\"query-input\":\"required name=search_term_string\"}],\"inLanguage\":\"pl-PL\"},{\"@type\":\"Organization\",\"@id\":\"https:\/\/bobimarket.pl\/#organization\",\"name\":\"BOBIMARKET.pl\",\"url\":\"https:\/\/bobimarket.pl\/\",\"logo\":{\"@type\":\"ImageObject\",\"inLanguage\":\"pl-PL\",\"@id\":\"https:\/\/bobimarket.pl\/#\/schema\/logo\/image\/\",\"url\":\"https:\/\/bobimarket.pl\/wp-content\/uploads\/2021\/11\/slogan.png\",\"contentUrl\":\"https:\/\/bobimarket.pl\/wp-content\/uploads\/2021\/11\/slogan.png\",\"width\":2000,\"height\":384,\"caption\":\"BOBIMARKET.pl\"},\"image\":{\"@id\":\"https:\/\/bobimarket.pl\/#\/schema\/logo\/image\/\"}}]}<\/script>\n<!-- \/ Yoast SEO plugin. -->","yoast_head_json":{"title":"PODPORA PIER\u015aCIENIOWA DO RO\u015aLIN PIER\u015aCIENIE 75 cm - BOBIMARKET.pl - Remontuj i urz\u0105dzaj z nami","robots":{"index":"index","follow":"follow","max-snippet":"max-snippet:-1","max-image-preview":"max-image-preview:large","max-video-preview":"max-video-preview:-1"},"canonical":"https:\/\/bobimarket.pl\/index.php\/produkt\/podpora-pierscieniowa-do-roslin-pierscienie-75-cm\/","og_locale":"pl_PL","og_type":"article","og_title":"PODPORA PIER\u015aCIENIOWA DO RO\u015aLIN PIER\u015aCIENIE 75 cm - BOBIMARKET.pl - Remontuj i urz\u0105dzaj z nami","og_description":"PODPORA PIER\u015aCIENIOWA DO RO\u015aLIN PIER\u015aCIENIE 75 cm DANE TECHNICZNE: Wysoko\u015b\u0107: 75 cm \u015arednica tyczek: 6 mm \u015arednica pier\u015bcieni: 28 cm, 26 cm, 22 cm Materia\u0142: stal powlekana polietylenem Producent: Garden Line UWAGA! Doniczka oraz kwiatek s\u0142u\u017c\u0105 do ekspozycji towaru i nie s\u0105 elementem oferty. Przedmiotem sprzeda\u017cy jest jedynie podpora. GRATIS! \u2705 W gratisie do pergoli     Czytaj wi\u0119cej \"PODPORA PIER\u015aCIENIOWA DO RO\u015aLIN PIER\u015aCIENIE 75 cm\"","og_url":"https:\/\/bobimarket.pl\/index.php\/produkt\/podpora-pierscieniowa-do-roslin-pierscienie-75-cm\/","og_site_name":"BOBIMARKET.pl - Remontuj i urz\u0105dzaj z nami","article_modified_time":"2025-02-27T13:21:33+00:00","og_image":[{"url":"https:\/\/upload.cdn.baselinker.com\/products\/14476\/314af077c2f52db99d2bdbbb8c555d7c.jpg"}],"twitter_card":"summary_large_image","twitter_misc":{"Szacowany czas czytania":"1 minuta"},"schema":{"@context":"https:\/\/schema.org","@graph":[{"@type":"WebPage","@id":"https:\/\/bobimarket.pl\/index.php\/produkt\/podpora-pierscieniowa-do-roslin-pierscienie-75-cm\/","url":"https:\/\/bobimarket.pl\/index.php\/produkt\/podpora-pierscieniowa-do-roslin-pierscienie-75-cm\/","name":"PODPORA PIER\u015aCIENIOWA DO RO\u015aLIN PIER\u015aCIENIE 75 cm - BOBIMARKET.pl - Remontuj i urz\u0105dzaj z nami","isPartOf":{"@id":"https:\/\/bobimarket.pl\/#website"},"datePublished":"2023-08-29T14:28:23+00:00","dateModified":"2025-02-27T13:21:33+00:00","breadcrumb":{"@id":"https:\/\/bobimarket.pl\/index.php\/produkt\/podpora-pierscieniowa-do-roslin-pierscienie-75-cm\/#breadcrumb"},"inLanguage":"pl-PL","potentialAction":[{"@type":"ReadAction","target":["https:\/\/bobimarket.pl\/index.php\/produkt\/podpora-pierscieniowa-do-roslin-pierscienie-75-cm\/"]}]},{"@type":"BreadcrumbList","@id":"https:\/\/bobimarket.pl\/index.php\/produkt\/podpora-pierscieniowa-do-roslin-pierscienie-75-cm\/#breadcrumb","itemListElement":[{"@type":"ListItem","position":1,"name":"Strona g\u0142\u00f3wna","item":"https:\/\/bobimarket.pl\/"},{"@type":"ListItem","position":2,"name":"Sklep","item":"https:\/\/bobimarket.pl\/index.php\/shop\/"},{"@type":"ListItem","position":3,"name":"PODPORA PIER\u015aCIENIOWA DO RO\u015aLIN PIER\u015aCIENIE 75 cm"}]},{"@type":"WebSite","@id":"https:\/\/bobimarket.pl\/#website","url":"https:\/\/bobimarket.pl\/","name":"BOBIMARKET.pl - Remontuj i urz\u0105dzaj z nami","description":"Remontuj i urz\u0105dzaj z nami","publisher":{"@id":"https:\/\/bobimarket.pl\/#organization"},"potentialAction":[{"@type":"SearchAction","target":{"@type":"EntryPoint","urlTemplate":"https:\/\/bobimarket.pl\/?s={search_term_string}"},"query-input":"required name=search_term_string"}],"inLanguage":"pl-PL"},{"@type":"Organization","@id":"https:\/\/bobimarket.pl\/#organization","name":"BOBIMARKET.pl","url":"https:\/\/bobimarket.pl\/","logo":{"@type":"ImageObject","inLanguage":"pl-PL","@id":"https:\/\/bobimarket.pl\/#\/schema\/logo\/image\/","url":"https:\/\/bobimarket.pl\/wp-content\/uploads\/2021\/11\/slogan.png","contentUrl":"https:\/\/bobimarket.pl\/wp-content\/uploads\/2021\/11\/slogan.png","width":2000,"height":384,"caption":"BOBIMARKET.pl"},"image":{"@id":"https:\/\/bobimarket.pl\/#\/schema\/logo\/image\/"}}]}},"_links":{"self":[{"href":"https:\/\/bobimarket.pl\/index.php\/wp-json\/wp\/v2\/product\/79383"}],"collection":[{"href":"https:\/\/bobimarket.pl\/index.php\/wp-json\/wp\/v2\/product"}],"about":[{"href":"https:\/\/bobimarket.pl\/index.php\/wp-json\/wp\/v2\/types\/product"}],"wp:featuredmedia":[{"embeddable":true,"href":"https:\/\/bobimarket.pl\/index.php\/wp-json\/wp\/v2\/media\/79375"}],"wp:attachment":[{"href":"https:\/\/bobimarket.pl\/index.php\/wp-json\/wp\/v2\/media?parent=79383"}],"wp:term":[{"taxonomy":"product_cat","embeddable":true,"href":"https:\/\/bobimarket.pl\/index.php\/wp-json\/wp\/v2\/product_cat?post=79383"},{"taxonomy":"product_tag","embeddable":true,"href":"https:\/\/bobimarket.pl\/index.php\/wp-json\/wp\/v2\/product_tag?post=79383"}],"curies":[{"name":"wp","href":"https:\/\/api.w.org\/{rel}","templated":true}]}}