{"id":79390,"date":"2023-08-29T14:28:36","date_gmt":"2023-08-29T14:28:36","guid":{"rendered":"https:\/\/bobimarket.pl\/index.php\/produkt\/kolo-ponton-dla-dziecka-do-plywania-siedzisko\/"},"modified":"2025-02-27T13:21:36","modified_gmt":"2025-02-27T13:21:36","slug":"kolo-ponton-dla-dziecka-do-plywania-siedzisko","status":"publish","type":"product","link":"https:\/\/bobimarket.pl\/index.php\/produkt\/kolo-ponton-dla-dziecka-do-plywania-siedzisko\/","title":{"rendered":"KO\u0141O PONTON DLA DZIECKA DO P\u0141YWANIA SIEDZISKO"},"content":{"rendered":"<section class=\"section\">\n<div class=\"item item-12\">\n<section class=\"text-item\">\n<h2>KO\u0141O DO P\u0141YWANIA DLA DZIECKA SIEDZISKO PONTON<\/h2>\n<p><b>Informacje og\u00f3lne:<\/b><\/p>\n<ul>\n<li>D\u0142ugo\u015b\u0107: <b>102 cm<\/b><\/li>\n<li>Szeroko\u015b\u0107: <b>69<\/b> <b>cm<\/b><\/li>\n<li>Materia\u0142: <b>PCV<\/b><\/li>\n<li>Wiek:<b> 3-6 lat<\/b><\/li>\n<li>Marka: <b>BESTWAY<\/b><\/li>\n<\/ul>\n<\/section><\/div>\n<\/section>\n<section class=\"section\">\n<div class=\"item item-12\">\n<section class=\"image-item\">\n            <img decoding=\"async\" src=\"https:\/\/upload.cdn.baselinker.com\/products\/14476\/435b08f5e8072f91a50d4ec0fd6d816d.jpg\" \/><br \/>\n        <\/section>\n<\/p><\/div>\n<\/section>\n<section class=\"section\">\n<div class=\"item item-12\">\n<section class=\"text-item\">\n<h2>P\u0142y\u0144 w stron\u0119 dobrej i bezpiecznej zabawy!<\/h2>\n<p>Dmuchane ko\u0142o\/siedzisko do p\u0142ywania dla maluch\u00f3w. Wakacyjny gad\u017cet, kt\u00f3ry doskonale sprawdzi si\u0119 podczas upalnych, letnich dni! Idealnie nadaje si\u0119 dla <b>najm\u0142odszych mi\u0142o\u015bnik\u00f3w wodnych zabaw!<\/b> Nadmuchiwane dno sprawia, \u017ce siedzisko jest wygodne, a dziecko b\u0119dzie chcia\u0142o w nim sp\u0119dza\u0107 czas.\u00a0<\/p>\n<p>Ko\u0142o siedzisko pomo\u017ce maluchowi w nauce p\u0142ywania i oswojeniu si\u0119 z wod\u0105. Sprawdzi si\u0119 r\u00f3wnie\u017c podczas zabawy i relaksu w basenie.<\/p>\n<ul>\n<li>Dmuchane siedzisko\u00a0 mo\u017cna ze sob\u0105 zabra\u0107 na <b>wakacyjne wyjazdy<\/b> czy <b>weekendowy wycieczki<\/b>. Zabierz je ze sob\u0105 nad morze, basen lub jezioro. Pozwala jeszcze bardziej nacieszy\u0107 si\u0119 czasem sp\u0119dzonym nad wod\u0105! Gwarantuje\u00a0<b>dobr\u0105 zabaw\u0119<\/b>\u00a0i mile sp\u0119dzony czas!<\/li>\n<\/ul>\n<\/section><\/div>\n<\/section>\n<section class=\"section\">\n<div class=\"item item-12\">\n<section class=\"image-item\">\n            <img decoding=\"async\" src=\"https:\/\/upload.cdn.baselinker.com\/products\/14476\/1005265460_5.jpg\" \/><br \/>\n        <\/section>\n<\/p><\/div>\n<\/section>\n<section class=\"section\">\n<div class=\"item item-12\">\n<section class=\"text-item\">\n<h2>\u2705 Komfortowe i bezpieczene!<\/h2>\n<ul>\n<li>Dla wszystkich tych, kt\u00f3rzy chc\u0105, aby dziecko sp\u0119dzi\u0142o przyjemnie czas, ale troszcz\u0105 si\u0119 r\u00f3wnie\u017c o jego <b>bezpiecze\u0144stwo.<\/b><\/li>\n<li>Siedzisko umo\u017cliwia bezpieczn\u0105 k\u0105piel w morzu, basenie lub jeziorze. <b>Pe\u0142ni funkcj\u0119 asekuracyjn\u0105<\/b> dla dziecka.<\/li>\n<li>Idealne <b>do p\u0142ywania i zabawy<\/b>. Kolorowy wz\u00f3r rozbudza ciekawo\u015b\u0107 i zach\u0119ca co zabawy!<\/li>\n<li>Posiadaj\u0105 zawory bezpiecze\u0144stwa, kt\u00f3re blokuj\u0105 wydostanie si\u0119 powietrza.<\/li>\n<\/ul>\n<h2>\u2705\u00a0Wytrzyma\u0142e i praktyczne<\/h2>\n<ul>\n<li>Ponton wykonano z <b>najlepszej jako\u015bci materia\u0142\u00f3w. <\/b>Wyprodukowane z solidnego materia\u0142 PVC, dzi\u0119ki czemu jest wytrzyma\u0142e. Grubo\u015b\u0107 materia\u0142u wynosi 0,18 mm.<\/li>\n<li>Jest<b> lekkie i \u0142atwe w obs\u0142udze<\/b>. Szybko i bez trudu mo\u017cna je napompowa\u0107 i wypompowa\u0107 z niego powietrze.<\/li>\n<li><b>Nie zajmuje du\u017co miejsca<\/b>\u00a0i mo\u017cna je ze sob\u0105 zabra\u0107 w dowolnie wybran\u0105 lokalizacj\u0119 i cieszy\u0107 si\u0119 urokami lata. A po sko\u0144czonej zabawie spakowa\u0107 do torebki lub plecaka.<\/li>\n<\/ul>\n<\/section><\/div>\n<\/section>\n<section class=\"section\">\n<div class=\"item item-12\">\n<section class=\"image-item\">\n            <img decoding=\"async\" src=\"https:\/\/upload.cdn.baselinker.com\/products\/14476\/b83633ca3ff4c24a66eea24b2615fcbe.jpg\" \/><br \/>\n        <\/section>\n<\/p><\/div>\n<\/section>\n<section class=\"section\">\n<div class=\"item item-12\">\n<section class=\"text-item\">\n<h2>Zabierz je ze sob\u0105 gdzie tylko chcesz!<\/h2>\n<ul>\n<li>Ko\u0142o nadaj\u0105 si\u0119 na pla\u017ce lub nad jezioro. Doskonale sprawdzi si\u0119 r\u00f3wnie\u017c w basenie ogrodowym.<\/li>\n<li>Pozwol\u0105 w pe\u0142ni wykorzysta\u0107 wakacyjn\u0105, s\u0142oneczn\u0105 pogod\u0119. Sprawia, \u017ce maluch ch\u0119tniej sp\u0119dzi czas nad wod\u0105 i b\u0119dzie si\u0119 dobrze bawi\u0142!<\/li>\n<li>Weso\u0142y i owocowy wz\u00f3r, kt\u00f3ry na pewno przypadnie do gusty najm\u0142odszym. \u00a0<\/li>\n<\/ul>\n<\/section><\/div>\n<\/section>\n<section class=\"section\">\n<div class=\"item item-12\">\n<section class=\"image-item\">\n            <img decoding=\"async\" src=\"https:\/\/upload.cdn.baselinker.com\/products\/14476\/1005265460_5.jpg\" \/><br \/>\n        <\/section>\n<\/p><\/div>\n<\/section>\n<section class=\"section\">\n<div class=\"item item-12\">\n<section class=\"text-item\">\n<p>\u2705 Komfort i wygoda u\u017cytkowania zar\u00f3wno dla dziecka jak i rodzica.<\/p>\n<p>\u2705 Dmuchane siedzisko charakteryzuje si\u0119 mi\u0119kk\u0105 i delikatn\u0105 powierzchni\u0105.<\/p>\n<p>\u2705 Wytrzyma\u0142e i solidne.\u00a0 Wykonany z mocnego tworzywa, kt\u00f3re jest odporne na drobne uszkodzenia.<\/p>\n<p>\u2705 Wysoka jako\u015b\u0107 materia\u0142u oraz wyko\u0144czenia gwarantuj\u0105 satysfakcj\u0119.<\/p>\n<p>\u2705 Lekkie i por\u0119czne. Wygodny w u\u017cytkowaniu\u00a0 i transporcie.<\/p>\n<\/section><\/div>\n<\/section>\n<section class=\"section\">\n<div class=\"item item-12\">\n<section class=\"text-item\">\n<h2>Wakacyjny hit! Nie czekaj i ju\u017c dzi\u015b zam\u00f3w dmuchany ponton dla najm\u0142odszych!<\/h2>\n<\/section><\/div>\n<\/section>\n","protected":false},"excerpt":{"rendered":"<p>KO\u0141O DO P\u0141YWANIA DLA DZIECKA SIEDZISKO PONTON Informacje og\u00f3lne: D\u0142ugo\u015b\u0107: 102 cm Szeroko\u015b\u0107: 69 cm Materia\u0142: PCV Wiek: 3-6 lat Marka: BESTWAY P\u0142y\u0144 w stron\u0119 dobrej i bezpiecznej zabawy! Dmuchane ko\u0142o\/siedzisko do p\u0142ywania dla maluch\u00f3w. Wakacyjny gad\u017cet, kt\u00f3ry doskonale sprawdzi si\u0119 podczas upalnych, letnich dni! Idealnie nadaje si\u0119 dla najm\u0142odszych mi\u0142o\u015bnik\u00f3w wodnych zabaw! Nadmuchiwane dno<br \/><a class=\"more-link\" href=\"https:\/\/bobimarket.pl\/index.php\/produkt\/kolo-ponton-dla-dziecka-do-plywania-siedzisko\/\"><br \/>\n        Czytaj wi\u0119cej<span class=\"screen-reader-text\"> &#8222;KO\u0141O PONTON DLA DZIECKA DO P\u0141YWANIA SIEDZISKO&#8221;<\/span><\/a><\/p>\n","protected":false},"featured_media":79384,"template":"","meta":[],"product_cat":[8106],"product_tag":[],"yoast_head":"<!-- This site is optimized with the Yoast SEO plugin v21.0 - https:\/\/yoast.com\/wordpress\/plugins\/seo\/ -->\n<title>KO\u0141O PONTON DLA DZIECKA DO P\u0141YWANIA SIEDZISKO - BOBIMARKET.pl - Remontuj i urz\u0105dzaj z nami<\/title>\n<meta name=\"robots\" content=\"index, follow, max-snippet:-1, max-image-preview:large, max-video-preview:-1\" \/>\n<link rel=\"canonical\" href=\"https:\/\/bobimarket.pl\/index.php\/produkt\/kolo-ponton-dla-dziecka-do-plywania-siedzisko\/\" \/>\n<meta property=\"og:locale\" content=\"pl_PL\" \/>\n<meta property=\"og:type\" content=\"article\" \/>\n<meta property=\"og:title\" content=\"KO\u0141O PONTON DLA DZIECKA DO P\u0141YWANIA SIEDZISKO - BOBIMARKET.pl - Remontuj i urz\u0105dzaj z nami\" \/>\n<meta property=\"og:description\" content=\"KO\u0141O DO P\u0141YWANIA DLA DZIECKA SIEDZISKO PONTON Informacje og\u00f3lne: D\u0142ugo\u015b\u0107: 102 cm Szeroko\u015b\u0107: 69 cm Materia\u0142: PCV Wiek: 3-6 lat Marka: BESTWAY P\u0142y\u0144 w stron\u0119 dobrej i bezpiecznej zabawy! Dmuchane ko\u0142o\/siedzisko do p\u0142ywania dla maluch\u00f3w. Wakacyjny gad\u017cet, kt\u00f3ry doskonale sprawdzi si\u0119 podczas upalnych, letnich dni! Idealnie nadaje si\u0119 dla najm\u0142odszych mi\u0142o\u015bnik\u00f3w wodnych zabaw! Nadmuchiwane dno     Czytaj wi\u0119cej &quot;KO\u0141O PONTON DLA DZIECKA DO P\u0141YWANIA SIEDZISKO&quot;\" \/>\n<meta property=\"og:url\" content=\"https:\/\/bobimarket.pl\/index.php\/produkt\/kolo-ponton-dla-dziecka-do-plywania-siedzisko\/\" \/>\n<meta property=\"og:site_name\" content=\"BOBIMARKET.pl - Remontuj i urz\u0105dzaj z nami\" \/>\n<meta property=\"article:modified_time\" content=\"2025-02-27T13:21:36+00:00\" \/>\n<meta property=\"og:image\" content=\"https:\/\/upload.cdn.baselinker.com\/products\/14476\/435b08f5e8072f91a50d4ec0fd6d816d.jpg\" \/>\n<meta name=\"twitter:card\" content=\"summary_large_image\" \/>\n<meta name=\"twitter:label1\" content=\"Szacowany czas czytania\" \/>\n\t<meta name=\"twitter:data1\" content=\"2 minuty\" \/>\n<script type=\"application\/ld+json\" class=\"yoast-schema-graph\">{\"@context\":\"https:\/\/schema.org\",\"@graph\":[{\"@type\":\"WebPage\",\"@id\":\"https:\/\/bobimarket.pl\/index.php\/produkt\/kolo-ponton-dla-dziecka-do-plywania-siedzisko\/\",\"url\":\"https:\/\/bobimarket.pl\/index.php\/produkt\/kolo-ponton-dla-dziecka-do-plywania-siedzisko\/\",\"name\":\"KO\u0141O PONTON DLA DZIECKA DO P\u0141YWANIA SIEDZISKO - BOBIMARKET.pl - Remontuj i urz\u0105dzaj z nami\",\"isPartOf\":{\"@id\":\"https:\/\/bobimarket.pl\/#website\"},\"datePublished\":\"2023-08-29T14:28:36+00:00\",\"dateModified\":\"2025-02-27T13:21:36+00:00\",\"breadcrumb\":{\"@id\":\"https:\/\/bobimarket.pl\/index.php\/produkt\/kolo-ponton-dla-dziecka-do-plywania-siedzisko\/#breadcrumb\"},\"inLanguage\":\"pl-PL\",\"potentialAction\":[{\"@type\":\"ReadAction\",\"target\":[\"https:\/\/bobimarket.pl\/index.php\/produkt\/kolo-ponton-dla-dziecka-do-plywania-siedzisko\/\"]}]},{\"@type\":\"BreadcrumbList\",\"@id\":\"https:\/\/bobimarket.pl\/index.php\/produkt\/kolo-ponton-dla-dziecka-do-plywania-siedzisko\/#breadcrumb\",\"itemListElement\":[{\"@type\":\"ListItem\",\"position\":1,\"name\":\"Strona g\u0142\u00f3wna\",\"item\":\"https:\/\/bobimarket.pl\/\"},{\"@type\":\"ListItem\",\"position\":2,\"name\":\"Sklep\",\"item\":\"https:\/\/bobimarket.pl\/index.php\/shop\/\"},{\"@type\":\"ListItem\",\"position\":3,\"name\":\"KO\u0141O PONTON DLA DZIECKA DO P\u0141YWANIA SIEDZISKO\"}]},{\"@type\":\"WebSite\",\"@id\":\"https:\/\/bobimarket.pl\/#website\",\"url\":\"https:\/\/bobimarket.pl\/\",\"name\":\"BOBIMARKET.pl - Remontuj i urz\u0105dzaj z nami\",\"description\":\"Remontuj i urz\u0105dzaj z nami\",\"publisher\":{\"@id\":\"https:\/\/bobimarket.pl\/#organization\"},\"potentialAction\":[{\"@type\":\"SearchAction\",\"target\":{\"@type\":\"EntryPoint\",\"urlTemplate\":\"https:\/\/bobimarket.pl\/?s={search_term_string}\"},\"query-input\":\"required name=search_term_string\"}],\"inLanguage\":\"pl-PL\"},{\"@type\":\"Organization\",\"@id\":\"https:\/\/bobimarket.pl\/#organization\",\"name\":\"BOBIMARKET.pl\",\"url\":\"https:\/\/bobimarket.pl\/\",\"logo\":{\"@type\":\"ImageObject\",\"inLanguage\":\"pl-PL\",\"@id\":\"https:\/\/bobimarket.pl\/#\/schema\/logo\/image\/\",\"url\":\"https:\/\/bobimarket.pl\/wp-content\/uploads\/2021\/11\/slogan.png\",\"contentUrl\":\"https:\/\/bobimarket.pl\/wp-content\/uploads\/2021\/11\/slogan.png\",\"width\":2000,\"height\":384,\"caption\":\"BOBIMARKET.pl\"},\"image\":{\"@id\":\"https:\/\/bobimarket.pl\/#\/schema\/logo\/image\/\"}}]}<\/script>\n<!-- \/ Yoast SEO plugin. -->","yoast_head_json":{"title":"KO\u0141O PONTON DLA DZIECKA DO P\u0141YWANIA SIEDZISKO - BOBIMARKET.pl - Remontuj i urz\u0105dzaj z nami","robots":{"index":"index","follow":"follow","max-snippet":"max-snippet:-1","max-image-preview":"max-image-preview:large","max-video-preview":"max-video-preview:-1"},"canonical":"https:\/\/bobimarket.pl\/index.php\/produkt\/kolo-ponton-dla-dziecka-do-plywania-siedzisko\/","og_locale":"pl_PL","og_type":"article","og_title":"KO\u0141O PONTON DLA DZIECKA DO P\u0141YWANIA SIEDZISKO - BOBIMARKET.pl - Remontuj i urz\u0105dzaj z nami","og_description":"KO\u0141O DO P\u0141YWANIA DLA DZIECKA SIEDZISKO PONTON Informacje og\u00f3lne: D\u0142ugo\u015b\u0107: 102 cm Szeroko\u015b\u0107: 69 cm Materia\u0142: PCV Wiek: 3-6 lat Marka: BESTWAY P\u0142y\u0144 w stron\u0119 dobrej i bezpiecznej zabawy! Dmuchane ko\u0142o\/siedzisko do p\u0142ywania dla maluch\u00f3w. Wakacyjny gad\u017cet, kt\u00f3ry doskonale sprawdzi si\u0119 podczas upalnych, letnich dni! Idealnie nadaje si\u0119 dla najm\u0142odszych mi\u0142o\u015bnik\u00f3w wodnych zabaw! Nadmuchiwane dno     Czytaj wi\u0119cej \"KO\u0141O PONTON DLA DZIECKA DO P\u0141YWANIA SIEDZISKO\"","og_url":"https:\/\/bobimarket.pl\/index.php\/produkt\/kolo-ponton-dla-dziecka-do-plywania-siedzisko\/","og_site_name":"BOBIMARKET.pl - Remontuj i urz\u0105dzaj z nami","article_modified_time":"2025-02-27T13:21:36+00:00","og_image":[{"url":"https:\/\/upload.cdn.baselinker.com\/products\/14476\/435b08f5e8072f91a50d4ec0fd6d816d.jpg"}],"twitter_card":"summary_large_image","twitter_misc":{"Szacowany czas czytania":"2 minuty"},"schema":{"@context":"https:\/\/schema.org","@graph":[{"@type":"WebPage","@id":"https:\/\/bobimarket.pl\/index.php\/produkt\/kolo-ponton-dla-dziecka-do-plywania-siedzisko\/","url":"https:\/\/bobimarket.pl\/index.php\/produkt\/kolo-ponton-dla-dziecka-do-plywania-siedzisko\/","name":"KO\u0141O PONTON DLA DZIECKA DO P\u0141YWANIA SIEDZISKO - BOBIMARKET.pl - Remontuj i urz\u0105dzaj z nami","isPartOf":{"@id":"https:\/\/bobimarket.pl\/#website"},"datePublished":"2023-08-29T14:28:36+00:00","dateModified":"2025-02-27T13:21:36+00:00","breadcrumb":{"@id":"https:\/\/bobimarket.pl\/index.php\/produkt\/kolo-ponton-dla-dziecka-do-plywania-siedzisko\/#breadcrumb"},"inLanguage":"pl-PL","potentialAction":[{"@type":"ReadAction","target":["https:\/\/bobimarket.pl\/index.php\/produkt\/kolo-ponton-dla-dziecka-do-plywania-siedzisko\/"]}]},{"@type":"BreadcrumbList","@id":"https:\/\/bobimarket.pl\/index.php\/produkt\/kolo-ponton-dla-dziecka-do-plywania-siedzisko\/#breadcrumb","itemListElement":[{"@type":"ListItem","position":1,"name":"Strona g\u0142\u00f3wna","item":"https:\/\/bobimarket.pl\/"},{"@type":"ListItem","position":2,"name":"Sklep","item":"https:\/\/bobimarket.pl\/index.php\/shop\/"},{"@type":"ListItem","position":3,"name":"KO\u0141O PONTON DLA DZIECKA DO P\u0141YWANIA SIEDZISKO"}]},{"@type":"WebSite","@id":"https:\/\/bobimarket.pl\/#website","url":"https:\/\/bobimarket.pl\/","name":"BOBIMARKET.pl - Remontuj i urz\u0105dzaj z nami","description":"Remontuj i urz\u0105dzaj z nami","publisher":{"@id":"https:\/\/bobimarket.pl\/#organization"},"potentialAction":[{"@type":"SearchAction","target":{"@type":"EntryPoint","urlTemplate":"https:\/\/bobimarket.pl\/?s={search_term_string}"},"query-input":"required name=search_term_string"}],"inLanguage":"pl-PL"},{"@type":"Organization","@id":"https:\/\/bobimarket.pl\/#organization","name":"BOBIMARKET.pl","url":"https:\/\/bobimarket.pl\/","logo":{"@type":"ImageObject","inLanguage":"pl-PL","@id":"https:\/\/bobimarket.pl\/#\/schema\/logo\/image\/","url":"https:\/\/bobimarket.pl\/wp-content\/uploads\/2021\/11\/slogan.png","contentUrl":"https:\/\/bobimarket.pl\/wp-content\/uploads\/2021\/11\/slogan.png","width":2000,"height":384,"caption":"BOBIMARKET.pl"},"image":{"@id":"https:\/\/bobimarket.pl\/#\/schema\/logo\/image\/"}}]}},"_links":{"self":[{"href":"https:\/\/bobimarket.pl\/index.php\/wp-json\/wp\/v2\/product\/79390"}],"collection":[{"href":"https:\/\/bobimarket.pl\/index.php\/wp-json\/wp\/v2\/product"}],"about":[{"href":"https:\/\/bobimarket.pl\/index.php\/wp-json\/wp\/v2\/types\/product"}],"wp:featuredmedia":[{"embeddable":true,"href":"https:\/\/bobimarket.pl\/index.php\/wp-json\/wp\/v2\/media\/79384"}],"wp:attachment":[{"href":"https:\/\/bobimarket.pl\/index.php\/wp-json\/wp\/v2\/media?parent=79390"}],"wp:term":[{"taxonomy":"product_cat","embeddable":true,"href":"https:\/\/bobimarket.pl\/index.php\/wp-json\/wp\/v2\/product_cat?post=79390"},{"taxonomy":"product_tag","embeddable":true,"href":"https:\/\/bobimarket.pl\/index.php\/wp-json\/wp\/v2\/product_tag?post=79390"}],"curies":[{"name":"wp","href":"https:\/\/api.w.org\/{rel}","templated":true}]}}