{"id":79411,"date":"2023-08-29T14:29:14","date_gmt":"2023-08-29T14:29:14","guid":{"rendered":"https:\/\/bobimarket.pl\/index.php\/produkt\/kolo-do-plywania-dmuchane-kolko-materac-107cm\/"},"modified":"2025-02-27T13:21:44","modified_gmt":"2025-02-27T13:21:44","slug":"kolo-do-plywania-dmuchane-kolko-materac-107cm","status":"publish","type":"product","link":"https:\/\/bobimarket.pl\/index.php\/produkt\/kolo-do-plywania-dmuchane-kolko-materac-107cm\/","title":{"rendered":"KO\u0141O DO P\u0141YWANIA DMUCHANE K\u00d3\u0141KO MATERAC 107CM"},"content":{"rendered":"<section class=\"section\">\n<div class=\"item item-12\">\n<section class=\"text-item\">\n<h2>KO\u0141O DO P\u0141YWANIA DMUCHANE K\u00d3\u0141KO MATERAC 107CM<\/h2>\n<p><b>Informacje og\u00f3lne:<\/b><\/p>\n<ul>\n<li>\u015arednica: <b>107 cm<\/b><\/li>\n<li>Materia\u0142: <b>winyl<\/b><\/li>\n<li>Wiek:<b> powy\u017cej 12 lat <\/b><\/li>\n<li>Marka: <b>BESTWAY<\/b><\/li>\n<li><b>Kolor: r\u00f3\u017cowy <\/b><\/li>\n<\/ul>\n<h2>Zestaw zawiera dmuchane ko\u0142o + zestaw naprawczy!<\/h2>\n<\/section><\/div>\n<\/section>\n<section class=\"section\">\n<div class=\"item item-12\">\n<section class=\"image-item\">\n            <img decoding=\"async\" src=\"https:\/\/upload.cdn.baselinker.com\/products\/14476\/1005267426_1.jpg\" \/><br \/>\n        <\/section>\n<\/p><\/div>\n<\/section>\n<section class=\"section\">\n<div class=\"item item-12\">\n<section class=\"text-item\">\n<h2>P\u0142y\u0144 w stron\u0119 dobrej zabawy!<\/h2>\n<p>Kolorowe\u00a0<b>dmuchane ko\u0142o pla\u017cowe w kszta\u0142cie donata!<\/b>\u00a0To wakacyjny gad\u017cet, kt\u00f3ry doskonale sprawdzi si\u0119 podczas upalnych, letnich dni! Idealnie nadaje si\u0119 zar\u00f3wno dla dzieci jak i doros\u0142ych.\u00a0Ko\u0142o wyr\u00f3\u017cnia si\u0119 niebanalnym i ciekawym wzorem, kt\u00f3ry pozwoli Ci wyr\u00f3\u017cni\u0107 si\u0119 na pla\u017cy! Ju\u017c samo patrzenie na nie poprawia humor!<\/p>\n<ul>\n<li>Gwarantuje\u00a0<b>dobr\u0105 zabaw\u0119<\/b>\u00a0i mile sp\u0119dzony czas! Pozwala jeszcze bardziej nacieszy\u0107 si\u0119 czasem sp\u0119dzonym nad wod\u0105!<\/li>\n<li>Dmuchane ko\u0142o mo\u017cna ze sob\u0105 zabra\u0107 na <b>wakacyjne wyjazdy<\/b> czy <b>weekendowy wycieczki<\/b>. Sprawdzi si\u0119 na pla\u017cy lub na basenie. Mo\u017cesz je\u00a0 ze sob\u0105 zabra\u0107 r\u00f3wnie\u017c nad jezioro.<\/li>\n<\/ul>\n<\/section><\/div>\n<\/section>\n<section class=\"section\">\n<div class=\"item item-12\">\n<section class=\"image-item\">\n            <img decoding=\"async\" src=\"https:\/\/upload.cdn.baselinker.com\/products\/14476\/1005267426_7.jpg\" \/><br \/>\n        <\/section>\n<\/p><\/div>\n<\/section>\n<section class=\"section\">\n<div class=\"item item-12\">\n<section class=\"text-item\">\n<h2>\u2705\u00a0Komfortowe<\/h2>\n<ul>\n<li>Ko\u0142o umo\u017cliwia bezpieczn\u0105 k\u0105piel w morzu, basenie lub jeziorze. Odpowiednia wielko\u015b\u0107 umo\u017cliwia komfortowy wypoczynek dzieciom i doros\u0142ym!<\/li>\n<li>Idealny do p\u0142ywania, zabawy i wylegiwania si\u0119!\u00a0 DONATA pokocha ka\u017cdy kto ceni sobie wygod\u0119 podczas wypoczynku!<\/li>\n<\/ul>\n<h2>\u2705\u00a0Praktyczne<\/h2>\n<ul>\n<li>Dmuchane ko\u0142o pla\u017cowe jest\u00a0<b>lekki i \u0142atwe w obs\u0142udze<\/b>. Szybko i bez trudu mo\u017cna je napompowa\u0107 i wypompowa\u0107 z niego powietrze.<\/li>\n<li><b>Nie zajmuje du\u017co miejsca<\/b>\u00a0i mo\u017cna go ze sob\u0105 zabra\u0107 w dowolnie wybran\u0105 lokalizacj\u0119 i cieszy\u0107 si\u0119 urokami lata. A po sko\u0144czonej zabawie spakowa\u0107 do torebki lub plecaka.<\/li>\n<\/ul>\n<h2>\u2705\u00a0Wytrzyma\u0142e<\/h2>\n<ul>\n<li>Ko\u0142o wykonane z wytrzyma\u0142ego winylu. Dodatkowo posiada dwie komory powietrzne.\u00a0Uniesie osob\u0119 o maksymalnej wadze 90 kg.<\/li>\n<li>Ma\u00a0<b>solidn\u0105 i trwa\u0142\u0105 konstrukcj\u0119<\/b>. Dodatkowo posiada zawory bezpiecze\u0144stwa.\u00a0<\/li>\n<li>Ko\u0142o mo\u017ce pos\u0142u\u017cy\u0107 przez kilka sezon\u00f3w, a w razie drobnych uszkodze\u0144 do ko\u0142a do\u0142\u0105czono<b>\u00a0zestaw naprawczy.\u00a0<\/b>\u0141atka pozwoli na napraw\u0119 drobnych uszkodze\u0144.<\/li>\n<\/ul>\n<\/section><\/div>\n<\/section>\n<section class=\"section\">\n<div class=\"item item-12\">\n<section class=\"image-item\">\n            <img decoding=\"async\" src=\"https:\/\/upload.cdn.baselinker.com\/products\/14476\/1005267426_2.jpg\" \/><br \/>\n        <\/section>\n<\/p><\/div>\n<\/section>\n<section class=\"section\">\n<div class=\"item item-12\">\n<section class=\"text-item\">\n<h2>Zabierz je ze sob\u0105 gdzie tylko chcesz i baw si\u0119 dobrze!<\/h2>\n<ul>\n<li>Ko\u0142o nadaje si\u0119 na pla\u017ce lub nad jezioro. Doskonale sprawdzi si\u0119 r\u00f3wnie\u017c w basenie ogrodowym.<\/li>\n<li>Pozwoli Ci wygodnie odpocz\u0105\u0107 i w pe\u0142ni wykorzysta\u0107 wakacyjn\u0105, s\u0142oneczn\u0105 pogod\u0119.\u00a0<\/li>\n<li>Weso\u0142y, kolorowy wz\u00f3r sprawia, \u017ce mi\u0142o\u015bnicy s\u0142o\u0144ca mog\u0105 sp\u0119dzi\u0107 dzie\u0144 w dobrym stylu.<\/li>\n<\/ul>\n<\/section><\/div>\n<\/section>\n<section class=\"section\">\n<div class=\"item item-12\">\n<section class=\"image-item\">\n            <img decoding=\"async\" src=\"https:\/\/upload.cdn.baselinker.com\/products\/14476\/1005267426_5.jpg\" \/><br \/>\n        <\/section>\n<\/p><\/div>\n<\/section>\n<section class=\"section\">\n<div class=\"item item-12\">\n<section class=\"text-item\">\n<h2>\u2705 Ko\u0142o dmuchane, kt\u00f3re doceni ka\u017cdy pla\u017cowicz!<\/h2>\n<ul>\n<li>Komfort i wygoda u\u017cytkowania.\u00a0<\/li>\n<li>Mi\u0119kka i delikatna powierzchnia.\u00a0<\/li>\n<li>Wytrzyma\u0142e, wykonany z mocnego tworzywa.<\/li>\n<li>Wysoka jako\u015b\u0107 materia\u0142u oraz wyko\u0144czenia gwarantuj\u0105 satysfakcj\u0119<\/li>\n<li>Lekkie i por\u0119czne. \u0141atwe w transporcie.<\/li>\n<li>Do\u0142\u0105czony zestaw naprawczy.\u00a0<\/li>\n<\/ul>\n<\/section><\/div>\n<\/section>\n<section class=\"section\">\n<div class=\"item item-12\">\n<section class=\"text-item\">\n<h1>Wakacyjny hit! Je\u017celi szukasz niebanalnego gad\u017cetu &#8211; nie czekaj i ju\u017c dzi\u015b zam\u00f3w ko\u0142o w kszta\u0142cie DONATA!<\/h1>\n<\/section><\/div>\n<\/section>\n<section class=\"section\">\n<div class=\"item item-12\">\n<section class=\"image-item\">\n            <img decoding=\"async\" src=\"https:\/\/upload.cdn.baselinker.com\/products\/14476\/1005267426_1.jpg\" \/><br \/>\n        <\/section>\n<\/p><\/div>\n<\/section>\n","protected":false},"excerpt":{"rendered":"<p>KO\u0141O DO P\u0141YWANIA DMUCHANE K\u00d3\u0141KO MATERAC 107CM Informacje og\u00f3lne: \u015arednica: 107 cm Materia\u0142: winyl Wiek: powy\u017cej 12 lat Marka: BESTWAY Kolor: r\u00f3\u017cowy Zestaw zawiera dmuchane ko\u0142o + zestaw naprawczy! P\u0142y\u0144 w stron\u0119 dobrej zabawy! Kolorowe\u00a0dmuchane ko\u0142o pla\u017cowe w kszta\u0142cie donata!\u00a0To wakacyjny gad\u017cet, kt\u00f3ry doskonale sprawdzi si\u0119 podczas upalnych, letnich dni! Idealnie nadaje si\u0119 zar\u00f3wno dla<br \/><a class=\"more-link\" href=\"https:\/\/bobimarket.pl\/index.php\/produkt\/kolo-do-plywania-dmuchane-kolko-materac-107cm\/\"><br \/>\n        Czytaj wi\u0119cej<span class=\"screen-reader-text\"> &#8222;KO\u0141O DO P\u0141YWANIA DMUCHANE K\u00d3\u0141KO MATERAC 107CM&#8221;<\/span><\/a><\/p>\n","protected":false},"featured_media":79403,"template":"","meta":[],"product_cat":[8106],"product_tag":[],"yoast_head":"<!-- This site is optimized with the Yoast SEO plugin v21.0 - https:\/\/yoast.com\/wordpress\/plugins\/seo\/ -->\n<title>KO\u0141O DO P\u0141YWANIA DMUCHANE K\u00d3\u0141KO MATERAC 107CM - BOBIMARKET.pl - Remontuj i urz\u0105dzaj z nami<\/title>\n<meta name=\"robots\" content=\"index, follow, max-snippet:-1, max-image-preview:large, max-video-preview:-1\" \/>\n<link rel=\"canonical\" href=\"https:\/\/bobimarket.pl\/index.php\/produkt\/kolo-do-plywania-dmuchane-kolko-materac-107cm\/\" \/>\n<meta property=\"og:locale\" content=\"pl_PL\" \/>\n<meta property=\"og:type\" content=\"article\" \/>\n<meta property=\"og:title\" content=\"KO\u0141O DO P\u0141YWANIA DMUCHANE K\u00d3\u0141KO MATERAC 107CM - BOBIMARKET.pl - Remontuj i urz\u0105dzaj z nami\" \/>\n<meta property=\"og:description\" content=\"KO\u0141O DO P\u0141YWANIA DMUCHANE K\u00d3\u0141KO MATERAC 107CM Informacje og\u00f3lne: \u015arednica: 107 cm Materia\u0142: winyl Wiek: powy\u017cej 12 lat Marka: BESTWAY Kolor: r\u00f3\u017cowy Zestaw zawiera dmuchane ko\u0142o + zestaw naprawczy! P\u0142y\u0144 w stron\u0119 dobrej zabawy! Kolorowe\u00a0dmuchane ko\u0142o pla\u017cowe w kszta\u0142cie donata!\u00a0To wakacyjny gad\u017cet, kt\u00f3ry doskonale sprawdzi si\u0119 podczas upalnych, letnich dni! Idealnie nadaje si\u0119 zar\u00f3wno dla     Czytaj wi\u0119cej &quot;KO\u0141O DO P\u0141YWANIA DMUCHANE K\u00d3\u0141KO MATERAC 107CM&quot;\" \/>\n<meta property=\"og:url\" content=\"https:\/\/bobimarket.pl\/index.php\/produkt\/kolo-do-plywania-dmuchane-kolko-materac-107cm\/\" \/>\n<meta property=\"og:site_name\" content=\"BOBIMARKET.pl - Remontuj i urz\u0105dzaj z nami\" \/>\n<meta property=\"article:modified_time\" content=\"2025-02-27T13:21:44+00:00\" \/>\n<meta property=\"og:image\" content=\"https:\/\/upload.cdn.baselinker.com\/products\/14476\/1005267426_1.jpg\" \/>\n<meta name=\"twitter:card\" content=\"summary_large_image\" \/>\n<meta name=\"twitter:label1\" content=\"Szacowany czas czytania\" \/>\n\t<meta name=\"twitter:data1\" content=\"2 minuty\" \/>\n<script type=\"application\/ld+json\" class=\"yoast-schema-graph\">{\"@context\":\"https:\/\/schema.org\",\"@graph\":[{\"@type\":\"WebPage\",\"@id\":\"https:\/\/bobimarket.pl\/index.php\/produkt\/kolo-do-plywania-dmuchane-kolko-materac-107cm\/\",\"url\":\"https:\/\/bobimarket.pl\/index.php\/produkt\/kolo-do-plywania-dmuchane-kolko-materac-107cm\/\",\"name\":\"KO\u0141O DO P\u0141YWANIA DMUCHANE K\u00d3\u0141KO MATERAC 107CM - BOBIMARKET.pl - Remontuj i urz\u0105dzaj z nami\",\"isPartOf\":{\"@id\":\"https:\/\/bobimarket.pl\/#website\"},\"datePublished\":\"2023-08-29T14:29:14+00:00\",\"dateModified\":\"2025-02-27T13:21:44+00:00\",\"breadcrumb\":{\"@id\":\"https:\/\/bobimarket.pl\/index.php\/produkt\/kolo-do-plywania-dmuchane-kolko-materac-107cm\/#breadcrumb\"},\"inLanguage\":\"pl-PL\",\"potentialAction\":[{\"@type\":\"ReadAction\",\"target\":[\"https:\/\/bobimarket.pl\/index.php\/produkt\/kolo-do-plywania-dmuchane-kolko-materac-107cm\/\"]}]},{\"@type\":\"BreadcrumbList\",\"@id\":\"https:\/\/bobimarket.pl\/index.php\/produkt\/kolo-do-plywania-dmuchane-kolko-materac-107cm\/#breadcrumb\",\"itemListElement\":[{\"@type\":\"ListItem\",\"position\":1,\"name\":\"Strona g\u0142\u00f3wna\",\"item\":\"https:\/\/bobimarket.pl\/\"},{\"@type\":\"ListItem\",\"position\":2,\"name\":\"Sklep\",\"item\":\"https:\/\/bobimarket.pl\/index.php\/shop\/\"},{\"@type\":\"ListItem\",\"position\":3,\"name\":\"KO\u0141O DO P\u0141YWANIA DMUCHANE K\u00d3\u0141KO MATERAC 107CM\"}]},{\"@type\":\"WebSite\",\"@id\":\"https:\/\/bobimarket.pl\/#website\",\"url\":\"https:\/\/bobimarket.pl\/\",\"name\":\"BOBIMARKET.pl - Remontuj i urz\u0105dzaj z nami\",\"description\":\"Remontuj i urz\u0105dzaj z nami\",\"publisher\":{\"@id\":\"https:\/\/bobimarket.pl\/#organization\"},\"potentialAction\":[{\"@type\":\"SearchAction\",\"target\":{\"@type\":\"EntryPoint\",\"urlTemplate\":\"https:\/\/bobimarket.pl\/?s={search_term_string}\"},\"query-input\":\"required name=search_term_string\"}],\"inLanguage\":\"pl-PL\"},{\"@type\":\"Organization\",\"@id\":\"https:\/\/bobimarket.pl\/#organization\",\"name\":\"BOBIMARKET.pl\",\"url\":\"https:\/\/bobimarket.pl\/\",\"logo\":{\"@type\":\"ImageObject\",\"inLanguage\":\"pl-PL\",\"@id\":\"https:\/\/bobimarket.pl\/#\/schema\/logo\/image\/\",\"url\":\"https:\/\/bobimarket.pl\/wp-content\/uploads\/2021\/11\/slogan.png\",\"contentUrl\":\"https:\/\/bobimarket.pl\/wp-content\/uploads\/2021\/11\/slogan.png\",\"width\":2000,\"height\":384,\"caption\":\"BOBIMARKET.pl\"},\"image\":{\"@id\":\"https:\/\/bobimarket.pl\/#\/schema\/logo\/image\/\"}}]}<\/script>\n<!-- \/ Yoast SEO plugin. -->","yoast_head_json":{"title":"KO\u0141O DO P\u0141YWANIA DMUCHANE K\u00d3\u0141KO MATERAC 107CM - BOBIMARKET.pl - Remontuj i urz\u0105dzaj z nami","robots":{"index":"index","follow":"follow","max-snippet":"max-snippet:-1","max-image-preview":"max-image-preview:large","max-video-preview":"max-video-preview:-1"},"canonical":"https:\/\/bobimarket.pl\/index.php\/produkt\/kolo-do-plywania-dmuchane-kolko-materac-107cm\/","og_locale":"pl_PL","og_type":"article","og_title":"KO\u0141O DO P\u0141YWANIA DMUCHANE K\u00d3\u0141KO MATERAC 107CM - BOBIMARKET.pl - Remontuj i urz\u0105dzaj z nami","og_description":"KO\u0141O DO P\u0141YWANIA DMUCHANE K\u00d3\u0141KO MATERAC 107CM Informacje og\u00f3lne: \u015arednica: 107 cm Materia\u0142: winyl Wiek: powy\u017cej 12 lat Marka: BESTWAY Kolor: r\u00f3\u017cowy Zestaw zawiera dmuchane ko\u0142o + zestaw naprawczy! P\u0142y\u0144 w stron\u0119 dobrej zabawy! Kolorowe\u00a0dmuchane ko\u0142o pla\u017cowe w kszta\u0142cie donata!\u00a0To wakacyjny gad\u017cet, kt\u00f3ry doskonale sprawdzi si\u0119 podczas upalnych, letnich dni! Idealnie nadaje si\u0119 zar\u00f3wno dla     Czytaj wi\u0119cej \"KO\u0141O DO P\u0141YWANIA DMUCHANE K\u00d3\u0141KO MATERAC 107CM\"","og_url":"https:\/\/bobimarket.pl\/index.php\/produkt\/kolo-do-plywania-dmuchane-kolko-materac-107cm\/","og_site_name":"BOBIMARKET.pl - Remontuj i urz\u0105dzaj z nami","article_modified_time":"2025-02-27T13:21:44+00:00","og_image":[{"url":"https:\/\/upload.cdn.baselinker.com\/products\/14476\/1005267426_1.jpg"}],"twitter_card":"summary_large_image","twitter_misc":{"Szacowany czas czytania":"2 minuty"},"schema":{"@context":"https:\/\/schema.org","@graph":[{"@type":"WebPage","@id":"https:\/\/bobimarket.pl\/index.php\/produkt\/kolo-do-plywania-dmuchane-kolko-materac-107cm\/","url":"https:\/\/bobimarket.pl\/index.php\/produkt\/kolo-do-plywania-dmuchane-kolko-materac-107cm\/","name":"KO\u0141O DO P\u0141YWANIA DMUCHANE K\u00d3\u0141KO MATERAC 107CM - BOBIMARKET.pl - Remontuj i urz\u0105dzaj z nami","isPartOf":{"@id":"https:\/\/bobimarket.pl\/#website"},"datePublished":"2023-08-29T14:29:14+00:00","dateModified":"2025-02-27T13:21:44+00:00","breadcrumb":{"@id":"https:\/\/bobimarket.pl\/index.php\/produkt\/kolo-do-plywania-dmuchane-kolko-materac-107cm\/#breadcrumb"},"inLanguage":"pl-PL","potentialAction":[{"@type":"ReadAction","target":["https:\/\/bobimarket.pl\/index.php\/produkt\/kolo-do-plywania-dmuchane-kolko-materac-107cm\/"]}]},{"@type":"BreadcrumbList","@id":"https:\/\/bobimarket.pl\/index.php\/produkt\/kolo-do-plywania-dmuchane-kolko-materac-107cm\/#breadcrumb","itemListElement":[{"@type":"ListItem","position":1,"name":"Strona g\u0142\u00f3wna","item":"https:\/\/bobimarket.pl\/"},{"@type":"ListItem","position":2,"name":"Sklep","item":"https:\/\/bobimarket.pl\/index.php\/shop\/"},{"@type":"ListItem","position":3,"name":"KO\u0141O DO P\u0141YWANIA DMUCHANE K\u00d3\u0141KO MATERAC 107CM"}]},{"@type":"WebSite","@id":"https:\/\/bobimarket.pl\/#website","url":"https:\/\/bobimarket.pl\/","name":"BOBIMARKET.pl - Remontuj i urz\u0105dzaj z nami","description":"Remontuj i urz\u0105dzaj z nami","publisher":{"@id":"https:\/\/bobimarket.pl\/#organization"},"potentialAction":[{"@type":"SearchAction","target":{"@type":"EntryPoint","urlTemplate":"https:\/\/bobimarket.pl\/?s={search_term_string}"},"query-input":"required name=search_term_string"}],"inLanguage":"pl-PL"},{"@type":"Organization","@id":"https:\/\/bobimarket.pl\/#organization","name":"BOBIMARKET.pl","url":"https:\/\/bobimarket.pl\/","logo":{"@type":"ImageObject","inLanguage":"pl-PL","@id":"https:\/\/bobimarket.pl\/#\/schema\/logo\/image\/","url":"https:\/\/bobimarket.pl\/wp-content\/uploads\/2021\/11\/slogan.png","contentUrl":"https:\/\/bobimarket.pl\/wp-content\/uploads\/2021\/11\/slogan.png","width":2000,"height":384,"caption":"BOBIMARKET.pl"},"image":{"@id":"https:\/\/bobimarket.pl\/#\/schema\/logo\/image\/"}}]}},"_links":{"self":[{"href":"https:\/\/bobimarket.pl\/index.php\/wp-json\/wp\/v2\/product\/79411"}],"collection":[{"href":"https:\/\/bobimarket.pl\/index.php\/wp-json\/wp\/v2\/product"}],"about":[{"href":"https:\/\/bobimarket.pl\/index.php\/wp-json\/wp\/v2\/types\/product"}],"wp:featuredmedia":[{"embeddable":true,"href":"https:\/\/bobimarket.pl\/index.php\/wp-json\/wp\/v2\/media\/79403"}],"wp:attachment":[{"href":"https:\/\/bobimarket.pl\/index.php\/wp-json\/wp\/v2\/media?parent=79411"}],"wp:term":[{"taxonomy":"product_cat","embeddable":true,"href":"https:\/\/bobimarket.pl\/index.php\/wp-json\/wp\/v2\/product_cat?post=79411"},{"taxonomy":"product_tag","embeddable":true,"href":"https:\/\/bobimarket.pl\/index.php\/wp-json\/wp\/v2\/product_tag?post=79411"}],"curies":[{"name":"wp","href":"https:\/\/api.w.org\/{rel}","templated":true}]}}