{"id":79417,"date":"2023-08-29T14:29:45","date_gmt":"2023-08-29T14:29:45","guid":{"rendered":"https:\/\/bobimarket.pl\/index.php\/produkt\/basen-stelazowy-ogrodowy-dla-dzieci-152x38cm\/"},"modified":"2025-02-27T13:21:47","modified_gmt":"2025-02-27T13:21:47","slug":"basen-stelazowy-ogrodowy-dla-dzieci-152x38cm","status":"publish","type":"product","link":"https:\/\/bobimarket.pl\/index.php\/produkt\/basen-stelazowy-ogrodowy-dla-dzieci-152x38cm\/","title":{"rendered":"BASEN STELA\u017bOWY OGRODOWY DLA DZIECI 152x38cm"},"content":{"rendered":"<section class=\"section\">\n<div class=\"item item-12\">\n<section class=\"text-item\">\n<h2>BASEN STELA\u017bOWY OGRODOWY DLA DZIECI 152x38cm<\/h2>\n<p><b>Informacje og\u00f3lne:<\/b><\/p>\n<ul>\n<li>\u015arednica: <b>152 cm<\/b><\/li>\n<li>Wysoko\u015b\u0107: <b>38 cm<\/b><\/li>\n<li>Pojemno\u015b\u0107: <b>580l<\/b><\/li>\n<li>Materia\u0142 basenu: <b>PCV<\/b><\/li>\n<li>Kszta\u0142t zbiornika: <b>okr\u0105g\u0142y\u00a0<\/b><\/li>\n<li>Rodzaj: <b>stela\u017cowy<\/b><\/li>\n<li>Marka: <b>BESTWAY<\/b><\/li>\n<\/ul>\n<p><b>Zastaw zawiera:\u00a0<\/b><\/p>\n<ul>\n<li>Pow\u0142ok\u0119 basenu\u00a0<\/li>\n<li>Metalowy stela\u017c<\/li>\n<li>Instrukcj\u0119 obs\u0142ugi ( w j\u0119zyku polskim).<\/li>\n<\/ul>\n<\/section><\/div>\n<\/section>\n<section class=\"section\">\n<div class=\"item item-12\">\n<section class=\"image-item\">\n            <img decoding=\"async\" src=\"https:\/\/upload.cdn.baselinker.com\/products\/14476\/1005283894_2.jpg\" \/><br \/>\n        <\/section>\n<\/p><\/div>\n<\/section>\n<section class=\"section\">\n<div class=\"item item-12\">\n<section class=\"text-item\">\n<h2>Basen jest bardzo \u0142atwy w monta\u017cu. Roz\u0142o\u017cysz go w trzech prostych krokach.<\/h2>\n<p>Nale\u017cy roz\u0142o\u017cy\u0107 basen na r\u00f3wnym pod\u0142o\u017cu, napompowa\u0107 i\u00a0 wype\u0142ni\u0107 zbiornik wod\u0105. Zaleca si\u0119, aby basen by\u0142 wype\u0142niony w 80 %. Do instalacji basenu nie s\u0105 potrzebne \u017cadne dodatkowe narz\u0119dzia.<\/p>\n<ul>\n<li>Gwarantuje\u00a0<b>dobr\u0105 zabaw\u0119<\/b>\u00a0i mile sp\u0119dzony czas! Pozwala jeszcze bardziej nacieszy\u0107 si\u0119 czasem sp\u0119dzonym nad wod\u0105!<\/li>\n<li>Pozwoli Ci wygodnie odpocz\u0105\u0107 i w pe\u0142ni wykorzysta\u0107 wakacyjn\u0105, s\u0142oneczn\u0105 pogod\u0119.\u00a0<\/li>\n<li>Najm\u0142odsi mi\u0142o\u015bnicy wodnych zabaw b\u0119d\u0105 si\u0119 \u015bwietnie bawi\u0107 i aktywnie sp\u0119dz\u0105 czas na \u015bwie\u017cym powietrzu.\u00a0<\/li>\n<li>\u015awietny spos\u00f3b na ucieczk\u0119 przed upa\u0142em w letnie dni.\u00a0<\/li>\n<\/ul>\n<\/section><\/div>\n<\/section>\n<section class=\"section\">\n<div class=\"item item-12\">\n<section class=\"image-item\">\n            <img decoding=\"async\" src=\"https:\/\/upload.cdn.baselinker.com\/products\/14476\/1005283894_1.jpg\" \/><br \/>\n        <\/section>\n<\/p><\/div>\n<\/section>\n<section class=\"section\">\n<div class=\"item item-12\">\n<section class=\"text-item\">\n<h2>\u2705 Jako\u015b\u0107 i wytrzyma\u0142o\u015b\u0107<\/h2>\n<ul>\n<li><b>Solidnie wykonany stela\u017cowy basen<\/b>, kt\u00f3ry pos\u0142u\u017cy Ci\u00a0przez kilka sezon\u00f3w. Pow\u0142oka zbiornika wyprodukowano z mocnego 3-warstwowego PCV.\u00a0<\/li>\n<li>Stela\u017c podtrzymuj\u0105cy zbiornik to <b>antykorozyjne, metalowe rurki<\/b>, kt\u00f3re zapewniaj\u0105 stabilno\u015b\u0107.\u00a0<\/li>\n<li>Ma\u00a0solidn\u0105 i trwa\u0142\u0105 konstrukcj\u0119.\u00a0Basen dodatkowo posiada za\u015blepki otwor\u00f3w na pomp\u0119.<\/li>\n<\/ul>\n<h2>\u2705 Praktyczny i komfortowy<\/h2>\n<ul>\n<li>Na wypadek\u00a0 drobnych uszkodze\u0144 do basenu stela\u017cowego do\u0142\u0105czono<b>\u00a0zestaw naprawczy.\u00a0<\/b>\u0141atka pozwoli na szybk\u0105 napraw\u0119 drobnych uszkodze\u0144.Wystarczy dok\u0142adnie oczy\u015bci\u0107 i osuszy\u0107 naprawion\u0105 powierzchni\u0119 i przyklei\u0107 \u0142atk\u0119.\u00a0<\/li>\n<li>Kszta\u0142t i wielko\u015b\u0107 basenu sprawiaj\u0105, \u017ce mo\u017cna go roz\u0142o\u017cy\u0107 w ogrodzie lub tarasie.\u00a0<\/li>\n<li>Basen po z\u0142o\u017ceniu <b>zajmuje ma\u0142o miejsca<\/b> i jest \u0142atwy do przechowywania.\u00a0<\/li>\n<\/ul>\n<\/section><\/div>\n<\/section>\n<section class=\"section\">\n<div class=\"item item-12\">\n<section class=\"image-item\">\n            <img decoding=\"async\" src=\"https:\/\/upload.cdn.baselinker.com\/products\/14476\/1005283894_6.jpg\" \/><br \/>\n        <\/section>\n<\/p><\/div>\n<\/section>\n<section class=\"section\">\n<div class=\"item item-12\">\n<section class=\"text-item\">\n<h2>Basen jest bardzo \u0142atwy w monta\u017cu. Roz\u0142o\u017cysz go w trzech prostych krokach.<\/h2>\n<p>Nale\u017cy roz\u0142o\u017cy\u0107 stela\u017c na r\u00f3wnym pod\u0142o\u017cu, a zbiornik wype\u0142ni\u0107 wod\u0105. Zaleca si\u0119, aby basen by\u0142 wype\u0142niony w 90 %. Do instalacji basenu nie s\u0105 potrzebne \u017cadne dodatkowe narz\u0119dzia.\u00a0<\/p>\n<p>\u2757 <b>Pami\u0119taj <\/b>\u2757<\/p>\n<ul>\n<li>Basen powinien by\u0107 roz\u0142o\u017cony na r\u00f3wnej powierzchni.<\/li>\n<li>Unikaj pochy\u0142ego terenu z wystaj\u0105cymi korzeniami i nier\u00f3wno\u015bciami, kt\u00f3re mog\u0142yby uszkodzi\u0107 dno zbiornika.\u00a0<\/li>\n<\/ul>\n<\/section><\/div>\n<\/section>\n<section class=\"section\">\n<div class=\"item item-12\">\n<section class=\"image-item\">\n            <img decoding=\"async\" src=\"https:\/\/upload.cdn.baselinker.com\/products\/14476\/1005283894_1.jpg\" \/><br \/>\n        <\/section>\n<\/p><\/div>\n<\/section>\n<section class=\"section\">\n<div class=\"item item-12\">\n<section class=\"text-item\">\n<h2>\u2705 Wakacyjny hit!\u00a0Idealny do p\u0142ywania, zabawy i wylegiwania si\u0119!<\/h2>\n<ul>\n<li>Twoje dziecko zapomni o nudzie. Basen zach\u0119ci dzieci do aktywnego sp\u0119dzania czasu!<\/li>\n<li>najm\u0142odszym pomo\u017ce oswoi\u0107 si\u0119 z woda i pos\u0142u\u017cy do nauki p\u0142ywania.\u00a0<\/li>\n<li>Basen pokochaj\u0105 nie tylko dzieci ale r\u00f3wnie\u017c doro\u015bli. Mo\u017cesz si\u0119 zrelaksowa\u0107 w swoich ogrodzie!<\/li>\n<\/ul>\n<h2>\u2705 Ciesz si\u0119 wakacyjnym czasem!<\/h2>\n<ul>\n<li>Wysoka jako\u015b\u0107.\u00a0Wytrzyma\u0142y, wykonany z mocnego tworzywa.<\/li>\n<li>Metalowy stela\u017c, odporny na korozj\u0119<\/li>\n<li>\u0141atwy monta\u017c. Roz\u0142o\u017ceniu basenu zajmuje kilka minut.\u00a0<\/li>\n<li>Idealny do p\u0142ywania, odpoczynku i zabawy<\/li>\n<li>Do\u0142\u0105czony zestaw naprawczy.\u00a0<\/li>\n<\/ul>\n<h2>Zapowiada si\u0119 ciep\u0142e lato! Nie czekaj i ju\u017c dzisiaj zam\u00f3w sw\u00f3j basen!<\/h2>\n<\/section><\/div>\n<\/section>\n<section class=\"section\">\n<div class=\"item item-12\">\n<section class=\"text-item\">\n<h2>Na naszych pozosta\u0142ych aukcjach znajdziesz k\u00f3\u0142ka, materace, pi\u0142ki pla\u017cowe i p\u0142ywaczki. \u00a0Te pla\u017cowe akcesoria razem stworz\u0105\u00a0 idealny wakacyjny zestaw i sprawi\u0105, b\u0119dziesz si\u0119 \u015bwietnie bawi\u0142 tego lata!<\/h2>\n<\/section><\/div>\n<\/section>\n","protected":false},"excerpt":{"rendered":"<p>BASEN STELA\u017bOWY OGRODOWY DLA DZIECI 152x38cm Informacje og\u00f3lne: \u015arednica: 152 cm Wysoko\u015b\u0107: 38 cm Pojemno\u015b\u0107: 580l Materia\u0142 basenu: PCV Kszta\u0142t zbiornika: okr\u0105g\u0142y\u00a0 Rodzaj: stela\u017cowy Marka: BESTWAY Zastaw zawiera:\u00a0 Pow\u0142ok\u0119 basenu\u00a0 Metalowy stela\u017c Instrukcj\u0119 obs\u0142ugi ( w j\u0119zyku polskim). Basen jest bardzo \u0142atwy w monta\u017cu. Roz\u0142o\u017cysz go w trzech prostych krokach. Nale\u017cy roz\u0142o\u017cy\u0107 basen na r\u00f3wnym<br \/><a class=\"more-link\" href=\"https:\/\/bobimarket.pl\/index.php\/produkt\/basen-stelazowy-ogrodowy-dla-dzieci-152x38cm\/\"><br \/>\n        Czytaj wi\u0119cej<span class=\"screen-reader-text\"> &#8222;BASEN STELA\u017bOWY OGRODOWY DLA DZIECI 152x38cm&#8221;<\/span><\/a><\/p>\n","protected":false},"featured_media":79412,"template":"","meta":[],"product_cat":[8106],"product_tag":[],"yoast_head":"<!-- This site is optimized with the Yoast SEO plugin v21.0 - https:\/\/yoast.com\/wordpress\/plugins\/seo\/ -->\n<title>BASEN STELA\u017bOWY OGRODOWY DLA DZIECI 152x38cm - BOBIMARKET.pl - Remontuj i urz\u0105dzaj z nami<\/title>\n<meta name=\"robots\" content=\"index, follow, max-snippet:-1, max-image-preview:large, max-video-preview:-1\" \/>\n<link rel=\"canonical\" href=\"https:\/\/bobimarket.pl\/index.php\/produkt\/basen-stelazowy-ogrodowy-dla-dzieci-152x38cm\/\" \/>\n<meta property=\"og:locale\" content=\"pl_PL\" \/>\n<meta property=\"og:type\" content=\"article\" \/>\n<meta property=\"og:title\" content=\"BASEN STELA\u017bOWY OGRODOWY DLA DZIECI 152x38cm - BOBIMARKET.pl - Remontuj i urz\u0105dzaj z nami\" \/>\n<meta property=\"og:description\" content=\"BASEN STELA\u017bOWY OGRODOWY DLA DZIECI 152x38cm Informacje og\u00f3lne: \u015arednica: 152 cm Wysoko\u015b\u0107: 38 cm Pojemno\u015b\u0107: 580l Materia\u0142 basenu: PCV Kszta\u0142t zbiornika: okr\u0105g\u0142y\u00a0 Rodzaj: stela\u017cowy Marka: BESTWAY Zastaw zawiera:\u00a0 Pow\u0142ok\u0119 basenu\u00a0 Metalowy stela\u017c Instrukcj\u0119 obs\u0142ugi ( w j\u0119zyku polskim). Basen jest bardzo \u0142atwy w monta\u017cu. Roz\u0142o\u017cysz go w trzech prostych krokach. Nale\u017cy roz\u0142o\u017cy\u0107 basen na r\u00f3wnym     Czytaj wi\u0119cej &quot;BASEN STELA\u017bOWY OGRODOWY DLA DZIECI 152x38cm&quot;\" \/>\n<meta property=\"og:url\" content=\"https:\/\/bobimarket.pl\/index.php\/produkt\/basen-stelazowy-ogrodowy-dla-dzieci-152x38cm\/\" \/>\n<meta property=\"og:site_name\" content=\"BOBIMARKET.pl - Remontuj i urz\u0105dzaj z nami\" \/>\n<meta property=\"article:modified_time\" content=\"2025-02-27T13:21:47+00:00\" \/>\n<meta property=\"og:image\" content=\"https:\/\/upload.cdn.baselinker.com\/products\/14476\/1005283894_2.jpg\" \/>\n<meta name=\"twitter:card\" content=\"summary_large_image\" \/>\n<meta name=\"twitter:label1\" content=\"Szacowany czas czytania\" \/>\n\t<meta name=\"twitter:data1\" content=\"2 minuty\" \/>\n<script type=\"application\/ld+json\" class=\"yoast-schema-graph\">{\"@context\":\"https:\/\/schema.org\",\"@graph\":[{\"@type\":\"WebPage\",\"@id\":\"https:\/\/bobimarket.pl\/index.php\/produkt\/basen-stelazowy-ogrodowy-dla-dzieci-152x38cm\/\",\"url\":\"https:\/\/bobimarket.pl\/index.php\/produkt\/basen-stelazowy-ogrodowy-dla-dzieci-152x38cm\/\",\"name\":\"BASEN STELA\u017bOWY OGRODOWY DLA DZIECI 152x38cm - BOBIMARKET.pl - Remontuj i urz\u0105dzaj z nami\",\"isPartOf\":{\"@id\":\"https:\/\/bobimarket.pl\/#website\"},\"datePublished\":\"2023-08-29T14:29:45+00:00\",\"dateModified\":\"2025-02-27T13:21:47+00:00\",\"breadcrumb\":{\"@id\":\"https:\/\/bobimarket.pl\/index.php\/produkt\/basen-stelazowy-ogrodowy-dla-dzieci-152x38cm\/#breadcrumb\"},\"inLanguage\":\"pl-PL\",\"potentialAction\":[{\"@type\":\"ReadAction\",\"target\":[\"https:\/\/bobimarket.pl\/index.php\/produkt\/basen-stelazowy-ogrodowy-dla-dzieci-152x38cm\/\"]}]},{\"@type\":\"BreadcrumbList\",\"@id\":\"https:\/\/bobimarket.pl\/index.php\/produkt\/basen-stelazowy-ogrodowy-dla-dzieci-152x38cm\/#breadcrumb\",\"itemListElement\":[{\"@type\":\"ListItem\",\"position\":1,\"name\":\"Strona g\u0142\u00f3wna\",\"item\":\"https:\/\/bobimarket.pl\/\"},{\"@type\":\"ListItem\",\"position\":2,\"name\":\"Sklep\",\"item\":\"https:\/\/bobimarket.pl\/index.php\/shop\/\"},{\"@type\":\"ListItem\",\"position\":3,\"name\":\"BASEN STELA\u017bOWY OGRODOWY DLA DZIECI 152x38cm\"}]},{\"@type\":\"WebSite\",\"@id\":\"https:\/\/bobimarket.pl\/#website\",\"url\":\"https:\/\/bobimarket.pl\/\",\"name\":\"BOBIMARKET.pl - Remontuj i urz\u0105dzaj z nami\",\"description\":\"Remontuj i urz\u0105dzaj z nami\",\"publisher\":{\"@id\":\"https:\/\/bobimarket.pl\/#organization\"},\"potentialAction\":[{\"@type\":\"SearchAction\",\"target\":{\"@type\":\"EntryPoint\",\"urlTemplate\":\"https:\/\/bobimarket.pl\/?s={search_term_string}\"},\"query-input\":\"required name=search_term_string\"}],\"inLanguage\":\"pl-PL\"},{\"@type\":\"Organization\",\"@id\":\"https:\/\/bobimarket.pl\/#organization\",\"name\":\"BOBIMARKET.pl\",\"url\":\"https:\/\/bobimarket.pl\/\",\"logo\":{\"@type\":\"ImageObject\",\"inLanguage\":\"pl-PL\",\"@id\":\"https:\/\/bobimarket.pl\/#\/schema\/logo\/image\/\",\"url\":\"https:\/\/bobimarket.pl\/wp-content\/uploads\/2021\/11\/slogan.png\",\"contentUrl\":\"https:\/\/bobimarket.pl\/wp-content\/uploads\/2021\/11\/slogan.png\",\"width\":2000,\"height\":384,\"caption\":\"BOBIMARKET.pl\"},\"image\":{\"@id\":\"https:\/\/bobimarket.pl\/#\/schema\/logo\/image\/\"}}]}<\/script>\n<!-- \/ Yoast SEO plugin. -->","yoast_head_json":{"title":"BASEN STELA\u017bOWY OGRODOWY DLA DZIECI 152x38cm - BOBIMARKET.pl - Remontuj i urz\u0105dzaj z nami","robots":{"index":"index","follow":"follow","max-snippet":"max-snippet:-1","max-image-preview":"max-image-preview:large","max-video-preview":"max-video-preview:-1"},"canonical":"https:\/\/bobimarket.pl\/index.php\/produkt\/basen-stelazowy-ogrodowy-dla-dzieci-152x38cm\/","og_locale":"pl_PL","og_type":"article","og_title":"BASEN STELA\u017bOWY OGRODOWY DLA DZIECI 152x38cm - BOBIMARKET.pl - Remontuj i urz\u0105dzaj z nami","og_description":"BASEN STELA\u017bOWY OGRODOWY DLA DZIECI 152x38cm Informacje og\u00f3lne: \u015arednica: 152 cm Wysoko\u015b\u0107: 38 cm Pojemno\u015b\u0107: 580l Materia\u0142 basenu: PCV Kszta\u0142t zbiornika: okr\u0105g\u0142y\u00a0 Rodzaj: stela\u017cowy Marka: BESTWAY Zastaw zawiera:\u00a0 Pow\u0142ok\u0119 basenu\u00a0 Metalowy stela\u017c Instrukcj\u0119 obs\u0142ugi ( w j\u0119zyku polskim). Basen jest bardzo \u0142atwy w monta\u017cu. Roz\u0142o\u017cysz go w trzech prostych krokach. Nale\u017cy roz\u0142o\u017cy\u0107 basen na r\u00f3wnym     Czytaj wi\u0119cej \"BASEN STELA\u017bOWY OGRODOWY DLA DZIECI 152x38cm\"","og_url":"https:\/\/bobimarket.pl\/index.php\/produkt\/basen-stelazowy-ogrodowy-dla-dzieci-152x38cm\/","og_site_name":"BOBIMARKET.pl - Remontuj i urz\u0105dzaj z nami","article_modified_time":"2025-02-27T13:21:47+00:00","og_image":[{"url":"https:\/\/upload.cdn.baselinker.com\/products\/14476\/1005283894_2.jpg"}],"twitter_card":"summary_large_image","twitter_misc":{"Szacowany czas czytania":"2 minuty"},"schema":{"@context":"https:\/\/schema.org","@graph":[{"@type":"WebPage","@id":"https:\/\/bobimarket.pl\/index.php\/produkt\/basen-stelazowy-ogrodowy-dla-dzieci-152x38cm\/","url":"https:\/\/bobimarket.pl\/index.php\/produkt\/basen-stelazowy-ogrodowy-dla-dzieci-152x38cm\/","name":"BASEN STELA\u017bOWY OGRODOWY DLA DZIECI 152x38cm - BOBIMARKET.pl - Remontuj i urz\u0105dzaj z nami","isPartOf":{"@id":"https:\/\/bobimarket.pl\/#website"},"datePublished":"2023-08-29T14:29:45+00:00","dateModified":"2025-02-27T13:21:47+00:00","breadcrumb":{"@id":"https:\/\/bobimarket.pl\/index.php\/produkt\/basen-stelazowy-ogrodowy-dla-dzieci-152x38cm\/#breadcrumb"},"inLanguage":"pl-PL","potentialAction":[{"@type":"ReadAction","target":["https:\/\/bobimarket.pl\/index.php\/produkt\/basen-stelazowy-ogrodowy-dla-dzieci-152x38cm\/"]}]},{"@type":"BreadcrumbList","@id":"https:\/\/bobimarket.pl\/index.php\/produkt\/basen-stelazowy-ogrodowy-dla-dzieci-152x38cm\/#breadcrumb","itemListElement":[{"@type":"ListItem","position":1,"name":"Strona g\u0142\u00f3wna","item":"https:\/\/bobimarket.pl\/"},{"@type":"ListItem","position":2,"name":"Sklep","item":"https:\/\/bobimarket.pl\/index.php\/shop\/"},{"@type":"ListItem","position":3,"name":"BASEN STELA\u017bOWY OGRODOWY DLA DZIECI 152x38cm"}]},{"@type":"WebSite","@id":"https:\/\/bobimarket.pl\/#website","url":"https:\/\/bobimarket.pl\/","name":"BOBIMARKET.pl - Remontuj i urz\u0105dzaj z nami","description":"Remontuj i urz\u0105dzaj z nami","publisher":{"@id":"https:\/\/bobimarket.pl\/#organization"},"potentialAction":[{"@type":"SearchAction","target":{"@type":"EntryPoint","urlTemplate":"https:\/\/bobimarket.pl\/?s={search_term_string}"},"query-input":"required name=search_term_string"}],"inLanguage":"pl-PL"},{"@type":"Organization","@id":"https:\/\/bobimarket.pl\/#organization","name":"BOBIMARKET.pl","url":"https:\/\/bobimarket.pl\/","logo":{"@type":"ImageObject","inLanguage":"pl-PL","@id":"https:\/\/bobimarket.pl\/#\/schema\/logo\/image\/","url":"https:\/\/bobimarket.pl\/wp-content\/uploads\/2021\/11\/slogan.png","contentUrl":"https:\/\/bobimarket.pl\/wp-content\/uploads\/2021\/11\/slogan.png","width":2000,"height":384,"caption":"BOBIMARKET.pl"},"image":{"@id":"https:\/\/bobimarket.pl\/#\/schema\/logo\/image\/"}}]}},"_links":{"self":[{"href":"https:\/\/bobimarket.pl\/index.php\/wp-json\/wp\/v2\/product\/79417"}],"collection":[{"href":"https:\/\/bobimarket.pl\/index.php\/wp-json\/wp\/v2\/product"}],"about":[{"href":"https:\/\/bobimarket.pl\/index.php\/wp-json\/wp\/v2\/types\/product"}],"wp:featuredmedia":[{"embeddable":true,"href":"https:\/\/bobimarket.pl\/index.php\/wp-json\/wp\/v2\/media\/79412"}],"wp:attachment":[{"href":"https:\/\/bobimarket.pl\/index.php\/wp-json\/wp\/v2\/media?parent=79417"}],"wp:term":[{"taxonomy":"product_cat","embeddable":true,"href":"https:\/\/bobimarket.pl\/index.php\/wp-json\/wp\/v2\/product_cat?post=79417"},{"taxonomy":"product_tag","embeddable":true,"href":"https:\/\/bobimarket.pl\/index.php\/wp-json\/wp\/v2\/product_tag?post=79417"}],"curies":[{"name":"wp","href":"https:\/\/api.w.org\/{rel}","templated":true}]}}