{"id":79434,"date":"2023-08-29T14:31:08","date_gmt":"2023-08-29T14:31:08","guid":{"rendered":"https:\/\/bobimarket.pl\/index.php\/produkt\/zestaw-do-czyszczenia-basenu-duzy-odkurzacz\/"},"modified":"2025-02-27T13:22:00","modified_gmt":"2025-02-27T13:22:00","slug":"zestaw-do-czyszczenia-basenu-duzy-odkurzacz","status":"publish","type":"product","link":"https:\/\/bobimarket.pl\/index.php\/produkt\/zestaw-do-czyszczenia-basenu-duzy-odkurzacz\/","title":{"rendered":"ZESTAW DO CZYSZCZENIA BASENU DU\u017bY ODKURZACZ"},"content":{"rendered":"<section class=\"section\">\n<div class=\"item item-6\">\n<section class=\"text-item\">\n<p><b>ZESTAW DO CZYSZCZENIA BASENU DU\u017bY ODKURZACZ<\/b><\/p>\n<p><b>Dane techniczne:<\/b><\/p>\n<ul>\n<li>Marka: <b>BESTWAY<\/b><\/li>\n<li><b>Materia\u0142: tworzywo <\/b><\/li>\n<\/ul>\n<p><b>Zestaw zawiera: <\/b><\/p>\n<ul>\n<li>Mechaniczny odkurzacz<\/li>\n<li>P\u0142ywaj\u0105cy dozownik na tabletki<\/li>\n<li>Zestaw pask\u00f3w do badania pH i poziomu chloru wody basenowej<\/li>\n<li>Skr\u0119cany dr\u0105\u017cek<\/li>\n<li>Siatk\u0119 powierzchniow\u0105<\/li>\n<li>Termometr sp\u0142awikowy<\/li>\n<\/ul>\n<\/section><\/div>\n<div class=\"item item-6\">\n<section class=\"image-item\">\n                <img decoding=\"async\" src=\"https:\/\/upload.cdn.baselinker.com\/products\/14476\/1005424062.jpg\"><br \/>\n            <\/section>\n<\/p><\/div>\n<\/section>\n<section class=\"section\">\n<div class=\"item item-6\">\n<section class=\"image-item\">\n                <img decoding=\"async\" src=\"https:\/\/upload.cdn.baselinker.com\/products\/14476\/1005424062_1.jpg\"><br \/>\n            <\/section>\n<\/p><\/div>\n<div class=\"item item-6\">\n<section class=\"text-item\">\n<p><b>Niezb\u0119dny i praktyczny zestaw, kt\u00f3ry pomo\u017ce w zachowaniu porz\u0105dku i czysto\u015bci w ka\u017cdym basenie!<\/b><\/p>\n<p>Zestaw do czyszczenia basenu pozwala <b>kontrolowa\u0107 jako\u015b\u0107 i czysto\u015b\u0107 wody<\/b> w basenie. Przyda si\u0119 ka\u017cdemu, kto sp\u0119dza upalne letni dni korzystaj\u0105c z basenu w ogrodzie i ceni sobie czyst\u0105 wod\u0119 w zbiorniku.<\/p>\n<p>Zestaw jest \u0142atwy w u\u017cyciu, a co najwa\u017cniejsze pozwoli Ci <b>\u00a0zaoszcz\u0119dzi sporo cennego czasu<\/b>, kt\u00f3ry b\u0119dziesz m\u00f3g\u0142 wykorzysta\u0107 na odpoczynek w czystym basenie.<\/p>\n<ul>\n<li>Zestaw przeznaczony do basen\u00f3w ( wszystkich typ\u00f3w i kszta\u0142t\u00f3w).<\/li>\n<\/ul>\n<ul>\n<li>Komplet jest wielokrotnego u\u017cytku i b\u0119dzie s\u0142u\u017cy\u0142 przez kilka sezon\u00f3w.<\/li>\n<\/ul>\n<\/section><\/div>\n<\/section>\n<section class=\"section\">\n<div class=\"item item-6\">\n<section class=\"text-item\">\n<p><b>\u2705 MECHANICZNY ODKURZACZ<\/b><\/p>\n<p>Z pomoc\u0105 \u00a0mechanicznego odkurzacza z \u0142atwo\u015bci\u0105 <b>usuniesz zanieczyszczenia z dna i \u015bcianek<\/b> basenu. Pozb\u0119dziesz si\u0119 p\u0142ywaj\u0105cych w wodzie li\u015bci i innych zanieczyszcze\u0144.<\/p>\n<ul>\n<li>Odkurzacz jest <b>zasilany na w\u0105\u017c ogrodowy<\/b>, kt\u00f3ry jest pod\u0142\u0105czany za pomoc\u0105 szybkoz\u0142\u0105czki.<\/li>\n<li>G\u0142owica czyszcz\u0105ca odkurzacza \u00a0wyposa\u017cona w <b>ruchome rolki i szczotki<\/b>.<\/li>\n<li>Do zestawu do\u0142\u0105czony zdejmowany,<b> wielokrotnego u\u017cytku worek<\/b> na zanieczyszczenia.<\/li>\n<\/ul>\n<\/section><\/div>\n<div class=\"item item-6\">\n<section class=\"image-item\">\n                <img decoding=\"async\" src=\"https:\/\/upload.cdn.baselinker.com\/products\/14476\/1005424062_2.jpg\"><br \/>\n            <\/section>\n<\/p><\/div>\n<\/section>\n<section class=\"section\">\n<div class=\"item item-6\">\n<section class=\"image-item\">\n                <img decoding=\"async\" src=\"https:\/\/upload.cdn.baselinker.com\/products\/14476\/1005424062_6.jpg\"><br \/>\n            <\/section>\n<\/p><\/div>\n<div class=\"item item-6\">\n<section class=\"text-item\">\n<p><b>\u2705 SIATKA DO WY\u0141AWIANIA ZANIECZYSZCZE\u0143 Z WODY BASENU<\/b><\/p>\n<p>Doskonale sprawdzi si\u0119 w przydomowych i ogrodowych basenach, gdy pojawi\u0105 si\u0119 tam <b>nieproszone li\u015bcie, trawa<\/b> itp.\u00a0<\/p>\n<ul>\n<li>Pomaga w dbaniu o czysto\u015b\u0107 basenowej wody.\u00a0<\/li>\n<li>D\u0142ugi kij u\u0142atwia wy\u0142awianie zanieczyszcze\u0144 w wi\u0119kszych zbiornikach.<\/li>\n<li>Pasuje do ka\u017cdego basenu, niezale\u017cnie od kszta\u0142tu.\u00a0<\/li>\n<\/ul>\n<\/section><\/div>\n<\/section>\n<section class=\"section\">\n<div class=\"item item-6\">\n<section class=\"text-item\">\n<p><b>\u2705 TERMOMETR DO BASENU<\/b><\/p>\n<p>Pozwala <b>okre\u015bli\u0107 jak\u0105 temperatur\u0119 ma woda<\/b> w naszym zbiorniku.\u00a0 Pokazuje temperatur\u0119 zar\u00f3wno w stopniach Celsjusza jak i Fahrenheita. Do\u0142\u0105czany sznurek umo\u017cliwia przymocowanie termometru.<\/p>\n<ul>\n<li>Termometr wykonano z wytrzyma\u0142ego tworzywa ABS.<\/li>\n<li>Jest odporny na uszkodzenia mechaniczne oraz dzia\u0142anie warunk\u00f3w atmosferycznych.<\/li>\n<\/ul>\n<p><b>\u2705\u00a0 ZESTAW PASK\u00d3W DO BADANIA PH<\/b><\/p>\n<p>Zestaw pask\u00f3w pozwoli \u00a0<b>skontrolowa\u0107 pH i poziomu chloru wody basenowej<\/b>. Pasek nale\u017cy zanurzy\u0107 w wodzi, a nast\u0119pnie por\u00f3wna\u0107 zabarwienie na pasku z legend\u0105 na butelce. Zestaw zawiera <b>50 pask\u00f3w.<\/b><\/p>\n<p>Uwaga! Data na opakowaniu pask\u00f3w to dana produkcji.<\/p>\n<\/section><\/div>\n<div class=\"item item-6\">\n<section class=\"image-item\">\n                <img decoding=\"async\" src=\"https:\/\/upload.cdn.baselinker.com\/products\/14476\/1005424062_5.jpg\"><br \/>\n            <\/section>\n<\/p><\/div>\n<\/section>\n<section class=\"section\">\n<div class=\"item item-6\">\n<section class=\"image-item\">\n                <img decoding=\"async\" src=\"https:\/\/upload.cdn.baselinker.com\/products\/14476\/1005424062_3.jpg\"><br \/>\n            <\/section>\n<\/p><\/div>\n<div class=\"item item-6\">\n<section class=\"text-item\">\n<p><b>P\u0141YWAJ\u0104CY DOZOWNIK NA TABLETKI<\/b><\/p>\n<p>Dozownik p\u0142ywaj\u0105cy na tabletki utrzymuje i zapewnia czyst\u0105, zdrow\u0105 wod\u0119 w basenie. Umo\u017cliwia w pe\u0142ni kontrolowany i <b>bezpieczny spos\u00f3b dozowanie \u015brodk\u00f3w chemicznych<\/b> i pomaga utrzyma\u0107 wod\u0119 w basenie w czysto\u015bci.<\/p>\n<\/section><\/div>\n<\/section>\n<section class=\"section\">\n<div class=\"item item-6\">\n<section class=\"text-item\">\n<p><b>Zestaw zawiera: <\/b><\/p>\n<ol>\n<li>Mechaniczny odkurzacz<\/li>\n<li>P\u0142ywaj\u0105cy dozownik na tabletki<\/li>\n<li>Zestaw pask\u00f3w do badania pH i poziomu chloru wody basenowej<\/li>\n<li>Termometr sp\u0142awikowy<\/li>\n<li>Skr\u0119cany dr\u0105\u017cek<\/li>\n<li>Siatk\u0119 powierzchniow\u0105<\/li>\n<\/ol>\n<\/section><\/div>\n<div class=\"item item-6\">\n<section class=\"image-item\">\n                <img decoding=\"async\" src=\"https:\/\/upload.cdn.baselinker.com\/products\/14476\/1005424062_8.jpg\"><br \/>\n            <\/section>\n<\/p><\/div>\n<\/section>\n<section class=\"section\">\n<div class=\"item item-6\">\n<section class=\"image-item\">\n                <img decoding=\"async\" src=\"https:\/\/upload.cdn.baselinker.com\/products\/14476\/1005424062_7.jpg\"><br \/>\n            <\/section>\n<\/p><\/div>\n<div class=\"item item-6\">\n<section class=\"image-item\">\n                <img decoding=\"async\" src=\"https:\/\/upload.cdn.baselinker.com\/products\/14476\/1005424062_4.jpg\"><br \/>\n            <\/section>\n<\/p><\/div>\n<\/section>\n<section class=\"section\">\n<div class=\"item item-12\">\n<section class=\"image-item\">\n                <img decoding=\"async\" src=\"https:\/\/upload.cdn.baselinker.com\/products\/14476\/1005424062_1.jpg\"><br \/>\n            <\/section>\n<\/p><\/div>\n<\/section>\n","protected":false},"excerpt":{"rendered":"<p>ZESTAW DO CZYSZCZENIA BASENU DU\u017bY ODKURZACZ Dane techniczne: Marka: BESTWAY Materia\u0142: tworzywo Zestaw zawiera: Mechaniczny odkurzacz P\u0142ywaj\u0105cy dozownik na tabletki Zestaw pask\u00f3w do badania pH i poziomu chloru wody basenowej Skr\u0119cany dr\u0105\u017cek Siatk\u0119 powierzchniow\u0105 Termometr sp\u0142awikowy Niezb\u0119dny i praktyczny zestaw, kt\u00f3ry pomo\u017ce w zachowaniu porz\u0105dku i czysto\u015bci w ka\u017cdym basenie! Zestaw do czyszczenia basenu pozwala<br \/><a class=\"more-link\" href=\"https:\/\/bobimarket.pl\/index.php\/produkt\/zestaw-do-czyszczenia-basenu-duzy-odkurzacz\/\"><br \/>\n        Czytaj wi\u0119cej<span class=\"screen-reader-text\"> &#8222;ZESTAW DO CZYSZCZENIA BASENU DU\u017bY ODKURZACZ&#8221;<\/span><\/a><\/p>\n","protected":false},"featured_media":79425,"template":"","meta":[],"product_cat":[8106],"product_tag":[],"yoast_head":"<!-- This site is optimized with the Yoast SEO plugin v21.0 - https:\/\/yoast.com\/wordpress\/plugins\/seo\/ -->\n<title>ZESTAW DO CZYSZCZENIA BASENU DU\u017bY ODKURZACZ - BOBIMARKET.pl - Remontuj i urz\u0105dzaj z nami<\/title>\n<meta name=\"robots\" content=\"index, follow, max-snippet:-1, max-image-preview:large, max-video-preview:-1\" \/>\n<link rel=\"canonical\" href=\"https:\/\/bobimarket.pl\/index.php\/produkt\/zestaw-do-czyszczenia-basenu-duzy-odkurzacz\/\" \/>\n<meta property=\"og:locale\" content=\"pl_PL\" \/>\n<meta property=\"og:type\" content=\"article\" \/>\n<meta property=\"og:title\" content=\"ZESTAW DO CZYSZCZENIA BASENU DU\u017bY ODKURZACZ - BOBIMARKET.pl - Remontuj i urz\u0105dzaj z nami\" \/>\n<meta property=\"og:description\" content=\"ZESTAW DO CZYSZCZENIA BASENU DU\u017bY ODKURZACZ Dane techniczne: Marka: BESTWAY Materia\u0142: tworzywo Zestaw zawiera: Mechaniczny odkurzacz P\u0142ywaj\u0105cy dozownik na tabletki Zestaw pask\u00f3w do badania pH i poziomu chloru wody basenowej Skr\u0119cany dr\u0105\u017cek Siatk\u0119 powierzchniow\u0105 Termometr sp\u0142awikowy Niezb\u0119dny i praktyczny zestaw, kt\u00f3ry pomo\u017ce w zachowaniu porz\u0105dku i czysto\u015bci w ka\u017cdym basenie! Zestaw do czyszczenia basenu pozwala     Czytaj wi\u0119cej &quot;ZESTAW DO CZYSZCZENIA BASENU DU\u017bY ODKURZACZ&quot;\" \/>\n<meta property=\"og:url\" content=\"https:\/\/bobimarket.pl\/index.php\/produkt\/zestaw-do-czyszczenia-basenu-duzy-odkurzacz\/\" \/>\n<meta property=\"og:site_name\" content=\"BOBIMARKET.pl - Remontuj i urz\u0105dzaj z nami\" \/>\n<meta property=\"article:modified_time\" content=\"2025-02-27T13:22:00+00:00\" \/>\n<meta property=\"og:image\" content=\"https:\/\/upload.cdn.baselinker.com\/products\/14476\/1005424062.jpg\" \/>\n<meta name=\"twitter:card\" content=\"summary_large_image\" \/>\n<meta name=\"twitter:label1\" content=\"Szacowany czas czytania\" \/>\n\t<meta name=\"twitter:data1\" content=\"2 minuty\" \/>\n<script type=\"application\/ld+json\" class=\"yoast-schema-graph\">{\"@context\":\"https:\/\/schema.org\",\"@graph\":[{\"@type\":\"WebPage\",\"@id\":\"https:\/\/bobimarket.pl\/index.php\/produkt\/zestaw-do-czyszczenia-basenu-duzy-odkurzacz\/\",\"url\":\"https:\/\/bobimarket.pl\/index.php\/produkt\/zestaw-do-czyszczenia-basenu-duzy-odkurzacz\/\",\"name\":\"ZESTAW DO CZYSZCZENIA BASENU DU\u017bY ODKURZACZ - BOBIMARKET.pl - Remontuj i urz\u0105dzaj z nami\",\"isPartOf\":{\"@id\":\"https:\/\/bobimarket.pl\/#website\"},\"datePublished\":\"2023-08-29T14:31:08+00:00\",\"dateModified\":\"2025-02-27T13:22:00+00:00\",\"breadcrumb\":{\"@id\":\"https:\/\/bobimarket.pl\/index.php\/produkt\/zestaw-do-czyszczenia-basenu-duzy-odkurzacz\/#breadcrumb\"},\"inLanguage\":\"pl-PL\",\"potentialAction\":[{\"@type\":\"ReadAction\",\"target\":[\"https:\/\/bobimarket.pl\/index.php\/produkt\/zestaw-do-czyszczenia-basenu-duzy-odkurzacz\/\"]}]},{\"@type\":\"BreadcrumbList\",\"@id\":\"https:\/\/bobimarket.pl\/index.php\/produkt\/zestaw-do-czyszczenia-basenu-duzy-odkurzacz\/#breadcrumb\",\"itemListElement\":[{\"@type\":\"ListItem\",\"position\":1,\"name\":\"Strona g\u0142\u00f3wna\",\"item\":\"https:\/\/bobimarket.pl\/\"},{\"@type\":\"ListItem\",\"position\":2,\"name\":\"Sklep\",\"item\":\"https:\/\/bobimarket.pl\/index.php\/shop\/\"},{\"@type\":\"ListItem\",\"position\":3,\"name\":\"ZESTAW DO CZYSZCZENIA BASENU DU\u017bY ODKURZACZ\"}]},{\"@type\":\"WebSite\",\"@id\":\"https:\/\/bobimarket.pl\/#website\",\"url\":\"https:\/\/bobimarket.pl\/\",\"name\":\"BOBIMARKET.pl - Remontuj i urz\u0105dzaj z nami\",\"description\":\"Remontuj i urz\u0105dzaj z nami\",\"publisher\":{\"@id\":\"https:\/\/bobimarket.pl\/#organization\"},\"potentialAction\":[{\"@type\":\"SearchAction\",\"target\":{\"@type\":\"EntryPoint\",\"urlTemplate\":\"https:\/\/bobimarket.pl\/?s={search_term_string}\"},\"query-input\":\"required name=search_term_string\"}],\"inLanguage\":\"pl-PL\"},{\"@type\":\"Organization\",\"@id\":\"https:\/\/bobimarket.pl\/#organization\",\"name\":\"BOBIMARKET.pl\",\"url\":\"https:\/\/bobimarket.pl\/\",\"logo\":{\"@type\":\"ImageObject\",\"inLanguage\":\"pl-PL\",\"@id\":\"https:\/\/bobimarket.pl\/#\/schema\/logo\/image\/\",\"url\":\"https:\/\/bobimarket.pl\/wp-content\/uploads\/2021\/11\/slogan.png\",\"contentUrl\":\"https:\/\/bobimarket.pl\/wp-content\/uploads\/2021\/11\/slogan.png\",\"width\":2000,\"height\":384,\"caption\":\"BOBIMARKET.pl\"},\"image\":{\"@id\":\"https:\/\/bobimarket.pl\/#\/schema\/logo\/image\/\"}}]}<\/script>\n<!-- \/ Yoast SEO plugin. -->","yoast_head_json":{"title":"ZESTAW DO CZYSZCZENIA BASENU DU\u017bY ODKURZACZ - BOBIMARKET.pl - Remontuj i urz\u0105dzaj z nami","robots":{"index":"index","follow":"follow","max-snippet":"max-snippet:-1","max-image-preview":"max-image-preview:large","max-video-preview":"max-video-preview:-1"},"canonical":"https:\/\/bobimarket.pl\/index.php\/produkt\/zestaw-do-czyszczenia-basenu-duzy-odkurzacz\/","og_locale":"pl_PL","og_type":"article","og_title":"ZESTAW DO CZYSZCZENIA BASENU DU\u017bY ODKURZACZ - BOBIMARKET.pl - Remontuj i urz\u0105dzaj z nami","og_description":"ZESTAW DO CZYSZCZENIA BASENU DU\u017bY ODKURZACZ Dane techniczne: Marka: BESTWAY Materia\u0142: tworzywo Zestaw zawiera: Mechaniczny odkurzacz P\u0142ywaj\u0105cy dozownik na tabletki Zestaw pask\u00f3w do badania pH i poziomu chloru wody basenowej Skr\u0119cany dr\u0105\u017cek Siatk\u0119 powierzchniow\u0105 Termometr sp\u0142awikowy Niezb\u0119dny i praktyczny zestaw, kt\u00f3ry pomo\u017ce w zachowaniu porz\u0105dku i czysto\u015bci w ka\u017cdym basenie! Zestaw do czyszczenia basenu pozwala     Czytaj wi\u0119cej \"ZESTAW DO CZYSZCZENIA BASENU DU\u017bY ODKURZACZ\"","og_url":"https:\/\/bobimarket.pl\/index.php\/produkt\/zestaw-do-czyszczenia-basenu-duzy-odkurzacz\/","og_site_name":"BOBIMARKET.pl - Remontuj i urz\u0105dzaj z nami","article_modified_time":"2025-02-27T13:22:00+00:00","og_image":[{"url":"https:\/\/upload.cdn.baselinker.com\/products\/14476\/1005424062.jpg"}],"twitter_card":"summary_large_image","twitter_misc":{"Szacowany czas czytania":"2 minuty"},"schema":{"@context":"https:\/\/schema.org","@graph":[{"@type":"WebPage","@id":"https:\/\/bobimarket.pl\/index.php\/produkt\/zestaw-do-czyszczenia-basenu-duzy-odkurzacz\/","url":"https:\/\/bobimarket.pl\/index.php\/produkt\/zestaw-do-czyszczenia-basenu-duzy-odkurzacz\/","name":"ZESTAW DO CZYSZCZENIA BASENU DU\u017bY ODKURZACZ - BOBIMARKET.pl - Remontuj i urz\u0105dzaj z nami","isPartOf":{"@id":"https:\/\/bobimarket.pl\/#website"},"datePublished":"2023-08-29T14:31:08+00:00","dateModified":"2025-02-27T13:22:00+00:00","breadcrumb":{"@id":"https:\/\/bobimarket.pl\/index.php\/produkt\/zestaw-do-czyszczenia-basenu-duzy-odkurzacz\/#breadcrumb"},"inLanguage":"pl-PL","potentialAction":[{"@type":"ReadAction","target":["https:\/\/bobimarket.pl\/index.php\/produkt\/zestaw-do-czyszczenia-basenu-duzy-odkurzacz\/"]}]},{"@type":"BreadcrumbList","@id":"https:\/\/bobimarket.pl\/index.php\/produkt\/zestaw-do-czyszczenia-basenu-duzy-odkurzacz\/#breadcrumb","itemListElement":[{"@type":"ListItem","position":1,"name":"Strona g\u0142\u00f3wna","item":"https:\/\/bobimarket.pl\/"},{"@type":"ListItem","position":2,"name":"Sklep","item":"https:\/\/bobimarket.pl\/index.php\/shop\/"},{"@type":"ListItem","position":3,"name":"ZESTAW DO CZYSZCZENIA BASENU DU\u017bY ODKURZACZ"}]},{"@type":"WebSite","@id":"https:\/\/bobimarket.pl\/#website","url":"https:\/\/bobimarket.pl\/","name":"BOBIMARKET.pl - Remontuj i urz\u0105dzaj z nami","description":"Remontuj i urz\u0105dzaj z nami","publisher":{"@id":"https:\/\/bobimarket.pl\/#organization"},"potentialAction":[{"@type":"SearchAction","target":{"@type":"EntryPoint","urlTemplate":"https:\/\/bobimarket.pl\/?s={search_term_string}"},"query-input":"required name=search_term_string"}],"inLanguage":"pl-PL"},{"@type":"Organization","@id":"https:\/\/bobimarket.pl\/#organization","name":"BOBIMARKET.pl","url":"https:\/\/bobimarket.pl\/","logo":{"@type":"ImageObject","inLanguage":"pl-PL","@id":"https:\/\/bobimarket.pl\/#\/schema\/logo\/image\/","url":"https:\/\/bobimarket.pl\/wp-content\/uploads\/2021\/11\/slogan.png","contentUrl":"https:\/\/bobimarket.pl\/wp-content\/uploads\/2021\/11\/slogan.png","width":2000,"height":384,"caption":"BOBIMARKET.pl"},"image":{"@id":"https:\/\/bobimarket.pl\/#\/schema\/logo\/image\/"}}]}},"_links":{"self":[{"href":"https:\/\/bobimarket.pl\/index.php\/wp-json\/wp\/v2\/product\/79434"}],"collection":[{"href":"https:\/\/bobimarket.pl\/index.php\/wp-json\/wp\/v2\/product"}],"about":[{"href":"https:\/\/bobimarket.pl\/index.php\/wp-json\/wp\/v2\/types\/product"}],"wp:featuredmedia":[{"embeddable":true,"href":"https:\/\/bobimarket.pl\/index.php\/wp-json\/wp\/v2\/media\/79425"}],"wp:attachment":[{"href":"https:\/\/bobimarket.pl\/index.php\/wp-json\/wp\/v2\/media?parent=79434"}],"wp:term":[{"taxonomy":"product_cat","embeddable":true,"href":"https:\/\/bobimarket.pl\/index.php\/wp-json\/wp\/v2\/product_cat?post=79434"},{"taxonomy":"product_tag","embeddable":true,"href":"https:\/\/bobimarket.pl\/index.php\/wp-json\/wp\/v2\/product_tag?post=79434"}],"curies":[{"name":"wp","href":"https:\/\/api.w.org\/{rel}","templated":true}]}}