{"id":79441,"date":"2023-08-29T14:31:44","date_gmt":"2023-08-29T14:31:44","guid":{"rendered":"https:\/\/bobimarket.pl\/index.php\/produkt\/basen-dmuchany-brodzik-dla-dzieci-bestway-61x15-cm\/"},"modified":"2025-02-27T13:22:05","modified_gmt":"2025-02-27T13:22:05","slug":"basen-dmuchany-brodzik-dla-dzieci-bestway-61x15-cm","status":"publish","type":"product","link":"https:\/\/bobimarket.pl\/index.php\/produkt\/basen-dmuchany-brodzik-dla-dzieci-bestway-61x15-cm\/","title":{"rendered":"BASEN DMUCHANY  BRODZIK DLA DZIECI BESTWAY 61&#215;15 cm"},"content":{"rendered":"<section class=\"section\">\n<div class=\"item item-12\">\n<section class=\"text-item\">\n<h2>BASEN DMUCHANY\u00a0 BRODZIK DLA DZIECI BESTWAY 61&#215;15 cm<\/h2>\n<p><b>Informacje og\u00f3lne:<\/b><\/p>\n<ul>\n<li>\u015arednica: <b>61 cm<\/b><\/li>\n<li>Wysoko\u015b\u0107: <b>15 cm<\/b><\/li>\n<li>Materia\u0142: <b>PCV<\/b><\/li>\n<li>Wiek:<b> powy\u017cej 2 lat <\/b><\/li>\n<li>Kszta\u0142t zbiornika: <b>okr\u0105g\u0142y\u00a0<\/b><\/li>\n<li>Marka: BESTWAY<\/li>\n<\/ul>\n<p><b>Zastaw zawiera:\u00a0<\/b><\/p>\n<ul>\n<li>Dmuchany okr\u0105g\u0142y basen<\/li>\n<li>\u0141atk\u0119 naprawcz\u0105<\/li>\n<\/ul>\n<h1>\u2757 UWAGA \u2757<\/h1>\n<p>Basen po napompowaniu mo\u017ce nieco odbiega\u0107 kszta\u0142tem od okr\u0119gu i r\u00f3\u017cni\u0107 si\u0119 od zdj\u0119cia produktowego. Basen nale\u017cy <b>dok\u0142adnie napompowa\u0107 oraz wype\u0142ni\u0107 wod\u0105<\/b> dla uzyskania odpowiedniego kszta\u0142tu.<\/p>\n<\/section><\/div>\n<\/section>\n<section class=\"section\">\n<div class=\"item item-12\">\n<section class=\"image-item\">\n            <img decoding=\"async\" src=\"https:\/\/upload.cdn.baselinker.com\/products\/14476\/1006754937_1.jpg\" \/><br \/>\n        <\/section>\n<\/p><\/div>\n<\/section>\n<section class=\"section\">\n<div class=\"item item-12\">\n<section class=\"text-item\">\n<h2>Basen doskona\u0142y na upalne, letnie dni!<\/h2>\n<p>Idealny wyb\u00f3r dla wszystkich, kt\u00f3rzy potrzebuj\u0105 niezawodnego basenu dla maluch\u00f3w! Doskonale sprawdzi si\u0119 podczas upalnych, letnich dni! Najlepszy wyb\u00f3r dla najm\u0142odszych mi\u0142o\u015bnik\u00f3w wodnych zabawa. Do \u015bwietnej zabawy wystarczy niewielka ilo\u015b\u0107 wody, s\u0142o\u0144ce i dobry humor!<\/p>\n<ul>\n<li>Gwarantuje\u00a0<b>dobr\u0105 zabaw\u0119<\/b>\u00a0i mile sp\u0119dzony czas! Pozwala jeszcze bardziej nacieszy\u0107 si\u0119 czasem sp\u0119dzonym nad wod\u0105!<\/li>\n<li>Pozwoli <b>wygodnie odpocz\u0105\u0107 <\/b>Twoim dzieciom i w pe\u0142ni wykorzysta\u0107 wakacyjn\u0105, s\u0142oneczn\u0105 pogod\u0119.\u00a0<\/li>\n<li>Najm\u0142odsi mi\u0142o\u015bnicy wodnych zabaw b\u0119d\u0105 si\u0119 \u015bwietnie bawi\u0107 i <b>aktywnie sp\u0119dz\u0105 czas<\/b> na \u015bwie\u017cym powietrzu.\u00a0<\/li>\n<li>\u015awietny spos\u00f3b na<b> ucieczk\u0119 przed upa\u0142em<\/b> w letnie dni.<\/li>\n<\/ul>\n<\/section><\/div>\n<\/section>\n<section class=\"section\">\n<div class=\"item item-12\">\n<section class=\"image-item\">\n            <img decoding=\"async\" src=\"https:\/\/upload.cdn.baselinker.com\/products\/14476\/1006754937_3.jpg\" \/><br \/>\n        <\/section>\n<\/p><\/div>\n<\/section>\n<section class=\"section\">\n<div class=\"item item-12\">\n<section class=\"text-item\">\n<h2>\u2705 Praktyczny i komfortowy<\/h2>\n<ul>\n<li>Na wypadek\u00a0 drobnych uszkodze\u0144 do basenu ogrodowego do\u0142\u0105czono<b>\u00a0zestaw naprawczy.\u00a0<\/b>\u0141atka pozwoli na szybk\u0105 napraw\u0119 drobnych uszkodze\u0144. Wystarczy dok\u0142adnie oczy\u015bci\u0107 i osuszy\u0107 naprawion\u0105 powierzchni\u0119 i przyklei\u0107 \u0142atk\u0119.\u00a0<\/li>\n<li>Kszta\u0142t i wielko\u015b\u0107 basenu sprawiaj\u0105, \u017ce mo\u017cna go roz\u0142o\u017cy\u0107 w ogrodzie, na pla\u017cy lub nad basen. Maluch b\u0119dzie m\u00f3g\u0142 sp\u0119dzi\u0107 bezpiecznie czas nad wod\u0105!<\/li>\n<li>Basen po z\u0142o\u017ceniu<b> zajmuje ma\u0142o miejsca<\/b> i jest \u0142atwy do przechowywania po zako\u0144czonym sezonie.<\/li>\n<\/ul>\n<\/section><\/div>\n<\/section>\n<section class=\"section\">\n<div class=\"item item-12\">\n<section class=\"text-item\">\n<h2>\u2705 Jako\u015b\u0107 i wytrzyma\u0142o\u015b\u0107<\/h2>\n<ul>\n<li><b>Solidnie wykonany<\/b> dmuchany basen, kt\u00f3ry pos\u0142u\u017cy Ci\u00a0przez kilka sezon\u00f3w.\u00a0 Wyprodukowany z wytrzyma\u0142ego tworzywa PCV.\u00a0<\/li>\n<li>Ma mocn\u0105 i<b> trwa\u0142\u0105 konstrukcj\u0119<\/b>.\u00a0Posiadaj\u0105 zawory bezpiecze\u0144stwa, kt\u00f3re blokuj\u0105 wydostanie si\u0119 powietrza. Zbudowany z dw\u00f3ch jednakowych pier\u015bcieni.<\/li>\n<li><b>Komfort i wygoda<\/b> u\u017cytkowania zar\u00f3wno dla dziecka jak i rodzica.<\/li>\n<\/ul>\n<\/section><\/div>\n<\/section>\n<section class=\"section\">\n<div class=\"item item-12\">\n<section class=\"image-item\">\n            <img decoding=\"async\" src=\"https:\/\/upload.cdn.baselinker.com\/products\/14476\/3f5d9c6e6835f450ae7c8781f4146e4e.jpg\" \/><br \/>\n        <\/section>\n<\/p><\/div>\n<\/section>\n<section class=\"section\">\n<div class=\"item item-12\">\n<section class=\"text-item\">\n<h2>Basen jest bardzo \u0142atwy w monta\u017cu. Roz\u0142o\u017cysz go w trzech prostych krokach.<\/h2>\n<p>Nale\u017cy roz\u0142o\u017cy\u0107 basen na r\u00f3wnym pod\u0142o\u017cu, napompowa\u0107 i\u00a0 wype\u0142ni\u0107 zbiornik wod\u0105. Do instalacji basenu nie s\u0105 potrzebne \u017cadne dodatkowe narz\u0119dzia.\u00a0<\/p>\n<p><b>\u2757 Pami\u0119taj \u2757<\/b><\/p>\n<p>Basen powinien by\u0107 roz\u0142o\u017cony na r\u00f3wnej powierzchni. Unikaj pochy\u0142ego terenu z wystaj\u0105cymi korzeniami i\u00a0 nier\u00f3wno\u015bciami, kt\u00f3re mog\u0142yby uszkodzi\u0107 dno zbiornika.\u00a0<\/p>\n<p><b>\u2705 Wakacyjny hit!\u00a0Idealny dla najm\u0142odszych!<\/b><\/p>\n<ul>\n<li>K\u0105piel i zabawa w brodziku pozwoli maluchowi oswoi\u0107 si\u0119 z wod\u0105!<\/li>\n<li>Kolorowy wz\u00f3r dna zbiornika rozbudza ciekawo\u015b\u0107 i zach\u0119ca co zabawy!<\/li>\n<\/ul>\n<\/section><\/div>\n<\/section>\n<section class=\"section\">\n<div class=\"item item-12\">\n<section class=\"image-item\">\n            <img decoding=\"async\" src=\"https:\/\/upload.cdn.baselinker.com\/products\/14476\/0973ed58a6bd992b89b0b34007c2feaf.jpg\" \/><br \/>\n        <\/section>\n<\/p><\/div>\n<\/section>\n<section class=\"section\">\n<div class=\"item item-12\">\n<section class=\"text-item\">\n<h2>\u2705 Nie czekaj! Ju\u017c dzisiaj zam\u00f3w sw\u00f3j basen i ciesz si\u0119 wakacyjnym czasem!<\/h2>\n<ul>\n<li>Wysoka jako\u015b\u0107.\u00a0Wytrzyma\u0142y, wykonany z mocnego tworzywa.<\/li>\n<li>\u0141atwy monta\u017c. Roz\u0142o\u017ceniu basenu zajmuje kilka minut.\u00a0<\/li>\n<li>Do\u0142\u0105czony zestaw naprawczy.<\/li>\n<\/ul>\n<\/section><\/div>\n<\/section>\n<section class=\"section\">\n<div class=\"item item-12\">\n<section class=\"image-item\">\n            <img decoding=\"async\" src=\"https:\/\/upload.cdn.baselinker.com\/products\/14476\/1006754937_3.jpg\" \/><br \/>\n        <\/section>\n<\/p><\/div>\n<\/section>\n<section class=\"section\">\n<div class=\"item item-12\">\n<section class=\"text-item\">\n<h2>Na naszych pozosta\u0142ych aukcjach znajdziesz k\u00f3\u0142ka, materace, dmuchane pi\u0142ki i p\u0142ywaczki. Te pla\u017cowe akcesoria razem stworz\u0105\u00a0 idealny wakacyjny zestaw i sprawi\u0105, b\u0119dziesz si\u0119 \u015bwietnie \u00a0bawi\u0142 tego lata!<\/h2>\n<\/section><\/div>\n<\/section>\n","protected":false},"excerpt":{"rendered":"<p>BASEN DMUCHANY\u00a0 BRODZIK DLA DZIECI BESTWAY 61&#215;15 cm Informacje og\u00f3lne: \u015arednica: 61 cm Wysoko\u015b\u0107: 15 cm Materia\u0142: PCV Wiek: powy\u017cej 2 lat Kszta\u0142t zbiornika: okr\u0105g\u0142y\u00a0 Marka: BESTWAY Zastaw zawiera:\u00a0 Dmuchany okr\u0105g\u0142y basen \u0141atk\u0119 naprawcz\u0105 \u2757 UWAGA \u2757 Basen po napompowaniu mo\u017ce nieco odbiega\u0107 kszta\u0142tem od okr\u0119gu i r\u00f3\u017cni\u0107 si\u0119 od zdj\u0119cia produktowego. Basen nale\u017cy dok\u0142adnie<br \/><a class=\"more-link\" href=\"https:\/\/bobimarket.pl\/index.php\/produkt\/basen-dmuchany-brodzik-dla-dzieci-bestway-61x15-cm\/\"><br \/>\n        Czytaj wi\u0119cej<span class=\"screen-reader-text\"> &#8222;BASEN DMUCHANY  BRODZIK DLA DZIECI BESTWAY 61&#215;15 cm&#8221;<\/span><\/a><\/p>\n","protected":false},"featured_media":79435,"template":"","meta":[],"product_cat":[8106],"product_tag":[],"yoast_head":"<!-- This site is optimized with the Yoast SEO plugin v21.0 - https:\/\/yoast.com\/wordpress\/plugins\/seo\/ -->\n<title>BASEN DMUCHANY BRODZIK DLA DZIECI BESTWAY 61x15 cm - BOBIMARKET.pl - Remontuj i urz\u0105dzaj z nami<\/title>\n<meta name=\"robots\" content=\"index, follow, max-snippet:-1, max-image-preview:large, max-video-preview:-1\" \/>\n<link rel=\"canonical\" href=\"https:\/\/bobimarket.pl\/index.php\/produkt\/basen-dmuchany-brodzik-dla-dzieci-bestway-61x15-cm\/\" \/>\n<meta property=\"og:locale\" content=\"pl_PL\" \/>\n<meta property=\"og:type\" content=\"article\" \/>\n<meta property=\"og:title\" content=\"BASEN DMUCHANY BRODZIK DLA DZIECI BESTWAY 61x15 cm - BOBIMARKET.pl - Remontuj i urz\u0105dzaj z nami\" \/>\n<meta property=\"og:description\" content=\"BASEN DMUCHANY\u00a0 BRODZIK DLA DZIECI BESTWAY 61&#215;15 cm Informacje og\u00f3lne: \u015arednica: 61 cm Wysoko\u015b\u0107: 15 cm Materia\u0142: PCV Wiek: powy\u017cej 2 lat Kszta\u0142t zbiornika: okr\u0105g\u0142y\u00a0 Marka: BESTWAY Zastaw zawiera:\u00a0 Dmuchany okr\u0105g\u0142y basen \u0141atk\u0119 naprawcz\u0105 \u2757 UWAGA \u2757 Basen po napompowaniu mo\u017ce nieco odbiega\u0107 kszta\u0142tem od okr\u0119gu i r\u00f3\u017cni\u0107 si\u0119 od zdj\u0119cia produktowego. Basen nale\u017cy dok\u0142adnie     Czytaj wi\u0119cej &quot;BASEN DMUCHANY BRODZIK DLA DZIECI BESTWAY 61&#215;15 cm&quot;\" \/>\n<meta property=\"og:url\" content=\"https:\/\/bobimarket.pl\/index.php\/produkt\/basen-dmuchany-brodzik-dla-dzieci-bestway-61x15-cm\/\" \/>\n<meta property=\"og:site_name\" content=\"BOBIMARKET.pl - Remontuj i urz\u0105dzaj z nami\" \/>\n<meta property=\"article:modified_time\" content=\"2025-02-27T13:22:05+00:00\" \/>\n<meta property=\"og:image\" content=\"https:\/\/upload.cdn.baselinker.com\/products\/14476\/1006754937_1.jpg\" \/>\n<meta name=\"twitter:card\" content=\"summary_large_image\" \/>\n<meta name=\"twitter:label1\" content=\"Szacowany czas czytania\" \/>\n\t<meta name=\"twitter:data1\" content=\"2 minuty\" \/>\n<script type=\"application\/ld+json\" class=\"yoast-schema-graph\">{\"@context\":\"https:\/\/schema.org\",\"@graph\":[{\"@type\":\"WebPage\",\"@id\":\"https:\/\/bobimarket.pl\/index.php\/produkt\/basen-dmuchany-brodzik-dla-dzieci-bestway-61x15-cm\/\",\"url\":\"https:\/\/bobimarket.pl\/index.php\/produkt\/basen-dmuchany-brodzik-dla-dzieci-bestway-61x15-cm\/\",\"name\":\"BASEN DMUCHANY BRODZIK DLA DZIECI BESTWAY 61x15 cm - BOBIMARKET.pl - Remontuj i urz\u0105dzaj z nami\",\"isPartOf\":{\"@id\":\"https:\/\/bobimarket.pl\/#website\"},\"datePublished\":\"2023-08-29T14:31:44+00:00\",\"dateModified\":\"2025-02-27T13:22:05+00:00\",\"breadcrumb\":{\"@id\":\"https:\/\/bobimarket.pl\/index.php\/produkt\/basen-dmuchany-brodzik-dla-dzieci-bestway-61x15-cm\/#breadcrumb\"},\"inLanguage\":\"pl-PL\",\"potentialAction\":[{\"@type\":\"ReadAction\",\"target\":[\"https:\/\/bobimarket.pl\/index.php\/produkt\/basen-dmuchany-brodzik-dla-dzieci-bestway-61x15-cm\/\"]}]},{\"@type\":\"BreadcrumbList\",\"@id\":\"https:\/\/bobimarket.pl\/index.php\/produkt\/basen-dmuchany-brodzik-dla-dzieci-bestway-61x15-cm\/#breadcrumb\",\"itemListElement\":[{\"@type\":\"ListItem\",\"position\":1,\"name\":\"Strona g\u0142\u00f3wna\",\"item\":\"https:\/\/bobimarket.pl\/\"},{\"@type\":\"ListItem\",\"position\":2,\"name\":\"Sklep\",\"item\":\"https:\/\/bobimarket.pl\/index.php\/shop\/\"},{\"@type\":\"ListItem\",\"position\":3,\"name\":\"BASEN DMUCHANY BRODZIK DLA DZIECI BESTWAY 61&#215;15 cm\"}]},{\"@type\":\"WebSite\",\"@id\":\"https:\/\/bobimarket.pl\/#website\",\"url\":\"https:\/\/bobimarket.pl\/\",\"name\":\"BOBIMARKET.pl - Remontuj i urz\u0105dzaj z nami\",\"description\":\"Remontuj i urz\u0105dzaj z nami\",\"publisher\":{\"@id\":\"https:\/\/bobimarket.pl\/#organization\"},\"potentialAction\":[{\"@type\":\"SearchAction\",\"target\":{\"@type\":\"EntryPoint\",\"urlTemplate\":\"https:\/\/bobimarket.pl\/?s={search_term_string}\"},\"query-input\":\"required name=search_term_string\"}],\"inLanguage\":\"pl-PL\"},{\"@type\":\"Organization\",\"@id\":\"https:\/\/bobimarket.pl\/#organization\",\"name\":\"BOBIMARKET.pl\",\"url\":\"https:\/\/bobimarket.pl\/\",\"logo\":{\"@type\":\"ImageObject\",\"inLanguage\":\"pl-PL\",\"@id\":\"https:\/\/bobimarket.pl\/#\/schema\/logo\/image\/\",\"url\":\"https:\/\/bobimarket.pl\/wp-content\/uploads\/2021\/11\/slogan.png\",\"contentUrl\":\"https:\/\/bobimarket.pl\/wp-content\/uploads\/2021\/11\/slogan.png\",\"width\":2000,\"height\":384,\"caption\":\"BOBIMARKET.pl\"},\"image\":{\"@id\":\"https:\/\/bobimarket.pl\/#\/schema\/logo\/image\/\"}}]}<\/script>\n<!-- \/ Yoast SEO plugin. -->","yoast_head_json":{"title":"BASEN DMUCHANY BRODZIK DLA DZIECI BESTWAY 61x15 cm - BOBIMARKET.pl - Remontuj i urz\u0105dzaj z nami","robots":{"index":"index","follow":"follow","max-snippet":"max-snippet:-1","max-image-preview":"max-image-preview:large","max-video-preview":"max-video-preview:-1"},"canonical":"https:\/\/bobimarket.pl\/index.php\/produkt\/basen-dmuchany-brodzik-dla-dzieci-bestway-61x15-cm\/","og_locale":"pl_PL","og_type":"article","og_title":"BASEN DMUCHANY BRODZIK DLA DZIECI BESTWAY 61x15 cm - BOBIMARKET.pl - Remontuj i urz\u0105dzaj z nami","og_description":"BASEN DMUCHANY\u00a0 BRODZIK DLA DZIECI BESTWAY 61&#215;15 cm Informacje og\u00f3lne: \u015arednica: 61 cm Wysoko\u015b\u0107: 15 cm Materia\u0142: PCV Wiek: powy\u017cej 2 lat Kszta\u0142t zbiornika: okr\u0105g\u0142y\u00a0 Marka: BESTWAY Zastaw zawiera:\u00a0 Dmuchany okr\u0105g\u0142y basen \u0141atk\u0119 naprawcz\u0105 \u2757 UWAGA \u2757 Basen po napompowaniu mo\u017ce nieco odbiega\u0107 kszta\u0142tem od okr\u0119gu i r\u00f3\u017cni\u0107 si\u0119 od zdj\u0119cia produktowego. Basen nale\u017cy dok\u0142adnie     Czytaj wi\u0119cej \"BASEN DMUCHANY BRODZIK DLA DZIECI BESTWAY 61&#215;15 cm\"","og_url":"https:\/\/bobimarket.pl\/index.php\/produkt\/basen-dmuchany-brodzik-dla-dzieci-bestway-61x15-cm\/","og_site_name":"BOBIMARKET.pl - Remontuj i urz\u0105dzaj z nami","article_modified_time":"2025-02-27T13:22:05+00:00","og_image":[{"url":"https:\/\/upload.cdn.baselinker.com\/products\/14476\/1006754937_1.jpg"}],"twitter_card":"summary_large_image","twitter_misc":{"Szacowany czas czytania":"2 minuty"},"schema":{"@context":"https:\/\/schema.org","@graph":[{"@type":"WebPage","@id":"https:\/\/bobimarket.pl\/index.php\/produkt\/basen-dmuchany-brodzik-dla-dzieci-bestway-61x15-cm\/","url":"https:\/\/bobimarket.pl\/index.php\/produkt\/basen-dmuchany-brodzik-dla-dzieci-bestway-61x15-cm\/","name":"BASEN DMUCHANY BRODZIK DLA DZIECI BESTWAY 61x15 cm - BOBIMARKET.pl - Remontuj i urz\u0105dzaj z nami","isPartOf":{"@id":"https:\/\/bobimarket.pl\/#website"},"datePublished":"2023-08-29T14:31:44+00:00","dateModified":"2025-02-27T13:22:05+00:00","breadcrumb":{"@id":"https:\/\/bobimarket.pl\/index.php\/produkt\/basen-dmuchany-brodzik-dla-dzieci-bestway-61x15-cm\/#breadcrumb"},"inLanguage":"pl-PL","potentialAction":[{"@type":"ReadAction","target":["https:\/\/bobimarket.pl\/index.php\/produkt\/basen-dmuchany-brodzik-dla-dzieci-bestway-61x15-cm\/"]}]},{"@type":"BreadcrumbList","@id":"https:\/\/bobimarket.pl\/index.php\/produkt\/basen-dmuchany-brodzik-dla-dzieci-bestway-61x15-cm\/#breadcrumb","itemListElement":[{"@type":"ListItem","position":1,"name":"Strona g\u0142\u00f3wna","item":"https:\/\/bobimarket.pl\/"},{"@type":"ListItem","position":2,"name":"Sklep","item":"https:\/\/bobimarket.pl\/index.php\/shop\/"},{"@type":"ListItem","position":3,"name":"BASEN DMUCHANY BRODZIK DLA DZIECI BESTWAY 61&#215;15 cm"}]},{"@type":"WebSite","@id":"https:\/\/bobimarket.pl\/#website","url":"https:\/\/bobimarket.pl\/","name":"BOBIMARKET.pl - Remontuj i urz\u0105dzaj z nami","description":"Remontuj i urz\u0105dzaj z nami","publisher":{"@id":"https:\/\/bobimarket.pl\/#organization"},"potentialAction":[{"@type":"SearchAction","target":{"@type":"EntryPoint","urlTemplate":"https:\/\/bobimarket.pl\/?s={search_term_string}"},"query-input":"required name=search_term_string"}],"inLanguage":"pl-PL"},{"@type":"Organization","@id":"https:\/\/bobimarket.pl\/#organization","name":"BOBIMARKET.pl","url":"https:\/\/bobimarket.pl\/","logo":{"@type":"ImageObject","inLanguage":"pl-PL","@id":"https:\/\/bobimarket.pl\/#\/schema\/logo\/image\/","url":"https:\/\/bobimarket.pl\/wp-content\/uploads\/2021\/11\/slogan.png","contentUrl":"https:\/\/bobimarket.pl\/wp-content\/uploads\/2021\/11\/slogan.png","width":2000,"height":384,"caption":"BOBIMARKET.pl"},"image":{"@id":"https:\/\/bobimarket.pl\/#\/schema\/logo\/image\/"}}]}},"_links":{"self":[{"href":"https:\/\/bobimarket.pl\/index.php\/wp-json\/wp\/v2\/product\/79441"}],"collection":[{"href":"https:\/\/bobimarket.pl\/index.php\/wp-json\/wp\/v2\/product"}],"about":[{"href":"https:\/\/bobimarket.pl\/index.php\/wp-json\/wp\/v2\/types\/product"}],"wp:featuredmedia":[{"embeddable":true,"href":"https:\/\/bobimarket.pl\/index.php\/wp-json\/wp\/v2\/media\/79435"}],"wp:attachment":[{"href":"https:\/\/bobimarket.pl\/index.php\/wp-json\/wp\/v2\/media?parent=79441"}],"wp:term":[{"taxonomy":"product_cat","embeddable":true,"href":"https:\/\/bobimarket.pl\/index.php\/wp-json\/wp\/v2\/product_cat?post=79441"},{"taxonomy":"product_tag","embeddable":true,"href":"https:\/\/bobimarket.pl\/index.php\/wp-json\/wp\/v2\/product_tag?post=79441"}],"curies":[{"name":"wp","href":"https:\/\/api.w.org\/{rel}","templated":true}]}}