{"id":79452,"date":"2023-08-29T14:32:08","date_gmt":"2023-08-29T14:32:08","guid":{"rendered":"https:\/\/bobimarket.pl\/index.php\/produkt\/adapter-hex-do-otwornic-koronka-z-wiertlem-110mm\/"},"modified":"2025-02-27T13:22:13","modified_gmt":"2025-02-27T13:22:13","slug":"adapter-hex-do-otwornic-koronka-z-wiertlem-110mm","status":"publish","type":"product","link":"https:\/\/bobimarket.pl\/index.php\/produkt\/adapter-hex-do-otwornic-koronka-z-wiertlem-110mm\/","title":{"rendered":"ADAPTER HEX DO OTWORNIC KORONKA Z WIERT\u0141EM 110mm"},"content":{"rendered":"<section class=\"section\">\n<div class=\"item item-12\">\n<section class=\"text-item\">\n<h2>ADAPTER HEX DO OTWORNIC KORONKA Z WIERT\u0141EM 110mm<\/h2>\n<p><b>Dane techniczne:<\/b><\/p>\n<ul>\n<li>D\u0142ugo\u015b\u0107 adaptera: <b>110 mm<\/b><\/li>\n<li>Materia\u0142:<b> stal<\/b><\/li>\n<li>Typ mocowanie: <b>HEX<\/b><\/li>\n<li>Rozmiar gwintu \u0142\u0105cz\u0105cego:<b> gwint M20<\/b><\/li>\n<li>Przeznaczenie wiert\u0142a:<b> ceg\u0142a, beton<\/b><\/li>\n<\/ul>\n<\/section><\/div>\n<\/section>\n<section class=\"section\">\n<div class=\"item item-12\">\n<section class=\"image-item\">\n            <img decoding=\"async\" src=\"https:\/\/upload.cdn.baselinker.com\/products\/14476\/96c754ac4cbff367f84e38cac6641e62.jpg\" \/><br \/>\n        <\/section>\n<\/p><\/div>\n<\/section>\n<section class=\"section\">\n<div class=\"item item-12\">\n<section class=\"text-item\">\n<p>Adapter z wiert\u0142em prowadz\u0105cym przeznaczony do wsp\u00f3\u0142pracy z koronkami wiertniczymi.<\/p>\n<p>Adapter z jednej strony wyposa\u017cony jest w ko\u0144c\u00f3wk\u0119 HEX do mocowanie w wiertarkach, m\u0142otowiertarkach (praca z wy\u0142\u0105czonym \u00a0udarem). Natomiast z drugiej strony posiada gwint M20.<\/p>\n<ul>\n<li>Wiert\u0142o prowadz\u0105ce dzi\u0119ki profilowanej ko\u0144c\u00f3wce umo\u017cliwia pewny monta\u017c w adapterze.<\/li>\n<li>Dodatkowo wiert\u0142o jest blokowane \u015brub\u0105.<\/li>\n<\/ul>\n<p>Adapter znajduje si\u0119 w plastikowej tubie. Mo\u017cesz wi\u0119c przechowywa\u0107 zestaw w bezpieczny spos\u00f3b. Szczelnie zamykane pude\u0142ko zapobiega gubieniu si\u0119 poszczeg\u00f3lnych element\u00f3w kompletu.<\/p>\n<\/section><\/div>\n<\/section>\n<section class=\"section\">\n<div class=\"item item-12\">\n<section class=\"image-item\">\n            <img decoding=\"async\" src=\"https:\/\/upload.cdn.baselinker.com\/products\/14476\/96c754ac4cbff367f84e38cac6641e62.jpg\" \/><br \/>\n        <\/section>\n<\/p><\/div>\n<\/section>\n<section class=\"section\">\n<div class=\"item item-12\">\n<section class=\"text-item\">\n<p><b>Komplet sk\u0142ada si\u0119 z\u00a0trzech\u00a0cz\u0119\u015bci:<\/b><\/p>\n<ol>\n<li><b>Adapta <\/b>posiadaj\u0105cego uchwyt typu HEX.<\/li>\n<li><b>Wiert\u0142a <\/b>prowadz\u0105cego.<\/li>\n<li><b>\u015aruby<\/b> s\u0142u\u017c\u0105cej do blokowania wiert\u0142a.<\/li>\n<\/ol>\n<\/section><\/div>\n<\/section>\n<section class=\"section\">\n<div class=\"item item-12\">\n<section class=\"image-item\">\n            <img decoding=\"async\" src=\"https:\/\/upload.cdn.baselinker.com\/products\/14476\/96c754ac4cbff367f84e38cac6641e62.jpg\" \/><br \/>\n        <\/section>\n<\/p><\/div>\n<\/section>\n","protected":false},"excerpt":{"rendered":"<p>ADAPTER HEX DO OTWORNIC KORONKA Z WIERT\u0141EM 110mm Dane techniczne: D\u0142ugo\u015b\u0107 adaptera: 110 mm Materia\u0142: stal Typ mocowanie: HEX Rozmiar gwintu \u0142\u0105cz\u0105cego: gwint M20 Przeznaczenie wiert\u0142a: ceg\u0142a, beton Adapter z wiert\u0142em prowadz\u0105cym przeznaczony do wsp\u00f3\u0142pracy z koronkami wiertniczymi. Adapter z jednej strony wyposa\u017cony jest w ko\u0144c\u00f3wk\u0119 HEX do mocowanie w wiertarkach, m\u0142otowiertarkach (praca z wy\u0142\u0105czonym<br \/><a class=\"more-link\" href=\"https:\/\/bobimarket.pl\/index.php\/produkt\/adapter-hex-do-otwornic-koronka-z-wiertlem-110mm\/\"><br \/>\n        Czytaj wi\u0119cej<span class=\"screen-reader-text\"> &#8222;ADAPTER HEX DO OTWORNIC KORONKA Z WIERT\u0141EM 110mm&#8221;<\/span><\/a><\/p>\n","protected":false},"featured_media":79451,"template":"","meta":[],"product_cat":[8107],"product_tag":[],"yoast_head":"<!-- This site is optimized with the Yoast SEO plugin v21.0 - https:\/\/yoast.com\/wordpress\/plugins\/seo\/ -->\n<title>ADAPTER HEX DO OTWORNIC KORONKA Z WIERT\u0141EM 110mm - BOBIMARKET.pl - Remontuj i urz\u0105dzaj z nami<\/title>\n<meta name=\"robots\" content=\"index, follow, max-snippet:-1, max-image-preview:large, max-video-preview:-1\" \/>\n<link rel=\"canonical\" href=\"https:\/\/bobimarket.pl\/index.php\/produkt\/adapter-hex-do-otwornic-koronka-z-wiertlem-110mm\/\" \/>\n<meta property=\"og:locale\" content=\"pl_PL\" \/>\n<meta property=\"og:type\" content=\"article\" \/>\n<meta property=\"og:title\" content=\"ADAPTER HEX DO OTWORNIC KORONKA Z WIERT\u0141EM 110mm - BOBIMARKET.pl - Remontuj i urz\u0105dzaj z nami\" \/>\n<meta property=\"og:description\" content=\"ADAPTER HEX DO OTWORNIC KORONKA Z WIERT\u0141EM 110mm Dane techniczne: D\u0142ugo\u015b\u0107 adaptera: 110 mm Materia\u0142: stal Typ mocowanie: HEX Rozmiar gwintu \u0142\u0105cz\u0105cego: gwint M20 Przeznaczenie wiert\u0142a: ceg\u0142a, beton Adapter z wiert\u0142em prowadz\u0105cym przeznaczony do wsp\u00f3\u0142pracy z koronkami wiertniczymi. Adapter z jednej strony wyposa\u017cony jest w ko\u0144c\u00f3wk\u0119 HEX do mocowanie w wiertarkach, m\u0142otowiertarkach (praca z wy\u0142\u0105czonym     Czytaj wi\u0119cej &quot;ADAPTER HEX DO OTWORNIC KORONKA Z WIERT\u0141EM 110mm&quot;\" \/>\n<meta property=\"og:url\" content=\"https:\/\/bobimarket.pl\/index.php\/produkt\/adapter-hex-do-otwornic-koronka-z-wiertlem-110mm\/\" \/>\n<meta property=\"og:site_name\" content=\"BOBIMARKET.pl - Remontuj i urz\u0105dzaj z nami\" \/>\n<meta property=\"article:modified_time\" content=\"2025-02-27T13:22:13+00:00\" \/>\n<meta property=\"og:image\" content=\"https:\/\/upload.cdn.baselinker.com\/products\/14476\/96c754ac4cbff367f84e38cac6641e62.jpg\" \/>\n<meta name=\"twitter:card\" content=\"summary_large_image\" \/>\n<meta name=\"twitter:label1\" content=\"Szacowany czas czytania\" \/>\n\t<meta name=\"twitter:data1\" content=\"1 minuta\" \/>\n<script type=\"application\/ld+json\" class=\"yoast-schema-graph\">{\"@context\":\"https:\/\/schema.org\",\"@graph\":[{\"@type\":\"WebPage\",\"@id\":\"https:\/\/bobimarket.pl\/index.php\/produkt\/adapter-hex-do-otwornic-koronka-z-wiertlem-110mm\/\",\"url\":\"https:\/\/bobimarket.pl\/index.php\/produkt\/adapter-hex-do-otwornic-koronka-z-wiertlem-110mm\/\",\"name\":\"ADAPTER HEX DO OTWORNIC KORONKA Z WIERT\u0141EM 110mm - BOBIMARKET.pl - Remontuj i urz\u0105dzaj z nami\",\"isPartOf\":{\"@id\":\"https:\/\/bobimarket.pl\/#website\"},\"datePublished\":\"2023-08-29T14:32:08+00:00\",\"dateModified\":\"2025-02-27T13:22:13+00:00\",\"breadcrumb\":{\"@id\":\"https:\/\/bobimarket.pl\/index.php\/produkt\/adapter-hex-do-otwornic-koronka-z-wiertlem-110mm\/#breadcrumb\"},\"inLanguage\":\"pl-PL\",\"potentialAction\":[{\"@type\":\"ReadAction\",\"target\":[\"https:\/\/bobimarket.pl\/index.php\/produkt\/adapter-hex-do-otwornic-koronka-z-wiertlem-110mm\/\"]}]},{\"@type\":\"BreadcrumbList\",\"@id\":\"https:\/\/bobimarket.pl\/index.php\/produkt\/adapter-hex-do-otwornic-koronka-z-wiertlem-110mm\/#breadcrumb\",\"itemListElement\":[{\"@type\":\"ListItem\",\"position\":1,\"name\":\"Strona g\u0142\u00f3wna\",\"item\":\"https:\/\/bobimarket.pl\/\"},{\"@type\":\"ListItem\",\"position\":2,\"name\":\"Sklep\",\"item\":\"https:\/\/bobimarket.pl\/index.php\/shop\/\"},{\"@type\":\"ListItem\",\"position\":3,\"name\":\"ADAPTER HEX DO OTWORNIC KORONKA Z WIERT\u0141EM 110mm\"}]},{\"@type\":\"WebSite\",\"@id\":\"https:\/\/bobimarket.pl\/#website\",\"url\":\"https:\/\/bobimarket.pl\/\",\"name\":\"BOBIMARKET.pl - Remontuj i urz\u0105dzaj z nami\",\"description\":\"Remontuj i urz\u0105dzaj z nami\",\"publisher\":{\"@id\":\"https:\/\/bobimarket.pl\/#organization\"},\"potentialAction\":[{\"@type\":\"SearchAction\",\"target\":{\"@type\":\"EntryPoint\",\"urlTemplate\":\"https:\/\/bobimarket.pl\/?s={search_term_string}\"},\"query-input\":\"required name=search_term_string\"}],\"inLanguage\":\"pl-PL\"},{\"@type\":\"Organization\",\"@id\":\"https:\/\/bobimarket.pl\/#organization\",\"name\":\"BOBIMARKET.pl\",\"url\":\"https:\/\/bobimarket.pl\/\",\"logo\":{\"@type\":\"ImageObject\",\"inLanguage\":\"pl-PL\",\"@id\":\"https:\/\/bobimarket.pl\/#\/schema\/logo\/image\/\",\"url\":\"https:\/\/bobimarket.pl\/wp-content\/uploads\/2021\/11\/slogan.png\",\"contentUrl\":\"https:\/\/bobimarket.pl\/wp-content\/uploads\/2021\/11\/slogan.png\",\"width\":2000,\"height\":384,\"caption\":\"BOBIMARKET.pl\"},\"image\":{\"@id\":\"https:\/\/bobimarket.pl\/#\/schema\/logo\/image\/\"}}]}<\/script>\n<!-- \/ Yoast SEO plugin. -->","yoast_head_json":{"title":"ADAPTER HEX DO OTWORNIC KORONKA Z WIERT\u0141EM 110mm - BOBIMARKET.pl - Remontuj i urz\u0105dzaj z nami","robots":{"index":"index","follow":"follow","max-snippet":"max-snippet:-1","max-image-preview":"max-image-preview:large","max-video-preview":"max-video-preview:-1"},"canonical":"https:\/\/bobimarket.pl\/index.php\/produkt\/adapter-hex-do-otwornic-koronka-z-wiertlem-110mm\/","og_locale":"pl_PL","og_type":"article","og_title":"ADAPTER HEX DO OTWORNIC KORONKA Z WIERT\u0141EM 110mm - BOBIMARKET.pl - Remontuj i urz\u0105dzaj z nami","og_description":"ADAPTER HEX DO OTWORNIC KORONKA Z WIERT\u0141EM 110mm Dane techniczne: D\u0142ugo\u015b\u0107 adaptera: 110 mm Materia\u0142: stal Typ mocowanie: HEX Rozmiar gwintu \u0142\u0105cz\u0105cego: gwint M20 Przeznaczenie wiert\u0142a: ceg\u0142a, beton Adapter z wiert\u0142em prowadz\u0105cym przeznaczony do wsp\u00f3\u0142pracy z koronkami wiertniczymi. Adapter z jednej strony wyposa\u017cony jest w ko\u0144c\u00f3wk\u0119 HEX do mocowanie w wiertarkach, m\u0142otowiertarkach (praca z wy\u0142\u0105czonym     Czytaj wi\u0119cej \"ADAPTER HEX DO OTWORNIC KORONKA Z WIERT\u0141EM 110mm\"","og_url":"https:\/\/bobimarket.pl\/index.php\/produkt\/adapter-hex-do-otwornic-koronka-z-wiertlem-110mm\/","og_site_name":"BOBIMARKET.pl - Remontuj i urz\u0105dzaj z nami","article_modified_time":"2025-02-27T13:22:13+00:00","og_image":[{"url":"https:\/\/upload.cdn.baselinker.com\/products\/14476\/96c754ac4cbff367f84e38cac6641e62.jpg"}],"twitter_card":"summary_large_image","twitter_misc":{"Szacowany czas czytania":"1 minuta"},"schema":{"@context":"https:\/\/schema.org","@graph":[{"@type":"WebPage","@id":"https:\/\/bobimarket.pl\/index.php\/produkt\/adapter-hex-do-otwornic-koronka-z-wiertlem-110mm\/","url":"https:\/\/bobimarket.pl\/index.php\/produkt\/adapter-hex-do-otwornic-koronka-z-wiertlem-110mm\/","name":"ADAPTER HEX DO OTWORNIC KORONKA Z WIERT\u0141EM 110mm - BOBIMARKET.pl - Remontuj i urz\u0105dzaj z nami","isPartOf":{"@id":"https:\/\/bobimarket.pl\/#website"},"datePublished":"2023-08-29T14:32:08+00:00","dateModified":"2025-02-27T13:22:13+00:00","breadcrumb":{"@id":"https:\/\/bobimarket.pl\/index.php\/produkt\/adapter-hex-do-otwornic-koronka-z-wiertlem-110mm\/#breadcrumb"},"inLanguage":"pl-PL","potentialAction":[{"@type":"ReadAction","target":["https:\/\/bobimarket.pl\/index.php\/produkt\/adapter-hex-do-otwornic-koronka-z-wiertlem-110mm\/"]}]},{"@type":"BreadcrumbList","@id":"https:\/\/bobimarket.pl\/index.php\/produkt\/adapter-hex-do-otwornic-koronka-z-wiertlem-110mm\/#breadcrumb","itemListElement":[{"@type":"ListItem","position":1,"name":"Strona g\u0142\u00f3wna","item":"https:\/\/bobimarket.pl\/"},{"@type":"ListItem","position":2,"name":"Sklep","item":"https:\/\/bobimarket.pl\/index.php\/shop\/"},{"@type":"ListItem","position":3,"name":"ADAPTER HEX DO OTWORNIC KORONKA Z WIERT\u0141EM 110mm"}]},{"@type":"WebSite","@id":"https:\/\/bobimarket.pl\/#website","url":"https:\/\/bobimarket.pl\/","name":"BOBIMARKET.pl - Remontuj i urz\u0105dzaj z nami","description":"Remontuj i urz\u0105dzaj z nami","publisher":{"@id":"https:\/\/bobimarket.pl\/#organization"},"potentialAction":[{"@type":"SearchAction","target":{"@type":"EntryPoint","urlTemplate":"https:\/\/bobimarket.pl\/?s={search_term_string}"},"query-input":"required name=search_term_string"}],"inLanguage":"pl-PL"},{"@type":"Organization","@id":"https:\/\/bobimarket.pl\/#organization","name":"BOBIMARKET.pl","url":"https:\/\/bobimarket.pl\/","logo":{"@type":"ImageObject","inLanguage":"pl-PL","@id":"https:\/\/bobimarket.pl\/#\/schema\/logo\/image\/","url":"https:\/\/bobimarket.pl\/wp-content\/uploads\/2021\/11\/slogan.png","contentUrl":"https:\/\/bobimarket.pl\/wp-content\/uploads\/2021\/11\/slogan.png","width":2000,"height":384,"caption":"BOBIMARKET.pl"},"image":{"@id":"https:\/\/bobimarket.pl\/#\/schema\/logo\/image\/"}}]}},"_links":{"self":[{"href":"https:\/\/bobimarket.pl\/index.php\/wp-json\/wp\/v2\/product\/79452"}],"collection":[{"href":"https:\/\/bobimarket.pl\/index.php\/wp-json\/wp\/v2\/product"}],"about":[{"href":"https:\/\/bobimarket.pl\/index.php\/wp-json\/wp\/v2\/types\/product"}],"wp:featuredmedia":[{"embeddable":true,"href":"https:\/\/bobimarket.pl\/index.php\/wp-json\/wp\/v2\/media\/79451"}],"wp:attachment":[{"href":"https:\/\/bobimarket.pl\/index.php\/wp-json\/wp\/v2\/media?parent=79452"}],"wp:term":[{"taxonomy":"product_cat","embeddable":true,"href":"https:\/\/bobimarket.pl\/index.php\/wp-json\/wp\/v2\/product_cat?post=79452"},{"taxonomy":"product_tag","embeddable":true,"href":"https:\/\/bobimarket.pl\/index.php\/wp-json\/wp\/v2\/product_tag?post=79452"}],"curies":[{"name":"wp","href":"https:\/\/api.w.org\/{rel}","templated":true}]}}