{"id":79485,"date":"2023-08-29T14:33:58","date_gmt":"2023-08-29T14:33:58","guid":{"rendered":"https:\/\/bobimarket.pl\/index.php\/produkt\/pompa-filtrujaca-do-basenow-1249-l-h-filtr-bestway\/"},"modified":"2025-02-27T13:22:34","modified_gmt":"2025-02-27T13:22:34","slug":"pompa-filtrujaca-do-basenow-1249-l-h-filtr-bestway","status":"publish","type":"product","link":"https:\/\/bobimarket.pl\/index.php\/produkt\/pompa-filtrujaca-do-basenow-1249-l-h-filtr-bestway\/","title":{"rendered":"POMPA FILTRUJ\u0104CA DO BASEN\u00d3W 1249 l\/h FILTR BESTWAY"},"content":{"rendered":"<section class=\"section\">\n<div class=\"item item-6\">\n<section class=\"image-item\">\n            <img decoding=\"async\" src=\"https:\/\/upload.cdn.baselinker.com\/products\/14476\/1010670122_10.jpg\" \/><br \/>\n        <\/section>\n<\/p><\/div>\n<div class=\"item item-6\">\n<section class=\"text-item\">\n<h2>POMPA FILTRUJ\u0104CA DO BASEN\u00d3W 1249 l\/h FILTR BESTWAY<\/h2>\n<p><b>Dane techniczne:<\/b><\/p>\n<ul>\n<li>Przep\u0142yw wody (wydajno\u015b\u0107 pompy):<b> 1249l\/h (330 gal.\/h)<\/b><\/li>\n<li>Zasilanie:<b> 20-240 V<\/b>\u00a0<\/li>\n<li>Do u\u017cytku z basenami o pojemno\u015bci: <b>1100\u20138300 L (300\u20132 200 galon\u00f3w)<\/b><\/li>\n<\/ul>\n<p><b>Zestaw zawiera: <\/b><\/p>\n<ol>\n<li>Pomp\u0119 filtruj\u0105ca,<\/li>\n<li>Wymienny filtr (58093)<\/li>\n<li>2 w\u0119\u017ce<\/li>\n<li>4 klamry zaciskowe\u00a0<\/li>\n<\/ol>\n<\/section><\/div>\n<\/section>\n<section class=\"section\">\n<div class=\"item item-6\">\n<section class=\"image-item\">\n            <img decoding=\"async\" src=\"https:\/\/upload.cdn.baselinker.com\/products\/14476\/1010670122_5.jpg\" \/><br \/>\n        <\/section>\n<\/p><\/div>\n<div class=\"item item-6\">\n<section class=\"text-item\">\n<p><b>Niezb\u0119dny i praktyczny zestaw, kt\u00f3ry pomo\u017ce w zachowaniu porz\u0105dku i czysto\u015bci w Twoim\u00a0 basenie!<\/b><\/p>\n<p>Pompa filtruj\u0105ca do basenu pozwala <b>kontrolowa\u0107 jako\u015b\u0107 i czysto\u015b\u0107 wody<\/b>. Przyda si\u0119 ka\u017cdemu, kto sp\u0119dza upalne letni dni korzystaj\u0105c z basenu w ogrodzie i ceni sobie czyst\u0105 wod\u0119 w zbiorniku.<\/p>\n<p>Zestaw jest \u0142atwy w u\u017cyciu, a co najwa\u017cniejsze pozwoli Ci <b>zaoszcz\u0119dzi sporo cennego czasu<\/b>, kt\u00f3ry b\u0119dziesz m\u00f3g\u0142 wykorzysta\u0107 na odpoczynek i wodne zabawy.<\/p>\n<ul>\n<li>Zestaw przeznaczony do basen\u00f3w o pojemno\u015bci <b>1100\u20138300 L (300\u20132 200 galon\u00f3w).<\/b><\/li>\n<\/ul>\n<ul>\n<li>Komplet nadaje si\u0119 do wielokrotnego u\u017cytku i b\u0119dzie s\u0142u\u017cy\u0142 przez kilka sezon\u00f3w.<\/li>\n<\/ul>\n<\/section><\/div>\n<\/section>\n<section class=\"section\">\n<div class=\"item item-6\">\n<section class=\"image-item\">\n            <img decoding=\"async\" src=\"https:\/\/upload.cdn.baselinker.com\/products\/14476\/1010670122_2.jpg\" \/><br \/>\n        <\/section>\n<\/p><\/div>\n<div class=\"item item-6\">\n<section class=\"text-item\">\n<p><b>\u2705 <\/b><b>\u0141atwy i prosty monta\u017c<\/b><\/p>\n<ul>\n<li>Pompa filtruj\u0105ca jest \u0142atwa i prosta w obs\u0142udze. Nieskomplikowana budowa sprawia, \u017ce pomp\u0119 mo\u017cna \u0142atwo pod\u0142\u0105czy\u0107 do basenu. Do zestawu do\u0142\u0105czono dwa w\u0119\u017ce oraz cztery klamry zasi\u0142kowe.<\/li>\n<\/ul>\n<ul>\n<li>Pomp\u0119 mo\u017cna stosowa\u0107 w basenach o pojemno\u015bci od 1100 l do 8300l.<\/li>\n<li>Sieciowe zasilanie dodatkowo sprawia, \u017ce jest ekonomiczna.<\/li>\n<\/ul>\n<p><b>\u2705\u00a0<\/b><b>Skuteczna filtracja<\/b><\/p>\n<ul>\n<li>Zintegrowany system filtruj\u0105cy wraz z wymiennym filtrem zapewnia czyst\u0105 wod\u0119 w basenie.<\/li>\n<li>Sprawny system pompuj\u0105cy gwarantuje szybki przep\u0142yw wody. Wydajno\u015b\u0107 pompy wynosi 1249l\/h.<\/li>\n<li>Filtr nale\u017cy sprawdza\u0107 raz w tygodniu. W przypadku niewielkiego zabrudzenia, filtr mo\u017cna wyczy\u015bci\u0107 za pomoc\u0105 w\u0119\u017ca ogrodowego pod\u0142\u0105czonego do wody.<\/li>\n<\/ul>\n<\/section><\/div>\n<\/section>\n<section class=\"section\">\n<div class=\"item item-6\">\n<section class=\"image-item\">\n            <img decoding=\"async\" src=\"https:\/\/upload.cdn.baselinker.com\/products\/14476\/1010670122_9.jpg\" \/><br \/>\n        <\/section>\n<\/p><\/div>\n<div class=\"item item-6\">\n<section class=\"text-item\">\n<p><b>\u2705\u00a0<\/b><b>W sk\u0142ad zestawy wchodz\u0105:<\/b><\/p>\n<ol>\n<li>Pompa filtruj\u0105ca<\/li>\n<li>Dedykowanym wymiennym filtr (58093)<\/li>\n<li>Dwa w\u0119\u017ce s\u0142u\u017c\u0105ce do pod\u0142\u0105czenia pompy<\/li>\n<li>Cztery klamry zaciskowe<\/li>\n<\/ol>\n<\/section><\/div>\n<\/section>\n<section class=\"section\">\n<div class=\"item item-6\">\n<section class=\"image-item\">\n            <img decoding=\"async\" src=\"https:\/\/upload.cdn.baselinker.com\/products\/14476\/1010670122_3.jpg\" \/><br \/>\n        <\/section>\n<\/p><\/div>\n<div class=\"item item-6\">\n<section class=\"text-item\">\n<p><b>Pompa filtruj\u0105ca zapewni krystalicznie czyst\u0105 wod\u0119 w basenie, a Tobie pozwoli zaoszcz\u0119dzi\u0107 czas!<\/b><\/p>\n<ul>\n<li>Pompa jest prosta w monta\u017cu i \u0142atwa w obs\u0142udze.<\/li>\n<li>Skuteczna filtracja pomaga w utrzymaniu czysto\u015bci w basenie ogrodowym.<\/li>\n<li>Nadaje si\u0119 do r\u00f3\u017cngo rodzaju basen\u00f3w o pojemno\u015bci 1100 -8300 L.<\/li>\n<\/ul>\n<\/section><\/div>\n<\/section>\n<section class=\"section\">\n<div class=\"item item-12\">\n<section class=\"image-item\">\n            <img decoding=\"async\" src=\"https:\/\/upload.cdn.baselinker.com\/products\/14476\/1010670122_8.jpg\" \/><br \/>\n        <\/section>\n<\/p><\/div>\n<\/section>\n","protected":false},"excerpt":{"rendered":"<p>POMPA FILTRUJ\u0104CA DO BASEN\u00d3W 1249 l\/h FILTR BESTWAY Dane techniczne: Przep\u0142yw wody (wydajno\u015b\u0107 pompy): 1249l\/h (330 gal.\/h) Zasilanie: 20-240 V\u00a0 Do u\u017cytku z basenami o pojemno\u015bci: 1100\u20138300 L (300\u20132 200 galon\u00f3w) Zestaw zawiera: Pomp\u0119 filtruj\u0105ca, Wymienny filtr (58093) 2 w\u0119\u017ce 4 klamry zaciskowe\u00a0 Niezb\u0119dny i praktyczny zestaw, kt\u00f3ry pomo\u017ce w zachowaniu porz\u0105dku i czysto\u015bci w<br \/><a class=\"more-link\" href=\"https:\/\/bobimarket.pl\/index.php\/produkt\/pompa-filtrujaca-do-basenow-1249-l-h-filtr-bestway\/\"><br \/>\n        Czytaj wi\u0119cej<span class=\"screen-reader-text\"> &#8222;POMPA FILTRUJ\u0104CA DO BASEN\u00d3W 1249 l\/h FILTR BESTWAY&#8221;<\/span><\/a><\/p>\n","protected":false},"featured_media":79474,"template":"","meta":[],"product_cat":[8106],"product_tag":[],"yoast_head":"<!-- This site is optimized with the Yoast SEO plugin v21.0 - https:\/\/yoast.com\/wordpress\/plugins\/seo\/ -->\n<title>POMPA FILTRUJ\u0104CA DO BASEN\u00d3W 1249 l\/h FILTR BESTWAY - BOBIMARKET.pl - Remontuj i urz\u0105dzaj z nami<\/title>\n<meta name=\"robots\" content=\"index, follow, max-snippet:-1, max-image-preview:large, max-video-preview:-1\" \/>\n<link rel=\"canonical\" href=\"https:\/\/bobimarket.pl\/index.php\/produkt\/pompa-filtrujaca-do-basenow-1249-l-h-filtr-bestway\/\" \/>\n<meta property=\"og:locale\" content=\"pl_PL\" \/>\n<meta property=\"og:type\" content=\"article\" \/>\n<meta property=\"og:title\" content=\"POMPA FILTRUJ\u0104CA DO BASEN\u00d3W 1249 l\/h FILTR BESTWAY - BOBIMARKET.pl - Remontuj i urz\u0105dzaj z nami\" \/>\n<meta property=\"og:description\" content=\"POMPA FILTRUJ\u0104CA DO BASEN\u00d3W 1249 l\/h FILTR BESTWAY Dane techniczne: Przep\u0142yw wody (wydajno\u015b\u0107 pompy): 1249l\/h (330 gal.\/h) Zasilanie: 20-240 V\u00a0 Do u\u017cytku z basenami o pojemno\u015bci: 1100\u20138300 L (300\u20132 200 galon\u00f3w) Zestaw zawiera: Pomp\u0119 filtruj\u0105ca, Wymienny filtr (58093) 2 w\u0119\u017ce 4 klamry zaciskowe\u00a0 Niezb\u0119dny i praktyczny zestaw, kt\u00f3ry pomo\u017ce w zachowaniu porz\u0105dku i czysto\u015bci w     Czytaj wi\u0119cej &quot;POMPA FILTRUJ\u0104CA DO BASEN\u00d3W 1249 l\/h FILTR BESTWAY&quot;\" \/>\n<meta property=\"og:url\" content=\"https:\/\/bobimarket.pl\/index.php\/produkt\/pompa-filtrujaca-do-basenow-1249-l-h-filtr-bestway\/\" \/>\n<meta property=\"og:site_name\" content=\"BOBIMARKET.pl - Remontuj i urz\u0105dzaj z nami\" \/>\n<meta property=\"article:modified_time\" content=\"2025-02-27T13:22:34+00:00\" \/>\n<meta property=\"og:image\" content=\"https:\/\/upload.cdn.baselinker.com\/products\/14476\/1010670122_10.jpg\" \/>\n<meta name=\"twitter:card\" content=\"summary_large_image\" \/>\n<meta name=\"twitter:label1\" content=\"Szacowany czas czytania\" \/>\n\t<meta name=\"twitter:data1\" content=\"2 minuty\" \/>\n<script type=\"application\/ld+json\" class=\"yoast-schema-graph\">{\"@context\":\"https:\/\/schema.org\",\"@graph\":[{\"@type\":\"WebPage\",\"@id\":\"https:\/\/bobimarket.pl\/index.php\/produkt\/pompa-filtrujaca-do-basenow-1249-l-h-filtr-bestway\/\",\"url\":\"https:\/\/bobimarket.pl\/index.php\/produkt\/pompa-filtrujaca-do-basenow-1249-l-h-filtr-bestway\/\",\"name\":\"POMPA FILTRUJ\u0104CA DO BASEN\u00d3W 1249 l\/h FILTR BESTWAY - BOBIMARKET.pl - Remontuj i urz\u0105dzaj z nami\",\"isPartOf\":{\"@id\":\"https:\/\/bobimarket.pl\/#website\"},\"datePublished\":\"2023-08-29T14:33:58+00:00\",\"dateModified\":\"2025-02-27T13:22:34+00:00\",\"breadcrumb\":{\"@id\":\"https:\/\/bobimarket.pl\/index.php\/produkt\/pompa-filtrujaca-do-basenow-1249-l-h-filtr-bestway\/#breadcrumb\"},\"inLanguage\":\"pl-PL\",\"potentialAction\":[{\"@type\":\"ReadAction\",\"target\":[\"https:\/\/bobimarket.pl\/index.php\/produkt\/pompa-filtrujaca-do-basenow-1249-l-h-filtr-bestway\/\"]}]},{\"@type\":\"BreadcrumbList\",\"@id\":\"https:\/\/bobimarket.pl\/index.php\/produkt\/pompa-filtrujaca-do-basenow-1249-l-h-filtr-bestway\/#breadcrumb\",\"itemListElement\":[{\"@type\":\"ListItem\",\"position\":1,\"name\":\"Strona g\u0142\u00f3wna\",\"item\":\"https:\/\/bobimarket.pl\/\"},{\"@type\":\"ListItem\",\"position\":2,\"name\":\"Sklep\",\"item\":\"https:\/\/bobimarket.pl\/index.php\/shop\/\"},{\"@type\":\"ListItem\",\"position\":3,\"name\":\"POMPA FILTRUJ\u0104CA DO BASEN\u00d3W 1249 l\/h FILTR BESTWAY\"}]},{\"@type\":\"WebSite\",\"@id\":\"https:\/\/bobimarket.pl\/#website\",\"url\":\"https:\/\/bobimarket.pl\/\",\"name\":\"BOBIMARKET.pl - Remontuj i urz\u0105dzaj z nami\",\"description\":\"Remontuj i urz\u0105dzaj z nami\",\"publisher\":{\"@id\":\"https:\/\/bobimarket.pl\/#organization\"},\"potentialAction\":[{\"@type\":\"SearchAction\",\"target\":{\"@type\":\"EntryPoint\",\"urlTemplate\":\"https:\/\/bobimarket.pl\/?s={search_term_string}\"},\"query-input\":\"required name=search_term_string\"}],\"inLanguage\":\"pl-PL\"},{\"@type\":\"Organization\",\"@id\":\"https:\/\/bobimarket.pl\/#organization\",\"name\":\"BOBIMARKET.pl\",\"url\":\"https:\/\/bobimarket.pl\/\",\"logo\":{\"@type\":\"ImageObject\",\"inLanguage\":\"pl-PL\",\"@id\":\"https:\/\/bobimarket.pl\/#\/schema\/logo\/image\/\",\"url\":\"https:\/\/bobimarket.pl\/wp-content\/uploads\/2021\/11\/slogan.png\",\"contentUrl\":\"https:\/\/bobimarket.pl\/wp-content\/uploads\/2021\/11\/slogan.png\",\"width\":2000,\"height\":384,\"caption\":\"BOBIMARKET.pl\"},\"image\":{\"@id\":\"https:\/\/bobimarket.pl\/#\/schema\/logo\/image\/\"}}]}<\/script>\n<!-- \/ Yoast SEO plugin. -->","yoast_head_json":{"title":"POMPA FILTRUJ\u0104CA DO BASEN\u00d3W 1249 l\/h FILTR BESTWAY - BOBIMARKET.pl - Remontuj i urz\u0105dzaj z nami","robots":{"index":"index","follow":"follow","max-snippet":"max-snippet:-1","max-image-preview":"max-image-preview:large","max-video-preview":"max-video-preview:-1"},"canonical":"https:\/\/bobimarket.pl\/index.php\/produkt\/pompa-filtrujaca-do-basenow-1249-l-h-filtr-bestway\/","og_locale":"pl_PL","og_type":"article","og_title":"POMPA FILTRUJ\u0104CA DO BASEN\u00d3W 1249 l\/h FILTR BESTWAY - BOBIMARKET.pl - Remontuj i urz\u0105dzaj z nami","og_description":"POMPA FILTRUJ\u0104CA DO BASEN\u00d3W 1249 l\/h FILTR BESTWAY Dane techniczne: Przep\u0142yw wody (wydajno\u015b\u0107 pompy): 1249l\/h (330 gal.\/h) Zasilanie: 20-240 V\u00a0 Do u\u017cytku z basenami o pojemno\u015bci: 1100\u20138300 L (300\u20132 200 galon\u00f3w) Zestaw zawiera: Pomp\u0119 filtruj\u0105ca, Wymienny filtr (58093) 2 w\u0119\u017ce 4 klamry zaciskowe\u00a0 Niezb\u0119dny i praktyczny zestaw, kt\u00f3ry pomo\u017ce w zachowaniu porz\u0105dku i czysto\u015bci w     Czytaj wi\u0119cej \"POMPA FILTRUJ\u0104CA DO BASEN\u00d3W 1249 l\/h FILTR BESTWAY\"","og_url":"https:\/\/bobimarket.pl\/index.php\/produkt\/pompa-filtrujaca-do-basenow-1249-l-h-filtr-bestway\/","og_site_name":"BOBIMARKET.pl - Remontuj i urz\u0105dzaj z nami","article_modified_time":"2025-02-27T13:22:34+00:00","og_image":[{"url":"https:\/\/upload.cdn.baselinker.com\/products\/14476\/1010670122_10.jpg"}],"twitter_card":"summary_large_image","twitter_misc":{"Szacowany czas czytania":"2 minuty"},"schema":{"@context":"https:\/\/schema.org","@graph":[{"@type":"WebPage","@id":"https:\/\/bobimarket.pl\/index.php\/produkt\/pompa-filtrujaca-do-basenow-1249-l-h-filtr-bestway\/","url":"https:\/\/bobimarket.pl\/index.php\/produkt\/pompa-filtrujaca-do-basenow-1249-l-h-filtr-bestway\/","name":"POMPA FILTRUJ\u0104CA DO BASEN\u00d3W 1249 l\/h FILTR BESTWAY - BOBIMARKET.pl - Remontuj i urz\u0105dzaj z nami","isPartOf":{"@id":"https:\/\/bobimarket.pl\/#website"},"datePublished":"2023-08-29T14:33:58+00:00","dateModified":"2025-02-27T13:22:34+00:00","breadcrumb":{"@id":"https:\/\/bobimarket.pl\/index.php\/produkt\/pompa-filtrujaca-do-basenow-1249-l-h-filtr-bestway\/#breadcrumb"},"inLanguage":"pl-PL","potentialAction":[{"@type":"ReadAction","target":["https:\/\/bobimarket.pl\/index.php\/produkt\/pompa-filtrujaca-do-basenow-1249-l-h-filtr-bestway\/"]}]},{"@type":"BreadcrumbList","@id":"https:\/\/bobimarket.pl\/index.php\/produkt\/pompa-filtrujaca-do-basenow-1249-l-h-filtr-bestway\/#breadcrumb","itemListElement":[{"@type":"ListItem","position":1,"name":"Strona g\u0142\u00f3wna","item":"https:\/\/bobimarket.pl\/"},{"@type":"ListItem","position":2,"name":"Sklep","item":"https:\/\/bobimarket.pl\/index.php\/shop\/"},{"@type":"ListItem","position":3,"name":"POMPA FILTRUJ\u0104CA DO BASEN\u00d3W 1249 l\/h FILTR BESTWAY"}]},{"@type":"WebSite","@id":"https:\/\/bobimarket.pl\/#website","url":"https:\/\/bobimarket.pl\/","name":"BOBIMARKET.pl - Remontuj i urz\u0105dzaj z nami","description":"Remontuj i urz\u0105dzaj z nami","publisher":{"@id":"https:\/\/bobimarket.pl\/#organization"},"potentialAction":[{"@type":"SearchAction","target":{"@type":"EntryPoint","urlTemplate":"https:\/\/bobimarket.pl\/?s={search_term_string}"},"query-input":"required name=search_term_string"}],"inLanguage":"pl-PL"},{"@type":"Organization","@id":"https:\/\/bobimarket.pl\/#organization","name":"BOBIMARKET.pl","url":"https:\/\/bobimarket.pl\/","logo":{"@type":"ImageObject","inLanguage":"pl-PL","@id":"https:\/\/bobimarket.pl\/#\/schema\/logo\/image\/","url":"https:\/\/bobimarket.pl\/wp-content\/uploads\/2021\/11\/slogan.png","contentUrl":"https:\/\/bobimarket.pl\/wp-content\/uploads\/2021\/11\/slogan.png","width":2000,"height":384,"caption":"BOBIMARKET.pl"},"image":{"@id":"https:\/\/bobimarket.pl\/#\/schema\/logo\/image\/"}}]}},"_links":{"self":[{"href":"https:\/\/bobimarket.pl\/index.php\/wp-json\/wp\/v2\/product\/79485"}],"collection":[{"href":"https:\/\/bobimarket.pl\/index.php\/wp-json\/wp\/v2\/product"}],"about":[{"href":"https:\/\/bobimarket.pl\/index.php\/wp-json\/wp\/v2\/types\/product"}],"wp:featuredmedia":[{"embeddable":true,"href":"https:\/\/bobimarket.pl\/index.php\/wp-json\/wp\/v2\/media\/79474"}],"wp:attachment":[{"href":"https:\/\/bobimarket.pl\/index.php\/wp-json\/wp\/v2\/media?parent=79485"}],"wp:term":[{"taxonomy":"product_cat","embeddable":true,"href":"https:\/\/bobimarket.pl\/index.php\/wp-json\/wp\/v2\/product_cat?post=79485"},{"taxonomy":"product_tag","embeddable":true,"href":"https:\/\/bobimarket.pl\/index.php\/wp-json\/wp\/v2\/product_tag?post=79485"}],"curies":[{"name":"wp","href":"https:\/\/api.w.org\/{rel}","templated":true}]}}