{"id":79513,"date":"2023-08-29T14:36:19","date_gmt":"2023-08-29T14:36:19","guid":{"rendered":"https:\/\/bobimarket.pl\/index.php\/produkt\/basen-stelazowy-300x201x66-bestway-zestaw-xxl\/"},"modified":"2025-02-27T13:22:46","modified_gmt":"2025-02-27T13:22:46","slug":"basen-stelazowy-300x201x66-bestway-zestaw-xxl","status":"publish","type":"product","link":"https:\/\/bobimarket.pl\/index.php\/produkt\/basen-stelazowy-300x201x66-bestway-zestaw-xxl\/","title":{"rendered":"BASEN STELA\u017bOWY 300x201x66 BESTWAY ZESTAW XXL"},"content":{"rendered":"<section class=\"section\">\n<div class=\"item item-12\">\n<section class=\"text-item\">\n<h2>BASEN STELA\u017bOWY 300x201x66 BESTWAY ZESTAW XXL<\/h2>\n<p><b>Dane techniczne:<\/b><\/p>\n<ul>\n<li>Wymiary dna:<b> 300&#215;201 cm<\/b><\/li>\n<li>Wysoko\u015b\u0107: <b>66 cm<\/b><\/li>\n<li>Pojemno\u015b\u0107: <b>3300\u00a0 L<\/b><\/li>\n<li>Zalecane wype\u0142nienie wod\u0105 <b>90 %<\/b><\/li>\n<\/ul>\n<p><b>ZESTAW SK\u0141ADA SI\u0118 NAST\u0118PUJ\u0104CYCH ELEMENT\u00d3W: <\/b><\/p>\n<ol>\n<li>Basen stela\u017cowy<\/li>\n<li>Pompa filtruj\u0105ca<\/li>\n<li>Dozownik na tabletki<\/li>\n<li>Tabletki multifunkcyjne<\/li>\n<li>P\u0142ywaj\u0105cy termometr<\/li>\n<\/ol>\n<\/section><\/div>\n<\/section>\n<section class=\"section\">\n<div class=\"item item-12\">\n<section class=\"image-item\">\n            <img decoding=\"async\" src=\"https:\/\/upload.cdn.baselinker.com\/products\/14476\/1010749872_1.jpg\" \/><br \/>\n        <\/section>\n<\/p><\/div>\n<\/section>\n<section class=\"section\">\n<div class=\"item item-12\">\n<section class=\"text-item\">\n<h2>Zestaw doskona\u0142y na upalne, letnie dni!<\/h2>\n<p>Przygotowany zestaw zawiera <b>wszystko, czego potrzebujesz, aby cieszy\u0107 si\u0119 latem.<\/b> Gwarantuje\u00a0dobr\u0105 zabaw\u0119\u00a0i mile sp\u0119dzony czas! Pozwala jeszcze bardziej nacieszy\u0107 si\u0119 czasem sp\u0119dzonym na \u015bwie\u017cym powietrzu i stanowi \u015bwietny spos\u00f3b na<b> ucieczk\u0119 przed upa\u0142em<\/b> w letnie dni.\u00a0<\/p>\n<ul>\n<li>Do basenu do\u0142\u0105czona zosta\u0142a pompa filtruj\u0105ca, dozownik z tabletakami multifunkcyjnymi oraz inne akcesoria.<\/li>\n<\/ul>\n<\/section><\/div>\n<\/section>\n<section class=\"section\">\n<div class=\"item item-6\">\n<section class=\"text-item\">\n<h2>1. Basen stela\u017cowy<\/h2>\n<h2>2. Pompa filtruj\u0105ca<\/h2>\n<h2>3.\u00a0 Filtr\u00a0 (58093)<\/h2>\n<h2>4. Dwa w\u0119\u017ce do pod\u0142\u0105czenia pompy<\/h2>\n<h2>5. Sitka do pompy<\/h2>\n<h2>6. Cztery klamry zaciskowe<\/h2>\n<h2>7. Dozownik na tabletki<\/h2>\n<h2>8. Tabletki multifunkcyjne<\/h2>\n<h2>9. Dmuchana pi\u0142ka pla\u017cowa<\/h2>\n<h2>10. Termometr bezrt\u0119ciowy<\/h2>\n<\/section><\/div>\n<div class=\"item item-6\">\n<section class=\"image-item\">\n            <img decoding=\"async\" src=\"https:\/\/upload.cdn.baselinker.com\/products\/14476\/3b2ceb0a0c8efbec150f389dd6498239.jpg\" \/><br \/>\n        <\/section>\n<\/p><\/div>\n<\/section>\n<section class=\"section\">\n<div class=\"item item-12\">\n<section class=\"text-item\">\n<h2>Idealny wyb\u00f3r dla wszystkich, kt\u00f3rzy potrzebuj\u0105 niezawodnego basenu!<\/h2>\n<p>Basen o wymiarach 3,66 m x 76 cm charakteryzuje si\u0119 zwi\u0119kszon\u0105 wytrzyma\u0142o\u015bci i trwa\u0142o\u015bci\u0105. Do basenu do\u0142\u0105czono wszystkie niezb\u0119dne elementy.\u00a0<\/p>\n<h2>\u2705 Solidny i wytrzyma\u0142y<\/h2>\n<ul>\n<li>Basen charakteryzuje si\u0119 solidnym wykonaniem, a do produkcji u\u017cyto wysokiej jako\u015bci materia\u0142\u00f3w.<\/li>\n<li>\u015aciany basenu s\u0105 wytrzyma\u0142e, trwa\u0142e i odporne na przebicia. Zbudowano je materia\u0142u \u00a0<b>DuraPlus \u2122<\/b> wzmocnionego rdzeniem z siatki poliestrowej i dw\u00f3ch warstw PVC o du\u017cej grubo\u015bci.<\/li>\n<li>Formowane na zam\u00f3wienie tr\u00f3jniki <b>FrameLink System \u2122<\/b> zapobiega \u00a0korozji na \u0142\u0105czeniu metal-metal. metalowe stela\u017ce r\u00f3wnie\u017c s\u0105 odporne na rdz\u0119. Basen b\u0119dzie si\u0119 estetycznie prezentowa\u0142, a\u00a0 metalowe elementy nie zardzewiej\u0105 pod wyp\u0142ywem kontaktu z wod\u0105.<\/li>\n<li><b>Prostokatny kszta\u0142t <\/b>zapewnia stabilno\u015b\u0107 i gwarantuje dostateczn\u0105 ilo\u015b\u0107 miejsca do zabawy.\u00a0 Dodatkowe podparcie zapewniaj\u0105 wytrzyma\u0142e<b> 3-warstwowe \u015bcianki boczne<\/b> z PVC i poliestru.<\/li>\n<\/ul>\n<h2>\u2705\u00a0 \u0141atwy monta\u017c<\/h2>\n<ul>\n<li>Monta\u017c basenu nie zajmuje wiele czasy i nie wymaga wymaga u\u017cycia dodatkowych narz\u0119dzi! Roz\u0142o\u017cenie basenu zajmuje oko\u0142o <b>20 minut.<\/b><\/li>\n<li>Ponadto, gdy sezon dobiegnie ko\u0144cowi w r\u00f3wnie \u0142atwy spos\u00f3b <b>basen mo\u017cna zdemontowa\u0107 i <\/b><b>przechowa\u0107<\/b>.<\/li>\n<li>Wbudowany<b> zaw\u00f3r spustowy<\/b> z kontrol\u0105 przep\u0142ywu \u0142\u0105czy si\u0119 z w\u0119\u017cem ogrodowym, aby \u0142atwo spu\u015bci\u0107 wod\u0119 ze zbiornika.<\/li>\n<\/ul>\n<\/section><\/div>\n<\/section>\n<section class=\"section\">\n<div class=\"item item-12\">\n<section class=\"image-item\">\n            <img decoding=\"async\" src=\"https:\/\/upload.cdn.baselinker.com\/products\/14476\/1010749872_4.jpg\" \/><br \/>\n        <\/section>\n<\/p><\/div>\n<\/section>\n<section class=\"section\">\n<div class=\"item item-12\">\n<section class=\"text-item\">\n<h2>Jeszcze wi\u0119cej zalet!<\/h2>\n<p>Do basenu do\u0142\u0105czono niezb\u0119dn\u0105 i praktyczn\u0105 pomp\u0119 filtruj\u0105c\u0105, kt\u00f3ra pomo\u017ce w zachowaniu porz\u0105dku i czysto\u015bci w Twoim basenie!<\/p>\n<ul>\n<li>Pompa filtruj\u0105ca <b>umo\u017cliwia kontrol\u0119 jako\u015b\u0107 i czysto\u015b\u0107 wody.\u00a0<\/b><\/li>\n<li>Pozwoli Ci<b> zaoszcz\u0119dzi sporo cennego czasu<\/b>, kt\u00f3ry b\u0119dziesz m\u00f3g\u0142 wykorzysta\u0107 na odpoczynek i wodne zabawy.<\/li>\n<\/ul>\n<p><b>\u2705\u00a0<\/b><b>W sk\u0142ad zestawy wchodz\u0105:<\/b><\/p>\n<ol>\n<li>Pompa filtruj\u0105ca<\/li>\n<li>Dedykowanym filtr (58093)<\/li>\n<li>Dwa w\u0119\u017ce s\u0142u\u017c\u0105ce do pod\u0142\u0105czenia pompy<\/li>\n<li>Cztery klamry zaciskowe<\/li>\n<\/ol>\n<\/section><\/div>\n<\/section>\n<section class=\"section\">\n<div class=\"item item-12\">\n<section class=\"image-item\">\n            <img decoding=\"async\" src=\"https:\/\/upload.cdn.baselinker.com\/products\/14476\/1010749872_6.jpg\" \/><br \/>\n        <\/section>\n<\/p><\/div>\n<\/section>\n<section class=\"section\">\n<div class=\"item item-12\">\n<section class=\"text-item\">\n<p><b>\u2705 POMPA FILTRUJ\u0104CA<\/b><\/p>\n<p>Zestaw przeznaczony do basen\u00f3w o pojemno\u015bci 1 100\u20138 300 L (300\u20132 200 galon\u00f3w). Pompa nadaje si\u0119 do wielokrotnego u\u017cytku i b\u0119dzie s\u0142u\u017cy\u0142a przez kilka sezon\u00f3w.<\/p>\n<p><b>Szybki monta\u017c<\/b><\/p>\n<ul>\n<li>Pompa filtruj\u0105ca jest \u0142atwa i prosty w obs\u0142udze. Nieskomplikowana budowa sprawia, \u017ce pomp\u0119 mo\u017cna \u0142atwo pod\u0142\u0105czy\u0107 do basenu. Do zestawu do\u0142\u0105czona dwa w\u0119\u017ce oraz cztery klamry zasi\u0142kowe.<\/li>\n<\/ul>\n<ul>\n<li>Pomp\u0119 mo\u017cna stosowa\u0107 w basenach o pojemno\u015bci od 1100 l do 8300l.<\/li>\n<li>Sieciowe zasilanie dodatkowo sprawia, \u017ce jest ekonomiczna.<\/li>\n<\/ul>\n<p><b>Skuteczna filtracja<\/b><\/p>\n<ul>\n<li>Zintegrowany system filtruj\u0105cy wraz z wymiennym filtrem zapewnia czyst\u0105 wod\u0119 w basenie.<\/li>\n<li>Sprawny system pompuj\u0105cy zapewnia szybki przep\u0142yw wody. Wydajno\u015b\u0107 pompy wynosi 1249l\/h.<\/li>\n<li>Filtr nale\u017cy sprawdza\u0107 raz w tygodniu. W przypadku niewielkiego zabrudzenia, filtr mo\u017cna wyczy\u015bci\u0107 za pomoc\u0105 w\u0119\u017ca ogrodowego pod\u0142\u0105czonego do wody.<\/li>\n<\/ul>\n<\/section><\/div>\n<\/section>\n<section class=\"section\">\n<div class=\"item item-12\">\n<section class=\"image-item\">\n            <img decoding=\"async\" src=\"https:\/\/upload.cdn.baselinker.com\/products\/14476\/1010749872_7.jpg\" \/><br \/>\n        <\/section>\n<\/p><\/div>\n<\/section>\n<section class=\"section\">\n<div class=\"item item-12\">\n<section class=\"text-item\">\n<p><b>\u2705 TERMOMETR DO BASENU<\/b><\/p>\n<p>Uroczy <b>p\u0142ywaj\u0105cy termometr do basenu<\/b>. To nie tylko praktyczne urz\u0105dzenie, ale r\u00f3wnie\u017c oryginalna dekoracja Twojego basenu!<\/p>\n<p>Termometr swobodnie unosi si\u0119 na wodzie. Posiada czyteln\u0105 podzia\u0142k\u0119, kt\u00f3r\u0105 z \u0142atwo\u015bci\u0105 odczytasz. Z jego pomoc\u0105 bez trudu sprawdzisz temperatur\u0119 wody w basenie ogrodowym w dowolnie wybranym momencie.<\/p>\n<p><b>\u2705 P\u0141YWAJ\u0104CY DOZOWNIK NA TABLETKI<\/b><\/p>\n<p>Dozownik p\u0142ywaj\u0105cy na tabletki utrzymuje i zapewnia czyst\u0105, zdrow\u0105 wod\u0119 w basenie. Umo\u017cliwia w pe\u0142ni kontrolowany i <b>bezpieczny spos\u00f3b dozowa\u0107 \u015brodki chemiczne<\/b> i \u00a0pomaga utrzyma\u0107 wod\u0119 w basenie w czysto\u015bci.<\/p>\n<p><b>\u2705 TABLETKI MULTIFUNKCYJNE<\/b><\/p>\n<p>Tabletki wielofunkcyjne do basenu, kt\u00f3re nale\u017cy w\u0142o\u017cy\u0107 do dozownika.\u00a0 Zapewniaj\u0105 dezynfekcj\u0119 wody, chloruj\u0105. Dodatkowo zapobiegaj\u0105 powstawaniu glon\u00f3w i u\u0142atwiaj\u0105 flokulacj\u0119. Do zestawu do\u0142\u0105czamy 5 tabletek multufunkcyjnych.<\/p>\n<\/section><\/div>\n<\/section>\n<section class=\"section\">\n<div class=\"item item-12\">\n<section class=\"image-item\">\n            <img decoding=\"async\" src=\"https:\/\/upload.cdn.baselinker.com\/products\/14476\/1010749872_2.jpg\" \/><br \/>\n        <\/section>\n<\/p><\/div>\n<\/section>\n<section class=\"section\">\n<div class=\"item item-12\">\n<section class=\"text-item\">\n<h2>Zapowiada si\u0119 ciep\u0142e lato!<\/h2>\n<h2>Nie czekaj i ju\u017c dzisiaj zam\u00f3w basen z wszystkimi niezb\u0119dnymi akcesoriami!<\/h2>\n<\/section><\/div>\n<\/section>\n","protected":false},"excerpt":{"rendered":"<p>BASEN STELA\u017bOWY 300x201x66 BESTWAY ZESTAW XXL Dane techniczne: Wymiary dna: 300&#215;201 cm Wysoko\u015b\u0107: 66 cm Pojemno\u015b\u0107: 3300\u00a0 L Zalecane wype\u0142nienie wod\u0105 90 % ZESTAW SK\u0141ADA SI\u0118 NAST\u0118PUJ\u0104CYCH ELEMENT\u00d3W: Basen stela\u017cowy Pompa filtruj\u0105ca Dozownik na tabletki Tabletki multifunkcyjne P\u0142ywaj\u0105cy termometr Zestaw doskona\u0142y na upalne, letnie dni! Przygotowany zestaw zawiera wszystko, czego potrzebujesz, aby cieszy\u0107 si\u0119 latem.<br \/><a class=\"more-link\" href=\"https:\/\/bobimarket.pl\/index.php\/produkt\/basen-stelazowy-300x201x66-bestway-zestaw-xxl\/\"><br \/>\n        Czytaj wi\u0119cej<span class=\"screen-reader-text\"> &#8222;BASEN STELA\u017bOWY 300x201x66 BESTWAY ZESTAW XXL&#8221;<\/span><\/a><\/p>\n","protected":false},"featured_media":79504,"template":"","meta":[],"product_cat":[8106],"product_tag":[],"yoast_head":"<!-- This site is optimized with the Yoast SEO plugin v21.0 - https:\/\/yoast.com\/wordpress\/plugins\/seo\/ -->\n<title>BASEN STELA\u017bOWY 300x201x66 BESTWAY ZESTAW XXL - BOBIMARKET.pl - Remontuj i urz\u0105dzaj z nami<\/title>\n<meta name=\"robots\" content=\"index, follow, max-snippet:-1, max-image-preview:large, max-video-preview:-1\" \/>\n<link rel=\"canonical\" href=\"https:\/\/bobimarket.pl\/index.php\/produkt\/basen-stelazowy-300x201x66-bestway-zestaw-xxl\/\" \/>\n<meta property=\"og:locale\" content=\"pl_PL\" \/>\n<meta property=\"og:type\" content=\"article\" \/>\n<meta property=\"og:title\" content=\"BASEN STELA\u017bOWY 300x201x66 BESTWAY ZESTAW XXL - BOBIMARKET.pl - Remontuj i urz\u0105dzaj z nami\" \/>\n<meta property=\"og:description\" content=\"BASEN STELA\u017bOWY 300x201x66 BESTWAY ZESTAW XXL Dane techniczne: Wymiary dna: 300&#215;201 cm Wysoko\u015b\u0107: 66 cm Pojemno\u015b\u0107: 3300\u00a0 L Zalecane wype\u0142nienie wod\u0105 90 % ZESTAW SK\u0141ADA SI\u0118 NAST\u0118PUJ\u0104CYCH ELEMENT\u00d3W: Basen stela\u017cowy Pompa filtruj\u0105ca Dozownik na tabletki Tabletki multifunkcyjne P\u0142ywaj\u0105cy termometr Zestaw doskona\u0142y na upalne, letnie dni! Przygotowany zestaw zawiera wszystko, czego potrzebujesz, aby cieszy\u0107 si\u0119 latem.     Czytaj wi\u0119cej &quot;BASEN STELA\u017bOWY 300x201x66 BESTWAY ZESTAW XXL&quot;\" \/>\n<meta property=\"og:url\" content=\"https:\/\/bobimarket.pl\/index.php\/produkt\/basen-stelazowy-300x201x66-bestway-zestaw-xxl\/\" \/>\n<meta property=\"og:site_name\" content=\"BOBIMARKET.pl - Remontuj i urz\u0105dzaj z nami\" \/>\n<meta property=\"article:modified_time\" content=\"2025-02-27T13:22:46+00:00\" \/>\n<meta property=\"og:image\" content=\"https:\/\/upload.cdn.baselinker.com\/products\/14476\/1010749872_1.jpg\" \/>\n<meta name=\"twitter:card\" content=\"summary_large_image\" \/>\n<meta name=\"twitter:label1\" content=\"Szacowany czas czytania\" \/>\n\t<meta name=\"twitter:data1\" content=\"4 minuty\" \/>\n<script type=\"application\/ld+json\" class=\"yoast-schema-graph\">{\"@context\":\"https:\/\/schema.org\",\"@graph\":[{\"@type\":\"WebPage\",\"@id\":\"https:\/\/bobimarket.pl\/index.php\/produkt\/basen-stelazowy-300x201x66-bestway-zestaw-xxl\/\",\"url\":\"https:\/\/bobimarket.pl\/index.php\/produkt\/basen-stelazowy-300x201x66-bestway-zestaw-xxl\/\",\"name\":\"BASEN STELA\u017bOWY 300x201x66 BESTWAY ZESTAW XXL - BOBIMARKET.pl - Remontuj i urz\u0105dzaj z nami\",\"isPartOf\":{\"@id\":\"https:\/\/bobimarket.pl\/#website\"},\"datePublished\":\"2023-08-29T14:36:19+00:00\",\"dateModified\":\"2025-02-27T13:22:46+00:00\",\"breadcrumb\":{\"@id\":\"https:\/\/bobimarket.pl\/index.php\/produkt\/basen-stelazowy-300x201x66-bestway-zestaw-xxl\/#breadcrumb\"},\"inLanguage\":\"pl-PL\",\"potentialAction\":[{\"@type\":\"ReadAction\",\"target\":[\"https:\/\/bobimarket.pl\/index.php\/produkt\/basen-stelazowy-300x201x66-bestway-zestaw-xxl\/\"]}]},{\"@type\":\"BreadcrumbList\",\"@id\":\"https:\/\/bobimarket.pl\/index.php\/produkt\/basen-stelazowy-300x201x66-bestway-zestaw-xxl\/#breadcrumb\",\"itemListElement\":[{\"@type\":\"ListItem\",\"position\":1,\"name\":\"Strona g\u0142\u00f3wna\",\"item\":\"https:\/\/bobimarket.pl\/\"},{\"@type\":\"ListItem\",\"position\":2,\"name\":\"Sklep\",\"item\":\"https:\/\/bobimarket.pl\/index.php\/shop\/\"},{\"@type\":\"ListItem\",\"position\":3,\"name\":\"BASEN STELA\u017bOWY 300x201x66 BESTWAY ZESTAW XXL\"}]},{\"@type\":\"WebSite\",\"@id\":\"https:\/\/bobimarket.pl\/#website\",\"url\":\"https:\/\/bobimarket.pl\/\",\"name\":\"BOBIMARKET.pl - Remontuj i urz\u0105dzaj z nami\",\"description\":\"Remontuj i urz\u0105dzaj z nami\",\"publisher\":{\"@id\":\"https:\/\/bobimarket.pl\/#organization\"},\"potentialAction\":[{\"@type\":\"SearchAction\",\"target\":{\"@type\":\"EntryPoint\",\"urlTemplate\":\"https:\/\/bobimarket.pl\/?s={search_term_string}\"},\"query-input\":\"required name=search_term_string\"}],\"inLanguage\":\"pl-PL\"},{\"@type\":\"Organization\",\"@id\":\"https:\/\/bobimarket.pl\/#organization\",\"name\":\"BOBIMARKET.pl\",\"url\":\"https:\/\/bobimarket.pl\/\",\"logo\":{\"@type\":\"ImageObject\",\"inLanguage\":\"pl-PL\",\"@id\":\"https:\/\/bobimarket.pl\/#\/schema\/logo\/image\/\",\"url\":\"https:\/\/bobimarket.pl\/wp-content\/uploads\/2021\/11\/slogan.png\",\"contentUrl\":\"https:\/\/bobimarket.pl\/wp-content\/uploads\/2021\/11\/slogan.png\",\"width\":2000,\"height\":384,\"caption\":\"BOBIMARKET.pl\"},\"image\":{\"@id\":\"https:\/\/bobimarket.pl\/#\/schema\/logo\/image\/\"}}]}<\/script>\n<!-- \/ Yoast SEO plugin. -->","yoast_head_json":{"title":"BASEN STELA\u017bOWY 300x201x66 BESTWAY ZESTAW XXL - BOBIMARKET.pl - Remontuj i urz\u0105dzaj z nami","robots":{"index":"index","follow":"follow","max-snippet":"max-snippet:-1","max-image-preview":"max-image-preview:large","max-video-preview":"max-video-preview:-1"},"canonical":"https:\/\/bobimarket.pl\/index.php\/produkt\/basen-stelazowy-300x201x66-bestway-zestaw-xxl\/","og_locale":"pl_PL","og_type":"article","og_title":"BASEN STELA\u017bOWY 300x201x66 BESTWAY ZESTAW XXL - BOBIMARKET.pl - Remontuj i urz\u0105dzaj z nami","og_description":"BASEN STELA\u017bOWY 300x201x66 BESTWAY ZESTAW XXL Dane techniczne: Wymiary dna: 300&#215;201 cm Wysoko\u015b\u0107: 66 cm Pojemno\u015b\u0107: 3300\u00a0 L Zalecane wype\u0142nienie wod\u0105 90 % ZESTAW SK\u0141ADA SI\u0118 NAST\u0118PUJ\u0104CYCH ELEMENT\u00d3W: Basen stela\u017cowy Pompa filtruj\u0105ca Dozownik na tabletki Tabletki multifunkcyjne P\u0142ywaj\u0105cy termometr Zestaw doskona\u0142y na upalne, letnie dni! Przygotowany zestaw zawiera wszystko, czego potrzebujesz, aby cieszy\u0107 si\u0119 latem.     Czytaj wi\u0119cej \"BASEN STELA\u017bOWY 300x201x66 BESTWAY ZESTAW XXL\"","og_url":"https:\/\/bobimarket.pl\/index.php\/produkt\/basen-stelazowy-300x201x66-bestway-zestaw-xxl\/","og_site_name":"BOBIMARKET.pl - Remontuj i urz\u0105dzaj z nami","article_modified_time":"2025-02-27T13:22:46+00:00","og_image":[{"url":"https:\/\/upload.cdn.baselinker.com\/products\/14476\/1010749872_1.jpg"}],"twitter_card":"summary_large_image","twitter_misc":{"Szacowany czas czytania":"4 minuty"},"schema":{"@context":"https:\/\/schema.org","@graph":[{"@type":"WebPage","@id":"https:\/\/bobimarket.pl\/index.php\/produkt\/basen-stelazowy-300x201x66-bestway-zestaw-xxl\/","url":"https:\/\/bobimarket.pl\/index.php\/produkt\/basen-stelazowy-300x201x66-bestway-zestaw-xxl\/","name":"BASEN STELA\u017bOWY 300x201x66 BESTWAY ZESTAW XXL - BOBIMARKET.pl - Remontuj i urz\u0105dzaj z nami","isPartOf":{"@id":"https:\/\/bobimarket.pl\/#website"},"datePublished":"2023-08-29T14:36:19+00:00","dateModified":"2025-02-27T13:22:46+00:00","breadcrumb":{"@id":"https:\/\/bobimarket.pl\/index.php\/produkt\/basen-stelazowy-300x201x66-bestway-zestaw-xxl\/#breadcrumb"},"inLanguage":"pl-PL","potentialAction":[{"@type":"ReadAction","target":["https:\/\/bobimarket.pl\/index.php\/produkt\/basen-stelazowy-300x201x66-bestway-zestaw-xxl\/"]}]},{"@type":"BreadcrumbList","@id":"https:\/\/bobimarket.pl\/index.php\/produkt\/basen-stelazowy-300x201x66-bestway-zestaw-xxl\/#breadcrumb","itemListElement":[{"@type":"ListItem","position":1,"name":"Strona g\u0142\u00f3wna","item":"https:\/\/bobimarket.pl\/"},{"@type":"ListItem","position":2,"name":"Sklep","item":"https:\/\/bobimarket.pl\/index.php\/shop\/"},{"@type":"ListItem","position":3,"name":"BASEN STELA\u017bOWY 300x201x66 BESTWAY ZESTAW XXL"}]},{"@type":"WebSite","@id":"https:\/\/bobimarket.pl\/#website","url":"https:\/\/bobimarket.pl\/","name":"BOBIMARKET.pl - Remontuj i urz\u0105dzaj z nami","description":"Remontuj i urz\u0105dzaj z nami","publisher":{"@id":"https:\/\/bobimarket.pl\/#organization"},"potentialAction":[{"@type":"SearchAction","target":{"@type":"EntryPoint","urlTemplate":"https:\/\/bobimarket.pl\/?s={search_term_string}"},"query-input":"required name=search_term_string"}],"inLanguage":"pl-PL"},{"@type":"Organization","@id":"https:\/\/bobimarket.pl\/#organization","name":"BOBIMARKET.pl","url":"https:\/\/bobimarket.pl\/","logo":{"@type":"ImageObject","inLanguage":"pl-PL","@id":"https:\/\/bobimarket.pl\/#\/schema\/logo\/image\/","url":"https:\/\/bobimarket.pl\/wp-content\/uploads\/2021\/11\/slogan.png","contentUrl":"https:\/\/bobimarket.pl\/wp-content\/uploads\/2021\/11\/slogan.png","width":2000,"height":384,"caption":"BOBIMARKET.pl"},"image":{"@id":"https:\/\/bobimarket.pl\/#\/schema\/logo\/image\/"}}]}},"_links":{"self":[{"href":"https:\/\/bobimarket.pl\/index.php\/wp-json\/wp\/v2\/product\/79513"}],"collection":[{"href":"https:\/\/bobimarket.pl\/index.php\/wp-json\/wp\/v2\/product"}],"about":[{"href":"https:\/\/bobimarket.pl\/index.php\/wp-json\/wp\/v2\/types\/product"}],"wp:featuredmedia":[{"embeddable":true,"href":"https:\/\/bobimarket.pl\/index.php\/wp-json\/wp\/v2\/media\/79504"}],"wp:attachment":[{"href":"https:\/\/bobimarket.pl\/index.php\/wp-json\/wp\/v2\/media?parent=79513"}],"wp:term":[{"taxonomy":"product_cat","embeddable":true,"href":"https:\/\/bobimarket.pl\/index.php\/wp-json\/wp\/v2\/product_cat?post=79513"},{"taxonomy":"product_tag","embeddable":true,"href":"https:\/\/bobimarket.pl\/index.php\/wp-json\/wp\/v2\/product_tag?post=79513"}],"curies":[{"name":"wp","href":"https:\/\/api.w.org\/{rel}","templated":true}]}}