{"id":79530,"date":"2023-08-29T14:36:49","date_gmt":"2023-08-29T14:36:49","guid":{"rendered":"https:\/\/bobimarket.pl\/index.php\/produkt\/koszykowka-dmuchana-do-basenu-wodna-pilka\/"},"modified":"2025-02-27T13:22:53","modified_gmt":"2025-02-27T13:22:53","slug":"koszykowka-dmuchana-do-basenu-wodna-pilka","status":"publish","type":"product","link":"https:\/\/bobimarket.pl\/index.php\/produkt\/koszykowka-dmuchana-do-basenu-wodna-pilka\/","title":{"rendered":"KOSZYK\u00d3WKA DMUCHANA DO BASENU WODNA + PI\u0141KA"},"content":{"rendered":"<section class=\"section\">\n<div class=\"item item-12\">\n<section class=\"text-item\">\n<h2>KOSZYK\u00d3WKA DMUCHANA DO BASENU WODNA + PI\u0141KA<\/h2>\n<p><b>Informacje og\u00f3lne:<\/b><\/p>\n<ul>\n<li>Wymiar:<b> 61 cm<\/b><\/li>\n<li>Materia\u0142: <b>PVC<\/b><\/li>\n<li>Sugerowany wiek:<b> +3<\/b><\/li>\n<\/ul>\n<p><b>Zestaw sk\u0142ada si\u0119 z dw\u00f3ch element\u00f3w:<\/b><\/p>\n<ul>\n<li>dmuchany p\u0142ywaj\u0105cy kosz do gry<\/li>\n<li>ma\u0142a dmuchana pi\u0142ka do kosza<\/li>\n<\/ul>\n<\/section><\/div>\n<\/section>\n<section class=\"section\">\n<div class=\"item item-12\">\n<section class=\"image-item\">\n            <img decoding=\"async\" src=\"https:\/\/upload.cdn.baselinker.com\/products\/14476\/1011211325_2.jpg\" \/><br \/>\n        <\/section>\n<\/p><\/div>\n<\/section>\n<section class=\"section\">\n<div class=\"item item-12\">\n<section class=\"text-item\">\n<h2>Wakacyjny hit, kt\u00f3ry gwarantuje \u015bwietnie sp\u0119dzony czas!<\/h2>\n<p>Nadmuchiwana <b>gra <\/b><b>Splash 'N Hoop<\/b>. To p\u0142ywaj\u0105cy na dmuchanej oponce kosz do koszyk\u00f3wki przeznaczony do basen\u00f3w. Doskonale sprawdzi si\u0119 podczas upalnych, letnich dni! Idealnie nadaje si\u0119 zar\u00f3wno dla dzieci jak i doros\u0142ych.\u00a0<\/p>\n<ul>\n<li>Gwarancja mi\u0142ego i aktywnie sp\u0119dzonego czas! Gra pozwala jeszcze bardziej nacieszy\u0107 si\u0119 <b>czasem sp\u0119dzonym na \u015bwie\u017cym powietrzu!<\/b><\/li>\n<li>Pozwoli Ci w pe\u0142ni wykorzysta\u0107 wakacyjn\u0105, s\u0142oneczn\u0105 pogod\u0119.<\/li>\n<li>Sprawia, \u017ce <b>dzieci nie b\u0119d\u0105 si\u0119 nudzi\u0107<\/b> i z ch\u0119ci\u0105 b\u0119d\u0105 si\u0119 wsp\u00f3lnie bawi\u0107 z rodze\u0144stwem lub przyjaci\u00f3\u0142mi!<\/li>\n<\/ul>\n<\/section><\/div>\n<\/section>\n<section class=\"section\">\n<div class=\"item item-12\">\n<section class=\"image-item\">\n            <img decoding=\"async\" src=\"https:\/\/upload.cdn.baselinker.com\/products\/14476\/1011211325_6.jpg\" \/><br \/>\n        <\/section>\n<\/p><\/div>\n<\/section>\n<section class=\"section\">\n<div class=\"item item-12\">\n<section class=\"text-item\">\n<h2>Gra w stylu koszyk\u00f3wki zapewnia \u015bwietn\u0105 zabaw\u0119.<\/h2>\n<p>\u2705 Celuj i zdobywaj punkty. Zorganizuj ma\u0142e zawody, \u0107wicz celno\u015b\u0107 swoich rzut\u00f3w lub po prostu rzucaj pi\u0142k\u0105. Zabawa <b>pomaga w rozwoju koordynacji ruchowej<\/b> u najm\u0142odszych i pozwala pozytywnie spo\u017cytkowa\u0107 ich energi\u0119.<\/p>\n<p>\u2705 Urozmaica czas sp\u0119dzony nad wod\u0105. Idealnie nadaje si\u0119 <b>dla najm\u0142odszych mi\u0142o\u015bnik\u00f3w wodnych zabaw,<\/b> ale nie tylko. Doro\u015bli r\u00f3wnie\u017c pokochaj\u0105 ta gr\u0119!<\/p>\n<\/section><\/div>\n<\/section>\n<section class=\"section\">\n<div class=\"item item-12\">\n<section class=\"image-item\">\n            <img decoding=\"async\" src=\"https:\/\/upload.cdn.baselinker.com\/products\/14476\/1011211325_1.jpg\" \/><br \/>\n        <\/section>\n<\/p><\/div>\n<\/section>\n<section class=\"section\">\n<div class=\"item item-12\">\n<section class=\"text-item\">\n<p><b>\u2705\u00a0<\/b><b>Wysoka jako\u015b\u0107 materia\u0142u<\/b>\u00a0oraz wyko\u0144czenia gwarantuj\u0105\u00a0satysfakcj\u0119. Tworzywo, z kt\u00f3rego zosta\u0142a wykonana gra zosta\u0142o przetestowane. Jest odporne na uszkodzenia.\u00a0<\/p>\n<p><b>\u2705\u00a0<\/b><b>\u0141atwa w u\u017cytkowaniu.<\/b>\u00a0Szybko i bez trudu mo\u017cna j\u0105 napompowa\u0107 i wypompowa\u0107 z niej powietrze.<\/p>\n<p><b>\u2705\u00a0<\/b><b>Zaprojektowana specjalnie do u\u017cytku w wodzie.<\/b> Zestaw zawiera jedno centrum i jedn\u0105 pi\u0142k\u0119 do rzucania.<\/p>\n<p><b>\u2705 <\/b>Pi\u0142ka posiada <b>zaw\u00f3r bezpiecze\u0144stwa<\/b>, kt\u00f3ry zapobiega wydostawaniu si\u0119 powietrza podczas zabawy.<\/p>\n<\/section><\/div>\n<\/section>\n<section class=\"section\">\n<div class=\"item item-12\">\n<section class=\"image-item\">\n            <img decoding=\"async\" src=\"https:\/\/upload.cdn.baselinker.com\/products\/14476\/1011211325_3.jpg\" \/><br \/>\n        <\/section>\n<\/p><\/div>\n<\/section>\n<section class=\"section\">\n<div class=\"item item-12\">\n<section class=\"text-item\">\n<h1>Postaw na dobr\u0105 zabaw\u0119 i ju\u017c dzi\u015b zam\u00f3w gr\u0119 !<\/h1>\n<p>Na naszych pozosta\u0142ych aukcjach znajdziesz r\u00f3wnie\u017c baseny, k\u00f3\u0142ka, materace do p\u0142ywania i p\u0142ywaczki. Te pla\u017cowe akcesoria razem stworz\u0105\u00a0 idealny wakacyjny zestaw.\u00a0<\/p>\n<\/section><\/div>\n<\/section>\n<section class=\"section\">\n<div class=\"item item-12\">\n<section class=\"image-item\">\n            <img decoding=\"async\" src=\"https:\/\/upload.cdn.baselinker.com\/products\/14476\/1011211325_5.jpg\" \/><br \/>\n        <\/section>\n<\/p><\/div>\n<\/section>\n","protected":false},"excerpt":{"rendered":"<p>KOSZYK\u00d3WKA DMUCHANA DO BASENU WODNA + PI\u0141KA Informacje og\u00f3lne: Wymiar: 61 cm Materia\u0142: PVC Sugerowany wiek: +3 Zestaw sk\u0142ada si\u0119 z dw\u00f3ch element\u00f3w: dmuchany p\u0142ywaj\u0105cy kosz do gry ma\u0142a dmuchana pi\u0142ka do kosza Wakacyjny hit, kt\u00f3ry gwarantuje \u015bwietnie sp\u0119dzony czas! Nadmuchiwana gra Splash 'N Hoop. To p\u0142ywaj\u0105cy na dmuchanej oponce kosz do koszyk\u00f3wki przeznaczony do<br \/><a class=\"more-link\" href=\"https:\/\/bobimarket.pl\/index.php\/produkt\/koszykowka-dmuchana-do-basenu-wodna-pilka\/\"><br \/>\n        Czytaj wi\u0119cej<span class=\"screen-reader-text\"> &#8222;KOSZYK\u00d3WKA DMUCHANA DO BASENU WODNA + PI\u0141KA&#8221;<\/span><\/a><\/p>\n","protected":false},"featured_media":79520,"template":"","meta":[],"product_cat":[8106],"product_tag":[],"yoast_head":"<!-- This site is optimized with the Yoast SEO plugin v21.0 - https:\/\/yoast.com\/wordpress\/plugins\/seo\/ -->\n<title>KOSZYK\u00d3WKA DMUCHANA DO BASENU WODNA + PI\u0141KA - BOBIMARKET.pl - Remontuj i urz\u0105dzaj z nami<\/title>\n<meta name=\"robots\" content=\"index, follow, max-snippet:-1, max-image-preview:large, max-video-preview:-1\" \/>\n<link rel=\"canonical\" href=\"https:\/\/bobimarket.pl\/index.php\/produkt\/koszykowka-dmuchana-do-basenu-wodna-pilka\/\" \/>\n<meta property=\"og:locale\" content=\"pl_PL\" \/>\n<meta property=\"og:type\" content=\"article\" \/>\n<meta property=\"og:title\" content=\"KOSZYK\u00d3WKA DMUCHANA DO BASENU WODNA + PI\u0141KA - BOBIMARKET.pl - Remontuj i urz\u0105dzaj z nami\" \/>\n<meta property=\"og:description\" content=\"KOSZYK\u00d3WKA DMUCHANA DO BASENU WODNA + PI\u0141KA Informacje og\u00f3lne: Wymiar: 61 cm Materia\u0142: PVC Sugerowany wiek: +3 Zestaw sk\u0142ada si\u0119 z dw\u00f3ch element\u00f3w: dmuchany p\u0142ywaj\u0105cy kosz do gry ma\u0142a dmuchana pi\u0142ka do kosza Wakacyjny hit, kt\u00f3ry gwarantuje \u015bwietnie sp\u0119dzony czas! Nadmuchiwana gra Splash &#039;N Hoop. To p\u0142ywaj\u0105cy na dmuchanej oponce kosz do koszyk\u00f3wki przeznaczony do     Czytaj wi\u0119cej &quot;KOSZYK\u00d3WKA DMUCHANA DO BASENU WODNA + PI\u0141KA&quot;\" \/>\n<meta property=\"og:url\" content=\"https:\/\/bobimarket.pl\/index.php\/produkt\/koszykowka-dmuchana-do-basenu-wodna-pilka\/\" \/>\n<meta property=\"og:site_name\" content=\"BOBIMARKET.pl - Remontuj i urz\u0105dzaj z nami\" \/>\n<meta property=\"article:modified_time\" content=\"2025-02-27T13:22:53+00:00\" \/>\n<meta property=\"og:image\" content=\"https:\/\/upload.cdn.baselinker.com\/products\/14476\/1011211325_2.jpg\" \/>\n<meta name=\"twitter:card\" content=\"summary_large_image\" \/>\n<meta name=\"twitter:label1\" content=\"Szacowany czas czytania\" \/>\n\t<meta name=\"twitter:data1\" content=\"2 minuty\" \/>\n<script type=\"application\/ld+json\" class=\"yoast-schema-graph\">{\"@context\":\"https:\/\/schema.org\",\"@graph\":[{\"@type\":\"WebPage\",\"@id\":\"https:\/\/bobimarket.pl\/index.php\/produkt\/koszykowka-dmuchana-do-basenu-wodna-pilka\/\",\"url\":\"https:\/\/bobimarket.pl\/index.php\/produkt\/koszykowka-dmuchana-do-basenu-wodna-pilka\/\",\"name\":\"KOSZYK\u00d3WKA DMUCHANA DO BASENU WODNA + PI\u0141KA - BOBIMARKET.pl - Remontuj i urz\u0105dzaj z nami\",\"isPartOf\":{\"@id\":\"https:\/\/bobimarket.pl\/#website\"},\"datePublished\":\"2023-08-29T14:36:49+00:00\",\"dateModified\":\"2025-02-27T13:22:53+00:00\",\"breadcrumb\":{\"@id\":\"https:\/\/bobimarket.pl\/index.php\/produkt\/koszykowka-dmuchana-do-basenu-wodna-pilka\/#breadcrumb\"},\"inLanguage\":\"pl-PL\",\"potentialAction\":[{\"@type\":\"ReadAction\",\"target\":[\"https:\/\/bobimarket.pl\/index.php\/produkt\/koszykowka-dmuchana-do-basenu-wodna-pilka\/\"]}]},{\"@type\":\"BreadcrumbList\",\"@id\":\"https:\/\/bobimarket.pl\/index.php\/produkt\/koszykowka-dmuchana-do-basenu-wodna-pilka\/#breadcrumb\",\"itemListElement\":[{\"@type\":\"ListItem\",\"position\":1,\"name\":\"Strona g\u0142\u00f3wna\",\"item\":\"https:\/\/bobimarket.pl\/\"},{\"@type\":\"ListItem\",\"position\":2,\"name\":\"Sklep\",\"item\":\"https:\/\/bobimarket.pl\/index.php\/shop\/\"},{\"@type\":\"ListItem\",\"position\":3,\"name\":\"KOSZYK\u00d3WKA DMUCHANA DO BASENU WODNA + PI\u0141KA\"}]},{\"@type\":\"WebSite\",\"@id\":\"https:\/\/bobimarket.pl\/#website\",\"url\":\"https:\/\/bobimarket.pl\/\",\"name\":\"BOBIMARKET.pl - Remontuj i urz\u0105dzaj z nami\",\"description\":\"Remontuj i urz\u0105dzaj z nami\",\"publisher\":{\"@id\":\"https:\/\/bobimarket.pl\/#organization\"},\"potentialAction\":[{\"@type\":\"SearchAction\",\"target\":{\"@type\":\"EntryPoint\",\"urlTemplate\":\"https:\/\/bobimarket.pl\/?s={search_term_string}\"},\"query-input\":\"required name=search_term_string\"}],\"inLanguage\":\"pl-PL\"},{\"@type\":\"Organization\",\"@id\":\"https:\/\/bobimarket.pl\/#organization\",\"name\":\"BOBIMARKET.pl\",\"url\":\"https:\/\/bobimarket.pl\/\",\"logo\":{\"@type\":\"ImageObject\",\"inLanguage\":\"pl-PL\",\"@id\":\"https:\/\/bobimarket.pl\/#\/schema\/logo\/image\/\",\"url\":\"https:\/\/bobimarket.pl\/wp-content\/uploads\/2021\/11\/slogan.png\",\"contentUrl\":\"https:\/\/bobimarket.pl\/wp-content\/uploads\/2021\/11\/slogan.png\",\"width\":2000,\"height\":384,\"caption\":\"BOBIMARKET.pl\"},\"image\":{\"@id\":\"https:\/\/bobimarket.pl\/#\/schema\/logo\/image\/\"}}]}<\/script>\n<!-- \/ Yoast SEO plugin. -->","yoast_head_json":{"title":"KOSZYK\u00d3WKA DMUCHANA DO BASENU WODNA + PI\u0141KA - BOBIMARKET.pl - Remontuj i urz\u0105dzaj z nami","robots":{"index":"index","follow":"follow","max-snippet":"max-snippet:-1","max-image-preview":"max-image-preview:large","max-video-preview":"max-video-preview:-1"},"canonical":"https:\/\/bobimarket.pl\/index.php\/produkt\/koszykowka-dmuchana-do-basenu-wodna-pilka\/","og_locale":"pl_PL","og_type":"article","og_title":"KOSZYK\u00d3WKA DMUCHANA DO BASENU WODNA + PI\u0141KA - BOBIMARKET.pl - Remontuj i urz\u0105dzaj z nami","og_description":"KOSZYK\u00d3WKA DMUCHANA DO BASENU WODNA + PI\u0141KA Informacje og\u00f3lne: Wymiar: 61 cm Materia\u0142: PVC Sugerowany wiek: +3 Zestaw sk\u0142ada si\u0119 z dw\u00f3ch element\u00f3w: dmuchany p\u0142ywaj\u0105cy kosz do gry ma\u0142a dmuchana pi\u0142ka do kosza Wakacyjny hit, kt\u00f3ry gwarantuje \u015bwietnie sp\u0119dzony czas! Nadmuchiwana gra Splash 'N Hoop. To p\u0142ywaj\u0105cy na dmuchanej oponce kosz do koszyk\u00f3wki przeznaczony do     Czytaj wi\u0119cej \"KOSZYK\u00d3WKA DMUCHANA DO BASENU WODNA + PI\u0141KA\"","og_url":"https:\/\/bobimarket.pl\/index.php\/produkt\/koszykowka-dmuchana-do-basenu-wodna-pilka\/","og_site_name":"BOBIMARKET.pl - Remontuj i urz\u0105dzaj z nami","article_modified_time":"2025-02-27T13:22:53+00:00","og_image":[{"url":"https:\/\/upload.cdn.baselinker.com\/products\/14476\/1011211325_2.jpg"}],"twitter_card":"summary_large_image","twitter_misc":{"Szacowany czas czytania":"2 minuty"},"schema":{"@context":"https:\/\/schema.org","@graph":[{"@type":"WebPage","@id":"https:\/\/bobimarket.pl\/index.php\/produkt\/koszykowka-dmuchana-do-basenu-wodna-pilka\/","url":"https:\/\/bobimarket.pl\/index.php\/produkt\/koszykowka-dmuchana-do-basenu-wodna-pilka\/","name":"KOSZYK\u00d3WKA DMUCHANA DO BASENU WODNA + PI\u0141KA - BOBIMARKET.pl - Remontuj i urz\u0105dzaj z nami","isPartOf":{"@id":"https:\/\/bobimarket.pl\/#website"},"datePublished":"2023-08-29T14:36:49+00:00","dateModified":"2025-02-27T13:22:53+00:00","breadcrumb":{"@id":"https:\/\/bobimarket.pl\/index.php\/produkt\/koszykowka-dmuchana-do-basenu-wodna-pilka\/#breadcrumb"},"inLanguage":"pl-PL","potentialAction":[{"@type":"ReadAction","target":["https:\/\/bobimarket.pl\/index.php\/produkt\/koszykowka-dmuchana-do-basenu-wodna-pilka\/"]}]},{"@type":"BreadcrumbList","@id":"https:\/\/bobimarket.pl\/index.php\/produkt\/koszykowka-dmuchana-do-basenu-wodna-pilka\/#breadcrumb","itemListElement":[{"@type":"ListItem","position":1,"name":"Strona g\u0142\u00f3wna","item":"https:\/\/bobimarket.pl\/"},{"@type":"ListItem","position":2,"name":"Sklep","item":"https:\/\/bobimarket.pl\/index.php\/shop\/"},{"@type":"ListItem","position":3,"name":"KOSZYK\u00d3WKA DMUCHANA DO BASENU WODNA + PI\u0141KA"}]},{"@type":"WebSite","@id":"https:\/\/bobimarket.pl\/#website","url":"https:\/\/bobimarket.pl\/","name":"BOBIMARKET.pl - Remontuj i urz\u0105dzaj z nami","description":"Remontuj i urz\u0105dzaj z nami","publisher":{"@id":"https:\/\/bobimarket.pl\/#organization"},"potentialAction":[{"@type":"SearchAction","target":{"@type":"EntryPoint","urlTemplate":"https:\/\/bobimarket.pl\/?s={search_term_string}"},"query-input":"required name=search_term_string"}],"inLanguage":"pl-PL"},{"@type":"Organization","@id":"https:\/\/bobimarket.pl\/#organization","name":"BOBIMARKET.pl","url":"https:\/\/bobimarket.pl\/","logo":{"@type":"ImageObject","inLanguage":"pl-PL","@id":"https:\/\/bobimarket.pl\/#\/schema\/logo\/image\/","url":"https:\/\/bobimarket.pl\/wp-content\/uploads\/2021\/11\/slogan.png","contentUrl":"https:\/\/bobimarket.pl\/wp-content\/uploads\/2021\/11\/slogan.png","width":2000,"height":384,"caption":"BOBIMARKET.pl"},"image":{"@id":"https:\/\/bobimarket.pl\/#\/schema\/logo\/image\/"}}]}},"_links":{"self":[{"href":"https:\/\/bobimarket.pl\/index.php\/wp-json\/wp\/v2\/product\/79530"}],"collection":[{"href":"https:\/\/bobimarket.pl\/index.php\/wp-json\/wp\/v2\/product"}],"about":[{"href":"https:\/\/bobimarket.pl\/index.php\/wp-json\/wp\/v2\/types\/product"}],"wp:featuredmedia":[{"embeddable":true,"href":"https:\/\/bobimarket.pl\/index.php\/wp-json\/wp\/v2\/media\/79520"}],"wp:attachment":[{"href":"https:\/\/bobimarket.pl\/index.php\/wp-json\/wp\/v2\/media?parent=79530"}],"wp:term":[{"taxonomy":"product_cat","embeddable":true,"href":"https:\/\/bobimarket.pl\/index.php\/wp-json\/wp\/v2\/product_cat?post=79530"},{"taxonomy":"product_tag","embeddable":true,"href":"https:\/\/bobimarket.pl\/index.php\/wp-json\/wp\/v2\/product_tag?post=79530"}],"curies":[{"name":"wp","href":"https:\/\/api.w.org\/{rel}","templated":true}]}}