{"id":79538,"date":"2023-08-29T14:37:24","date_gmt":"2023-08-29T14:37:24","guid":{"rendered":"https:\/\/bobimarket.pl\/index.php\/produkt\/dozownik-pojemnik-na-chlor-do-basenu-chemii\/"},"modified":"2025-02-27T13:22:57","modified_gmt":"2025-02-27T13:22:57","slug":"dozownik-pojemnik-na-chlor-do-basenu-chemii","status":"publish","type":"product","link":"https:\/\/bobimarket.pl\/index.php\/produkt\/dozownik-pojemnik-na-chlor-do-basenu-chemii\/","title":{"rendered":"DOZOWNIK POJEMNIK  NA CHLOR DO BASENU CHEMII"},"content":{"rendered":"<section class=\"section\">\n<div class=\"item item-6\">\n<section class=\"image-item\">\n            <img decoding=\"async\" src=\"https:\/\/upload.cdn.baselinker.com\/products\/14476\/1011316940_1.jpg\" \/><br \/>\n        <\/section>\n<\/p><\/div>\n<div class=\"item item-6\">\n<section class=\"text-item\">\n<h2>DOZOWNIK POJEMNIK\u00a0 NA CHLOR DO BASENU CHEMII<\/h2>\n<p>Dane techniczne:<\/p>\n<ul>\n<li>Wymiary:<b> 13 cm<\/b><\/li>\n<li>Materia\u0142 wykonania<b>: tworzywo <\/b><\/li>\n<li>Odporny na warunki atmosferyczne<\/li>\n<li>Obs\u0142uguje tabletki: <b>od 20 do 200 g<\/b><\/li>\n<li>Kontrola si\u0142y dozowania:\u00a0<b>TAK<\/b><\/li>\n<\/ul>\n<\/section><\/div>\n<\/section>\n<section class=\"section\">\n<div class=\"item item-6\">\n<section class=\"image-item\">\n            <img decoding=\"async\" src=\"https:\/\/upload.cdn.baselinker.com\/products\/14476\/1011316940_3.jpg\" \/><br \/>\n        <\/section>\n<\/p><\/div>\n<div class=\"item item-6\">\n<section class=\"text-item\">\n<p><b>Zadbaj o czyst\u0105 wod\u0119 w swoim basenie! <\/b><\/p>\n<p>Dozownik p\u0142ywaj\u0105cy na tabletki pomaga w utrzymaniu czysto\u015bci w basenie i zapewnia zdrow\u0105 wod\u0119 w zbiorniku.<\/p>\n<p>Z pomoc\u0105 dozownika samoczynnie rozprowadzisz substancje chemiczne w wodzie. P\u0142ywak przystosowany jest <b>do tabletek 20 &#8211; 200 gramowych.<\/b><\/p>\n<ul>\n<li>Umo\u017cliwia w pe\u0142ni kontrolowany i <b>bezpieczny spos\u00f3b dozowanie \u015brodk\u00f3w chemicznych.<\/b><\/li>\n<li>Tabletki s\u0142u\u017c\u0105ce do dezynfekowania wody basenowej nale\u017cy umieszcza\u0107 w dozownikach, poniewa\u017c zaniechanie tej czynno\u015bci, spowodowa\u0142oby odbarwienie materia\u0142u, z jakiego wykonano zbiornik.<\/li>\n<\/ul>\n<\/section><\/div>\n<\/section>\n<section class=\"section\">\n<div class=\"item item-6\">\n<section class=\"image-item\">\n            <img decoding=\"async\" src=\"https:\/\/upload.cdn.baselinker.com\/products\/14476\/1011316940_5.jpg\" \/><br \/>\n        <\/section>\n<\/p><\/div>\n<div class=\"item item-6\">\n<section class=\"text-item\">\n<p><b>\u2705 <\/b>Dozownik jest <b>\u0142atwy w u\u017cyciu<\/b>, a co najwa\u017cniejsze pozwoli Ci zadba\u0107 o czysto\u015b\u0107 wody\u00a0 w ogrodowym basenie.\u00a0<\/p>\n<p><b>\u2705 <\/b>Zestaw przeznaczony <b>do basen\u00f3w wszystkich typ\u00f3w i kszta\u0142t\u00f3w.<\/b><\/p>\n<p><b>\u2705 <\/b>Komplet jest <b>wielokrotnego u\u017cytku<\/b> i b\u0119dzie s\u0142u\u017cy\u0142 przez kilka sezon\u00f3w.<\/p>\n<\/section><\/div>\n<\/section>\n<section class=\"section\">\n<div class=\"item item-12\">\n<section class=\"image-item\">\n            <img decoding=\"async\" src=\"https:\/\/upload.cdn.baselinker.com\/products\/14476\/1011316940_2.jpg\" \/><br \/>\n        <\/section>\n<\/p><\/div>\n<\/section>\n","protected":false},"excerpt":{"rendered":"<p>DOZOWNIK POJEMNIK\u00a0 NA CHLOR DO BASENU CHEMII Dane techniczne: Wymiary: 13 cm Materia\u0142 wykonania: tworzywo Odporny na warunki atmosferyczne Obs\u0142uguje tabletki: od 20 do 200 g Kontrola si\u0142y dozowania:\u00a0TAK Zadbaj o czyst\u0105 wod\u0119 w swoim basenie! Dozownik p\u0142ywaj\u0105cy na tabletki pomaga w utrzymaniu czysto\u015bci w basenie i zapewnia zdrow\u0105 wod\u0119 w zbiorniku. Z pomoc\u0105 dozownika<br \/><a class=\"more-link\" href=\"https:\/\/bobimarket.pl\/index.php\/produkt\/dozownik-pojemnik-na-chlor-do-basenu-chemii\/\"><br \/>\n        Czytaj wi\u0119cej<span class=\"screen-reader-text\"> &#8222;DOZOWNIK POJEMNIK  NA CHLOR DO BASENU CHEMII&#8221;<\/span><\/a><\/p>\n","protected":false},"featured_media":79531,"template":"","meta":[],"product_cat":[8106],"product_tag":[],"yoast_head":"<!-- This site is optimized with the Yoast SEO plugin v21.0 - https:\/\/yoast.com\/wordpress\/plugins\/seo\/ -->\n<title>DOZOWNIK POJEMNIK NA CHLOR DO BASENU CHEMII - BOBIMARKET.pl - Remontuj i urz\u0105dzaj z nami<\/title>\n<meta name=\"robots\" content=\"index, follow, max-snippet:-1, max-image-preview:large, max-video-preview:-1\" \/>\n<link rel=\"canonical\" href=\"https:\/\/bobimarket.pl\/index.php\/produkt\/dozownik-pojemnik-na-chlor-do-basenu-chemii\/\" \/>\n<meta property=\"og:locale\" content=\"pl_PL\" \/>\n<meta property=\"og:type\" content=\"article\" \/>\n<meta property=\"og:title\" content=\"DOZOWNIK POJEMNIK NA CHLOR DO BASENU CHEMII - BOBIMARKET.pl - Remontuj i urz\u0105dzaj z nami\" \/>\n<meta property=\"og:description\" content=\"DOZOWNIK POJEMNIK\u00a0 NA CHLOR DO BASENU CHEMII Dane techniczne: Wymiary: 13 cm Materia\u0142 wykonania: tworzywo Odporny na warunki atmosferyczne Obs\u0142uguje tabletki: od 20 do 200 g Kontrola si\u0142y dozowania:\u00a0TAK Zadbaj o czyst\u0105 wod\u0119 w swoim basenie! Dozownik p\u0142ywaj\u0105cy na tabletki pomaga w utrzymaniu czysto\u015bci w basenie i zapewnia zdrow\u0105 wod\u0119 w zbiorniku. Z pomoc\u0105 dozownika     Czytaj wi\u0119cej &quot;DOZOWNIK POJEMNIK NA CHLOR DO BASENU CHEMII&quot;\" \/>\n<meta property=\"og:url\" content=\"https:\/\/bobimarket.pl\/index.php\/produkt\/dozownik-pojemnik-na-chlor-do-basenu-chemii\/\" \/>\n<meta property=\"og:site_name\" content=\"BOBIMARKET.pl - Remontuj i urz\u0105dzaj z nami\" \/>\n<meta property=\"article:modified_time\" content=\"2025-02-27T13:22:57+00:00\" \/>\n<meta property=\"og:image\" content=\"https:\/\/upload.cdn.baselinker.com\/products\/14476\/1011316940_1.jpg\" \/>\n<meta name=\"twitter:card\" content=\"summary_large_image\" \/>\n<meta name=\"twitter:label1\" content=\"Szacowany czas czytania\" \/>\n\t<meta name=\"twitter:data1\" content=\"1 minuta\" \/>\n<script type=\"application\/ld+json\" class=\"yoast-schema-graph\">{\"@context\":\"https:\/\/schema.org\",\"@graph\":[{\"@type\":\"WebPage\",\"@id\":\"https:\/\/bobimarket.pl\/index.php\/produkt\/dozownik-pojemnik-na-chlor-do-basenu-chemii\/\",\"url\":\"https:\/\/bobimarket.pl\/index.php\/produkt\/dozownik-pojemnik-na-chlor-do-basenu-chemii\/\",\"name\":\"DOZOWNIK POJEMNIK NA CHLOR DO BASENU CHEMII - BOBIMARKET.pl - Remontuj i urz\u0105dzaj z nami\",\"isPartOf\":{\"@id\":\"https:\/\/bobimarket.pl\/#website\"},\"datePublished\":\"2023-08-29T14:37:24+00:00\",\"dateModified\":\"2025-02-27T13:22:57+00:00\",\"breadcrumb\":{\"@id\":\"https:\/\/bobimarket.pl\/index.php\/produkt\/dozownik-pojemnik-na-chlor-do-basenu-chemii\/#breadcrumb\"},\"inLanguage\":\"pl-PL\",\"potentialAction\":[{\"@type\":\"ReadAction\",\"target\":[\"https:\/\/bobimarket.pl\/index.php\/produkt\/dozownik-pojemnik-na-chlor-do-basenu-chemii\/\"]}]},{\"@type\":\"BreadcrumbList\",\"@id\":\"https:\/\/bobimarket.pl\/index.php\/produkt\/dozownik-pojemnik-na-chlor-do-basenu-chemii\/#breadcrumb\",\"itemListElement\":[{\"@type\":\"ListItem\",\"position\":1,\"name\":\"Strona g\u0142\u00f3wna\",\"item\":\"https:\/\/bobimarket.pl\/\"},{\"@type\":\"ListItem\",\"position\":2,\"name\":\"Sklep\",\"item\":\"https:\/\/bobimarket.pl\/index.php\/shop\/\"},{\"@type\":\"ListItem\",\"position\":3,\"name\":\"DOZOWNIK POJEMNIK NA CHLOR DO BASENU CHEMII\"}]},{\"@type\":\"WebSite\",\"@id\":\"https:\/\/bobimarket.pl\/#website\",\"url\":\"https:\/\/bobimarket.pl\/\",\"name\":\"BOBIMARKET.pl - Remontuj i urz\u0105dzaj z nami\",\"description\":\"Remontuj i urz\u0105dzaj z nami\",\"publisher\":{\"@id\":\"https:\/\/bobimarket.pl\/#organization\"},\"potentialAction\":[{\"@type\":\"SearchAction\",\"target\":{\"@type\":\"EntryPoint\",\"urlTemplate\":\"https:\/\/bobimarket.pl\/?s={search_term_string}\"},\"query-input\":\"required name=search_term_string\"}],\"inLanguage\":\"pl-PL\"},{\"@type\":\"Organization\",\"@id\":\"https:\/\/bobimarket.pl\/#organization\",\"name\":\"BOBIMARKET.pl\",\"url\":\"https:\/\/bobimarket.pl\/\",\"logo\":{\"@type\":\"ImageObject\",\"inLanguage\":\"pl-PL\",\"@id\":\"https:\/\/bobimarket.pl\/#\/schema\/logo\/image\/\",\"url\":\"https:\/\/bobimarket.pl\/wp-content\/uploads\/2021\/11\/slogan.png\",\"contentUrl\":\"https:\/\/bobimarket.pl\/wp-content\/uploads\/2021\/11\/slogan.png\",\"width\":2000,\"height\":384,\"caption\":\"BOBIMARKET.pl\"},\"image\":{\"@id\":\"https:\/\/bobimarket.pl\/#\/schema\/logo\/image\/\"}}]}<\/script>\n<!-- \/ Yoast SEO plugin. -->","yoast_head_json":{"title":"DOZOWNIK POJEMNIK NA CHLOR DO BASENU CHEMII - BOBIMARKET.pl - Remontuj i urz\u0105dzaj z nami","robots":{"index":"index","follow":"follow","max-snippet":"max-snippet:-1","max-image-preview":"max-image-preview:large","max-video-preview":"max-video-preview:-1"},"canonical":"https:\/\/bobimarket.pl\/index.php\/produkt\/dozownik-pojemnik-na-chlor-do-basenu-chemii\/","og_locale":"pl_PL","og_type":"article","og_title":"DOZOWNIK POJEMNIK NA CHLOR DO BASENU CHEMII - BOBIMARKET.pl - Remontuj i urz\u0105dzaj z nami","og_description":"DOZOWNIK POJEMNIK\u00a0 NA CHLOR DO BASENU CHEMII Dane techniczne: Wymiary: 13 cm Materia\u0142 wykonania: tworzywo Odporny na warunki atmosferyczne Obs\u0142uguje tabletki: od 20 do 200 g Kontrola si\u0142y dozowania:\u00a0TAK Zadbaj o czyst\u0105 wod\u0119 w swoim basenie! Dozownik p\u0142ywaj\u0105cy na tabletki pomaga w utrzymaniu czysto\u015bci w basenie i zapewnia zdrow\u0105 wod\u0119 w zbiorniku. Z pomoc\u0105 dozownika     Czytaj wi\u0119cej \"DOZOWNIK POJEMNIK NA CHLOR DO BASENU CHEMII\"","og_url":"https:\/\/bobimarket.pl\/index.php\/produkt\/dozownik-pojemnik-na-chlor-do-basenu-chemii\/","og_site_name":"BOBIMARKET.pl - Remontuj i urz\u0105dzaj z nami","article_modified_time":"2025-02-27T13:22:57+00:00","og_image":[{"url":"https:\/\/upload.cdn.baselinker.com\/products\/14476\/1011316940_1.jpg"}],"twitter_card":"summary_large_image","twitter_misc":{"Szacowany czas czytania":"1 minuta"},"schema":{"@context":"https:\/\/schema.org","@graph":[{"@type":"WebPage","@id":"https:\/\/bobimarket.pl\/index.php\/produkt\/dozownik-pojemnik-na-chlor-do-basenu-chemii\/","url":"https:\/\/bobimarket.pl\/index.php\/produkt\/dozownik-pojemnik-na-chlor-do-basenu-chemii\/","name":"DOZOWNIK POJEMNIK NA CHLOR DO BASENU CHEMII - BOBIMARKET.pl - Remontuj i urz\u0105dzaj z nami","isPartOf":{"@id":"https:\/\/bobimarket.pl\/#website"},"datePublished":"2023-08-29T14:37:24+00:00","dateModified":"2025-02-27T13:22:57+00:00","breadcrumb":{"@id":"https:\/\/bobimarket.pl\/index.php\/produkt\/dozownik-pojemnik-na-chlor-do-basenu-chemii\/#breadcrumb"},"inLanguage":"pl-PL","potentialAction":[{"@type":"ReadAction","target":["https:\/\/bobimarket.pl\/index.php\/produkt\/dozownik-pojemnik-na-chlor-do-basenu-chemii\/"]}]},{"@type":"BreadcrumbList","@id":"https:\/\/bobimarket.pl\/index.php\/produkt\/dozownik-pojemnik-na-chlor-do-basenu-chemii\/#breadcrumb","itemListElement":[{"@type":"ListItem","position":1,"name":"Strona g\u0142\u00f3wna","item":"https:\/\/bobimarket.pl\/"},{"@type":"ListItem","position":2,"name":"Sklep","item":"https:\/\/bobimarket.pl\/index.php\/shop\/"},{"@type":"ListItem","position":3,"name":"DOZOWNIK POJEMNIK NA CHLOR DO BASENU CHEMII"}]},{"@type":"WebSite","@id":"https:\/\/bobimarket.pl\/#website","url":"https:\/\/bobimarket.pl\/","name":"BOBIMARKET.pl - Remontuj i urz\u0105dzaj z nami","description":"Remontuj i urz\u0105dzaj z nami","publisher":{"@id":"https:\/\/bobimarket.pl\/#organization"},"potentialAction":[{"@type":"SearchAction","target":{"@type":"EntryPoint","urlTemplate":"https:\/\/bobimarket.pl\/?s={search_term_string}"},"query-input":"required name=search_term_string"}],"inLanguage":"pl-PL"},{"@type":"Organization","@id":"https:\/\/bobimarket.pl\/#organization","name":"BOBIMARKET.pl","url":"https:\/\/bobimarket.pl\/","logo":{"@type":"ImageObject","inLanguage":"pl-PL","@id":"https:\/\/bobimarket.pl\/#\/schema\/logo\/image\/","url":"https:\/\/bobimarket.pl\/wp-content\/uploads\/2021\/11\/slogan.png","contentUrl":"https:\/\/bobimarket.pl\/wp-content\/uploads\/2021\/11\/slogan.png","width":2000,"height":384,"caption":"BOBIMARKET.pl"},"image":{"@id":"https:\/\/bobimarket.pl\/#\/schema\/logo\/image\/"}}]}},"_links":{"self":[{"href":"https:\/\/bobimarket.pl\/index.php\/wp-json\/wp\/v2\/product\/79538"}],"collection":[{"href":"https:\/\/bobimarket.pl\/index.php\/wp-json\/wp\/v2\/product"}],"about":[{"href":"https:\/\/bobimarket.pl\/index.php\/wp-json\/wp\/v2\/types\/product"}],"wp:featuredmedia":[{"embeddable":true,"href":"https:\/\/bobimarket.pl\/index.php\/wp-json\/wp\/v2\/media\/79531"}],"wp:attachment":[{"href":"https:\/\/bobimarket.pl\/index.php\/wp-json\/wp\/v2\/media?parent=79538"}],"wp:term":[{"taxonomy":"product_cat","embeddable":true,"href":"https:\/\/bobimarket.pl\/index.php\/wp-json\/wp\/v2\/product_cat?post=79538"},{"taxonomy":"product_tag","embeddable":true,"href":"https:\/\/bobimarket.pl\/index.php\/wp-json\/wp\/v2\/product_tag?post=79538"}],"curies":[{"name":"wp","href":"https:\/\/api.w.org\/{rel}","templated":true}]}}