{"id":79551,"date":"2023-08-29T14:39:06","date_gmt":"2023-08-29T14:39:06","guid":{"rendered":"https:\/\/bobimarket.pl\/index.php\/produkt\/sznurek-traserski-30m-sznur-murarski-kreda\/"},"modified":"2025-02-27T13:23:05","modified_gmt":"2025-02-27T13:23:05","slug":"sznurek-traserski-30m-sznur-murarski-kreda","status":"publish","type":"product","link":"https:\/\/bobimarket.pl\/index.php\/produkt\/sznurek-traserski-30m-sznur-murarski-kreda\/","title":{"rendered":"SZNUREK TRASERSKI 30M SZNUR MURARSKI + KREDA"},"content":{"rendered":"<section class=\"section\">\n<div class=\"item item-12\">\n<section class=\"text-item\">\n<h2>SZNUREK TRASERSKI 30M SZNUR MURARSKI + KREDA<\/h2>\n<p><b>Dane techniczne: <\/b><\/p>\n<ul>\n<li>D\u0142ugo\u015b\u0107: <b>30m<\/b><\/li>\n<li>Obudowa z tworzywa sztucznego<\/li>\n<li>Metalowy zaczep<\/li>\n<\/ul>\n<p><b>Do sznurka do\u0142\u0105czona kreda niebieska 115 g!<\/b><\/p>\n<\/section><\/div>\n<\/section>\n<section class=\"section\">\n<div class=\"item item-12\">\n<section class=\"image-item\">\n            <img decoding=\"async\" src=\"https:\/\/upload.cdn.baselinker.com\/products\/14476\/1011452179.jpg\" \/><br \/>\n        <\/section>\n<\/p><\/div>\n<\/section>\n<section class=\"section\">\n<div class=\"item item-12\">\n<section class=\"text-item\">\n<h2>Komplet sk\u0142ada si\u0119 ze sznurka i niebieskiej kredy, gotowy do u\u017cycia zaraz po zakupie!<\/h2>\n<p>Solidny sznurek traserski o d\u0142ugo\u015bci <b>30 metr\u00f3w. <\/b>Obudowa wykonana z tworzywa sztucznego.\u00a0 Na pocz\u0105tku sznurka znajduje si\u0119 uniwersalny <b>metalowy zaczep. \u00a0<\/b><\/p>\n<ul>\n<li>Por\u0119czny i funkcjonalny.<\/li>\n<li>Wyprofilowany kszta\u0142t korpusu.<\/li>\n<li>Sznurek dobrze absorbuje kred\u0119.<\/li>\n<li>System szybkiego zwijania sznurka.<\/li>\n<li>Zaczep umo\u017cliwia solidne przymocowanie sznurka do wybranego miejsca.<\/li>\n<\/ul>\n<\/section><\/div>\n<\/section>\n<section class=\"section\">\n<div class=\"item item-12\">\n<section class=\"image-item\">\n            <img decoding=\"async\" src=\"https:\/\/upload.cdn.baselinker.com\/products\/14476\/1011452179_5.jpg\" \/><br \/>\n        <\/section>\n<\/p><\/div>\n<\/section>\n<section class=\"section\">\n<div class=\"item item-12\">\n<section class=\"text-item\">\n<p><b>\u2705 Zastosowanie:<\/b><\/p>\n<p>Sznurek traserski umo\u017cliwia naniesienie <b>prostych linii na \u015bcianach i pod\u0142ogach.<\/b><\/p>\n<ul>\n<li>Produkt sprawdzi si\u0119 podczas prac remontowych oraz budowlanych.<\/li>\n<li>Wykorzystasz go r\u00f3wnie\u017c podczas wymiany instalacji elektrycznej lub sanitarnej.<\/li>\n<\/ul>\n<\/section><\/div>\n<\/section>\n<section class=\"section\">\n<div class=\"item item-12\">\n<section class=\"image-item\">\n            <img decoding=\"async\" src=\"https:\/\/upload.cdn.baselinker.com\/products\/14476\/14a4c592e3a934e61ddb41a0ebc29da3.jpg\" \/><br \/>\n        <\/section>\n<\/p><\/div>\n<\/section>\n<section class=\"section\">\n<div class=\"item item-12\">\n<section class=\"image-item\">\n            <img decoding=\"async\" src=\"https:\/\/upload.cdn.baselinker.com\/products\/14476\/221cbe02a436b760cb72c2f2d58ca6b6.jpg\" \/><br \/>\n        <\/section>\n<\/p><\/div>\n<\/section>\n","protected":false},"excerpt":{"rendered":"<p>SZNUREK TRASERSKI 30M SZNUR MURARSKI + KREDA Dane techniczne: D\u0142ugo\u015b\u0107: 30m Obudowa z tworzywa sztucznego Metalowy zaczep Do sznurka do\u0142\u0105czona kreda niebieska 115 g! Komplet sk\u0142ada si\u0119 ze sznurka i niebieskiej kredy, gotowy do u\u017cycia zaraz po zakupie! Solidny sznurek traserski o d\u0142ugo\u015bci 30 metr\u00f3w. Obudowa wykonana z tworzywa sztucznego.\u00a0 Na pocz\u0105tku sznurka znajduje si\u0119<br \/><a class=\"more-link\" href=\"https:\/\/bobimarket.pl\/index.php\/produkt\/sznurek-traserski-30m-sznur-murarski-kreda\/\"><br \/>\n        Czytaj wi\u0119cej<span class=\"screen-reader-text\"> &#8222;SZNUREK TRASERSKI 30M SZNUR MURARSKI + KREDA&#8221;<\/span><\/a><\/p>\n","protected":false},"featured_media":79543,"template":"","meta":[],"product_cat":[8113],"product_tag":[],"yoast_head":"<!-- This site is optimized with the Yoast SEO plugin v21.0 - https:\/\/yoast.com\/wordpress\/plugins\/seo\/ -->\n<title>SZNUREK TRASERSKI 30M SZNUR MURARSKI + KREDA - BOBIMARKET.pl - Remontuj i urz\u0105dzaj z nami<\/title>\n<meta name=\"robots\" content=\"index, follow, max-snippet:-1, max-image-preview:large, max-video-preview:-1\" \/>\n<link rel=\"canonical\" href=\"https:\/\/bobimarket.pl\/index.php\/produkt\/sznurek-traserski-30m-sznur-murarski-kreda\/\" \/>\n<meta property=\"og:locale\" content=\"pl_PL\" \/>\n<meta property=\"og:type\" content=\"article\" \/>\n<meta property=\"og:title\" content=\"SZNUREK TRASERSKI 30M SZNUR MURARSKI + KREDA - BOBIMARKET.pl - Remontuj i urz\u0105dzaj z nami\" \/>\n<meta property=\"og:description\" content=\"SZNUREK TRASERSKI 30M SZNUR MURARSKI + KREDA Dane techniczne: D\u0142ugo\u015b\u0107: 30m Obudowa z tworzywa sztucznego Metalowy zaczep Do sznurka do\u0142\u0105czona kreda niebieska 115 g! Komplet sk\u0142ada si\u0119 ze sznurka i niebieskiej kredy, gotowy do u\u017cycia zaraz po zakupie! Solidny sznurek traserski o d\u0142ugo\u015bci 30 metr\u00f3w. Obudowa wykonana z tworzywa sztucznego.\u00a0 Na pocz\u0105tku sznurka znajduje si\u0119     Czytaj wi\u0119cej &quot;SZNUREK TRASERSKI 30M SZNUR MURARSKI + KREDA&quot;\" \/>\n<meta property=\"og:url\" content=\"https:\/\/bobimarket.pl\/index.php\/produkt\/sznurek-traserski-30m-sznur-murarski-kreda\/\" \/>\n<meta property=\"og:site_name\" content=\"BOBIMARKET.pl - Remontuj i urz\u0105dzaj z nami\" \/>\n<meta property=\"article:modified_time\" content=\"2025-02-27T13:23:05+00:00\" \/>\n<meta property=\"og:image\" content=\"https:\/\/upload.cdn.baselinker.com\/products\/14476\/1011452179.jpg\" \/>\n<meta name=\"twitter:card\" content=\"summary_large_image\" \/>\n<meta name=\"twitter:label1\" content=\"Szacowany czas czytania\" \/>\n\t<meta name=\"twitter:data1\" content=\"1 minuta\" \/>\n<script type=\"application\/ld+json\" class=\"yoast-schema-graph\">{\"@context\":\"https:\/\/schema.org\",\"@graph\":[{\"@type\":\"WebPage\",\"@id\":\"https:\/\/bobimarket.pl\/index.php\/produkt\/sznurek-traserski-30m-sznur-murarski-kreda\/\",\"url\":\"https:\/\/bobimarket.pl\/index.php\/produkt\/sznurek-traserski-30m-sznur-murarski-kreda\/\",\"name\":\"SZNUREK TRASERSKI 30M SZNUR MURARSKI + KREDA - BOBIMARKET.pl - Remontuj i urz\u0105dzaj z nami\",\"isPartOf\":{\"@id\":\"https:\/\/bobimarket.pl\/#website\"},\"datePublished\":\"2023-08-29T14:39:06+00:00\",\"dateModified\":\"2025-02-27T13:23:05+00:00\",\"breadcrumb\":{\"@id\":\"https:\/\/bobimarket.pl\/index.php\/produkt\/sznurek-traserski-30m-sznur-murarski-kreda\/#breadcrumb\"},\"inLanguage\":\"pl-PL\",\"potentialAction\":[{\"@type\":\"ReadAction\",\"target\":[\"https:\/\/bobimarket.pl\/index.php\/produkt\/sznurek-traserski-30m-sznur-murarski-kreda\/\"]}]},{\"@type\":\"BreadcrumbList\",\"@id\":\"https:\/\/bobimarket.pl\/index.php\/produkt\/sznurek-traserski-30m-sznur-murarski-kreda\/#breadcrumb\",\"itemListElement\":[{\"@type\":\"ListItem\",\"position\":1,\"name\":\"Strona g\u0142\u00f3wna\",\"item\":\"https:\/\/bobimarket.pl\/\"},{\"@type\":\"ListItem\",\"position\":2,\"name\":\"Sklep\",\"item\":\"https:\/\/bobimarket.pl\/index.php\/shop\/\"},{\"@type\":\"ListItem\",\"position\":3,\"name\":\"SZNUREK TRASERSKI 30M SZNUR MURARSKI + KREDA\"}]},{\"@type\":\"WebSite\",\"@id\":\"https:\/\/bobimarket.pl\/#website\",\"url\":\"https:\/\/bobimarket.pl\/\",\"name\":\"BOBIMARKET.pl - Remontuj i urz\u0105dzaj z nami\",\"description\":\"Remontuj i urz\u0105dzaj z nami\",\"publisher\":{\"@id\":\"https:\/\/bobimarket.pl\/#organization\"},\"potentialAction\":[{\"@type\":\"SearchAction\",\"target\":{\"@type\":\"EntryPoint\",\"urlTemplate\":\"https:\/\/bobimarket.pl\/?s={search_term_string}\"},\"query-input\":\"required name=search_term_string\"}],\"inLanguage\":\"pl-PL\"},{\"@type\":\"Organization\",\"@id\":\"https:\/\/bobimarket.pl\/#organization\",\"name\":\"BOBIMARKET.pl\",\"url\":\"https:\/\/bobimarket.pl\/\",\"logo\":{\"@type\":\"ImageObject\",\"inLanguage\":\"pl-PL\",\"@id\":\"https:\/\/bobimarket.pl\/#\/schema\/logo\/image\/\",\"url\":\"https:\/\/bobimarket.pl\/wp-content\/uploads\/2021\/11\/slogan.png\",\"contentUrl\":\"https:\/\/bobimarket.pl\/wp-content\/uploads\/2021\/11\/slogan.png\",\"width\":2000,\"height\":384,\"caption\":\"BOBIMARKET.pl\"},\"image\":{\"@id\":\"https:\/\/bobimarket.pl\/#\/schema\/logo\/image\/\"}}]}<\/script>\n<!-- \/ Yoast SEO plugin. -->","yoast_head_json":{"title":"SZNUREK TRASERSKI 30M SZNUR MURARSKI + KREDA - BOBIMARKET.pl - Remontuj i urz\u0105dzaj z nami","robots":{"index":"index","follow":"follow","max-snippet":"max-snippet:-1","max-image-preview":"max-image-preview:large","max-video-preview":"max-video-preview:-1"},"canonical":"https:\/\/bobimarket.pl\/index.php\/produkt\/sznurek-traserski-30m-sznur-murarski-kreda\/","og_locale":"pl_PL","og_type":"article","og_title":"SZNUREK TRASERSKI 30M SZNUR MURARSKI + KREDA - BOBIMARKET.pl - Remontuj i urz\u0105dzaj z nami","og_description":"SZNUREK TRASERSKI 30M SZNUR MURARSKI + KREDA Dane techniczne: D\u0142ugo\u015b\u0107: 30m Obudowa z tworzywa sztucznego Metalowy zaczep Do sznurka do\u0142\u0105czona kreda niebieska 115 g! Komplet sk\u0142ada si\u0119 ze sznurka i niebieskiej kredy, gotowy do u\u017cycia zaraz po zakupie! Solidny sznurek traserski o d\u0142ugo\u015bci 30 metr\u00f3w. Obudowa wykonana z tworzywa sztucznego.\u00a0 Na pocz\u0105tku sznurka znajduje si\u0119     Czytaj wi\u0119cej \"SZNUREK TRASERSKI 30M SZNUR MURARSKI + KREDA\"","og_url":"https:\/\/bobimarket.pl\/index.php\/produkt\/sznurek-traserski-30m-sznur-murarski-kreda\/","og_site_name":"BOBIMARKET.pl - Remontuj i urz\u0105dzaj z nami","article_modified_time":"2025-02-27T13:23:05+00:00","og_image":[{"url":"https:\/\/upload.cdn.baselinker.com\/products\/14476\/1011452179.jpg"}],"twitter_card":"summary_large_image","twitter_misc":{"Szacowany czas czytania":"1 minuta"},"schema":{"@context":"https:\/\/schema.org","@graph":[{"@type":"WebPage","@id":"https:\/\/bobimarket.pl\/index.php\/produkt\/sznurek-traserski-30m-sznur-murarski-kreda\/","url":"https:\/\/bobimarket.pl\/index.php\/produkt\/sznurek-traserski-30m-sznur-murarski-kreda\/","name":"SZNUREK TRASERSKI 30M SZNUR MURARSKI + KREDA - BOBIMARKET.pl - Remontuj i urz\u0105dzaj z nami","isPartOf":{"@id":"https:\/\/bobimarket.pl\/#website"},"datePublished":"2023-08-29T14:39:06+00:00","dateModified":"2025-02-27T13:23:05+00:00","breadcrumb":{"@id":"https:\/\/bobimarket.pl\/index.php\/produkt\/sznurek-traserski-30m-sznur-murarski-kreda\/#breadcrumb"},"inLanguage":"pl-PL","potentialAction":[{"@type":"ReadAction","target":["https:\/\/bobimarket.pl\/index.php\/produkt\/sznurek-traserski-30m-sznur-murarski-kreda\/"]}]},{"@type":"BreadcrumbList","@id":"https:\/\/bobimarket.pl\/index.php\/produkt\/sznurek-traserski-30m-sznur-murarski-kreda\/#breadcrumb","itemListElement":[{"@type":"ListItem","position":1,"name":"Strona g\u0142\u00f3wna","item":"https:\/\/bobimarket.pl\/"},{"@type":"ListItem","position":2,"name":"Sklep","item":"https:\/\/bobimarket.pl\/index.php\/shop\/"},{"@type":"ListItem","position":3,"name":"SZNUREK TRASERSKI 30M SZNUR MURARSKI + KREDA"}]},{"@type":"WebSite","@id":"https:\/\/bobimarket.pl\/#website","url":"https:\/\/bobimarket.pl\/","name":"BOBIMARKET.pl - Remontuj i urz\u0105dzaj z nami","description":"Remontuj i urz\u0105dzaj z nami","publisher":{"@id":"https:\/\/bobimarket.pl\/#organization"},"potentialAction":[{"@type":"SearchAction","target":{"@type":"EntryPoint","urlTemplate":"https:\/\/bobimarket.pl\/?s={search_term_string}"},"query-input":"required name=search_term_string"}],"inLanguage":"pl-PL"},{"@type":"Organization","@id":"https:\/\/bobimarket.pl\/#organization","name":"BOBIMARKET.pl","url":"https:\/\/bobimarket.pl\/","logo":{"@type":"ImageObject","inLanguage":"pl-PL","@id":"https:\/\/bobimarket.pl\/#\/schema\/logo\/image\/","url":"https:\/\/bobimarket.pl\/wp-content\/uploads\/2021\/11\/slogan.png","contentUrl":"https:\/\/bobimarket.pl\/wp-content\/uploads\/2021\/11\/slogan.png","width":2000,"height":384,"caption":"BOBIMARKET.pl"},"image":{"@id":"https:\/\/bobimarket.pl\/#\/schema\/logo\/image\/"}}]}},"_links":{"self":[{"href":"https:\/\/bobimarket.pl\/index.php\/wp-json\/wp\/v2\/product\/79551"}],"collection":[{"href":"https:\/\/bobimarket.pl\/index.php\/wp-json\/wp\/v2\/product"}],"about":[{"href":"https:\/\/bobimarket.pl\/index.php\/wp-json\/wp\/v2\/types\/product"}],"wp:featuredmedia":[{"embeddable":true,"href":"https:\/\/bobimarket.pl\/index.php\/wp-json\/wp\/v2\/media\/79543"}],"wp:attachment":[{"href":"https:\/\/bobimarket.pl\/index.php\/wp-json\/wp\/v2\/media?parent=79551"}],"wp:term":[{"taxonomy":"product_cat","embeddable":true,"href":"https:\/\/bobimarket.pl\/index.php\/wp-json\/wp\/v2\/product_cat?post=79551"},{"taxonomy":"product_tag","embeddable":true,"href":"https:\/\/bobimarket.pl\/index.php\/wp-json\/wp\/v2\/product_tag?post=79551"}],"curies":[{"name":"wp","href":"https:\/\/api.w.org\/{rel}","templated":true}]}}