{"id":79563,"date":"2023-08-29T14:39:26","date_gmt":"2023-08-29T14:39:26","guid":{"rendered":"https:\/\/bobimarket.pl\/index.php\/produkt\/kamizelka-do-plywania-dmuchana-dla-dzieci-do-wody\/"},"modified":"2025-02-27T13:23:08","modified_gmt":"2025-02-27T13:23:08","slug":"kamizelka-do-plywania-dmuchana-dla-dzieci-do-wody","status":"publish","type":"product","link":"https:\/\/bobimarket.pl\/index.php\/produkt\/kamizelka-do-plywania-dmuchana-dla-dzieci-do-wody\/","title":{"rendered":"KAMIZELKA DO P\u0141YWANIA DMUCHANA  DLA DZIECI DO WODY"},"content":{"rendered":"<section class=\"section\">\n<div class=\"item item-12\">\n<section class=\"text-item\">\n<h2>KAMIZELKA DO P\u0141YWANIA DMUCHANA\u00a0 DLA DZIECI BESTWAY<\/h2>\n<p><b>Informacje og\u00f3lne: <\/b><\/p>\n<ul>\n<li>Materia\u0142: <b>PCV<\/b><\/li>\n<li>Kolor: <b>\u017c\u00f3\u0142ty <\/b><\/li>\n<li>Wiek: <b>3-6 lat<\/b><\/li>\n<li>Dopuszczalna waga: <b>18-30 kg<\/b><\/li>\n<\/ul>\n<h2>Krok B: Podstawy wody &#8211; idealne dla dzieci, kt\u00f3re zaczynaj\u0105 samodzielnie p\u0142ywa\u0107!<\/h2>\n<\/section><\/div>\n<\/section>\n<section class=\"section\">\n<div class=\"item item-12\">\n<section class=\"image-item\">\n            <img decoding=\"async\" src=\"https:\/\/upload.cdn.baselinker.com\/products\/14476\/a7eb0d0480deeabdfebbb8e4f297e89b.jpg\" \/><br \/>\n        <\/section>\n<\/p><\/div>\n<\/section>\n<section class=\"section\">\n<div class=\"item item-12\">\n<section class=\"text-item\">\n<h2>Dmuchana kamizelka to drugi krok w nauce p\u0142ywania.<\/h2>\n<p>Kamizelka pomo\u017ce maluchowi w oswojeniu si\u0119 z wod\u0105 i nauce p\u0142ywania. Dziecko mo\u017ce swobodnie porusza\u0107 nogami w wodzie. Kamizelka wyposa\u017cona jest w dwie szybkootwieralne regulowane sprz\u0105czki oraz dmuchany ko\u0142nierz. Dodatkowo solidna nadmuchiwana konstrukcja zapewnia p\u0142ywalno\u015b\u0107 w wodzie<\/p>\n<ul>\n<li>Dmuchan\u0105 kamizelk\u0119 mo\u017cna ze sob\u0105 zabra\u0107 na <b>wakacyjne wyjazdy<\/b> czy <b>weekendowy wycieczki<\/b>.<\/li>\n<li>Pozwala jeszcze bardziej nacieszy\u0107 si\u0119 czasem sp\u0119dzonym nad wod\u0105! Gwarantuje\u00a0<b>dobr\u0105 zabaw\u0119<\/b>\u00a0i mile sp\u0119dzony czas!<\/li>\n<\/ul>\n<p><b>\u2705 Zabierz j\u0105 ze sob\u0105 gdzie tylko chcesz!<\/b><\/p>\n<ul>\n<li>Kamizelka nadaj\u0105 si\u0119 na pla\u017ce lub nad jezioro. Doskonale sprawdzi si\u0119 r\u00f3wnie\u017c w basenie ogrodowym.<\/li>\n<li>Pozwoli w pe\u0142ni wykorzysta\u0107 wakacyjn\u0105, s\u0142oneczn\u0105 pogod\u0119. Sprawia, \u017ce maluch ch\u0119tniej sp\u0119dzi czas nad wod\u0105 i b\u0119dzie si\u0119 dobrze bawi\u0142!<\/li>\n<\/ul>\n<\/section><\/div>\n<\/section>\n<section class=\"section\">\n<div class=\"item item-12\">\n<section class=\"image-item\">\n            <img decoding=\"async\" src=\"https:\/\/upload.cdn.baselinker.com\/products\/14476\/31654d2c07ee1d5ce6736526dedb15de.jpg\" \/><br \/>\n        <\/section>\n<\/p><\/div>\n<\/section>\n<section class=\"section\">\n<div class=\"item item-12\">\n<section class=\"text-item\">\n<h2>\u2705\u00a0Komfort i bezpiecze\u0144stwo!<\/h2>\n<ul>\n<li>Dla wszystkich tych, kt\u00f3rzy chc\u0105, aby dziecko sp\u0119dzi\u0142o przyjemnie czas, ale troszcz\u0105 si\u0119 r\u00f3wnie\u017c o jego <b>bezpiecze\u0144stwo.<\/b><\/li>\n<li>Kamizelka umo\u017cliwia bezpieczn\u0105 k\u0105piel w morzu, basenie lub jeziorze.<b> Pe\u0142ni funkcj\u0119 asekuracyjn\u0105 dla dziecka.<\/b><\/li>\n<li>Idealna <b>do p\u0142ywania i zabawy<\/b>. Kolorowy wz\u00f3r rozbudza ciekawo\u015b\u0107 i zach\u0119ca co zabawy!<\/li>\n<li>Posiadaj\u0105 zawory bezpiecze\u0144stwa, kt\u00f3re blokuj\u0105 wydostanie si\u0119 powietrza.<\/li>\n<\/ul>\n<h2>\u2705\u00a0Wytrzyma\u0142y i praktyczny<\/h2>\n<ul>\n<li>Wykonana z <b>najlepszej jako\u015bci materia\u0142\u00f3w. <\/b>Wyprodukowana z solidnego materia\u0142u PVC, dzi\u0119ki czemu jest wytrzyma\u0142y. Grubo\u015b\u0107 materia\u0142u wynosi 0,18 mm.<\/li>\n<li>Jest<b> lekka i \u0142atwa w obs\u0142udze<\/b>. Szybko i bez trudu mo\u017cna je napompowa\u0107 i wypompowa\u0107 z niej powietrze. Do napompowanie nie s\u0105 potrzebne \u017cadne dodatkowe akcesoria.<\/li>\n<li><b>Nie zajmuje du\u017co miejsca<\/b>\u00a0i mo\u017cna j\u0105 ze sob\u0105 zabra\u0107 w dowolnie wybran\u0105 lokalizacj\u0119 i cieszy\u0107 si\u0119 urokami lata. A po sko\u0144czonej zabawie spakowa\u0107 do torebki lub plecaka.<\/li>\n<\/ul>\n<\/section><\/div>\n<\/section>\n<section class=\"section\">\n<div class=\"item item-12\">\n<section class=\"image-item\">\n            <img decoding=\"async\" src=\"https:\/\/upload.cdn.baselinker.com\/products\/14476\/6764cea63992ed1ef06f6bee24a2a4b3.jpg\" \/><br \/>\n        <\/section>\n<\/p><\/div>\n<\/section>\n<section class=\"section\">\n<div class=\"item item-12\">\n<section class=\"text-item\">\n<p><b>\u2705 <\/b>Komfort i wygoda u\u017cytkowania zar\u00f3wno dla dziecka jak i rodzica.<\/p>\n<p><b>\u2705 <\/b>Dmuchane kamizelka charakteryzuje si\u0119 mi\u0119kk\u0105 i delikatn\u0105 powierzchni\u0105.<\/p>\n<p><b>\u2705 <\/b>Wytrzyma\u0142a i solidna.\u00a0 Wykonana z mocnego tworzywa, kt\u00f3re jest odporne na drobne uszkodzenia.<\/p>\n<p><b>\u2705 <\/b>Wysoka jako\u015b\u0107 materia\u0142u oraz wyko\u0144czenia gwarantuj\u0105 satysfakcj\u0119.<\/p>\n<p><b>\u2705 <\/b>Lekka i por\u0119czna. Wygodna w u\u017cytkowaniu\u00a0 i transporcie.<\/p>\n<p><b>\u2705 <\/b>Mo\u017cliwo\u015b\u0107 pompowanie bez u\u017cycia pompki.<\/p>\n<\/section><\/div>\n<\/section>\n<section class=\"section\">\n<div class=\"item item-12\">\n<section class=\"image-item\">\n            <img decoding=\"async\" src=\"https:\/\/upload.cdn.baselinker.com\/products\/14476\/ba862dc6353fb9f3e44c72b8391abd2a.jpg\" \/><br \/>\n        <\/section>\n<\/p><\/div>\n<\/section>\n<section class=\"section\">\n<div class=\"item item-12\">\n<section class=\"text-item\">\n<h2>P\u0142y\u0144 w stron\u0119 dobrej i bezpiecznej zabawy!<\/h2>\n<p>Dmuchana kamizelka do nauki p\u0142ywania dla maluch\u00f3w. Wakacyjny gad\u017cet, kt\u00f3ry doskonale sprawdzi si\u0119 podczas upalnych, letnich dni! Idealnie nadaje si\u0119 dla najm\u0142odszych mi\u0142o\u015bnik\u00f3w wodnych zabaw!<\/p>\n<\/section><\/div>\n<\/section>\n<section class=\"section\">\n<div class=\"item item-6\">\n<section class=\"image-item\">\n            <img decoding=\"async\" src=\"https:\/\/upload.cdn.baselinker.com\/products\/14476\/45473e4fced990ec393c51729dc6516e.jpg\" \/><br \/>\n        <\/section>\n<\/p><\/div>\n<div class=\"item item-6\">\n<section class=\"image-item\">\n            <img decoding=\"async\" src=\"https:\/\/upload.cdn.baselinker.com\/products\/14476\/59d133b36e68d4908da426a19bf4d17a.jpg\" \/><br \/>\n        <\/section>\n<\/p><\/div>\n<\/section>\n<section class=\"section\">\n<div class=\"item item-6\">\n<section class=\"image-item\">\n            <img decoding=\"async\" src=\"https:\/\/upload.cdn.baselinker.com\/products\/14476\/467480c28faab470aa7074d1811a69bd.jpg\" \/><br \/>\n        <\/section>\n<\/p><\/div>\n<div class=\"item item-6\">\n<section class=\"image-item\">\n            <img decoding=\"async\" src=\"https:\/\/upload.cdn.baselinker.com\/products\/14476\/31654d2c07ee1d5ce6736526dedb15de.jpg\" \/><br \/>\n        <\/section>\n<\/p><\/div>\n<\/section>\n","protected":false},"excerpt":{"rendered":"<p>KAMIZELKA DO P\u0141YWANIA DMUCHANA\u00a0 DLA DZIECI BESTWAY Informacje og\u00f3lne: Materia\u0142: PCV Kolor: \u017c\u00f3\u0142ty Wiek: 3-6 lat Dopuszczalna waga: 18-30 kg Krok B: Podstawy wody &#8211; idealne dla dzieci, kt\u00f3re zaczynaj\u0105 samodzielnie p\u0142ywa\u0107! Dmuchana kamizelka to drugi krok w nauce p\u0142ywania. Kamizelka pomo\u017ce maluchowi w oswojeniu si\u0119 z wod\u0105 i nauce p\u0142ywania. Dziecko mo\u017ce swobodnie porusza\u0107<br \/><a class=\"more-link\" href=\"https:\/\/bobimarket.pl\/index.php\/produkt\/kamizelka-do-plywania-dmuchana-dla-dzieci-do-wody\/\"><br \/>\n        Czytaj wi\u0119cej<span class=\"screen-reader-text\"> &#8222;KAMIZELKA DO P\u0141YWANIA DMUCHANA  DLA DZIECI DO WODY&#8221;<\/span><\/a><\/p>\n","protected":false},"featured_media":79552,"template":"","meta":[],"product_cat":[8106],"product_tag":[],"yoast_head":"<!-- This site is optimized with the Yoast SEO plugin v21.0 - https:\/\/yoast.com\/wordpress\/plugins\/seo\/ -->\n<title>KAMIZELKA DO P\u0141YWANIA DMUCHANA DLA DZIECI DO WODY - BOBIMARKET.pl - Remontuj i urz\u0105dzaj z nami<\/title>\n<meta name=\"robots\" content=\"index, follow, max-snippet:-1, max-image-preview:large, max-video-preview:-1\" \/>\n<link rel=\"canonical\" href=\"https:\/\/bobimarket.pl\/index.php\/produkt\/kamizelka-do-plywania-dmuchana-dla-dzieci-do-wody\/\" \/>\n<meta property=\"og:locale\" content=\"pl_PL\" \/>\n<meta property=\"og:type\" content=\"article\" \/>\n<meta property=\"og:title\" content=\"KAMIZELKA DO P\u0141YWANIA DMUCHANA DLA DZIECI DO WODY - BOBIMARKET.pl - Remontuj i urz\u0105dzaj z nami\" \/>\n<meta property=\"og:description\" content=\"KAMIZELKA DO P\u0141YWANIA DMUCHANA\u00a0 DLA DZIECI BESTWAY Informacje og\u00f3lne: Materia\u0142: PCV Kolor: \u017c\u00f3\u0142ty Wiek: 3-6 lat Dopuszczalna waga: 18-30 kg Krok B: Podstawy wody &#8211; idealne dla dzieci, kt\u00f3re zaczynaj\u0105 samodzielnie p\u0142ywa\u0107! Dmuchana kamizelka to drugi krok w nauce p\u0142ywania. Kamizelka pomo\u017ce maluchowi w oswojeniu si\u0119 z wod\u0105 i nauce p\u0142ywania. Dziecko mo\u017ce swobodnie porusza\u0107     Czytaj wi\u0119cej &quot;KAMIZELKA DO P\u0141YWANIA DMUCHANA DLA DZIECI DO WODY&quot;\" \/>\n<meta property=\"og:url\" content=\"https:\/\/bobimarket.pl\/index.php\/produkt\/kamizelka-do-plywania-dmuchana-dla-dzieci-do-wody\/\" \/>\n<meta property=\"og:site_name\" content=\"BOBIMARKET.pl - Remontuj i urz\u0105dzaj z nami\" \/>\n<meta property=\"article:modified_time\" content=\"2025-02-27T13:23:08+00:00\" \/>\n<meta property=\"og:image\" content=\"https:\/\/upload.cdn.baselinker.com\/products\/14476\/a7eb0d0480deeabdfebbb8e4f297e89b.jpg\" \/>\n<meta name=\"twitter:card\" content=\"summary_large_image\" \/>\n<meta name=\"twitter:label1\" content=\"Szacowany czas czytania\" \/>\n\t<meta name=\"twitter:data1\" content=\"2 minuty\" \/>\n<script type=\"application\/ld+json\" class=\"yoast-schema-graph\">{\"@context\":\"https:\/\/schema.org\",\"@graph\":[{\"@type\":\"WebPage\",\"@id\":\"https:\/\/bobimarket.pl\/index.php\/produkt\/kamizelka-do-plywania-dmuchana-dla-dzieci-do-wody\/\",\"url\":\"https:\/\/bobimarket.pl\/index.php\/produkt\/kamizelka-do-plywania-dmuchana-dla-dzieci-do-wody\/\",\"name\":\"KAMIZELKA DO P\u0141YWANIA DMUCHANA DLA DZIECI DO WODY - BOBIMARKET.pl - Remontuj i urz\u0105dzaj z nami\",\"isPartOf\":{\"@id\":\"https:\/\/bobimarket.pl\/#website\"},\"datePublished\":\"2023-08-29T14:39:26+00:00\",\"dateModified\":\"2025-02-27T13:23:08+00:00\",\"breadcrumb\":{\"@id\":\"https:\/\/bobimarket.pl\/index.php\/produkt\/kamizelka-do-plywania-dmuchana-dla-dzieci-do-wody\/#breadcrumb\"},\"inLanguage\":\"pl-PL\",\"potentialAction\":[{\"@type\":\"ReadAction\",\"target\":[\"https:\/\/bobimarket.pl\/index.php\/produkt\/kamizelka-do-plywania-dmuchana-dla-dzieci-do-wody\/\"]}]},{\"@type\":\"BreadcrumbList\",\"@id\":\"https:\/\/bobimarket.pl\/index.php\/produkt\/kamizelka-do-plywania-dmuchana-dla-dzieci-do-wody\/#breadcrumb\",\"itemListElement\":[{\"@type\":\"ListItem\",\"position\":1,\"name\":\"Strona g\u0142\u00f3wna\",\"item\":\"https:\/\/bobimarket.pl\/\"},{\"@type\":\"ListItem\",\"position\":2,\"name\":\"Sklep\",\"item\":\"https:\/\/bobimarket.pl\/index.php\/shop\/\"},{\"@type\":\"ListItem\",\"position\":3,\"name\":\"KAMIZELKA DO P\u0141YWANIA DMUCHANA DLA DZIECI DO WODY\"}]},{\"@type\":\"WebSite\",\"@id\":\"https:\/\/bobimarket.pl\/#website\",\"url\":\"https:\/\/bobimarket.pl\/\",\"name\":\"BOBIMARKET.pl - Remontuj i urz\u0105dzaj z nami\",\"description\":\"Remontuj i urz\u0105dzaj z nami\",\"publisher\":{\"@id\":\"https:\/\/bobimarket.pl\/#organization\"},\"potentialAction\":[{\"@type\":\"SearchAction\",\"target\":{\"@type\":\"EntryPoint\",\"urlTemplate\":\"https:\/\/bobimarket.pl\/?s={search_term_string}\"},\"query-input\":\"required name=search_term_string\"}],\"inLanguage\":\"pl-PL\"},{\"@type\":\"Organization\",\"@id\":\"https:\/\/bobimarket.pl\/#organization\",\"name\":\"BOBIMARKET.pl\",\"url\":\"https:\/\/bobimarket.pl\/\",\"logo\":{\"@type\":\"ImageObject\",\"inLanguage\":\"pl-PL\",\"@id\":\"https:\/\/bobimarket.pl\/#\/schema\/logo\/image\/\",\"url\":\"https:\/\/bobimarket.pl\/wp-content\/uploads\/2021\/11\/slogan.png\",\"contentUrl\":\"https:\/\/bobimarket.pl\/wp-content\/uploads\/2021\/11\/slogan.png\",\"width\":2000,\"height\":384,\"caption\":\"BOBIMARKET.pl\"},\"image\":{\"@id\":\"https:\/\/bobimarket.pl\/#\/schema\/logo\/image\/\"}}]}<\/script>\n<!-- \/ Yoast SEO plugin. -->","yoast_head_json":{"title":"KAMIZELKA DO P\u0141YWANIA DMUCHANA DLA DZIECI DO WODY - BOBIMARKET.pl - Remontuj i urz\u0105dzaj z nami","robots":{"index":"index","follow":"follow","max-snippet":"max-snippet:-1","max-image-preview":"max-image-preview:large","max-video-preview":"max-video-preview:-1"},"canonical":"https:\/\/bobimarket.pl\/index.php\/produkt\/kamizelka-do-plywania-dmuchana-dla-dzieci-do-wody\/","og_locale":"pl_PL","og_type":"article","og_title":"KAMIZELKA DO P\u0141YWANIA DMUCHANA DLA DZIECI DO WODY - BOBIMARKET.pl - Remontuj i urz\u0105dzaj z nami","og_description":"KAMIZELKA DO P\u0141YWANIA DMUCHANA\u00a0 DLA DZIECI BESTWAY Informacje og\u00f3lne: Materia\u0142: PCV Kolor: \u017c\u00f3\u0142ty Wiek: 3-6 lat Dopuszczalna waga: 18-30 kg Krok B: Podstawy wody &#8211; idealne dla dzieci, kt\u00f3re zaczynaj\u0105 samodzielnie p\u0142ywa\u0107! Dmuchana kamizelka to drugi krok w nauce p\u0142ywania. Kamizelka pomo\u017ce maluchowi w oswojeniu si\u0119 z wod\u0105 i nauce p\u0142ywania. Dziecko mo\u017ce swobodnie porusza\u0107     Czytaj wi\u0119cej \"KAMIZELKA DO P\u0141YWANIA DMUCHANA DLA DZIECI DO WODY\"","og_url":"https:\/\/bobimarket.pl\/index.php\/produkt\/kamizelka-do-plywania-dmuchana-dla-dzieci-do-wody\/","og_site_name":"BOBIMARKET.pl - Remontuj i urz\u0105dzaj z nami","article_modified_time":"2025-02-27T13:23:08+00:00","og_image":[{"url":"https:\/\/upload.cdn.baselinker.com\/products\/14476\/a7eb0d0480deeabdfebbb8e4f297e89b.jpg"}],"twitter_card":"summary_large_image","twitter_misc":{"Szacowany czas czytania":"2 minuty"},"schema":{"@context":"https:\/\/schema.org","@graph":[{"@type":"WebPage","@id":"https:\/\/bobimarket.pl\/index.php\/produkt\/kamizelka-do-plywania-dmuchana-dla-dzieci-do-wody\/","url":"https:\/\/bobimarket.pl\/index.php\/produkt\/kamizelka-do-plywania-dmuchana-dla-dzieci-do-wody\/","name":"KAMIZELKA DO P\u0141YWANIA DMUCHANA DLA DZIECI DO WODY - BOBIMARKET.pl - Remontuj i urz\u0105dzaj z nami","isPartOf":{"@id":"https:\/\/bobimarket.pl\/#website"},"datePublished":"2023-08-29T14:39:26+00:00","dateModified":"2025-02-27T13:23:08+00:00","breadcrumb":{"@id":"https:\/\/bobimarket.pl\/index.php\/produkt\/kamizelka-do-plywania-dmuchana-dla-dzieci-do-wody\/#breadcrumb"},"inLanguage":"pl-PL","potentialAction":[{"@type":"ReadAction","target":["https:\/\/bobimarket.pl\/index.php\/produkt\/kamizelka-do-plywania-dmuchana-dla-dzieci-do-wody\/"]}]},{"@type":"BreadcrumbList","@id":"https:\/\/bobimarket.pl\/index.php\/produkt\/kamizelka-do-plywania-dmuchana-dla-dzieci-do-wody\/#breadcrumb","itemListElement":[{"@type":"ListItem","position":1,"name":"Strona g\u0142\u00f3wna","item":"https:\/\/bobimarket.pl\/"},{"@type":"ListItem","position":2,"name":"Sklep","item":"https:\/\/bobimarket.pl\/index.php\/shop\/"},{"@type":"ListItem","position":3,"name":"KAMIZELKA DO P\u0141YWANIA DMUCHANA DLA DZIECI DO WODY"}]},{"@type":"WebSite","@id":"https:\/\/bobimarket.pl\/#website","url":"https:\/\/bobimarket.pl\/","name":"BOBIMARKET.pl - Remontuj i urz\u0105dzaj z nami","description":"Remontuj i urz\u0105dzaj z nami","publisher":{"@id":"https:\/\/bobimarket.pl\/#organization"},"potentialAction":[{"@type":"SearchAction","target":{"@type":"EntryPoint","urlTemplate":"https:\/\/bobimarket.pl\/?s={search_term_string}"},"query-input":"required name=search_term_string"}],"inLanguage":"pl-PL"},{"@type":"Organization","@id":"https:\/\/bobimarket.pl\/#organization","name":"BOBIMARKET.pl","url":"https:\/\/bobimarket.pl\/","logo":{"@type":"ImageObject","inLanguage":"pl-PL","@id":"https:\/\/bobimarket.pl\/#\/schema\/logo\/image\/","url":"https:\/\/bobimarket.pl\/wp-content\/uploads\/2021\/11\/slogan.png","contentUrl":"https:\/\/bobimarket.pl\/wp-content\/uploads\/2021\/11\/slogan.png","width":2000,"height":384,"caption":"BOBIMARKET.pl"},"image":{"@id":"https:\/\/bobimarket.pl\/#\/schema\/logo\/image\/"}}]}},"_links":{"self":[{"href":"https:\/\/bobimarket.pl\/index.php\/wp-json\/wp\/v2\/product\/79563"}],"collection":[{"href":"https:\/\/bobimarket.pl\/index.php\/wp-json\/wp\/v2\/product"}],"about":[{"href":"https:\/\/bobimarket.pl\/index.php\/wp-json\/wp\/v2\/types\/product"}],"wp:featuredmedia":[{"embeddable":true,"href":"https:\/\/bobimarket.pl\/index.php\/wp-json\/wp\/v2\/media\/79552"}],"wp:attachment":[{"href":"https:\/\/bobimarket.pl\/index.php\/wp-json\/wp\/v2\/media?parent=79563"}],"wp:term":[{"taxonomy":"product_cat","embeddable":true,"href":"https:\/\/bobimarket.pl\/index.php\/wp-json\/wp\/v2\/product_cat?post=79563"},{"taxonomy":"product_tag","embeddable":true,"href":"https:\/\/bobimarket.pl\/index.php\/wp-json\/wp\/v2\/product_tag?post=79563"}],"curies":[{"name":"wp","href":"https:\/\/api.w.org\/{rel}","templated":true}]}}