{"id":79608,"date":"2023-08-29T14:42:59","date_gmt":"2023-08-29T14:42:59","guid":{"rendered":"https:\/\/bobimarket.pl\/index.php\/produkt\/sloj-szklany-sloik-na-wino-ogorki-przetwory-18l\/"},"modified":"2025-02-27T16:55:14","modified_gmt":"2025-02-27T16:55:14","slug":"sloj-szklany-sloik-na-wino-ogorki-przetwory-18l","status":"publish","type":"product","link":"https:\/\/bobimarket.pl\/index.php\/produkt\/sloj-szklany-sloik-na-wino-ogorki-przetwory-18l\/","title":{"rendered":"S\u0141\u00d3J SZKLANY S\u0141OIK NA WINO OG\u00d3RKI PRZETWORY 18L"},"content":{"rendered":"<section class=\"section\">\n<div class=\"item item-6\">\n<section class=\"text-item\">\n<h2>S\u0141\u00d3J SZKLANY S\u0141OIK NA WINO OG\u00d3RKI PRZETWORY 18L<\/h2>\n<p><b>Dane techniczne:<\/b><\/p>\n<ul>\n<li>Pojemno\u015b\u0107:<b> 18L<\/b><\/li>\n<li>Wysoko\u015b\u0107: <b>40 cm<\/b><\/li>\n<li>\u015arednica dna: <b>24 cm<\/b><\/li>\n<li>\u015arednica pokrywy: <b>6,5 cm<\/b><\/li>\n<li>Materia\u0142:<b> Szk\u0142o<\/b><\/li>\n<li>Szelki w zestawie<\/li>\n<li>Zastosowanie: Przechowywanie oraz fermentacja<\/li>\n<\/ul>\n<\/section><\/div>\n<div class=\"item item-6\">\n<section class=\"image-item\">\n                <img decoding=\"async\" src=\"https:\/\/upload.cdn.baselinker.com\/products\/14476\/1014809482.jpg\" \/><br \/>\n            <\/section>\n<\/p><\/div>\n<\/section>\n<section class=\"section\">\n<div class=\"item item-6\">\n<section class=\"image-item\">\n                <img decoding=\"async\" src=\"https:\/\/upload.cdn.baselinker.com\/products\/14476\/1014809482.jpg\" \/><br \/>\n            <\/section>\n<\/p><\/div>\n<div class=\"item item-6\">\n<section class=\"text-item\">\n<p><b>Jeden s\u0142\u00f3j, a wiele zastosowa\u0144!<\/b><\/p>\n<p>Praktyczny i wielofunkcyjny szklany s\u0142\u00f3j <b>o pojemno\u015bci 18L.<\/b> S\u0142oik zosta\u0142 wykonany z<b> wytrzyma\u0142ego szk\u0142a.<\/b> \u00a0Dodatkowo wyposa\u017cony szelki.<\/p>\n<ul>\n<li>Doskonale nadaje si\u0119 do <b>przygotowania oraz przechowywania domowej roboty wina<\/b>, ale tak\u017ce innych napoj\u00f3w.<\/li>\n<li>Mo\u017cna w nim r\u00f3wnie\u017c <b>kisi\u0107 kapust\u0119 i og\u00f3rk<\/b>i oraz przyrz\u0105dza\u0107 nalewki.<\/li>\n<\/ul>\n<\/section><\/div>\n<\/section>\n<section class=\"section\">\n<div class=\"item item-6\">\n<section class=\"text-item\">\n<h2>S\u0142\u00f3j zosta\u0142 stworzony z my\u015bl\u0105\u00a0 o wielbicielach domowych win, nalewek i kiszonek w r\u00f3\u017cnej postaci.<\/h2>\n<p><b>\u2705 <\/b>Pokrywka z odkr\u0119canym <b>korkiem i kapturkiem<\/b>, kt\u00f3ry zast\u0119puje rurk\u0119 fermentacyjn\u0105. Kapturek u\u0142atwi cyrkulacj\u0119 powietrza, co przyspieszy i dope\u0142ni proces fermentacji.<\/p>\n<p><b>\u2705 <\/b>Do\u0142\u0105czone do s\u0142oja <b>szelki<\/b> sprawiaj\u0105, \u017ce s\u0142\u00f3j mo\u017cna bezpiecznie przenosi\u0107 w dowolnie wybrane miejsce.\u00a0<\/p>\n<p>\u2705 <b>Du\u017ca pojemno\u015b\u0107<\/b> sprawia, \u017ce mo\u017cna za jednym razem utworzy\u0107 wi\u0119ksz\u0105 ilo\u015bci przetwor\u00f3w.<\/p>\n<\/section><\/div>\n<div class=\"item item-6\">\n<section class=\"image-item\">\n                <img decoding=\"async\" src=\"https:\/\/upload.cdn.baselinker.com\/products\/14476\/1014809482.jpg\" \/><br \/>\n            <\/section>\n<\/p><\/div>\n<\/section>\n<section class=\"section\">\n<div class=\"item item-6\">\n<section class=\"image-item\">\n                <img decoding=\"async\" src=\"https:\/\/upload.cdn.baselinker.com\/products\/14476\/1014809482.jpg\" \/><br \/>\n            <\/section>\n<\/p><\/div>\n<div class=\"item item-6\">\n<section class=\"text-item\">\n<p><b> S\u0142\u00f3j\u00a0 wyposa\u017cono w\u00a0 dwa korki zatykaj\u0105ce, umo\u017cliwiaj\u0105ce dwa sposoby<\/b><b> zamykania.\u00a0<\/b><\/p>\n<ol>\n<li>Pierwszy z nich jest<b> przydany podczas fermentacji<\/b> win. Pozwala na wydostawanie si\u0119 dwutlenku w\u0119gla, ale jednocze\u015bnie blokuje dostanie si\u0119 tlenu po wlaniu wody na g\u00f3rze zakr\u0119tki .<\/li>\n<li>Drugi korek posiada <b>gwint za\u015blepiaj\u0105cy otw\u00f3r<\/b>. Stosuje si\u0119 go kiedy nie potrzebujemy zastosowa\u0107 korka fermentacyjnego.<\/li>\n<\/ol>\n<\/section><\/div>\n<\/section>\n<section class=\"section\">\n<div class=\"item item-6\">\n<section class=\"text-item\">\n<p><b>\u2705 Zastosowanie:<\/b><\/p>\n<p>S\u0142\u00f3j na wino znajda<b> praktyczne zastosowanie w domu<\/b> i sprawia, \u017ce s\u0105 obowi\u0105zkowym elementem w ka\u017cdym domu.<\/p>\n<p>Jest bardzo uniwersalny,\u00a0 nadaje si\u0119:<\/p>\n<ul>\n<li>do kiszenia og\u00f3rk\u00f3w<\/li>\n<li>do kiszenia kapusty<\/li>\n<li>do produkcji winna<\/li>\n<li>jako zbiornik na wod\u0119 i inne p\u0142yny.<\/li>\n<\/ul>\n<\/section><\/div>\n<div class=\"item item-6\">\n<section class=\"image-item\">\n                <img decoding=\"async\" src=\"https:\/\/upload.cdn.baselinker.com\/products\/14476\/1014809482.jpg\" \/><br \/>\n            <\/section>\n<\/p><\/div>\n<\/section>\n","protected":false},"excerpt":{"rendered":"<p>S\u0141\u00d3J SZKLANY S\u0141OIK NA WINO OG\u00d3RKI PRZETWORY 18L Dane techniczne: Pojemno\u015b\u0107: 18L Wysoko\u015b\u0107: 40 cm \u015arednica dna: 24 cm \u015arednica pokrywy: 6,5 cm Materia\u0142: Szk\u0142o Szelki w zestawie Zastosowanie: Przechowywanie oraz fermentacja Jeden s\u0142\u00f3j, a wiele zastosowa\u0144! Praktyczny i wielofunkcyjny szklany s\u0142\u00f3j o pojemno\u015bci 18L. S\u0142oik zosta\u0142 wykonany z wytrzyma\u0142ego szk\u0142a. \u00a0Dodatkowo wyposa\u017cony szelki. Doskonale<br \/><a class=\"more-link\" href=\"https:\/\/bobimarket.pl\/index.php\/produkt\/sloj-szklany-sloik-na-wino-ogorki-przetwory-18l\/\"><br \/>\n        Czytaj wi\u0119cej<span class=\"screen-reader-text\"> &#8222;S\u0141\u00d3J SZKLANY S\u0141OIK NA WINO OG\u00d3RKI PRZETWORY 18L&#8221;<\/span><\/a><\/p>\n","protected":false},"featured_media":79606,"template":"","meta":[],"product_cat":[8070],"product_tag":[],"yoast_head":"<!-- This site is optimized with the Yoast SEO plugin v21.0 - https:\/\/yoast.com\/wordpress\/plugins\/seo\/ -->\n<title>S\u0141\u00d3J SZKLANY S\u0141OIK NA WINO OG\u00d3RKI PRZETWORY 18L - BOBIMARKET.pl - Remontuj i urz\u0105dzaj z nami<\/title>\n<meta name=\"robots\" content=\"index, follow, max-snippet:-1, max-image-preview:large, max-video-preview:-1\" \/>\n<link rel=\"canonical\" href=\"https:\/\/bobimarket.pl\/index.php\/produkt\/sloj-szklany-sloik-na-wino-ogorki-przetwory-18l\/\" \/>\n<meta property=\"og:locale\" content=\"pl_PL\" \/>\n<meta property=\"og:type\" content=\"article\" \/>\n<meta property=\"og:title\" content=\"S\u0141\u00d3J SZKLANY S\u0141OIK NA WINO OG\u00d3RKI PRZETWORY 18L - BOBIMARKET.pl - Remontuj i urz\u0105dzaj z nami\" \/>\n<meta property=\"og:description\" content=\"S\u0141\u00d3J SZKLANY S\u0141OIK NA WINO OG\u00d3RKI PRZETWORY 18L Dane techniczne: Pojemno\u015b\u0107: 18L Wysoko\u015b\u0107: 40 cm \u015arednica dna: 24 cm \u015arednica pokrywy: 6,5 cm Materia\u0142: Szk\u0142o Szelki w zestawie Zastosowanie: Przechowywanie oraz fermentacja Jeden s\u0142\u00f3j, a wiele zastosowa\u0144! Praktyczny i wielofunkcyjny szklany s\u0142\u00f3j o pojemno\u015bci 18L. S\u0142oik zosta\u0142 wykonany z wytrzyma\u0142ego szk\u0142a. \u00a0Dodatkowo wyposa\u017cony szelki. Doskonale     Czytaj wi\u0119cej &quot;S\u0141\u00d3J SZKLANY S\u0141OIK NA WINO OG\u00d3RKI PRZETWORY 18L&quot;\" \/>\n<meta property=\"og:url\" content=\"https:\/\/bobimarket.pl\/index.php\/produkt\/sloj-szklany-sloik-na-wino-ogorki-przetwory-18l\/\" \/>\n<meta property=\"og:site_name\" content=\"BOBIMARKET.pl - Remontuj i urz\u0105dzaj z nami\" \/>\n<meta property=\"article:modified_time\" content=\"2025-02-27T16:55:14+00:00\" \/>\n<meta property=\"og:image\" content=\"https:\/\/upload.cdn.baselinker.com\/products\/14476\/1014809482.jpg\" \/>\n<meta name=\"twitter:card\" content=\"summary_large_image\" \/>\n<meta name=\"twitter:label1\" content=\"Szacowany czas czytania\" \/>\n\t<meta name=\"twitter:data1\" content=\"1 minuta\" \/>\n<script type=\"application\/ld+json\" class=\"yoast-schema-graph\">{\"@context\":\"https:\/\/schema.org\",\"@graph\":[{\"@type\":\"WebPage\",\"@id\":\"https:\/\/bobimarket.pl\/index.php\/produkt\/sloj-szklany-sloik-na-wino-ogorki-przetwory-18l\/\",\"url\":\"https:\/\/bobimarket.pl\/index.php\/produkt\/sloj-szklany-sloik-na-wino-ogorki-przetwory-18l\/\",\"name\":\"S\u0141\u00d3J SZKLANY S\u0141OIK NA WINO OG\u00d3RKI PRZETWORY 18L - BOBIMARKET.pl - Remontuj i urz\u0105dzaj z nami\",\"isPartOf\":{\"@id\":\"https:\/\/bobimarket.pl\/#website\"},\"datePublished\":\"2023-08-29T14:42:59+00:00\",\"dateModified\":\"2025-02-27T16:55:14+00:00\",\"breadcrumb\":{\"@id\":\"https:\/\/bobimarket.pl\/index.php\/produkt\/sloj-szklany-sloik-na-wino-ogorki-przetwory-18l\/#breadcrumb\"},\"inLanguage\":\"pl-PL\",\"potentialAction\":[{\"@type\":\"ReadAction\",\"target\":[\"https:\/\/bobimarket.pl\/index.php\/produkt\/sloj-szklany-sloik-na-wino-ogorki-przetwory-18l\/\"]}]},{\"@type\":\"BreadcrumbList\",\"@id\":\"https:\/\/bobimarket.pl\/index.php\/produkt\/sloj-szklany-sloik-na-wino-ogorki-przetwory-18l\/#breadcrumb\",\"itemListElement\":[{\"@type\":\"ListItem\",\"position\":1,\"name\":\"Strona g\u0142\u00f3wna\",\"item\":\"https:\/\/bobimarket.pl\/\"},{\"@type\":\"ListItem\",\"position\":2,\"name\":\"Sklep\",\"item\":\"https:\/\/bobimarket.pl\/index.php\/shop\/\"},{\"@type\":\"ListItem\",\"position\":3,\"name\":\"S\u0141\u00d3J SZKLANY S\u0141OIK NA WINO OG\u00d3RKI PRZETWORY 18L\"}]},{\"@type\":\"WebSite\",\"@id\":\"https:\/\/bobimarket.pl\/#website\",\"url\":\"https:\/\/bobimarket.pl\/\",\"name\":\"BOBIMARKET.pl - Remontuj i urz\u0105dzaj z nami\",\"description\":\"Remontuj i urz\u0105dzaj z nami\",\"publisher\":{\"@id\":\"https:\/\/bobimarket.pl\/#organization\"},\"potentialAction\":[{\"@type\":\"SearchAction\",\"target\":{\"@type\":\"EntryPoint\",\"urlTemplate\":\"https:\/\/bobimarket.pl\/?s={search_term_string}\"},\"query-input\":\"required name=search_term_string\"}],\"inLanguage\":\"pl-PL\"},{\"@type\":\"Organization\",\"@id\":\"https:\/\/bobimarket.pl\/#organization\",\"name\":\"BOBIMARKET.pl\",\"url\":\"https:\/\/bobimarket.pl\/\",\"logo\":{\"@type\":\"ImageObject\",\"inLanguage\":\"pl-PL\",\"@id\":\"https:\/\/bobimarket.pl\/#\/schema\/logo\/image\/\",\"url\":\"https:\/\/bobimarket.pl\/wp-content\/uploads\/2021\/11\/slogan.png\",\"contentUrl\":\"https:\/\/bobimarket.pl\/wp-content\/uploads\/2021\/11\/slogan.png\",\"width\":2000,\"height\":384,\"caption\":\"BOBIMARKET.pl\"},\"image\":{\"@id\":\"https:\/\/bobimarket.pl\/#\/schema\/logo\/image\/\"}}]}<\/script>\n<!-- \/ Yoast SEO plugin. -->","yoast_head_json":{"title":"S\u0141\u00d3J SZKLANY S\u0141OIK NA WINO OG\u00d3RKI PRZETWORY 18L - BOBIMARKET.pl - Remontuj i urz\u0105dzaj z nami","robots":{"index":"index","follow":"follow","max-snippet":"max-snippet:-1","max-image-preview":"max-image-preview:large","max-video-preview":"max-video-preview:-1"},"canonical":"https:\/\/bobimarket.pl\/index.php\/produkt\/sloj-szklany-sloik-na-wino-ogorki-przetwory-18l\/","og_locale":"pl_PL","og_type":"article","og_title":"S\u0141\u00d3J SZKLANY S\u0141OIK NA WINO OG\u00d3RKI PRZETWORY 18L - BOBIMARKET.pl - Remontuj i urz\u0105dzaj z nami","og_description":"S\u0141\u00d3J SZKLANY S\u0141OIK NA WINO OG\u00d3RKI PRZETWORY 18L Dane techniczne: Pojemno\u015b\u0107: 18L Wysoko\u015b\u0107: 40 cm \u015arednica dna: 24 cm \u015arednica pokrywy: 6,5 cm Materia\u0142: Szk\u0142o Szelki w zestawie Zastosowanie: Przechowywanie oraz fermentacja Jeden s\u0142\u00f3j, a wiele zastosowa\u0144! Praktyczny i wielofunkcyjny szklany s\u0142\u00f3j o pojemno\u015bci 18L. S\u0142oik zosta\u0142 wykonany z wytrzyma\u0142ego szk\u0142a. \u00a0Dodatkowo wyposa\u017cony szelki. Doskonale     Czytaj wi\u0119cej \"S\u0141\u00d3J SZKLANY S\u0141OIK NA WINO OG\u00d3RKI PRZETWORY 18L\"","og_url":"https:\/\/bobimarket.pl\/index.php\/produkt\/sloj-szklany-sloik-na-wino-ogorki-przetwory-18l\/","og_site_name":"BOBIMARKET.pl - Remontuj i urz\u0105dzaj z nami","article_modified_time":"2025-02-27T16:55:14+00:00","og_image":[{"url":"https:\/\/upload.cdn.baselinker.com\/products\/14476\/1014809482.jpg"}],"twitter_card":"summary_large_image","twitter_misc":{"Szacowany czas czytania":"1 minuta"},"schema":{"@context":"https:\/\/schema.org","@graph":[{"@type":"WebPage","@id":"https:\/\/bobimarket.pl\/index.php\/produkt\/sloj-szklany-sloik-na-wino-ogorki-przetwory-18l\/","url":"https:\/\/bobimarket.pl\/index.php\/produkt\/sloj-szklany-sloik-na-wino-ogorki-przetwory-18l\/","name":"S\u0141\u00d3J SZKLANY S\u0141OIK NA WINO OG\u00d3RKI PRZETWORY 18L - BOBIMARKET.pl - Remontuj i urz\u0105dzaj z nami","isPartOf":{"@id":"https:\/\/bobimarket.pl\/#website"},"datePublished":"2023-08-29T14:42:59+00:00","dateModified":"2025-02-27T16:55:14+00:00","breadcrumb":{"@id":"https:\/\/bobimarket.pl\/index.php\/produkt\/sloj-szklany-sloik-na-wino-ogorki-przetwory-18l\/#breadcrumb"},"inLanguage":"pl-PL","potentialAction":[{"@type":"ReadAction","target":["https:\/\/bobimarket.pl\/index.php\/produkt\/sloj-szklany-sloik-na-wino-ogorki-przetwory-18l\/"]}]},{"@type":"BreadcrumbList","@id":"https:\/\/bobimarket.pl\/index.php\/produkt\/sloj-szklany-sloik-na-wino-ogorki-przetwory-18l\/#breadcrumb","itemListElement":[{"@type":"ListItem","position":1,"name":"Strona g\u0142\u00f3wna","item":"https:\/\/bobimarket.pl\/"},{"@type":"ListItem","position":2,"name":"Sklep","item":"https:\/\/bobimarket.pl\/index.php\/shop\/"},{"@type":"ListItem","position":3,"name":"S\u0141\u00d3J SZKLANY S\u0141OIK NA WINO OG\u00d3RKI PRZETWORY 18L"}]},{"@type":"WebSite","@id":"https:\/\/bobimarket.pl\/#website","url":"https:\/\/bobimarket.pl\/","name":"BOBIMARKET.pl - Remontuj i urz\u0105dzaj z nami","description":"Remontuj i urz\u0105dzaj z nami","publisher":{"@id":"https:\/\/bobimarket.pl\/#organization"},"potentialAction":[{"@type":"SearchAction","target":{"@type":"EntryPoint","urlTemplate":"https:\/\/bobimarket.pl\/?s={search_term_string}"},"query-input":"required name=search_term_string"}],"inLanguage":"pl-PL"},{"@type":"Organization","@id":"https:\/\/bobimarket.pl\/#organization","name":"BOBIMARKET.pl","url":"https:\/\/bobimarket.pl\/","logo":{"@type":"ImageObject","inLanguage":"pl-PL","@id":"https:\/\/bobimarket.pl\/#\/schema\/logo\/image\/","url":"https:\/\/bobimarket.pl\/wp-content\/uploads\/2021\/11\/slogan.png","contentUrl":"https:\/\/bobimarket.pl\/wp-content\/uploads\/2021\/11\/slogan.png","width":2000,"height":384,"caption":"BOBIMARKET.pl"},"image":{"@id":"https:\/\/bobimarket.pl\/#\/schema\/logo\/image\/"}}]}},"_links":{"self":[{"href":"https:\/\/bobimarket.pl\/index.php\/wp-json\/wp\/v2\/product\/79608"}],"collection":[{"href":"https:\/\/bobimarket.pl\/index.php\/wp-json\/wp\/v2\/product"}],"about":[{"href":"https:\/\/bobimarket.pl\/index.php\/wp-json\/wp\/v2\/types\/product"}],"wp:featuredmedia":[{"embeddable":true,"href":"https:\/\/bobimarket.pl\/index.php\/wp-json\/wp\/v2\/media\/79606"}],"wp:attachment":[{"href":"https:\/\/bobimarket.pl\/index.php\/wp-json\/wp\/v2\/media?parent=79608"}],"wp:term":[{"taxonomy":"product_cat","embeddable":true,"href":"https:\/\/bobimarket.pl\/index.php\/wp-json\/wp\/v2\/product_cat?post=79608"},{"taxonomy":"product_tag","embeddable":true,"href":"https:\/\/bobimarket.pl\/index.php\/wp-json\/wp\/v2\/product_tag?post=79608"}],"curies":[{"name":"wp","href":"https:\/\/api.w.org\/{rel}","templated":true}]}}