{"id":79615,"date":"2023-08-29T14:43:30","date_gmt":"2023-08-29T14:43:30","guid":{"rendered":"https:\/\/bobimarket.pl\/index.php\/produkt\/palnik-gazowy-lampa-lutnicza-piezo\/"},"modified":"2026-02-18T14:22:07","modified_gmt":"2026-02-18T14:22:07","slug":"palnik-gazowy-lampa-lutnicza-piezo","status":"publish","type":"product","link":"https:\/\/bobimarket.pl\/index.php\/produkt\/palnik-gazowy-lampa-lutnicza-piezo\/","title":{"rendered":"PALNIK GAZOWY LAMPA LUTNICZA PIEZO"},"content":{"rendered":"<section class=\"section\">\n<div class=\"item item-12\">\n<section class=\"text-item\">\n<h2>PALNIK GAZOWY LAMPA LUTNICZA PIEZO<\/h2>\n<p><b>Dane techniczne:<\/b><\/p>\n<ul>\n<li>D\u0142ugo\u015b\u0107 : <b>170 mm<\/b><\/li>\n<li>\u015arednica wylotu p\u0142omienia: <b>19 mm<\/b><\/li>\n<li>Moc palnika: <b>1,3 kW<\/b><\/li>\n<li>Zu\u017cycie gazu:<b> 94,6 g\/h<\/b><\/li>\n<li>Max. temperatura p\u0142omienia: <b>1300\u00b0C<\/b><\/li>\n<li>Materia\u0142: <b>dysza ze stali nierdzewnej, plastikowy korpus<\/b><\/li>\n<\/ul>\n<\/section><\/div>\n<\/section>\n<section class=\"section\">\n<div class=\"item item-12\">\n<section class=\"image-item\">\n            <img decoding=\"async\" src=\"https:\/\/upload.cdn.baselinker.com\/products\/14476\/2353ee561ab74558b4eea150b7744a3e.jpg\" \/><br \/>\n        <\/section>\n<\/p><\/div>\n<\/section>\n<section class=\"section\">\n<div class=\"item item-12\">\n<section class=\"text-item\">\n<p>Praktyczny<b> planik gazowy z piezo<\/b>. Korpus palnika wykonany z wytrzyma\u0142ego tworzywa sztucznego, a dysza ze stali nierdzewnej. Narz\u0119dzie pozwoli sprawne i szybko, a przede wszytskim bezpiecznie przeprowadzenie prac. Jego niewielkie rozmiary pozwalaj\u0105 na precyzyjn\u0105 prac\u0119, a temperatura p\u0142omienia umo\u017cliwiaj\u0105 u\u017cycie palnika do wielu rodzaj\u00f3w prac.<\/p>\n<p><b>\u2705 Zasilany gazem butan lub propan-butan<\/b> z zewn\u0119trznej butli ze standardowym gwintem EN417.<\/p>\n<p>\u2705 Posiada pe\u0142n\u0105<b> regulacj\u0119 p\u0142omienia<\/b>, dzi\u0119ki czemu mo\u017cna go dopasowa\u0107 do aktualnie wykonywanej pracy.<\/p>\n<\/section><\/div>\n<\/section>\n<section class=\"section\">\n<div class=\"item item-12\">\n<section class=\"image-item\">\n            <img decoding=\"async\" src=\"https:\/\/upload.cdn.baselinker.com\/products\/14476\/2cd9a82b159f4714924f5bbf5a68041b.jpg\" \/><br \/>\n        <\/section>\n<\/p><\/div>\n<\/section>\n<section class=\"section\">\n<div class=\"item item-12\">\n<section class=\"text-item\">\n<h2>\u2705 Jeden palnik wiele zastosowa\u0144!<\/h2>\n<p>Palnik to <b>wielofunkcyjny i przydatny element<\/b> wyposa\u017cenia przydomowego warsztatu i nie tylko. Mo\u017cna go wykorzysta\u0107:<\/p>\n<ul>\n<li>do opalania niewielkich powierzchni drewnianych i metalowych,<\/li>\n<li>gi\u0119cia, zgrzewania i formowania na ciep\u0142o,<\/li>\n<li>odkr\u0119cania zapieczonych \u015brub,<\/li>\n<li>obkurczania materia\u0142\u00f3w termokurczliwych<\/li>\n<li>rozpalania komink\u00f3w, grilli i piec\u00f3w czy podgrzewania i rozmra\u017cania.<\/li>\n<\/ul>\n<\/section><\/div>\n<\/section>\n<section class=\"section\">\n<div class=\"item item-12\">\n<section class=\"image-item\">\n            <img decoding=\"async\" src=\"https:\/\/upload.cdn.baselinker.com\/products\/14476\/2353ee561ab74558b4eea150b7744a3e.jpg\" \/><br \/>\n        <\/section>\n<\/p><\/div>\n<\/section>\n<section class=\"section\">\n<div class=\"item item-12\">\n<section class=\"text-item\">\n<h2>\u2705 Jeden palnik wiele zastosowa\u0144!<\/h2>\n<p>Palnik to <b>wielofunkcyjny i przydatny element<\/b> wyposa\u017cenia przydomowego warsztatu i nie tylko. Mo\u017cna go wykorzysta\u0107:<\/p>\n<ul>\n<li>do opalania niewielkich powierzchni drewnianych i metalowych,<\/li>\n<li>gi\u0119cia, zgrzewania i formowania na ciep\u0142o,<\/li>\n<li>odkr\u0119cania zapieczonych \u015brub,<\/li>\n<li>obkurczania materia\u0142\u00f3w termokurczliwych<\/li>\n<li>rozpalania komink\u00f3w, grilli i piec\u00f3w czy podgrzewania i rozmra\u017cania.<\/li>\n<\/ul>\n<\/section><\/div>\n<\/section>\n","protected":false},"excerpt":{"rendered":"<p>PALNIK GAZOWY LAMPA LUTNICZA PIEZO Dane techniczne: D\u0142ugo\u015b\u0107 : 170 mm \u015arednica wylotu p\u0142omienia: 19 mm Moc palnika: 1,3 kW Zu\u017cycie gazu: 94,6 g\/h Max. temperatura p\u0142omienia: 1300\u00b0C Materia\u0142: dysza ze stali nierdzewnej, plastikowy korpus Praktyczny planik gazowy z piezo. Korpus palnika wykonany z wytrzyma\u0142ego tworzywa sztucznego, a dysza ze stali nierdzewnej. Narz\u0119dzie pozwoli sprawne<br \/><a class=\"more-link\" href=\"https:\/\/bobimarket.pl\/index.php\/produkt\/palnik-gazowy-lampa-lutnicza-piezo\/\"><br \/>\n        Czytaj wi\u0119cej<span class=\"screen-reader-text\"> &#8222;PALNIK GAZOWY LAMPA LUTNICZA PIEZO&#8221;<\/span><\/a><\/p>\n","protected":false},"featured_media":79609,"template":"","meta":[],"product_cat":[8118],"product_tag":[],"yoast_head":"<!-- This site is optimized with the Yoast SEO plugin v21.0 - https:\/\/yoast.com\/wordpress\/plugins\/seo\/ -->\n<title>PALNIK GAZOWY LAMPA LUTNICZA PIEZO - BOBIMARKET.pl - Remontuj i urz\u0105dzaj z nami<\/title>\n<meta name=\"robots\" content=\"index, follow, max-snippet:-1, max-image-preview:large, max-video-preview:-1\" \/>\n<link rel=\"canonical\" href=\"https:\/\/bobimarket.pl\/index.php\/produkt\/palnik-gazowy-lampa-lutnicza-piezo\/\" \/>\n<meta property=\"og:locale\" content=\"pl_PL\" \/>\n<meta property=\"og:type\" content=\"article\" \/>\n<meta property=\"og:title\" content=\"PALNIK GAZOWY LAMPA LUTNICZA PIEZO - BOBIMARKET.pl - Remontuj i urz\u0105dzaj z nami\" \/>\n<meta property=\"og:description\" content=\"PALNIK GAZOWY LAMPA LUTNICZA PIEZO Dane techniczne: D\u0142ugo\u015b\u0107 : 170 mm \u015arednica wylotu p\u0142omienia: 19 mm Moc palnika: 1,3 kW Zu\u017cycie gazu: 94,6 g\/h Max. temperatura p\u0142omienia: 1300\u00b0C Materia\u0142: dysza ze stali nierdzewnej, plastikowy korpus Praktyczny planik gazowy z piezo. Korpus palnika wykonany z wytrzyma\u0142ego tworzywa sztucznego, a dysza ze stali nierdzewnej. Narz\u0119dzie pozwoli sprawne     Czytaj wi\u0119cej &quot;PALNIK GAZOWY LAMPA LUTNICZA PIEZO&quot;\" \/>\n<meta property=\"og:url\" content=\"https:\/\/bobimarket.pl\/index.php\/produkt\/palnik-gazowy-lampa-lutnicza-piezo\/\" \/>\n<meta property=\"og:site_name\" content=\"BOBIMARKET.pl - Remontuj i urz\u0105dzaj z nami\" \/>\n<meta property=\"article:modified_time\" content=\"2026-02-18T14:22:07+00:00\" \/>\n<meta property=\"og:image\" content=\"https:\/\/upload.cdn.baselinker.com\/products\/14476\/2353ee561ab74558b4eea150b7744a3e.jpg\" \/>\n<meta name=\"twitter:card\" content=\"summary_large_image\" \/>\n<meta name=\"twitter:label1\" content=\"Szacowany czas czytania\" \/>\n\t<meta name=\"twitter:data1\" content=\"1 minuta\" \/>\n<script type=\"application\/ld+json\" class=\"yoast-schema-graph\">{\"@context\":\"https:\/\/schema.org\",\"@graph\":[{\"@type\":\"WebPage\",\"@id\":\"https:\/\/bobimarket.pl\/index.php\/produkt\/palnik-gazowy-lampa-lutnicza-piezo\/\",\"url\":\"https:\/\/bobimarket.pl\/index.php\/produkt\/palnik-gazowy-lampa-lutnicza-piezo\/\",\"name\":\"PALNIK GAZOWY LAMPA LUTNICZA PIEZO - BOBIMARKET.pl - Remontuj i urz\u0105dzaj z nami\",\"isPartOf\":{\"@id\":\"https:\/\/bobimarket.pl\/#website\"},\"datePublished\":\"2023-08-29T14:43:30+00:00\",\"dateModified\":\"2026-02-18T14:22:07+00:00\",\"breadcrumb\":{\"@id\":\"https:\/\/bobimarket.pl\/index.php\/produkt\/palnik-gazowy-lampa-lutnicza-piezo\/#breadcrumb\"},\"inLanguage\":\"pl-PL\",\"potentialAction\":[{\"@type\":\"ReadAction\",\"target\":[\"https:\/\/bobimarket.pl\/index.php\/produkt\/palnik-gazowy-lampa-lutnicza-piezo\/\"]}]},{\"@type\":\"BreadcrumbList\",\"@id\":\"https:\/\/bobimarket.pl\/index.php\/produkt\/palnik-gazowy-lampa-lutnicza-piezo\/#breadcrumb\",\"itemListElement\":[{\"@type\":\"ListItem\",\"position\":1,\"name\":\"Strona g\u0142\u00f3wna\",\"item\":\"https:\/\/bobimarket.pl\/\"},{\"@type\":\"ListItem\",\"position\":2,\"name\":\"Sklep\",\"item\":\"https:\/\/bobimarket.pl\/index.php\/shop\/\"},{\"@type\":\"ListItem\",\"position\":3,\"name\":\"PALNIK GAZOWY LAMPA LUTNICZA PIEZO\"}]},{\"@type\":\"WebSite\",\"@id\":\"https:\/\/bobimarket.pl\/#website\",\"url\":\"https:\/\/bobimarket.pl\/\",\"name\":\"BOBIMARKET.pl - Remontuj i urz\u0105dzaj z nami\",\"description\":\"Remontuj i urz\u0105dzaj z nami\",\"publisher\":{\"@id\":\"https:\/\/bobimarket.pl\/#organization\"},\"potentialAction\":[{\"@type\":\"SearchAction\",\"target\":{\"@type\":\"EntryPoint\",\"urlTemplate\":\"https:\/\/bobimarket.pl\/?s={search_term_string}\"},\"query-input\":\"required name=search_term_string\"}],\"inLanguage\":\"pl-PL\"},{\"@type\":\"Organization\",\"@id\":\"https:\/\/bobimarket.pl\/#organization\",\"name\":\"BOBIMARKET.pl\",\"url\":\"https:\/\/bobimarket.pl\/\",\"logo\":{\"@type\":\"ImageObject\",\"inLanguage\":\"pl-PL\",\"@id\":\"https:\/\/bobimarket.pl\/#\/schema\/logo\/image\/\",\"url\":\"https:\/\/bobimarket.pl\/wp-content\/uploads\/2021\/11\/slogan.png\",\"contentUrl\":\"https:\/\/bobimarket.pl\/wp-content\/uploads\/2021\/11\/slogan.png\",\"width\":2000,\"height\":384,\"caption\":\"BOBIMARKET.pl\"},\"image\":{\"@id\":\"https:\/\/bobimarket.pl\/#\/schema\/logo\/image\/\"}}]}<\/script>\n<!-- \/ Yoast SEO plugin. -->","yoast_head_json":{"title":"PALNIK GAZOWY LAMPA LUTNICZA PIEZO - BOBIMARKET.pl - Remontuj i urz\u0105dzaj z nami","robots":{"index":"index","follow":"follow","max-snippet":"max-snippet:-1","max-image-preview":"max-image-preview:large","max-video-preview":"max-video-preview:-1"},"canonical":"https:\/\/bobimarket.pl\/index.php\/produkt\/palnik-gazowy-lampa-lutnicza-piezo\/","og_locale":"pl_PL","og_type":"article","og_title":"PALNIK GAZOWY LAMPA LUTNICZA PIEZO - BOBIMARKET.pl - Remontuj i urz\u0105dzaj z nami","og_description":"PALNIK GAZOWY LAMPA LUTNICZA PIEZO Dane techniczne: D\u0142ugo\u015b\u0107 : 170 mm \u015arednica wylotu p\u0142omienia: 19 mm Moc palnika: 1,3 kW Zu\u017cycie gazu: 94,6 g\/h Max. temperatura p\u0142omienia: 1300\u00b0C Materia\u0142: dysza ze stali nierdzewnej, plastikowy korpus Praktyczny planik gazowy z piezo. Korpus palnika wykonany z wytrzyma\u0142ego tworzywa sztucznego, a dysza ze stali nierdzewnej. Narz\u0119dzie pozwoli sprawne     Czytaj wi\u0119cej \"PALNIK GAZOWY LAMPA LUTNICZA PIEZO\"","og_url":"https:\/\/bobimarket.pl\/index.php\/produkt\/palnik-gazowy-lampa-lutnicza-piezo\/","og_site_name":"BOBIMARKET.pl - Remontuj i urz\u0105dzaj z nami","article_modified_time":"2026-02-18T14:22:07+00:00","og_image":[{"url":"https:\/\/upload.cdn.baselinker.com\/products\/14476\/2353ee561ab74558b4eea150b7744a3e.jpg"}],"twitter_card":"summary_large_image","twitter_misc":{"Szacowany czas czytania":"1 minuta"},"schema":{"@context":"https:\/\/schema.org","@graph":[{"@type":"WebPage","@id":"https:\/\/bobimarket.pl\/index.php\/produkt\/palnik-gazowy-lampa-lutnicza-piezo\/","url":"https:\/\/bobimarket.pl\/index.php\/produkt\/palnik-gazowy-lampa-lutnicza-piezo\/","name":"PALNIK GAZOWY LAMPA LUTNICZA PIEZO - BOBIMARKET.pl - Remontuj i urz\u0105dzaj z nami","isPartOf":{"@id":"https:\/\/bobimarket.pl\/#website"},"datePublished":"2023-08-29T14:43:30+00:00","dateModified":"2026-02-18T14:22:07+00:00","breadcrumb":{"@id":"https:\/\/bobimarket.pl\/index.php\/produkt\/palnik-gazowy-lampa-lutnicza-piezo\/#breadcrumb"},"inLanguage":"pl-PL","potentialAction":[{"@type":"ReadAction","target":["https:\/\/bobimarket.pl\/index.php\/produkt\/palnik-gazowy-lampa-lutnicza-piezo\/"]}]},{"@type":"BreadcrumbList","@id":"https:\/\/bobimarket.pl\/index.php\/produkt\/palnik-gazowy-lampa-lutnicza-piezo\/#breadcrumb","itemListElement":[{"@type":"ListItem","position":1,"name":"Strona g\u0142\u00f3wna","item":"https:\/\/bobimarket.pl\/"},{"@type":"ListItem","position":2,"name":"Sklep","item":"https:\/\/bobimarket.pl\/index.php\/shop\/"},{"@type":"ListItem","position":3,"name":"PALNIK GAZOWY LAMPA LUTNICZA PIEZO"}]},{"@type":"WebSite","@id":"https:\/\/bobimarket.pl\/#website","url":"https:\/\/bobimarket.pl\/","name":"BOBIMARKET.pl - Remontuj i urz\u0105dzaj z nami","description":"Remontuj i urz\u0105dzaj z nami","publisher":{"@id":"https:\/\/bobimarket.pl\/#organization"},"potentialAction":[{"@type":"SearchAction","target":{"@type":"EntryPoint","urlTemplate":"https:\/\/bobimarket.pl\/?s={search_term_string}"},"query-input":"required name=search_term_string"}],"inLanguage":"pl-PL"},{"@type":"Organization","@id":"https:\/\/bobimarket.pl\/#organization","name":"BOBIMARKET.pl","url":"https:\/\/bobimarket.pl\/","logo":{"@type":"ImageObject","inLanguage":"pl-PL","@id":"https:\/\/bobimarket.pl\/#\/schema\/logo\/image\/","url":"https:\/\/bobimarket.pl\/wp-content\/uploads\/2021\/11\/slogan.png","contentUrl":"https:\/\/bobimarket.pl\/wp-content\/uploads\/2021\/11\/slogan.png","width":2000,"height":384,"caption":"BOBIMARKET.pl"},"image":{"@id":"https:\/\/bobimarket.pl\/#\/schema\/logo\/image\/"}}]}},"_links":{"self":[{"href":"https:\/\/bobimarket.pl\/index.php\/wp-json\/wp\/v2\/product\/79615"}],"collection":[{"href":"https:\/\/bobimarket.pl\/index.php\/wp-json\/wp\/v2\/product"}],"about":[{"href":"https:\/\/bobimarket.pl\/index.php\/wp-json\/wp\/v2\/types\/product"}],"wp:featuredmedia":[{"embeddable":true,"href":"https:\/\/bobimarket.pl\/index.php\/wp-json\/wp\/v2\/media\/79609"}],"wp:attachment":[{"href":"https:\/\/bobimarket.pl\/index.php\/wp-json\/wp\/v2\/media?parent=79615"}],"wp:term":[{"taxonomy":"product_cat","embeddable":true,"href":"https:\/\/bobimarket.pl\/index.php\/wp-json\/wp\/v2\/product_cat?post=79615"},{"taxonomy":"product_tag","embeddable":true,"href":"https:\/\/bobimarket.pl\/index.php\/wp-json\/wp\/v2\/product_tag?post=79615"}],"curies":[{"name":"wp","href":"https:\/\/api.w.org\/{rel}","templated":true}]}}