{"id":79635,"date":"2023-08-29T14:45:41","date_gmt":"2023-08-29T14:45:41","guid":{"rendered":"https:\/\/bobimarket.pl\/index.php\/produkt\/kosz-na-pranie-skladany-duzy-miska-skladana-38l\/"},"modified":"2023-08-29T14:45:41","modified_gmt":"2023-08-29T14:45:41","slug":"kosz-na-pranie-skladany-duzy-miska-skladana-38l","status":"publish","type":"product","link":"https:\/\/bobimarket.pl\/index.php\/produkt\/kosz-na-pranie-skladany-duzy-miska-skladana-38l\/","title":{"rendered":"KOSZ NA PRANIE SK\u0141ADANY DUZY MISKA SK\u0141ADANA 38L"},"content":{"rendered":"<section class=\"section\">\n<div class=\"item item-12\">\n<section class=\"text-item\">\n<h2>KOSZ SK\u0141ADANY NA PRANIE MISKA DU\u017bY 38L<\/h2>\n<p><b>Dane techniczne:<\/b><\/p>\n<ul>\n<li>Pojemno\u015b\u0107:\u00a0<b>38 l<\/b><\/li>\n<li>Szeroko\u015b\u0107 robocza:\u00a0<b>44 cm<\/b><\/li>\n<li>D\u0142ugo\u015b\u0107 ca\u0142kowita:\u00a0<b>63 cm<\/b><\/li>\n<li>Wysoko\u015b\u0107: <b>27cm<\/b><\/li>\n<li>Wysoko\u015b\u0107 po z\u0142o\u017ceniu:<b>9cm\u00a0<\/b><\/li>\n<li>Materia\u0142:\u00a0<b>sylikon, tworzywo sztuczne<\/b><\/li>\n<\/ul>\n<h2>UWAGA!<\/h2>\n<p>Dost\u0119pne kolor sk\u0142adanego kosza:<\/p>\n<ul>\n<li>szary<\/li>\n<\/ul>\n<p>Po dokonaniu zakupu prosimy o informacj\u0119 dotycz\u0105c\u0105 wybranego koloru. W przeciwnym wypadku kolor zostanie wybrany losowo.<\/p>\n<\/section><\/div>\n<\/section>\n<section class=\"section\">\n<div class=\"item item-12\">\n<section class=\"image-item\">\n            <img decoding=\"async\" src=\"https:\/\/upload.cdn.baselinker.com\/products\/14476\/1021314048_2.jpg\" \/><br \/>\n        <\/section>\n<\/p><\/div>\n<\/section>\n<section class=\"section\">\n<div class=\"item item-12\">\n<section class=\"text-item\">\n<h2>Proste rozwi\u0105zanie do Twojego domu! Sk\u0142adany kosz, kt\u00f3ry pokochasz za jego funkcjonalno\u015b\u0107!<\/h2>\n<p>Je\u017celi lubisz porz\u0105dek i u\u017cyteczne akcesoria\u00a0 domowe to sk\u0142adany kosz b\u0119dzie dla Ciebie idealny. Stanowi \u015bwietn\u0105 alternatyw\u0119 dla typowych i standardowych koszy i misek! jest solidnie wykonany, a jego\u00a0 minimalistyczny design i stonowana kolorystyka sprawi\u0105, \u017ce z \u0142atwo\u015bci wkomponuje si\u0119 w ka\u017cde wn\u0119trze!<\/p>\n<ul>\n<li>Mo\u017cesz przechowywa\u0107 go w dotychczas niewykorzystanej przestrzeni, a <b>brak miejsca w domy nie b\u0119dzie ju\u017c stanowi\u0142 problemu!<\/b><\/li>\n<li>Jego wielko\u015b\u0107 mo\u017cesz dopasowa\u0107 do swoich aktualnych potrzeb. Kosz jest wielofunkcyjny.<\/li>\n<\/ul>\n<\/section><\/div>\n<\/section>\n<section class=\"section\">\n<div class=\"item item-12\">\n<section class=\"image-item\">\n            <img decoding=\"async\" src=\"https:\/\/upload.cdn.baselinker.com\/products\/14476\/782a81d8cc9e0b8532dea91869d72f0e.jpg\" \/><br \/>\n        <\/section>\n<\/p><\/div>\n<\/section>\n<section class=\"section\">\n<div class=\"item item-12\">\n<section class=\"text-item\">\n<h1>Genialny spos\u00f3b, aby zaoszcz\u0119dzi\u0107 miejsce w domu!<\/h1>\n<p>Kosz umo\u017cliwia \u0142atwe zorganizowanie przestrzeni domowej i pozwala w pe\u0142ni j\u0105 wykorzysta\u0107! Je\u017celi jest potrzebny, jego du\u017ca pojemno\u015bci pozwala na przechowywanie wi\u0119kszej ilo\u015bci rzeczy. Gdy za\u015b z niego nie korzystasz, nie musisz martwi\u0107 si\u0119, \u017ce zajmuje niepotrzebnie miejsce, kt\u00f3re mog\u0142o zosta\u0107 wykorzystane w inny spos\u00f3b.<\/p>\n<\/section><\/div>\n<\/section>\n<section class=\"section\">\n<div class=\"item item-12\">\n<section class=\"text-item\">\n<p>\u2705 Niew\u0105tpliw\u0105 zalet\u0105 kosza jest jego pojemno\u015b\u0107, <b>a\u017c 38L.\u00a0<\/b>Kosz mo\u017cna jednak z \u0142atwo\u015bci\u0105 dopasowa\u0107 do swoich potrzeb i w razie potrzeby nie wysywac ca\u0142o\u015bci \u015bcianek.\u00a0<\/p>\n<p>\u2705Kosz mo\u017cesz w \u0142atwy i szybki spos\u00f3b z\u0142o\u017cy\u0107. Po z\u0142o\u017ceniu jego wysoko\u015b\u0107 wynosie <b>jedynie 9 cm<\/b>. Bez problemu zmie\u015bcisz go pod \u0142\u00f3\u017ckiem, <b>schowasz w w\u0105skiej szczelinie obok pralki\/toalety <\/b>lub w innym\u00a0 dowolnie wybranym przez Ciebie miejscu!<\/p>\n<p>\u2705 Specjalna konstrukcja kosza umo\u017cliwia jego <b>proste z\u0142o\u017cenie i roz\u0142o\u017cenie<\/b>. Proces ten zajmuje tylko kilka sekund i nie wymaga u\u017cycia du\u017cych nak\u0142ad\u00f3w si\u0142y!<\/p>\n<\/section><\/div>\n<\/section>\n<section class=\"section\">\n<div class=\"item item-12\">\n<section class=\"image-item\">\n            <img decoding=\"async\" src=\"https:\/\/upload.cdn.baselinker.com\/products\/14476\/1021314048_11.jpg\" \/><br \/>\n        <\/section>\n<\/p><\/div>\n<\/section>\n<section class=\"section\">\n<div class=\"item item-12\">\n<section class=\"text-item\">\n<h1>Kompaktowe wymiary i solidne wykonanie<\/h1>\n<p>U\u017cyte do produkcji kosza materia\u0142y s\u0105 wytrzyma\u0142e, co b\u0119dzie owocowa\u0142o d\u0142ugim okresem u\u017cytkowania. Specjalna konstrukcja sprawia, \u017ce korzystanie z kosza jest \u0142atwe i przyjemne.\u00a0<\/p>\n<\/section><\/div>\n<\/section>\n<section class=\"section\">\n<div class=\"item item-12\">\n<section class=\"text-item\">\n<p>\u2705 Kosz wykonany z <b>grubego silikonu<\/b> oraz <b>odpornego na uszkodzenia mechaniczne i p\u0119kni\u0119cia tworzywa<\/b> sztucznego.<\/p>\n<p>\u2705Mis\u0119 mo\u017cesz roz\u0142o\u017cy\u0107 poprzez dynamicznie wypchn\u0105\u0107 jej dno, natomiast najpro\u015bciej z\u0142o\u017cysz j\u0105 przez po\u0142o\u017cenie na p\u0142askiej powierzchni i wci\u015bni\u0119cie jej \u015bcianki, jest wi\u0119c <b>wygodna w u\u017cytkowaniu.<\/b><\/p>\n<p>\u2705 Produkty zosta\u0142 wyposa\u017cony w wyprofilowany,<b> antypo\u015blizgowy uchwyt<\/b>, kt\u00f3ryu\u0142atwia przenoszenia kosza w dowolne miejsce.<\/p>\n<\/section><\/div>\n<\/section>\n<section class=\"section\">\n<div class=\"item item-12\">\n<section class=\"image-item\">\n            <img decoding=\"async\" src=\"https:\/\/upload.cdn.baselinker.com\/products\/14476\/1021314048_1.jpg\" \/><br \/>\n        <\/section>\n<\/p><\/div>\n<\/section>\n<section class=\"section\">\n<div class=\"item item-12\">\n<section class=\"text-item\">\n<h1>Kosz wielofunkcyjny, do zada\u0144 specjalnych!<\/h1>\n<p>Produkt mo\u017cesz wykorzysta\u0107 na wiele sposob\u00f3w! Nie musisz si\u0119 martwi\u0107, \u017ce b\u0119dzie spe\u0142nia\u0142a jedynie jedn\u0105 funkcj\u0119. Kosz nada si\u0119 nie tylko jako niezb\u0119dny element wyposa\u017cania Twojego domu. Mo\u017cesz go wykorzysta\u0107 w ogrodzie, na kempingach czy polach namiotowych.<\/p>\n<\/section><\/div>\n<\/section>\n<section class=\"section\">\n<div class=\"item item-12\">\n<section class=\"text-item\">\n<p>\u2705 Sk\u0142adany kosz <b>pomo\u017ce Ci w wykonywaniu domowych obowi\u0105zk\u00f3w.<\/b> Sprawdzi si\u0119 jako kosz na prania. Przyda si\u0119 do przenoszenia i przechowywania\u00a0 przedmiot\u00f3w.\u00a0<\/p>\n<p>\u2705 Kosz jest szczelny, wytrzyma\u0142y i nie posiada \u017cadnych a\u017curowych zdobie\u0144. Mo\u017ce zosta\u0107 wype\u0142niony wod\u0105 i wykorzystany<b> jako miska czy nawet wanienka<\/b> dla ma\u0142ego dziecka.<\/p>\n<p>\u2705 Misa mo\u017ce si\u0119 r\u00f3wnie\u017c okaza\u0107 niezwykle <b>przydatna podczas wyjazd\u00f3w pod namiot lub wycieczek<\/b> kamperami.<\/p>\n<h2>Nie czekaj i ju\u017c dzisiaj zam\u00f3w sw\u00f3j wielofunkcyjny sk\u0142adany kosz!<\/h2>\n<\/section><\/div>\n<\/section>\n<section class=\"section\">\n<div class=\"item item-12\">\n<section class=\"image-item\">\n            <img decoding=\"async\" src=\"https:\/\/upload.cdn.baselinker.com\/products\/14476\/1021314048.jpg\" \/><br \/>\n        <\/section>\n<\/p><\/div>\n<\/section>\n<section class=\"section\">\n<div class=\"item item-6\">\n<section class=\"image-item\">\n            <img decoding=\"async\" src=\"https:\/\/upload.cdn.baselinker.com\/products\/14476\/1021314048_10.jpg\" \/><br \/>\n        <\/section>\n<\/p><\/div>\n<div class=\"item item-6\">\n<section class=\"image-item\">\n            <img decoding=\"async\" src=\"https:\/\/upload.cdn.baselinker.com\/products\/14476\/1021314048_11.jpg\" \/><br \/>\n        <\/section>\n<\/p><\/div>\n<\/section>\n<section class=\"section\">\n<div class=\"item item-6\">\n<section class=\"image-item\">\n            <img decoding=\"async\" src=\"https:\/\/upload.cdn.baselinker.com\/products\/14476\/1021314048_13.jpg\" \/><br \/>\n        <\/section>\n<\/p><\/div>\n<div class=\"item item-6\">\n<section class=\"image-item\">\n            <img decoding=\"async\" src=\"https:\/\/upload.cdn.baselinker.com\/products\/14476\/1021314048_12.jpg\" \/><br \/>\n        <\/section>\n<\/p><\/div>\n<\/section>\n","protected":false},"excerpt":{"rendered":"<p>KOSZ SK\u0141ADANY NA PRANIE MISKA DU\u017bY 38L Dane techniczne: Pojemno\u015b\u0107:\u00a038 l Szeroko\u015b\u0107 robocza:\u00a044 cm D\u0142ugo\u015b\u0107 ca\u0142kowita:\u00a063 cm Wysoko\u015b\u0107: 27cm Wysoko\u015b\u0107 po z\u0142o\u017ceniu:9cm\u00a0 Materia\u0142:\u00a0sylikon, tworzywo sztuczne UWAGA! Dost\u0119pne kolor sk\u0142adanego kosza: szary Po dokonaniu zakupu prosimy o informacj\u0119 dotycz\u0105c\u0105 wybranego koloru. W przeciwnym wypadku kolor zostanie wybrany losowo. Proste rozwi\u0105zanie do Twojego domu! Sk\u0142adany kosz, kt\u00f3ry<br \/><a class=\"more-link\" href=\"https:\/\/bobimarket.pl\/index.php\/produkt\/kosz-na-pranie-skladany-duzy-miska-skladana-38l\/\"><br \/>\n        Czytaj wi\u0119cej<span class=\"screen-reader-text\"> &#8222;KOSZ NA PRANIE SK\u0141ADANY DUZY MISKA SK\u0141ADANA 38L&#8221;<\/span><\/a><\/p>\n","protected":false},"featured_media":79620,"template":"","meta":[],"product_cat":[8066],"product_tag":[],"yoast_head":"<!-- This site is optimized with the Yoast SEO plugin v21.0 - https:\/\/yoast.com\/wordpress\/plugins\/seo\/ -->\n<title>KOSZ NA PRANIE SK\u0141ADANY DUZY MISKA SK\u0141ADANA 38L - BOBIMARKET.pl - Remontuj i urz\u0105dzaj z nami<\/title>\n<meta name=\"robots\" content=\"index, follow, max-snippet:-1, max-image-preview:large, max-video-preview:-1\" \/>\n<link rel=\"canonical\" href=\"https:\/\/bobimarket.pl\/index.php\/produkt\/kosz-na-pranie-skladany-duzy-miska-skladana-38l\/\" \/>\n<meta property=\"og:locale\" content=\"pl_PL\" \/>\n<meta property=\"og:type\" content=\"article\" \/>\n<meta property=\"og:title\" content=\"KOSZ NA PRANIE SK\u0141ADANY DUZY MISKA SK\u0141ADANA 38L - BOBIMARKET.pl - Remontuj i urz\u0105dzaj z nami\" \/>\n<meta property=\"og:description\" content=\"KOSZ SK\u0141ADANY NA PRANIE MISKA DU\u017bY 38L Dane techniczne: Pojemno\u015b\u0107:\u00a038 l Szeroko\u015b\u0107 robocza:\u00a044 cm D\u0142ugo\u015b\u0107 ca\u0142kowita:\u00a063 cm Wysoko\u015b\u0107: 27cm Wysoko\u015b\u0107 po z\u0142o\u017ceniu:9cm\u00a0 Materia\u0142:\u00a0sylikon, tworzywo sztuczne UWAGA! Dost\u0119pne kolor sk\u0142adanego kosza: szary Po dokonaniu zakupu prosimy o informacj\u0119 dotycz\u0105c\u0105 wybranego koloru. W przeciwnym wypadku kolor zostanie wybrany losowo. Proste rozwi\u0105zanie do Twojego domu! Sk\u0142adany kosz, kt\u00f3ry     Czytaj wi\u0119cej &quot;KOSZ NA PRANIE SK\u0141ADANY DUZY MISKA SK\u0141ADANA 38L&quot;\" \/>\n<meta property=\"og:url\" content=\"https:\/\/bobimarket.pl\/index.php\/produkt\/kosz-na-pranie-skladany-duzy-miska-skladana-38l\/\" \/>\n<meta property=\"og:site_name\" content=\"BOBIMARKET.pl - Remontuj i urz\u0105dzaj z nami\" \/>\n<meta property=\"og:image\" content=\"https:\/\/upload.cdn.baselinker.com\/products\/14476\/1021314048_2.jpg\" \/>\n<meta name=\"twitter:card\" content=\"summary_large_image\" \/>\n<meta name=\"twitter:label1\" content=\"Szacowany czas czytania\" \/>\n\t<meta name=\"twitter:data1\" content=\"3 minuty\" \/>\n<script type=\"application\/ld+json\" class=\"yoast-schema-graph\">{\"@context\":\"https:\/\/schema.org\",\"@graph\":[{\"@type\":\"WebPage\",\"@id\":\"https:\/\/bobimarket.pl\/index.php\/produkt\/kosz-na-pranie-skladany-duzy-miska-skladana-38l\/\",\"url\":\"https:\/\/bobimarket.pl\/index.php\/produkt\/kosz-na-pranie-skladany-duzy-miska-skladana-38l\/\",\"name\":\"KOSZ NA PRANIE SK\u0141ADANY DUZY MISKA SK\u0141ADANA 38L - BOBIMARKET.pl - Remontuj i urz\u0105dzaj z nami\",\"isPartOf\":{\"@id\":\"https:\/\/bobimarket.pl\/#website\"},\"datePublished\":\"2023-08-29T14:45:41+00:00\",\"dateModified\":\"2023-08-29T14:45:41+00:00\",\"breadcrumb\":{\"@id\":\"https:\/\/bobimarket.pl\/index.php\/produkt\/kosz-na-pranie-skladany-duzy-miska-skladana-38l\/#breadcrumb\"},\"inLanguage\":\"pl-PL\",\"potentialAction\":[{\"@type\":\"ReadAction\",\"target\":[\"https:\/\/bobimarket.pl\/index.php\/produkt\/kosz-na-pranie-skladany-duzy-miska-skladana-38l\/\"]}]},{\"@type\":\"BreadcrumbList\",\"@id\":\"https:\/\/bobimarket.pl\/index.php\/produkt\/kosz-na-pranie-skladany-duzy-miska-skladana-38l\/#breadcrumb\",\"itemListElement\":[{\"@type\":\"ListItem\",\"position\":1,\"name\":\"Strona g\u0142\u00f3wna\",\"item\":\"https:\/\/bobimarket.pl\/\"},{\"@type\":\"ListItem\",\"position\":2,\"name\":\"Sklep\",\"item\":\"https:\/\/bobimarket.pl\/index.php\/shop\/\"},{\"@type\":\"ListItem\",\"position\":3,\"name\":\"KOSZ NA PRANIE SK\u0141ADANY DUZY MISKA SK\u0141ADANA 38L\"}]},{\"@type\":\"WebSite\",\"@id\":\"https:\/\/bobimarket.pl\/#website\",\"url\":\"https:\/\/bobimarket.pl\/\",\"name\":\"BOBIMARKET.pl - Remontuj i urz\u0105dzaj z nami\",\"description\":\"Remontuj i urz\u0105dzaj z nami\",\"publisher\":{\"@id\":\"https:\/\/bobimarket.pl\/#organization\"},\"potentialAction\":[{\"@type\":\"SearchAction\",\"target\":{\"@type\":\"EntryPoint\",\"urlTemplate\":\"https:\/\/bobimarket.pl\/?s={search_term_string}\"},\"query-input\":\"required name=search_term_string\"}],\"inLanguage\":\"pl-PL\"},{\"@type\":\"Organization\",\"@id\":\"https:\/\/bobimarket.pl\/#organization\",\"name\":\"BOBIMARKET.pl\",\"url\":\"https:\/\/bobimarket.pl\/\",\"logo\":{\"@type\":\"ImageObject\",\"inLanguage\":\"pl-PL\",\"@id\":\"https:\/\/bobimarket.pl\/#\/schema\/logo\/image\/\",\"url\":\"https:\/\/bobimarket.pl\/wp-content\/uploads\/2021\/11\/slogan.png\",\"contentUrl\":\"https:\/\/bobimarket.pl\/wp-content\/uploads\/2021\/11\/slogan.png\",\"width\":2000,\"height\":384,\"caption\":\"BOBIMARKET.pl\"},\"image\":{\"@id\":\"https:\/\/bobimarket.pl\/#\/schema\/logo\/image\/\"}}]}<\/script>\n<!-- \/ Yoast SEO plugin. -->","yoast_head_json":{"title":"KOSZ NA PRANIE SK\u0141ADANY DUZY MISKA SK\u0141ADANA 38L - BOBIMARKET.pl - Remontuj i urz\u0105dzaj z nami","robots":{"index":"index","follow":"follow","max-snippet":"max-snippet:-1","max-image-preview":"max-image-preview:large","max-video-preview":"max-video-preview:-1"},"canonical":"https:\/\/bobimarket.pl\/index.php\/produkt\/kosz-na-pranie-skladany-duzy-miska-skladana-38l\/","og_locale":"pl_PL","og_type":"article","og_title":"KOSZ NA PRANIE SK\u0141ADANY DUZY MISKA SK\u0141ADANA 38L - BOBIMARKET.pl - Remontuj i urz\u0105dzaj z nami","og_description":"KOSZ SK\u0141ADANY NA PRANIE MISKA DU\u017bY 38L Dane techniczne: Pojemno\u015b\u0107:\u00a038 l Szeroko\u015b\u0107 robocza:\u00a044 cm D\u0142ugo\u015b\u0107 ca\u0142kowita:\u00a063 cm Wysoko\u015b\u0107: 27cm Wysoko\u015b\u0107 po z\u0142o\u017ceniu:9cm\u00a0 Materia\u0142:\u00a0sylikon, tworzywo sztuczne UWAGA! Dost\u0119pne kolor sk\u0142adanego kosza: szary Po dokonaniu zakupu prosimy o informacj\u0119 dotycz\u0105c\u0105 wybranego koloru. W przeciwnym wypadku kolor zostanie wybrany losowo. Proste rozwi\u0105zanie do Twojego domu! Sk\u0142adany kosz, kt\u00f3ry     Czytaj wi\u0119cej \"KOSZ NA PRANIE SK\u0141ADANY DUZY MISKA SK\u0141ADANA 38L\"","og_url":"https:\/\/bobimarket.pl\/index.php\/produkt\/kosz-na-pranie-skladany-duzy-miska-skladana-38l\/","og_site_name":"BOBIMARKET.pl - Remontuj i urz\u0105dzaj z nami","og_image":[{"url":"https:\/\/upload.cdn.baselinker.com\/products\/14476\/1021314048_2.jpg"}],"twitter_card":"summary_large_image","twitter_misc":{"Szacowany czas czytania":"3 minuty"},"schema":{"@context":"https:\/\/schema.org","@graph":[{"@type":"WebPage","@id":"https:\/\/bobimarket.pl\/index.php\/produkt\/kosz-na-pranie-skladany-duzy-miska-skladana-38l\/","url":"https:\/\/bobimarket.pl\/index.php\/produkt\/kosz-na-pranie-skladany-duzy-miska-skladana-38l\/","name":"KOSZ NA PRANIE SK\u0141ADANY DUZY MISKA SK\u0141ADANA 38L - BOBIMARKET.pl - Remontuj i urz\u0105dzaj z nami","isPartOf":{"@id":"https:\/\/bobimarket.pl\/#website"},"datePublished":"2023-08-29T14:45:41+00:00","dateModified":"2023-08-29T14:45:41+00:00","breadcrumb":{"@id":"https:\/\/bobimarket.pl\/index.php\/produkt\/kosz-na-pranie-skladany-duzy-miska-skladana-38l\/#breadcrumb"},"inLanguage":"pl-PL","potentialAction":[{"@type":"ReadAction","target":["https:\/\/bobimarket.pl\/index.php\/produkt\/kosz-na-pranie-skladany-duzy-miska-skladana-38l\/"]}]},{"@type":"BreadcrumbList","@id":"https:\/\/bobimarket.pl\/index.php\/produkt\/kosz-na-pranie-skladany-duzy-miska-skladana-38l\/#breadcrumb","itemListElement":[{"@type":"ListItem","position":1,"name":"Strona g\u0142\u00f3wna","item":"https:\/\/bobimarket.pl\/"},{"@type":"ListItem","position":2,"name":"Sklep","item":"https:\/\/bobimarket.pl\/index.php\/shop\/"},{"@type":"ListItem","position":3,"name":"KOSZ NA PRANIE SK\u0141ADANY DUZY MISKA SK\u0141ADANA 38L"}]},{"@type":"WebSite","@id":"https:\/\/bobimarket.pl\/#website","url":"https:\/\/bobimarket.pl\/","name":"BOBIMARKET.pl - Remontuj i urz\u0105dzaj z nami","description":"Remontuj i urz\u0105dzaj z nami","publisher":{"@id":"https:\/\/bobimarket.pl\/#organization"},"potentialAction":[{"@type":"SearchAction","target":{"@type":"EntryPoint","urlTemplate":"https:\/\/bobimarket.pl\/?s={search_term_string}"},"query-input":"required name=search_term_string"}],"inLanguage":"pl-PL"},{"@type":"Organization","@id":"https:\/\/bobimarket.pl\/#organization","name":"BOBIMARKET.pl","url":"https:\/\/bobimarket.pl\/","logo":{"@type":"ImageObject","inLanguage":"pl-PL","@id":"https:\/\/bobimarket.pl\/#\/schema\/logo\/image\/","url":"https:\/\/bobimarket.pl\/wp-content\/uploads\/2021\/11\/slogan.png","contentUrl":"https:\/\/bobimarket.pl\/wp-content\/uploads\/2021\/11\/slogan.png","width":2000,"height":384,"caption":"BOBIMARKET.pl"},"image":{"@id":"https:\/\/bobimarket.pl\/#\/schema\/logo\/image\/"}}]}},"_links":{"self":[{"href":"https:\/\/bobimarket.pl\/index.php\/wp-json\/wp\/v2\/product\/79635"}],"collection":[{"href":"https:\/\/bobimarket.pl\/index.php\/wp-json\/wp\/v2\/product"}],"about":[{"href":"https:\/\/bobimarket.pl\/index.php\/wp-json\/wp\/v2\/types\/product"}],"wp:featuredmedia":[{"embeddable":true,"href":"https:\/\/bobimarket.pl\/index.php\/wp-json\/wp\/v2\/media\/79620"}],"wp:attachment":[{"href":"https:\/\/bobimarket.pl\/index.php\/wp-json\/wp\/v2\/media?parent=79635"}],"wp:term":[{"taxonomy":"product_cat","embeddable":true,"href":"https:\/\/bobimarket.pl\/index.php\/wp-json\/wp\/v2\/product_cat?post=79635"},{"taxonomy":"product_tag","embeddable":true,"href":"https:\/\/bobimarket.pl\/index.php\/wp-json\/wp\/v2\/product_tag?post=79635"}],"curies":[{"name":"wp","href":"https:\/\/api.w.org\/{rel}","templated":true}]}}