{"id":79640,"date":"2023-08-29T14:46:28","date_gmt":"2023-08-29T14:46:28","guid":{"rendered":"https:\/\/bobimarket.pl\/index.php\/produkt\/termometr-zewnetrzny-zaokienny-kot-przyssawki\/"},"modified":"2025-02-27T13:23:48","modified_gmt":"2025-02-27T13:23:48","slug":"termometr-zewnetrzny-zaokienny-kot-przyssawki","status":"publish","type":"product","link":"https:\/\/bobimarket.pl\/index.php\/produkt\/termometr-zewnetrzny-zaokienny-kot-przyssawki\/","title":{"rendered":"TERMOMETR ZEWN\u0118TRZNY ZAOKIENNY KOT PRZYSSAWKI"},"content":{"rendered":"<section class=\"section\">\n<div class=\"item item-12\">\n<section class=\"text-item\">\n<h2>TERMOMETR ZEWN\u0118TRZNY ZAOKIENNY KOT PRZYSSAWKI<\/h2>\n<p><b>Dane techniczne: <\/b><\/p>\n<ul>\n<li>D\u0142ugo\u015b\u0107: <b>16,5 cm<\/b><\/li>\n<li>Szeroko\u015b\u0107: <b>10 cm<\/b><\/li>\n<li>Materia\u0142:<b> tworzywo<\/b><\/li>\n<li>Wz\u00f3r: <b>kotek<\/b><\/li>\n<li>Zakres temperatur:<b> od -20 \u00b0C do +50 \u00b0C<\/b><\/li>\n<\/ul>\n<\/section>\n<\/div>\n<\/section>\n<section class=\"section\">\n<div class=\"item item-12\">\n<section class=\"image-item\"><img decoding=\"async\" src=\"https:\/\/upload.cdn.baselinker.com\/products\/14476\/cb79f367d658192cd39a53b8056affcd.png\" \/><\/section>\n<\/div>\n<\/section>\n<section class=\"section\">\n<div class=\"item item-12\">\n<section class=\"text-item\">\n<h2><b>Uroczy termometr zewn\u0119trzny w kszta\u0142cie kotka!<\/b><\/h2>\n<p>Kotkowy termometr zewn\u0119trzny do przyczepienia na oknie. Uroczy kotek b\u0119dzie pe\u0142ni\u0142 nie tylko funkcj\u0119 praktyczn\u0105, ale r\u00f3wnie\u017c ucieszy ok i spos\u00f3b si\u0119 ka\u017cdemu maluchowi i wielbicielowi kot\u00f3w.<\/p>\n<ul>\n<li>Wykonany z wytrzyma\u0142ego tworzywa.<\/li>\n<li>Zakres temperatur wynosi <b>-20\u00b0C do +50 \u00b0C<\/b><\/li>\n<\/ul>\n<\/section>\n<\/div>\n<\/section>\n<section class=\"section\">\n<div class=\"item item-12\">\n<section class=\"image-item\"><img decoding=\"async\" src=\"https:\/\/upload.cdn.baselinker.com\/products\/14476\/e865600f34ec62c4eb3c5e8d23af33e4.jpg\" \/><\/section>\n<\/div>\n<\/section>\n<section class=\"section\">\n<div class=\"item item-12\">\n<section class=\"text-item\">\u2705\u00a0 Termometr zosta\u0142 <b>wyposa\u017cony w przyssawki,<\/b> dzi\u0119ki kt\u00f3rym mo\u017ce by\u0107 przymocowany do szyby. Przyssawki sprawiaj\u0105, \u017ce termometr stabilnie trzyma si\u0119 szyby. Dodatkowo w ka\u017cdym momencie mo\u017ce by\u0107 prze\u0142o\u017cony w inne miejsce.<\/p>\n<p>\u2705 Termometr jest <b>dwustronny.<\/b> \u0141adnie prezentuje si\u0119 zar\u00f3wno od zewn\u0105trz jak i od wewn\u0105trz.<\/p>\n<p>\u2705 Idealnie b\u0119dzie nadawa\u0142 si\u0119 do pokoju dzieci\u0119cego. Z jego pomoc\u0105 mo\u017cesz nauczy\u0107 najm\u0142odszych odczytywania temperatur.<\/p>\n<\/section>\n<\/div>\n<\/section>\n<section class=\"section\">\n<div class=\"item item-12\">\n<section class=\"image-item\"><img decoding=\"async\" src=\"https:\/\/upload.cdn.baselinker.com\/products\/14476\/95a492b19caf25b23b5138e2ddf91540.jpg\" \/><\/section>\n<\/div>\n<\/section>\n<section class=\"section\">\n<div class=\"item item-12\">\n<section class=\"image-item\"><img decoding=\"async\" src=\"https:\/\/upload.cdn.baselinker.com\/products\/14476\/95a492b19caf25b23b5138e2ddf91540.jpg\" \/><\/section>\n<\/div>\n<\/section>\n<section class=\"section\">\n<div class=\"item item-6\">\n<section class=\"image-item\"><img decoding=\"async\" src=\"https:\/\/upload.cdn.baselinker.com\/products\/14476\/c936348457cf2824fea690c423e4631d.jpg\" \/><\/section>\n<\/div>\n<div class=\"item item-6\">\n<section class=\"image-item\"><img decoding=\"async\" src=\"https:\/\/upload.cdn.baselinker.com\/products\/14476\/c936348457cf2824fea690c423e4631d.jpg\" \/><\/section>\n<\/div>\n<\/section>\n","protected":false},"excerpt":{"rendered":"<p>TERMOMETR ZEWN\u0118TRZNY ZAOKIENNY KOT PRZYSSAWKI Dane techniczne: D\u0142ugo\u015b\u0107: 16,5 cm Szeroko\u015b\u0107: 10 cm Materia\u0142: tworzywo Wz\u00f3r: kotek Zakres temperatur: od -20 \u00b0C do +50 \u00b0C Uroczy termometr zewn\u0119trzny w kszta\u0142cie kotka! Kotkowy termometr zewn\u0119trzny do przyczepienia na oknie. Uroczy kotek b\u0119dzie pe\u0142ni\u0142 nie tylko funkcj\u0119 praktyczn\u0105, ale r\u00f3wnie\u017c ucieszy ok i spos\u00f3b si\u0119 ka\u017cdemu maluchowi<br \/><a class=\"more-link\" href=\"https:\/\/bobimarket.pl\/index.php\/produkt\/termometr-zewnetrzny-zaokienny-kot-przyssawki\/\"><br \/>\n        Czytaj wi\u0119cej<span class=\"screen-reader-text\"> &#8222;TERMOMETR ZEWN\u0118TRZNY ZAOKIENNY KOT PRZYSSAWKI&#8221;<\/span><\/a><\/p>\n","protected":false},"featured_media":79636,"template":"","meta":[],"product_cat":[8096],"product_tag":[],"yoast_head":"<!-- This site is optimized with the Yoast SEO plugin v21.0 - https:\/\/yoast.com\/wordpress\/plugins\/seo\/ -->\n<title>TERMOMETR ZEWN\u0118TRZNY ZAOKIENNY KOT PRZYSSAWKI - BOBIMARKET.pl - Remontuj i urz\u0105dzaj z nami<\/title>\n<meta name=\"robots\" content=\"index, follow, max-snippet:-1, max-image-preview:large, max-video-preview:-1\" \/>\n<link rel=\"canonical\" href=\"https:\/\/bobimarket.pl\/index.php\/produkt\/termometr-zewnetrzny-zaokienny-kot-przyssawki\/\" \/>\n<meta property=\"og:locale\" content=\"pl_PL\" \/>\n<meta property=\"og:type\" content=\"article\" \/>\n<meta property=\"og:title\" content=\"TERMOMETR ZEWN\u0118TRZNY ZAOKIENNY KOT PRZYSSAWKI - BOBIMARKET.pl - Remontuj i urz\u0105dzaj z nami\" \/>\n<meta property=\"og:description\" content=\"TERMOMETR ZEWN\u0118TRZNY ZAOKIENNY KOT PRZYSSAWKI Dane techniczne: D\u0142ugo\u015b\u0107: 16,5 cm Szeroko\u015b\u0107: 10 cm Materia\u0142: tworzywo Wz\u00f3r: kotek Zakres temperatur: od -20 \u00b0C do +50 \u00b0C Uroczy termometr zewn\u0119trzny w kszta\u0142cie kotka! Kotkowy termometr zewn\u0119trzny do przyczepienia na oknie. Uroczy kotek b\u0119dzie pe\u0142ni\u0142 nie tylko funkcj\u0119 praktyczn\u0105, ale r\u00f3wnie\u017c ucieszy ok i spos\u00f3b si\u0119 ka\u017cdemu maluchowi     Czytaj wi\u0119cej &quot;TERMOMETR ZEWN\u0118TRZNY ZAOKIENNY KOT PRZYSSAWKI&quot;\" \/>\n<meta property=\"og:url\" content=\"https:\/\/bobimarket.pl\/index.php\/produkt\/termometr-zewnetrzny-zaokienny-kot-przyssawki\/\" \/>\n<meta property=\"og:site_name\" content=\"BOBIMARKET.pl - Remontuj i urz\u0105dzaj z nami\" \/>\n<meta property=\"article:modified_time\" content=\"2025-02-27T13:23:48+00:00\" \/>\n<meta property=\"og:image\" content=\"https:\/\/bobimarket.pl\/wp-content\/uploads\/2023\/08\/cb79f367d658192cd39a53b8056affcd.png\" \/>\n\t<meta property=\"og:image:width\" content=\"1200\" \/>\n\t<meta property=\"og:image:height\" content=\"1200\" \/>\n\t<meta property=\"og:image:type\" content=\"image\/png\" \/>\n<meta name=\"twitter:card\" content=\"summary_large_image\" \/>\n<meta name=\"twitter:label1\" content=\"Szacowany czas czytania\" \/>\n\t<meta name=\"twitter:data1\" content=\"2 minuty\" \/>\n<script type=\"application\/ld+json\" class=\"yoast-schema-graph\">{\"@context\":\"https:\/\/schema.org\",\"@graph\":[{\"@type\":\"WebPage\",\"@id\":\"https:\/\/bobimarket.pl\/index.php\/produkt\/termometr-zewnetrzny-zaokienny-kot-przyssawki\/\",\"url\":\"https:\/\/bobimarket.pl\/index.php\/produkt\/termometr-zewnetrzny-zaokienny-kot-przyssawki\/\",\"name\":\"TERMOMETR ZEWN\u0118TRZNY ZAOKIENNY KOT PRZYSSAWKI - BOBIMARKET.pl - Remontuj i urz\u0105dzaj z nami\",\"isPartOf\":{\"@id\":\"https:\/\/bobimarket.pl\/#website\"},\"datePublished\":\"2023-08-29T14:46:28+00:00\",\"dateModified\":\"2025-02-27T13:23:48+00:00\",\"breadcrumb\":{\"@id\":\"https:\/\/bobimarket.pl\/index.php\/produkt\/termometr-zewnetrzny-zaokienny-kot-przyssawki\/#breadcrumb\"},\"inLanguage\":\"pl-PL\",\"potentialAction\":[{\"@type\":\"ReadAction\",\"target\":[\"https:\/\/bobimarket.pl\/index.php\/produkt\/termometr-zewnetrzny-zaokienny-kot-przyssawki\/\"]}]},{\"@type\":\"BreadcrumbList\",\"@id\":\"https:\/\/bobimarket.pl\/index.php\/produkt\/termometr-zewnetrzny-zaokienny-kot-przyssawki\/#breadcrumb\",\"itemListElement\":[{\"@type\":\"ListItem\",\"position\":1,\"name\":\"Strona g\u0142\u00f3wna\",\"item\":\"https:\/\/bobimarket.pl\/\"},{\"@type\":\"ListItem\",\"position\":2,\"name\":\"Sklep\",\"item\":\"https:\/\/bobimarket.pl\/index.php\/shop\/\"},{\"@type\":\"ListItem\",\"position\":3,\"name\":\"TERMOMETR ZEWN\u0118TRZNY ZAOKIENNY KOT PRZYSSAWKI\"}]},{\"@type\":\"WebSite\",\"@id\":\"https:\/\/bobimarket.pl\/#website\",\"url\":\"https:\/\/bobimarket.pl\/\",\"name\":\"BOBIMARKET.pl - Remontuj i urz\u0105dzaj z nami\",\"description\":\"Remontuj i urz\u0105dzaj z nami\",\"publisher\":{\"@id\":\"https:\/\/bobimarket.pl\/#organization\"},\"potentialAction\":[{\"@type\":\"SearchAction\",\"target\":{\"@type\":\"EntryPoint\",\"urlTemplate\":\"https:\/\/bobimarket.pl\/?s={search_term_string}\"},\"query-input\":\"required name=search_term_string\"}],\"inLanguage\":\"pl-PL\"},{\"@type\":\"Organization\",\"@id\":\"https:\/\/bobimarket.pl\/#organization\",\"name\":\"BOBIMARKET.pl\",\"url\":\"https:\/\/bobimarket.pl\/\",\"logo\":{\"@type\":\"ImageObject\",\"inLanguage\":\"pl-PL\",\"@id\":\"https:\/\/bobimarket.pl\/#\/schema\/logo\/image\/\",\"url\":\"https:\/\/bobimarket.pl\/wp-content\/uploads\/2021\/11\/slogan.png\",\"contentUrl\":\"https:\/\/bobimarket.pl\/wp-content\/uploads\/2021\/11\/slogan.png\",\"width\":2000,\"height\":384,\"caption\":\"BOBIMARKET.pl\"},\"image\":{\"@id\":\"https:\/\/bobimarket.pl\/#\/schema\/logo\/image\/\"}}]}<\/script>\n<!-- \/ Yoast SEO plugin. -->","yoast_head_json":{"title":"TERMOMETR ZEWN\u0118TRZNY ZAOKIENNY KOT PRZYSSAWKI - BOBIMARKET.pl - Remontuj i urz\u0105dzaj z nami","robots":{"index":"index","follow":"follow","max-snippet":"max-snippet:-1","max-image-preview":"max-image-preview:large","max-video-preview":"max-video-preview:-1"},"canonical":"https:\/\/bobimarket.pl\/index.php\/produkt\/termometr-zewnetrzny-zaokienny-kot-przyssawki\/","og_locale":"pl_PL","og_type":"article","og_title":"TERMOMETR ZEWN\u0118TRZNY ZAOKIENNY KOT PRZYSSAWKI - BOBIMARKET.pl - Remontuj i urz\u0105dzaj z nami","og_description":"TERMOMETR ZEWN\u0118TRZNY ZAOKIENNY KOT PRZYSSAWKI Dane techniczne: D\u0142ugo\u015b\u0107: 16,5 cm Szeroko\u015b\u0107: 10 cm Materia\u0142: tworzywo Wz\u00f3r: kotek Zakres temperatur: od -20 \u00b0C do +50 \u00b0C Uroczy termometr zewn\u0119trzny w kszta\u0142cie kotka! Kotkowy termometr zewn\u0119trzny do przyczepienia na oknie. Uroczy kotek b\u0119dzie pe\u0142ni\u0142 nie tylko funkcj\u0119 praktyczn\u0105, ale r\u00f3wnie\u017c ucieszy ok i spos\u00f3b si\u0119 ka\u017cdemu maluchowi     Czytaj wi\u0119cej \"TERMOMETR ZEWN\u0118TRZNY ZAOKIENNY KOT PRZYSSAWKI\"","og_url":"https:\/\/bobimarket.pl\/index.php\/produkt\/termometr-zewnetrzny-zaokienny-kot-przyssawki\/","og_site_name":"BOBIMARKET.pl - Remontuj i urz\u0105dzaj z nami","article_modified_time":"2025-02-27T13:23:48+00:00","og_image":[{"width":1200,"height":1200,"url":"https:\/\/bobimarket.pl\/wp-content\/uploads\/2023\/08\/cb79f367d658192cd39a53b8056affcd.png","type":"image\/png"}],"twitter_card":"summary_large_image","twitter_misc":{"Szacowany czas czytania":"2 minuty"},"schema":{"@context":"https:\/\/schema.org","@graph":[{"@type":"WebPage","@id":"https:\/\/bobimarket.pl\/index.php\/produkt\/termometr-zewnetrzny-zaokienny-kot-przyssawki\/","url":"https:\/\/bobimarket.pl\/index.php\/produkt\/termometr-zewnetrzny-zaokienny-kot-przyssawki\/","name":"TERMOMETR ZEWN\u0118TRZNY ZAOKIENNY KOT PRZYSSAWKI - BOBIMARKET.pl - Remontuj i urz\u0105dzaj z nami","isPartOf":{"@id":"https:\/\/bobimarket.pl\/#website"},"datePublished":"2023-08-29T14:46:28+00:00","dateModified":"2025-02-27T13:23:48+00:00","breadcrumb":{"@id":"https:\/\/bobimarket.pl\/index.php\/produkt\/termometr-zewnetrzny-zaokienny-kot-przyssawki\/#breadcrumb"},"inLanguage":"pl-PL","potentialAction":[{"@type":"ReadAction","target":["https:\/\/bobimarket.pl\/index.php\/produkt\/termometr-zewnetrzny-zaokienny-kot-przyssawki\/"]}]},{"@type":"BreadcrumbList","@id":"https:\/\/bobimarket.pl\/index.php\/produkt\/termometr-zewnetrzny-zaokienny-kot-przyssawki\/#breadcrumb","itemListElement":[{"@type":"ListItem","position":1,"name":"Strona g\u0142\u00f3wna","item":"https:\/\/bobimarket.pl\/"},{"@type":"ListItem","position":2,"name":"Sklep","item":"https:\/\/bobimarket.pl\/index.php\/shop\/"},{"@type":"ListItem","position":3,"name":"TERMOMETR ZEWN\u0118TRZNY ZAOKIENNY KOT PRZYSSAWKI"}]},{"@type":"WebSite","@id":"https:\/\/bobimarket.pl\/#website","url":"https:\/\/bobimarket.pl\/","name":"BOBIMARKET.pl - Remontuj i urz\u0105dzaj z nami","description":"Remontuj i urz\u0105dzaj z nami","publisher":{"@id":"https:\/\/bobimarket.pl\/#organization"},"potentialAction":[{"@type":"SearchAction","target":{"@type":"EntryPoint","urlTemplate":"https:\/\/bobimarket.pl\/?s={search_term_string}"},"query-input":"required name=search_term_string"}],"inLanguage":"pl-PL"},{"@type":"Organization","@id":"https:\/\/bobimarket.pl\/#organization","name":"BOBIMARKET.pl","url":"https:\/\/bobimarket.pl\/","logo":{"@type":"ImageObject","inLanguage":"pl-PL","@id":"https:\/\/bobimarket.pl\/#\/schema\/logo\/image\/","url":"https:\/\/bobimarket.pl\/wp-content\/uploads\/2021\/11\/slogan.png","contentUrl":"https:\/\/bobimarket.pl\/wp-content\/uploads\/2021\/11\/slogan.png","width":2000,"height":384,"caption":"BOBIMARKET.pl"},"image":{"@id":"https:\/\/bobimarket.pl\/#\/schema\/logo\/image\/"}}]}},"_links":{"self":[{"href":"https:\/\/bobimarket.pl\/index.php\/wp-json\/wp\/v2\/product\/79640"}],"collection":[{"href":"https:\/\/bobimarket.pl\/index.php\/wp-json\/wp\/v2\/product"}],"about":[{"href":"https:\/\/bobimarket.pl\/index.php\/wp-json\/wp\/v2\/types\/product"}],"wp:featuredmedia":[{"embeddable":true,"href":"https:\/\/bobimarket.pl\/index.php\/wp-json\/wp\/v2\/media\/79636"}],"wp:attachment":[{"href":"https:\/\/bobimarket.pl\/index.php\/wp-json\/wp\/v2\/media?parent=79640"}],"wp:term":[{"taxonomy":"product_cat","embeddable":true,"href":"https:\/\/bobimarket.pl\/index.php\/wp-json\/wp\/v2\/product_cat?post=79640"},{"taxonomy":"product_tag","embeddable":true,"href":"https:\/\/bobimarket.pl\/index.php\/wp-json\/wp\/v2\/product_tag?post=79640"}],"curies":[{"name":"wp","href":"https:\/\/api.w.org\/{rel}","templated":true}]}}