{"id":79653,"date":"2023-08-29T14:47:40","date_gmt":"2023-08-29T14:47:40","guid":{"rendered":"https:\/\/bobimarket.pl\/index.php\/produkt\/okulary-przeciwsloneczne-ochronne-jakosc\/"},"modified":"2025-02-27T13:23:55","modified_gmt":"2025-02-27T13:23:55","slug":"okulary-przeciwsloneczne-ochronne-jakosc","status":"publish","type":"product","link":"https:\/\/bobimarket.pl\/index.php\/produkt\/okulary-przeciwsloneczne-ochronne-jakosc\/","title":{"rendered":"OKULARY PRZECIWS\u0141ONECZNE OCHRONNE JAKO\u015a\u0106"},"content":{"rendered":"<section class=\"section\">\n<div class=\"item item-6\">\n<section class=\"image-item\">\n            <img decoding=\"async\" src=\"https:\/\/upload.cdn.baselinker.com\/products\/14476\/bb9b3a8fd8ca4e4b769d48e41be2f07b.jpg\" \/><br \/>\n        <\/section>\n<\/p><\/div>\n<div class=\"item item-6\">\n<section class=\"text-item\">\n<h2>OKULARY PRZECIWS\u0141ONECZNE OCHRONNE JAKO\u015a\u0106<\/h2>\n<p><b>SPECYFIKACJA:<\/b><\/p>\n<ul>\n<li>Przeciwodpryskowe<\/li>\n<li>Przyciemniane<\/li>\n<li>Spe\u0142niaj\u0105 wymagania normy EN166-F<\/li>\n<li>Klasa optyczna 1<\/li>\n<\/ul>\n<\/section><\/div>\n<\/section>\n<section class=\"section\">\n<div class=\"item item-6\">\n<section class=\"image-item\">\n            <img decoding=\"async\" src=\"https:\/\/upload.cdn.baselinker.com\/products\/14476\/be3b9b5d3badec6864d971bda9ab9462.jpg\" \/><br \/>\n        <\/section>\n<\/p><\/div>\n<div class=\"item item-6\">\n<section class=\"text-item\">\n<p>Lekkie,przyciemniane okulary wykonnane z poliw\u0119glanu. Szerokie pole widzenia. Wygodne ramiona zapewniaj\u0105 komfortowe warunki u\u017cytkowania.<\/p>\n<p><b>ZASTOSOWANIE:<\/b><\/p>\n<ul>\n<li>Przemys\u0142<\/li>\n<li>Labolatoria<\/li>\n<li>Ogr\u00f3d<\/li>\n<li>Rolnictwo<\/li>\n<li>Rzemios\u0142o<\/li>\n<\/ul>\n<\/section><\/div>\n<\/section>\n<section class=\"section\">\n<div class=\"item item-6\">\n<section class=\"image-item\">\n            <img decoding=\"async\" src=\"https:\/\/upload.cdn.baselinker.com\/products\/14476\/810d691c39b46a61e825423758d7a08c.jpg\" \/><br \/>\n        <\/section>\n<\/p><\/div>\n<div class=\"item item-6\">\n<section class=\"image-item\">\n            <img decoding=\"async\" src=\"https:\/\/upload.cdn.baselinker.com\/products\/14476\/906016974b16d203c397f8e5d09836df.jpg\" \/><br \/>\n        <\/section>\n<\/p><\/div>\n<\/section>\n<section class=\"section\">\n<div class=\"item item-12\">\n<section class=\"image-item\">\n            <img decoding=\"async\" src=\"https:\/\/upload.cdn.baselinker.com\/products\/14476\/eeefc40a5d1fbf50fea6679ec07f2101.jpg\" \/><br \/>\n        <\/section>\n<\/p><\/div>\n<\/section>\n<section class=\"section\">\n<div class=\"item item-12\">\n<section class=\"image-item\">\n            <img decoding=\"async\" src=\"https:\/\/upload.cdn.baselinker.com\/products\/14476\/048f9492643e7587308df30e89e50686.jpg\" \/><br \/>\n        <\/section>\n<\/p><\/div>\n<\/section>\n","protected":false},"excerpt":{"rendered":"<p>OKULARY PRZECIWS\u0141ONECZNE OCHRONNE JAKO\u015a\u0106 SPECYFIKACJA: Przeciwodpryskowe Przyciemniane Spe\u0142niaj\u0105 wymagania normy EN166-F Klasa optyczna 1 Lekkie,przyciemniane okulary wykonnane z poliw\u0119glanu. Szerokie pole widzenia. Wygodne ramiona zapewniaj\u0105 komfortowe warunki u\u017cytkowania. ZASTOSOWANIE: Przemys\u0142 Labolatoria Ogr\u00f3d Rolnictwo Rzemios\u0142o<\/p>\n","protected":false},"featured_media":79647,"template":"","meta":[],"product_cat":[8122],"product_tag":[],"yoast_head":"<!-- This site is optimized with the Yoast SEO plugin v21.0 - https:\/\/yoast.com\/wordpress\/plugins\/seo\/ -->\n<title>OKULARY PRZECIWS\u0141ONECZNE OCHRONNE JAKO\u015a\u0106 - BOBIMARKET.pl - Remontuj i urz\u0105dzaj z nami<\/title>\n<meta name=\"robots\" content=\"index, follow, max-snippet:-1, max-image-preview:large, max-video-preview:-1\" \/>\n<link rel=\"canonical\" href=\"https:\/\/bobimarket.pl\/index.php\/produkt\/okulary-przeciwsloneczne-ochronne-jakosc\/\" \/>\n<meta property=\"og:locale\" content=\"pl_PL\" \/>\n<meta property=\"og:type\" content=\"article\" \/>\n<meta property=\"og:title\" content=\"OKULARY PRZECIWS\u0141ONECZNE OCHRONNE JAKO\u015a\u0106 - BOBIMARKET.pl - Remontuj i urz\u0105dzaj z nami\" \/>\n<meta property=\"og:description\" content=\"OKULARY PRZECIWS\u0141ONECZNE OCHRONNE JAKO\u015a\u0106 SPECYFIKACJA: Przeciwodpryskowe Przyciemniane Spe\u0142niaj\u0105 wymagania normy EN166-F Klasa optyczna 1 Lekkie,przyciemniane okulary wykonnane z poliw\u0119glanu. Szerokie pole widzenia. Wygodne ramiona zapewniaj\u0105 komfortowe warunki u\u017cytkowania. ZASTOSOWANIE: Przemys\u0142 Labolatoria Ogr\u00f3d Rolnictwo Rzemios\u0142o\" \/>\n<meta property=\"og:url\" content=\"https:\/\/bobimarket.pl\/index.php\/produkt\/okulary-przeciwsloneczne-ochronne-jakosc\/\" \/>\n<meta property=\"og:site_name\" content=\"BOBIMARKET.pl - Remontuj i urz\u0105dzaj z nami\" \/>\n<meta property=\"article:modified_time\" content=\"2025-02-27T13:23:55+00:00\" \/>\n<meta property=\"og:image\" content=\"https:\/\/upload.cdn.baselinker.com\/products\/14476\/bb9b3a8fd8ca4e4b769d48e41be2f07b.jpg\" \/>\n<meta name=\"twitter:card\" content=\"summary_large_image\" \/>\n<script type=\"application\/ld+json\" class=\"yoast-schema-graph\">{\"@context\":\"https:\/\/schema.org\",\"@graph\":[{\"@type\":\"WebPage\",\"@id\":\"https:\/\/bobimarket.pl\/index.php\/produkt\/okulary-przeciwsloneczne-ochronne-jakosc\/\",\"url\":\"https:\/\/bobimarket.pl\/index.php\/produkt\/okulary-przeciwsloneczne-ochronne-jakosc\/\",\"name\":\"OKULARY PRZECIWS\u0141ONECZNE OCHRONNE JAKO\u015a\u0106 - BOBIMARKET.pl - Remontuj i urz\u0105dzaj z nami\",\"isPartOf\":{\"@id\":\"https:\/\/bobimarket.pl\/#website\"},\"datePublished\":\"2023-08-29T14:47:40+00:00\",\"dateModified\":\"2025-02-27T13:23:55+00:00\",\"breadcrumb\":{\"@id\":\"https:\/\/bobimarket.pl\/index.php\/produkt\/okulary-przeciwsloneczne-ochronne-jakosc\/#breadcrumb\"},\"inLanguage\":\"pl-PL\",\"potentialAction\":[{\"@type\":\"ReadAction\",\"target\":[\"https:\/\/bobimarket.pl\/index.php\/produkt\/okulary-przeciwsloneczne-ochronne-jakosc\/\"]}]},{\"@type\":\"BreadcrumbList\",\"@id\":\"https:\/\/bobimarket.pl\/index.php\/produkt\/okulary-przeciwsloneczne-ochronne-jakosc\/#breadcrumb\",\"itemListElement\":[{\"@type\":\"ListItem\",\"position\":1,\"name\":\"Strona g\u0142\u00f3wna\",\"item\":\"https:\/\/bobimarket.pl\/\"},{\"@type\":\"ListItem\",\"position\":2,\"name\":\"Sklep\",\"item\":\"https:\/\/bobimarket.pl\/index.php\/shop\/\"},{\"@type\":\"ListItem\",\"position\":3,\"name\":\"OKULARY PRZECIWS\u0141ONECZNE OCHRONNE JAKO\u015a\u0106\"}]},{\"@type\":\"WebSite\",\"@id\":\"https:\/\/bobimarket.pl\/#website\",\"url\":\"https:\/\/bobimarket.pl\/\",\"name\":\"BOBIMARKET.pl - Remontuj i urz\u0105dzaj z nami\",\"description\":\"Remontuj i urz\u0105dzaj z nami\",\"publisher\":{\"@id\":\"https:\/\/bobimarket.pl\/#organization\"},\"potentialAction\":[{\"@type\":\"SearchAction\",\"target\":{\"@type\":\"EntryPoint\",\"urlTemplate\":\"https:\/\/bobimarket.pl\/?s={search_term_string}\"},\"query-input\":\"required name=search_term_string\"}],\"inLanguage\":\"pl-PL\"},{\"@type\":\"Organization\",\"@id\":\"https:\/\/bobimarket.pl\/#organization\",\"name\":\"BOBIMARKET.pl\",\"url\":\"https:\/\/bobimarket.pl\/\",\"logo\":{\"@type\":\"ImageObject\",\"inLanguage\":\"pl-PL\",\"@id\":\"https:\/\/bobimarket.pl\/#\/schema\/logo\/image\/\",\"url\":\"https:\/\/bobimarket.pl\/wp-content\/uploads\/2021\/11\/slogan.png\",\"contentUrl\":\"https:\/\/bobimarket.pl\/wp-content\/uploads\/2021\/11\/slogan.png\",\"width\":2000,\"height\":384,\"caption\":\"BOBIMARKET.pl\"},\"image\":{\"@id\":\"https:\/\/bobimarket.pl\/#\/schema\/logo\/image\/\"}}]}<\/script>\n<!-- \/ Yoast SEO plugin. -->","yoast_head_json":{"title":"OKULARY PRZECIWS\u0141ONECZNE OCHRONNE JAKO\u015a\u0106 - BOBIMARKET.pl - Remontuj i urz\u0105dzaj z nami","robots":{"index":"index","follow":"follow","max-snippet":"max-snippet:-1","max-image-preview":"max-image-preview:large","max-video-preview":"max-video-preview:-1"},"canonical":"https:\/\/bobimarket.pl\/index.php\/produkt\/okulary-przeciwsloneczne-ochronne-jakosc\/","og_locale":"pl_PL","og_type":"article","og_title":"OKULARY PRZECIWS\u0141ONECZNE OCHRONNE JAKO\u015a\u0106 - BOBIMARKET.pl - Remontuj i urz\u0105dzaj z nami","og_description":"OKULARY PRZECIWS\u0141ONECZNE OCHRONNE JAKO\u015a\u0106 SPECYFIKACJA: Przeciwodpryskowe Przyciemniane Spe\u0142niaj\u0105 wymagania normy EN166-F Klasa optyczna 1 Lekkie,przyciemniane okulary wykonnane z poliw\u0119glanu. Szerokie pole widzenia. Wygodne ramiona zapewniaj\u0105 komfortowe warunki u\u017cytkowania. ZASTOSOWANIE: Przemys\u0142 Labolatoria Ogr\u00f3d Rolnictwo Rzemios\u0142o","og_url":"https:\/\/bobimarket.pl\/index.php\/produkt\/okulary-przeciwsloneczne-ochronne-jakosc\/","og_site_name":"BOBIMARKET.pl - Remontuj i urz\u0105dzaj z nami","article_modified_time":"2025-02-27T13:23:55+00:00","og_image":[{"url":"https:\/\/upload.cdn.baselinker.com\/products\/14476\/bb9b3a8fd8ca4e4b769d48e41be2f07b.jpg"}],"twitter_card":"summary_large_image","schema":{"@context":"https:\/\/schema.org","@graph":[{"@type":"WebPage","@id":"https:\/\/bobimarket.pl\/index.php\/produkt\/okulary-przeciwsloneczne-ochronne-jakosc\/","url":"https:\/\/bobimarket.pl\/index.php\/produkt\/okulary-przeciwsloneczne-ochronne-jakosc\/","name":"OKULARY PRZECIWS\u0141ONECZNE OCHRONNE JAKO\u015a\u0106 - BOBIMARKET.pl - Remontuj i urz\u0105dzaj z nami","isPartOf":{"@id":"https:\/\/bobimarket.pl\/#website"},"datePublished":"2023-08-29T14:47:40+00:00","dateModified":"2025-02-27T13:23:55+00:00","breadcrumb":{"@id":"https:\/\/bobimarket.pl\/index.php\/produkt\/okulary-przeciwsloneczne-ochronne-jakosc\/#breadcrumb"},"inLanguage":"pl-PL","potentialAction":[{"@type":"ReadAction","target":["https:\/\/bobimarket.pl\/index.php\/produkt\/okulary-przeciwsloneczne-ochronne-jakosc\/"]}]},{"@type":"BreadcrumbList","@id":"https:\/\/bobimarket.pl\/index.php\/produkt\/okulary-przeciwsloneczne-ochronne-jakosc\/#breadcrumb","itemListElement":[{"@type":"ListItem","position":1,"name":"Strona g\u0142\u00f3wna","item":"https:\/\/bobimarket.pl\/"},{"@type":"ListItem","position":2,"name":"Sklep","item":"https:\/\/bobimarket.pl\/index.php\/shop\/"},{"@type":"ListItem","position":3,"name":"OKULARY PRZECIWS\u0141ONECZNE OCHRONNE JAKO\u015a\u0106"}]},{"@type":"WebSite","@id":"https:\/\/bobimarket.pl\/#website","url":"https:\/\/bobimarket.pl\/","name":"BOBIMARKET.pl - Remontuj i urz\u0105dzaj z nami","description":"Remontuj i urz\u0105dzaj z nami","publisher":{"@id":"https:\/\/bobimarket.pl\/#organization"},"potentialAction":[{"@type":"SearchAction","target":{"@type":"EntryPoint","urlTemplate":"https:\/\/bobimarket.pl\/?s={search_term_string}"},"query-input":"required name=search_term_string"}],"inLanguage":"pl-PL"},{"@type":"Organization","@id":"https:\/\/bobimarket.pl\/#organization","name":"BOBIMARKET.pl","url":"https:\/\/bobimarket.pl\/","logo":{"@type":"ImageObject","inLanguage":"pl-PL","@id":"https:\/\/bobimarket.pl\/#\/schema\/logo\/image\/","url":"https:\/\/bobimarket.pl\/wp-content\/uploads\/2021\/11\/slogan.png","contentUrl":"https:\/\/bobimarket.pl\/wp-content\/uploads\/2021\/11\/slogan.png","width":2000,"height":384,"caption":"BOBIMARKET.pl"},"image":{"@id":"https:\/\/bobimarket.pl\/#\/schema\/logo\/image\/"}}]}},"_links":{"self":[{"href":"https:\/\/bobimarket.pl\/index.php\/wp-json\/wp\/v2\/product\/79653"}],"collection":[{"href":"https:\/\/bobimarket.pl\/index.php\/wp-json\/wp\/v2\/product"}],"about":[{"href":"https:\/\/bobimarket.pl\/index.php\/wp-json\/wp\/v2\/types\/product"}],"wp:featuredmedia":[{"embeddable":true,"href":"https:\/\/bobimarket.pl\/index.php\/wp-json\/wp\/v2\/media\/79647"}],"wp:attachment":[{"href":"https:\/\/bobimarket.pl\/index.php\/wp-json\/wp\/v2\/media?parent=79653"}],"wp:term":[{"taxonomy":"product_cat","embeddable":true,"href":"https:\/\/bobimarket.pl\/index.php\/wp-json\/wp\/v2\/product_cat?post=79653"},{"taxonomy":"product_tag","embeddable":true,"href":"https:\/\/bobimarket.pl\/index.php\/wp-json\/wp\/v2\/product_tag?post=79653"}],"curies":[{"name":"wp","href":"https:\/\/api.w.org\/{rel}","templated":true}]}}