{"id":79672,"date":"2023-08-29T14:48:32","date_gmt":"2023-08-29T14:48:32","guid":{"rendered":"https:\/\/bobimarket.pl\/index.php\/produkt\/pomidor-gruntowy-malinowy-prezes-nasiona-bez-gmo-05g\/"},"modified":"2025-11-13T19:46:36","modified_gmt":"2025-11-13T19:46:36","slug":"pomidor-gruntowy-malinowy-prezes-nasiona-bez-gmo-05g","status":"publish","type":"product","link":"https:\/\/bobimarket.pl\/index.php\/produkt\/pomidor-gruntowy-malinowy-prezes-nasiona-bez-gmo-05g\/","title":{"rendered":"POMIDOR GRUNTOWY MALINOWY PREZES NASIONA BEZ GMO 0,5g"},"content":{"rendered":"<section class=\"section\">\n<div class=\"item item-12\">\n<section class=\"text-item\">\n<h2>POMIDOR GRUNTOWY MALINOWY PREZES NASIONA BEZ GMO 0,5g<\/h2>\n<p><b>\u2705 Informacje og\u00f3lne: <\/b><\/p>\n<ul>\n<li>Liczba nasion: <b>250-270 szt. w gramie<\/b><\/li>\n<li>Norma wysiewu: <b>0,2-0,3kg\/ha (z rozsady)<\/b><\/li>\n<li>Norma wysiewu: <b>1,5-2kg\/ha (do gruntu)<\/b><\/li>\n<\/ul>\n<p>\u2705 Terminy wysiewu\/zbioru:<\/p>\n<ul>\n<li>Termin wysiewu: <b>2 dekada III-1 dekada IV (rozsada)<\/b><\/li>\n<li>Termin wysiewu: <b>po\u0142. V (do gruntu)<\/b><\/li>\n<li>Termin sadzenia rozsady: <b>po\u0142. V-po\u0142. IV<\/b><\/li>\n<li>Rozstawa: <b>70-80 x 40-60 cm<\/b><\/li>\n<li>Termin zbioru:<b> VII-IX<\/b><\/li>\n<\/ul>\n<p>\u2705 Wegetacja: <b>115 &#8211; 120 dni <\/b><\/p>\n<p>\u2705 Opakowanie:<b> 0,5 g <\/b><\/p>\n<\/section><\/div>\n<\/section>\n<section class=\"section\">\n<div class=\"item item-12\">\n<section class=\"image-item\">\n            <img decoding=\"async\" src=\"https:\/\/upload.cdn.baselinker.com\/products\/14476\/666d06e3b7ae30eef0c99b7c1f0c8f50.jpg\" \/><br \/>\n        <\/section>\n<\/p><\/div>\n<\/section>\n<section class=\"section\">\n<div class=\"item item-12\">\n<section class=\"text-item\">\n<h2>Pomidor gruntowy malinowy 'PREZES&#8217; nasiona<\/h2>\n<p>Pomidor 'PREZES&#8217; to odmiana <b>\u015brednio p\u00f3\u017ana<\/b>. Doskona\u0142a do bezpo\u015bredniego spo\u017cycia. Odmiana <b>wielkoowocowa malinowa<\/b>, bardzo plenna o nieko\u0144cz\u0105cym typie wzrostu. Typ palikowy do prowadzenia na jeden lub dwa p\u0119dy. Doskona\u0142e do bezpo\u015bredniego spo\u017cycia. Tolerancja na zaraz ziemniaczan\u0105.<\/p>\n<p><b>\u2705<\/b><b> Cechy og\u00f3lne odmiany:<\/b><\/p>\n<p>Owoce o kszta\u0142cie kulistym, lekko sp\u0142aszczonym i masie 160-180 gram. Wyj\u0105tkowo <b>smaczne i delikatne<\/b>. Nadaj\u0105 si\u0119 do bezpo\u015bredniego spo\u017cycia. bardzo dobrze si\u0119 przechowuj\u0105 ( swoj\u0105 \u015bwie\u017co\u015b\u0107 zachowuj\u0105 nawet do 7 dni).<\/p>\n<ul>\n<li>Ilo\u015b\u0107 dni od posadzenia do zbioru: 115-120.<\/li>\n<li>Lubi <b>stanowiska s\u0142oneczne.<\/b><\/li>\n<\/ul>\n<\/section><\/div>\n<\/section>\n<section class=\"section\">\n<div class=\"item item-12\">\n<section class=\"image-item\">\n            <img decoding=\"async\" src=\"https:\/\/upload.cdn.baselinker.com\/products\/14476\/f5893e1b96d36436e21ed6374c225d33.jpg\" \/><br \/>\n        <\/section>\n<\/p><\/div>\n<\/section>\n<section class=\"section\">\n<div class=\"item item-12\">\n<section class=\"text-item\">\n<h2>\u2705 Kupuj\u0105c u nas zyskujesz wi\u0119cej nasion!<\/h2>\n<p>Zwr\u00f3ci\u0107 uwag\u0119 na mas\u0119 nasion w torebce! Cz\u0119sto ta\u0144sze oferty zawieraj\u0105 jedynie kilka nasion, dlatego bardziej op\u0142acalny jest zakup wi\u0119kszej masy nasion w opakowaniu, kt\u00f3re w przeliczeniu ceny i wagi mog\u0105 okaza\u0107 si\u0119 tak naprawd\u0119 ta\u0144sze!<\/p>\n<ul>\n<li>Kupuj\u0105c wi\u0119ksze opakowanie z<b> jednej paczuszki mo\u017cesz uzyska\u0107 wi\u0119ksz\u0105 liczb\u0119 rozsad<\/b>, przy mniejszym nak\u0142adzie finansowym!<\/li>\n<\/ul>\n<\/section><\/div>\n<\/section>\n<section class=\"section\">\n<div class=\"item item-12\">\n<section class=\"text-item\">\n<h1>WI\u0118KSZE OPAKOWANIE = WI\u0118CEJ NASION = LEPSZA CENA<\/h1>\n<\/section><\/div>\n<\/section>\n<section class=\"section\">\n<div class=\"item item-12\">\n<section class=\"image-item\">\n            <img decoding=\"async\" src=\"https:\/\/upload.cdn.baselinker.com\/products\/14476\/cd59d700abf18309b8b79d560397a68e.jpg\" \/><br \/>\n        <\/section>\n<\/p><\/div>\n<\/section>\n<section class=\"section\">\n<div class=\"item item-12\">\n<section class=\"text-item\">\n<h1>Kup sprawdzone nasiona!<\/h1>\n<ul>\n<li>Nasiona renomowanego<b> POLSKIEGO PRODUCENTA<\/b>!<\/li>\n<li>Sklep wpisany do rejestru i podlegaj\u0105cy pod Wojew\u00f3dzki Inspektorat Ochrony Ro\u015blin i Nasiennictwa.<\/li>\n<li>Ka\u017cda torebka nasion posiada <b>PASZPORT RO\u015aLINY, <\/b>kt\u00f3ry jest gwarancj\u0105, \u017ce nasiona zosta\u0142y skontrolowane\u00a0 i s\u0105 wolne od organizm\u00f3w szkodliwych.<\/li>\n<li>Nasiona, z kt\u00f3rych wyrosn\u0105 Twoje ro\u015bliny powsta\u0142y w tradycyjnej hodowli <b>bez udzia\u0142u genetycznej modyfikacji (BEZ GMO!!! ).<\/b><\/li>\n<\/ul>\n<\/section><\/div>\n<\/section>\n<section class=\"section\">\n<div class=\"item item-12\">\n<section class=\"image-item\">\n            <img decoding=\"async\" src=\"https:\/\/upload.cdn.baselinker.com\/products\/14476\/8cff331d44a5347f1cb2690e96e4d8a3.png\" \/><br \/>\n        <\/section>\n<\/p><\/div>\n<\/section>\n<section class=\"section\">\n<div class=\"item item-12\">\n<section class=\"text-item\">\n<h1>Ju\u017c nied\u0142ugo puste grz\u0105dki zape\u0142ni\u0105 si\u0119 warzywami!<\/h1>\n<p>\u2705 <b>Wyhoduj w\u0142asne warzywa<\/b>, kt\u00f3re b\u0119d\u0105 zdrowe, smaczne \u00a0i ekologiczne. Spraw, \u017ce z ka\u017cdego nasionka wyro\u015bnie upragnione warzywo, kt\u00f3re b\u0119dzie \u017ar\u00f3d\u0142em \u00a0wielu witamin, soli mineralnych i innych sk\u0142adnik\u00f3w od\u017cywczych.<\/p>\n<p>\u2705 Samodzielna uprawa ro\u015blin to<b> gwarancja, \u017ce warzywa s\u0105 zdrowe<\/b>, nie zawieraj\u0105 pestycyd\u00f3w ani innych szkodliwych zwi\u0105zk\u00f3w chemicznych.<\/p>\n<\/section><\/div>\n<\/section>\n<section class=\"section\">\n<div class=\"item item-12\">\n<section class=\"image-item\">\n            <img decoding=\"async\" src=\"https:\/\/upload.cdn.baselinker.com\/products\/14476\/d20b9b7ef6fc060c56d2346abbc77a6f.jpg\" \/><br \/>\n        <\/section>\n<\/p><\/div>\n<\/section>\n","protected":false},"excerpt":{"rendered":"<p>POMIDOR GRUNTOWY MALINOWY PREZES NASIONA BEZ GMO 0,5g \u2705 Informacje og\u00f3lne: Liczba nasion: 250-270 szt. w gramie Norma wysiewu: 0,2-0,3kg\/ha (z rozsady) Norma wysiewu: 1,5-2kg\/ha (do gruntu) \u2705 Terminy wysiewu\/zbioru: Termin wysiewu: 2 dekada III-1 dekada IV (rozsada) Termin wysiewu: po\u0142. V (do gruntu) Termin sadzenia rozsady: po\u0142. V-po\u0142. IV Rozstawa: 70-80 x 40-60 cm<br \/><a class=\"more-link\" href=\"https:\/\/bobimarket.pl\/index.php\/produkt\/pomidor-gruntowy-malinowy-prezes-nasiona-bez-gmo-05g\/\"><br \/>\n        Czytaj wi\u0119cej<span class=\"screen-reader-text\"> &#8222;POMIDOR GRUNTOWY MALINOWY PREZES NASIONA BEZ GMO 0,5g&#8221;<\/span><\/a><\/p>\n","protected":false},"featured_media":79663,"template":"","meta":[],"product_cat":[8125],"product_tag":[],"yoast_head":"<!-- This site is optimized with the Yoast SEO plugin v21.0 - https:\/\/yoast.com\/wordpress\/plugins\/seo\/ -->\n<title>POMIDOR GRUNTOWY MALINOWY PREZES NASIONA BEZ GMO 0,5g - BOBIMARKET.pl - Remontuj i urz\u0105dzaj z nami<\/title>\n<meta name=\"robots\" content=\"index, follow, max-snippet:-1, max-image-preview:large, max-video-preview:-1\" \/>\n<link rel=\"canonical\" href=\"https:\/\/bobimarket.pl\/index.php\/produkt\/pomidor-gruntowy-malinowy-prezes-nasiona-bez-gmo-05g\/\" \/>\n<meta property=\"og:locale\" content=\"pl_PL\" \/>\n<meta property=\"og:type\" content=\"article\" \/>\n<meta property=\"og:title\" content=\"POMIDOR GRUNTOWY MALINOWY PREZES NASIONA BEZ GMO 0,5g - BOBIMARKET.pl - Remontuj i urz\u0105dzaj z nami\" \/>\n<meta property=\"og:description\" content=\"POMIDOR GRUNTOWY MALINOWY PREZES NASIONA BEZ GMO 0,5g \u2705 Informacje og\u00f3lne: Liczba nasion: 250-270 szt. w gramie Norma wysiewu: 0,2-0,3kg\/ha (z rozsady) Norma wysiewu: 1,5-2kg\/ha (do gruntu) \u2705 Terminy wysiewu\/zbioru: Termin wysiewu: 2 dekada III-1 dekada IV (rozsada) Termin wysiewu: po\u0142. V (do gruntu) Termin sadzenia rozsady: po\u0142. V-po\u0142. IV Rozstawa: 70-80 x 40-60 cm     Czytaj wi\u0119cej &quot;POMIDOR GRUNTOWY MALINOWY PREZES NASIONA BEZ GMO 0,5g&quot;\" \/>\n<meta property=\"og:url\" content=\"https:\/\/bobimarket.pl\/index.php\/produkt\/pomidor-gruntowy-malinowy-prezes-nasiona-bez-gmo-05g\/\" \/>\n<meta property=\"og:site_name\" content=\"BOBIMARKET.pl - Remontuj i urz\u0105dzaj z nami\" \/>\n<meta property=\"article:modified_time\" content=\"2025-11-13T19:46:36+00:00\" \/>\n<meta property=\"og:image\" content=\"https:\/\/upload.cdn.baselinker.com\/products\/14476\/666d06e3b7ae30eef0c99b7c1f0c8f50.jpg\" \/>\n<meta name=\"twitter:card\" content=\"summary_large_image\" \/>\n<meta name=\"twitter:label1\" content=\"Szacowany czas czytania\" \/>\n\t<meta name=\"twitter:data1\" content=\"2 minuty\" \/>\n<script type=\"application\/ld+json\" class=\"yoast-schema-graph\">{\"@context\":\"https:\/\/schema.org\",\"@graph\":[{\"@type\":\"WebPage\",\"@id\":\"https:\/\/bobimarket.pl\/index.php\/produkt\/pomidor-gruntowy-malinowy-prezes-nasiona-bez-gmo-05g\/\",\"url\":\"https:\/\/bobimarket.pl\/index.php\/produkt\/pomidor-gruntowy-malinowy-prezes-nasiona-bez-gmo-05g\/\",\"name\":\"POMIDOR GRUNTOWY MALINOWY PREZES NASIONA BEZ GMO 0,5g - BOBIMARKET.pl - Remontuj i urz\u0105dzaj z nami\",\"isPartOf\":{\"@id\":\"https:\/\/bobimarket.pl\/#website\"},\"datePublished\":\"2023-08-29T14:48:32+00:00\",\"dateModified\":\"2025-11-13T19:46:36+00:00\",\"breadcrumb\":{\"@id\":\"https:\/\/bobimarket.pl\/index.php\/produkt\/pomidor-gruntowy-malinowy-prezes-nasiona-bez-gmo-05g\/#breadcrumb\"},\"inLanguage\":\"pl-PL\",\"potentialAction\":[{\"@type\":\"ReadAction\",\"target\":[\"https:\/\/bobimarket.pl\/index.php\/produkt\/pomidor-gruntowy-malinowy-prezes-nasiona-bez-gmo-05g\/\"]}]},{\"@type\":\"BreadcrumbList\",\"@id\":\"https:\/\/bobimarket.pl\/index.php\/produkt\/pomidor-gruntowy-malinowy-prezes-nasiona-bez-gmo-05g\/#breadcrumb\",\"itemListElement\":[{\"@type\":\"ListItem\",\"position\":1,\"name\":\"Strona g\u0142\u00f3wna\",\"item\":\"https:\/\/bobimarket.pl\/\"},{\"@type\":\"ListItem\",\"position\":2,\"name\":\"Sklep\",\"item\":\"https:\/\/bobimarket.pl\/index.php\/shop\/\"},{\"@type\":\"ListItem\",\"position\":3,\"name\":\"POMIDOR GRUNTOWY MALINOWY PREZES NASIONA BEZ GMO 0,5g\"}]},{\"@type\":\"WebSite\",\"@id\":\"https:\/\/bobimarket.pl\/#website\",\"url\":\"https:\/\/bobimarket.pl\/\",\"name\":\"BOBIMARKET.pl - Remontuj i urz\u0105dzaj z nami\",\"description\":\"Remontuj i urz\u0105dzaj z nami\",\"publisher\":{\"@id\":\"https:\/\/bobimarket.pl\/#organization\"},\"potentialAction\":[{\"@type\":\"SearchAction\",\"target\":{\"@type\":\"EntryPoint\",\"urlTemplate\":\"https:\/\/bobimarket.pl\/?s={search_term_string}\"},\"query-input\":\"required name=search_term_string\"}],\"inLanguage\":\"pl-PL\"},{\"@type\":\"Organization\",\"@id\":\"https:\/\/bobimarket.pl\/#organization\",\"name\":\"BOBIMARKET.pl\",\"url\":\"https:\/\/bobimarket.pl\/\",\"logo\":{\"@type\":\"ImageObject\",\"inLanguage\":\"pl-PL\",\"@id\":\"https:\/\/bobimarket.pl\/#\/schema\/logo\/image\/\",\"url\":\"https:\/\/bobimarket.pl\/wp-content\/uploads\/2021\/11\/slogan.png\",\"contentUrl\":\"https:\/\/bobimarket.pl\/wp-content\/uploads\/2021\/11\/slogan.png\",\"width\":2000,\"height\":384,\"caption\":\"BOBIMARKET.pl\"},\"image\":{\"@id\":\"https:\/\/bobimarket.pl\/#\/schema\/logo\/image\/\"}}]}<\/script>\n<!-- \/ Yoast SEO plugin. -->","yoast_head_json":{"title":"POMIDOR GRUNTOWY MALINOWY PREZES NASIONA BEZ GMO 0,5g - BOBIMARKET.pl - Remontuj i urz\u0105dzaj z nami","robots":{"index":"index","follow":"follow","max-snippet":"max-snippet:-1","max-image-preview":"max-image-preview:large","max-video-preview":"max-video-preview:-1"},"canonical":"https:\/\/bobimarket.pl\/index.php\/produkt\/pomidor-gruntowy-malinowy-prezes-nasiona-bez-gmo-05g\/","og_locale":"pl_PL","og_type":"article","og_title":"POMIDOR GRUNTOWY MALINOWY PREZES NASIONA BEZ GMO 0,5g - BOBIMARKET.pl - Remontuj i urz\u0105dzaj z nami","og_description":"POMIDOR GRUNTOWY MALINOWY PREZES NASIONA BEZ GMO 0,5g \u2705 Informacje og\u00f3lne: Liczba nasion: 250-270 szt. w gramie Norma wysiewu: 0,2-0,3kg\/ha (z rozsady) Norma wysiewu: 1,5-2kg\/ha (do gruntu) \u2705 Terminy wysiewu\/zbioru: Termin wysiewu: 2 dekada III-1 dekada IV (rozsada) Termin wysiewu: po\u0142. V (do gruntu) Termin sadzenia rozsady: po\u0142. V-po\u0142. IV Rozstawa: 70-80 x 40-60 cm     Czytaj wi\u0119cej \"POMIDOR GRUNTOWY MALINOWY PREZES NASIONA BEZ GMO 0,5g\"","og_url":"https:\/\/bobimarket.pl\/index.php\/produkt\/pomidor-gruntowy-malinowy-prezes-nasiona-bez-gmo-05g\/","og_site_name":"BOBIMARKET.pl - Remontuj i urz\u0105dzaj z nami","article_modified_time":"2025-11-13T19:46:36+00:00","og_image":[{"url":"https:\/\/upload.cdn.baselinker.com\/products\/14476\/666d06e3b7ae30eef0c99b7c1f0c8f50.jpg"}],"twitter_card":"summary_large_image","twitter_misc":{"Szacowany czas czytania":"2 minuty"},"schema":{"@context":"https:\/\/schema.org","@graph":[{"@type":"WebPage","@id":"https:\/\/bobimarket.pl\/index.php\/produkt\/pomidor-gruntowy-malinowy-prezes-nasiona-bez-gmo-05g\/","url":"https:\/\/bobimarket.pl\/index.php\/produkt\/pomidor-gruntowy-malinowy-prezes-nasiona-bez-gmo-05g\/","name":"POMIDOR GRUNTOWY MALINOWY PREZES NASIONA BEZ GMO 0,5g - BOBIMARKET.pl - Remontuj i urz\u0105dzaj z nami","isPartOf":{"@id":"https:\/\/bobimarket.pl\/#website"},"datePublished":"2023-08-29T14:48:32+00:00","dateModified":"2025-11-13T19:46:36+00:00","breadcrumb":{"@id":"https:\/\/bobimarket.pl\/index.php\/produkt\/pomidor-gruntowy-malinowy-prezes-nasiona-bez-gmo-05g\/#breadcrumb"},"inLanguage":"pl-PL","potentialAction":[{"@type":"ReadAction","target":["https:\/\/bobimarket.pl\/index.php\/produkt\/pomidor-gruntowy-malinowy-prezes-nasiona-bez-gmo-05g\/"]}]},{"@type":"BreadcrumbList","@id":"https:\/\/bobimarket.pl\/index.php\/produkt\/pomidor-gruntowy-malinowy-prezes-nasiona-bez-gmo-05g\/#breadcrumb","itemListElement":[{"@type":"ListItem","position":1,"name":"Strona g\u0142\u00f3wna","item":"https:\/\/bobimarket.pl\/"},{"@type":"ListItem","position":2,"name":"Sklep","item":"https:\/\/bobimarket.pl\/index.php\/shop\/"},{"@type":"ListItem","position":3,"name":"POMIDOR GRUNTOWY MALINOWY PREZES NASIONA BEZ GMO 0,5g"}]},{"@type":"WebSite","@id":"https:\/\/bobimarket.pl\/#website","url":"https:\/\/bobimarket.pl\/","name":"BOBIMARKET.pl - Remontuj i urz\u0105dzaj z nami","description":"Remontuj i urz\u0105dzaj z nami","publisher":{"@id":"https:\/\/bobimarket.pl\/#organization"},"potentialAction":[{"@type":"SearchAction","target":{"@type":"EntryPoint","urlTemplate":"https:\/\/bobimarket.pl\/?s={search_term_string}"},"query-input":"required name=search_term_string"}],"inLanguage":"pl-PL"},{"@type":"Organization","@id":"https:\/\/bobimarket.pl\/#organization","name":"BOBIMARKET.pl","url":"https:\/\/bobimarket.pl\/","logo":{"@type":"ImageObject","inLanguage":"pl-PL","@id":"https:\/\/bobimarket.pl\/#\/schema\/logo\/image\/","url":"https:\/\/bobimarket.pl\/wp-content\/uploads\/2021\/11\/slogan.png","contentUrl":"https:\/\/bobimarket.pl\/wp-content\/uploads\/2021\/11\/slogan.png","width":2000,"height":384,"caption":"BOBIMARKET.pl"},"image":{"@id":"https:\/\/bobimarket.pl\/#\/schema\/logo\/image\/"}}]}},"_links":{"self":[{"href":"https:\/\/bobimarket.pl\/index.php\/wp-json\/wp\/v2\/product\/79672"}],"collection":[{"href":"https:\/\/bobimarket.pl\/index.php\/wp-json\/wp\/v2\/product"}],"about":[{"href":"https:\/\/bobimarket.pl\/index.php\/wp-json\/wp\/v2\/types\/product"}],"wp:featuredmedia":[{"embeddable":true,"href":"https:\/\/bobimarket.pl\/index.php\/wp-json\/wp\/v2\/media\/79663"}],"wp:attachment":[{"href":"https:\/\/bobimarket.pl\/index.php\/wp-json\/wp\/v2\/media?parent=79672"}],"wp:term":[{"taxonomy":"product_cat","embeddable":true,"href":"https:\/\/bobimarket.pl\/index.php\/wp-json\/wp\/v2\/product_cat?post=79672"},{"taxonomy":"product_tag","embeddable":true,"href":"https:\/\/bobimarket.pl\/index.php\/wp-json\/wp\/v2\/product_tag?post=79672"}],"curies":[{"name":"wp","href":"https:\/\/api.w.org\/{rel}","templated":true}]}}