{"id":79699,"date":"2023-08-29T14:49:40","date_gmt":"2023-08-29T14:49:40","guid":{"rendered":"https:\/\/bobimarket.pl\/index.php\/produkt\/pomidor-malinowy-ozarowski-wczesny-nasiona-bez-gmo\/"},"modified":"2025-11-13T19:46:36","modified_gmt":"2025-11-13T19:46:36","slug":"pomidor-malinowy-ozarowski-wczesny-nasiona-bez-gmo","status":"publish","type":"product","link":"https:\/\/bobimarket.pl\/index.php\/produkt\/pomidor-malinowy-ozarowski-wczesny-nasiona-bez-gmo\/","title":{"rendered":"POMIDOR MALINOWY O\u017bAROWSKI WCZESNY NASIONA BEZ GMO"},"content":{"rendered":"<section class=\"section\">\n<div class=\"item item-12\">\n<section class=\"text-item\">\n<h2>POMIDOR MALINOWY O\u017bAROWSKI WCZESNY NASIONA BEZ GMO<\/h2>\n<p><b>\u2705 Informacje og\u00f3lne:<\/b><\/p>\n<ul>\n<li>Liczba nasion: <b>250-270 szt. w gramie<\/b><\/li>\n<li>Norma wysiewu: <b>0,2-0,3kg\/ha (z rozsady)<\/b><\/li>\n<li>Norma wysiewu: <b>1,5-2kg\/ha (do gruntu)<\/b><\/li>\n<\/ul>\n<p>\u2705 Terminy wysiewu\/zbioru:<\/p>\n<ul>\n<li>Termin wysiewu: 2 dekada III-1 dekada IV (rozsada)<\/li>\n<li>Termin wysiewu: po\u0142. V (do gruntu)<\/li>\n<li>Termin sadzenia rozsady: po\u0142. V-po\u0142. IV<\/li>\n<li>Rozstawa: 70-80&#215;40-60 cm<\/li>\n<li>Termin zbioru: VII-IX<\/li>\n<\/ul>\n<p><b>\u2705 <\/b>Ilo\u015b\u0107 dni od posadzenia do zbioru: <b>95-105<\/b><\/p>\n<p><b>\u2705 <\/b>Opakowanie:<b> 1g<\/b><\/p>\n<h1>NASIONA BEZ GMO OD POLSKIEGO PRODUCENTA!<\/h1>\n<\/section><\/div>\n<\/section>\n<section class=\"section\">\n<div class=\"item item-12\">\n<section class=\"image-item\">\n            <img decoding=\"async\" src=\"https:\/\/upload.cdn.baselinker.com\/products\/14476\/442a85906705827df636794a4c7f39a6.jpg\" \/><br \/>\n        <\/section>\n<\/p><\/div>\n<\/section>\n<section class=\"section\">\n<div class=\"item item-12\">\n<section class=\"text-item\">\n<h2>Pomidor gruntowy MALINOWY O\u017bAROWSKI<\/h2>\n<p>Pomidor MALINOWY O\u017bAROWSKI<b> odmiana wcze\u015bnie dojrzewaj\u0105ca<\/b>. Niezwykle atrakcyjny gatunek, kt\u00f3ry charakteryzuje si\u0119 wyr\u00f3wnan\u0105 wielko\u015bci\u0105 owoc\u00f3w (masa oko\u0142o 100-120 g) i wspania\u0142ym smakiem.<\/p>\n<p>Ro\u015bliny o li\u015bciach typu ziemniaczanego, silnie rosn\u0105ce, wymagaj\u0105ce palikowania. Gatunek przeznaczony\u00a0 <b>do uprawy w polu,<\/b> ale mo\u017ce by\u0107 uprawiany r\u00f3wnie\u017c w wysokich<b> tunelach foliowych.<\/b><\/p>\n<p><b>\u2705<\/b><b> Cechy og\u00f3lne odmiany <\/b><\/p>\n<p>Odmiana owocuj\u0105ca w <b>du\u017ce pomidory<\/b> &#8211; bardzo kszta\u0142tne, kulisto-sp\u0142aszczone, bez zniekszta\u0142ce\u0144. Owoce maj\u0105 pi\u0119kn\u0105 malinow\u0105 barw\u0119.<\/p>\n<ul>\n<li>Mi\u0105\u017csz o zabarwieniu r\u00f3\u017cowo-malinowym.<\/li>\n<li>Wyj\u0105tkowo smaczny i aromatyczny.<\/li>\n<li>Ma niskie wymagania glebowe.<\/li>\n<\/ul>\n<\/section><\/div>\n<\/section>\n<section class=\"section\">\n<div class=\"item item-12\">\n<section class=\"image-item\">\n            <img decoding=\"async\" src=\"https:\/\/upload.cdn.baselinker.com\/products\/14476\/ad0737b665279ea67d8e0b78ef37ceef.jpg\" \/><br \/>\n        <\/section>\n<\/p><\/div>\n<\/section>\n<section class=\"section\">\n<div class=\"item item-12\">\n<section class=\"text-item\">\n<h2>\u2705 Kupuj\u0105c u nas zyskujesz wi\u0119cej nasion!<\/h2>\n<p>Zwr\u00f3ci\u0107 uwag\u0119 na mas\u0119 nasion w torebce! Cz\u0119sto ta\u0144sze oferty zawieraj\u0105 jedynie kilka nasion, dlatego bardziej op\u0142acalny jest zakup wi\u0119kszej masy nasion w opakowaniu, kt\u00f3re w przeliczeniu ceny i wagi mog\u0105 okaza\u0107 si\u0119 tak naprawd\u0119 ta\u0144sze!<\/p>\n<ul>\n<li>Kupuj\u0105c wi\u0119ksze opakowanie z<b> jednej paczuszki mo\u017cesz uzyska\u0107 wi\u0119ksz\u0105 liczb\u0119 rozsad<\/b>, przy mniejszym nak\u0142adzie finansowym!<\/li>\n<\/ul>\n<\/section><\/div>\n<\/section>\n<section class=\"section\">\n<div class=\"item item-12\">\n<section class=\"text-item\">\n<h1>WI\u0118KSZE OPAKOWANIE = WI\u0118CEJ NASION = LEPSZA CENA<\/h1>\n<h1><\/h1>\n<\/section><\/div>\n<\/section>\n<section class=\"section\">\n<div class=\"item item-12\">\n<section class=\"image-item\">\n            <img decoding=\"async\" src=\"https:\/\/upload.cdn.baselinker.com\/products\/14476\/3938199e30939bd6cc0205757fb8ee70.jpg\" \/><br \/>\n        <\/section>\n<\/p><\/div>\n<\/section>\n<section class=\"section\">\n<div class=\"item item-12\">\n<section class=\"text-item\">\n<h1>Kup sprawdzone nasiona!<\/h1>\n<ul>\n<li>Nasiona renomowanego<b> POLSKIEGO PRODUCENTA<\/b>!<\/li>\n<li>Sklep wpisany do rejestru i podlegaj\u0105cy pod Wojew\u00f3dzki Inspektorat Ochrony Ro\u015blin i Nasiennictwa.<\/li>\n<li>Ka\u017cda torebka nasion posiada <b>PASZPORT RO\u015aLINY, <\/b>kt\u00f3ry jest gwarancj\u0105, \u017ce nasiona zosta\u0142y skontrolowane\u00a0 i s\u0105 wolne od organizm\u00f3w szkodliwych.<\/li>\n<li>Nasiona, z kt\u00f3rych wyrosn\u0105 Twoje ro\u015bliny powsta\u0142y w tradycyjnej hodowli <b>bez udzia\u0142u genetycznej modyfikacji (BEZ GMO!!! ).<\/b><\/li>\n<\/ul>\n<\/section><\/div>\n<\/section>\n<section class=\"section\">\n<div class=\"item item-12\">\n<section class=\"image-item\">\n            <img decoding=\"async\" src=\"https:\/\/upload.cdn.baselinker.com\/products\/14476\/d19ff7c650beaef9b380d2c93510fe46.png\" \/><br \/>\n        <\/section>\n<\/p><\/div>\n<\/section>\n<section class=\"section\">\n<div class=\"item item-12\">\n<section class=\"text-item\">\n<h1>Ju\u017c nied\u0142ugo puste grz\u0105dki zape\u0142ni\u0105 si\u0119 warzywami!<\/h1>\n<p>\u2705 <b>Wyhoduj w\u0142asne warzywa<\/b>, kt\u00f3re b\u0119d\u0105 zdrowe, smaczne \u00a0i ekologiczne. Spraw, \u017ce z ka\u017cdego nasionka wyro\u015bnie upragnione warzywo, kt\u00f3re b\u0119dzie \u017ar\u00f3d\u0142em \u00a0wielu witamin, soli mineralnych i innych sk\u0142adnik\u00f3w od\u017cywczych.<\/p>\n<p>\u2705 Samodzielna uprawa ro\u015blin to<b> gwarancja, \u017ce warzywa s\u0105 zdrowe<\/b>, nie zawieraj\u0105 pestycyd\u00f3w ani innych szkodliwych zwi\u0105zk\u00f3w chemicznych.<\/p>\n<\/section><\/div>\n<\/section>\n<section class=\"section\">\n<div class=\"item item-12\">\n<section class=\"image-item\">\n            <img decoding=\"async\" src=\"https:\/\/upload.cdn.baselinker.com\/products\/14476\/c2ea3fd3a36ebdfbad27ccb064c30aeb.jpg\" \/><br \/>\n        <\/section>\n<\/p><\/div>\n<\/section>\n","protected":false},"excerpt":{"rendered":"<p>POMIDOR MALINOWY O\u017bAROWSKI WCZESNY NASIONA BEZ GMO \u2705 Informacje og\u00f3lne: Liczba nasion: 250-270 szt. w gramie Norma wysiewu: 0,2-0,3kg\/ha (z rozsady) Norma wysiewu: 1,5-2kg\/ha (do gruntu) \u2705 Terminy wysiewu\/zbioru: Termin wysiewu: 2 dekada III-1 dekada IV (rozsada) Termin wysiewu: po\u0142. V (do gruntu) Termin sadzenia rozsady: po\u0142. V-po\u0142. IV Rozstawa: 70-80&#215;40-60 cm Termin zbioru: VII-IX<br \/><a class=\"more-link\" href=\"https:\/\/bobimarket.pl\/index.php\/produkt\/pomidor-malinowy-ozarowski-wczesny-nasiona-bez-gmo\/\"><br \/>\n        Czytaj wi\u0119cej<span class=\"screen-reader-text\"> &#8222;POMIDOR MALINOWY O\u017bAROWSKI WCZESNY NASIONA BEZ GMO&#8221;<\/span><\/a><\/p>\n","protected":false},"featured_media":79691,"template":"","meta":[],"product_cat":[8125],"product_tag":[],"yoast_head":"<!-- This site is optimized with the Yoast SEO plugin v21.0 - https:\/\/yoast.com\/wordpress\/plugins\/seo\/ -->\n<title>POMIDOR MALINOWY O\u017bAROWSKI WCZESNY NASIONA BEZ GMO - BOBIMARKET.pl - Remontuj i urz\u0105dzaj z nami<\/title>\n<meta name=\"robots\" content=\"index, follow, max-snippet:-1, max-image-preview:large, max-video-preview:-1\" \/>\n<link rel=\"canonical\" href=\"https:\/\/bobimarket.pl\/index.php\/produkt\/pomidor-malinowy-ozarowski-wczesny-nasiona-bez-gmo\/\" \/>\n<meta property=\"og:locale\" content=\"pl_PL\" \/>\n<meta property=\"og:type\" content=\"article\" \/>\n<meta property=\"og:title\" content=\"POMIDOR MALINOWY O\u017bAROWSKI WCZESNY NASIONA BEZ GMO - BOBIMARKET.pl - Remontuj i urz\u0105dzaj z nami\" \/>\n<meta property=\"og:description\" content=\"POMIDOR MALINOWY O\u017bAROWSKI WCZESNY NASIONA BEZ GMO \u2705 Informacje og\u00f3lne: Liczba nasion: 250-270 szt. w gramie Norma wysiewu: 0,2-0,3kg\/ha (z rozsady) Norma wysiewu: 1,5-2kg\/ha (do gruntu) \u2705 Terminy wysiewu\/zbioru: Termin wysiewu: 2 dekada III-1 dekada IV (rozsada) Termin wysiewu: po\u0142. V (do gruntu) Termin sadzenia rozsady: po\u0142. V-po\u0142. IV Rozstawa: 70-80&#215;40-60 cm Termin zbioru: VII-IX     Czytaj wi\u0119cej &quot;POMIDOR MALINOWY O\u017bAROWSKI WCZESNY NASIONA BEZ GMO&quot;\" \/>\n<meta property=\"og:url\" content=\"https:\/\/bobimarket.pl\/index.php\/produkt\/pomidor-malinowy-ozarowski-wczesny-nasiona-bez-gmo\/\" \/>\n<meta property=\"og:site_name\" content=\"BOBIMARKET.pl - Remontuj i urz\u0105dzaj z nami\" \/>\n<meta property=\"article:modified_time\" content=\"2025-11-13T19:46:36+00:00\" \/>\n<meta property=\"og:image\" content=\"https:\/\/upload.cdn.baselinker.com\/products\/14476\/442a85906705827df636794a4c7f39a6.jpg\" \/>\n<meta name=\"twitter:card\" content=\"summary_large_image\" \/>\n<meta name=\"twitter:label1\" content=\"Szacowany czas czytania\" \/>\n\t<meta name=\"twitter:data1\" content=\"2 minuty\" \/>\n<script type=\"application\/ld+json\" class=\"yoast-schema-graph\">{\"@context\":\"https:\/\/schema.org\",\"@graph\":[{\"@type\":\"WebPage\",\"@id\":\"https:\/\/bobimarket.pl\/index.php\/produkt\/pomidor-malinowy-ozarowski-wczesny-nasiona-bez-gmo\/\",\"url\":\"https:\/\/bobimarket.pl\/index.php\/produkt\/pomidor-malinowy-ozarowski-wczesny-nasiona-bez-gmo\/\",\"name\":\"POMIDOR MALINOWY O\u017bAROWSKI WCZESNY NASIONA BEZ GMO - BOBIMARKET.pl - Remontuj i urz\u0105dzaj z nami\",\"isPartOf\":{\"@id\":\"https:\/\/bobimarket.pl\/#website\"},\"datePublished\":\"2023-08-29T14:49:40+00:00\",\"dateModified\":\"2025-11-13T19:46:36+00:00\",\"breadcrumb\":{\"@id\":\"https:\/\/bobimarket.pl\/index.php\/produkt\/pomidor-malinowy-ozarowski-wczesny-nasiona-bez-gmo\/#breadcrumb\"},\"inLanguage\":\"pl-PL\",\"potentialAction\":[{\"@type\":\"ReadAction\",\"target\":[\"https:\/\/bobimarket.pl\/index.php\/produkt\/pomidor-malinowy-ozarowski-wczesny-nasiona-bez-gmo\/\"]}]},{\"@type\":\"BreadcrumbList\",\"@id\":\"https:\/\/bobimarket.pl\/index.php\/produkt\/pomidor-malinowy-ozarowski-wczesny-nasiona-bez-gmo\/#breadcrumb\",\"itemListElement\":[{\"@type\":\"ListItem\",\"position\":1,\"name\":\"Strona g\u0142\u00f3wna\",\"item\":\"https:\/\/bobimarket.pl\/\"},{\"@type\":\"ListItem\",\"position\":2,\"name\":\"Sklep\",\"item\":\"https:\/\/bobimarket.pl\/index.php\/shop\/\"},{\"@type\":\"ListItem\",\"position\":3,\"name\":\"POMIDOR MALINOWY O\u017bAROWSKI WCZESNY NASIONA BEZ GMO\"}]},{\"@type\":\"WebSite\",\"@id\":\"https:\/\/bobimarket.pl\/#website\",\"url\":\"https:\/\/bobimarket.pl\/\",\"name\":\"BOBIMARKET.pl - Remontuj i urz\u0105dzaj z nami\",\"description\":\"Remontuj i urz\u0105dzaj z nami\",\"publisher\":{\"@id\":\"https:\/\/bobimarket.pl\/#organization\"},\"potentialAction\":[{\"@type\":\"SearchAction\",\"target\":{\"@type\":\"EntryPoint\",\"urlTemplate\":\"https:\/\/bobimarket.pl\/?s={search_term_string}\"},\"query-input\":\"required name=search_term_string\"}],\"inLanguage\":\"pl-PL\"},{\"@type\":\"Organization\",\"@id\":\"https:\/\/bobimarket.pl\/#organization\",\"name\":\"BOBIMARKET.pl\",\"url\":\"https:\/\/bobimarket.pl\/\",\"logo\":{\"@type\":\"ImageObject\",\"inLanguage\":\"pl-PL\",\"@id\":\"https:\/\/bobimarket.pl\/#\/schema\/logo\/image\/\",\"url\":\"https:\/\/bobimarket.pl\/wp-content\/uploads\/2021\/11\/slogan.png\",\"contentUrl\":\"https:\/\/bobimarket.pl\/wp-content\/uploads\/2021\/11\/slogan.png\",\"width\":2000,\"height\":384,\"caption\":\"BOBIMARKET.pl\"},\"image\":{\"@id\":\"https:\/\/bobimarket.pl\/#\/schema\/logo\/image\/\"}}]}<\/script>\n<!-- \/ Yoast SEO plugin. -->","yoast_head_json":{"title":"POMIDOR MALINOWY O\u017bAROWSKI WCZESNY NASIONA BEZ GMO - BOBIMARKET.pl - Remontuj i urz\u0105dzaj z nami","robots":{"index":"index","follow":"follow","max-snippet":"max-snippet:-1","max-image-preview":"max-image-preview:large","max-video-preview":"max-video-preview:-1"},"canonical":"https:\/\/bobimarket.pl\/index.php\/produkt\/pomidor-malinowy-ozarowski-wczesny-nasiona-bez-gmo\/","og_locale":"pl_PL","og_type":"article","og_title":"POMIDOR MALINOWY O\u017bAROWSKI WCZESNY NASIONA BEZ GMO - BOBIMARKET.pl - Remontuj i urz\u0105dzaj z nami","og_description":"POMIDOR MALINOWY O\u017bAROWSKI WCZESNY NASIONA BEZ GMO \u2705 Informacje og\u00f3lne: Liczba nasion: 250-270 szt. w gramie Norma wysiewu: 0,2-0,3kg\/ha (z rozsady) Norma wysiewu: 1,5-2kg\/ha (do gruntu) \u2705 Terminy wysiewu\/zbioru: Termin wysiewu: 2 dekada III-1 dekada IV (rozsada) Termin wysiewu: po\u0142. V (do gruntu) Termin sadzenia rozsady: po\u0142. V-po\u0142. IV Rozstawa: 70-80&#215;40-60 cm Termin zbioru: VII-IX     Czytaj wi\u0119cej \"POMIDOR MALINOWY O\u017bAROWSKI WCZESNY NASIONA BEZ GMO\"","og_url":"https:\/\/bobimarket.pl\/index.php\/produkt\/pomidor-malinowy-ozarowski-wczesny-nasiona-bez-gmo\/","og_site_name":"BOBIMARKET.pl - Remontuj i urz\u0105dzaj z nami","article_modified_time":"2025-11-13T19:46:36+00:00","og_image":[{"url":"https:\/\/upload.cdn.baselinker.com\/products\/14476\/442a85906705827df636794a4c7f39a6.jpg"}],"twitter_card":"summary_large_image","twitter_misc":{"Szacowany czas czytania":"2 minuty"},"schema":{"@context":"https:\/\/schema.org","@graph":[{"@type":"WebPage","@id":"https:\/\/bobimarket.pl\/index.php\/produkt\/pomidor-malinowy-ozarowski-wczesny-nasiona-bez-gmo\/","url":"https:\/\/bobimarket.pl\/index.php\/produkt\/pomidor-malinowy-ozarowski-wczesny-nasiona-bez-gmo\/","name":"POMIDOR MALINOWY O\u017bAROWSKI WCZESNY NASIONA BEZ GMO - BOBIMARKET.pl - Remontuj i urz\u0105dzaj z nami","isPartOf":{"@id":"https:\/\/bobimarket.pl\/#website"},"datePublished":"2023-08-29T14:49:40+00:00","dateModified":"2025-11-13T19:46:36+00:00","breadcrumb":{"@id":"https:\/\/bobimarket.pl\/index.php\/produkt\/pomidor-malinowy-ozarowski-wczesny-nasiona-bez-gmo\/#breadcrumb"},"inLanguage":"pl-PL","potentialAction":[{"@type":"ReadAction","target":["https:\/\/bobimarket.pl\/index.php\/produkt\/pomidor-malinowy-ozarowski-wczesny-nasiona-bez-gmo\/"]}]},{"@type":"BreadcrumbList","@id":"https:\/\/bobimarket.pl\/index.php\/produkt\/pomidor-malinowy-ozarowski-wczesny-nasiona-bez-gmo\/#breadcrumb","itemListElement":[{"@type":"ListItem","position":1,"name":"Strona g\u0142\u00f3wna","item":"https:\/\/bobimarket.pl\/"},{"@type":"ListItem","position":2,"name":"Sklep","item":"https:\/\/bobimarket.pl\/index.php\/shop\/"},{"@type":"ListItem","position":3,"name":"POMIDOR MALINOWY O\u017bAROWSKI WCZESNY NASIONA BEZ GMO"}]},{"@type":"WebSite","@id":"https:\/\/bobimarket.pl\/#website","url":"https:\/\/bobimarket.pl\/","name":"BOBIMARKET.pl - Remontuj i urz\u0105dzaj z nami","description":"Remontuj i urz\u0105dzaj z nami","publisher":{"@id":"https:\/\/bobimarket.pl\/#organization"},"potentialAction":[{"@type":"SearchAction","target":{"@type":"EntryPoint","urlTemplate":"https:\/\/bobimarket.pl\/?s={search_term_string}"},"query-input":"required name=search_term_string"}],"inLanguage":"pl-PL"},{"@type":"Organization","@id":"https:\/\/bobimarket.pl\/#organization","name":"BOBIMARKET.pl","url":"https:\/\/bobimarket.pl\/","logo":{"@type":"ImageObject","inLanguage":"pl-PL","@id":"https:\/\/bobimarket.pl\/#\/schema\/logo\/image\/","url":"https:\/\/bobimarket.pl\/wp-content\/uploads\/2021\/11\/slogan.png","contentUrl":"https:\/\/bobimarket.pl\/wp-content\/uploads\/2021\/11\/slogan.png","width":2000,"height":384,"caption":"BOBIMARKET.pl"},"image":{"@id":"https:\/\/bobimarket.pl\/#\/schema\/logo\/image\/"}}]}},"_links":{"self":[{"href":"https:\/\/bobimarket.pl\/index.php\/wp-json\/wp\/v2\/product\/79699"}],"collection":[{"href":"https:\/\/bobimarket.pl\/index.php\/wp-json\/wp\/v2\/product"}],"about":[{"href":"https:\/\/bobimarket.pl\/index.php\/wp-json\/wp\/v2\/types\/product"}],"wp:featuredmedia":[{"embeddable":true,"href":"https:\/\/bobimarket.pl\/index.php\/wp-json\/wp\/v2\/media\/79691"}],"wp:attachment":[{"href":"https:\/\/bobimarket.pl\/index.php\/wp-json\/wp\/v2\/media?parent=79699"}],"wp:term":[{"taxonomy":"product_cat","embeddable":true,"href":"https:\/\/bobimarket.pl\/index.php\/wp-json\/wp\/v2\/product_cat?post=79699"},{"taxonomy":"product_tag","embeddable":true,"href":"https:\/\/bobimarket.pl\/index.php\/wp-json\/wp\/v2\/product_tag?post=79699"}],"curies":[{"name":"wp","href":"https:\/\/api.w.org\/{rel}","templated":true}]}}