{"id":80293,"date":"2023-08-29T15:23:02","date_gmt":"2023-08-29T15:23:02","guid":{"rendered":"https:\/\/bobimarket.pl\/index.php\/produkt\/wiertlo-wiertla-do-metalu-kobaltowe-inox-9-mm\/"},"modified":"2025-02-27T13:28:49","modified_gmt":"2025-02-27T13:28:49","slug":"wiertlo-wiertla-do-metalu-kobaltowe-inox-9-mm","status":"publish","type":"product","link":"https:\/\/bobimarket.pl\/index.php\/produkt\/wiertlo-wiertla-do-metalu-kobaltowe-inox-9-mm\/","title":{"rendered":"WIERT\u0141O WIERT\u0141A DO METALU KOBALTOWE INOX 9 MM"},"content":{"rendered":"<section class=\"section\">\n<div class=\"item item-6\">\n<section class=\"image-item\">\n                <img decoding=\"async\" src=\"https:\/\/upload.cdn.baselinker.com\/products\/14476\/b36741d22408b294508da20f8188f9ae.jpg\" \/><br \/>\n            <\/section>\n<\/p><\/div>\n<div class=\"item item-6\">\n<section class=\"text-item\">\n<h2>WIERT\u0141O WIERT\u0141A DO METALU KOBALTOWE INOX 9 MM\u00a0<\/h2>\n<p><b>Dane techniczne:<\/b><\/p>\n<ul>\n<li>Rodzaj: <b>wiert\u0142a kobaltowe<\/b><\/li>\n<li>\u015arednica: <b>9 mm<\/b><\/li>\n<li>K\u0105t wierzcho\u0142ka: <b>135\u00b0<\/b><\/li>\n<li>Materia\u0142: <b>HSS-Cobalt 5%<\/b><\/li>\n<li><b>Chwyt cylindryczny<\/b><\/li>\n<\/ul>\n<\/section><\/div>\n<\/section>\n<section class=\"section\">\n<div class=\"item item-6\">\n<section class=\"image-item\">\n                <img decoding=\"async\" src=\"https:\/\/upload.cdn.baselinker.com\/products\/14476\/b604d50a29dab4b4151a6a7d280bc3c5.jpg\" \/><br \/>\n            <\/section>\n<\/p><\/div>\n<div class=\"item item-6\">\n<section class=\"text-item\">\n<p><b>Przydatny element wyposa\u017cenia Twojej skrzynki narz\u0119dziowej!<\/b><\/p>\n<p>Wiert\u0142a kobaltowe wykonane z <b>stali szybkotn\u0105cej uszlachetnionej zawarto\u015bci\u0105 5% kobaltu<\/b>. Materia\u0142 ten charakteryzuje si\u0119 du\u017c\u0105 twardo\u015bci\u0105 i odporno\u015bci\u0105 na zm\u0119czenie materia\u0142u oraz prac\u0119 w wysokich temperaturach.<\/p>\n<ul>\n<li><b>Uchwyt cylindryczny<\/b> o takiej samej \u015brednicy jak wiert\u0142a umo\u017cliwia o 40% szybszy post\u0119p wiercenia i o 50% zmniejsza posuwow\u0105 si\u0142\u0119 skrawania.<\/li>\n<li>Zastosowany <b>materia\u0142 wzmocniony 5% stopem kobaltu<\/b>, zapewnia niewielki wsp\u00f3\u0142czynnik tarcia i zwi\u0119ksza wydajno\u015b\u0107 wiercenia. Dodatkowo zmniejsza niebezpiecze\u0144stwo przywierania wi\u00f3r\u00f3w do wiert\u0142a.<\/li>\n<\/ul>\n<\/section><\/div>\n<\/section>\n<section class=\"section\">\n<div class=\"item item-6\">\n<section class=\"image-item\">\n                <img decoding=\"async\" src=\"https:\/\/upload.cdn.baselinker.com\/products\/14476\/b36741d22408b294508da20f8188f9ae.jpg\" \/><br \/>\n            <\/section>\n<\/p><\/div>\n<div class=\"item item-6\">\n<section class=\"text-item\">\n<p><b>\u2705 Zastosowanie:<\/b><\/p>\n<p>Przydatne podczas wykonywania profesjonalnych prac. Sprawdz\u0105 si\u0119 r\u00f3wnie\u017c u majsterkowicz\u00f3w w przydomowych warsztatach.<\/p>\n<p>Wiert\u0142a nadaj\u0105 si\u0119 do pracy z wszelkimi materia\u0142ami metalowymi. Przeznaczone s\u0105 do obr\u00f3bki:<\/p>\n<ul>\n<li>stalowych element\u00f3w<\/li>\n<li>stali nierdzewnej<\/li>\n<li>metali<\/li>\n<li>blachy<\/li>\n<li>metali kolorowych<\/li>\n<\/ul>\n<\/section><\/div>\n<\/section>\n<section class=\"section\">\n<div class=\"item item-12\">\n<section class=\"image-item\">\n                <img decoding=\"async\" src=\"https:\/\/upload.cdn.baselinker.com\/products\/14476\/771fcdf236fab7b6197837e57bfb4f9e.jpg\" \/><br \/>\n            <\/section>\n<\/p><\/div>\n<\/section>\n","protected":false},"excerpt":{"rendered":"<p>WIERT\u0141O WIERT\u0141A DO METALU KOBALTOWE INOX 9 MM\u00a0 Dane techniczne: Rodzaj: wiert\u0142a kobaltowe \u015arednica: 9 mm K\u0105t wierzcho\u0142ka: 135\u00b0 Materia\u0142: HSS-Cobalt 5% Chwyt cylindryczny Przydatny element wyposa\u017cenia Twojej skrzynki narz\u0119dziowej! Wiert\u0142a kobaltowe wykonane z stali szybkotn\u0105cej uszlachetnionej zawarto\u015bci\u0105 5% kobaltu. Materia\u0142 ten charakteryzuje si\u0119 du\u017c\u0105 twardo\u015bci\u0105 i odporno\u015bci\u0105 na zm\u0119czenie materia\u0142u oraz prac\u0119 w wysokich<br \/><a class=\"more-link\" href=\"https:\/\/bobimarket.pl\/index.php\/produkt\/wiertlo-wiertla-do-metalu-kobaltowe-inox-9-mm\/\"><br \/>\n        Czytaj wi\u0119cej<span class=\"screen-reader-text\"> &#8222;WIERT\u0141O WIERT\u0141A DO METALU KOBALTOWE INOX 9 MM&#8221;<\/span><\/a><\/p>\n","protected":false},"featured_media":80289,"template":"","meta":[],"product_cat":[8108],"product_tag":[],"yoast_head":"<!-- This site is optimized with the Yoast SEO plugin v21.0 - https:\/\/yoast.com\/wordpress\/plugins\/seo\/ -->\n<title>WIERT\u0141O WIERT\u0141A DO METALU KOBALTOWE INOX 9 MM - BOBIMARKET.pl - Remontuj i urz\u0105dzaj z nami<\/title>\n<meta name=\"robots\" content=\"index, follow, max-snippet:-1, max-image-preview:large, max-video-preview:-1\" \/>\n<link rel=\"canonical\" href=\"https:\/\/bobimarket.pl\/index.php\/produkt\/wiertlo-wiertla-do-metalu-kobaltowe-inox-9-mm\/\" \/>\n<meta property=\"og:locale\" content=\"pl_PL\" \/>\n<meta property=\"og:type\" content=\"article\" \/>\n<meta property=\"og:title\" content=\"WIERT\u0141O WIERT\u0141A DO METALU KOBALTOWE INOX 9 MM - BOBIMARKET.pl - Remontuj i urz\u0105dzaj z nami\" \/>\n<meta property=\"og:description\" content=\"WIERT\u0141O WIERT\u0141A DO METALU KOBALTOWE INOX 9 MM\u00a0 Dane techniczne: Rodzaj: wiert\u0142a kobaltowe \u015arednica: 9 mm K\u0105t wierzcho\u0142ka: 135\u00b0 Materia\u0142: HSS-Cobalt 5% Chwyt cylindryczny Przydatny element wyposa\u017cenia Twojej skrzynki narz\u0119dziowej! Wiert\u0142a kobaltowe wykonane z stali szybkotn\u0105cej uszlachetnionej zawarto\u015bci\u0105 5% kobaltu. Materia\u0142 ten charakteryzuje si\u0119 du\u017c\u0105 twardo\u015bci\u0105 i odporno\u015bci\u0105 na zm\u0119czenie materia\u0142u oraz prac\u0119 w wysokich     Czytaj wi\u0119cej &quot;WIERT\u0141O WIERT\u0141A DO METALU KOBALTOWE INOX 9 MM&quot;\" \/>\n<meta property=\"og:url\" content=\"https:\/\/bobimarket.pl\/index.php\/produkt\/wiertlo-wiertla-do-metalu-kobaltowe-inox-9-mm\/\" \/>\n<meta property=\"og:site_name\" content=\"BOBIMARKET.pl - Remontuj i urz\u0105dzaj z nami\" \/>\n<meta property=\"article:modified_time\" content=\"2025-02-27T13:28:49+00:00\" \/>\n<meta property=\"og:image\" content=\"https:\/\/upload.cdn.baselinker.com\/products\/14476\/b36741d22408b294508da20f8188f9ae.jpg\" \/>\n<meta name=\"twitter:card\" content=\"summary_large_image\" \/>\n<meta name=\"twitter:label1\" content=\"Szacowany czas czytania\" \/>\n\t<meta name=\"twitter:data1\" content=\"1 minuta\" \/>\n<script type=\"application\/ld+json\" class=\"yoast-schema-graph\">{\"@context\":\"https:\/\/schema.org\",\"@graph\":[{\"@type\":\"WebPage\",\"@id\":\"https:\/\/bobimarket.pl\/index.php\/produkt\/wiertlo-wiertla-do-metalu-kobaltowe-inox-9-mm\/\",\"url\":\"https:\/\/bobimarket.pl\/index.php\/produkt\/wiertlo-wiertla-do-metalu-kobaltowe-inox-9-mm\/\",\"name\":\"WIERT\u0141O WIERT\u0141A DO METALU KOBALTOWE INOX 9 MM - BOBIMARKET.pl - Remontuj i urz\u0105dzaj z nami\",\"isPartOf\":{\"@id\":\"https:\/\/bobimarket.pl\/#website\"},\"datePublished\":\"2023-08-29T15:23:02+00:00\",\"dateModified\":\"2025-02-27T13:28:49+00:00\",\"breadcrumb\":{\"@id\":\"https:\/\/bobimarket.pl\/index.php\/produkt\/wiertlo-wiertla-do-metalu-kobaltowe-inox-9-mm\/#breadcrumb\"},\"inLanguage\":\"pl-PL\",\"potentialAction\":[{\"@type\":\"ReadAction\",\"target\":[\"https:\/\/bobimarket.pl\/index.php\/produkt\/wiertlo-wiertla-do-metalu-kobaltowe-inox-9-mm\/\"]}]},{\"@type\":\"BreadcrumbList\",\"@id\":\"https:\/\/bobimarket.pl\/index.php\/produkt\/wiertlo-wiertla-do-metalu-kobaltowe-inox-9-mm\/#breadcrumb\",\"itemListElement\":[{\"@type\":\"ListItem\",\"position\":1,\"name\":\"Strona g\u0142\u00f3wna\",\"item\":\"https:\/\/bobimarket.pl\/\"},{\"@type\":\"ListItem\",\"position\":2,\"name\":\"Sklep\",\"item\":\"https:\/\/bobimarket.pl\/index.php\/shop\/\"},{\"@type\":\"ListItem\",\"position\":3,\"name\":\"WIERT\u0141O WIERT\u0141A DO METALU KOBALTOWE INOX 9 MM\"}]},{\"@type\":\"WebSite\",\"@id\":\"https:\/\/bobimarket.pl\/#website\",\"url\":\"https:\/\/bobimarket.pl\/\",\"name\":\"BOBIMARKET.pl - Remontuj i urz\u0105dzaj z nami\",\"description\":\"Remontuj i urz\u0105dzaj z nami\",\"publisher\":{\"@id\":\"https:\/\/bobimarket.pl\/#organization\"},\"potentialAction\":[{\"@type\":\"SearchAction\",\"target\":{\"@type\":\"EntryPoint\",\"urlTemplate\":\"https:\/\/bobimarket.pl\/?s={search_term_string}\"},\"query-input\":\"required name=search_term_string\"}],\"inLanguage\":\"pl-PL\"},{\"@type\":\"Organization\",\"@id\":\"https:\/\/bobimarket.pl\/#organization\",\"name\":\"BOBIMARKET.pl\",\"url\":\"https:\/\/bobimarket.pl\/\",\"logo\":{\"@type\":\"ImageObject\",\"inLanguage\":\"pl-PL\",\"@id\":\"https:\/\/bobimarket.pl\/#\/schema\/logo\/image\/\",\"url\":\"https:\/\/bobimarket.pl\/wp-content\/uploads\/2021\/11\/slogan.png\",\"contentUrl\":\"https:\/\/bobimarket.pl\/wp-content\/uploads\/2021\/11\/slogan.png\",\"width\":2000,\"height\":384,\"caption\":\"BOBIMARKET.pl\"},\"image\":{\"@id\":\"https:\/\/bobimarket.pl\/#\/schema\/logo\/image\/\"}}]}<\/script>\n<!-- \/ Yoast SEO plugin. -->","yoast_head_json":{"title":"WIERT\u0141O WIERT\u0141A DO METALU KOBALTOWE INOX 9 MM - BOBIMARKET.pl - Remontuj i urz\u0105dzaj z nami","robots":{"index":"index","follow":"follow","max-snippet":"max-snippet:-1","max-image-preview":"max-image-preview:large","max-video-preview":"max-video-preview:-1"},"canonical":"https:\/\/bobimarket.pl\/index.php\/produkt\/wiertlo-wiertla-do-metalu-kobaltowe-inox-9-mm\/","og_locale":"pl_PL","og_type":"article","og_title":"WIERT\u0141O WIERT\u0141A DO METALU KOBALTOWE INOX 9 MM - BOBIMARKET.pl - Remontuj i urz\u0105dzaj z nami","og_description":"WIERT\u0141O WIERT\u0141A DO METALU KOBALTOWE INOX 9 MM\u00a0 Dane techniczne: Rodzaj: wiert\u0142a kobaltowe \u015arednica: 9 mm K\u0105t wierzcho\u0142ka: 135\u00b0 Materia\u0142: HSS-Cobalt 5% Chwyt cylindryczny Przydatny element wyposa\u017cenia Twojej skrzynki narz\u0119dziowej! Wiert\u0142a kobaltowe wykonane z stali szybkotn\u0105cej uszlachetnionej zawarto\u015bci\u0105 5% kobaltu. Materia\u0142 ten charakteryzuje si\u0119 du\u017c\u0105 twardo\u015bci\u0105 i odporno\u015bci\u0105 na zm\u0119czenie materia\u0142u oraz prac\u0119 w wysokich     Czytaj wi\u0119cej \"WIERT\u0141O WIERT\u0141A DO METALU KOBALTOWE INOX 9 MM\"","og_url":"https:\/\/bobimarket.pl\/index.php\/produkt\/wiertlo-wiertla-do-metalu-kobaltowe-inox-9-mm\/","og_site_name":"BOBIMARKET.pl - Remontuj i urz\u0105dzaj z nami","article_modified_time":"2025-02-27T13:28:49+00:00","og_image":[{"url":"https:\/\/upload.cdn.baselinker.com\/products\/14476\/b36741d22408b294508da20f8188f9ae.jpg"}],"twitter_card":"summary_large_image","twitter_misc":{"Szacowany czas czytania":"1 minuta"},"schema":{"@context":"https:\/\/schema.org","@graph":[{"@type":"WebPage","@id":"https:\/\/bobimarket.pl\/index.php\/produkt\/wiertlo-wiertla-do-metalu-kobaltowe-inox-9-mm\/","url":"https:\/\/bobimarket.pl\/index.php\/produkt\/wiertlo-wiertla-do-metalu-kobaltowe-inox-9-mm\/","name":"WIERT\u0141O WIERT\u0141A DO METALU KOBALTOWE INOX 9 MM - BOBIMARKET.pl - Remontuj i urz\u0105dzaj z nami","isPartOf":{"@id":"https:\/\/bobimarket.pl\/#website"},"datePublished":"2023-08-29T15:23:02+00:00","dateModified":"2025-02-27T13:28:49+00:00","breadcrumb":{"@id":"https:\/\/bobimarket.pl\/index.php\/produkt\/wiertlo-wiertla-do-metalu-kobaltowe-inox-9-mm\/#breadcrumb"},"inLanguage":"pl-PL","potentialAction":[{"@type":"ReadAction","target":["https:\/\/bobimarket.pl\/index.php\/produkt\/wiertlo-wiertla-do-metalu-kobaltowe-inox-9-mm\/"]}]},{"@type":"BreadcrumbList","@id":"https:\/\/bobimarket.pl\/index.php\/produkt\/wiertlo-wiertla-do-metalu-kobaltowe-inox-9-mm\/#breadcrumb","itemListElement":[{"@type":"ListItem","position":1,"name":"Strona g\u0142\u00f3wna","item":"https:\/\/bobimarket.pl\/"},{"@type":"ListItem","position":2,"name":"Sklep","item":"https:\/\/bobimarket.pl\/index.php\/shop\/"},{"@type":"ListItem","position":3,"name":"WIERT\u0141O WIERT\u0141A DO METALU KOBALTOWE INOX 9 MM"}]},{"@type":"WebSite","@id":"https:\/\/bobimarket.pl\/#website","url":"https:\/\/bobimarket.pl\/","name":"BOBIMARKET.pl - Remontuj i urz\u0105dzaj z nami","description":"Remontuj i urz\u0105dzaj z nami","publisher":{"@id":"https:\/\/bobimarket.pl\/#organization"},"potentialAction":[{"@type":"SearchAction","target":{"@type":"EntryPoint","urlTemplate":"https:\/\/bobimarket.pl\/?s={search_term_string}"},"query-input":"required name=search_term_string"}],"inLanguage":"pl-PL"},{"@type":"Organization","@id":"https:\/\/bobimarket.pl\/#organization","name":"BOBIMARKET.pl","url":"https:\/\/bobimarket.pl\/","logo":{"@type":"ImageObject","inLanguage":"pl-PL","@id":"https:\/\/bobimarket.pl\/#\/schema\/logo\/image\/","url":"https:\/\/bobimarket.pl\/wp-content\/uploads\/2021\/11\/slogan.png","contentUrl":"https:\/\/bobimarket.pl\/wp-content\/uploads\/2021\/11\/slogan.png","width":2000,"height":384,"caption":"BOBIMARKET.pl"},"image":{"@id":"https:\/\/bobimarket.pl\/#\/schema\/logo\/image\/"}}]}},"_links":{"self":[{"href":"https:\/\/bobimarket.pl\/index.php\/wp-json\/wp\/v2\/product\/80293"}],"collection":[{"href":"https:\/\/bobimarket.pl\/index.php\/wp-json\/wp\/v2\/product"}],"about":[{"href":"https:\/\/bobimarket.pl\/index.php\/wp-json\/wp\/v2\/types\/product"}],"wp:featuredmedia":[{"embeddable":true,"href":"https:\/\/bobimarket.pl\/index.php\/wp-json\/wp\/v2\/media\/80289"}],"wp:attachment":[{"href":"https:\/\/bobimarket.pl\/index.php\/wp-json\/wp\/v2\/media?parent=80293"}],"wp:term":[{"taxonomy":"product_cat","embeddable":true,"href":"https:\/\/bobimarket.pl\/index.php\/wp-json\/wp\/v2\/product_cat?post=80293"},{"taxonomy":"product_tag","embeddable":true,"href":"https:\/\/bobimarket.pl\/index.php\/wp-json\/wp\/v2\/product_tag?post=80293"}],"curies":[{"name":"wp","href":"https:\/\/api.w.org\/{rel}","templated":true}]}}