{"id":80372,"date":"2023-08-29T15:27:22","date_gmt":"2023-08-29T15:27:22","guid":{"rendered":"https:\/\/bobimarket.pl\/index.php\/produkt\/pedzel-paskowy-okragly-malarski-8mm\/"},"modified":"2025-02-27T13:29:49","modified_gmt":"2025-02-27T13:29:49","slug":"pedzel-paskowy-okragly-malarski-8mm","status":"publish","type":"product","link":"https:\/\/bobimarket.pl\/index.php\/produkt\/pedzel-paskowy-okragly-malarski-8mm\/","title":{"rendered":"P\u0118DZEL PASKOWY OKR\u0104G\u0141Y MALARSKI 8MM"},"content":{"rendered":"<section class=\"section\">\n<div class=\"item item-12\">\n<section class=\"text-item\">\n<h2>P\u0118DZEL PASKOWY OKR\u0104G\u0141Y MALARSKI\u00a0 8MM<\/h2>\n<ul>\n<li>\u015arednica:<b> 8mm<\/b><\/li>\n<li>D\u0142ugo\u015b\u0107 w\u0142osia: <b>+\/-3cm<\/b><\/li>\n<li>Precyzyjnie wykonany Drewniany uchwyt<\/li>\n<li>G\u0119ste w\u0142osie\u00a0wykonane zosta\u0142o z <b>wysokiej jako\u015bci\u00a0naturalnej szczeciny<\/b><\/li>\n<\/ul>\n<\/section><\/div>\n<\/section>\n<section class=\"section\">\n<div class=\"item item-12\">\n<section class=\"image-item\">\n            <img decoding=\"async\" src=\"https:\/\/upload.cdn.baselinker.com\/products\/14476\/acb3997b27c540588a7f3ff60cda67f4.jpg\" \/><br \/>\n        <\/section>\n<\/p><\/div>\n<\/section>\n<section class=\"section\">\n<div class=\"item item-12\">\n<section class=\"text-item\">\n<p><b>\u2705 ZASTOSOWANIE:<\/b><\/p>\n<p>P\u0119dzel paskowy okr\u0105g\u0142y\u00a0 s\u0142u\u017cy do precyzyjnego nak\u0142adania farb. \u015awietnie nadaje si\u0119 do prac wyko\u0144czeniowych, malowania i gruntowania.\u00a0\u00a0 Mo\u017cna go czy\u015bci\u0107 za pomoc\u0105 rozpuszczalnik\u00f3w, co sprawia, \u017ce sprz\u0105tanie po zako\u0144czeniu prac przebiega komfortowo. Sprawd\u017a r\u00f3wnie\u017c inne p\u0119dzle dost\u0119pne w naszym sklepie.<\/p>\n<\/section><\/div>\n<\/section>\n<section class=\"section\">\n<div class=\"item item-12\">\n<section class=\"image-item\">\n            <img decoding=\"async\" src=\"https:\/\/upload.cdn.baselinker.com\/products\/14476\/da37a398de83c54314487d985cd5131b.jpg\" \/><br \/>\n        <\/section>\n<\/p><\/div>\n<\/section>\n","protected":false},"excerpt":{"rendered":"<p>P\u0118DZEL PASKOWY OKR\u0104G\u0141Y MALARSKI\u00a0 8MM \u015arednica: 8mm D\u0142ugo\u015b\u0107 w\u0142osia: +\/-3cm Precyzyjnie wykonany Drewniany uchwyt G\u0119ste w\u0142osie\u00a0wykonane zosta\u0142o z wysokiej jako\u015bci\u00a0naturalnej szczeciny \u2705 ZASTOSOWANIE: P\u0119dzel paskowy okr\u0105g\u0142y\u00a0 s\u0142u\u017cy do precyzyjnego nak\u0142adania farb. \u015awietnie nadaje si\u0119 do prac wyko\u0144czeniowych, malowania i gruntowania.\u00a0\u00a0 Mo\u017cna go czy\u015bci\u0107 za pomoc\u0105 rozpuszczalnik\u00f3w, co sprawia, \u017ce sprz\u0105tanie po zako\u0144czeniu prac przebiega komfortowo.<br \/><a class=\"more-link\" href=\"https:\/\/bobimarket.pl\/index.php\/produkt\/pedzel-paskowy-okragly-malarski-8mm\/\"><br \/>\n        Czytaj wi\u0119cej<span class=\"screen-reader-text\"> &#8222;P\u0118DZEL PASKOWY OKR\u0104G\u0141Y MALARSKI 8MM&#8221;<\/span><\/a><\/p>\n","protected":false},"featured_media":80369,"template":"","meta":[],"product_cat":[8132],"product_tag":[],"yoast_head":"<!-- This site is optimized with the Yoast SEO plugin v21.0 - https:\/\/yoast.com\/wordpress\/plugins\/seo\/ -->\n<title>P\u0118DZEL PASKOWY OKR\u0104G\u0141Y MALARSKI 8MM - BOBIMARKET.pl - Remontuj i urz\u0105dzaj z nami<\/title>\n<meta name=\"robots\" content=\"index, follow, max-snippet:-1, max-image-preview:large, max-video-preview:-1\" \/>\n<link rel=\"canonical\" href=\"https:\/\/bobimarket.pl\/index.php\/produkt\/pedzel-paskowy-okragly-malarski-8mm\/\" \/>\n<meta property=\"og:locale\" content=\"pl_PL\" \/>\n<meta property=\"og:type\" content=\"article\" \/>\n<meta property=\"og:title\" content=\"P\u0118DZEL PASKOWY OKR\u0104G\u0141Y MALARSKI 8MM - BOBIMARKET.pl - Remontuj i urz\u0105dzaj z nami\" \/>\n<meta property=\"og:description\" content=\"P\u0118DZEL PASKOWY OKR\u0104G\u0141Y MALARSKI\u00a0 8MM \u015arednica: 8mm D\u0142ugo\u015b\u0107 w\u0142osia: +\/-3cm Precyzyjnie wykonany Drewniany uchwyt G\u0119ste w\u0142osie\u00a0wykonane zosta\u0142o z wysokiej jako\u015bci\u00a0naturalnej szczeciny \u2705 ZASTOSOWANIE: P\u0119dzel paskowy okr\u0105g\u0142y\u00a0 s\u0142u\u017cy do precyzyjnego nak\u0142adania farb. \u015awietnie nadaje si\u0119 do prac wyko\u0144czeniowych, malowania i gruntowania.\u00a0\u00a0 Mo\u017cna go czy\u015bci\u0107 za pomoc\u0105 rozpuszczalnik\u00f3w, co sprawia, \u017ce sprz\u0105tanie po zako\u0144czeniu prac przebiega komfortowo.     Czytaj wi\u0119cej &quot;P\u0118DZEL PASKOWY OKR\u0104G\u0141Y MALARSKI 8MM&quot;\" \/>\n<meta property=\"og:url\" content=\"https:\/\/bobimarket.pl\/index.php\/produkt\/pedzel-paskowy-okragly-malarski-8mm\/\" \/>\n<meta property=\"og:site_name\" content=\"BOBIMARKET.pl - Remontuj i urz\u0105dzaj z nami\" \/>\n<meta property=\"article:modified_time\" content=\"2025-02-27T13:29:49+00:00\" \/>\n<meta property=\"og:image\" content=\"https:\/\/upload.cdn.baselinker.com\/products\/14476\/acb3997b27c540588a7f3ff60cda67f4.jpg\" \/>\n<meta name=\"twitter:card\" content=\"summary_large_image\" \/>\n<script type=\"application\/ld+json\" class=\"yoast-schema-graph\">{\"@context\":\"https:\/\/schema.org\",\"@graph\":[{\"@type\":\"WebPage\",\"@id\":\"https:\/\/bobimarket.pl\/index.php\/produkt\/pedzel-paskowy-okragly-malarski-8mm\/\",\"url\":\"https:\/\/bobimarket.pl\/index.php\/produkt\/pedzel-paskowy-okragly-malarski-8mm\/\",\"name\":\"P\u0118DZEL PASKOWY OKR\u0104G\u0141Y MALARSKI 8MM - BOBIMARKET.pl - Remontuj i urz\u0105dzaj z nami\",\"isPartOf\":{\"@id\":\"https:\/\/bobimarket.pl\/#website\"},\"datePublished\":\"2023-08-29T15:27:22+00:00\",\"dateModified\":\"2025-02-27T13:29:49+00:00\",\"breadcrumb\":{\"@id\":\"https:\/\/bobimarket.pl\/index.php\/produkt\/pedzel-paskowy-okragly-malarski-8mm\/#breadcrumb\"},\"inLanguage\":\"pl-PL\",\"potentialAction\":[{\"@type\":\"ReadAction\",\"target\":[\"https:\/\/bobimarket.pl\/index.php\/produkt\/pedzel-paskowy-okragly-malarski-8mm\/\"]}]},{\"@type\":\"BreadcrumbList\",\"@id\":\"https:\/\/bobimarket.pl\/index.php\/produkt\/pedzel-paskowy-okragly-malarski-8mm\/#breadcrumb\",\"itemListElement\":[{\"@type\":\"ListItem\",\"position\":1,\"name\":\"Strona g\u0142\u00f3wna\",\"item\":\"https:\/\/bobimarket.pl\/\"},{\"@type\":\"ListItem\",\"position\":2,\"name\":\"Sklep\",\"item\":\"https:\/\/bobimarket.pl\/index.php\/shop\/\"},{\"@type\":\"ListItem\",\"position\":3,\"name\":\"P\u0118DZEL PASKOWY OKR\u0104G\u0141Y MALARSKI 8MM\"}]},{\"@type\":\"WebSite\",\"@id\":\"https:\/\/bobimarket.pl\/#website\",\"url\":\"https:\/\/bobimarket.pl\/\",\"name\":\"BOBIMARKET.pl - Remontuj i urz\u0105dzaj z nami\",\"description\":\"Remontuj i urz\u0105dzaj z nami\",\"publisher\":{\"@id\":\"https:\/\/bobimarket.pl\/#organization\"},\"potentialAction\":[{\"@type\":\"SearchAction\",\"target\":{\"@type\":\"EntryPoint\",\"urlTemplate\":\"https:\/\/bobimarket.pl\/?s={search_term_string}\"},\"query-input\":\"required name=search_term_string\"}],\"inLanguage\":\"pl-PL\"},{\"@type\":\"Organization\",\"@id\":\"https:\/\/bobimarket.pl\/#organization\",\"name\":\"BOBIMARKET.pl\",\"url\":\"https:\/\/bobimarket.pl\/\",\"logo\":{\"@type\":\"ImageObject\",\"inLanguage\":\"pl-PL\",\"@id\":\"https:\/\/bobimarket.pl\/#\/schema\/logo\/image\/\",\"url\":\"https:\/\/bobimarket.pl\/wp-content\/uploads\/2021\/11\/slogan.png\",\"contentUrl\":\"https:\/\/bobimarket.pl\/wp-content\/uploads\/2021\/11\/slogan.png\",\"width\":2000,\"height\":384,\"caption\":\"BOBIMARKET.pl\"},\"image\":{\"@id\":\"https:\/\/bobimarket.pl\/#\/schema\/logo\/image\/\"}}]}<\/script>\n<!-- \/ Yoast SEO plugin. -->","yoast_head_json":{"title":"P\u0118DZEL PASKOWY OKR\u0104G\u0141Y MALARSKI 8MM - BOBIMARKET.pl - Remontuj i urz\u0105dzaj z nami","robots":{"index":"index","follow":"follow","max-snippet":"max-snippet:-1","max-image-preview":"max-image-preview:large","max-video-preview":"max-video-preview:-1"},"canonical":"https:\/\/bobimarket.pl\/index.php\/produkt\/pedzel-paskowy-okragly-malarski-8mm\/","og_locale":"pl_PL","og_type":"article","og_title":"P\u0118DZEL PASKOWY OKR\u0104G\u0141Y MALARSKI 8MM - BOBIMARKET.pl - Remontuj i urz\u0105dzaj z nami","og_description":"P\u0118DZEL PASKOWY OKR\u0104G\u0141Y MALARSKI\u00a0 8MM \u015arednica: 8mm D\u0142ugo\u015b\u0107 w\u0142osia: +\/-3cm Precyzyjnie wykonany Drewniany uchwyt G\u0119ste w\u0142osie\u00a0wykonane zosta\u0142o z wysokiej jako\u015bci\u00a0naturalnej szczeciny \u2705 ZASTOSOWANIE: P\u0119dzel paskowy okr\u0105g\u0142y\u00a0 s\u0142u\u017cy do precyzyjnego nak\u0142adania farb. \u015awietnie nadaje si\u0119 do prac wyko\u0144czeniowych, malowania i gruntowania.\u00a0\u00a0 Mo\u017cna go czy\u015bci\u0107 za pomoc\u0105 rozpuszczalnik\u00f3w, co sprawia, \u017ce sprz\u0105tanie po zako\u0144czeniu prac przebiega komfortowo.     Czytaj wi\u0119cej \"P\u0118DZEL PASKOWY OKR\u0104G\u0141Y MALARSKI 8MM\"","og_url":"https:\/\/bobimarket.pl\/index.php\/produkt\/pedzel-paskowy-okragly-malarski-8mm\/","og_site_name":"BOBIMARKET.pl - Remontuj i urz\u0105dzaj z nami","article_modified_time":"2025-02-27T13:29:49+00:00","og_image":[{"url":"https:\/\/upload.cdn.baselinker.com\/products\/14476\/acb3997b27c540588a7f3ff60cda67f4.jpg"}],"twitter_card":"summary_large_image","schema":{"@context":"https:\/\/schema.org","@graph":[{"@type":"WebPage","@id":"https:\/\/bobimarket.pl\/index.php\/produkt\/pedzel-paskowy-okragly-malarski-8mm\/","url":"https:\/\/bobimarket.pl\/index.php\/produkt\/pedzel-paskowy-okragly-malarski-8mm\/","name":"P\u0118DZEL PASKOWY OKR\u0104G\u0141Y MALARSKI 8MM - BOBIMARKET.pl - Remontuj i urz\u0105dzaj z nami","isPartOf":{"@id":"https:\/\/bobimarket.pl\/#website"},"datePublished":"2023-08-29T15:27:22+00:00","dateModified":"2025-02-27T13:29:49+00:00","breadcrumb":{"@id":"https:\/\/bobimarket.pl\/index.php\/produkt\/pedzel-paskowy-okragly-malarski-8mm\/#breadcrumb"},"inLanguage":"pl-PL","potentialAction":[{"@type":"ReadAction","target":["https:\/\/bobimarket.pl\/index.php\/produkt\/pedzel-paskowy-okragly-malarski-8mm\/"]}]},{"@type":"BreadcrumbList","@id":"https:\/\/bobimarket.pl\/index.php\/produkt\/pedzel-paskowy-okragly-malarski-8mm\/#breadcrumb","itemListElement":[{"@type":"ListItem","position":1,"name":"Strona g\u0142\u00f3wna","item":"https:\/\/bobimarket.pl\/"},{"@type":"ListItem","position":2,"name":"Sklep","item":"https:\/\/bobimarket.pl\/index.php\/shop\/"},{"@type":"ListItem","position":3,"name":"P\u0118DZEL PASKOWY OKR\u0104G\u0141Y MALARSKI 8MM"}]},{"@type":"WebSite","@id":"https:\/\/bobimarket.pl\/#website","url":"https:\/\/bobimarket.pl\/","name":"BOBIMARKET.pl - Remontuj i urz\u0105dzaj z nami","description":"Remontuj i urz\u0105dzaj z nami","publisher":{"@id":"https:\/\/bobimarket.pl\/#organization"},"potentialAction":[{"@type":"SearchAction","target":{"@type":"EntryPoint","urlTemplate":"https:\/\/bobimarket.pl\/?s={search_term_string}"},"query-input":"required name=search_term_string"}],"inLanguage":"pl-PL"},{"@type":"Organization","@id":"https:\/\/bobimarket.pl\/#organization","name":"BOBIMARKET.pl","url":"https:\/\/bobimarket.pl\/","logo":{"@type":"ImageObject","inLanguage":"pl-PL","@id":"https:\/\/bobimarket.pl\/#\/schema\/logo\/image\/","url":"https:\/\/bobimarket.pl\/wp-content\/uploads\/2021\/11\/slogan.png","contentUrl":"https:\/\/bobimarket.pl\/wp-content\/uploads\/2021\/11\/slogan.png","width":2000,"height":384,"caption":"BOBIMARKET.pl"},"image":{"@id":"https:\/\/bobimarket.pl\/#\/schema\/logo\/image\/"}}]}},"_links":{"self":[{"href":"https:\/\/bobimarket.pl\/index.php\/wp-json\/wp\/v2\/product\/80372"}],"collection":[{"href":"https:\/\/bobimarket.pl\/index.php\/wp-json\/wp\/v2\/product"}],"about":[{"href":"https:\/\/bobimarket.pl\/index.php\/wp-json\/wp\/v2\/types\/product"}],"wp:featuredmedia":[{"embeddable":true,"href":"https:\/\/bobimarket.pl\/index.php\/wp-json\/wp\/v2\/media\/80369"}],"wp:attachment":[{"href":"https:\/\/bobimarket.pl\/index.php\/wp-json\/wp\/v2\/media?parent=80372"}],"wp:term":[{"taxonomy":"product_cat","embeddable":true,"href":"https:\/\/bobimarket.pl\/index.php\/wp-json\/wp\/v2\/product_cat?post=80372"},{"taxonomy":"product_tag","embeddable":true,"href":"https:\/\/bobimarket.pl\/index.php\/wp-json\/wp\/v2\/product_tag?post=80372"}],"curies":[{"name":"wp","href":"https:\/\/api.w.org\/{rel}","templated":true}]}}