{"id":80379,"date":"2023-08-29T15:28:03","date_gmt":"2023-08-29T15:28:03","guid":{"rendered":"https:\/\/bobimarket.pl\/index.php\/produkt\/tasma-do-podwiazywania-roslin-drzew-zestaw-3szt-3m\/"},"modified":"2025-02-27T13:29:52","modified_gmt":"2025-02-27T13:29:52","slug":"tasma-do-podwiazywania-roslin-drzew-zestaw-3szt-3m","status":"publish","type":"product","link":"https:\/\/bobimarket.pl\/index.php\/produkt\/tasma-do-podwiazywania-roslin-drzew-zestaw-3szt-3m\/","title":{"rendered":"TA\u015aMA DO PODWI\u0104ZYWANIA RO\u015aLIN DRZEW ZESTAW 3szt 3M"},"content":{"rendered":"<section class=\"section\">\n<div class=\"item item-12\">\n<section class=\"text-item\">\n<h2>TA\u015aMA DO PODWI\u0104ZYWANIA RO\u015aLIN DRZEW ZESTAW 3szt 3M<\/h2>\n<p><b>Dane techniczne:<\/b><\/p>\n<ul>\n<li>D\u0142ugo\u015b\u0107: <b>3 m<\/b><\/li>\n<li>Materia\u0142: <b>PCV<\/b><\/li>\n<li>Kolor: <b>zielony<\/b><\/li>\n<\/ul>\n<p><b>Zestaw zawiera 3 szt.<\/b><\/p>\n<\/section><\/div>\n<\/section>\n<section class=\"section\">\n<div class=\"item item-12\">\n<section class=\"image-item\">\n            <img decoding=\"async\" src=\"https:\/\/upload.cdn.baselinker.com\/products\/14476\/99dd02dff1c5b8911ae5dcbc5c4cce91.jpg\" \/><br \/>\n        <\/section>\n<\/p><\/div>\n<\/section>\n<section class=\"section\">\n<div class=\"item item-12\">\n<section class=\"text-item\">\n<p>Ta\u015bma do podwi\u0105zywania ro\u015blin, krzew\u00f3w i drzewek. Wykonana z <b>wytrzyma\u0142ego i trwa\u0142ego tworzyw<\/b>a PCV. Doskonale sprawdzi si\u0119 w ogr\u00f3dkach, na dzia\u0142kach lub na polach uprawnych.<\/p>\n<ul>\n<li><b>Naturalny zielony kolor<\/b> sprawia, \u017ce idealnie komponuje \u00a0si\u0119 z ro\u015blinami.<\/li>\n<li><b>Odporna <\/b>na dzia\u0142anie czynnik\u00f3w atmosferycznych i uszkodzenia mechaniczne.<\/li>\n<\/ul>\n<p>\u2705 <b>Zastosowanie:<\/b><\/p>\n<ul>\n<li>Ta\u015bma <b>zapobiega wyginaniu si\u0119 ro\u015blin<\/b>. Sprawia, \u017ce ro\u015blina trzymaj\u0105 si\u0119\u00a0 w pionie, dodatkowo chronione przed silnym wiatrem.<\/li>\n<li>Nadaje si\u0119 r\u00f3wnie\u017c <b>do podwi\u0105zywania ro\u015blin, pn\u0105czy i m\u0142odych drzewek.<\/b><\/li>\n<\/ul>\n<\/section><\/div>\n<\/section>\n<section class=\"section\">\n<div class=\"item item-12\">\n<section class=\"image-item\">\n            <img decoding=\"async\" src=\"https:\/\/upload.cdn.baselinker.com\/products\/14476\/4096e4d81f971adcd17ad3518e417e1d.jpg\" \/><br \/>\n        <\/section>\n<\/p><\/div>\n<\/section>\n<section class=\"section\">\n<div class=\"item item-12\">\n<section class=\"image-item\">\n            <img decoding=\"async\" src=\"https:\/\/upload.cdn.baselinker.com\/products\/14476\/cfcd80c864ae2d7799ebf2661de736ef.jpg\" \/><br \/>\n        <\/section>\n<\/p><\/div>\n<\/section>\n","protected":false},"excerpt":{"rendered":"<p>TA\u015aMA DO PODWI\u0104ZYWANIA RO\u015aLIN DRZEW ZESTAW 3szt 3M Dane techniczne: D\u0142ugo\u015b\u0107: 3 m Materia\u0142: PCV Kolor: zielony Zestaw zawiera 3 szt. Ta\u015bma do podwi\u0105zywania ro\u015blin, krzew\u00f3w i drzewek. Wykonana z wytrzyma\u0142ego i trwa\u0142ego tworzywa PCV. Doskonale sprawdzi si\u0119 w ogr\u00f3dkach, na dzia\u0142kach lub na polach uprawnych. Naturalny zielony kolor sprawia, \u017ce idealnie komponuje \u00a0si\u0119 z<br \/><a class=\"more-link\" href=\"https:\/\/bobimarket.pl\/index.php\/produkt\/tasma-do-podwiazywania-roslin-drzew-zestaw-3szt-3m\/\"><br \/>\n        Czytaj wi\u0119cej<span class=\"screen-reader-text\"> &#8222;TA\u015aMA DO PODWI\u0104ZYWANIA RO\u015aLIN DRZEW ZESTAW 3szt 3M&#8221;<\/span><\/a><\/p>\n","protected":false},"featured_media":80373,"template":"","meta":[],"product_cat":[8089],"product_tag":[],"yoast_head":"<!-- This site is optimized with the Yoast SEO plugin v21.0 - https:\/\/yoast.com\/wordpress\/plugins\/seo\/ -->\n<title>TA\u015aMA DO PODWI\u0104ZYWANIA RO\u015aLIN DRZEW ZESTAW 3szt 3M - BOBIMARKET.pl - Remontuj i urz\u0105dzaj z nami<\/title>\n<meta name=\"robots\" content=\"index, follow, max-snippet:-1, max-image-preview:large, max-video-preview:-1\" \/>\n<link rel=\"canonical\" href=\"https:\/\/bobimarket.pl\/index.php\/produkt\/tasma-do-podwiazywania-roslin-drzew-zestaw-3szt-3m\/\" \/>\n<meta property=\"og:locale\" content=\"pl_PL\" \/>\n<meta property=\"og:type\" content=\"article\" \/>\n<meta property=\"og:title\" content=\"TA\u015aMA DO PODWI\u0104ZYWANIA RO\u015aLIN DRZEW ZESTAW 3szt 3M - BOBIMARKET.pl - Remontuj i urz\u0105dzaj z nami\" \/>\n<meta property=\"og:description\" content=\"TA\u015aMA DO PODWI\u0104ZYWANIA RO\u015aLIN DRZEW ZESTAW 3szt 3M Dane techniczne: D\u0142ugo\u015b\u0107: 3 m Materia\u0142: PCV Kolor: zielony Zestaw zawiera 3 szt. Ta\u015bma do podwi\u0105zywania ro\u015blin, krzew\u00f3w i drzewek. Wykonana z wytrzyma\u0142ego i trwa\u0142ego tworzywa PCV. Doskonale sprawdzi si\u0119 w ogr\u00f3dkach, na dzia\u0142kach lub na polach uprawnych. Naturalny zielony kolor sprawia, \u017ce idealnie komponuje \u00a0si\u0119 z     Czytaj wi\u0119cej &quot;TA\u015aMA DO PODWI\u0104ZYWANIA RO\u015aLIN DRZEW ZESTAW 3szt 3M&quot;\" \/>\n<meta property=\"og:url\" content=\"https:\/\/bobimarket.pl\/index.php\/produkt\/tasma-do-podwiazywania-roslin-drzew-zestaw-3szt-3m\/\" \/>\n<meta property=\"og:site_name\" content=\"BOBIMARKET.pl - Remontuj i urz\u0105dzaj z nami\" \/>\n<meta property=\"article:modified_time\" content=\"2025-02-27T13:29:52+00:00\" \/>\n<meta property=\"og:image\" content=\"https:\/\/upload.cdn.baselinker.com\/products\/14476\/99dd02dff1c5b8911ae5dcbc5c4cce91.jpg\" \/>\n<meta name=\"twitter:card\" content=\"summary_large_image\" \/>\n<meta name=\"twitter:label1\" content=\"Szacowany czas czytania\" \/>\n\t<meta name=\"twitter:data1\" content=\"1 minuta\" \/>\n<script type=\"application\/ld+json\" class=\"yoast-schema-graph\">{\"@context\":\"https:\/\/schema.org\",\"@graph\":[{\"@type\":\"WebPage\",\"@id\":\"https:\/\/bobimarket.pl\/index.php\/produkt\/tasma-do-podwiazywania-roslin-drzew-zestaw-3szt-3m\/\",\"url\":\"https:\/\/bobimarket.pl\/index.php\/produkt\/tasma-do-podwiazywania-roslin-drzew-zestaw-3szt-3m\/\",\"name\":\"TA\u015aMA DO PODWI\u0104ZYWANIA RO\u015aLIN DRZEW ZESTAW 3szt 3M - BOBIMARKET.pl - Remontuj i urz\u0105dzaj z nami\",\"isPartOf\":{\"@id\":\"https:\/\/bobimarket.pl\/#website\"},\"datePublished\":\"2023-08-29T15:28:03+00:00\",\"dateModified\":\"2025-02-27T13:29:52+00:00\",\"breadcrumb\":{\"@id\":\"https:\/\/bobimarket.pl\/index.php\/produkt\/tasma-do-podwiazywania-roslin-drzew-zestaw-3szt-3m\/#breadcrumb\"},\"inLanguage\":\"pl-PL\",\"potentialAction\":[{\"@type\":\"ReadAction\",\"target\":[\"https:\/\/bobimarket.pl\/index.php\/produkt\/tasma-do-podwiazywania-roslin-drzew-zestaw-3szt-3m\/\"]}]},{\"@type\":\"BreadcrumbList\",\"@id\":\"https:\/\/bobimarket.pl\/index.php\/produkt\/tasma-do-podwiazywania-roslin-drzew-zestaw-3szt-3m\/#breadcrumb\",\"itemListElement\":[{\"@type\":\"ListItem\",\"position\":1,\"name\":\"Strona g\u0142\u00f3wna\",\"item\":\"https:\/\/bobimarket.pl\/\"},{\"@type\":\"ListItem\",\"position\":2,\"name\":\"Sklep\",\"item\":\"https:\/\/bobimarket.pl\/index.php\/shop\/\"},{\"@type\":\"ListItem\",\"position\":3,\"name\":\"TA\u015aMA DO PODWI\u0104ZYWANIA RO\u015aLIN DRZEW ZESTAW 3szt 3M\"}]},{\"@type\":\"WebSite\",\"@id\":\"https:\/\/bobimarket.pl\/#website\",\"url\":\"https:\/\/bobimarket.pl\/\",\"name\":\"BOBIMARKET.pl - Remontuj i urz\u0105dzaj z nami\",\"description\":\"Remontuj i urz\u0105dzaj z nami\",\"publisher\":{\"@id\":\"https:\/\/bobimarket.pl\/#organization\"},\"potentialAction\":[{\"@type\":\"SearchAction\",\"target\":{\"@type\":\"EntryPoint\",\"urlTemplate\":\"https:\/\/bobimarket.pl\/?s={search_term_string}\"},\"query-input\":\"required name=search_term_string\"}],\"inLanguage\":\"pl-PL\"},{\"@type\":\"Organization\",\"@id\":\"https:\/\/bobimarket.pl\/#organization\",\"name\":\"BOBIMARKET.pl\",\"url\":\"https:\/\/bobimarket.pl\/\",\"logo\":{\"@type\":\"ImageObject\",\"inLanguage\":\"pl-PL\",\"@id\":\"https:\/\/bobimarket.pl\/#\/schema\/logo\/image\/\",\"url\":\"https:\/\/bobimarket.pl\/wp-content\/uploads\/2021\/11\/slogan.png\",\"contentUrl\":\"https:\/\/bobimarket.pl\/wp-content\/uploads\/2021\/11\/slogan.png\",\"width\":2000,\"height\":384,\"caption\":\"BOBIMARKET.pl\"},\"image\":{\"@id\":\"https:\/\/bobimarket.pl\/#\/schema\/logo\/image\/\"}}]}<\/script>\n<!-- \/ Yoast SEO plugin. -->","yoast_head_json":{"title":"TA\u015aMA DO PODWI\u0104ZYWANIA RO\u015aLIN DRZEW ZESTAW 3szt 3M - BOBIMARKET.pl - Remontuj i urz\u0105dzaj z nami","robots":{"index":"index","follow":"follow","max-snippet":"max-snippet:-1","max-image-preview":"max-image-preview:large","max-video-preview":"max-video-preview:-1"},"canonical":"https:\/\/bobimarket.pl\/index.php\/produkt\/tasma-do-podwiazywania-roslin-drzew-zestaw-3szt-3m\/","og_locale":"pl_PL","og_type":"article","og_title":"TA\u015aMA DO PODWI\u0104ZYWANIA RO\u015aLIN DRZEW ZESTAW 3szt 3M - BOBIMARKET.pl - Remontuj i urz\u0105dzaj z nami","og_description":"TA\u015aMA DO PODWI\u0104ZYWANIA RO\u015aLIN DRZEW ZESTAW 3szt 3M Dane techniczne: D\u0142ugo\u015b\u0107: 3 m Materia\u0142: PCV Kolor: zielony Zestaw zawiera 3 szt. Ta\u015bma do podwi\u0105zywania ro\u015blin, krzew\u00f3w i drzewek. Wykonana z wytrzyma\u0142ego i trwa\u0142ego tworzywa PCV. Doskonale sprawdzi si\u0119 w ogr\u00f3dkach, na dzia\u0142kach lub na polach uprawnych. Naturalny zielony kolor sprawia, \u017ce idealnie komponuje \u00a0si\u0119 z     Czytaj wi\u0119cej \"TA\u015aMA DO PODWI\u0104ZYWANIA RO\u015aLIN DRZEW ZESTAW 3szt 3M\"","og_url":"https:\/\/bobimarket.pl\/index.php\/produkt\/tasma-do-podwiazywania-roslin-drzew-zestaw-3szt-3m\/","og_site_name":"BOBIMARKET.pl - Remontuj i urz\u0105dzaj z nami","article_modified_time":"2025-02-27T13:29:52+00:00","og_image":[{"url":"https:\/\/upload.cdn.baselinker.com\/products\/14476\/99dd02dff1c5b8911ae5dcbc5c4cce91.jpg"}],"twitter_card":"summary_large_image","twitter_misc":{"Szacowany czas czytania":"1 minuta"},"schema":{"@context":"https:\/\/schema.org","@graph":[{"@type":"WebPage","@id":"https:\/\/bobimarket.pl\/index.php\/produkt\/tasma-do-podwiazywania-roslin-drzew-zestaw-3szt-3m\/","url":"https:\/\/bobimarket.pl\/index.php\/produkt\/tasma-do-podwiazywania-roslin-drzew-zestaw-3szt-3m\/","name":"TA\u015aMA DO PODWI\u0104ZYWANIA RO\u015aLIN DRZEW ZESTAW 3szt 3M - BOBIMARKET.pl - Remontuj i urz\u0105dzaj z nami","isPartOf":{"@id":"https:\/\/bobimarket.pl\/#website"},"datePublished":"2023-08-29T15:28:03+00:00","dateModified":"2025-02-27T13:29:52+00:00","breadcrumb":{"@id":"https:\/\/bobimarket.pl\/index.php\/produkt\/tasma-do-podwiazywania-roslin-drzew-zestaw-3szt-3m\/#breadcrumb"},"inLanguage":"pl-PL","potentialAction":[{"@type":"ReadAction","target":["https:\/\/bobimarket.pl\/index.php\/produkt\/tasma-do-podwiazywania-roslin-drzew-zestaw-3szt-3m\/"]}]},{"@type":"BreadcrumbList","@id":"https:\/\/bobimarket.pl\/index.php\/produkt\/tasma-do-podwiazywania-roslin-drzew-zestaw-3szt-3m\/#breadcrumb","itemListElement":[{"@type":"ListItem","position":1,"name":"Strona g\u0142\u00f3wna","item":"https:\/\/bobimarket.pl\/"},{"@type":"ListItem","position":2,"name":"Sklep","item":"https:\/\/bobimarket.pl\/index.php\/shop\/"},{"@type":"ListItem","position":3,"name":"TA\u015aMA DO PODWI\u0104ZYWANIA RO\u015aLIN DRZEW ZESTAW 3szt 3M"}]},{"@type":"WebSite","@id":"https:\/\/bobimarket.pl\/#website","url":"https:\/\/bobimarket.pl\/","name":"BOBIMARKET.pl - Remontuj i urz\u0105dzaj z nami","description":"Remontuj i urz\u0105dzaj z nami","publisher":{"@id":"https:\/\/bobimarket.pl\/#organization"},"potentialAction":[{"@type":"SearchAction","target":{"@type":"EntryPoint","urlTemplate":"https:\/\/bobimarket.pl\/?s={search_term_string}"},"query-input":"required name=search_term_string"}],"inLanguage":"pl-PL"},{"@type":"Organization","@id":"https:\/\/bobimarket.pl\/#organization","name":"BOBIMARKET.pl","url":"https:\/\/bobimarket.pl\/","logo":{"@type":"ImageObject","inLanguage":"pl-PL","@id":"https:\/\/bobimarket.pl\/#\/schema\/logo\/image\/","url":"https:\/\/bobimarket.pl\/wp-content\/uploads\/2021\/11\/slogan.png","contentUrl":"https:\/\/bobimarket.pl\/wp-content\/uploads\/2021\/11\/slogan.png","width":2000,"height":384,"caption":"BOBIMARKET.pl"},"image":{"@id":"https:\/\/bobimarket.pl\/#\/schema\/logo\/image\/"}}]}},"_links":{"self":[{"href":"https:\/\/bobimarket.pl\/index.php\/wp-json\/wp\/v2\/product\/80379"}],"collection":[{"href":"https:\/\/bobimarket.pl\/index.php\/wp-json\/wp\/v2\/product"}],"about":[{"href":"https:\/\/bobimarket.pl\/index.php\/wp-json\/wp\/v2\/types\/product"}],"wp:featuredmedia":[{"embeddable":true,"href":"https:\/\/bobimarket.pl\/index.php\/wp-json\/wp\/v2\/media\/80373"}],"wp:attachment":[{"href":"https:\/\/bobimarket.pl\/index.php\/wp-json\/wp\/v2\/media?parent=80379"}],"wp:term":[{"taxonomy":"product_cat","embeddable":true,"href":"https:\/\/bobimarket.pl\/index.php\/wp-json\/wp\/v2\/product_cat?post=80379"},{"taxonomy":"product_tag","embeddable":true,"href":"https:\/\/bobimarket.pl\/index.php\/wp-json\/wp\/v2\/product_tag?post=80379"}],"curies":[{"name":"wp","href":"https:\/\/api.w.org\/{rel}","templated":true}]}}