{"id":80420,"date":"2023-08-29T15:29:38","date_gmt":"2023-08-29T15:29:38","guid":{"rendered":"https:\/\/bobimarket.pl\/index.php\/produkt\/adapter-do-otwornic-bimetalowych-32-168-mm-hex\/"},"modified":"2025-02-27T13:30:30","modified_gmt":"2025-02-27T13:30:30","slug":"adapter-do-otwornic-bimetalowych-32-168-mm-hex","status":"publish","type":"product","link":"https:\/\/bobimarket.pl\/index.php\/produkt\/adapter-do-otwornic-bimetalowych-32-168-mm-hex\/","title":{"rendered":"ADAPTER DO OTWORNIC BIMETALOWYCH 32-168 mm HEX"},"content":{"rendered":"<section class=\"section\">\n<div class=\"item item-6\">\n<section class=\"image-item\">\n            <img decoding=\"async\" src=\"https:\/\/upload.cdn.baselinker.com\/products\/14476\/814e4f20983b6d3853e239d8a50e0f01.jpg\" \/><br \/>\n        <\/section>\n<\/p><\/div>\n<div class=\"item item-6\">\n<section class=\"text-item\">\n<h2>ADAPTER DO OTWORNIC BIMETALOWYCH\u00a0 32-168 mm HEX<\/h2>\n<p><b>Dane techniczne:<\/b><\/p>\n<ul>\n<li>Materia\u0142:<b> stal<\/b><\/li>\n<li>Typ mocowanie: <b>HEX <\/b><\/li>\n<li>\u015arednica otwornicy:<b> 32-168 mm<\/b><\/li>\n<\/ul>\n<\/section><\/div>\n<\/section>\n<section class=\"section\">\n<div class=\"item item-6\">\n<section class=\"image-item\">\n            <img decoding=\"async\" src=\"https:\/\/upload.cdn.baselinker.com\/products\/14476\/51a9fb84d60aa231c3a2997cf137b4c4.jpg\" \/><br \/>\n        <\/section>\n<\/p><\/div>\n<div class=\"item item-6\">\n<section class=\"text-item\">\n<p>Adapter z wiert\u0142em prowadz\u0105cym odpowiedni do wsp\u00f3\u0142pracy z otwornicami BiMetalowymi o <b>\u015brednicy 32-168 mm.<\/b><\/p>\n<p>Adapter wyposa\u017cony jest w ko\u0144c\u00f3wk\u0119<b> HEX<\/b> przeznaczon\u0105 do monta\u017cu w wiertarkach podczas wiercenia w metalach, drewnie lub tworzywach. Standardowa ko\u0144c\u00f3wka sprawia, \u017ce adapter b\u0119dzie pasowa\u0107 do wi\u0119kszo\u015bci dost\u0119pnych na rynku wiertarek.<\/p>\n<ul>\n<li>Precyzyjny mechanizm mocuj\u0105cy zapewnia 20-30% <b>d\u0142u\u017csz\u0105 \u017cywotno\u015bci<\/b> otwornicy.<\/li>\n<li>Dwa trzpienie blokuj\u0105ce <b>zapobiegaj\u0105 luzowanie si\u0119 otwornicy<\/b> podczas wiercenia.<\/li>\n<\/ul>\n<\/section><\/div>\n<\/section>\n<section class=\"section\">\n<div class=\"item item-12\">\n<section class=\"image-item\">\n            <img decoding=\"async\" src=\"https:\/\/upload.cdn.baselinker.com\/products\/14476\/8faa4ce56582385bf912d834e989e003.jpg\" \/><br \/>\n        <\/section>\n<\/p><\/div>\n<\/section>\n","protected":false},"excerpt":{"rendered":"<p>ADAPTER DO OTWORNIC BIMETALOWYCH\u00a0 32-168 mm HEX Dane techniczne: Materia\u0142: stal Typ mocowanie: HEX \u015arednica otwornicy: 32-168 mm Adapter z wiert\u0142em prowadz\u0105cym odpowiedni do wsp\u00f3\u0142pracy z otwornicami BiMetalowymi o \u015brednicy 32-168 mm. Adapter wyposa\u017cony jest w ko\u0144c\u00f3wk\u0119 HEX przeznaczon\u0105 do monta\u017cu w wiertarkach podczas wiercenia w metalach, drewnie lub tworzywach. Standardowa ko\u0144c\u00f3wka sprawia, \u017ce adapter<br \/><a class=\"more-link\" href=\"https:\/\/bobimarket.pl\/index.php\/produkt\/adapter-do-otwornic-bimetalowych-32-168-mm-hex\/\"><br \/>\n        Czytaj wi\u0119cej<span class=\"screen-reader-text\"> &#8222;ADAPTER DO OTWORNIC BIMETALOWYCH 32-168 mm HEX&#8221;<\/span><\/a><\/p>\n","protected":false},"featured_media":80413,"template":"","meta":[],"product_cat":[8107],"product_tag":[],"yoast_head":"<!-- This site is optimized with the Yoast SEO plugin v21.0 - https:\/\/yoast.com\/wordpress\/plugins\/seo\/ -->\n<title>ADAPTER DO OTWORNIC BIMETALOWYCH 32-168 mm HEX - BOBIMARKET.pl - Remontuj i urz\u0105dzaj z nami<\/title>\n<meta name=\"robots\" content=\"index, follow, max-snippet:-1, max-image-preview:large, max-video-preview:-1\" \/>\n<link rel=\"canonical\" href=\"https:\/\/bobimarket.pl\/index.php\/produkt\/adapter-do-otwornic-bimetalowych-32-168-mm-hex\/\" \/>\n<meta property=\"og:locale\" content=\"pl_PL\" \/>\n<meta property=\"og:type\" content=\"article\" \/>\n<meta property=\"og:title\" content=\"ADAPTER DO OTWORNIC BIMETALOWYCH 32-168 mm HEX - BOBIMARKET.pl - Remontuj i urz\u0105dzaj z nami\" \/>\n<meta property=\"og:description\" content=\"ADAPTER DO OTWORNIC BIMETALOWYCH\u00a0 32-168 mm HEX Dane techniczne: Materia\u0142: stal Typ mocowanie: HEX \u015arednica otwornicy: 32-168 mm Adapter z wiert\u0142em prowadz\u0105cym odpowiedni do wsp\u00f3\u0142pracy z otwornicami BiMetalowymi o \u015brednicy 32-168 mm. Adapter wyposa\u017cony jest w ko\u0144c\u00f3wk\u0119 HEX przeznaczon\u0105 do monta\u017cu w wiertarkach podczas wiercenia w metalach, drewnie lub tworzywach. Standardowa ko\u0144c\u00f3wka sprawia, \u017ce adapter     Czytaj wi\u0119cej &quot;ADAPTER DO OTWORNIC BIMETALOWYCH 32-168 mm HEX&quot;\" \/>\n<meta property=\"og:url\" content=\"https:\/\/bobimarket.pl\/index.php\/produkt\/adapter-do-otwornic-bimetalowych-32-168-mm-hex\/\" \/>\n<meta property=\"og:site_name\" content=\"BOBIMARKET.pl - Remontuj i urz\u0105dzaj z nami\" \/>\n<meta property=\"article:modified_time\" content=\"2025-02-27T13:30:30+00:00\" \/>\n<meta property=\"og:image\" content=\"https:\/\/upload.cdn.baselinker.com\/products\/14476\/814e4f20983b6d3853e239d8a50e0f01.jpg\" \/>\n<meta name=\"twitter:card\" content=\"summary_large_image\" \/>\n<script type=\"application\/ld+json\" class=\"yoast-schema-graph\">{\"@context\":\"https:\/\/schema.org\",\"@graph\":[{\"@type\":\"WebPage\",\"@id\":\"https:\/\/bobimarket.pl\/index.php\/produkt\/adapter-do-otwornic-bimetalowych-32-168-mm-hex\/\",\"url\":\"https:\/\/bobimarket.pl\/index.php\/produkt\/adapter-do-otwornic-bimetalowych-32-168-mm-hex\/\",\"name\":\"ADAPTER DO OTWORNIC BIMETALOWYCH 32-168 mm HEX - BOBIMARKET.pl - Remontuj i urz\u0105dzaj z nami\",\"isPartOf\":{\"@id\":\"https:\/\/bobimarket.pl\/#website\"},\"datePublished\":\"2023-08-29T15:29:38+00:00\",\"dateModified\":\"2025-02-27T13:30:30+00:00\",\"breadcrumb\":{\"@id\":\"https:\/\/bobimarket.pl\/index.php\/produkt\/adapter-do-otwornic-bimetalowych-32-168-mm-hex\/#breadcrumb\"},\"inLanguage\":\"pl-PL\",\"potentialAction\":[{\"@type\":\"ReadAction\",\"target\":[\"https:\/\/bobimarket.pl\/index.php\/produkt\/adapter-do-otwornic-bimetalowych-32-168-mm-hex\/\"]}]},{\"@type\":\"BreadcrumbList\",\"@id\":\"https:\/\/bobimarket.pl\/index.php\/produkt\/adapter-do-otwornic-bimetalowych-32-168-mm-hex\/#breadcrumb\",\"itemListElement\":[{\"@type\":\"ListItem\",\"position\":1,\"name\":\"Strona g\u0142\u00f3wna\",\"item\":\"https:\/\/bobimarket.pl\/\"},{\"@type\":\"ListItem\",\"position\":2,\"name\":\"Sklep\",\"item\":\"https:\/\/bobimarket.pl\/index.php\/shop\/\"},{\"@type\":\"ListItem\",\"position\":3,\"name\":\"ADAPTER DO OTWORNIC BIMETALOWYCH 32-168 mm HEX\"}]},{\"@type\":\"WebSite\",\"@id\":\"https:\/\/bobimarket.pl\/#website\",\"url\":\"https:\/\/bobimarket.pl\/\",\"name\":\"BOBIMARKET.pl - Remontuj i urz\u0105dzaj z nami\",\"description\":\"Remontuj i urz\u0105dzaj z nami\",\"publisher\":{\"@id\":\"https:\/\/bobimarket.pl\/#organization\"},\"potentialAction\":[{\"@type\":\"SearchAction\",\"target\":{\"@type\":\"EntryPoint\",\"urlTemplate\":\"https:\/\/bobimarket.pl\/?s={search_term_string}\"},\"query-input\":\"required name=search_term_string\"}],\"inLanguage\":\"pl-PL\"},{\"@type\":\"Organization\",\"@id\":\"https:\/\/bobimarket.pl\/#organization\",\"name\":\"BOBIMARKET.pl\",\"url\":\"https:\/\/bobimarket.pl\/\",\"logo\":{\"@type\":\"ImageObject\",\"inLanguage\":\"pl-PL\",\"@id\":\"https:\/\/bobimarket.pl\/#\/schema\/logo\/image\/\",\"url\":\"https:\/\/bobimarket.pl\/wp-content\/uploads\/2021\/11\/slogan.png\",\"contentUrl\":\"https:\/\/bobimarket.pl\/wp-content\/uploads\/2021\/11\/slogan.png\",\"width\":2000,\"height\":384,\"caption\":\"BOBIMARKET.pl\"},\"image\":{\"@id\":\"https:\/\/bobimarket.pl\/#\/schema\/logo\/image\/\"}}]}<\/script>\n<!-- \/ Yoast SEO plugin. -->","yoast_head_json":{"title":"ADAPTER DO OTWORNIC BIMETALOWYCH 32-168 mm HEX - BOBIMARKET.pl - Remontuj i urz\u0105dzaj z nami","robots":{"index":"index","follow":"follow","max-snippet":"max-snippet:-1","max-image-preview":"max-image-preview:large","max-video-preview":"max-video-preview:-1"},"canonical":"https:\/\/bobimarket.pl\/index.php\/produkt\/adapter-do-otwornic-bimetalowych-32-168-mm-hex\/","og_locale":"pl_PL","og_type":"article","og_title":"ADAPTER DO OTWORNIC BIMETALOWYCH 32-168 mm HEX - BOBIMARKET.pl - Remontuj i urz\u0105dzaj z nami","og_description":"ADAPTER DO OTWORNIC BIMETALOWYCH\u00a0 32-168 mm HEX Dane techniczne: Materia\u0142: stal Typ mocowanie: HEX \u015arednica otwornicy: 32-168 mm Adapter z wiert\u0142em prowadz\u0105cym odpowiedni do wsp\u00f3\u0142pracy z otwornicami BiMetalowymi o \u015brednicy 32-168 mm. Adapter wyposa\u017cony jest w ko\u0144c\u00f3wk\u0119 HEX przeznaczon\u0105 do monta\u017cu w wiertarkach podczas wiercenia w metalach, drewnie lub tworzywach. Standardowa ko\u0144c\u00f3wka sprawia, \u017ce adapter     Czytaj wi\u0119cej \"ADAPTER DO OTWORNIC BIMETALOWYCH 32-168 mm HEX\"","og_url":"https:\/\/bobimarket.pl\/index.php\/produkt\/adapter-do-otwornic-bimetalowych-32-168-mm-hex\/","og_site_name":"BOBIMARKET.pl - Remontuj i urz\u0105dzaj z nami","article_modified_time":"2025-02-27T13:30:30+00:00","og_image":[{"url":"https:\/\/upload.cdn.baselinker.com\/products\/14476\/814e4f20983b6d3853e239d8a50e0f01.jpg"}],"twitter_card":"summary_large_image","schema":{"@context":"https:\/\/schema.org","@graph":[{"@type":"WebPage","@id":"https:\/\/bobimarket.pl\/index.php\/produkt\/adapter-do-otwornic-bimetalowych-32-168-mm-hex\/","url":"https:\/\/bobimarket.pl\/index.php\/produkt\/adapter-do-otwornic-bimetalowych-32-168-mm-hex\/","name":"ADAPTER DO OTWORNIC BIMETALOWYCH 32-168 mm HEX - BOBIMARKET.pl - Remontuj i urz\u0105dzaj z nami","isPartOf":{"@id":"https:\/\/bobimarket.pl\/#website"},"datePublished":"2023-08-29T15:29:38+00:00","dateModified":"2025-02-27T13:30:30+00:00","breadcrumb":{"@id":"https:\/\/bobimarket.pl\/index.php\/produkt\/adapter-do-otwornic-bimetalowych-32-168-mm-hex\/#breadcrumb"},"inLanguage":"pl-PL","potentialAction":[{"@type":"ReadAction","target":["https:\/\/bobimarket.pl\/index.php\/produkt\/adapter-do-otwornic-bimetalowych-32-168-mm-hex\/"]}]},{"@type":"BreadcrumbList","@id":"https:\/\/bobimarket.pl\/index.php\/produkt\/adapter-do-otwornic-bimetalowych-32-168-mm-hex\/#breadcrumb","itemListElement":[{"@type":"ListItem","position":1,"name":"Strona g\u0142\u00f3wna","item":"https:\/\/bobimarket.pl\/"},{"@type":"ListItem","position":2,"name":"Sklep","item":"https:\/\/bobimarket.pl\/index.php\/shop\/"},{"@type":"ListItem","position":3,"name":"ADAPTER DO OTWORNIC BIMETALOWYCH 32-168 mm HEX"}]},{"@type":"WebSite","@id":"https:\/\/bobimarket.pl\/#website","url":"https:\/\/bobimarket.pl\/","name":"BOBIMARKET.pl - Remontuj i urz\u0105dzaj z nami","description":"Remontuj i urz\u0105dzaj z nami","publisher":{"@id":"https:\/\/bobimarket.pl\/#organization"},"potentialAction":[{"@type":"SearchAction","target":{"@type":"EntryPoint","urlTemplate":"https:\/\/bobimarket.pl\/?s={search_term_string}"},"query-input":"required name=search_term_string"}],"inLanguage":"pl-PL"},{"@type":"Organization","@id":"https:\/\/bobimarket.pl\/#organization","name":"BOBIMARKET.pl","url":"https:\/\/bobimarket.pl\/","logo":{"@type":"ImageObject","inLanguage":"pl-PL","@id":"https:\/\/bobimarket.pl\/#\/schema\/logo\/image\/","url":"https:\/\/bobimarket.pl\/wp-content\/uploads\/2021\/11\/slogan.png","contentUrl":"https:\/\/bobimarket.pl\/wp-content\/uploads\/2021\/11\/slogan.png","width":2000,"height":384,"caption":"BOBIMARKET.pl"},"image":{"@id":"https:\/\/bobimarket.pl\/#\/schema\/logo\/image\/"}}]}},"_links":{"self":[{"href":"https:\/\/bobimarket.pl\/index.php\/wp-json\/wp\/v2\/product\/80420"}],"collection":[{"href":"https:\/\/bobimarket.pl\/index.php\/wp-json\/wp\/v2\/product"}],"about":[{"href":"https:\/\/bobimarket.pl\/index.php\/wp-json\/wp\/v2\/types\/product"}],"wp:featuredmedia":[{"embeddable":true,"href":"https:\/\/bobimarket.pl\/index.php\/wp-json\/wp\/v2\/media\/80413"}],"wp:attachment":[{"href":"https:\/\/bobimarket.pl\/index.php\/wp-json\/wp\/v2\/media?parent=80420"}],"wp:term":[{"taxonomy":"product_cat","embeddable":true,"href":"https:\/\/bobimarket.pl\/index.php\/wp-json\/wp\/v2\/product_cat?post=80420"},{"taxonomy":"product_tag","embeddable":true,"href":"https:\/\/bobimarket.pl\/index.php\/wp-json\/wp\/v2\/product_tag?post=80420"}],"curies":[{"name":"wp","href":"https:\/\/api.w.org\/{rel}","templated":true}]}}