{"id":80477,"date":"2023-08-29T15:34:02","date_gmt":"2023-08-29T15:34:02","guid":{"rendered":"https:\/\/bobimarket.pl\/index.php\/produkt\/pedzel-okragly-50-mm-malarski-pierscieniowy\/"},"modified":"2025-02-27T13:31:12","modified_gmt":"2025-02-27T13:31:12","slug":"pedzel-okragly-50-mm-malarski-pierscieniowy","status":"publish","type":"product","link":"https:\/\/bobimarket.pl\/index.php\/produkt\/pedzel-okragly-50-mm-malarski-pierscieniowy\/","title":{"rendered":"P\u0118DZEL OKR\u0104G\u0141Y 50 MM MALARSKI PIER\u015aCIENIOWY"},"content":{"rendered":"<section class=\"section\">\n<div class=\"item item-12\">\n<section class=\"text-item\">\n<h2>P\u0118DZEL OKR\u0104G\u0141Y 50 MM MALARSKI PIER\u015aCIENIOWY<\/h2>\n<p><b>Dane techniczne:<\/b><\/p>\n<ul>\n<li>Rozmiar \u015brednicy: <b>50 mm<\/b><\/li>\n<li>Uchwyt: <b>drewniany<\/b><\/li>\n<li>W\u0142osie: <b>g\u0119ste, z naturalnej\u00a0 szczeciny<\/b><\/li>\n<li>PRODUKT POLSKI<\/li>\n<\/ul>\n<p>Okr\u0105g\u0142y p\u0119dzel o<b> \u015brednicy 50 mm<\/b>. Posiada drewniany uchwyt. W\u0142osie wykonano z g\u0119stej naturalnej szczeciny. P\u0119dzel wyprodukowano w Polsce.<\/p>\n<\/section><\/div>\n<\/section>\n<section class=\"section\">\n<div class=\"item item-12\">\n<section class=\"image-item\">\n            <img decoding=\"async\" src=\"https:\/\/upload.cdn.baselinker.com\/products\/14476\/271dcf59e0f1186749ac497f30c94d40.jpg\" \/><br \/>\n        <\/section>\n<\/p><\/div>\n<\/section>\n<section class=\"section\">\n<div class=\"item item-12\">\n<section class=\"text-item\">\n<p><b>\u2705 <\/b><b>ZASTOSOWANIE:<\/b><\/p>\n<p>Produkt jest przystosowany do aplikacji wszystkich rodzaj\u00f3w farb, dzi\u0119ki czemu posiada <b>uniwersalne zastosowanie.<\/b><\/p>\n<ul>\n<li>Mo\u017cna go czy\u015bci\u0107 za pomoc\u0105 rozpuszczalnik\u00f3w, co sprawia, \u017ce sprz\u0105tanie po zako\u0144czeniu prac przebiega komfortowo.<\/li>\n<li>Sprawdzi si\u0119 podczas wszelkich prac malarskich.<\/li>\n<li>Idealny dla profesjonalist\u00f3w i amator\u00f3w.<\/li>\n<\/ul>\n<p><b>Sprawd\u017a r\u00f3wnie\u017c inne p\u0119dzle dost\u0119pne w naszym sklepie.<\/b><\/p>\n<\/section><\/div>\n<\/section>\n<section class=\"section\">\n<div class=\"item item-12\">\n<section class=\"image-item\">\n            <img decoding=\"async\" src=\"https:\/\/upload.cdn.baselinker.com\/products\/14476\/107332f4e24911d2314bbfeae95647b8.jpg\" \/><br \/>\n        <\/section>\n<\/p><\/div>\n<\/section>\n","protected":false},"excerpt":{"rendered":"<p>P\u0118DZEL OKR\u0104G\u0141Y 50 MM MALARSKI PIER\u015aCIENIOWY Dane techniczne: Rozmiar \u015brednicy: 50 mm Uchwyt: drewniany W\u0142osie: g\u0119ste, z naturalnej\u00a0 szczeciny PRODUKT POLSKI Okr\u0105g\u0142y p\u0119dzel o \u015brednicy 50 mm. Posiada drewniany uchwyt. W\u0142osie wykonano z g\u0119stej naturalnej szczeciny. P\u0119dzel wyprodukowano w Polsce. \u2705 ZASTOSOWANIE: Produkt jest przystosowany do aplikacji wszystkich rodzaj\u00f3w farb, dzi\u0119ki czemu posiada uniwersalne zastosowanie.<br \/><a class=\"more-link\" href=\"https:\/\/bobimarket.pl\/index.php\/produkt\/pedzel-okragly-50-mm-malarski-pierscieniowy\/\"><br \/>\n        Czytaj wi\u0119cej<span class=\"screen-reader-text\"> &#8222;P\u0118DZEL OKR\u0104G\u0141Y 50 MM MALARSKI PIER\u015aCIENIOWY&#8221;<\/span><\/a><\/p>\n","protected":false},"featured_media":80474,"template":"","meta":[],"product_cat":[8132],"product_tag":[],"yoast_head":"<!-- This site is optimized with the Yoast SEO plugin v21.0 - https:\/\/yoast.com\/wordpress\/plugins\/seo\/ -->\n<title>P\u0118DZEL OKR\u0104G\u0141Y 50 MM MALARSKI PIER\u015aCIENIOWY - BOBIMARKET.pl - Remontuj i urz\u0105dzaj z nami<\/title>\n<meta name=\"robots\" content=\"index, follow, max-snippet:-1, max-image-preview:large, max-video-preview:-1\" \/>\n<link rel=\"canonical\" href=\"https:\/\/bobimarket.pl\/index.php\/produkt\/pedzel-okragly-50-mm-malarski-pierscieniowy\/\" \/>\n<meta property=\"og:locale\" content=\"pl_PL\" \/>\n<meta property=\"og:type\" content=\"article\" \/>\n<meta property=\"og:title\" content=\"P\u0118DZEL OKR\u0104G\u0141Y 50 MM MALARSKI PIER\u015aCIENIOWY - BOBIMARKET.pl - Remontuj i urz\u0105dzaj z nami\" \/>\n<meta property=\"og:description\" content=\"P\u0118DZEL OKR\u0104G\u0141Y 50 MM MALARSKI PIER\u015aCIENIOWY Dane techniczne: Rozmiar \u015brednicy: 50 mm Uchwyt: drewniany W\u0142osie: g\u0119ste, z naturalnej\u00a0 szczeciny PRODUKT POLSKI Okr\u0105g\u0142y p\u0119dzel o \u015brednicy 50 mm. Posiada drewniany uchwyt. W\u0142osie wykonano z g\u0119stej naturalnej szczeciny. P\u0119dzel wyprodukowano w Polsce. \u2705 ZASTOSOWANIE: Produkt jest przystosowany do aplikacji wszystkich rodzaj\u00f3w farb, dzi\u0119ki czemu posiada uniwersalne zastosowanie.     Czytaj wi\u0119cej &quot;P\u0118DZEL OKR\u0104G\u0141Y 50 MM MALARSKI PIER\u015aCIENIOWY&quot;\" \/>\n<meta property=\"og:url\" content=\"https:\/\/bobimarket.pl\/index.php\/produkt\/pedzel-okragly-50-mm-malarski-pierscieniowy\/\" \/>\n<meta property=\"og:site_name\" content=\"BOBIMARKET.pl - Remontuj i urz\u0105dzaj z nami\" \/>\n<meta property=\"article:modified_time\" content=\"2025-02-27T13:31:12+00:00\" \/>\n<meta property=\"og:image\" content=\"https:\/\/upload.cdn.baselinker.com\/products\/14476\/271dcf59e0f1186749ac497f30c94d40.jpg\" \/>\n<meta name=\"twitter:card\" content=\"summary_large_image\" \/>\n<meta name=\"twitter:label1\" content=\"Szacowany czas czytania\" \/>\n\t<meta name=\"twitter:data1\" content=\"1 minuta\" \/>\n<script type=\"application\/ld+json\" class=\"yoast-schema-graph\">{\"@context\":\"https:\/\/schema.org\",\"@graph\":[{\"@type\":\"WebPage\",\"@id\":\"https:\/\/bobimarket.pl\/index.php\/produkt\/pedzel-okragly-50-mm-malarski-pierscieniowy\/\",\"url\":\"https:\/\/bobimarket.pl\/index.php\/produkt\/pedzel-okragly-50-mm-malarski-pierscieniowy\/\",\"name\":\"P\u0118DZEL OKR\u0104G\u0141Y 50 MM MALARSKI PIER\u015aCIENIOWY - BOBIMARKET.pl - Remontuj i urz\u0105dzaj z nami\",\"isPartOf\":{\"@id\":\"https:\/\/bobimarket.pl\/#website\"},\"datePublished\":\"2023-08-29T15:34:02+00:00\",\"dateModified\":\"2025-02-27T13:31:12+00:00\",\"breadcrumb\":{\"@id\":\"https:\/\/bobimarket.pl\/index.php\/produkt\/pedzel-okragly-50-mm-malarski-pierscieniowy\/#breadcrumb\"},\"inLanguage\":\"pl-PL\",\"potentialAction\":[{\"@type\":\"ReadAction\",\"target\":[\"https:\/\/bobimarket.pl\/index.php\/produkt\/pedzel-okragly-50-mm-malarski-pierscieniowy\/\"]}]},{\"@type\":\"BreadcrumbList\",\"@id\":\"https:\/\/bobimarket.pl\/index.php\/produkt\/pedzel-okragly-50-mm-malarski-pierscieniowy\/#breadcrumb\",\"itemListElement\":[{\"@type\":\"ListItem\",\"position\":1,\"name\":\"Strona g\u0142\u00f3wna\",\"item\":\"https:\/\/bobimarket.pl\/\"},{\"@type\":\"ListItem\",\"position\":2,\"name\":\"Sklep\",\"item\":\"https:\/\/bobimarket.pl\/index.php\/shop\/\"},{\"@type\":\"ListItem\",\"position\":3,\"name\":\"P\u0118DZEL OKR\u0104G\u0141Y 50 MM MALARSKI PIER\u015aCIENIOWY\"}]},{\"@type\":\"WebSite\",\"@id\":\"https:\/\/bobimarket.pl\/#website\",\"url\":\"https:\/\/bobimarket.pl\/\",\"name\":\"BOBIMARKET.pl - Remontuj i urz\u0105dzaj z nami\",\"description\":\"Remontuj i urz\u0105dzaj z nami\",\"publisher\":{\"@id\":\"https:\/\/bobimarket.pl\/#organization\"},\"potentialAction\":[{\"@type\":\"SearchAction\",\"target\":{\"@type\":\"EntryPoint\",\"urlTemplate\":\"https:\/\/bobimarket.pl\/?s={search_term_string}\"},\"query-input\":\"required name=search_term_string\"}],\"inLanguage\":\"pl-PL\"},{\"@type\":\"Organization\",\"@id\":\"https:\/\/bobimarket.pl\/#organization\",\"name\":\"BOBIMARKET.pl\",\"url\":\"https:\/\/bobimarket.pl\/\",\"logo\":{\"@type\":\"ImageObject\",\"inLanguage\":\"pl-PL\",\"@id\":\"https:\/\/bobimarket.pl\/#\/schema\/logo\/image\/\",\"url\":\"https:\/\/bobimarket.pl\/wp-content\/uploads\/2021\/11\/slogan.png\",\"contentUrl\":\"https:\/\/bobimarket.pl\/wp-content\/uploads\/2021\/11\/slogan.png\",\"width\":2000,\"height\":384,\"caption\":\"BOBIMARKET.pl\"},\"image\":{\"@id\":\"https:\/\/bobimarket.pl\/#\/schema\/logo\/image\/\"}}]}<\/script>\n<!-- \/ Yoast SEO plugin. -->","yoast_head_json":{"title":"P\u0118DZEL OKR\u0104G\u0141Y 50 MM MALARSKI PIER\u015aCIENIOWY - BOBIMARKET.pl - Remontuj i urz\u0105dzaj z nami","robots":{"index":"index","follow":"follow","max-snippet":"max-snippet:-1","max-image-preview":"max-image-preview:large","max-video-preview":"max-video-preview:-1"},"canonical":"https:\/\/bobimarket.pl\/index.php\/produkt\/pedzel-okragly-50-mm-malarski-pierscieniowy\/","og_locale":"pl_PL","og_type":"article","og_title":"P\u0118DZEL OKR\u0104G\u0141Y 50 MM MALARSKI PIER\u015aCIENIOWY - BOBIMARKET.pl - Remontuj i urz\u0105dzaj z nami","og_description":"P\u0118DZEL OKR\u0104G\u0141Y 50 MM MALARSKI PIER\u015aCIENIOWY Dane techniczne: Rozmiar \u015brednicy: 50 mm Uchwyt: drewniany W\u0142osie: g\u0119ste, z naturalnej\u00a0 szczeciny PRODUKT POLSKI Okr\u0105g\u0142y p\u0119dzel o \u015brednicy 50 mm. Posiada drewniany uchwyt. W\u0142osie wykonano z g\u0119stej naturalnej szczeciny. P\u0119dzel wyprodukowano w Polsce. \u2705 ZASTOSOWANIE: Produkt jest przystosowany do aplikacji wszystkich rodzaj\u00f3w farb, dzi\u0119ki czemu posiada uniwersalne zastosowanie.     Czytaj wi\u0119cej \"P\u0118DZEL OKR\u0104G\u0141Y 50 MM MALARSKI PIER\u015aCIENIOWY\"","og_url":"https:\/\/bobimarket.pl\/index.php\/produkt\/pedzel-okragly-50-mm-malarski-pierscieniowy\/","og_site_name":"BOBIMARKET.pl - Remontuj i urz\u0105dzaj z nami","article_modified_time":"2025-02-27T13:31:12+00:00","og_image":[{"url":"https:\/\/upload.cdn.baselinker.com\/products\/14476\/271dcf59e0f1186749ac497f30c94d40.jpg"}],"twitter_card":"summary_large_image","twitter_misc":{"Szacowany czas czytania":"1 minuta"},"schema":{"@context":"https:\/\/schema.org","@graph":[{"@type":"WebPage","@id":"https:\/\/bobimarket.pl\/index.php\/produkt\/pedzel-okragly-50-mm-malarski-pierscieniowy\/","url":"https:\/\/bobimarket.pl\/index.php\/produkt\/pedzel-okragly-50-mm-malarski-pierscieniowy\/","name":"P\u0118DZEL OKR\u0104G\u0141Y 50 MM MALARSKI PIER\u015aCIENIOWY - BOBIMARKET.pl - Remontuj i urz\u0105dzaj z nami","isPartOf":{"@id":"https:\/\/bobimarket.pl\/#website"},"datePublished":"2023-08-29T15:34:02+00:00","dateModified":"2025-02-27T13:31:12+00:00","breadcrumb":{"@id":"https:\/\/bobimarket.pl\/index.php\/produkt\/pedzel-okragly-50-mm-malarski-pierscieniowy\/#breadcrumb"},"inLanguage":"pl-PL","potentialAction":[{"@type":"ReadAction","target":["https:\/\/bobimarket.pl\/index.php\/produkt\/pedzel-okragly-50-mm-malarski-pierscieniowy\/"]}]},{"@type":"BreadcrumbList","@id":"https:\/\/bobimarket.pl\/index.php\/produkt\/pedzel-okragly-50-mm-malarski-pierscieniowy\/#breadcrumb","itemListElement":[{"@type":"ListItem","position":1,"name":"Strona g\u0142\u00f3wna","item":"https:\/\/bobimarket.pl\/"},{"@type":"ListItem","position":2,"name":"Sklep","item":"https:\/\/bobimarket.pl\/index.php\/shop\/"},{"@type":"ListItem","position":3,"name":"P\u0118DZEL OKR\u0104G\u0141Y 50 MM MALARSKI PIER\u015aCIENIOWY"}]},{"@type":"WebSite","@id":"https:\/\/bobimarket.pl\/#website","url":"https:\/\/bobimarket.pl\/","name":"BOBIMARKET.pl - Remontuj i urz\u0105dzaj z nami","description":"Remontuj i urz\u0105dzaj z nami","publisher":{"@id":"https:\/\/bobimarket.pl\/#organization"},"potentialAction":[{"@type":"SearchAction","target":{"@type":"EntryPoint","urlTemplate":"https:\/\/bobimarket.pl\/?s={search_term_string}"},"query-input":"required name=search_term_string"}],"inLanguage":"pl-PL"},{"@type":"Organization","@id":"https:\/\/bobimarket.pl\/#organization","name":"BOBIMARKET.pl","url":"https:\/\/bobimarket.pl\/","logo":{"@type":"ImageObject","inLanguage":"pl-PL","@id":"https:\/\/bobimarket.pl\/#\/schema\/logo\/image\/","url":"https:\/\/bobimarket.pl\/wp-content\/uploads\/2021\/11\/slogan.png","contentUrl":"https:\/\/bobimarket.pl\/wp-content\/uploads\/2021\/11\/slogan.png","width":2000,"height":384,"caption":"BOBIMARKET.pl"},"image":{"@id":"https:\/\/bobimarket.pl\/#\/schema\/logo\/image\/"}}]}},"_links":{"self":[{"href":"https:\/\/bobimarket.pl\/index.php\/wp-json\/wp\/v2\/product\/80477"}],"collection":[{"href":"https:\/\/bobimarket.pl\/index.php\/wp-json\/wp\/v2\/product"}],"about":[{"href":"https:\/\/bobimarket.pl\/index.php\/wp-json\/wp\/v2\/types\/product"}],"wp:featuredmedia":[{"embeddable":true,"href":"https:\/\/bobimarket.pl\/index.php\/wp-json\/wp\/v2\/media\/80474"}],"wp:attachment":[{"href":"https:\/\/bobimarket.pl\/index.php\/wp-json\/wp\/v2\/media?parent=80477"}],"wp:term":[{"taxonomy":"product_cat","embeddable":true,"href":"https:\/\/bobimarket.pl\/index.php\/wp-json\/wp\/v2\/product_cat?post=80477"},{"taxonomy":"product_tag","embeddable":true,"href":"https:\/\/bobimarket.pl\/index.php\/wp-json\/wp\/v2\/product_tag?post=80477"}],"curies":[{"name":"wp","href":"https:\/\/api.w.org\/{rel}","templated":true}]}}