{"id":80489,"date":"2023-08-29T15:34:53","date_gmt":"2023-08-29T15:34:53","guid":{"rendered":"https:\/\/bobimarket.pl\/index.php\/produkt\/pedzel-pedzle-okragly-zestaw-5-sztuk-pierscieniowy\/"},"modified":"2025-02-27T13:31:22","modified_gmt":"2025-02-27T13:31:22","slug":"pedzel-pedzle-okragly-zestaw-5-sztuk-pierscieniowy","status":"publish","type":"product","link":"https:\/\/bobimarket.pl\/index.php\/produkt\/pedzel-pedzle-okragly-zestaw-5-sztuk-pierscieniowy\/","title":{"rendered":"P\u0118DZEL P\u0118DZLE OKR\u0104G\u0141Y ZESTAW 5 SZTUK PIER\u015aCIENIOWY"},"content":{"rendered":"<section class=\"section\">\n<div class=\"item item-12\">\n<section class=\"text-item\">\n<h1>P\u0118DZEL P\u0118DZLE OKR\u0104G\u0141Y ZESTAW 5 SZTUK PIER\u015aCIENIOWY<\/h1>\n<p><b>Zestaw zawiera p\u0119dzle okr\u0105g\u0142e o \u015brednicy:<\/b><\/p>\n<ul>\n<li>20mm<\/li>\n<li>25mm<\/li>\n<li>30mm<\/li>\n<li>35mm<\/li>\n<li>40mm<\/li>\n<\/ul>\n<p><b>Dane techniczne:<\/b><\/p>\n<ul>\n<li>Uchwyt: <b>drewniany<\/b><\/li>\n<li>W\u0142osie: <b>g\u0119ste, z naturalnej szczeciny<\/b><\/li>\n<li>PRODUKT POLSKI<\/li>\n<\/ul>\n<\/section><\/div>\n<\/section>\n<section class=\"section\">\n<div class=\"item item-12\">\n<section class=\"image-item\">\n            <img decoding=\"async\" src=\"https:\/\/upload.cdn.baselinker.com\/products\/14476\/086076c291a6d2b1d757f2383d210cb6.jpg\" \/><br \/>\n        <\/section>\n<\/p><\/div>\n<\/section>\n<section class=\"section\">\n<div class=\"item item-12\">\n<section class=\"text-item\">\n<p>Zestaw okr\u0105g\u0142ych p\u0119dzli pier\u015bcieniowych. Komplet zawiera <b>5 szt. p\u0119dzli pier\u015bcieniowych<\/b><\/p>\n<p>P\u0119dzle posiadaj\u0105 por\u0119czn\u0105 drewnian\u0105 r\u0105czk\u0119 oraz <b>g\u0119ste w\u0142osie<\/b>, kt\u00f3re wyprodukowano <b>z naturalnej szczeciny<\/b>. Precyzyjne wykonanie i wysoka jako\u015b\u0107.<\/p>\n<p><b>\u2705 ZASTOSOWANIE:<\/b><\/p>\n<ul>\n<li>P\u0119dzle s\u0105 przystosowane do aplikacji wszystkich rodzaj\u00f3w farb, dzi\u0119ki czemu <b>posiadaj\u0105 uniwersalne zastosowanie<\/b>.<\/li>\n<li>Mo\u017cna je czy\u015bci\u0107 za pomoc\u0105 rozpuszczalnik\u00f3w, co sprawia, \u017ce sprz\u0105tanie po zako\u0144czeniu prac przebiega komfortowo.<\/li>\n<\/ul>\n<p><b>Sprawd\u017a r\u00f3wnie\u017c inne p\u0119dzle dost\u0119pne w naszym sklepie.<\/b><\/p>\n<\/section><\/div>\n<\/section>\n<section class=\"section\">\n<div class=\"item item-12\">\n<section class=\"image-item\">\n            <img decoding=\"async\" src=\"https:\/\/upload.cdn.baselinker.com\/products\/14476\/c3429c12da3064c9fc4213b8e68d8381.jpg\" \/><br \/>\n        <\/section>\n<\/p><\/div>\n<\/section>\n<section class=\"section\">\n<div class=\"item item-12\">\n<section class=\"image-item\">\n            <img decoding=\"async\" src=\"https:\/\/upload.cdn.baselinker.com\/products\/14476\/acb33d5184ff9f1d6ebce2ccb7d6f4cf.jpg\" \/><br \/>\n        <\/section>\n<\/p><\/div>\n<\/section>\n","protected":false},"excerpt":{"rendered":"<p>P\u0118DZEL P\u0118DZLE OKR\u0104G\u0141Y ZESTAW 5 SZTUK PIER\u015aCIENIOWY Zestaw zawiera p\u0119dzle okr\u0105g\u0142e o \u015brednicy: 20mm 25mm 30mm 35mm 40mm Dane techniczne: Uchwyt: drewniany W\u0142osie: g\u0119ste, z naturalnej szczeciny PRODUKT POLSKI Zestaw okr\u0105g\u0142ych p\u0119dzli pier\u015bcieniowych. Komplet zawiera 5 szt. p\u0119dzli pier\u015bcieniowych P\u0119dzle posiadaj\u0105 por\u0119czn\u0105 drewnian\u0105 r\u0105czk\u0119 oraz g\u0119ste w\u0142osie, kt\u00f3re wyprodukowano z naturalnej szczeciny. Precyzyjne wykonanie i<br \/><a class=\"more-link\" href=\"https:\/\/bobimarket.pl\/index.php\/produkt\/pedzel-pedzle-okragly-zestaw-5-sztuk-pierscieniowy\/\"><br \/>\n        Czytaj wi\u0119cej<span class=\"screen-reader-text\"> &#8222;P\u0118DZEL P\u0118DZLE OKR\u0104G\u0141Y ZESTAW 5 SZTUK PIER\u015aCIENIOWY&#8221;<\/span><\/a><\/p>\n","protected":false},"featured_media":80478,"template":"","meta":[],"product_cat":[8132],"product_tag":[],"yoast_head":"<!-- This site is optimized with the Yoast SEO plugin v21.0 - https:\/\/yoast.com\/wordpress\/plugins\/seo\/ -->\n<title>P\u0118DZEL P\u0118DZLE OKR\u0104G\u0141Y ZESTAW 5 SZTUK PIER\u015aCIENIOWY - BOBIMARKET.pl - Remontuj i urz\u0105dzaj z nami<\/title>\n<meta name=\"robots\" content=\"index, follow, max-snippet:-1, max-image-preview:large, max-video-preview:-1\" \/>\n<link rel=\"canonical\" href=\"https:\/\/bobimarket.pl\/index.php\/produkt\/pedzel-pedzle-okragly-zestaw-5-sztuk-pierscieniowy\/\" \/>\n<meta property=\"og:locale\" content=\"pl_PL\" \/>\n<meta property=\"og:type\" content=\"article\" \/>\n<meta property=\"og:title\" content=\"P\u0118DZEL P\u0118DZLE OKR\u0104G\u0141Y ZESTAW 5 SZTUK PIER\u015aCIENIOWY - BOBIMARKET.pl - Remontuj i urz\u0105dzaj z nami\" \/>\n<meta property=\"og:description\" content=\"P\u0118DZEL P\u0118DZLE OKR\u0104G\u0141Y ZESTAW 5 SZTUK PIER\u015aCIENIOWY Zestaw zawiera p\u0119dzle okr\u0105g\u0142e o \u015brednicy: 20mm 25mm 30mm 35mm 40mm Dane techniczne: Uchwyt: drewniany W\u0142osie: g\u0119ste, z naturalnej szczeciny PRODUKT POLSKI Zestaw okr\u0105g\u0142ych p\u0119dzli pier\u015bcieniowych. Komplet zawiera 5 szt. p\u0119dzli pier\u015bcieniowych P\u0119dzle posiadaj\u0105 por\u0119czn\u0105 drewnian\u0105 r\u0105czk\u0119 oraz g\u0119ste w\u0142osie, kt\u00f3re wyprodukowano z naturalnej szczeciny. Precyzyjne wykonanie i     Czytaj wi\u0119cej &quot;P\u0118DZEL P\u0118DZLE OKR\u0104G\u0141Y ZESTAW 5 SZTUK PIER\u015aCIENIOWY&quot;\" \/>\n<meta property=\"og:url\" content=\"https:\/\/bobimarket.pl\/index.php\/produkt\/pedzel-pedzle-okragly-zestaw-5-sztuk-pierscieniowy\/\" \/>\n<meta property=\"og:site_name\" content=\"BOBIMARKET.pl - Remontuj i urz\u0105dzaj z nami\" \/>\n<meta property=\"article:modified_time\" content=\"2025-02-27T13:31:22+00:00\" \/>\n<meta property=\"og:image\" content=\"https:\/\/upload.cdn.baselinker.com\/products\/14476\/086076c291a6d2b1d757f2383d210cb6.jpg\" \/>\n<meta name=\"twitter:card\" content=\"summary_large_image\" \/>\n<meta name=\"twitter:label1\" content=\"Szacowany czas czytania\" \/>\n\t<meta name=\"twitter:data1\" content=\"1 minuta\" \/>\n<script type=\"application\/ld+json\" class=\"yoast-schema-graph\">{\"@context\":\"https:\/\/schema.org\",\"@graph\":[{\"@type\":\"WebPage\",\"@id\":\"https:\/\/bobimarket.pl\/index.php\/produkt\/pedzel-pedzle-okragly-zestaw-5-sztuk-pierscieniowy\/\",\"url\":\"https:\/\/bobimarket.pl\/index.php\/produkt\/pedzel-pedzle-okragly-zestaw-5-sztuk-pierscieniowy\/\",\"name\":\"P\u0118DZEL P\u0118DZLE OKR\u0104G\u0141Y ZESTAW 5 SZTUK PIER\u015aCIENIOWY - BOBIMARKET.pl - Remontuj i urz\u0105dzaj z nami\",\"isPartOf\":{\"@id\":\"https:\/\/bobimarket.pl\/#website\"},\"datePublished\":\"2023-08-29T15:34:53+00:00\",\"dateModified\":\"2025-02-27T13:31:22+00:00\",\"breadcrumb\":{\"@id\":\"https:\/\/bobimarket.pl\/index.php\/produkt\/pedzel-pedzle-okragly-zestaw-5-sztuk-pierscieniowy\/#breadcrumb\"},\"inLanguage\":\"pl-PL\",\"potentialAction\":[{\"@type\":\"ReadAction\",\"target\":[\"https:\/\/bobimarket.pl\/index.php\/produkt\/pedzel-pedzle-okragly-zestaw-5-sztuk-pierscieniowy\/\"]}]},{\"@type\":\"BreadcrumbList\",\"@id\":\"https:\/\/bobimarket.pl\/index.php\/produkt\/pedzel-pedzle-okragly-zestaw-5-sztuk-pierscieniowy\/#breadcrumb\",\"itemListElement\":[{\"@type\":\"ListItem\",\"position\":1,\"name\":\"Strona g\u0142\u00f3wna\",\"item\":\"https:\/\/bobimarket.pl\/\"},{\"@type\":\"ListItem\",\"position\":2,\"name\":\"Sklep\",\"item\":\"https:\/\/bobimarket.pl\/index.php\/shop\/\"},{\"@type\":\"ListItem\",\"position\":3,\"name\":\"P\u0118DZEL P\u0118DZLE OKR\u0104G\u0141Y ZESTAW 5 SZTUK PIER\u015aCIENIOWY\"}]},{\"@type\":\"WebSite\",\"@id\":\"https:\/\/bobimarket.pl\/#website\",\"url\":\"https:\/\/bobimarket.pl\/\",\"name\":\"BOBIMARKET.pl - Remontuj i urz\u0105dzaj z nami\",\"description\":\"Remontuj i urz\u0105dzaj z nami\",\"publisher\":{\"@id\":\"https:\/\/bobimarket.pl\/#organization\"},\"potentialAction\":[{\"@type\":\"SearchAction\",\"target\":{\"@type\":\"EntryPoint\",\"urlTemplate\":\"https:\/\/bobimarket.pl\/?s={search_term_string}\"},\"query-input\":\"required name=search_term_string\"}],\"inLanguage\":\"pl-PL\"},{\"@type\":\"Organization\",\"@id\":\"https:\/\/bobimarket.pl\/#organization\",\"name\":\"BOBIMARKET.pl\",\"url\":\"https:\/\/bobimarket.pl\/\",\"logo\":{\"@type\":\"ImageObject\",\"inLanguage\":\"pl-PL\",\"@id\":\"https:\/\/bobimarket.pl\/#\/schema\/logo\/image\/\",\"url\":\"https:\/\/bobimarket.pl\/wp-content\/uploads\/2021\/11\/slogan.png\",\"contentUrl\":\"https:\/\/bobimarket.pl\/wp-content\/uploads\/2021\/11\/slogan.png\",\"width\":2000,\"height\":384,\"caption\":\"BOBIMARKET.pl\"},\"image\":{\"@id\":\"https:\/\/bobimarket.pl\/#\/schema\/logo\/image\/\"}}]}<\/script>\n<!-- \/ Yoast SEO plugin. -->","yoast_head_json":{"title":"P\u0118DZEL P\u0118DZLE OKR\u0104G\u0141Y ZESTAW 5 SZTUK PIER\u015aCIENIOWY - BOBIMARKET.pl - Remontuj i urz\u0105dzaj z nami","robots":{"index":"index","follow":"follow","max-snippet":"max-snippet:-1","max-image-preview":"max-image-preview:large","max-video-preview":"max-video-preview:-1"},"canonical":"https:\/\/bobimarket.pl\/index.php\/produkt\/pedzel-pedzle-okragly-zestaw-5-sztuk-pierscieniowy\/","og_locale":"pl_PL","og_type":"article","og_title":"P\u0118DZEL P\u0118DZLE OKR\u0104G\u0141Y ZESTAW 5 SZTUK PIER\u015aCIENIOWY - BOBIMARKET.pl - Remontuj i urz\u0105dzaj z nami","og_description":"P\u0118DZEL P\u0118DZLE OKR\u0104G\u0141Y ZESTAW 5 SZTUK PIER\u015aCIENIOWY Zestaw zawiera p\u0119dzle okr\u0105g\u0142e o \u015brednicy: 20mm 25mm 30mm 35mm 40mm Dane techniczne: Uchwyt: drewniany W\u0142osie: g\u0119ste, z naturalnej szczeciny PRODUKT POLSKI Zestaw okr\u0105g\u0142ych p\u0119dzli pier\u015bcieniowych. Komplet zawiera 5 szt. p\u0119dzli pier\u015bcieniowych P\u0119dzle posiadaj\u0105 por\u0119czn\u0105 drewnian\u0105 r\u0105czk\u0119 oraz g\u0119ste w\u0142osie, kt\u00f3re wyprodukowano z naturalnej szczeciny. Precyzyjne wykonanie i     Czytaj wi\u0119cej \"P\u0118DZEL P\u0118DZLE OKR\u0104G\u0141Y ZESTAW 5 SZTUK PIER\u015aCIENIOWY\"","og_url":"https:\/\/bobimarket.pl\/index.php\/produkt\/pedzel-pedzle-okragly-zestaw-5-sztuk-pierscieniowy\/","og_site_name":"BOBIMARKET.pl - Remontuj i urz\u0105dzaj z nami","article_modified_time":"2025-02-27T13:31:22+00:00","og_image":[{"url":"https:\/\/upload.cdn.baselinker.com\/products\/14476\/086076c291a6d2b1d757f2383d210cb6.jpg"}],"twitter_card":"summary_large_image","twitter_misc":{"Szacowany czas czytania":"1 minuta"},"schema":{"@context":"https:\/\/schema.org","@graph":[{"@type":"WebPage","@id":"https:\/\/bobimarket.pl\/index.php\/produkt\/pedzel-pedzle-okragly-zestaw-5-sztuk-pierscieniowy\/","url":"https:\/\/bobimarket.pl\/index.php\/produkt\/pedzel-pedzle-okragly-zestaw-5-sztuk-pierscieniowy\/","name":"P\u0118DZEL P\u0118DZLE OKR\u0104G\u0141Y ZESTAW 5 SZTUK PIER\u015aCIENIOWY - BOBIMARKET.pl - Remontuj i urz\u0105dzaj z nami","isPartOf":{"@id":"https:\/\/bobimarket.pl\/#website"},"datePublished":"2023-08-29T15:34:53+00:00","dateModified":"2025-02-27T13:31:22+00:00","breadcrumb":{"@id":"https:\/\/bobimarket.pl\/index.php\/produkt\/pedzel-pedzle-okragly-zestaw-5-sztuk-pierscieniowy\/#breadcrumb"},"inLanguage":"pl-PL","potentialAction":[{"@type":"ReadAction","target":["https:\/\/bobimarket.pl\/index.php\/produkt\/pedzel-pedzle-okragly-zestaw-5-sztuk-pierscieniowy\/"]}]},{"@type":"BreadcrumbList","@id":"https:\/\/bobimarket.pl\/index.php\/produkt\/pedzel-pedzle-okragly-zestaw-5-sztuk-pierscieniowy\/#breadcrumb","itemListElement":[{"@type":"ListItem","position":1,"name":"Strona g\u0142\u00f3wna","item":"https:\/\/bobimarket.pl\/"},{"@type":"ListItem","position":2,"name":"Sklep","item":"https:\/\/bobimarket.pl\/index.php\/shop\/"},{"@type":"ListItem","position":3,"name":"P\u0118DZEL P\u0118DZLE OKR\u0104G\u0141Y ZESTAW 5 SZTUK PIER\u015aCIENIOWY"}]},{"@type":"WebSite","@id":"https:\/\/bobimarket.pl\/#website","url":"https:\/\/bobimarket.pl\/","name":"BOBIMARKET.pl - Remontuj i urz\u0105dzaj z nami","description":"Remontuj i urz\u0105dzaj z nami","publisher":{"@id":"https:\/\/bobimarket.pl\/#organization"},"potentialAction":[{"@type":"SearchAction","target":{"@type":"EntryPoint","urlTemplate":"https:\/\/bobimarket.pl\/?s={search_term_string}"},"query-input":"required name=search_term_string"}],"inLanguage":"pl-PL"},{"@type":"Organization","@id":"https:\/\/bobimarket.pl\/#organization","name":"BOBIMARKET.pl","url":"https:\/\/bobimarket.pl\/","logo":{"@type":"ImageObject","inLanguage":"pl-PL","@id":"https:\/\/bobimarket.pl\/#\/schema\/logo\/image\/","url":"https:\/\/bobimarket.pl\/wp-content\/uploads\/2021\/11\/slogan.png","contentUrl":"https:\/\/bobimarket.pl\/wp-content\/uploads\/2021\/11\/slogan.png","width":2000,"height":384,"caption":"BOBIMARKET.pl"},"image":{"@id":"https:\/\/bobimarket.pl\/#\/schema\/logo\/image\/"}}]}},"_links":{"self":[{"href":"https:\/\/bobimarket.pl\/index.php\/wp-json\/wp\/v2\/product\/80489"}],"collection":[{"href":"https:\/\/bobimarket.pl\/index.php\/wp-json\/wp\/v2\/product"}],"about":[{"href":"https:\/\/bobimarket.pl\/index.php\/wp-json\/wp\/v2\/types\/product"}],"wp:featuredmedia":[{"embeddable":true,"href":"https:\/\/bobimarket.pl\/index.php\/wp-json\/wp\/v2\/media\/80478"}],"wp:attachment":[{"href":"https:\/\/bobimarket.pl\/index.php\/wp-json\/wp\/v2\/media?parent=80489"}],"wp:term":[{"taxonomy":"product_cat","embeddable":true,"href":"https:\/\/bobimarket.pl\/index.php\/wp-json\/wp\/v2\/product_cat?post=80489"},{"taxonomy":"product_tag","embeddable":true,"href":"https:\/\/bobimarket.pl\/index.php\/wp-json\/wp\/v2\/product_tag?post=80489"}],"curies":[{"name":"wp","href":"https:\/\/api.w.org\/{rel}","templated":true}]}}